{"id":10802,"date":"2022-07-25T15:29:11","date_gmt":"2022-07-25T15:29:11","guid":{"rendered":"https:\/\/deveho2.sfdbeta.be\/sage-frp-1000\/"},"modified":"2022-12-05T11:52:13","modified_gmt":"2022-12-05T09:52:13","slug":"sage-frp-1000","status":"publish","type":"page","link":"https:\/\/deveho.com\/es\/productos\/sage-frp-1000\/","title":{"rendered":"Sage FRP 1000"},"content":{"rendered":"<br \/>\n<h2>Elija la herramienta de gesti\u00f3n financiera que se adapte a sus necesidades. <\/h2>\n<h3>Una \u00fanica soluci\u00f3n para una gesti\u00f3n compleja<\/h3>\n<p><p>Todas las necesidades del director financiero se agrupan en una sola herramienta: contabilidad, proceso operativo, gesti\u00f3n presupuestaria, etc. Adem\u00e1s, Sage FRP 1000 es modular, usted se queda s\u00f3lo con lo que necesita y hace evolucionar su soluci\u00f3n con las necesidades de su negocio.<\/p>\n<\/p>\n<h3>Adaptarse a la gesti\u00f3n multiempresa<\/h3>\n<p><p>Gracias a su base de datos \u00fanica, Sage FRP 1000 le permite: la agrupaci\u00f3n f\u00e1cil y r\u00e1pida de sus datos, la homogeneizaci\u00f3n y la seguridad de los registros, as\u00ed como la gesti\u00f3n nativa intragrupo.<\/p>\n<\/p>\n<h3>Una plataforma tecnol\u00f3gica abierta<\/h3>\n<p><p>Interconexi\u00f3n con todo tipo de aplicaciones, disponibles en la nube o en las instalaciones. Sage FRP 1000 es una soluci\u00f3n lista para usar que se despliega r\u00e1pidamente y se adapta perfectamente a su negocio.<\/p>\n<\/p>\n<h3>Gestione sus operaciones comerciales: compras, ventas, stocks <\/h3>\n<p><p>La soluci\u00f3n tiene una amplia cobertura funcional que satisface todas las necesidades de contabilidad general, anal\u00edtica, presupuestaria y auxiliar, desde la introducci\u00f3n de asientos contables hasta la gesti\u00f3n automatizada de los pagos.<\/p>\n<\/p>\n<h2>Sage FRP 1000<\/h2>\n<h3><\/h3>\n<h3>Gesti\u00f3n contable<\/h3>\n<\/p>\n<h2>Sage FRP 1000 <\/h2>\n<h3><\/h3>\n<h3>Flujos financieros<\/h3>\n<\/p>\n<h2>Sage FRP 1000 <\/h2>\n<h3><\/h3>\n<h3>Procesos operativos<\/h3>\n<\/p>\n<h2><\/h2>\n<h3>P\u00e1ginas Relacionadas<\/h3>\n<\/p>\n<h3><\/h3>\n<\/p>\n<h3><\/h3><\/p>\n","protected":false},"excerpt":{"rendered":"<p>Sage FRP 1000 cloud es una suite financiera integrada basada en una plataforma colaborativa y productiva para obtener rendimientos a su medida y una cobertura funcional experta. Con Sage FRP 1000 , se beneficia de una soluci\u00f3n de gesti\u00f3n financiera que le permite controlar mejor su rendimiento financiero, los costes y los riesgos asociados.<br \/>\nEl software Sage FRPO 1000 dispone de una amplia cobertura funcional con caracter\u00edsticas expertas para la gesti\u00f3n financiera avanzada de sus diferentes plantas. <\/p>\n","protected":false},"author":8,"featured_media":0,"parent":10887,"menu_order":0,"comment_status":"closed","ping_status":"closed","template":"templates\/template-prod_serv.php","meta":{"_acf_changed":false,"footnotes":""},"class_list":["post-10802","page","type-page","status-publish","hentry"],"acf":[],"yoast_head":"<!-- This site is optimized with the Yoast SEO plugin v23.5 - https:\/\/yoast.com\/wordpress\/plugins\/seo\/ -->\n<title>Sage FRP 1000 - Deveho<\/title>\n<meta name=\"robots\" content=\"index, follow, max-snippet:-1, max-image-preview:large, max-video-preview:-1\" \/>\n<link rel=\"canonical\" href=\"https:\/\/deveho.com\/products\/sage-frp-1000\/\" \/>\n<meta property=\"og:locale\" content=\"es_ES\" \/>\n<meta property=\"og:type\" content=\"article\" \/>\n<meta property=\"og:title\" content=\"Sage FRP 1000 - Deveho\" \/>\n<meta property=\"og:description\" content=\"Sage FRP 1000 cloud es una suite financiera integrada basada en una plataforma colaborativa y productiva para obtener rendimientos a su medida y una cobertura funcional experta. Con Sage FRP 1000 , se beneficia de una soluci\u00f3n de gesti\u00f3n financiera que le permite controlar mejor su rendimiento financiero, los costes y los riesgos asociados.  El software Sage FRPO 1000 dispone de una amplia cobertura funcional con caracter\u00edsticas expertas para la gesti\u00f3n financiera avanzada de sus diferentes plantas.\" \/>\n<meta property=\"og:url\" content=\"https:\/\/deveho.com\/products\/sage-frp-1000\/\" \/>\n<meta property=\"og:site_name\" content=\"Deveho\" \/>\n<meta property=\"article:publisher\" content=\"https:\/\/www.facebook.com\/deveho\" \/>\n<meta property=\"article:modified_time\" content=\"2022-12-05T09:52:13+00:00\" \/>\n<meta name=\"twitter:card\" content=\"summary_large_image\" \/>\n<meta name=\"twitter:site\" content=\"@Deveho1\" \/>\n<meta name=\"twitter:label1\" content=\"Tiempo de lectura\" \/>\n\t<meta name=\"twitter:data1\" content=\"1 minuto\" \/>\n<script type=\"application\/ld+json\" class=\"yoast-schema-graph\">{\"@context\":\"https:\/\/schema.org\",\"@graph\":[{\"@type\":\"WebPage\",\"@id\":\"https:\/\/deveho.com\/products\/sage-frp-1000\/\",\"url\":\"https:\/\/deveho.com\/products\/sage-frp-1000\/\",\"name\":\"Sage FRP 1000 - Deveho\",\"isPartOf\":{\"@id\":\"https:\/\/deveho.com\/#website\"},\"datePublished\":\"2022-07-25T15:29:11+00:00\",\"dateModified\":\"2022-12-05T09:52:13+00:00\",\"breadcrumb\":{\"@id\":\"https:\/\/deveho.com\/products\/sage-frp-1000\/#breadcrumb\"},\"inLanguage\":\"es\",\"potentialAction\":[{\"@type\":\"ReadAction\",\"target\":[\"https:\/\/deveho.com\/products\/sage-frp-1000\/\"]}]},{\"@type\":\"BreadcrumbList\",\"@id\":\"https:\/\/deveho.com\/products\/sage-frp-1000\/#breadcrumb\",\"itemListElement\":[{\"@type\":\"ListItem\",\"position\":1,\"name\":\"Home\",\"item\":\"https:\/\/deveho.com\/es\/\"},{\"@type\":\"ListItem\",\"position\":2,\"name\":\"Productos\",\"item\":\"https:\/\/deveho.com\/es\/productos\/\"},{\"@type\":\"ListItem\",\"position\":3,\"name\":\"Sage FRP 1000\"}]},{\"@type\":\"WebSite\",\"@id\":\"https:\/\/deveho.com\/#website\",\"url\":\"https:\/\/deveho.com\/\",\"name\":\"Deveho Consulting Group\",\"description\":\"Let\u2019s boost your growth\",\"publisher\":{\"@id\":\"https:\/\/deveho.com\/#organization\"},\"potentialAction\":[{\"@type\":\"SearchAction\",\"target\":{\"@type\":\"EntryPoint\",\"urlTemplate\":\"https:\/\/deveho.com\/?s={search_term_string}\"},\"query-input\":{\"@type\":\"PropertyValueSpecification\",\"valueRequired\":true,\"valueName\":\"search_term_string\"}}],\"inLanguage\":\"es\"},{\"@type\":\"Organization\",\"@id\":\"https:\/\/deveho.com\/#organization\",\"name\":\"Deveho Consulting Group\",\"url\":\"https:\/\/deveho.com\/\",\"logo\":{\"@type\":\"ImageObject\",\"inLanguage\":\"es\",\"@id\":\"https:\/\/deveho.com\/#\/schema\/logo\/image\/\",\"url\":\"https:\/\/deveho.com\/wp-content\/uploads\/2023\/02\/DEVEHO-LOGO-Baseline-COLOR.png\",\"contentUrl\":\"https:\/\/deveho.com\/wp-content\/uploads\/2023\/02\/DEVEHO-LOGO-Baseline-COLOR.png\",\"width\":2251,\"height\":585,\"caption\":\"Deveho Consulting Group\"},\"image\":{\"@id\":\"https:\/\/deveho.com\/#\/schema\/logo\/image\/\"},\"sameAs\":[\"https:\/\/www.facebook.com\/deveho\",\"https:\/\/x.com\/Deveho1\",\"https:\/\/www.linkedin.com\/company\/deveho-consulting\/\"]}]}<\/script>\n<!-- \/ Yoast SEO plugin. -->","yoast_head_json":{"title":"Sage FRP 1000 - Deveho","robots":{"index":"index","follow":"follow","max-snippet":"max-snippet:-1","max-image-preview":"max-image-preview:large","max-video-preview":"max-video-preview:-1"},"canonical":"https:\/\/deveho.com\/products\/sage-frp-1000\/","og_locale":"es_ES","og_type":"article","og_title":"Sage FRP 1000 - Deveho","og_description":"Sage FRP 1000 cloud es una suite financiera integrada basada en una plataforma colaborativa y productiva para obtener rendimientos a su medida y una cobertura funcional experta. Con Sage FRP 1000 , se beneficia de una soluci\u00f3n de gesti\u00f3n financiera que le permite controlar mejor su rendimiento financiero, los costes y los riesgos asociados.  El software Sage FRPO 1000 dispone de una amplia cobertura funcional con caracter\u00edsticas expertas para la gesti\u00f3n financiera avanzada de sus diferentes plantas.","og_url":"https:\/\/deveho.com\/products\/sage-frp-1000\/","og_site_name":"Deveho","article_publisher":"https:\/\/www.facebook.com\/deveho","article_modified_time":"2022-12-05T09:52:13+00:00","twitter_card":"summary_large_image","twitter_site":"@Deveho1","twitter_misc":{"Tiempo de lectura":"1 minuto"},"schema":{"@context":"https:\/\/schema.org","@graph":[{"@type":"WebPage","@id":"https:\/\/deveho.com\/products\/sage-frp-1000\/","url":"https:\/\/deveho.com\/products\/sage-frp-1000\/","name":"Sage FRP 1000 - Deveho","isPartOf":{"@id":"https:\/\/deveho.com\/#website"},"datePublished":"2022-07-25T15:29:11+00:00","dateModified":"2022-12-05T09:52:13+00:00","breadcrumb":{"@id":"https:\/\/deveho.com\/products\/sage-frp-1000\/#breadcrumb"},"inLanguage":"es","potentialAction":[{"@type":"ReadAction","target":["https:\/\/deveho.com\/products\/sage-frp-1000\/"]}]},{"@type":"BreadcrumbList","@id":"https:\/\/deveho.com\/products\/sage-frp-1000\/#breadcrumb","itemListElement":[{"@type":"ListItem","position":1,"name":"Home","item":"https:\/\/deveho.com\/es\/"},{"@type":"ListItem","position":2,"name":"Productos","item":"https:\/\/deveho.com\/es\/productos\/"},{"@type":"ListItem","position":3,"name":"Sage FRP 1000"}]},{"@type":"WebSite","@id":"https:\/\/deveho.com\/#website","url":"https:\/\/deveho.com\/","name":"Deveho Consulting Group","description":"Let\u2019s boost your growth","publisher":{"@id":"https:\/\/deveho.com\/#organization"},"potentialAction":[{"@type":"SearchAction","target":{"@type":"EntryPoint","urlTemplate":"https:\/\/deveho.com\/?s={search_term_string}"},"query-input":{"@type":"PropertyValueSpecification","valueRequired":true,"valueName":"search_term_string"}}],"inLanguage":"es"},{"@type":"Organization","@id":"https:\/\/deveho.com\/#organization","name":"Deveho Consulting Group","url":"https:\/\/deveho.com\/","logo":{"@type":"ImageObject","inLanguage":"es","@id":"https:\/\/deveho.com\/#\/schema\/logo\/image\/","url":"https:\/\/deveho.com\/wp-content\/uploads\/2023\/02\/DEVEHO-LOGO-Baseline-COLOR.png","contentUrl":"https:\/\/deveho.com\/wp-content\/uploads\/2023\/02\/DEVEHO-LOGO-Baseline-COLOR.png","width":2251,"height":585,"caption":"Deveho Consulting Group"},"image":{"@id":"https:\/\/deveho.com\/#\/schema\/logo\/image\/"},"sameAs":["https:\/\/www.facebook.com\/deveho","https:\/\/x.com\/Deveho1","https:\/\/www.linkedin.com\/company\/deveho-consulting\/"]}]}},"_links":{"self":[{"href":"https:\/\/deveho.com\/es\/wp-json\/wp\/v2\/pages\/10802"}],"collection":[{"href":"https:\/\/deveho.com\/es\/wp-json\/wp\/v2\/pages"}],"about":[{"href":"https:\/\/deveho.com\/es\/wp-json\/wp\/v2\/types\/page"}],"author":[{"embeddable":true,"href":"https:\/\/deveho.com\/es\/wp-json\/wp\/v2\/users\/8"}],"replies":[{"embeddable":true,"href":"https:\/\/deveho.com\/es\/wp-json\/wp\/v2\/comments?post=10802"}],"version-history":[{"count":0,"href":"https:\/\/deveho.com\/es\/wp-json\/wp\/v2\/pages\/10802\/revisions"}],"up":[{"embeddable":true,"href":"https:\/\/deveho.com\/es\/wp-json\/wp\/v2\/pages\/10887"}],"wp:attachment":[{"href":"https:\/\/deveho.com\/es\/wp-json\/wp\/v2\/media?parent=10802"}],"curies":[{"name":"wp","href":"https:\/\/api.w.org\/{rel}","templated":true}]}}