{"id":10804,"date":"2022-07-25T16:15:43","date_gmt":"2022-07-25T16:15:43","guid":{"rendered":"https:\/\/deveho2.sfdbeta.be\/ovh\/"},"modified":"2022-12-05T15:00:23","modified_gmt":"2022-12-05T13:00:23","slug":"ovh","status":"publish","type":"page","link":"https:\/\/deveho.com\/es\/servicios\/nube-y-alojamiento\/ovh\/","title":{"rendered":"OVH"},"content":{"rendered":"<br \/>\n<h2>Informaci\u00f3n general acerca de OVH <\/h2>\n<\/p>\n<p><p>OVHcloud ofrece una alternativa m\u00e1s inteligente para el alojamiento web, el correo electr\u00f3nico, los servidores bare metal, la nube privada alojada y las soluciones de nube p\u00fablica e h\u00edbrida. El grupo gestiona 30 centros de datos repartidos en 12 emplazamientos en 4 continentes, fabricando sus propios servidores, construyendo sus propios centros de datos y desplegando su propia red global de fibra \u00f3ptica para lograr la m\u00e1xima eficiencia.<\/p>\n<\/p>\n<p><p>Con el esp\u00edritu de OVHcloud de desafiar la situaci\u00f3n actual, la empresa aporta libertad, seguridad e innovaci\u00f3n para resolver los retos de los datos, hoy y ma\u00f1ana. Con una herencia de 20 a\u00f1os y una s\u00f3lida base europea, OVHcloud se compromete a desarrollar tecnolog\u00edas responsables, ya que el grupo se esfuerza por ser el motor de la pr\u00f3xima evoluci\u00f3n en la nube.<\/p>\n<\/p>\n<h2><red>Ventajas<\/red>de OVH      <\/h2>\n<h3>SERVICIOS<\/h3>\n<p><p>OVH ofrece una amplia gama de servicios inform\u00e1ticos para las empresas: desde el alojamiento web hasta los centros de datos virtuales, los servidores dedicados, las soluciones de almacenamiento y las conexiones xDSL y VoIP, todos los servicios se benefician de una innovaci\u00f3n continua y se enriquecen regularmente con nuevas funciones.<\/p>\n<\/p>\n<h3>UNA RED MUNDIAL PROPIA<\/h3>\n<p><p>El alcance internacional de OVH se basa principalmente en su red propia, a trav\u00e9s de la cual ofrece una calidad de servicio inmejorable. Esta red ultrasegura, con ancho de banda garantizado, ofrece una ventaja \u00fanica en el mercado actual de alojamiento.<\/p>\n<\/p>\n<h3>ENTUSIASTAS DE LA ATENCI\u00d3N AL CLIENTE<\/h3>\n<p><p>En OVH, la frase &#8220;siempre a su servicio&#8221; es la base de un verdadero compromiso. Desde su primera conversaci\u00f3n con el equipo de asistencia, interactuar\u00e1 con usuarios avanzados que aportar\u00e1n sus conocimientos t\u00e9cnicos para ayudarle a elegir la soluci\u00f3n adecuada.<\/p>\n<\/p>\n<h3>OPTIMIZAR SUS GASTOS<\/h3>\n<p><p>La mayor\u00eda de los competidores s\u00f3lo gestionan el servicio de alojamiento en s\u00ed. Por ello, la fabricaci\u00f3n de servidores se subcontrata; los centros de datos se alquilan a terceros, al igual que la red, suministrada llave en mano por subcontratistas. En consecuencia, es dif\u00edcil garantizar las tarifas de los servicios y mantenerlas en un nivel competitivo. En OVH.com, la estructura de costes se ha racionalizado al m\u00e1ximo.<\/p>\n<\/p>\n<h3>FUERTEMENTE INDEPENDIENTE <\/h3>\n<p><p>OVH es una empresa familiar, financieramente independiente, que ha optado por reinvertir todos sus beneficios en su desarrollo.<\/p>\n<\/p>\n<h2>Servidor dedicado: Reparto de responsabilidades <\/h2>\n<h3>\u00c1MBITO DE DEVEHO<\/h3>\n<p><p>Implantaci\u00f3n, administraci\u00f3n y mantenimiento de Sistemas Operativos y Aplicaciones Sage X3.<\/p>\n<p>El dise\u00f1o, la implementaci\u00f3n y el posible mantenimiento de las soluciones de red desplegadas dentro de la soluci\u00f3n de red privada de OVH.<\/p>\n<\/p>\n<h3>\u00c1MBITO DE OVH<\/h3>\n<p><p>Producci\u00f3n, enrutamiento, entrega, mantenimiento de hardware de servidores y centros de datos.<\/p>\n<p>La arquitectura, la implementaci\u00f3n y el mantenimiento del hardware de la infraestructura de red p\u00fablica y privada<\/p>\n<\/p>\n<h3><red>DEVEHO Cloud alojado en OVH <\/red>      <\/h3>\n<\/p>\n<p>Infraestructura dedicada\n<\/p>\n<p>Amplia gama de servidores para diferentes usos:<br \/>\nVirtualizaci\u00f3n,<br \/>\nAlmacenamiento,<br \/>\nBig Data,<br \/>\nAdministraci\u00f3n, etc.\n<\/p>\n<p>Configuraciones personalizables: RAM \/ CPU \/ Disco \/ Raid\n<\/p>\n<p>\u00daltimos avances tecnol\u00f3gicos\n<\/p>\n<p>Recursos por mes\n<\/p>\n<p>Red privada multisitio de OVH: vRack\n<\/p>\n<h2><\/h2>\n<h3>P\u00e1ginas Relacionadas <\/h3>\n<\/p>\n<h3><\/h3>\n<\/p>\n<h3><\/h3><\/p>\n","protected":false},"excerpt":{"rendered":"<p>OVH es un proveedor global de nube hiperescala en Europa. OVH ofrece una amplia gama de servicios inform\u00e1ticos para las empresas: desde el alojamiento web hasta los centros de datos virtuales, los servidores dedicados, las soluciones de almacenamiento y las conexiones xDSL y VoIP, todos los servicios se benefician de una innovaci\u00f3n continua y se enriquecen regularmente con nuevas funciones.<\/p>\n","protected":false},"author":8,"featured_media":0,"parent":10878,"menu_order":0,"comment_status":"closed","ping_status":"closed","template":"templates\/template-prod_serv.php","meta":{"_acf_changed":false,"footnotes":""},"class_list":["post-10804","page","type-page","status-publish","hentry"],"acf":[],"yoast_head":"<!-- This site is optimized with the Yoast SEO plugin v23.5 - https:\/\/yoast.com\/wordpress\/plugins\/seo\/ -->\n<title>OVH - Deveho<\/title>\n<meta name=\"robots\" content=\"index, follow, max-snippet:-1, max-image-preview:large, max-video-preview:-1\" \/>\n<link rel=\"canonical\" href=\"https:\/\/deveho.com\/services\/cloud-hosting\/ovh-cloud\/\" \/>\n<meta property=\"og:locale\" content=\"es_ES\" \/>\n<meta property=\"og:type\" content=\"article\" \/>\n<meta property=\"og:title\" content=\"OVH - Deveho\" \/>\n<meta property=\"og:description\" content=\"OVH es un proveedor global de nube hiperescala en Europa. OVH ofrece una amplia gama de servicios inform\u00e1ticos para las empresas: desde el alojamiento web hasta los centros de datos virtuales, los servidores dedicados, las soluciones de almacenamiento y las conexiones xDSL y VoIP, todos los servicios se benefician de una innovaci\u00f3n continua y se enriquecen regularmente con nuevas funciones.\" \/>\n<meta property=\"og:url\" content=\"https:\/\/deveho.com\/services\/cloud-hosting\/ovh-cloud\/\" \/>\n<meta property=\"og:site_name\" content=\"Deveho\" \/>\n<meta property=\"article:publisher\" content=\"https:\/\/www.facebook.com\/deveho\" \/>\n<meta property=\"article:modified_time\" content=\"2022-12-05T13:00:23+00:00\" \/>\n<meta name=\"twitter:card\" content=\"summary_large_image\" \/>\n<meta name=\"twitter:site\" content=\"@Deveho1\" \/>\n<meta name=\"twitter:label1\" content=\"Tiempo de lectura\" \/>\n\t<meta name=\"twitter:data1\" content=\"3 minutos\" \/>\n<script type=\"application\/ld+json\" class=\"yoast-schema-graph\">{\"@context\":\"https:\/\/schema.org\",\"@graph\":[{\"@type\":\"WebPage\",\"@id\":\"https:\/\/deveho.com\/services\/cloud-hosting\/ovh-cloud\/\",\"url\":\"https:\/\/deveho.com\/services\/cloud-hosting\/ovh-cloud\/\",\"name\":\"OVH - Deveho\",\"isPartOf\":{\"@id\":\"https:\/\/deveho.com\/#website\"},\"datePublished\":\"2022-07-25T16:15:43+00:00\",\"dateModified\":\"2022-12-05T13:00:23+00:00\",\"breadcrumb\":{\"@id\":\"https:\/\/deveho.com\/services\/cloud-hosting\/ovh-cloud\/#breadcrumb\"},\"inLanguage\":\"es\",\"potentialAction\":[{\"@type\":\"ReadAction\",\"target\":[\"https:\/\/deveho.com\/services\/cloud-hosting\/ovh-cloud\/\"]}]},{\"@type\":\"BreadcrumbList\",\"@id\":\"https:\/\/deveho.com\/services\/cloud-hosting\/ovh-cloud\/#breadcrumb\",\"itemListElement\":[{\"@type\":\"ListItem\",\"position\":1,\"name\":\"Home\",\"item\":\"https:\/\/deveho.com\/es\/\"},{\"@type\":\"ListItem\",\"position\":2,\"name\":\"Servicios\",\"item\":\"https:\/\/deveho.com\/es\/servicios\/\"},{\"@type\":\"ListItem\",\"position\":3,\"name\":\"Nube y alojamiento\",\"item\":\"https:\/\/deveho.com\/es\/servicios\/nube-y-alojamiento\/\"},{\"@type\":\"ListItem\",\"position\":4,\"name\":\"OVH\"}]},{\"@type\":\"WebSite\",\"@id\":\"https:\/\/deveho.com\/#website\",\"url\":\"https:\/\/deveho.com\/\",\"name\":\"Deveho Consulting Group\",\"description\":\"Let\u2019s boost your growth\",\"publisher\":{\"@id\":\"https:\/\/deveho.com\/#organization\"},\"potentialAction\":[{\"@type\":\"SearchAction\",\"target\":{\"@type\":\"EntryPoint\",\"urlTemplate\":\"https:\/\/deveho.com\/?s={search_term_string}\"},\"query-input\":{\"@type\":\"PropertyValueSpecification\",\"valueRequired\":true,\"valueName\":\"search_term_string\"}}],\"inLanguage\":\"es\"},{\"@type\":\"Organization\",\"@id\":\"https:\/\/deveho.com\/#organization\",\"name\":\"Deveho Consulting Group\",\"url\":\"https:\/\/deveho.com\/\",\"logo\":{\"@type\":\"ImageObject\",\"inLanguage\":\"es\",\"@id\":\"https:\/\/deveho.com\/#\/schema\/logo\/image\/\",\"url\":\"https:\/\/deveho.com\/wp-content\/uploads\/2023\/02\/DEVEHO-LOGO-Baseline-COLOR.png\",\"contentUrl\":\"https:\/\/deveho.com\/wp-content\/uploads\/2023\/02\/DEVEHO-LOGO-Baseline-COLOR.png\",\"width\":2251,\"height\":585,\"caption\":\"Deveho Consulting Group\"},\"image\":{\"@id\":\"https:\/\/deveho.com\/#\/schema\/logo\/image\/\"},\"sameAs\":[\"https:\/\/www.facebook.com\/deveho\",\"https:\/\/x.com\/Deveho1\",\"https:\/\/www.linkedin.com\/company\/deveho-consulting\/\"]}]}<\/script>\n<!-- \/ Yoast SEO plugin. -->","yoast_head_json":{"title":"OVH - Deveho","robots":{"index":"index","follow":"follow","max-snippet":"max-snippet:-1","max-image-preview":"max-image-preview:large","max-video-preview":"max-video-preview:-1"},"canonical":"https:\/\/deveho.com\/services\/cloud-hosting\/ovh-cloud\/","og_locale":"es_ES","og_type":"article","og_title":"OVH - Deveho","og_description":"OVH es un proveedor global de nube hiperescala en Europa. OVH ofrece una amplia gama de servicios inform\u00e1ticos para las empresas: desde el alojamiento web hasta los centros de datos virtuales, los servidores dedicados, las soluciones de almacenamiento y las conexiones xDSL y VoIP, todos los servicios se benefician de una innovaci\u00f3n continua y se enriquecen regularmente con nuevas funciones.","og_url":"https:\/\/deveho.com\/services\/cloud-hosting\/ovh-cloud\/","og_site_name":"Deveho","article_publisher":"https:\/\/www.facebook.com\/deveho","article_modified_time":"2022-12-05T13:00:23+00:00","twitter_card":"summary_large_image","twitter_site":"@Deveho1","twitter_misc":{"Tiempo de lectura":"3 minutos"},"schema":{"@context":"https:\/\/schema.org","@graph":[{"@type":"WebPage","@id":"https:\/\/deveho.com\/services\/cloud-hosting\/ovh-cloud\/","url":"https:\/\/deveho.com\/services\/cloud-hosting\/ovh-cloud\/","name":"OVH - Deveho","isPartOf":{"@id":"https:\/\/deveho.com\/#website"},"datePublished":"2022-07-25T16:15:43+00:00","dateModified":"2022-12-05T13:00:23+00:00","breadcrumb":{"@id":"https:\/\/deveho.com\/services\/cloud-hosting\/ovh-cloud\/#breadcrumb"},"inLanguage":"es","potentialAction":[{"@type":"ReadAction","target":["https:\/\/deveho.com\/services\/cloud-hosting\/ovh-cloud\/"]}]},{"@type":"BreadcrumbList","@id":"https:\/\/deveho.com\/services\/cloud-hosting\/ovh-cloud\/#breadcrumb","itemListElement":[{"@type":"ListItem","position":1,"name":"Home","item":"https:\/\/deveho.com\/es\/"},{"@type":"ListItem","position":2,"name":"Servicios","item":"https:\/\/deveho.com\/es\/servicios\/"},{"@type":"ListItem","position":3,"name":"Nube y alojamiento","item":"https:\/\/deveho.com\/es\/servicios\/nube-y-alojamiento\/"},{"@type":"ListItem","position":4,"name":"OVH"}]},{"@type":"WebSite","@id":"https:\/\/deveho.com\/#website","url":"https:\/\/deveho.com\/","name":"Deveho Consulting Group","description":"Let\u2019s boost your growth","publisher":{"@id":"https:\/\/deveho.com\/#organization"},"potentialAction":[{"@type":"SearchAction","target":{"@type":"EntryPoint","urlTemplate":"https:\/\/deveho.com\/?s={search_term_string}"},"query-input":{"@type":"PropertyValueSpecification","valueRequired":true,"valueName":"search_term_string"}}],"inLanguage":"es"},{"@type":"Organization","@id":"https:\/\/deveho.com\/#organization","name":"Deveho Consulting Group","url":"https:\/\/deveho.com\/","logo":{"@type":"ImageObject","inLanguage":"es","@id":"https:\/\/deveho.com\/#\/schema\/logo\/image\/","url":"https:\/\/deveho.com\/wp-content\/uploads\/2023\/02\/DEVEHO-LOGO-Baseline-COLOR.png","contentUrl":"https:\/\/deveho.com\/wp-content\/uploads\/2023\/02\/DEVEHO-LOGO-Baseline-COLOR.png","width":2251,"height":585,"caption":"Deveho Consulting Group"},"image":{"@id":"https:\/\/deveho.com\/#\/schema\/logo\/image\/"},"sameAs":["https:\/\/www.facebook.com\/deveho","https:\/\/x.com\/Deveho1","https:\/\/www.linkedin.com\/company\/deveho-consulting\/"]}]}},"_links":{"self":[{"href":"https:\/\/deveho.com\/es\/wp-json\/wp\/v2\/pages\/10804"}],"collection":[{"href":"https:\/\/deveho.com\/es\/wp-json\/wp\/v2\/pages"}],"about":[{"href":"https:\/\/deveho.com\/es\/wp-json\/wp\/v2\/types\/page"}],"author":[{"embeddable":true,"href":"https:\/\/deveho.com\/es\/wp-json\/wp\/v2\/users\/8"}],"replies":[{"embeddable":true,"href":"https:\/\/deveho.com\/es\/wp-json\/wp\/v2\/comments?post=10804"}],"version-history":[{"count":0,"href":"https:\/\/deveho.com\/es\/wp-json\/wp\/v2\/pages\/10804\/revisions"}],"up":[{"embeddable":true,"href":"https:\/\/deveho.com\/es\/wp-json\/wp\/v2\/pages\/10878"}],"wp:attachment":[{"href":"https:\/\/deveho.com\/es\/wp-json\/wp\/v2\/media?parent=10804"}],"curies":[{"name":"wp","href":"https:\/\/api.w.org\/{rel}","templated":true}]}}