{"id":10871,"date":"2022-07-29T12:25:25","date_gmt":"2022-07-29T12:25:25","guid":{"rendered":"https:\/\/deveho2.sfdbeta.be\/soporte-para-la-solucion-sage\/"},"modified":"2022-10-27T11:29:33","modified_gmt":"2022-10-27T09:29:33","slug":"soporte-para-la-solucion-sage","status":"publish","type":"page","link":"https:\/\/deveho.com\/es\/servicios\/soporte-para-la-solucion-sage\/","title":{"rendered":"Soporte para la soluci\u00f3n Sage"},"content":{"rendered":"<br \/>\n<h3>Entrega y gesti\u00f3n del entorno<\/h3>\n<\/p>\n<p>Gracias a nuestras s\u00f3lidas alianzas con OVH y AWS, podemos proporcionar y gestionar el entorno t\u00e9cnico de Sage X3 del cliente, garantizando los mejores est\u00e1ndares de rendimiento y de seguridad.<\/p>\n<h3>Actualizaciones<\/h3>\n<\/p>\n<p>Como parte de nuestros servicios de mantenimiento, podemos actualizar los componentes de Sage X3 para aprovechar al m\u00e1ximo las mejoras del software.<\/p>\n<h3>Soporte<\/h3>\n<\/p>\n<p>Bas\u00e1ndonos en nuestra experiencia, proporcionamos soporte y asistencia una vez que Sage X3 este en funcionamiento: soporte operativo, problemas operativos, solicitudes de mejora y formaci\u00f3n.<\/p>\n<p>Asistencia de alta calidad y externalizaci\u00f3n del mantenimiento de aplicaciones<\/p>\n<p>Un equipo dedicado para asistir a la gesti\u00f3n de proyecto en Sage X3<\/p>\n<p>Un equipo t\u00e9cnico dedicado a Sage X3<\/p>\n<h2><\/h2>\n<h3>P\u00e1ginas Relacionadas<\/h3>\n<\/p>\n<h3><\/h3>\n<\/p>\n<h3><\/h3><\/p>\n","protected":false},"excerpt":{"rendered":"<p>Deveho cuenta con un equipo de consultores funcionales y t\u00e9cnicos con amplia experiencia en Sage X3, proporcionando soporte en todos nuestros paquetes y m\u00f3dulos de software (finanzas, distribuci\u00f3n, gesti\u00f3n de la producci\u00f3n, activos fijos, n\u00f3mina de RRHH, informes, desarrollo, etc.).<br \/>\nProporcionamos servicios y asistencia de alta calidad dentro del presupuesto y siempre a tiempo ! <\/p>\n","protected":false},"author":3,"featured_media":0,"parent":10886,"menu_order":0,"comment_status":"closed","ping_status":"closed","template":"templates\/template-prod_serv.php","meta":{"_acf_changed":false,"footnotes":""},"class_list":["post-10871","page","type-page","status-publish","hentry"],"acf":[],"yoast_head":"<!-- This site is optimized with the Yoast SEO plugin v23.5 - https:\/\/yoast.com\/wordpress\/plugins\/seo\/ -->\n<title>Soporte para la soluci\u00f3n Sage - Deveho<\/title>\n<meta name=\"robots\" content=\"index, follow, max-snippet:-1, max-image-preview:large, max-video-preview:-1\" \/>\n<link rel=\"canonical\" href=\"https:\/\/deveho.com\/services\/sage-solution-support\/\" \/>\n<meta property=\"og:locale\" content=\"es_ES\" \/>\n<meta property=\"og:type\" content=\"article\" \/>\n<meta property=\"og:title\" content=\"Soporte para la soluci\u00f3n Sage - Deveho\" \/>\n<meta property=\"og:description\" content=\"Deveho cuenta con un equipo de consultores funcionales y t\u00e9cnicos con amplia experiencia en Sage X3, proporcionando soporte en todos nuestros paquetes y m\u00f3dulos de software (finanzas, distribuci\u00f3n, gesti\u00f3n de la producci\u00f3n, activos fijos, n\u00f3mina de RRHH, informes, desarrollo, etc.). Proporcionamos servicios y asistencia de alta calidad dentro del presupuesto y siempre a tiempo !\" \/>\n<meta property=\"og:url\" content=\"https:\/\/deveho.com\/services\/sage-solution-support\/\" \/>\n<meta property=\"og:site_name\" content=\"Deveho\" \/>\n<meta property=\"article:publisher\" content=\"https:\/\/www.facebook.com\/deveho\" \/>\n<meta property=\"article:modified_time\" content=\"2022-10-27T09:29:33+00:00\" \/>\n<meta name=\"twitter:card\" content=\"summary_large_image\" \/>\n<meta name=\"twitter:site\" content=\"@Deveho1\" \/>\n<meta name=\"twitter:label1\" content=\"Tiempo de lectura\" \/>\n\t<meta name=\"twitter:data1\" content=\"1 minuto\" \/>\n<script type=\"application\/ld+json\" class=\"yoast-schema-graph\">{\"@context\":\"https:\/\/schema.org\",\"@graph\":[{\"@type\":\"WebPage\",\"@id\":\"https:\/\/deveho.com\/services\/sage-solution-support\/\",\"url\":\"https:\/\/deveho.com\/services\/sage-solution-support\/\",\"name\":\"Soporte para la soluci\u00f3n Sage - Deveho\",\"isPartOf\":{\"@id\":\"https:\/\/deveho.com\/#website\"},\"datePublished\":\"2022-07-29T12:25:25+00:00\",\"dateModified\":\"2022-10-27T09:29:33+00:00\",\"breadcrumb\":{\"@id\":\"https:\/\/deveho.com\/services\/sage-solution-support\/#breadcrumb\"},\"inLanguage\":\"es\",\"potentialAction\":[{\"@type\":\"ReadAction\",\"target\":[\"https:\/\/deveho.com\/services\/sage-solution-support\/\"]}]},{\"@type\":\"BreadcrumbList\",\"@id\":\"https:\/\/deveho.com\/services\/sage-solution-support\/#breadcrumb\",\"itemListElement\":[{\"@type\":\"ListItem\",\"position\":1,\"name\":\"Home\",\"item\":\"https:\/\/deveho.com\/es\/\"},{\"@type\":\"ListItem\",\"position\":2,\"name\":\"Servicios\",\"item\":\"https:\/\/deveho.com\/es\/servicios\/\"},{\"@type\":\"ListItem\",\"position\":3,\"name\":\"Soporte para la soluci\u00f3n Sage\"}]},{\"@type\":\"WebSite\",\"@id\":\"https:\/\/deveho.com\/#website\",\"url\":\"https:\/\/deveho.com\/\",\"name\":\"Deveho Consulting Group\",\"description\":\"Let\u2019s boost your growth\",\"publisher\":{\"@id\":\"https:\/\/deveho.com\/#organization\"},\"potentialAction\":[{\"@type\":\"SearchAction\",\"target\":{\"@type\":\"EntryPoint\",\"urlTemplate\":\"https:\/\/deveho.com\/?s={search_term_string}\"},\"query-input\":{\"@type\":\"PropertyValueSpecification\",\"valueRequired\":true,\"valueName\":\"search_term_string\"}}],\"inLanguage\":\"es\"},{\"@type\":\"Organization\",\"@id\":\"https:\/\/deveho.com\/#organization\",\"name\":\"Deveho Consulting Group\",\"url\":\"https:\/\/deveho.com\/\",\"logo\":{\"@type\":\"ImageObject\",\"inLanguage\":\"es\",\"@id\":\"https:\/\/deveho.com\/#\/schema\/logo\/image\/\",\"url\":\"https:\/\/deveho.com\/wp-content\/uploads\/2023\/02\/DEVEHO-LOGO-Baseline-COLOR.png\",\"contentUrl\":\"https:\/\/deveho.com\/wp-content\/uploads\/2023\/02\/DEVEHO-LOGO-Baseline-COLOR.png\",\"width\":2251,\"height\":585,\"caption\":\"Deveho Consulting Group\"},\"image\":{\"@id\":\"https:\/\/deveho.com\/#\/schema\/logo\/image\/\"},\"sameAs\":[\"https:\/\/www.facebook.com\/deveho\",\"https:\/\/x.com\/Deveho1\",\"https:\/\/www.linkedin.com\/company\/deveho-consulting\/\"]}]}<\/script>\n<!-- \/ Yoast SEO plugin. -->","yoast_head_json":{"title":"Soporte para la soluci\u00f3n Sage - Deveho","robots":{"index":"index","follow":"follow","max-snippet":"max-snippet:-1","max-image-preview":"max-image-preview:large","max-video-preview":"max-video-preview:-1"},"canonical":"https:\/\/deveho.com\/services\/sage-solution-support\/","og_locale":"es_ES","og_type":"article","og_title":"Soporte para la soluci\u00f3n Sage - Deveho","og_description":"Deveho cuenta con un equipo de consultores funcionales y t\u00e9cnicos con amplia experiencia en Sage X3, proporcionando soporte en todos nuestros paquetes y m\u00f3dulos de software (finanzas, distribuci\u00f3n, gesti\u00f3n de la producci\u00f3n, activos fijos, n\u00f3mina de RRHH, informes, desarrollo, etc.). Proporcionamos servicios y asistencia de alta calidad dentro del presupuesto y siempre a tiempo !","og_url":"https:\/\/deveho.com\/services\/sage-solution-support\/","og_site_name":"Deveho","article_publisher":"https:\/\/www.facebook.com\/deveho","article_modified_time":"2022-10-27T09:29:33+00:00","twitter_card":"summary_large_image","twitter_site":"@Deveho1","twitter_misc":{"Tiempo de lectura":"1 minuto"},"schema":{"@context":"https:\/\/schema.org","@graph":[{"@type":"WebPage","@id":"https:\/\/deveho.com\/services\/sage-solution-support\/","url":"https:\/\/deveho.com\/services\/sage-solution-support\/","name":"Soporte para la soluci\u00f3n Sage - Deveho","isPartOf":{"@id":"https:\/\/deveho.com\/#website"},"datePublished":"2022-07-29T12:25:25+00:00","dateModified":"2022-10-27T09:29:33+00:00","breadcrumb":{"@id":"https:\/\/deveho.com\/services\/sage-solution-support\/#breadcrumb"},"inLanguage":"es","potentialAction":[{"@type":"ReadAction","target":["https:\/\/deveho.com\/services\/sage-solution-support\/"]}]},{"@type":"BreadcrumbList","@id":"https:\/\/deveho.com\/services\/sage-solution-support\/#breadcrumb","itemListElement":[{"@type":"ListItem","position":1,"name":"Home","item":"https:\/\/deveho.com\/es\/"},{"@type":"ListItem","position":2,"name":"Servicios","item":"https:\/\/deveho.com\/es\/servicios\/"},{"@type":"ListItem","position":3,"name":"Soporte para la soluci\u00f3n Sage"}]},{"@type":"WebSite","@id":"https:\/\/deveho.com\/#website","url":"https:\/\/deveho.com\/","name":"Deveho Consulting Group","description":"Let\u2019s boost your growth","publisher":{"@id":"https:\/\/deveho.com\/#organization"},"potentialAction":[{"@type":"SearchAction","target":{"@type":"EntryPoint","urlTemplate":"https:\/\/deveho.com\/?s={search_term_string}"},"query-input":{"@type":"PropertyValueSpecification","valueRequired":true,"valueName":"search_term_string"}}],"inLanguage":"es"},{"@type":"Organization","@id":"https:\/\/deveho.com\/#organization","name":"Deveho Consulting Group","url":"https:\/\/deveho.com\/","logo":{"@type":"ImageObject","inLanguage":"es","@id":"https:\/\/deveho.com\/#\/schema\/logo\/image\/","url":"https:\/\/deveho.com\/wp-content\/uploads\/2023\/02\/DEVEHO-LOGO-Baseline-COLOR.png","contentUrl":"https:\/\/deveho.com\/wp-content\/uploads\/2023\/02\/DEVEHO-LOGO-Baseline-COLOR.png","width":2251,"height":585,"caption":"Deveho Consulting Group"},"image":{"@id":"https:\/\/deveho.com\/#\/schema\/logo\/image\/"},"sameAs":["https:\/\/www.facebook.com\/deveho","https:\/\/x.com\/Deveho1","https:\/\/www.linkedin.com\/company\/deveho-consulting\/"]}]}},"_links":{"self":[{"href":"https:\/\/deveho.com\/es\/wp-json\/wp\/v2\/pages\/10871"}],"collection":[{"href":"https:\/\/deveho.com\/es\/wp-json\/wp\/v2\/pages"}],"about":[{"href":"https:\/\/deveho.com\/es\/wp-json\/wp\/v2\/types\/page"}],"author":[{"embeddable":true,"href":"https:\/\/deveho.com\/es\/wp-json\/wp\/v2\/users\/3"}],"replies":[{"embeddable":true,"href":"https:\/\/deveho.com\/es\/wp-json\/wp\/v2\/comments?post=10871"}],"version-history":[{"count":0,"href":"https:\/\/deveho.com\/es\/wp-json\/wp\/v2\/pages\/10871\/revisions"}],"up":[{"embeddable":true,"href":"https:\/\/deveho.com\/es\/wp-json\/wp\/v2\/pages\/10886"}],"wp:attachment":[{"href":"https:\/\/deveho.com\/es\/wp-json\/wp\/v2\/media?parent=10871"}],"curies":[{"name":"wp","href":"https:\/\/api.w.org\/{rel}","templated":true}]}}