{"id":10876,"date":"2022-08-01T12:26:25","date_gmt":"2022-08-01T12:26:25","guid":{"rendered":"https:\/\/deveho2.sfdbeta.be\/business-intelligence\/"},"modified":"2022-10-27T12:04:36","modified_gmt":"2022-10-27T10:04:36","slug":"business-intelligence","status":"publish","type":"page","link":"https:\/\/deveho.com\/es\/servicios\/business-intelligence\/","title":{"rendered":"Business Intelligence"},"content":{"rendered":"<br \/>\n<h2><red>Desaf\u00edos de la inteligencia empresarial <\/red><\/h2>\n<h3>Los datos crecen a una media del 56% anual.<\/h3>\n<p><p>Se ha convertido en algo cr\u00edtico para los directivos de las empresas, ya que tienen que evitar el embrollo y tener acceso a datos veraces y a la informaci\u00f3n necesaria para tomar decisiones inteligentes y adecuadas.<\/p>\n<\/p>\n<h3>Superar la incertidumbre del negocio con informes relevantes y personalizados<\/h3>\n<p><p>Los problemas de visibilidad del rendimiento, los aislamientos operativos, la complejidad financiera y las p\u00e9rdidas de productividad conducen a la incertidumbre del negocio.<\/p>\n<\/p>\n<h3>Las empresas innovadoras ven m\u00e1s valor en compartir sus conocimientos<\/h3>\n<p><p>Ampliar el acceso de los colaboradores a los datos puede promover la responsabilidad, la innovaci\u00f3n y el alto rendimiento.<\/p>\n<\/p>\n<h3>Proporcionar informaci\u00f3n relevante <\/h3>\n<p><p>Al usuario para que tome las mejores decisiones para orientar la estrategia de la empresa o su actividad.<\/p>\n<\/p>\n<h2><\/h2>\n<h3>La Business intelligence le permite:<\/h3>\n<h3><\/h3>\n<ul>\n<li>Ponga su empresa en l\u00ednea, bas\u00e1ndose en un conjunto coherente de indicadores y m\u00e9tricas clave de rendimiento,<\/li>\n<li>Tomar decisiones con mayor rapidez,<\/li>\n<li>Simplificar la representaci\u00f3n gr\u00e1fica de los indicadores<\/li>\n<li>Presentar informaci\u00f3n fiable de manera uniforme<\/li>\n<li>Acelerar la recopilaci\u00f3n y distribuci\u00f3n de informaci\u00f3n mediante la automatizaci\u00f3n<\/li>\n<\/ul>\n<h2>Sage X3 ofrece una soluci\u00f3n de Business Intelligence llamada Sage Enterprise Intelligence (SEI).<\/h2>\n<p>La soluci\u00f3n de BI integrada de Sage Enterprise Intelligence ayuda a sus usuarios a tomar las mejores decisiones m\u00e1s r\u00e1pidamente, con todos los datos relevantes que necesitan.<\/p>\n<p>Con SEI, los datos se extraen, se transforman, se consolidan, se migran y se presentan de forma sencilla, accesible en tiempo real, en modo autoservicio y con unos pocos clics.<\/p>\n<p>Ergon\u00f3mica, la soluci\u00f3n SEI favorece la autonom\u00eda del usuario, sin necesidad de conocimientos espec\u00edficos.<\/p>\n<h2><\/h2>\n<h3>P\u00e1ginas relacionadas<\/h3>\n<\/p>\n<h3><\/h3>\n<\/p>\n<h3><\/h3><\/p>\n","protected":false},"excerpt":{"rendered":"<p>El Business Intelligence se basa en el principio de la fiabilidad de los datos utilizados. Su procesamiento, as\u00ed como su formulaci\u00f3n en informes legibles por parte de los empleados, garantiza la toma de decisiones correctas en el momento adecuado.<\/p>\n","protected":false},"author":3,"featured_media":0,"parent":10886,"menu_order":0,"comment_status":"closed","ping_status":"closed","template":"templates\/template-prod_serv.php","meta":{"_acf_changed":false,"footnotes":""},"class_list":["post-10876","page","type-page","status-publish","hentry"],"acf":[],"yoast_head":"<!-- This site is optimized with the Yoast SEO plugin v23.5 - https:\/\/yoast.com\/wordpress\/plugins\/seo\/ -->\n<title>Business Intelligence - Deveho<\/title>\n<meta name=\"robots\" content=\"index, follow, max-snippet:-1, max-image-preview:large, max-video-preview:-1\" \/>\n<link rel=\"canonical\" href=\"https:\/\/deveho.com\/services\/business-intelligence\/\" \/>\n<meta property=\"og:locale\" content=\"es_ES\" \/>\n<meta property=\"og:type\" content=\"article\" \/>\n<meta property=\"og:title\" content=\"Business Intelligence - Deveho\" \/>\n<meta property=\"og:description\" content=\"El Business Intelligence se basa en el principio de la fiabilidad de los datos utilizados. Su procesamiento, as\u00ed como su formulaci\u00f3n en informes legibles por parte de los empleados, garantiza la toma de decisiones correctas en el momento adecuado.\" \/>\n<meta property=\"og:url\" content=\"https:\/\/deveho.com\/services\/business-intelligence\/\" \/>\n<meta property=\"og:site_name\" content=\"Deveho\" \/>\n<meta property=\"article:publisher\" content=\"https:\/\/www.facebook.com\/deveho\" \/>\n<meta property=\"article:modified_time\" content=\"2022-10-27T10:04:36+00:00\" \/>\n<meta name=\"twitter:card\" content=\"summary_large_image\" \/>\n<meta name=\"twitter:site\" content=\"@Deveho1\" \/>\n<meta name=\"twitter:label1\" content=\"Tiempo de lectura\" \/>\n\t<meta name=\"twitter:data1\" content=\"1 minuto\" \/>\n<script type=\"application\/ld+json\" class=\"yoast-schema-graph\">{\"@context\":\"https:\/\/schema.org\",\"@graph\":[{\"@type\":\"WebPage\",\"@id\":\"https:\/\/deveho.com\/services\/business-intelligence\/\",\"url\":\"https:\/\/deveho.com\/services\/business-intelligence\/\",\"name\":\"Business Intelligence - Deveho\",\"isPartOf\":{\"@id\":\"https:\/\/deveho.com\/#website\"},\"datePublished\":\"2022-08-01T12:26:25+00:00\",\"dateModified\":\"2022-10-27T10:04:36+00:00\",\"breadcrumb\":{\"@id\":\"https:\/\/deveho.com\/services\/business-intelligence\/#breadcrumb\"},\"inLanguage\":\"es\",\"potentialAction\":[{\"@type\":\"ReadAction\",\"target\":[\"https:\/\/deveho.com\/services\/business-intelligence\/\"]}]},{\"@type\":\"BreadcrumbList\",\"@id\":\"https:\/\/deveho.com\/services\/business-intelligence\/#breadcrumb\",\"itemListElement\":[{\"@type\":\"ListItem\",\"position\":1,\"name\":\"Home\",\"item\":\"https:\/\/deveho.com\/es\/\"},{\"@type\":\"ListItem\",\"position\":2,\"name\":\"Servicios\",\"item\":\"https:\/\/deveho.com\/es\/servicios\/\"},{\"@type\":\"ListItem\",\"position\":3,\"name\":\"Business Intelligence\"}]},{\"@type\":\"WebSite\",\"@id\":\"https:\/\/deveho.com\/#website\",\"url\":\"https:\/\/deveho.com\/\",\"name\":\"Deveho Consulting Group\",\"description\":\"Let\u2019s boost your growth\",\"publisher\":{\"@id\":\"https:\/\/deveho.com\/#organization\"},\"potentialAction\":[{\"@type\":\"SearchAction\",\"target\":{\"@type\":\"EntryPoint\",\"urlTemplate\":\"https:\/\/deveho.com\/?s={search_term_string}\"},\"query-input\":{\"@type\":\"PropertyValueSpecification\",\"valueRequired\":true,\"valueName\":\"search_term_string\"}}],\"inLanguage\":\"es\"},{\"@type\":\"Organization\",\"@id\":\"https:\/\/deveho.com\/#organization\",\"name\":\"Deveho Consulting Group\",\"url\":\"https:\/\/deveho.com\/\",\"logo\":{\"@type\":\"ImageObject\",\"inLanguage\":\"es\",\"@id\":\"https:\/\/deveho.com\/#\/schema\/logo\/image\/\",\"url\":\"https:\/\/deveho.com\/wp-content\/uploads\/2023\/02\/DEVEHO-LOGO-Baseline-COLOR.png\",\"contentUrl\":\"https:\/\/deveho.com\/wp-content\/uploads\/2023\/02\/DEVEHO-LOGO-Baseline-COLOR.png\",\"width\":2251,\"height\":585,\"caption\":\"Deveho Consulting Group\"},\"image\":{\"@id\":\"https:\/\/deveho.com\/#\/schema\/logo\/image\/\"},\"sameAs\":[\"https:\/\/www.facebook.com\/deveho\",\"https:\/\/x.com\/Deveho1\",\"https:\/\/www.linkedin.com\/company\/deveho-consulting\/\"]}]}<\/script>\n<!-- \/ Yoast SEO plugin. -->","yoast_head_json":{"title":"Business Intelligence - Deveho","robots":{"index":"index","follow":"follow","max-snippet":"max-snippet:-1","max-image-preview":"max-image-preview:large","max-video-preview":"max-video-preview:-1"},"canonical":"https:\/\/deveho.com\/services\/business-intelligence\/","og_locale":"es_ES","og_type":"article","og_title":"Business Intelligence - Deveho","og_description":"El Business Intelligence se basa en el principio de la fiabilidad de los datos utilizados. Su procesamiento, as\u00ed como su formulaci\u00f3n en informes legibles por parte de los empleados, garantiza la toma de decisiones correctas en el momento adecuado.","og_url":"https:\/\/deveho.com\/services\/business-intelligence\/","og_site_name":"Deveho","article_publisher":"https:\/\/www.facebook.com\/deveho","article_modified_time":"2022-10-27T10:04:36+00:00","twitter_card":"summary_large_image","twitter_site":"@Deveho1","twitter_misc":{"Tiempo de lectura":"1 minuto"},"schema":{"@context":"https:\/\/schema.org","@graph":[{"@type":"WebPage","@id":"https:\/\/deveho.com\/services\/business-intelligence\/","url":"https:\/\/deveho.com\/services\/business-intelligence\/","name":"Business Intelligence - Deveho","isPartOf":{"@id":"https:\/\/deveho.com\/#website"},"datePublished":"2022-08-01T12:26:25+00:00","dateModified":"2022-10-27T10:04:36+00:00","breadcrumb":{"@id":"https:\/\/deveho.com\/services\/business-intelligence\/#breadcrumb"},"inLanguage":"es","potentialAction":[{"@type":"ReadAction","target":["https:\/\/deveho.com\/services\/business-intelligence\/"]}]},{"@type":"BreadcrumbList","@id":"https:\/\/deveho.com\/services\/business-intelligence\/#breadcrumb","itemListElement":[{"@type":"ListItem","position":1,"name":"Home","item":"https:\/\/deveho.com\/es\/"},{"@type":"ListItem","position":2,"name":"Servicios","item":"https:\/\/deveho.com\/es\/servicios\/"},{"@type":"ListItem","position":3,"name":"Business Intelligence"}]},{"@type":"WebSite","@id":"https:\/\/deveho.com\/#website","url":"https:\/\/deveho.com\/","name":"Deveho Consulting Group","description":"Let\u2019s boost your growth","publisher":{"@id":"https:\/\/deveho.com\/#organization"},"potentialAction":[{"@type":"SearchAction","target":{"@type":"EntryPoint","urlTemplate":"https:\/\/deveho.com\/?s={search_term_string}"},"query-input":{"@type":"PropertyValueSpecification","valueRequired":true,"valueName":"search_term_string"}}],"inLanguage":"es"},{"@type":"Organization","@id":"https:\/\/deveho.com\/#organization","name":"Deveho Consulting Group","url":"https:\/\/deveho.com\/","logo":{"@type":"ImageObject","inLanguage":"es","@id":"https:\/\/deveho.com\/#\/schema\/logo\/image\/","url":"https:\/\/deveho.com\/wp-content\/uploads\/2023\/02\/DEVEHO-LOGO-Baseline-COLOR.png","contentUrl":"https:\/\/deveho.com\/wp-content\/uploads\/2023\/02\/DEVEHO-LOGO-Baseline-COLOR.png","width":2251,"height":585,"caption":"Deveho Consulting Group"},"image":{"@id":"https:\/\/deveho.com\/#\/schema\/logo\/image\/"},"sameAs":["https:\/\/www.facebook.com\/deveho","https:\/\/x.com\/Deveho1","https:\/\/www.linkedin.com\/company\/deveho-consulting\/"]}]}},"_links":{"self":[{"href":"https:\/\/deveho.com\/es\/wp-json\/wp\/v2\/pages\/10876"}],"collection":[{"href":"https:\/\/deveho.com\/es\/wp-json\/wp\/v2\/pages"}],"about":[{"href":"https:\/\/deveho.com\/es\/wp-json\/wp\/v2\/types\/page"}],"author":[{"embeddable":true,"href":"https:\/\/deveho.com\/es\/wp-json\/wp\/v2\/users\/3"}],"replies":[{"embeddable":true,"href":"https:\/\/deveho.com\/es\/wp-json\/wp\/v2\/comments?post=10876"}],"version-history":[{"count":0,"href":"https:\/\/deveho.com\/es\/wp-json\/wp\/v2\/pages\/10876\/revisions"}],"up":[{"embeddable":true,"href":"https:\/\/deveho.com\/es\/wp-json\/wp\/v2\/pages\/10886"}],"wp:attachment":[{"href":"https:\/\/deveho.com\/es\/wp-json\/wp\/v2\/media?parent=10876"}],"curies":[{"name":"wp","href":"https:\/\/api.w.org\/{rel}","templated":true}]}}