{"id":10878,"date":"2022-08-02T13:11:56","date_gmt":"2022-08-02T13:11:56","guid":{"rendered":"https:\/\/deveho2.sfdbeta.be\/nube-y-alojamiento\/"},"modified":"2022-12-05T12:05:37","modified_gmt":"2022-12-05T10:05:37","slug":"nube-y-alojamiento","status":"publish","type":"page","link":"https:\/\/deveho.com\/es\/servicios\/nube-y-alojamiento\/","title":{"rendered":"Nube y alojamiento"},"content":{"rendered":"<br \/>\n<h2><\/h2>\n<h3>Informaci\u00f3n general acerca del Cloud X3<\/h3>\n<h3><\/h3>\n<p><p>Sage X3 puede implementarse en modo &#8220;on premise&#8221; (en las instalaciones) o en modo &#8220;hosted&#8221; (nube privada o nube p\u00fablica). Sage X3 introduce una serie de nuevos componentes tecnol\u00f3gicos que son reconocidos como las mejores y m\u00e1s vanguardistas opciones del sector, para el uso de m\u00faltiples navegadores y m\u00f3viles, la velocidad de b\u00fasqueda, el desarrollo de servicios web, la integraci\u00f3n de bases de datos en la nube y la gesti\u00f3n documental.<\/p>\n<ul>\n<li><a href=\"https:\/\/deveho.com\/es\/servicios\/nube-y-alojamiento\/aws\/\">AWS \u203a<\/a><\/li>\n<li><a href=\"https:\/\/deveho.com\/es\/servicios\/nube-y-alojamiento\/ovh\/\">OVH \u203a<\/a><\/li>\n<\/ul>\n<h2><red><b>Ventajas<\/b><\/red>      <\/h2>\n<h3>ALCANCE E INTEGRACI\u00d3N FUNCIONAL SUPERIOR<\/h3>\n<p><p>No renuncie a la funcionalidad del negocio por la tecnolog\u00eda en la nube. Sage X3 gestiona todos sus procesos, desde las finanzas hasta la distribuci\u00f3n y la producci\u00f3n, a trav\u00e9s de una soluci\u00f3n \u00fanica integrada en la nube. El resultado es la racionalizaci\u00f3n de las operaciones, la informaci\u00f3n en tiempo real acerca de sus actividades y la mejora del rendimiento.<\/p>\n<\/p>\n<h3>APOYO MAYOR A LAS ORGANIZACIONES MUNDIALES<\/h3>\n<p><p>No deje que las soluciones en la nube limiten sus ambiciones de expansi\u00f3n. Sage X3 admite la gesti\u00f3n de operaciones distribuidas e internacionales, gestionando estructuras organizativas y de reporting complejos (multiempresa, multisitio, modo de fabricaci\u00f3n m\u00faltiple, multicontabilidad y multilegislaci\u00f3n).<\/p>\n<\/p>\n<h3>CONSTRUIDO PARA OPERACIONES ESPEC\u00cdFICAS DE LA INDUSTRIA<\/h3>\n<p><p>No se deje llevar por las soluciones en la nube de tama\u00f1o \u00fanico para todo. Sage X3 est\u00e1 adaptado a los sectores de fabricaci\u00f3n, distribuci\u00f3n y servicios, proporcionando una amplia funcionalidad, lista para usar, que le permitir\u00e1 gestionar sus operaciones con mayor rapidez y mejorar el rendimiento.<\/p>\n<\/p>\n<h3>FLEXIBILIDAD Y CAPACIDAD DE PERSONALIZACI\u00d3N AVANZADAS<\/h3>\n<p><p>No deje que la tecnolog\u00eda gu\u00ede los requerimientos de su negocio. Sage X3 es extremadamente flexible y puede adaptarse a los procesos y flujos de trabajo espec\u00edficos de su empresa. Tambi\u00e9n puede utilizar la soluci\u00f3n dentro de su propia infraestructura privada (in situ o alojada por un socio) sin ninguna p\u00e9rdida de datos o funcionalidad.<\/p>\n<\/p>\n<h3>MAYOR SEGURIDAD, RENDIMIENTO Y ESCALABILIDAD<\/h3>\n<p><p>No todas las soluciones en la nube son iguales. Sage X3 se basa en una infraestructura en la nube l\u00edder en el mundo para ofrecer la plataforma en la nube m\u00e1s escalable, fiable y segura, como demuestran las numerosas certificaciones que ha recibido as\u00ed como, su estricto cumplimiento de las distintas directivas y leyes locales en materia de confidencialidad.<\/p>\n<\/p>\n<h3>ACCESO UNIVERSAL A LA WEB Y AL M\u00d3VIL<\/h3>\n<p><p>La movilidad no es algo exclusivo de los altos cargos. Con Sage X3, todos los usuarios se benefician de un acceso seguro, desde cualquier navegador o dispositivo m\u00f3vil, a todos los datos y funciones del sistema, independientemente de su ubicaci\u00f3n y en una gama de dispositivos de uso generalizado. La interfaz HTML5 garantiza una experiencia de navegaci\u00f3n intuitiva y permite una f\u00e1cil personalizaci\u00f3n por parte de los usuarios.<\/p>\n<\/p>\n<h2><\/h2>\n<h3>P\u00e1ginas Relacionadas <\/h3>\n<\/p>\n<h3><\/h3>\n<\/p>\n<h3><\/h3><\/p>\n","protected":false},"excerpt":{"rendered":"<p>El grupo de consultor\u00eda DEVEHO ofrece servicios en la nube y de alojamiento, que se adaptan a los requisitos vigentes de su organizaci\u00f3n y al mismo tiempo, tiene en cuenta sus futuras ambiciones de crecimiento. <\/p>\n","protected":false},"author":3,"featured_media":0,"parent":10886,"menu_order":0,"comment_status":"closed","ping_status":"closed","template":"templates\/template-prod_serv.php","meta":{"_acf_changed":false,"footnotes":""},"class_list":["post-10878","page","type-page","status-publish","hentry"],"acf":[],"yoast_head":"<!-- This site is optimized with the Yoast SEO plugin v23.5 - https:\/\/yoast.com\/wordpress\/plugins\/seo\/ -->\n<title>Nube y alojamiento - Deveho<\/title>\n<meta name=\"robots\" content=\"index, follow, max-snippet:-1, max-image-preview:large, max-video-preview:-1\" \/>\n<link rel=\"canonical\" href=\"https:\/\/deveho.com\/es\/servicios\/nube-y-alojamiento\/\" \/>\n<meta property=\"og:locale\" content=\"es_ES\" \/>\n<meta property=\"og:type\" content=\"article\" \/>\n<meta property=\"og:title\" content=\"Nube y alojamiento - Deveho\" \/>\n<meta property=\"og:description\" content=\"El grupo de consultor\u00eda DEVEHO ofrece servicios en la nube y de alojamiento, que se adaptan a los requisitos vigentes de su organizaci\u00f3n y al mismo tiempo, tiene en cuenta sus futuras ambiciones de crecimiento.\" \/>\n<meta property=\"og:url\" content=\"https:\/\/deveho.com\/es\/servicios\/nube-y-alojamiento\/\" \/>\n<meta property=\"og:site_name\" content=\"Deveho\" \/>\n<meta property=\"article:publisher\" content=\"https:\/\/www.facebook.com\/deveho\" \/>\n<meta property=\"article:modified_time\" content=\"2022-12-05T10:05:37+00:00\" \/>\n<meta name=\"twitter:card\" content=\"summary_large_image\" \/>\n<meta name=\"twitter:site\" content=\"@Deveho1\" \/>\n<meta name=\"twitter:label1\" content=\"Tiempo de lectura\" \/>\n\t<meta name=\"twitter:data1\" content=\"2 minutos\" \/>\n<script type=\"application\/ld+json\" class=\"yoast-schema-graph\">{\"@context\":\"https:\/\/schema.org\",\"@graph\":[{\"@type\":\"WebPage\",\"@id\":\"https:\/\/deveho.com\/es\/servicios\/nube-y-alojamiento\/\",\"url\":\"https:\/\/deveho.com\/es\/servicios\/nube-y-alojamiento\/\",\"name\":\"Nube y alojamiento - Deveho\",\"isPartOf\":{\"@id\":\"https:\/\/deveho.com\/#website\"},\"datePublished\":\"2022-08-02T13:11:56+00:00\",\"dateModified\":\"2022-12-05T10:05:37+00:00\",\"breadcrumb\":{\"@id\":\"https:\/\/deveho.com\/es\/servicios\/nube-y-alojamiento\/#breadcrumb\"},\"inLanguage\":\"es\",\"potentialAction\":[{\"@type\":\"ReadAction\",\"target\":[\"https:\/\/deveho.com\/es\/servicios\/nube-y-alojamiento\/\"]}]},{\"@type\":\"BreadcrumbList\",\"@id\":\"https:\/\/deveho.com\/es\/servicios\/nube-y-alojamiento\/#breadcrumb\",\"itemListElement\":[{\"@type\":\"ListItem\",\"position\":1,\"name\":\"Home\",\"item\":\"https:\/\/deveho.com\/es\/\"},{\"@type\":\"ListItem\",\"position\":2,\"name\":\"Servicios\",\"item\":\"https:\/\/deveho.com\/es\/servicios\/\"},{\"@type\":\"ListItem\",\"position\":3,\"name\":\"Nube y alojamiento\"}]},{\"@type\":\"WebSite\",\"@id\":\"https:\/\/deveho.com\/#website\",\"url\":\"https:\/\/deveho.com\/\",\"name\":\"Deveho Consulting Group\",\"description\":\"Let\u2019s boost your growth\",\"publisher\":{\"@id\":\"https:\/\/deveho.com\/#organization\"},\"potentialAction\":[{\"@type\":\"SearchAction\",\"target\":{\"@type\":\"EntryPoint\",\"urlTemplate\":\"https:\/\/deveho.com\/?s={search_term_string}\"},\"query-input\":{\"@type\":\"PropertyValueSpecification\",\"valueRequired\":true,\"valueName\":\"search_term_string\"}}],\"inLanguage\":\"es\"},{\"@type\":\"Organization\",\"@id\":\"https:\/\/deveho.com\/#organization\",\"name\":\"Deveho Consulting Group\",\"url\":\"https:\/\/deveho.com\/\",\"logo\":{\"@type\":\"ImageObject\",\"inLanguage\":\"es\",\"@id\":\"https:\/\/deveho.com\/#\/schema\/logo\/image\/\",\"url\":\"https:\/\/deveho.com\/wp-content\/uploads\/2023\/02\/DEVEHO-LOGO-Baseline-COLOR.png\",\"contentUrl\":\"https:\/\/deveho.com\/wp-content\/uploads\/2023\/02\/DEVEHO-LOGO-Baseline-COLOR.png\",\"width\":2251,\"height\":585,\"caption\":\"Deveho Consulting Group\"},\"image\":{\"@id\":\"https:\/\/deveho.com\/#\/schema\/logo\/image\/\"},\"sameAs\":[\"https:\/\/www.facebook.com\/deveho\",\"https:\/\/x.com\/Deveho1\",\"https:\/\/www.linkedin.com\/company\/deveho-consulting\/\"]}]}<\/script>\n<!-- \/ Yoast SEO plugin. -->","yoast_head_json":{"title":"Nube y alojamiento - Deveho","robots":{"index":"index","follow":"follow","max-snippet":"max-snippet:-1","max-image-preview":"max-image-preview:large","max-video-preview":"max-video-preview:-1"},"canonical":"https:\/\/deveho.com\/es\/servicios\/nube-y-alojamiento\/","og_locale":"es_ES","og_type":"article","og_title":"Nube y alojamiento - Deveho","og_description":"El grupo de consultor\u00eda DEVEHO ofrece servicios en la nube y de alojamiento, que se adaptan a los requisitos vigentes de su organizaci\u00f3n y al mismo tiempo, tiene en cuenta sus futuras ambiciones de crecimiento.","og_url":"https:\/\/deveho.com\/es\/servicios\/nube-y-alojamiento\/","og_site_name":"Deveho","article_publisher":"https:\/\/www.facebook.com\/deveho","article_modified_time":"2022-12-05T10:05:37+00:00","twitter_card":"summary_large_image","twitter_site":"@Deveho1","twitter_misc":{"Tiempo de lectura":"2 minutos"},"schema":{"@context":"https:\/\/schema.org","@graph":[{"@type":"WebPage","@id":"https:\/\/deveho.com\/es\/servicios\/nube-y-alojamiento\/","url":"https:\/\/deveho.com\/es\/servicios\/nube-y-alojamiento\/","name":"Nube y alojamiento - Deveho","isPartOf":{"@id":"https:\/\/deveho.com\/#website"},"datePublished":"2022-08-02T13:11:56+00:00","dateModified":"2022-12-05T10:05:37+00:00","breadcrumb":{"@id":"https:\/\/deveho.com\/es\/servicios\/nube-y-alojamiento\/#breadcrumb"},"inLanguage":"es","potentialAction":[{"@type":"ReadAction","target":["https:\/\/deveho.com\/es\/servicios\/nube-y-alojamiento\/"]}]},{"@type":"BreadcrumbList","@id":"https:\/\/deveho.com\/es\/servicios\/nube-y-alojamiento\/#breadcrumb","itemListElement":[{"@type":"ListItem","position":1,"name":"Home","item":"https:\/\/deveho.com\/es\/"},{"@type":"ListItem","position":2,"name":"Servicios","item":"https:\/\/deveho.com\/es\/servicios\/"},{"@type":"ListItem","position":3,"name":"Nube y alojamiento"}]},{"@type":"WebSite","@id":"https:\/\/deveho.com\/#website","url":"https:\/\/deveho.com\/","name":"Deveho Consulting Group","description":"Let\u2019s boost your growth","publisher":{"@id":"https:\/\/deveho.com\/#organization"},"potentialAction":[{"@type":"SearchAction","target":{"@type":"EntryPoint","urlTemplate":"https:\/\/deveho.com\/?s={search_term_string}"},"query-input":{"@type":"PropertyValueSpecification","valueRequired":true,"valueName":"search_term_string"}}],"inLanguage":"es"},{"@type":"Organization","@id":"https:\/\/deveho.com\/#organization","name":"Deveho Consulting Group","url":"https:\/\/deveho.com\/","logo":{"@type":"ImageObject","inLanguage":"es","@id":"https:\/\/deveho.com\/#\/schema\/logo\/image\/","url":"https:\/\/deveho.com\/wp-content\/uploads\/2023\/02\/DEVEHO-LOGO-Baseline-COLOR.png","contentUrl":"https:\/\/deveho.com\/wp-content\/uploads\/2023\/02\/DEVEHO-LOGO-Baseline-COLOR.png","width":2251,"height":585,"caption":"Deveho Consulting Group"},"image":{"@id":"https:\/\/deveho.com\/#\/schema\/logo\/image\/"},"sameAs":["https:\/\/www.facebook.com\/deveho","https:\/\/x.com\/Deveho1","https:\/\/www.linkedin.com\/company\/deveho-consulting\/"]}]}},"_links":{"self":[{"href":"https:\/\/deveho.com\/es\/wp-json\/wp\/v2\/pages\/10878"}],"collection":[{"href":"https:\/\/deveho.com\/es\/wp-json\/wp\/v2\/pages"}],"about":[{"href":"https:\/\/deveho.com\/es\/wp-json\/wp\/v2\/types\/page"}],"author":[{"embeddable":true,"href":"https:\/\/deveho.com\/es\/wp-json\/wp\/v2\/users\/3"}],"replies":[{"embeddable":true,"href":"https:\/\/deveho.com\/es\/wp-json\/wp\/v2\/comments?post=10878"}],"version-history":[{"count":0,"href":"https:\/\/deveho.com\/es\/wp-json\/wp\/v2\/pages\/10878\/revisions"}],"up":[{"embeddable":true,"href":"https:\/\/deveho.com\/es\/wp-json\/wp\/v2\/pages\/10886"}],"wp:attachment":[{"href":"https:\/\/deveho.com\/es\/wp-json\/wp\/v2\/media?parent=10878"}],"curies":[{"name":"wp","href":"https:\/\/api.w.org\/{rel}","templated":true}]}}