{"id":10880,"date":"2022-08-03T11:15:25","date_gmt":"2022-08-03T11:15:25","guid":{"rendered":"https:\/\/deveho2.sfdbeta.be\/soluciones-de-sage-xrt\/"},"modified":"2022-10-26T16:07:46","modified_gmt":"2022-10-26T14:07:46","slug":"sage-xrt","status":"publish","type":"page","link":"https:\/\/deveho.com\/es\/productos\/sage-xrt\/","title":{"rendered":"Sage XRT"},"content":{"rendered":"<br \/>\n<h2>\u00bfPor qu\u00e9 elegir las soluciones de Sage XRT?<\/h2>\n<h3>Seguridad<\/h3>\n<p><p>ISO 27001\/27018 and ISAE 3402 certification, SWIFTReady for Corporates &#8211; Cash Management label<\/p>\n<\/p>\n<h3>Rapidez y agilidad<\/h3>\n<p><p>Integraci\u00f3n de la soluci\u00f3n en 20 d\u00edas<\/p>\n<\/p>\n<h3>Rendimiento<\/h3>\n<div id=\"flexitem-c2c160bab3ef4eeea3840d1427b61c05-1\" class=\"flex-item\">\n<div id=\"stylebox-158b6b18ec2b406ca846335f248bd090-0\" class=\"score-style-box\" data-ux-module=\"score_bootstrap\/Components\/StyleBox\" data-ux-state=\"loaded\">\n<div id=\"highlight-e8e038f240c3433d8ae0a7c178d633bd-0\" class=\"score-highlight highlight--horizontal\">\n<div class=\"caption\">\n<div class=\"score-highlight-body\">100.000 l\u00edneas contables en 20 segundos<\/div>\n<\/div>\n<\/div>\n<\/div>\n<\/div>\n<div id=\"flexitem-4ac2555df4cb4237a831f91ef63b4536-1\" class=\"flex-item\">\n<div id=\"stylebox-53bb1a7cced64bffa7db982351240792-0\" class=\"score-style-box\" data-ux-module=\"score_bootstrap\/Components\/StyleBox\" data-ux-state=\"loaded\">\n<div id=\"highlight-72ccb4d4c3a7403686f86acbae58adf1-0\" class=\"score-highlight highlight--horizontal\"><\/div>\n<\/div>\n<\/div>\n<h3>Fiabilidad<\/h3>\n<p><p>Soluci\u00f3n utilizada por los principales bancos franceses<\/p>\n<\/p>\n<h3>satisfacci\u00f3n<\/h3>\n<p><p>M\u00e1s de 2.300 clientes utilizan las soluciones de XRT<\/p>\n<\/p>\n<h2>Optimizar la gesti\u00f3n del capital circulante, la liquidez, dirigir una estrategia eficaz y obtener una ventaja competitiva.<\/h2>\n<h3>Controlar el flujo de caja<\/h3>\n<p><p>Una visi\u00f3n en tiempo real de su liquidez le permite realizar compensaciones con rigor, controlar la actividad de la empresa y de todas sus filiales y optimizar las relaciones con los organismos bancarios.<\/p>\n<\/p>\n<h3>Conciliaci\u00f3n de sus flujos financieros<\/h3>\n<p><p>Una potente herramienta de conciliaci\u00f3n automatizada (hasta el 90%) optimiza los tiempos de procesamiento para grandes vol\u00famenes de datos. Los criterios de conciliaci\u00f3n son ilimitados, precisos y muy avanzados. La conciliaci\u00f3n manual se simplifica en gran medida, gracias a una pantalla que el usuario puede personalizar.<\/p>\n<\/p>\n<h3>Gesti\u00f3n de los poderes bancarios<\/h3>\n<p><p>Los poderes bancarios son un elemento esencial en la cadena de seguridad financiera de la empresa. Defina qui\u00e9n puede realizar ciertas operaciones en las cuentas bancarias de la compa\u00f1\u00eda.<\/p>\n<\/p>\n<h3>Reporting<\/h3>\n<p><p>Los cuadros de mando empresariales con indicadores clave se personalizan en funci\u00f3n de la actividad de la empresa y de los perfiles de cada usuario. Se ha integrado un configurador de informes que ofrece numerosas posibilidades para analizar los datos, ya sea mediante una tabla de datos, una tabla din\u00e1mica o un gr\u00e1fico, o para exportar los datos en varios formatos (Excel\u00ae, PDF, otros formatos configurables).<\/p>\n<\/p>\n<h3>Una plataforma de trabajo colaborativa y abierta<\/h3>\n<p><p>Facilita los intercambios entre los actores financieros de su empresa (tesorero, director financiero, bancos, etc.) y se integra con las soluciones Sage, as\u00ed como con todos los sistemas ERP del mercado. Los intercambios de datos se facilitan gracias a una interfaz configurable dotada de convertidores.<\/p>\n<\/p>\n<h3>Optimizaci\u00f3n de la relaci\u00f3n entre la filial y la empresa matriz<\/h3>\n<p><p>El organigrama intragrupo y la relaci\u00f3n entre la empresa matriz y sus filiales deben definirse en funci\u00f3n de la organizaci\u00f3n interna de la empresa. Son posibles diferentes tipos de relaciones, como la transferencia de fondos o los pr\u00e9stamos.<\/p>\n<\/p>\n<h3>Incremento de la productividad<\/h3>\n<p><p>Accesible a trav\u00e9s de un simple navegador de Internet y desde diferentes dispositivos (ordenadores, tabletas, tel\u00e9fonos inteligentes), la plataforma, que permite una navegaci\u00f3n sencilla, intuitiva y f\u00e1cil de usar, permite un acceso seguro en cualquier lugar y en cualquier momento para compartir la informaci\u00f3n financiera.<\/p>\n<\/p>\n<h3><red>Saque provecho de la visibilidad integral y en tiempo real de su liquidez, y optimice sus recursos financieros.<\/red><\/h3>\n<\/p>\n<p>Tecnolog\u00eda accesible<\/p>\n<p>Una visi\u00f3n global de la liquidez<\/p>\n<p>Compatibilidad total<\/p>\n<p>Decisiones m\u00e1s acertadas<\/p>\n<p>Seguridad reforzada<\/p>\n<p>Reducci\u00f3n de riesgos<\/p>\n<p>Costes reducidos<\/p>\n<p>Mayor eficiencia<\/p>\n<p>Integraci\u00f3n perfecta<\/p>\n<p>Gesti\u00f3n integral de la tesorer\u00eda<\/p>\n<p>Cumplimiento de la normativa<\/p>\n<h2><\/h2>\n<h3>P\u00e1ginas relacionadas<\/h3>\n<\/p>\n<h3><\/h3>\n<\/p>\n<h3><\/h3><\/p>\n","protected":false},"excerpt":{"rendered":"<p>Las soluciones Sage XRT (Tesorer\u00eda, Intercambio de Negocios, Banca en L\u00ednea) permiten a las empresas de todo el mundo centralizar la informaci\u00f3n del flujo de caja, agilizar los procesos empresariales estrat\u00e9gicos y automatizar las comunicaciones financieras con los socios comerciales y bancarios. . Con sus potentes funciones, Sage XRT Solutions ayuda a las empresas a realizar sus tareas de tesorer\u00eda, gesti\u00f3n de efectivo y banca online. Esenciales para la sustentabilidad de las empresas, estas tres dimensiones son tambi\u00e9n el pilar de estrategias s\u00f3lidas para apoyar su crecimiento.<\/p>\n","protected":false},"author":3,"featured_media":0,"parent":10887,"menu_order":0,"comment_status":"closed","ping_status":"closed","template":"templates\/template-prod_serv.php","meta":{"_acf_changed":false,"footnotes":""},"class_list":["post-10880","page","type-page","status-publish","hentry"],"acf":[],"yoast_head":"<!-- This site is optimized with the Yoast SEO plugin v23.5 - https:\/\/yoast.com\/wordpress\/plugins\/seo\/ -->\n<title>Sage XRT - Deveho<\/title>\n<meta name=\"robots\" content=\"index, follow, max-snippet:-1, max-image-preview:large, max-video-preview:-1\" \/>\n<link rel=\"canonical\" href=\"https:\/\/deveho.com\/products\/sage-xrt\/\" \/>\n<meta property=\"og:locale\" content=\"es_ES\" \/>\n<meta property=\"og:type\" content=\"article\" \/>\n<meta property=\"og:title\" content=\"Sage XRT - Deveho\" \/>\n<meta property=\"og:description\" content=\"Las soluciones Sage XRT (Tesorer\u00eda, Intercambio de Negocios, Banca en L\u00ednea) permiten a las empresas de todo el mundo centralizar la informaci\u00f3n del flujo de caja, agilizar los procesos empresariales estrat\u00e9gicos y automatizar las comunicaciones financieras con los socios comerciales y bancarios. . Con sus potentes funciones, Sage XRT Solutions ayuda a las empresas a realizar sus tareas de tesorer\u00eda, gesti\u00f3n de efectivo y banca online. Esenciales para la sustentabilidad de las empresas, estas tres dimensiones son tambi\u00e9n el pilar de estrategias s\u00f3lidas para apoyar su crecimiento.\" \/>\n<meta property=\"og:url\" content=\"https:\/\/deveho.com\/products\/sage-xrt\/\" \/>\n<meta property=\"og:site_name\" content=\"Deveho\" \/>\n<meta property=\"article:publisher\" content=\"https:\/\/www.facebook.com\/deveho\" \/>\n<meta property=\"article:modified_time\" content=\"2022-10-26T14:07:46+00:00\" \/>\n<meta name=\"twitter:card\" content=\"summary_large_image\" \/>\n<meta name=\"twitter:site\" content=\"@Deveho1\" \/>\n<meta name=\"twitter:label1\" content=\"Tiempo de lectura\" \/>\n\t<meta name=\"twitter:data1\" content=\"2 minutos\" \/>\n<script type=\"application\/ld+json\" class=\"yoast-schema-graph\">{\"@context\":\"https:\/\/schema.org\",\"@graph\":[{\"@type\":\"WebPage\",\"@id\":\"https:\/\/deveho.com\/products\/sage-xrt\/\",\"url\":\"https:\/\/deveho.com\/products\/sage-xrt\/\",\"name\":\"Sage XRT - Deveho\",\"isPartOf\":{\"@id\":\"https:\/\/deveho.com\/#website\"},\"datePublished\":\"2022-08-03T11:15:25+00:00\",\"dateModified\":\"2022-10-26T14:07:46+00:00\",\"breadcrumb\":{\"@id\":\"https:\/\/deveho.com\/products\/sage-xrt\/#breadcrumb\"},\"inLanguage\":\"es\",\"potentialAction\":[{\"@type\":\"ReadAction\",\"target\":[\"https:\/\/deveho.com\/products\/sage-xrt\/\"]}]},{\"@type\":\"BreadcrumbList\",\"@id\":\"https:\/\/deveho.com\/products\/sage-xrt\/#breadcrumb\",\"itemListElement\":[{\"@type\":\"ListItem\",\"position\":1,\"name\":\"Home\",\"item\":\"https:\/\/deveho.com\/es\/\"},{\"@type\":\"ListItem\",\"position\":2,\"name\":\"Productos\",\"item\":\"https:\/\/deveho.com\/es\/productos\/\"},{\"@type\":\"ListItem\",\"position\":3,\"name\":\"Sage XRT\"}]},{\"@type\":\"WebSite\",\"@id\":\"https:\/\/deveho.com\/#website\",\"url\":\"https:\/\/deveho.com\/\",\"name\":\"Deveho Consulting Group\",\"description\":\"Let\u2019s boost your growth\",\"publisher\":{\"@id\":\"https:\/\/deveho.com\/#organization\"},\"potentialAction\":[{\"@type\":\"SearchAction\",\"target\":{\"@type\":\"EntryPoint\",\"urlTemplate\":\"https:\/\/deveho.com\/?s={search_term_string}\"},\"query-input\":{\"@type\":\"PropertyValueSpecification\",\"valueRequired\":true,\"valueName\":\"search_term_string\"}}],\"inLanguage\":\"es\"},{\"@type\":\"Organization\",\"@id\":\"https:\/\/deveho.com\/#organization\",\"name\":\"Deveho Consulting Group\",\"url\":\"https:\/\/deveho.com\/\",\"logo\":{\"@type\":\"ImageObject\",\"inLanguage\":\"es\",\"@id\":\"https:\/\/deveho.com\/#\/schema\/logo\/image\/\",\"url\":\"https:\/\/deveho.com\/wp-content\/uploads\/2023\/02\/DEVEHO-LOGO-Baseline-COLOR.png\",\"contentUrl\":\"https:\/\/deveho.com\/wp-content\/uploads\/2023\/02\/DEVEHO-LOGO-Baseline-COLOR.png\",\"width\":2251,\"height\":585,\"caption\":\"Deveho Consulting Group\"},\"image\":{\"@id\":\"https:\/\/deveho.com\/#\/schema\/logo\/image\/\"},\"sameAs\":[\"https:\/\/www.facebook.com\/deveho\",\"https:\/\/x.com\/Deveho1\",\"https:\/\/www.linkedin.com\/company\/deveho-consulting\/\"]}]}<\/script>\n<!-- \/ Yoast SEO plugin. -->","yoast_head_json":{"title":"Sage XRT - Deveho","robots":{"index":"index","follow":"follow","max-snippet":"max-snippet:-1","max-image-preview":"max-image-preview:large","max-video-preview":"max-video-preview:-1"},"canonical":"https:\/\/deveho.com\/products\/sage-xrt\/","og_locale":"es_ES","og_type":"article","og_title":"Sage XRT - Deveho","og_description":"Las soluciones Sage XRT (Tesorer\u00eda, Intercambio de Negocios, Banca en L\u00ednea) permiten a las empresas de todo el mundo centralizar la informaci\u00f3n del flujo de caja, agilizar los procesos empresariales estrat\u00e9gicos y automatizar las comunicaciones financieras con los socios comerciales y bancarios. . Con sus potentes funciones, Sage XRT Solutions ayuda a las empresas a realizar sus tareas de tesorer\u00eda, gesti\u00f3n de efectivo y banca online. Esenciales para la sustentabilidad de las empresas, estas tres dimensiones son tambi\u00e9n el pilar de estrategias s\u00f3lidas para apoyar su crecimiento.","og_url":"https:\/\/deveho.com\/products\/sage-xrt\/","og_site_name":"Deveho","article_publisher":"https:\/\/www.facebook.com\/deveho","article_modified_time":"2022-10-26T14:07:46+00:00","twitter_card":"summary_large_image","twitter_site":"@Deveho1","twitter_misc":{"Tiempo de lectura":"2 minutos"},"schema":{"@context":"https:\/\/schema.org","@graph":[{"@type":"WebPage","@id":"https:\/\/deveho.com\/products\/sage-xrt\/","url":"https:\/\/deveho.com\/products\/sage-xrt\/","name":"Sage XRT - Deveho","isPartOf":{"@id":"https:\/\/deveho.com\/#website"},"datePublished":"2022-08-03T11:15:25+00:00","dateModified":"2022-10-26T14:07:46+00:00","breadcrumb":{"@id":"https:\/\/deveho.com\/products\/sage-xrt\/#breadcrumb"},"inLanguage":"es","potentialAction":[{"@type":"ReadAction","target":["https:\/\/deveho.com\/products\/sage-xrt\/"]}]},{"@type":"BreadcrumbList","@id":"https:\/\/deveho.com\/products\/sage-xrt\/#breadcrumb","itemListElement":[{"@type":"ListItem","position":1,"name":"Home","item":"https:\/\/deveho.com\/es\/"},{"@type":"ListItem","position":2,"name":"Productos","item":"https:\/\/deveho.com\/es\/productos\/"},{"@type":"ListItem","position":3,"name":"Sage XRT"}]},{"@type":"WebSite","@id":"https:\/\/deveho.com\/#website","url":"https:\/\/deveho.com\/","name":"Deveho Consulting Group","description":"Let\u2019s boost your growth","publisher":{"@id":"https:\/\/deveho.com\/#organization"},"potentialAction":[{"@type":"SearchAction","target":{"@type":"EntryPoint","urlTemplate":"https:\/\/deveho.com\/?s={search_term_string}"},"query-input":{"@type":"PropertyValueSpecification","valueRequired":true,"valueName":"search_term_string"}}],"inLanguage":"es"},{"@type":"Organization","@id":"https:\/\/deveho.com\/#organization","name":"Deveho Consulting Group","url":"https:\/\/deveho.com\/","logo":{"@type":"ImageObject","inLanguage":"es","@id":"https:\/\/deveho.com\/#\/schema\/logo\/image\/","url":"https:\/\/deveho.com\/wp-content\/uploads\/2023\/02\/DEVEHO-LOGO-Baseline-COLOR.png","contentUrl":"https:\/\/deveho.com\/wp-content\/uploads\/2023\/02\/DEVEHO-LOGO-Baseline-COLOR.png","width":2251,"height":585,"caption":"Deveho Consulting Group"},"image":{"@id":"https:\/\/deveho.com\/#\/schema\/logo\/image\/"},"sameAs":["https:\/\/www.facebook.com\/deveho","https:\/\/x.com\/Deveho1","https:\/\/www.linkedin.com\/company\/deveho-consulting\/"]}]}},"_links":{"self":[{"href":"https:\/\/deveho.com\/es\/wp-json\/wp\/v2\/pages\/10880"}],"collection":[{"href":"https:\/\/deveho.com\/es\/wp-json\/wp\/v2\/pages"}],"about":[{"href":"https:\/\/deveho.com\/es\/wp-json\/wp\/v2\/types\/page"}],"author":[{"embeddable":true,"href":"https:\/\/deveho.com\/es\/wp-json\/wp\/v2\/users\/3"}],"replies":[{"embeddable":true,"href":"https:\/\/deveho.com\/es\/wp-json\/wp\/v2\/comments?post=10880"}],"version-history":[{"count":0,"href":"https:\/\/deveho.com\/es\/wp-json\/wp\/v2\/pages\/10880\/revisions"}],"up":[{"embeddable":true,"href":"https:\/\/deveho.com\/es\/wp-json\/wp\/v2\/pages\/10887"}],"wp:attachment":[{"href":"https:\/\/deveho.com\/es\/wp-json\/wp\/v2\/media?parent=10880"}],"curies":[{"name":"wp","href":"https:\/\/api.w.org\/{rel}","templated":true}]}}