{"id":10883,"date":"2022-08-03T13:26:47","date_gmt":"2022-08-03T13:26:47","guid":{"rendered":"https:\/\/deveho2.sfdbeta.be\/sage-frp-1000\/sage-frp-1000-desmaterializacion\/"},"modified":"2022-08-03T13:26:47","modified_gmt":"2022-08-03T13:26:47","slug":"sage-frp-1000-desmaterializacion","status":"publish","type":"page","link":"https:\/\/deveho.com\/es\/productos\/sage-frp-1000\/sage-frp-1000-desmaterializacion\/","title":{"rendered":"SAGE FRP 1000 Desmaterializaci\u00f3n"},"content":{"rendered":"<br \/>\n<h2><\/h2>\n<h3><\/h3>\n<h3><red>La desmaterializaci\u00f3n contribuye a reducir el uso de papel, un problema ecol\u00f3gico importante, y ayuda a mejorar la evaluaci\u00f3n de la certificaci\u00f3n RSC de su empresa. La automatizaci\u00f3n reduce los costes operativos y los tiempos de procesamiento, al tiempo que mejora la trazabilidad y el control de la normativa.<\/red>   <\/h3>\n<\/p>\n<h2>VISITE NUESTRO BLOG PARA ACCEDER A ART\u00cdCULOS E INFORMACI\u00d3N RELACIONADOS CON LOS TEMAS CLAVE DE SU NEGOCIO.<\/h2>\n<h3><\/h3>\n<\/p>\n<h3>Perfiles relacionados<\/h3>\n<p>Descubra sus espacios de asesoramiento, dise\u00f1ados seg\u00fan su perfil, para ayudarle y acompa\u00f1arle en el desarrollo de su negocio.<\/p>\n<h3>Servicios relacionados<\/h3>\n<p>Inf\u00f3rmese sobre los servicios relacionados, que pueden ayudarle y acompa\u00f1arle en el desarrollo de su negocio.<\/p>\n","protected":false},"excerpt":{"rendered":"<p>Aenean eu leo quam. Pellentesque ornare sem lacinia quam venenatis vestibulum. Fusce dapibus, tellus ac cursus commodo, tortor mauris condimentum nibh, ut fermentum massa justo sit amet risus. Cum sociis natoque.<\/p>\n","protected":false},"author":6,"featured_media":0,"parent":10802,"menu_order":0,"comment_status":"closed","ping_status":"closed","template":"templates\/template-prod_serv.php","meta":{"_acf_changed":false,"footnotes":""},"class_list":["post-10883","page","type-page","status-publish","hentry"],"acf":[],"yoast_head":"<!-- This site is optimized with the Yoast SEO plugin v23.5 - https:\/\/yoast.com\/wordpress\/plugins\/seo\/ -->\n<title>SAGE FRP 1000 Desmaterializaci\u00f3n - Deveho<\/title>\n<meta name=\"robots\" content=\"index, follow, max-snippet:-1, max-image-preview:large, max-video-preview:-1\" \/>\n<link rel=\"canonical\" href=\"https:\/\/deveho.com\/products\/sage-frp-1000\/sage-frp-1000-dematerialisation\/\" \/>\n<meta property=\"og:locale\" content=\"es_ES\" \/>\n<meta property=\"og:type\" content=\"article\" \/>\n<meta property=\"og:title\" content=\"SAGE FRP 1000 Desmaterializaci\u00f3n - Deveho\" \/>\n<meta property=\"og:description\" content=\"Aenean eu leo quam. Pellentesque ornare sem lacinia quam venenatis vestibulum. Fusce dapibus, tellus ac cursus commodo, tortor mauris condimentum nibh, ut fermentum massa justo sit amet risus. Cum sociis natoque.\" \/>\n<meta property=\"og:url\" content=\"https:\/\/deveho.com\/products\/sage-frp-1000\/sage-frp-1000-dematerialisation\/\" \/>\n<meta property=\"og:site_name\" content=\"Deveho\" \/>\n<meta property=\"article:publisher\" content=\"https:\/\/www.facebook.com\/deveho\" \/>\n<meta name=\"twitter:card\" content=\"summary_large_image\" \/>\n<meta name=\"twitter:site\" content=\"@Deveho1\" \/>\n<meta name=\"twitter:label1\" content=\"Tiempo de lectura\" \/>\n\t<meta name=\"twitter:data1\" content=\"1 minuto\" \/>\n<script type=\"application\/ld+json\" class=\"yoast-schema-graph\">{\"@context\":\"https:\/\/schema.org\",\"@graph\":[{\"@type\":\"WebPage\",\"@id\":\"https:\/\/deveho.com\/products\/sage-frp-1000\/sage-frp-1000-dematerialisation\/\",\"url\":\"https:\/\/deveho.com\/products\/sage-frp-1000\/sage-frp-1000-dematerialisation\/\",\"name\":\"SAGE FRP 1000 Desmaterializaci\u00f3n - Deveho\",\"isPartOf\":{\"@id\":\"https:\/\/deveho.com\/#website\"},\"datePublished\":\"2022-08-03T13:26:47+00:00\",\"dateModified\":\"2022-08-03T13:26:47+00:00\",\"breadcrumb\":{\"@id\":\"https:\/\/deveho.com\/products\/sage-frp-1000\/sage-frp-1000-dematerialisation\/#breadcrumb\"},\"inLanguage\":\"es\",\"potentialAction\":[{\"@type\":\"ReadAction\",\"target\":[\"https:\/\/deveho.com\/products\/sage-frp-1000\/sage-frp-1000-dematerialisation\/\"]}]},{\"@type\":\"BreadcrumbList\",\"@id\":\"https:\/\/deveho.com\/products\/sage-frp-1000\/sage-frp-1000-dematerialisation\/#breadcrumb\",\"itemListElement\":[{\"@type\":\"ListItem\",\"position\":1,\"name\":\"Home\",\"item\":\"https:\/\/deveho.com\/es\/\"},{\"@type\":\"ListItem\",\"position\":2,\"name\":\"Productos\",\"item\":\"https:\/\/deveho.com\/es\/productos\/\"},{\"@type\":\"ListItem\",\"position\":3,\"name\":\"Sage FRP 1000\",\"item\":\"https:\/\/deveho.com\/products\/sage-frp-1000\/\"},{\"@type\":\"ListItem\",\"position\":4,\"name\":\"SAGE FRP 1000 Desmaterializaci\u00f3n\"}]},{\"@type\":\"WebSite\",\"@id\":\"https:\/\/deveho.com\/#website\",\"url\":\"https:\/\/deveho.com\/\",\"name\":\"Deveho Consulting Group\",\"description\":\"Let\u2019s boost your growth\",\"publisher\":{\"@id\":\"https:\/\/deveho.com\/#organization\"},\"potentialAction\":[{\"@type\":\"SearchAction\",\"target\":{\"@type\":\"EntryPoint\",\"urlTemplate\":\"https:\/\/deveho.com\/?s={search_term_string}\"},\"query-input\":{\"@type\":\"PropertyValueSpecification\",\"valueRequired\":true,\"valueName\":\"search_term_string\"}}],\"inLanguage\":\"es\"},{\"@type\":\"Organization\",\"@id\":\"https:\/\/deveho.com\/#organization\",\"name\":\"Deveho Consulting Group\",\"url\":\"https:\/\/deveho.com\/\",\"logo\":{\"@type\":\"ImageObject\",\"inLanguage\":\"es\",\"@id\":\"https:\/\/deveho.com\/#\/schema\/logo\/image\/\",\"url\":\"https:\/\/deveho.com\/wp-content\/uploads\/2023\/02\/DEVEHO-LOGO-Baseline-COLOR.png\",\"contentUrl\":\"https:\/\/deveho.com\/wp-content\/uploads\/2023\/02\/DEVEHO-LOGO-Baseline-COLOR.png\",\"width\":2251,\"height\":585,\"caption\":\"Deveho Consulting Group\"},\"image\":{\"@id\":\"https:\/\/deveho.com\/#\/schema\/logo\/image\/\"},\"sameAs\":[\"https:\/\/www.facebook.com\/deveho\",\"https:\/\/x.com\/Deveho1\",\"https:\/\/www.linkedin.com\/company\/deveho-consulting\/\"]}]}<\/script>\n<!-- \/ Yoast SEO plugin. -->","yoast_head_json":{"title":"SAGE FRP 1000 Desmaterializaci\u00f3n - Deveho","robots":{"index":"index","follow":"follow","max-snippet":"max-snippet:-1","max-image-preview":"max-image-preview:large","max-video-preview":"max-video-preview:-1"},"canonical":"https:\/\/deveho.com\/products\/sage-frp-1000\/sage-frp-1000-dematerialisation\/","og_locale":"es_ES","og_type":"article","og_title":"SAGE FRP 1000 Desmaterializaci\u00f3n - Deveho","og_description":"Aenean eu leo quam. Pellentesque ornare sem lacinia quam venenatis vestibulum. Fusce dapibus, tellus ac cursus commodo, tortor mauris condimentum nibh, ut fermentum massa justo sit amet risus. Cum sociis natoque.","og_url":"https:\/\/deveho.com\/products\/sage-frp-1000\/sage-frp-1000-dematerialisation\/","og_site_name":"Deveho","article_publisher":"https:\/\/www.facebook.com\/deveho","twitter_card":"summary_large_image","twitter_site":"@Deveho1","twitter_misc":{"Tiempo de lectura":"1 minuto"},"schema":{"@context":"https:\/\/schema.org","@graph":[{"@type":"WebPage","@id":"https:\/\/deveho.com\/products\/sage-frp-1000\/sage-frp-1000-dematerialisation\/","url":"https:\/\/deveho.com\/products\/sage-frp-1000\/sage-frp-1000-dematerialisation\/","name":"SAGE FRP 1000 Desmaterializaci\u00f3n - Deveho","isPartOf":{"@id":"https:\/\/deveho.com\/#website"},"datePublished":"2022-08-03T13:26:47+00:00","dateModified":"2022-08-03T13:26:47+00:00","breadcrumb":{"@id":"https:\/\/deveho.com\/products\/sage-frp-1000\/sage-frp-1000-dematerialisation\/#breadcrumb"},"inLanguage":"es","potentialAction":[{"@type":"ReadAction","target":["https:\/\/deveho.com\/products\/sage-frp-1000\/sage-frp-1000-dematerialisation\/"]}]},{"@type":"BreadcrumbList","@id":"https:\/\/deveho.com\/products\/sage-frp-1000\/sage-frp-1000-dematerialisation\/#breadcrumb","itemListElement":[{"@type":"ListItem","position":1,"name":"Home","item":"https:\/\/deveho.com\/es\/"},{"@type":"ListItem","position":2,"name":"Productos","item":"https:\/\/deveho.com\/es\/productos\/"},{"@type":"ListItem","position":3,"name":"Sage FRP 1000","item":"https:\/\/deveho.com\/products\/sage-frp-1000\/"},{"@type":"ListItem","position":4,"name":"SAGE FRP 1000 Desmaterializaci\u00f3n"}]},{"@type":"WebSite","@id":"https:\/\/deveho.com\/#website","url":"https:\/\/deveho.com\/","name":"Deveho Consulting Group","description":"Let\u2019s boost your growth","publisher":{"@id":"https:\/\/deveho.com\/#organization"},"potentialAction":[{"@type":"SearchAction","target":{"@type":"EntryPoint","urlTemplate":"https:\/\/deveho.com\/?s={search_term_string}"},"query-input":{"@type":"PropertyValueSpecification","valueRequired":true,"valueName":"search_term_string"}}],"inLanguage":"es"},{"@type":"Organization","@id":"https:\/\/deveho.com\/#organization","name":"Deveho Consulting Group","url":"https:\/\/deveho.com\/","logo":{"@type":"ImageObject","inLanguage":"es","@id":"https:\/\/deveho.com\/#\/schema\/logo\/image\/","url":"https:\/\/deveho.com\/wp-content\/uploads\/2023\/02\/DEVEHO-LOGO-Baseline-COLOR.png","contentUrl":"https:\/\/deveho.com\/wp-content\/uploads\/2023\/02\/DEVEHO-LOGO-Baseline-COLOR.png","width":2251,"height":585,"caption":"Deveho Consulting Group"},"image":{"@id":"https:\/\/deveho.com\/#\/schema\/logo\/image\/"},"sameAs":["https:\/\/www.facebook.com\/deveho","https:\/\/x.com\/Deveho1","https:\/\/www.linkedin.com\/company\/deveho-consulting\/"]}]}},"_links":{"self":[{"href":"https:\/\/deveho.com\/es\/wp-json\/wp\/v2\/pages\/10883"}],"collection":[{"href":"https:\/\/deveho.com\/es\/wp-json\/wp\/v2\/pages"}],"about":[{"href":"https:\/\/deveho.com\/es\/wp-json\/wp\/v2\/types\/page"}],"author":[{"embeddable":true,"href":"https:\/\/deveho.com\/es\/wp-json\/wp\/v2\/users\/6"}],"replies":[{"embeddable":true,"href":"https:\/\/deveho.com\/es\/wp-json\/wp\/v2\/comments?post=10883"}],"version-history":[{"count":0,"href":"https:\/\/deveho.com\/es\/wp-json\/wp\/v2\/pages\/10883\/revisions"}],"up":[{"embeddable":true,"href":"https:\/\/deveho.com\/es\/wp-json\/wp\/v2\/pages\/10802"}],"wp:attachment":[{"href":"https:\/\/deveho.com\/es\/wp-json\/wp\/v2\/media?parent=10883"}],"curies":[{"name":"wp","href":"https:\/\/api.w.org\/{rel}","templated":true}]}}