{"id":28352,"date":"2024-02-27T16:01:48","date_gmt":"2024-02-27T14:01:48","guid":{"rendered":"https:\/\/deveho.com\/?page_id=28352"},"modified":"2024-12-16T14:40:10","modified_gmt":"2024-12-16T12:40:10","slug":"en-francia","status":"publish","type":"page","link":"https:\/\/deveho.com\/es\/servicios\/facturacion-electronica\/en-francia\/","title":{"rendered":"Facturaci\u00f3n electr\u00f3nica en Francia"},"content":{"rendered":"<br \/>\n<h2>Todo sobre la facturaci\u00f3n electr\u00f3nica<\/h2>\n<h3><red>\u00a1Nueva agenda<\/red> para preparar la facturaci\u00f3n electr\u00f3nica en Francia!<\/h3>\n<h3>La DGFIP ha anunciado los nuevos plazos para la introducci\u00f3n de la factura electr\u00f3nica en Francia a partir del <b><br \/>1 de septiembre de 2026.<br \/>\n<br \/><red>Empieza a prepararte ya.<\/red><\/b><br \/>\n<br \/>Nuestros equipos est\u00e1n a su disposici\u00f3n para ayudarle con su plan de facturaci\u00f3n electr\u00f3nica.<\/h3>\n<p><p>La facturaci\u00f3n electr\u00f3nica en Francia forma parte de un movimiento hacia las transacciones sin papel. A partir de septiembre de 2026, todas las empresas francesas, independientemente de su tama\u00f1o, deber\u00e1n poder recibir facturas en formato electr\u00f3nico.<\/p>\n<p>Este proyecto est\u00e1 dirigido por el Gobierno franc\u00e9s con el objetivo de simplificar la cadena de facturaci\u00f3n y pago y optimizar la recaudaci\u00f3n del IVA. Su impacto ser\u00e1 considerable. Por eso es importante entender c\u00f3mo afectar\u00e1 la facturaci\u00f3n electr\u00f3nica a las empresas.<\/p>\n<p>Podemos hablar de un aumento masivo de los intercambios sin papel.<\/p>\n<p>El calendario de aplicaci\u00f3n de la reforma permite a las empresas y a sus socios (editores de programas de facturaci\u00f3n, plataformas de flujo de datos, etc.) organizarse r\u00e1pidamente.<\/p>\n<p><img loading=\"lazy\" decoding=\"async\" class=\"aligncenter wp-image-28306\" src=\"https:\/\/deveho.com\/wp-content\/uploads\/2024\/02\/3-2-e1709025340587.jpg\" alt=\"Facturacion electronica en Francia\" width=\"495\" height=\"316\" srcset=\"https:\/\/deveho.com\/wp-content\/uploads\/2024\/02\/3-2-e1709025340587.jpg 1200w, https:\/\/deveho.com\/wp-content\/uploads\/2024\/02\/3-2-e1709025340587-300x192.jpg 300w, https:\/\/deveho.com\/wp-content\/uploads\/2024\/02\/3-2-e1709025340587-1024x654.jpg 1024w, https:\/\/deveho.com\/wp-content\/uploads\/2024\/02\/3-2-e1709025340587-150x96.jpg 150w, https:\/\/deveho.com\/wp-content\/uploads\/2024\/02\/3-2-e1709025340587-768x490.jpg 768w\" sizes=\"(max-width: 495px) 100vw, 495px\" \/><\/p>\n<p>Inf\u00f3rmese sobre los requisitos locales para la facturaci\u00f3n electr\u00f3nica en Francia.<\/p>\n<\/p>\n<h2>Anticipaci\u00f3n, comprensi\u00f3n, comunicaci\u00f3n<\/h2>\n<p>Para facilitar a las empresas el cumplimiento de la normativa, las soluciones de gesti\u00f3n avanzan hacia una mayor automatizaci\u00f3n de la introducci\u00f3n de datos, la importaci\u00f3n de datos bancarios y la facturaci\u00f3n sin papel.<\/p>\n<p><p><strong>\u00bfQu\u00e9 cambia con la facturaci\u00f3n electr\u00f3nica?<\/strong><\/p>\n<p>La facturaci\u00f3n electr\u00f3nica B2B obligatoria simplifica la tramitaci\u00f3n de las facturas entrantes y salientes, as\u00ed como la presentaci\u00f3n de las declaraciones del IVA.<\/p>\n<p>&nbsp;<\/p>\n<\/p>\n<p><p>Integraci\u00f3n m\u00e1s sencilla de todas las facturas recibidas en los sistemas contables de las empresas.<br \/>\nControl a priori de la conformidad de las facturas emitidas y rechazo en origen de las facturas no conformes.<br \/>\nTransparencia para los clientes sobre el estado de tramitaci\u00f3n de las facturas.<br \/>\nDescubra los requisitos de <a href=\"https:\/\/deveho.com\/es\/servicios\/facturacion-electronica\/\">facturaci\u00f3n electr\u00f3nica en todo el mundo<\/a>.<\/p>\n<\/p>\n<h2><\/h2>\n<h3>Los nuevos <red>requisitos<\/red><\/h3>\n<h3>A partir del 1 de septiembre de 2026, tendr\u00e1 que poder recibir una factura electr\u00f3nica; las nuevas obligaciones se ir\u00e1n a\u00f1adiendo progresivamente hasta 2027.<br \/>\n<\/h3>\n<\/p>\n<h2><\/h2>\n<h3><red>Caracter\u00edsticas <\/red>de la facturaci\u00f3n electr\u00f3nica<\/h3>\n<h3><\/h3>\n<\/p>\n<h2><\/h2>\n<h3><red>Ventajas <\/red>de la facturaci\u00f3n electr\u00f3nica<\/h3>\n<h3><\/h3><\/p>\n","protected":false},"excerpt":{"rendered":"<p>La factura electr\u00f3nica es una factura sin papel. Con la facturaci\u00f3n electr\u00f3nica, decimos adi\u00f3s al papel y hola a la sencillez.<\/p>\n","protected":false},"author":34,"featured_media":0,"parent":28333,"menu_order":0,"comment_status":"closed","ping_status":"closed","template":"templates\/template-prod_serv.php","meta":{"_acf_changed":false,"footnotes":""},"class_list":["post-28352","page","type-page","status-publish","hentry"],"acf":[],"yoast_head":"<!-- This site is optimized with the Yoast SEO plugin v23.5 - https:\/\/yoast.com\/wordpress\/plugins\/seo\/ -->\n<title>Facturaci\u00f3n electr\u00f3nica en Francia - Deveho<\/title>\n<meta name=\"description\" content=\"La factura electr\u00f3nica es una factura sin papel. Con la facturaci\u00f3n electr\u00f3nica en Francia, decimos adi\u00f3s al papel y hola a la sencillez.\" \/>\n<meta name=\"robots\" content=\"index, follow, max-snippet:-1, max-image-preview:large, max-video-preview:-1\" \/>\n<link rel=\"canonical\" href=\"https:\/\/deveho.com\/es\/servicios\/facturacion-electronica\/en-francia\/\" \/>\n<meta property=\"og:locale\" content=\"es_ES\" \/>\n<meta property=\"og:type\" content=\"article\" \/>\n<meta property=\"og:title\" content=\"Facturaci\u00f3n electr\u00f3nica en Francia - Deveho\" \/>\n<meta property=\"og:description\" content=\"La factura electr\u00f3nica es una factura sin papel. Con la facturaci\u00f3n electr\u00f3nica en Francia, decimos adi\u00f3s al papel y hola a la sencillez.\" \/>\n<meta property=\"og:url\" content=\"https:\/\/deveho.com\/es\/servicios\/facturacion-electronica\/en-francia\/\" \/>\n<meta property=\"og:site_name\" content=\"Deveho\" \/>\n<meta property=\"article:publisher\" content=\"https:\/\/www.facebook.com\/deveho\" \/>\n<meta property=\"article:modified_time\" content=\"2024-12-16T12:40:10+00:00\" \/>\n<meta property=\"og:image\" content=\"https:\/\/deveho.com\/wp-content\/uploads\/2024\/02\/3-2-e1709025340587.jpg\" \/>\n<meta name=\"twitter:card\" content=\"summary_large_image\" \/>\n<meta name=\"twitter:site\" content=\"@Deveho1\" \/>\n<meta name=\"twitter:label1\" content=\"Tiempo de lectura\" \/>\n\t<meta name=\"twitter:data1\" content=\"2 minutos\" \/>\n<script type=\"application\/ld+json\" class=\"yoast-schema-graph\">{\"@context\":\"https:\/\/schema.org\",\"@graph\":[{\"@type\":\"WebPage\",\"@id\":\"https:\/\/deveho.com\/es\/servicios\/facturacion-electronica\/en-francia\/\",\"url\":\"https:\/\/deveho.com\/es\/servicios\/facturacion-electronica\/en-francia\/\",\"name\":\"Facturaci\u00f3n electr\u00f3nica en Francia - Deveho\",\"isPartOf\":{\"@id\":\"https:\/\/deveho.com\/#website\"},\"primaryImageOfPage\":{\"@id\":\"https:\/\/deveho.com\/es\/servicios\/facturacion-electronica\/en-francia\/#primaryimage\"},\"image\":{\"@id\":\"https:\/\/deveho.com\/es\/servicios\/facturacion-electronica\/en-francia\/#primaryimage\"},\"thumbnailUrl\":\"https:\/\/deveho.com\/wp-content\/uploads\/2024\/02\/3-2-e1709025340587.jpg\",\"datePublished\":\"2024-02-27T14:01:48+00:00\",\"dateModified\":\"2024-12-16T12:40:10+00:00\",\"description\":\"La factura electr\u00f3nica es una factura sin papel. Con la facturaci\u00f3n electr\u00f3nica en Francia, decimos adi\u00f3s al papel y hola a la sencillez.\",\"breadcrumb\":{\"@id\":\"https:\/\/deveho.com\/es\/servicios\/facturacion-electronica\/en-francia\/#breadcrumb\"},\"inLanguage\":\"es\",\"potentialAction\":[{\"@type\":\"ReadAction\",\"target\":[\"https:\/\/deveho.com\/es\/servicios\/facturacion-electronica\/en-francia\/\"]}]},{\"@type\":\"ImageObject\",\"inLanguage\":\"es\",\"@id\":\"https:\/\/deveho.com\/es\/servicios\/facturacion-electronica\/en-francia\/#primaryimage\",\"url\":\"https:\/\/deveho.com\/wp-content\/uploads\/2024\/02\/3-2-e1709025340587.jpg\",\"contentUrl\":\"https:\/\/deveho.com\/wp-content\/uploads\/2024\/02\/3-2-e1709025340587.jpg\"},{\"@type\":\"BreadcrumbList\",\"@id\":\"https:\/\/deveho.com\/es\/servicios\/facturacion-electronica\/en-francia\/#breadcrumb\",\"itemListElement\":[{\"@type\":\"ListItem\",\"position\":1,\"name\":\"Home\",\"item\":\"https:\/\/deveho.com\/es\/\"},{\"@type\":\"ListItem\",\"position\":2,\"name\":\"Servicios\",\"item\":\"https:\/\/deveho.com\/es\/servicios\/\"},{\"@type\":\"ListItem\",\"position\":3,\"name\":\"facturaci\u00f3n electr\u00f3nica\",\"item\":\"https:\/\/deveho.com\/es\/servicios\/facturacion-electronica\/\"},{\"@type\":\"ListItem\",\"position\":4,\"name\":\"Facturaci\u00f3n electr\u00f3nica en Francia\"}]},{\"@type\":\"WebSite\",\"@id\":\"https:\/\/deveho.com\/#website\",\"url\":\"https:\/\/deveho.com\/\",\"name\":\"Deveho Consulting Group\",\"description\":\"Let\u2019s boost your growth\",\"publisher\":{\"@id\":\"https:\/\/deveho.com\/#organization\"},\"potentialAction\":[{\"@type\":\"SearchAction\",\"target\":{\"@type\":\"EntryPoint\",\"urlTemplate\":\"https:\/\/deveho.com\/?s={search_term_string}\"},\"query-input\":{\"@type\":\"PropertyValueSpecification\",\"valueRequired\":true,\"valueName\":\"search_term_string\"}}],\"inLanguage\":\"es\"},{\"@type\":\"Organization\",\"@id\":\"https:\/\/deveho.com\/#organization\",\"name\":\"Deveho Consulting Group\",\"url\":\"https:\/\/deveho.com\/\",\"logo\":{\"@type\":\"ImageObject\",\"inLanguage\":\"es\",\"@id\":\"https:\/\/deveho.com\/#\/schema\/logo\/image\/\",\"url\":\"https:\/\/deveho.com\/wp-content\/uploads\/2023\/02\/DEVEHO-LOGO-Baseline-COLOR.png\",\"contentUrl\":\"https:\/\/deveho.com\/wp-content\/uploads\/2023\/02\/DEVEHO-LOGO-Baseline-COLOR.png\",\"width\":2251,\"height\":585,\"caption\":\"Deveho Consulting Group\"},\"image\":{\"@id\":\"https:\/\/deveho.com\/#\/schema\/logo\/image\/\"},\"sameAs\":[\"https:\/\/www.facebook.com\/deveho\",\"https:\/\/x.com\/Deveho1\",\"https:\/\/www.linkedin.com\/company\/deveho-consulting\/\"]}]}<\/script>\n<!-- \/ Yoast SEO plugin. -->","yoast_head_json":{"title":"Facturaci\u00f3n electr\u00f3nica en Francia - Deveho","description":"La factura electr\u00f3nica es una factura sin papel. Con la facturaci\u00f3n electr\u00f3nica en Francia, decimos adi\u00f3s al papel y hola a la sencillez.","robots":{"index":"index","follow":"follow","max-snippet":"max-snippet:-1","max-image-preview":"max-image-preview:large","max-video-preview":"max-video-preview:-1"},"canonical":"https:\/\/deveho.com\/es\/servicios\/facturacion-electronica\/en-francia\/","og_locale":"es_ES","og_type":"article","og_title":"Facturaci\u00f3n electr\u00f3nica en Francia - Deveho","og_description":"La factura electr\u00f3nica es una factura sin papel. Con la facturaci\u00f3n electr\u00f3nica en Francia, decimos adi\u00f3s al papel y hola a la sencillez.","og_url":"https:\/\/deveho.com\/es\/servicios\/facturacion-electronica\/en-francia\/","og_site_name":"Deveho","article_publisher":"https:\/\/www.facebook.com\/deveho","article_modified_time":"2024-12-16T12:40:10+00:00","og_image":[{"url":"https:\/\/deveho.com\/wp-content\/uploads\/2024\/02\/3-2-e1709025340587.jpg"}],"twitter_card":"summary_large_image","twitter_site":"@Deveho1","twitter_misc":{"Tiempo de lectura":"2 minutos"},"schema":{"@context":"https:\/\/schema.org","@graph":[{"@type":"WebPage","@id":"https:\/\/deveho.com\/es\/servicios\/facturacion-electronica\/en-francia\/","url":"https:\/\/deveho.com\/es\/servicios\/facturacion-electronica\/en-francia\/","name":"Facturaci\u00f3n electr\u00f3nica en Francia - Deveho","isPartOf":{"@id":"https:\/\/deveho.com\/#website"},"primaryImageOfPage":{"@id":"https:\/\/deveho.com\/es\/servicios\/facturacion-electronica\/en-francia\/#primaryimage"},"image":{"@id":"https:\/\/deveho.com\/es\/servicios\/facturacion-electronica\/en-francia\/#primaryimage"},"thumbnailUrl":"https:\/\/deveho.com\/wp-content\/uploads\/2024\/02\/3-2-e1709025340587.jpg","datePublished":"2024-02-27T14:01:48+00:00","dateModified":"2024-12-16T12:40:10+00:00","description":"La factura electr\u00f3nica es una factura sin papel. Con la facturaci\u00f3n electr\u00f3nica en Francia, decimos adi\u00f3s al papel y hola a la sencillez.","breadcrumb":{"@id":"https:\/\/deveho.com\/es\/servicios\/facturacion-electronica\/en-francia\/#breadcrumb"},"inLanguage":"es","potentialAction":[{"@type":"ReadAction","target":["https:\/\/deveho.com\/es\/servicios\/facturacion-electronica\/en-francia\/"]}]},{"@type":"ImageObject","inLanguage":"es","@id":"https:\/\/deveho.com\/es\/servicios\/facturacion-electronica\/en-francia\/#primaryimage","url":"https:\/\/deveho.com\/wp-content\/uploads\/2024\/02\/3-2-e1709025340587.jpg","contentUrl":"https:\/\/deveho.com\/wp-content\/uploads\/2024\/02\/3-2-e1709025340587.jpg"},{"@type":"BreadcrumbList","@id":"https:\/\/deveho.com\/es\/servicios\/facturacion-electronica\/en-francia\/#breadcrumb","itemListElement":[{"@type":"ListItem","position":1,"name":"Home","item":"https:\/\/deveho.com\/es\/"},{"@type":"ListItem","position":2,"name":"Servicios","item":"https:\/\/deveho.com\/es\/servicios\/"},{"@type":"ListItem","position":3,"name":"facturaci\u00f3n electr\u00f3nica","item":"https:\/\/deveho.com\/es\/servicios\/facturacion-electronica\/"},{"@type":"ListItem","position":4,"name":"Facturaci\u00f3n electr\u00f3nica en Francia"}]},{"@type":"WebSite","@id":"https:\/\/deveho.com\/#website","url":"https:\/\/deveho.com\/","name":"Deveho Consulting Group","description":"Let\u2019s boost your growth","publisher":{"@id":"https:\/\/deveho.com\/#organization"},"potentialAction":[{"@type":"SearchAction","target":{"@type":"EntryPoint","urlTemplate":"https:\/\/deveho.com\/?s={search_term_string}"},"query-input":{"@type":"PropertyValueSpecification","valueRequired":true,"valueName":"search_term_string"}}],"inLanguage":"es"},{"@type":"Organization","@id":"https:\/\/deveho.com\/#organization","name":"Deveho Consulting Group","url":"https:\/\/deveho.com\/","logo":{"@type":"ImageObject","inLanguage":"es","@id":"https:\/\/deveho.com\/#\/schema\/logo\/image\/","url":"https:\/\/deveho.com\/wp-content\/uploads\/2023\/02\/DEVEHO-LOGO-Baseline-COLOR.png","contentUrl":"https:\/\/deveho.com\/wp-content\/uploads\/2023\/02\/DEVEHO-LOGO-Baseline-COLOR.png","width":2251,"height":585,"caption":"Deveho Consulting Group"},"image":{"@id":"https:\/\/deveho.com\/#\/schema\/logo\/image\/"},"sameAs":["https:\/\/www.facebook.com\/deveho","https:\/\/x.com\/Deveho1","https:\/\/www.linkedin.com\/company\/deveho-consulting\/"]}]}},"_links":{"self":[{"href":"https:\/\/deveho.com\/es\/wp-json\/wp\/v2\/pages\/28352"}],"collection":[{"href":"https:\/\/deveho.com\/es\/wp-json\/wp\/v2\/pages"}],"about":[{"href":"https:\/\/deveho.com\/es\/wp-json\/wp\/v2\/types\/page"}],"author":[{"embeddable":true,"href":"https:\/\/deveho.com\/es\/wp-json\/wp\/v2\/users\/34"}],"replies":[{"embeddable":true,"href":"https:\/\/deveho.com\/es\/wp-json\/wp\/v2\/comments?post=28352"}],"version-history":[{"count":3,"href":"https:\/\/deveho.com\/es\/wp-json\/wp\/v2\/pages\/28352\/revisions"}],"predecessor-version":[{"id":36341,"href":"https:\/\/deveho.com\/es\/wp-json\/wp\/v2\/pages\/28352\/revisions\/36341"}],"up":[{"embeddable":true,"href":"https:\/\/deveho.com\/es\/wp-json\/wp\/v2\/pages\/28333"}],"wp:attachment":[{"href":"https:\/\/deveho.com\/es\/wp-json\/wp\/v2\/media?parent=28352"}],"curies":[{"name":"wp","href":"https:\/\/api.w.org\/{rel}","templated":true}]}}