{"id":28372,"date":"2024-02-27T16:05:54","date_gmt":"2024-02-27T14:05:54","guid":{"rendered":"https:\/\/deveho.com\/?page_id=28372"},"modified":"2024-12-16T15:23:24","modified_gmt":"2024-12-16T13:23:24","slug":"en-rumania","status":"publish","type":"page","link":"https:\/\/deveho.com\/es\/servicios\/facturacion-electronica\/en-rumania\/","title":{"rendered":"Sistema de facturaci\u00f3n electr\u00f3nica en Ruman\u00eda"},"content":{"rendered":"<br \/>\n<h2><\/h2>\n<h3>Requisitos del <br \/>sistema rumano de <br \/>facturaci\u00f3n electr\u00f3nica<\/h3>\n<h3><\/h3>\n<p><p>La facturaci\u00f3n electr\u00f3nica se ha revelado como una soluci\u00f3n moderna y eficaz para gestionar las transacciones comerciales a escala mundial. En Ruman\u00eda, la normativa sobre facturaci\u00f3n electr\u00f3nica ha evolucionado para reflejar esta tendencia y fomentar la adopci\u00f3n de m\u00e9todos m\u00e1s eficientes.<\/p>\n<p>Ruman\u00eda ha desarrollado varias soluciones para gestionar la facturaci\u00f3n electr\u00f3nica:<\/p>\n<ul>\n<li><strong><a href=\"https:\/\/deveho.com\/es\/servicios\/facturacion-electronica\/en-rumania\/e-factura\/\">E-FACTURA<\/a><\/strong><\/li>\n<li><strong>E-TRANSPORT<\/strong><\/li>\n<\/ul>\n<p>El 15 de diciembre de 2023 entraron en vigor una serie de modificaciones del RO E-Transport System. Antes de la publicaci\u00f3n del EGO no. 115\/2023, el sistema RO E-Transport s\u00f3lo se aplicaba en el caso del transporte por carretera de mercanc\u00edas con alto riesgo fiscal realizado dentro de Ruman\u00eda. Esto inclu\u00eda varias obligaciones de informaci\u00f3n para las entidades implicadas en transacciones con y\/o el transporte por carretera de tales mercanc\u00edas.<\/p>\n<p>Sin embargo, con la nueva publicaci\u00f3n, el \u00e1mbito de aplicaci\u00f3n del sistema RO E-Transport se ha ampliado para incluir tambi\u00e9n la obligaci\u00f3n de informar sobre el transporte internacional de mercanc\u00edas por carretera. Dichos transportes deber\u00e1n notificarse independientemente de la naturaleza de las mercanc\u00edas (es decir, no solo en el caso de mercanc\u00edas con alto riesgo fiscal).<\/p>\n<p>Aunque las medidas relativas a la notificaci\u00f3n del transporte internacional de mercanc\u00edas por carretera ya entraron en vigor el 15 de diciembre de 2023, las sanciones por incumplimiento de las nuevas obligaciones relativas al transporte internacional de mercanc\u00edas por carretera entraron en vigor el 1 de julio de 2024.<\/p>\n<p>La obligaci\u00f3n de declarar en el Sistema RO E-Transport los datos relativos al transporte internacional de mercanc\u00edas incumbe a los siguientes usuarios:<br \/>\n-El destinatario que figure en la declaraci\u00f3n en aduana de importaci\u00f3n o el remitente que figure en la declaraci\u00f3n en aduana de exportaci\u00f3n, seg\u00fan proceda, para las mercanc\u00edas sujetas a operaciones de importaci\u00f3n o exportaci\u00f3n;<br \/>\n-el perceptor en Ruman\u00eda en caso de adquisiciones intracomunitarias de bienes;<br \/>\n-el proveedor en Ruman\u00eda, en caso de entregas intracomunitarias de mercanc\u00edas;<br \/>\n-el depositario, en el caso de mercanc\u00edas sujetas a transacciones intracomunitarias en tr\u00e1nsito.<\/p>\n<\/p>\n<h2><\/h2>\n<h3><red>Entorno normativo de la facturaci\u00f3n electr\u00f3nica en Ruman\u00eda<\/red><\/h3>\n<h3><\/h3>\n<\/p>\n<h2><\/h2>\n<h3>Ventajas de la <br \/>facturaci\u00f3n electr\u00f3nica <br \/>en Ruman\u00eda<\/h3>\n<h3><\/h3><\/p>\n","protected":false},"excerpt":{"rendered":"<p>La facturaci\u00f3n electr\u00f3nica se ha revelado como una soluci\u00f3n moderna y eficaz para gestionar las transacciones comerciales a escala mundial. En Ruman\u00eda, la normativa sobre facturaci\u00f3n electr\u00f3nica ha evolucionado para reflejar esta tendencia y fomentar la adopci\u00f3n de m\u00e9todos m\u00e1s eficientes.<\/p>\n","protected":false},"author":34,"featured_media":0,"parent":28333,"menu_order":0,"comment_status":"closed","ping_status":"closed","template":"templates\/template-prod_serv.php","meta":{"_acf_changed":false,"footnotes":""},"class_list":["post-28372","page","type-page","status-publish","hentry"],"acf":[],"yoast_head":"<!-- This site is optimized with the Yoast SEO plugin v23.5 - https:\/\/yoast.com\/wordpress\/plugins\/seo\/ -->\n<title>Facturaci\u00f3n electr\u00f3nica en Ruman\u00eda - Deveho<\/title>\n<meta name=\"description\" content=\"Se han desarrollado varias soluciones para gestionar la facturaci\u00f3n electr\u00f3nica en Ruman\u00eda: E-Factura y E-Transport.\" \/>\n<meta name=\"robots\" content=\"index, follow, max-snippet:-1, max-image-preview:large, max-video-preview:-1\" \/>\n<link rel=\"canonical\" href=\"https:\/\/deveho.com\/es\/servicios\/facturacion-electronica\/en-rumania\/\" \/>\n<meta property=\"og:locale\" content=\"es_ES\" \/>\n<meta property=\"og:type\" content=\"article\" \/>\n<meta property=\"og:title\" content=\"Facturaci\u00f3n electr\u00f3nica en Ruman\u00eda - Deveho\" \/>\n<meta property=\"og:description\" content=\"Se han desarrollado varias soluciones para gestionar la facturaci\u00f3n electr\u00f3nica en Ruman\u00eda: E-Factura y E-Transport.\" \/>\n<meta property=\"og:url\" content=\"https:\/\/deveho.com\/es\/servicios\/facturacion-electronica\/en-rumania\/\" \/>\n<meta property=\"og:site_name\" content=\"Deveho\" \/>\n<meta property=\"article:publisher\" content=\"https:\/\/www.facebook.com\/deveho\" \/>\n<meta property=\"article:modified_time\" content=\"2024-12-16T13:23:24+00:00\" \/>\n<meta name=\"twitter:card\" content=\"summary_large_image\" \/>\n<meta name=\"twitter:site\" content=\"@Deveho1\" \/>\n<meta name=\"twitter:label1\" content=\"Tiempo de lectura\" \/>\n\t<meta name=\"twitter:data1\" content=\"2 minutos\" \/>\n<script type=\"application\/ld+json\" class=\"yoast-schema-graph\">{\"@context\":\"https:\/\/schema.org\",\"@graph\":[{\"@type\":\"WebPage\",\"@id\":\"https:\/\/deveho.com\/es\/servicios\/facturacion-electronica\/en-rumania\/\",\"url\":\"https:\/\/deveho.com\/es\/servicios\/facturacion-electronica\/en-rumania\/\",\"name\":\"Facturaci\u00f3n electr\u00f3nica en Ruman\u00eda - Deveho\",\"isPartOf\":{\"@id\":\"https:\/\/deveho.com\/#website\"},\"datePublished\":\"2024-02-27T14:05:54+00:00\",\"dateModified\":\"2024-12-16T13:23:24+00:00\",\"description\":\"Se han desarrollado varias soluciones para gestionar la facturaci\u00f3n electr\u00f3nica en Ruman\u00eda: E-Factura y E-Transport.\",\"breadcrumb\":{\"@id\":\"https:\/\/deveho.com\/es\/servicios\/facturacion-electronica\/en-rumania\/#breadcrumb\"},\"inLanguage\":\"es\",\"potentialAction\":[{\"@type\":\"ReadAction\",\"target\":[\"https:\/\/deveho.com\/es\/servicios\/facturacion-electronica\/en-rumania\/\"]}]},{\"@type\":\"BreadcrumbList\",\"@id\":\"https:\/\/deveho.com\/es\/servicios\/facturacion-electronica\/en-rumania\/#breadcrumb\",\"itemListElement\":[{\"@type\":\"ListItem\",\"position\":1,\"name\":\"Home\",\"item\":\"https:\/\/deveho.com\/es\/\"},{\"@type\":\"ListItem\",\"position\":2,\"name\":\"Servicios\",\"item\":\"https:\/\/deveho.com\/es\/servicios\/\"},{\"@type\":\"ListItem\",\"position\":3,\"name\":\"facturaci\u00f3n electr\u00f3nica\",\"item\":\"https:\/\/deveho.com\/es\/servicios\/facturacion-electronica\/\"},{\"@type\":\"ListItem\",\"position\":4,\"name\":\"Sistema de facturaci\u00f3n electr\u00f3nica en Ruman\u00eda\"}]},{\"@type\":\"WebSite\",\"@id\":\"https:\/\/deveho.com\/#website\",\"url\":\"https:\/\/deveho.com\/\",\"name\":\"Deveho Consulting Group\",\"description\":\"Let\u2019s boost your growth\",\"publisher\":{\"@id\":\"https:\/\/deveho.com\/#organization\"},\"potentialAction\":[{\"@type\":\"SearchAction\",\"target\":{\"@type\":\"EntryPoint\",\"urlTemplate\":\"https:\/\/deveho.com\/?s={search_term_string}\"},\"query-input\":{\"@type\":\"PropertyValueSpecification\",\"valueRequired\":true,\"valueName\":\"search_term_string\"}}],\"inLanguage\":\"es\"},{\"@type\":\"Organization\",\"@id\":\"https:\/\/deveho.com\/#organization\",\"name\":\"Deveho Consulting Group\",\"url\":\"https:\/\/deveho.com\/\",\"logo\":{\"@type\":\"ImageObject\",\"inLanguage\":\"es\",\"@id\":\"https:\/\/deveho.com\/#\/schema\/logo\/image\/\",\"url\":\"https:\/\/deveho.com\/wp-content\/uploads\/2023\/02\/DEVEHO-LOGO-Baseline-COLOR.png\",\"contentUrl\":\"https:\/\/deveho.com\/wp-content\/uploads\/2023\/02\/DEVEHO-LOGO-Baseline-COLOR.png\",\"width\":2251,\"height\":585,\"caption\":\"Deveho Consulting Group\"},\"image\":{\"@id\":\"https:\/\/deveho.com\/#\/schema\/logo\/image\/\"},\"sameAs\":[\"https:\/\/www.facebook.com\/deveho\",\"https:\/\/x.com\/Deveho1\",\"https:\/\/www.linkedin.com\/company\/deveho-consulting\/\"]}]}<\/script>\n<!-- \/ Yoast SEO plugin. -->","yoast_head_json":{"title":"Facturaci\u00f3n electr\u00f3nica en Ruman\u00eda - Deveho","description":"Se han desarrollado varias soluciones para gestionar la facturaci\u00f3n electr\u00f3nica en Ruman\u00eda: E-Factura y E-Transport.","robots":{"index":"index","follow":"follow","max-snippet":"max-snippet:-1","max-image-preview":"max-image-preview:large","max-video-preview":"max-video-preview:-1"},"canonical":"https:\/\/deveho.com\/es\/servicios\/facturacion-electronica\/en-rumania\/","og_locale":"es_ES","og_type":"article","og_title":"Facturaci\u00f3n electr\u00f3nica en Ruman\u00eda - Deveho","og_description":"Se han desarrollado varias soluciones para gestionar la facturaci\u00f3n electr\u00f3nica en Ruman\u00eda: E-Factura y E-Transport.","og_url":"https:\/\/deveho.com\/es\/servicios\/facturacion-electronica\/en-rumania\/","og_site_name":"Deveho","article_publisher":"https:\/\/www.facebook.com\/deveho","article_modified_time":"2024-12-16T13:23:24+00:00","twitter_card":"summary_large_image","twitter_site":"@Deveho1","twitter_misc":{"Tiempo de lectura":"2 minutos"},"schema":{"@context":"https:\/\/schema.org","@graph":[{"@type":"WebPage","@id":"https:\/\/deveho.com\/es\/servicios\/facturacion-electronica\/en-rumania\/","url":"https:\/\/deveho.com\/es\/servicios\/facturacion-electronica\/en-rumania\/","name":"Facturaci\u00f3n electr\u00f3nica en Ruman\u00eda - Deveho","isPartOf":{"@id":"https:\/\/deveho.com\/#website"},"datePublished":"2024-02-27T14:05:54+00:00","dateModified":"2024-12-16T13:23:24+00:00","description":"Se han desarrollado varias soluciones para gestionar la facturaci\u00f3n electr\u00f3nica en Ruman\u00eda: E-Factura y E-Transport.","breadcrumb":{"@id":"https:\/\/deveho.com\/es\/servicios\/facturacion-electronica\/en-rumania\/#breadcrumb"},"inLanguage":"es","potentialAction":[{"@type":"ReadAction","target":["https:\/\/deveho.com\/es\/servicios\/facturacion-electronica\/en-rumania\/"]}]},{"@type":"BreadcrumbList","@id":"https:\/\/deveho.com\/es\/servicios\/facturacion-electronica\/en-rumania\/#breadcrumb","itemListElement":[{"@type":"ListItem","position":1,"name":"Home","item":"https:\/\/deveho.com\/es\/"},{"@type":"ListItem","position":2,"name":"Servicios","item":"https:\/\/deveho.com\/es\/servicios\/"},{"@type":"ListItem","position":3,"name":"facturaci\u00f3n electr\u00f3nica","item":"https:\/\/deveho.com\/es\/servicios\/facturacion-electronica\/"},{"@type":"ListItem","position":4,"name":"Sistema de facturaci\u00f3n electr\u00f3nica en Ruman\u00eda"}]},{"@type":"WebSite","@id":"https:\/\/deveho.com\/#website","url":"https:\/\/deveho.com\/","name":"Deveho Consulting Group","description":"Let\u2019s boost your growth","publisher":{"@id":"https:\/\/deveho.com\/#organization"},"potentialAction":[{"@type":"SearchAction","target":{"@type":"EntryPoint","urlTemplate":"https:\/\/deveho.com\/?s={search_term_string}"},"query-input":{"@type":"PropertyValueSpecification","valueRequired":true,"valueName":"search_term_string"}}],"inLanguage":"es"},{"@type":"Organization","@id":"https:\/\/deveho.com\/#organization","name":"Deveho Consulting Group","url":"https:\/\/deveho.com\/","logo":{"@type":"ImageObject","inLanguage":"es","@id":"https:\/\/deveho.com\/#\/schema\/logo\/image\/","url":"https:\/\/deveho.com\/wp-content\/uploads\/2023\/02\/DEVEHO-LOGO-Baseline-COLOR.png","contentUrl":"https:\/\/deveho.com\/wp-content\/uploads\/2023\/02\/DEVEHO-LOGO-Baseline-COLOR.png","width":2251,"height":585,"caption":"Deveho Consulting Group"},"image":{"@id":"https:\/\/deveho.com\/#\/schema\/logo\/image\/"},"sameAs":["https:\/\/www.facebook.com\/deveho","https:\/\/x.com\/Deveho1","https:\/\/www.linkedin.com\/company\/deveho-consulting\/"]}]}},"_links":{"self":[{"href":"https:\/\/deveho.com\/es\/wp-json\/wp\/v2\/pages\/28372"}],"collection":[{"href":"https:\/\/deveho.com\/es\/wp-json\/wp\/v2\/pages"}],"about":[{"href":"https:\/\/deveho.com\/es\/wp-json\/wp\/v2\/types\/page"}],"author":[{"embeddable":true,"href":"https:\/\/deveho.com\/es\/wp-json\/wp\/v2\/users\/34"}],"replies":[{"embeddable":true,"href":"https:\/\/deveho.com\/es\/wp-json\/wp\/v2\/comments?post=28372"}],"version-history":[{"count":3,"href":"https:\/\/deveho.com\/es\/wp-json\/wp\/v2\/pages\/28372\/revisions"}],"predecessor-version":[{"id":36354,"href":"https:\/\/deveho.com\/es\/wp-json\/wp\/v2\/pages\/28372\/revisions\/36354"}],"up":[{"embeddable":true,"href":"https:\/\/deveho.com\/es\/wp-json\/wp\/v2\/pages\/28333"}],"wp:attachment":[{"href":"https:\/\/deveho.com\/es\/wp-json\/wp\/v2\/media?parent=28372"}],"curies":[{"name":"wp","href":"https:\/\/api.w.org\/{rel}","templated":true}]}}