{"id":28391,"date":"2024-02-27T16:07:54","date_gmt":"2024-02-27T14:07:54","guid":{"rendered":"https:\/\/deveho.com\/?page_id=28391"},"modified":"2024-12-16T15:31:54","modified_gmt":"2024-12-16T13:31:54","slug":"e-factura","status":"publish","type":"page","link":"https:\/\/deveho.com\/es\/servicios\/facturacion-electronica\/en-rumania\/e-factura\/","title":{"rendered":"E-FACTURA"},"content":{"rendered":"<br \/>\n<h2>El sistema rumano de facturaci\u00f3n electr\u00f3nica estar\u00e1 disponible para la \u00faltima versi\u00f3n de Sage X3 V12.<\/h2>\n<h3><red>Ruman\u00eda<br \/> Sistema de facturaci\u00f3n electr\u00f3nica y Sage X3<\/red><\/h3>\n<h3>Deveho Software Consulting, su socio para Sage X3 en el mercado rumano, le informa que E-Factura estar\u00e1 disponible en Sage X3.<\/h3>\n<p><p>Conf\u00ede en nosotros a la hora de desmaterializar sus documentos contables en el sistema E-Factura. Nuestro equipo local en Ruman\u00eda, <strong>Deveho Software Consulting<\/strong>, puede ayudarle a optimizar su contabilidad.<\/p>\n<p><img loading=\"lazy\" decoding=\"async\" class=\"alignleft wp-image-26779 size-full\" src=\"https:\/\/deveho.com\/wp-content\/uploads\/2024\/01\/Deveho-consulting-group-nectari.jpg\" alt=\"e-Factura system\" width=\"1050\" height=\"350\" srcset=\"https:\/\/deveho.com\/wp-content\/uploads\/2024\/01\/Deveho-consulting-group-nectari.jpg 1050w, https:\/\/deveho.com\/wp-content\/uploads\/2024\/01\/Deveho-consulting-group-nectari-300x100.jpg 300w, https:\/\/deveho.com\/wp-content\/uploads\/2024\/01\/Deveho-consulting-group-nectari-1024x341.jpg 1024w, https:\/\/deveho.com\/wp-content\/uploads\/2024\/01\/Deveho-consulting-group-nectari-150x50.jpg 150w, https:\/\/deveho.com\/wp-content\/uploads\/2024\/01\/Deveho-consulting-group-nectari-768x256.jpg 768w\" sizes=\"(max-width: 1050px) 100vw, 1050px\" \/><\/p>\n<p>&nbsp;<\/p>\n<p>Si desea m\u00e1s informaci\u00f3n, p\u00f3ngase en <a href=\"https:\/\/deveho.com\/es\/contacto\/\">contacto con nosotros<\/a>.<\/p>\n<\/p>\n<h2><b><red>RO E-Factura<\/red><\/b><br \/>Sistema de facturaci\u00f3n electr\u00f3nica en Ruman\u00eda<\/h2>\n<p>Las entregas de bienes a que se refiere el Art. 294 (2) del Reglamento estar\u00e1n exentas de la obligaci\u00f3n de enviar facturas emitidas en el sistema nacional de factura electr\u00f3nica, E-Factura. (1) (a) y (b) y (2) de la Ley n\u00ba 227\/2015 (entregas intracomunitarias y exportaciones).<\/p>\n<p><p><strong>La factura electr\u00f3nica es una factura que se emite, env\u00eda y recibe en un formato XML estructurado. Esta estructura le permite ser procesada electr\u00f3nica y autom\u00e1ticamente por el sistema rumano de facturaci\u00f3n electr\u00f3nica, RO E-Factura.<\/strong><\/p>\n<p>Una vez finalizada la validaci\u00f3n, el sistema genera autom\u00e1ticamente una respuesta y, si la validaci\u00f3n es correcta, se aplicar\u00e1 la firma del Ministerio de Hacienda. De este modo se garantiza que el contenido de la factura no haya sido alterado.<\/p>\n<p>La versi\u00f3n en papel estar\u00e1 permitida hasta el 30 de junio de 2024, excepto en el caso de que tanto el proveedor\/prestador como el destinatario est\u00e9n inscritos en el Registro de facturas electr\u00f3nicas.<\/p>\n<p>A partir del 1 de julio de 2024, en base a la modificaci\u00f3n del art\u00edculo 319 de la Ley n\u00ba 227\/2015, s\u00f3lo las facturas emitidas electr\u00f3nicamente en formato XML y transmitidas a trav\u00e9s del sistema nacional sobre facturaci\u00f3n electr\u00f3nica RO E-Factura, ser\u00e1n aceptadas para su registro por el destinatario &#8211; sujeto pasivo establecido en Ruman\u00eda, en relaci\u00f3n B2B.<\/p>\n<\/p>\n<p><p>El plazo para la presentaci\u00f3n de facturas en el sistema nacional de factura electr\u00f3nica es de 5 d\u00edas h\u00e1biles a partir de la fecha de emisi\u00f3n de la factura, pero no m\u00e1s tarde de 5 d\u00edas h\u00e1biles a partir de la fecha l\u00edmite para la emisi\u00f3n de la factura prevista en el Art. 319 p\u00e1rrafo (16) de la Ley n\u00ba 227\/2015. El incumplimiento de lo dispuesto constituye una infracci\u00f3n y se sanciona con multa. Como excepci\u00f3n, no se aplican sanciones desde el 1 de enero hasta el 31 de marzo de 2024.<\/p>\n<p>As\u00ed, las entidades que incumplan la normativa corren el riesgo de ser multadas y de que se les deniegue la deducci\u00f3n del IVA.<\/p>\n<p>Los contribuyentes deben prepararse con tiempo para cumplir estas obligaciones.<\/p>\n<p>Deveho y Sage X3 est\u00e1n preparados para responder al nuevo sistema de informes E-Invoice.<\/p>\n<\/p>\n<h2><\/h2>\n<h3><red>Contenido de<br \/>E-Factura<\/red><\/h3>\n<h3>Los informes sobre facturas electr\u00f3nicas incluir\u00e1n informaci\u00f3n detallada extra\u00edda del proveedor, el cliente, los medios de pago, las condiciones de pago, las tasas y los detalles de los productos o servicios implicados.<br \/>\n<\/h3><\/p>\n","protected":false},"excerpt":{"rendered":"<p>El sistema rumano de facturaci\u00f3n electr\u00f3nica estar\u00e1 disponible para la \u00faltima versi\u00f3n de Sage X3 V12.<\/p>\n","protected":false},"author":34,"featured_media":0,"parent":28372,"menu_order":0,"comment_status":"closed","ping_status":"closed","template":"templates\/template-prod_serv.php","meta":{"_acf_changed":false,"footnotes":""},"class_list":["post-28391","page","type-page","status-publish","hentry"],"acf":[],"yoast_head":"<!-- This site is optimized with the Yoast SEO plugin v23.5 - https:\/\/yoast.com\/wordpress\/plugins\/seo\/ -->\n<title>E-Factura - Deveho<\/title>\n<meta name=\"description\" content=\"From 24.01.2010, e-invoicing will be mandatory in Romania. Discover the e-Factura system and its regulations.\" \/>\n<meta name=\"robots\" content=\"index, follow, max-snippet:-1, max-image-preview:large, max-video-preview:-1\" \/>\n<link rel=\"canonical\" href=\"https:\/\/deveho.com\/es\/servicios\/facturacion-electronica\/en-rumania\/e-factura\/\" \/>\n<meta property=\"og:locale\" content=\"es_ES\" \/>\n<meta property=\"og:type\" content=\"article\" \/>\n<meta property=\"og:title\" content=\"E-Factura - Deveho\" \/>\n<meta property=\"og:description\" content=\"From 24.01.2010, e-invoicing will be mandatory in Romania. Discover the e-Factura system and its regulations.\" \/>\n<meta property=\"og:url\" content=\"https:\/\/deveho.com\/es\/servicios\/facturacion-electronica\/en-rumania\/e-factura\/\" \/>\n<meta property=\"og:site_name\" content=\"Deveho\" \/>\n<meta property=\"article:publisher\" content=\"https:\/\/www.facebook.com\/deveho\" \/>\n<meta property=\"article:modified_time\" content=\"2024-12-16T13:31:54+00:00\" \/>\n<meta property=\"og:image\" content=\"https:\/\/deveho.com\/wp-content\/uploads\/2024\/01\/Deveho-consulting-group-nectari.jpg\" \/>\n<meta name=\"twitter:card\" content=\"summary_large_image\" \/>\n<meta name=\"twitter:site\" content=\"@Deveho1\" \/>\n<meta name=\"twitter:label1\" content=\"Tiempo de lectura\" \/>\n\t<meta name=\"twitter:data1\" content=\"3 minutos\" \/>\n<script type=\"application\/ld+json\" class=\"yoast-schema-graph\">{\"@context\":\"https:\/\/schema.org\",\"@graph\":[{\"@type\":\"WebPage\",\"@id\":\"https:\/\/deveho.com\/es\/servicios\/facturacion-electronica\/en-rumania\/e-factura\/\",\"url\":\"https:\/\/deveho.com\/es\/servicios\/facturacion-electronica\/en-rumania\/e-factura\/\",\"name\":\"E-Factura - Deveho\",\"isPartOf\":{\"@id\":\"https:\/\/deveho.com\/#website\"},\"primaryImageOfPage\":{\"@id\":\"https:\/\/deveho.com\/es\/servicios\/facturacion-electronica\/en-rumania\/e-factura\/#primaryimage\"},\"image\":{\"@id\":\"https:\/\/deveho.com\/es\/servicios\/facturacion-electronica\/en-rumania\/e-factura\/#primaryimage\"},\"thumbnailUrl\":\"https:\/\/deveho.com\/wp-content\/uploads\/2024\/01\/Deveho-consulting-group-nectari.jpg\",\"datePublished\":\"2024-02-27T14:07:54+00:00\",\"dateModified\":\"2024-12-16T13:31:54+00:00\",\"description\":\"From 24.01.2010, e-invoicing will be mandatory in Romania. Discover the e-Factura system and its regulations.\",\"breadcrumb\":{\"@id\":\"https:\/\/deveho.com\/es\/servicios\/facturacion-electronica\/en-rumania\/e-factura\/#breadcrumb\"},\"inLanguage\":\"es\",\"potentialAction\":[{\"@type\":\"ReadAction\",\"target\":[\"https:\/\/deveho.com\/es\/servicios\/facturacion-electronica\/en-rumania\/e-factura\/\"]}]},{\"@type\":\"ImageObject\",\"inLanguage\":\"es\",\"@id\":\"https:\/\/deveho.com\/es\/servicios\/facturacion-electronica\/en-rumania\/e-factura\/#primaryimage\",\"url\":\"https:\/\/deveho.com\/wp-content\/uploads\/2024\/01\/Deveho-consulting-group-nectari.jpg\",\"contentUrl\":\"https:\/\/deveho.com\/wp-content\/uploads\/2024\/01\/Deveho-consulting-group-nectari.jpg\"},{\"@type\":\"BreadcrumbList\",\"@id\":\"https:\/\/deveho.com\/es\/servicios\/facturacion-electronica\/en-rumania\/e-factura\/#breadcrumb\",\"itemListElement\":[{\"@type\":\"ListItem\",\"position\":1,\"name\":\"Home\",\"item\":\"https:\/\/deveho.com\/es\/\"},{\"@type\":\"ListItem\",\"position\":2,\"name\":\"Servicios\",\"item\":\"https:\/\/deveho.com\/es\/servicios\/\"},{\"@type\":\"ListItem\",\"position\":3,\"name\":\"facturaci\u00f3n electr\u00f3nica\",\"item\":\"https:\/\/deveho.com\/es\/servicios\/facturacion-electronica\/\"},{\"@type\":\"ListItem\",\"position\":4,\"name\":\"Sistema de facturaci\u00f3n electr\u00f3nica en Ruman\u00eda\",\"item\":\"https:\/\/deveho.com\/es\/servicios\/facturacion-electronica\/en-rumania\/\"},{\"@type\":\"ListItem\",\"position\":5,\"name\":\"E-FACTURA\"}]},{\"@type\":\"WebSite\",\"@id\":\"https:\/\/deveho.com\/#website\",\"url\":\"https:\/\/deveho.com\/\",\"name\":\"Deveho Consulting Group\",\"description\":\"Let\u2019s boost your growth\",\"publisher\":{\"@id\":\"https:\/\/deveho.com\/#organization\"},\"potentialAction\":[{\"@type\":\"SearchAction\",\"target\":{\"@type\":\"EntryPoint\",\"urlTemplate\":\"https:\/\/deveho.com\/?s={search_term_string}\"},\"query-input\":{\"@type\":\"PropertyValueSpecification\",\"valueRequired\":true,\"valueName\":\"search_term_string\"}}],\"inLanguage\":\"es\"},{\"@type\":\"Organization\",\"@id\":\"https:\/\/deveho.com\/#organization\",\"name\":\"Deveho Consulting Group\",\"url\":\"https:\/\/deveho.com\/\",\"logo\":{\"@type\":\"ImageObject\",\"inLanguage\":\"es\",\"@id\":\"https:\/\/deveho.com\/#\/schema\/logo\/image\/\",\"url\":\"https:\/\/deveho.com\/wp-content\/uploads\/2023\/02\/DEVEHO-LOGO-Baseline-COLOR.png\",\"contentUrl\":\"https:\/\/deveho.com\/wp-content\/uploads\/2023\/02\/DEVEHO-LOGO-Baseline-COLOR.png\",\"width\":2251,\"height\":585,\"caption\":\"Deveho Consulting Group\"},\"image\":{\"@id\":\"https:\/\/deveho.com\/#\/schema\/logo\/image\/\"},\"sameAs\":[\"https:\/\/www.facebook.com\/deveho\",\"https:\/\/x.com\/Deveho1\",\"https:\/\/www.linkedin.com\/company\/deveho-consulting\/\"]}]}<\/script>\n<!-- \/ Yoast SEO plugin. -->","yoast_head_json":{"title":"E-Factura - Deveho","description":"From 24.01.2010, e-invoicing will be mandatory in Romania. Discover the e-Factura system and its regulations.","robots":{"index":"index","follow":"follow","max-snippet":"max-snippet:-1","max-image-preview":"max-image-preview:large","max-video-preview":"max-video-preview:-1"},"canonical":"https:\/\/deveho.com\/es\/servicios\/facturacion-electronica\/en-rumania\/e-factura\/","og_locale":"es_ES","og_type":"article","og_title":"E-Factura - Deveho","og_description":"From 24.01.2010, e-invoicing will be mandatory in Romania. Discover the e-Factura system and its regulations.","og_url":"https:\/\/deveho.com\/es\/servicios\/facturacion-electronica\/en-rumania\/e-factura\/","og_site_name":"Deveho","article_publisher":"https:\/\/www.facebook.com\/deveho","article_modified_time":"2024-12-16T13:31:54+00:00","og_image":[{"url":"https:\/\/deveho.com\/wp-content\/uploads\/2024\/01\/Deveho-consulting-group-nectari.jpg"}],"twitter_card":"summary_large_image","twitter_site":"@Deveho1","twitter_misc":{"Tiempo de lectura":"3 minutos"},"schema":{"@context":"https:\/\/schema.org","@graph":[{"@type":"WebPage","@id":"https:\/\/deveho.com\/es\/servicios\/facturacion-electronica\/en-rumania\/e-factura\/","url":"https:\/\/deveho.com\/es\/servicios\/facturacion-electronica\/en-rumania\/e-factura\/","name":"E-Factura - Deveho","isPartOf":{"@id":"https:\/\/deveho.com\/#website"},"primaryImageOfPage":{"@id":"https:\/\/deveho.com\/es\/servicios\/facturacion-electronica\/en-rumania\/e-factura\/#primaryimage"},"image":{"@id":"https:\/\/deveho.com\/es\/servicios\/facturacion-electronica\/en-rumania\/e-factura\/#primaryimage"},"thumbnailUrl":"https:\/\/deveho.com\/wp-content\/uploads\/2024\/01\/Deveho-consulting-group-nectari.jpg","datePublished":"2024-02-27T14:07:54+00:00","dateModified":"2024-12-16T13:31:54+00:00","description":"From 24.01.2010, e-invoicing will be mandatory in Romania. Discover the e-Factura system and its regulations.","breadcrumb":{"@id":"https:\/\/deveho.com\/es\/servicios\/facturacion-electronica\/en-rumania\/e-factura\/#breadcrumb"},"inLanguage":"es","potentialAction":[{"@type":"ReadAction","target":["https:\/\/deveho.com\/es\/servicios\/facturacion-electronica\/en-rumania\/e-factura\/"]}]},{"@type":"ImageObject","inLanguage":"es","@id":"https:\/\/deveho.com\/es\/servicios\/facturacion-electronica\/en-rumania\/e-factura\/#primaryimage","url":"https:\/\/deveho.com\/wp-content\/uploads\/2024\/01\/Deveho-consulting-group-nectari.jpg","contentUrl":"https:\/\/deveho.com\/wp-content\/uploads\/2024\/01\/Deveho-consulting-group-nectari.jpg"},{"@type":"BreadcrumbList","@id":"https:\/\/deveho.com\/es\/servicios\/facturacion-electronica\/en-rumania\/e-factura\/#breadcrumb","itemListElement":[{"@type":"ListItem","position":1,"name":"Home","item":"https:\/\/deveho.com\/es\/"},{"@type":"ListItem","position":2,"name":"Servicios","item":"https:\/\/deveho.com\/es\/servicios\/"},{"@type":"ListItem","position":3,"name":"facturaci\u00f3n electr\u00f3nica","item":"https:\/\/deveho.com\/es\/servicios\/facturacion-electronica\/"},{"@type":"ListItem","position":4,"name":"Sistema de facturaci\u00f3n electr\u00f3nica en Ruman\u00eda","item":"https:\/\/deveho.com\/es\/servicios\/facturacion-electronica\/en-rumania\/"},{"@type":"ListItem","position":5,"name":"E-FACTURA"}]},{"@type":"WebSite","@id":"https:\/\/deveho.com\/#website","url":"https:\/\/deveho.com\/","name":"Deveho Consulting Group","description":"Let\u2019s boost your growth","publisher":{"@id":"https:\/\/deveho.com\/#organization"},"potentialAction":[{"@type":"SearchAction","target":{"@type":"EntryPoint","urlTemplate":"https:\/\/deveho.com\/?s={search_term_string}"},"query-input":{"@type":"PropertyValueSpecification","valueRequired":true,"valueName":"search_term_string"}}],"inLanguage":"es"},{"@type":"Organization","@id":"https:\/\/deveho.com\/#organization","name":"Deveho Consulting Group","url":"https:\/\/deveho.com\/","logo":{"@type":"ImageObject","inLanguage":"es","@id":"https:\/\/deveho.com\/#\/schema\/logo\/image\/","url":"https:\/\/deveho.com\/wp-content\/uploads\/2023\/02\/DEVEHO-LOGO-Baseline-COLOR.png","contentUrl":"https:\/\/deveho.com\/wp-content\/uploads\/2023\/02\/DEVEHO-LOGO-Baseline-COLOR.png","width":2251,"height":585,"caption":"Deveho Consulting Group"},"image":{"@id":"https:\/\/deveho.com\/#\/schema\/logo\/image\/"},"sameAs":["https:\/\/www.facebook.com\/deveho","https:\/\/x.com\/Deveho1","https:\/\/www.linkedin.com\/company\/deveho-consulting\/"]}]}},"_links":{"self":[{"href":"https:\/\/deveho.com\/es\/wp-json\/wp\/v2\/pages\/28391"}],"collection":[{"href":"https:\/\/deveho.com\/es\/wp-json\/wp\/v2\/pages"}],"about":[{"href":"https:\/\/deveho.com\/es\/wp-json\/wp\/v2\/types\/page"}],"author":[{"embeddable":true,"href":"https:\/\/deveho.com\/es\/wp-json\/wp\/v2\/users\/34"}],"replies":[{"embeddable":true,"href":"https:\/\/deveho.com\/es\/wp-json\/wp\/v2\/comments?post=28391"}],"version-history":[{"count":3,"href":"https:\/\/deveho.com\/es\/wp-json\/wp\/v2\/pages\/28391\/revisions"}],"predecessor-version":[{"id":36357,"href":"https:\/\/deveho.com\/es\/wp-json\/wp\/v2\/pages\/28391\/revisions\/36357"}],"up":[{"embeddable":true,"href":"https:\/\/deveho.com\/es\/wp-json\/wp\/v2\/pages\/28372"}],"wp:attachment":[{"href":"https:\/\/deveho.com\/es\/wp-json\/wp\/v2\/media?parent=28391"}],"curies":[{"name":"wp","href":"https:\/\/api.w.org\/{rel}","templated":true}]}}