{"id":32080,"date":"2024-07-17T15:41:28","date_gmt":"2024-07-17T13:41:28","guid":{"rendered":"https:\/\/deveho.com\/?page_id=32080"},"modified":"2025-04-14T14:56:00","modified_gmt":"2025-04-14T12:56:00","slug":"yooz-solution","status":"publish","type":"page","link":"https:\/\/deveho.com\/es\/productos\/sage-x3-marketplace\/yooz-solution\/","title":{"rendered":"Yooz"},"content":{"rendered":"<br \/>\n<h2><\/h2>\n<h3>\u00bfQu\u00e9 es Yooz?<\/h3>\n<h3><\/h3>\n<p><p>La soluci\u00f3n Yooz es una eficaz soluci\u00f3n de Software como Servicio (SaaS) para procesar y desmaterializar las facturas de los proveedores.<br \/>\nDesde los pedidos de compra hasta la recepci\u00f3n de facturas, automatiza todo el proceso de compra a el pago (P2P). Esto incluye la integraci\u00f3n ERP, los procedimientos de aprobaci\u00f3n y el procesamiento de pagos, todo ello gestionado por un sistema \u00fanico y cohesionado.<\/p>\n<\/p>\n<h2><\/h2>\n<h3>Deveho integra la soluci\u00f3n Yooz con Sage X3<\/h3>\n<h3>Nuestra plataforma de automatizaci\u00f3n de cuentas a pagar combina tecnolog\u00eda con simplicidad y asequibilidad. Ahorre tiempo y dinero, y automatice sus flujos de trabajo de aplicaciones con Yooz.<br \/>\n<\/h3>\n<p><div style=\"width: 640px;\" class=\"wp-video\"><video class=\"wp-video-shortcode\" id=\"video-32080-2\" width=\"640\" height=\"360\" poster=\"https:\/\/deveho.com\/wp-content\/uploads\/2024\/07\/yooz-video.png\" preload=\"metadata\" controls=\"controls\"><source type=\"video\/mp4\" src=\"https:\/\/deveho.com\/wp-content\/uploads\/2024\/07\/We-Are-Yooz-EN.mp4?_=2\" \/><a href=\"https:\/\/deveho.com\/wp-content\/uploads\/2024\/07\/We-Are-Yooz-EN.mp4\">https:\/\/deveho.com\/wp-content\/uploads\/2024\/07\/We-Are-Yooz-EN.mp4<\/a><\/video><\/div>\n<\/p>\n<h3><red><b>\u00a1Descubre por qu\u00e9 nuestros clientes eligen Yooz!<\/red><\/b><\/h3>\n<p><p>La soluci\u00f3n de automatizaci\u00f3n de facturas <strong>Yooz<\/strong> aborda sus retos de productividad, eficiencia y cumplimiento.<br \/>\nAutomatice sus procesos de compra y facturaci\u00f3n de clientes con una \u00fanica soluci\u00f3n.<\/p>\n<\/p>\n<p>F\u00e1cil de instalar.\n<\/p>\n<p>80% de reducci\u00f3n de costes.\n<\/p>\n<p>Tiempos de validaci\u00f3n m\u00e1s cortos.\n<\/p>\n<p>Mayor visibilidad de los procesos.\n<\/p>\n<p>Detecci\u00f3n del fraude y seguridad de los documentos.\n<\/p>\n<p>Riesgo cero al desmaterializar sus facturas.\n<\/p>\n<h2><\/h2>\n<h3>Las ventajas de Yooz<\/h3>\n<h3><\/h3>\n<\/p>\n<h2><red>EU Business School<\/red>  pasa al siguiente nivel de gesti\u00f3n financiera con Sage X3 y Deveho<\/h2>\n<\/p>\n<p>\u00abHemos establecido una interfaz con Yooz, una plataforma de automatizaci\u00f3n de cuentas por pagar, y con nuestro software acad\u00e9mico.\u00bb _ Anne-Claire Aubert, Directora Financiera del Grupo EU Business School<\/p>\n<h2><\/h2>\n<h3>P\u00e1ginas relacionadas<\/h3>\n<\/p>\n<h3><\/h3>\n<\/p>\n<h3><\/h3><\/p>\n","protected":false},"excerpt":{"rendered":"<p>Yooz solution provides the smartest, most powerful, and easiest-to-use cloud-based E-invoicing and Purchase-to-Pay (P2P) automation solution. It delivers unmatched savings, speed, and security with affordable zero-risk subscriptions to more than 5,000 customers and 300,000 users worldwide.<\/p>\n","protected":false},"author":34,"featured_media":0,"parent":9576,"menu_order":0,"comment_status":"closed","ping_status":"closed","template":"templates\/template-prod_serv.php","meta":{"_acf_changed":false,"footnotes":""},"class_list":["post-32080","page","type-page","status-publish","hentry"],"acf":[],"yoast_head":"<!-- This site is optimized with the Yoast SEO plugin v23.5 - https:\/\/yoast.com\/wordpress\/plugins\/seo\/ -->\n<title>Yooz solution, dematerialising suppliers invoices - Deveho<\/title>\n<meta name=\"description\" content=\"Yooz solution is a fast-growing, award-winning, SaaS innovator that is the perfect fit for mid-size organisations across all sectors.\" \/>\n<meta name=\"robots\" content=\"index, follow, max-snippet:-1, max-image-preview:large, max-video-preview:-1\" \/>\n<link rel=\"canonical\" href=\"https:\/\/deveho.com\/es\/productos\/sage-x3-marketplace\/yooz-solution\/\" \/>\n<meta property=\"og:locale\" content=\"es_ES\" \/>\n<meta property=\"og:type\" content=\"article\" \/>\n<meta property=\"og:title\" content=\"Yooz solution, dematerialising suppliers invoices - Deveho\" \/>\n<meta property=\"og:description\" content=\"Yooz solution is a fast-growing, award-winning, SaaS innovator that is the perfect fit for mid-size organisations across all sectors.\" \/>\n<meta property=\"og:url\" content=\"https:\/\/deveho.com\/es\/productos\/sage-x3-marketplace\/yooz-solution\/\" \/>\n<meta property=\"og:site_name\" content=\"Deveho\" \/>\n<meta property=\"article:publisher\" content=\"https:\/\/www.facebook.com\/deveho\" \/>\n<meta property=\"article:modified_time\" content=\"2025-04-14T12:56:00+00:00\" \/>\n<meta name=\"twitter:card\" content=\"summary_large_image\" \/>\n<meta name=\"twitter:site\" content=\"@Deveho1\" \/>\n<meta name=\"twitter:label1\" content=\"Tiempo de lectura\" \/>\n\t<meta name=\"twitter:data1\" content=\"1 minuto\" \/>\n<script type=\"application\/ld+json\" class=\"yoast-schema-graph\">{\"@context\":\"https:\/\/schema.org\",\"@graph\":[{\"@type\":\"WebPage\",\"@id\":\"https:\/\/deveho.com\/es\/productos\/sage-x3-marketplace\/yooz-solution\/\",\"url\":\"https:\/\/deveho.com\/es\/productos\/sage-x3-marketplace\/yooz-solution\/\",\"name\":\"Yooz solution, dematerialising suppliers invoices - Deveho\",\"isPartOf\":{\"@id\":\"https:\/\/deveho.com\/#website\"},\"datePublished\":\"2024-07-17T13:41:28+00:00\",\"dateModified\":\"2025-04-14T12:56:00+00:00\",\"description\":\"Yooz solution is a fast-growing, award-winning, SaaS innovator that is the perfect fit for mid-size organisations across all sectors.\",\"breadcrumb\":{\"@id\":\"https:\/\/deveho.com\/es\/productos\/sage-x3-marketplace\/yooz-solution\/#breadcrumb\"},\"inLanguage\":\"es\",\"potentialAction\":[{\"@type\":\"ReadAction\",\"target\":[\"https:\/\/deveho.com\/es\/productos\/sage-x3-marketplace\/yooz-solution\/\"]}]},{\"@type\":\"BreadcrumbList\",\"@id\":\"https:\/\/deveho.com\/es\/productos\/sage-x3-marketplace\/yooz-solution\/#breadcrumb\",\"itemListElement\":[{\"@type\":\"ListItem\",\"position\":1,\"name\":\"Home\",\"item\":\"https:\/\/deveho.com\/es\/\"},{\"@type\":\"ListItem\",\"position\":2,\"name\":\"Productos\",\"item\":\"https:\/\/deveho.com\/es\/productos\/\"},{\"@type\":\"ListItem\",\"position\":3,\"name\":\"Sage X3 Marketplace\",\"item\":\"https:\/\/deveho.com\/es\/productos\/sage-x3-marketplace\/\"},{\"@type\":\"ListItem\",\"position\":4,\"name\":\"Yooz\"}]},{\"@type\":\"WebSite\",\"@id\":\"https:\/\/deveho.com\/#website\",\"url\":\"https:\/\/deveho.com\/\",\"name\":\"Deveho Consulting Group\",\"description\":\"Let\u2019s boost your growth\",\"publisher\":{\"@id\":\"https:\/\/deveho.com\/#organization\"},\"potentialAction\":[{\"@type\":\"SearchAction\",\"target\":{\"@type\":\"EntryPoint\",\"urlTemplate\":\"https:\/\/deveho.com\/?s={search_term_string}\"},\"query-input\":{\"@type\":\"PropertyValueSpecification\",\"valueRequired\":true,\"valueName\":\"search_term_string\"}}],\"inLanguage\":\"es\"},{\"@type\":\"Organization\",\"@id\":\"https:\/\/deveho.com\/#organization\",\"name\":\"Deveho Consulting Group\",\"url\":\"https:\/\/deveho.com\/\",\"logo\":{\"@type\":\"ImageObject\",\"inLanguage\":\"es\",\"@id\":\"https:\/\/deveho.com\/#\/schema\/logo\/image\/\",\"url\":\"https:\/\/deveho.com\/wp-content\/uploads\/2023\/02\/DEVEHO-LOGO-Baseline-COLOR.png\",\"contentUrl\":\"https:\/\/deveho.com\/wp-content\/uploads\/2023\/02\/DEVEHO-LOGO-Baseline-COLOR.png\",\"width\":2251,\"height\":585,\"caption\":\"Deveho Consulting Group\"},\"image\":{\"@id\":\"https:\/\/deveho.com\/#\/schema\/logo\/image\/\"},\"sameAs\":[\"https:\/\/www.facebook.com\/deveho\",\"https:\/\/x.com\/Deveho1\",\"https:\/\/www.linkedin.com\/company\/deveho-consulting\/\"]}]}<\/script>\n<!-- \/ Yoast SEO plugin. -->","yoast_head_json":{"title":"Yooz solution, dematerialising suppliers invoices - Deveho","description":"Yooz solution is a fast-growing, award-winning, SaaS innovator that is the perfect fit for mid-size organisations across all sectors.","robots":{"index":"index","follow":"follow","max-snippet":"max-snippet:-1","max-image-preview":"max-image-preview:large","max-video-preview":"max-video-preview:-1"},"canonical":"https:\/\/deveho.com\/es\/productos\/sage-x3-marketplace\/yooz-solution\/","og_locale":"es_ES","og_type":"article","og_title":"Yooz solution, dematerialising suppliers invoices - Deveho","og_description":"Yooz solution is a fast-growing, award-winning, SaaS innovator that is the perfect fit for mid-size organisations across all sectors.","og_url":"https:\/\/deveho.com\/es\/productos\/sage-x3-marketplace\/yooz-solution\/","og_site_name":"Deveho","article_publisher":"https:\/\/www.facebook.com\/deveho","article_modified_time":"2025-04-14T12:56:00+00:00","twitter_card":"summary_large_image","twitter_site":"@Deveho1","twitter_misc":{"Tiempo de lectura":"1 minuto"},"schema":{"@context":"https:\/\/schema.org","@graph":[{"@type":"WebPage","@id":"https:\/\/deveho.com\/es\/productos\/sage-x3-marketplace\/yooz-solution\/","url":"https:\/\/deveho.com\/es\/productos\/sage-x3-marketplace\/yooz-solution\/","name":"Yooz solution, dematerialising suppliers invoices - Deveho","isPartOf":{"@id":"https:\/\/deveho.com\/#website"},"datePublished":"2024-07-17T13:41:28+00:00","dateModified":"2025-04-14T12:56:00+00:00","description":"Yooz solution is a fast-growing, award-winning, SaaS innovator that is the perfect fit for mid-size organisations across all sectors.","breadcrumb":{"@id":"https:\/\/deveho.com\/es\/productos\/sage-x3-marketplace\/yooz-solution\/#breadcrumb"},"inLanguage":"es","potentialAction":[{"@type":"ReadAction","target":["https:\/\/deveho.com\/es\/productos\/sage-x3-marketplace\/yooz-solution\/"]}]},{"@type":"BreadcrumbList","@id":"https:\/\/deveho.com\/es\/productos\/sage-x3-marketplace\/yooz-solution\/#breadcrumb","itemListElement":[{"@type":"ListItem","position":1,"name":"Home","item":"https:\/\/deveho.com\/es\/"},{"@type":"ListItem","position":2,"name":"Productos","item":"https:\/\/deveho.com\/es\/productos\/"},{"@type":"ListItem","position":3,"name":"Sage X3 Marketplace","item":"https:\/\/deveho.com\/es\/productos\/sage-x3-marketplace\/"},{"@type":"ListItem","position":4,"name":"Yooz"}]},{"@type":"WebSite","@id":"https:\/\/deveho.com\/#website","url":"https:\/\/deveho.com\/","name":"Deveho Consulting Group","description":"Let\u2019s boost your growth","publisher":{"@id":"https:\/\/deveho.com\/#organization"},"potentialAction":[{"@type":"SearchAction","target":{"@type":"EntryPoint","urlTemplate":"https:\/\/deveho.com\/?s={search_term_string}"},"query-input":{"@type":"PropertyValueSpecification","valueRequired":true,"valueName":"search_term_string"}}],"inLanguage":"es"},{"@type":"Organization","@id":"https:\/\/deveho.com\/#organization","name":"Deveho Consulting Group","url":"https:\/\/deveho.com\/","logo":{"@type":"ImageObject","inLanguage":"es","@id":"https:\/\/deveho.com\/#\/schema\/logo\/image\/","url":"https:\/\/deveho.com\/wp-content\/uploads\/2023\/02\/DEVEHO-LOGO-Baseline-COLOR.png","contentUrl":"https:\/\/deveho.com\/wp-content\/uploads\/2023\/02\/DEVEHO-LOGO-Baseline-COLOR.png","width":2251,"height":585,"caption":"Deveho Consulting Group"},"image":{"@id":"https:\/\/deveho.com\/#\/schema\/logo\/image\/"},"sameAs":["https:\/\/www.facebook.com\/deveho","https:\/\/x.com\/Deveho1","https:\/\/www.linkedin.com\/company\/deveho-consulting\/"]}]}},"_links":{"self":[{"href":"https:\/\/deveho.com\/es\/wp-json\/wp\/v2\/pages\/32080"}],"collection":[{"href":"https:\/\/deveho.com\/es\/wp-json\/wp\/v2\/pages"}],"about":[{"href":"https:\/\/deveho.com\/es\/wp-json\/wp\/v2\/types\/page"}],"author":[{"embeddable":true,"href":"https:\/\/deveho.com\/es\/wp-json\/wp\/v2\/users\/34"}],"replies":[{"embeddable":true,"href":"https:\/\/deveho.com\/es\/wp-json\/wp\/v2\/comments?post=32080"}],"version-history":[{"count":7,"href":"https:\/\/deveho.com\/es\/wp-json\/wp\/v2\/pages\/32080\/revisions"}],"predecessor-version":[{"id":39917,"href":"https:\/\/deveho.com\/es\/wp-json\/wp\/v2\/pages\/32080\/revisions\/39917"}],"up":[{"embeddable":true,"href":"https:\/\/deveho.com\/es\/wp-json\/wp\/v2\/pages\/9576"}],"wp:attachment":[{"href":"https:\/\/deveho.com\/es\/wp-json\/wp\/v2\/media?parent=32080"}],"curies":[{"name":"wp","href":"https:\/\/api.w.org\/{rel}","templated":true}]}}