{"id":33004,"date":"2024-07-25T09:03:19","date_gmt":"2024-07-25T07:03:19","guid":{"rendered":"https:\/\/deveho.com\/?page_id=33004"},"modified":"2025-04-15T11:48:28","modified_gmt":"2025-04-15T09:48:28","slug":"solucion-sage-intacct","status":"publish","type":"page","link":"https:\/\/deveho.com\/es\/productos\/solucion-sage-intacct\/","title":{"rendered":"Sage Intacct"},"content":{"rendered":"<br \/>\n<h2><\/h2>\n<h3><red>\u00bfPor qu\u00e9 elegir la Soluci\u00f3n Sage Intacct?<\/red><\/h3>\n<h3>Mejora tu flujo de caja y agiliza los cobros con las cuentas por cobrar de Sage Intacct: automatiza y optimiza tus ingresos.<\/h3>\n<ul>\n<li>Reduzca su tiempo de cierre mensual hasta en un 66 % mediante la automatizaci\u00f3n.<\/li>\n<li>Obtenga informes multidimensionales en tiempo real. Ponga fin a la proliferaci\u00f3n de archivos Excel.<\/li>\n<li>Deje que su departamento financiero se centre en gestionar el crecimiento del negocio.<\/li>\n<li>Implantaci\u00f3n r\u00e1pida en 150 horas.<\/li>\n<li>1000 millones de llamadas API al mes.<\/li>\n<li>100 entidades consolidadas en segundos.<\/li>\n<\/ul>\n<h2>Gesti\u00f3n financiera basada en la nube para directivos financieros con visi\u00f3n de futuro<\/h2>\n<\/p>\n<p>Sage Intacct es el software de contabilidad y gesti\u00f3n financiera en la nube mejor valorado por la satisfacci\u00f3n del cliente.<\/p>\n<p>Con Sage Intacct, los directores financieros y los directores financieros con visi\u00f3n de futuro pueden acceder a informes financieros y de gesti\u00f3n integrados en todas las unidades de negocio en cuesti\u00f3n de minutos, no de d\u00edas, para que puedan crecer y dirigir sus negocios con eficacia.<\/p>\n<h2><\/h2>\n<h3><red><b>Programa de contabilidad de clientes<\/b><\/red><\/h3>\n<h3><\/h3>\n<p><p><strong data-start=\"172\" data-end=\"297\">La soluci\u00f3n Sage Intacct ofrece una plataforma contable abierta, flexible y f\u00e1cilmente conectable mediante potentes APIs.<\/strong><br data-start=\"297\" data-end=\"300\" \/>Su arquitectura permite integrar m\u00faltiples aplicaciones empresariales, desde CRM hasta herramientas espec\u00edficas del sector.<br data-start=\"423\" data-end=\"426\" \/>Esto garantiza un ecosistema digital unificado, \u00e1gil y adaptado a tus procesos de negocio.<br data-start=\"516\" data-end=\"519\" \/>Gracias a su capacidad de integraci\u00f3n, Sage Intacct se adapta a las necesidades de tu empresa y sector.<br data-start=\"622\" data-end=\"625\" \/>Mejora la eficiencia operativa, automatiza procesos y proporciona una visi\u00f3n financiera precisa y en tiempo real.<\/p>\n<p><strong>Sage Intacct ayuda a escalar tu contabilidad conforme tu negocio crece, sin perder control ni visibilidad financiera.<\/strong><\/p>\n<\/p>\n<h2><\/h2>\n<h3>Capacidades de la Soluci\u00f3n Sage Intacct<\/h3>\n<h3>Desde informes inteligentes hasta la automatizaci\u00f3n de cuentas por pagar y cobrar, esta plataforma en la nube te ofrece todas las herramientas necesarias para tomar decisiones estrat\u00e9gicas basadas en datos en tiempo real.<\/h3>\n<\/p>\n<h2><\/h2>\n<h3>P\u00e1ginas relacionadas<\/h3>\n<\/p>\n<h3><\/h3>\n<\/p>\n<h3><\/h3><\/p>\n","protected":false},"excerpt":{"rendered":"<p>Cobra m\u00e1s r\u00e1pido y mejora tu flujo de caja con Cuentas por Cobrar de Sage Intacct: automatiza procesos y optimiza tus ingresos.<\/p>\n","protected":false},"author":34,"featured_media":0,"parent":10887,"menu_order":0,"comment_status":"closed","ping_status":"closed","template":"templates\/template-prod_serv.php","meta":{"_acf_changed":false,"footnotes":""},"class_list":["post-33004","page","type-page","status-publish","hentry"],"acf":[],"yoast_head":"<!-- This site is optimized with the Yoast SEO plugin v23.5 - https:\/\/yoast.com\/wordpress\/plugins\/seo\/ -->\n<title>Soluci\u00f3n Sage Intacct - Deveho<\/title>\n<meta name=\"description\" content=\"Mejora tu flujo de caja y agiliza los cobros con las cuentas por cobrar de la soluci\u00f3n Sage Intacct: automatiza y optimiza tus ingresos.\" \/>\n<meta name=\"robots\" content=\"index, follow, max-snippet:-1, max-image-preview:large, max-video-preview:-1\" \/>\n<link rel=\"canonical\" href=\"https:\/\/deveho.com\/es\/productos\/solucion-sage-intacct\/\" \/>\n<meta property=\"og:locale\" content=\"es_ES\" \/>\n<meta property=\"og:type\" content=\"article\" \/>\n<meta property=\"og:title\" content=\"Soluci\u00f3n Sage Intacct - Deveho\" \/>\n<meta property=\"og:description\" content=\"Mejora tu flujo de caja y agiliza los cobros con las cuentas por cobrar de la soluci\u00f3n Sage Intacct: automatiza y optimiza tus ingresos.\" \/>\n<meta property=\"og:url\" content=\"https:\/\/deveho.com\/es\/productos\/solucion-sage-intacct\/\" \/>\n<meta property=\"og:site_name\" content=\"Deveho\" \/>\n<meta property=\"article:publisher\" content=\"https:\/\/www.facebook.com\/deveho\" \/>\n<meta property=\"article:modified_time\" content=\"2025-04-15T09:48:28+00:00\" \/>\n<meta name=\"twitter:card\" content=\"summary_large_image\" \/>\n<meta name=\"twitter:site\" content=\"@Deveho1\" \/>\n<meta name=\"twitter:label1\" content=\"Tiempo de lectura\" \/>\n\t<meta name=\"twitter:data1\" content=\"2 minutos\" \/>\n<script type=\"application\/ld+json\" class=\"yoast-schema-graph\">{\"@context\":\"https:\/\/schema.org\",\"@graph\":[{\"@type\":\"WebPage\",\"@id\":\"https:\/\/deveho.com\/es\/productos\/solucion-sage-intacct\/\",\"url\":\"https:\/\/deveho.com\/es\/productos\/solucion-sage-intacct\/\",\"name\":\"Soluci\u00f3n Sage Intacct - Deveho\",\"isPartOf\":{\"@id\":\"https:\/\/deveho.com\/#website\"},\"datePublished\":\"2024-07-25T07:03:19+00:00\",\"dateModified\":\"2025-04-15T09:48:28+00:00\",\"description\":\"Mejora tu flujo de caja y agiliza los cobros con las cuentas por cobrar de la soluci\u00f3n Sage Intacct: automatiza y optimiza tus ingresos.\",\"breadcrumb\":{\"@id\":\"https:\/\/deveho.com\/es\/productos\/solucion-sage-intacct\/#breadcrumb\"},\"inLanguage\":\"es\",\"potentialAction\":[{\"@type\":\"ReadAction\",\"target\":[\"https:\/\/deveho.com\/es\/productos\/solucion-sage-intacct\/\"]}]},{\"@type\":\"BreadcrumbList\",\"@id\":\"https:\/\/deveho.com\/es\/productos\/solucion-sage-intacct\/#breadcrumb\",\"itemListElement\":[{\"@type\":\"ListItem\",\"position\":1,\"name\":\"Home\",\"item\":\"https:\/\/deveho.com\/es\/\"},{\"@type\":\"ListItem\",\"position\":2,\"name\":\"Productos\",\"item\":\"https:\/\/deveho.com\/es\/productos\/\"},{\"@type\":\"ListItem\",\"position\":3,\"name\":\"Sage Intacct\"}]},{\"@type\":\"WebSite\",\"@id\":\"https:\/\/deveho.com\/#website\",\"url\":\"https:\/\/deveho.com\/\",\"name\":\"Deveho Consulting Group\",\"description\":\"Let\u2019s boost your growth\",\"publisher\":{\"@id\":\"https:\/\/deveho.com\/#organization\"},\"potentialAction\":[{\"@type\":\"SearchAction\",\"target\":{\"@type\":\"EntryPoint\",\"urlTemplate\":\"https:\/\/deveho.com\/?s={search_term_string}\"},\"query-input\":{\"@type\":\"PropertyValueSpecification\",\"valueRequired\":true,\"valueName\":\"search_term_string\"}}],\"inLanguage\":\"es\"},{\"@type\":\"Organization\",\"@id\":\"https:\/\/deveho.com\/#organization\",\"name\":\"Deveho Consulting Group\",\"url\":\"https:\/\/deveho.com\/\",\"logo\":{\"@type\":\"ImageObject\",\"inLanguage\":\"es\",\"@id\":\"https:\/\/deveho.com\/#\/schema\/logo\/image\/\",\"url\":\"https:\/\/deveho.com\/wp-content\/uploads\/2023\/02\/DEVEHO-LOGO-Baseline-COLOR.png\",\"contentUrl\":\"https:\/\/deveho.com\/wp-content\/uploads\/2023\/02\/DEVEHO-LOGO-Baseline-COLOR.png\",\"width\":2251,\"height\":585,\"caption\":\"Deveho Consulting Group\"},\"image\":{\"@id\":\"https:\/\/deveho.com\/#\/schema\/logo\/image\/\"},\"sameAs\":[\"https:\/\/www.facebook.com\/deveho\",\"https:\/\/x.com\/Deveho1\",\"https:\/\/www.linkedin.com\/company\/deveho-consulting\/\"]}]}<\/script>\n<!-- \/ Yoast SEO plugin. -->","yoast_head_json":{"title":"Soluci\u00f3n Sage Intacct - Deveho","description":"Mejora tu flujo de caja y agiliza los cobros con las cuentas por cobrar de la soluci\u00f3n Sage Intacct: automatiza y optimiza tus ingresos.","robots":{"index":"index","follow":"follow","max-snippet":"max-snippet:-1","max-image-preview":"max-image-preview:large","max-video-preview":"max-video-preview:-1"},"canonical":"https:\/\/deveho.com\/es\/productos\/solucion-sage-intacct\/","og_locale":"es_ES","og_type":"article","og_title":"Soluci\u00f3n Sage Intacct - Deveho","og_description":"Mejora tu flujo de caja y agiliza los cobros con las cuentas por cobrar de la soluci\u00f3n Sage Intacct: automatiza y optimiza tus ingresos.","og_url":"https:\/\/deveho.com\/es\/productos\/solucion-sage-intacct\/","og_site_name":"Deveho","article_publisher":"https:\/\/www.facebook.com\/deveho","article_modified_time":"2025-04-15T09:48:28+00:00","twitter_card":"summary_large_image","twitter_site":"@Deveho1","twitter_misc":{"Tiempo de lectura":"2 minutos"},"schema":{"@context":"https:\/\/schema.org","@graph":[{"@type":"WebPage","@id":"https:\/\/deveho.com\/es\/productos\/solucion-sage-intacct\/","url":"https:\/\/deveho.com\/es\/productos\/solucion-sage-intacct\/","name":"Soluci\u00f3n Sage Intacct - Deveho","isPartOf":{"@id":"https:\/\/deveho.com\/#website"},"datePublished":"2024-07-25T07:03:19+00:00","dateModified":"2025-04-15T09:48:28+00:00","description":"Mejora tu flujo de caja y agiliza los cobros con las cuentas por cobrar de la soluci\u00f3n Sage Intacct: automatiza y optimiza tus ingresos.","breadcrumb":{"@id":"https:\/\/deveho.com\/es\/productos\/solucion-sage-intacct\/#breadcrumb"},"inLanguage":"es","potentialAction":[{"@type":"ReadAction","target":["https:\/\/deveho.com\/es\/productos\/solucion-sage-intacct\/"]}]},{"@type":"BreadcrumbList","@id":"https:\/\/deveho.com\/es\/productos\/solucion-sage-intacct\/#breadcrumb","itemListElement":[{"@type":"ListItem","position":1,"name":"Home","item":"https:\/\/deveho.com\/es\/"},{"@type":"ListItem","position":2,"name":"Productos","item":"https:\/\/deveho.com\/es\/productos\/"},{"@type":"ListItem","position":3,"name":"Sage Intacct"}]},{"@type":"WebSite","@id":"https:\/\/deveho.com\/#website","url":"https:\/\/deveho.com\/","name":"Deveho Consulting Group","description":"Let\u2019s boost your growth","publisher":{"@id":"https:\/\/deveho.com\/#organization"},"potentialAction":[{"@type":"SearchAction","target":{"@type":"EntryPoint","urlTemplate":"https:\/\/deveho.com\/?s={search_term_string}"},"query-input":{"@type":"PropertyValueSpecification","valueRequired":true,"valueName":"search_term_string"}}],"inLanguage":"es"},{"@type":"Organization","@id":"https:\/\/deveho.com\/#organization","name":"Deveho Consulting Group","url":"https:\/\/deveho.com\/","logo":{"@type":"ImageObject","inLanguage":"es","@id":"https:\/\/deveho.com\/#\/schema\/logo\/image\/","url":"https:\/\/deveho.com\/wp-content\/uploads\/2023\/02\/DEVEHO-LOGO-Baseline-COLOR.png","contentUrl":"https:\/\/deveho.com\/wp-content\/uploads\/2023\/02\/DEVEHO-LOGO-Baseline-COLOR.png","width":2251,"height":585,"caption":"Deveho Consulting Group"},"image":{"@id":"https:\/\/deveho.com\/#\/schema\/logo\/image\/"},"sameAs":["https:\/\/www.facebook.com\/deveho","https:\/\/x.com\/Deveho1","https:\/\/www.linkedin.com\/company\/deveho-consulting\/"]}]}},"_links":{"self":[{"href":"https:\/\/deveho.com\/es\/wp-json\/wp\/v2\/pages\/33004"}],"collection":[{"href":"https:\/\/deveho.com\/es\/wp-json\/wp\/v2\/pages"}],"about":[{"href":"https:\/\/deveho.com\/es\/wp-json\/wp\/v2\/types\/page"}],"author":[{"embeddable":true,"href":"https:\/\/deveho.com\/es\/wp-json\/wp\/v2\/users\/34"}],"replies":[{"embeddable":true,"href":"https:\/\/deveho.com\/es\/wp-json\/wp\/v2\/comments?post=33004"}],"version-history":[{"count":24,"href":"https:\/\/deveho.com\/es\/wp-json\/wp\/v2\/pages\/33004\/revisions"}],"predecessor-version":[{"id":39944,"href":"https:\/\/deveho.com\/es\/wp-json\/wp\/v2\/pages\/33004\/revisions\/39944"}],"up":[{"embeddable":true,"href":"https:\/\/deveho.com\/es\/wp-json\/wp\/v2\/pages\/10887"}],"wp:attachment":[{"href":"https:\/\/deveho.com\/es\/wp-json\/wp\/v2\/media?parent=33004"}],"curies":[{"name":"wp","href":"https:\/\/api.w.org\/{rel}","templated":true}]}}