{"id":46194,"date":"2026-01-23T17:16:36","date_gmt":"2026-01-23T15:16:36","guid":{"rendered":"https:\/\/deveho.com\/?page_id=46194"},"modified":"2026-03-13T16:15:36","modified_gmt":"2026-03-13T14:15:36","slug":"localizaciones","status":"publish","type":"page","link":"https:\/\/deveho.com\/es\/pagina-de-inicio\/localizaciones\/","title":{"rendered":"Localizaciones"},"content":{"rendered":"<br \/>\n<h2><\/h2>\n<h3><red>Paquetes de localizaci\u00f3n <\/red>de Deveho<\/h3>\n<h3>Un paquete de localizaci\u00f3n es un conjunto de actualizaciones, m\u00f3dulos y complementos preconfigurados, dise\u00f1ados para garantizar que Sage X3 cumpla con los requisitos legales y normativos locales de un pa\u00eds o regi\u00f3n espec\u00edficos. <\/h3>\n<p><p>Nuestro paquete de localizaci\u00f3n facilita el uso eficiente y conforme a la normativa de la soluci\u00f3n por parte de los usuarios locales dentro de organizaciones multinacionales. Adem\u00e1s de los componentes normativos obligatorios, el paquete incluye caracter\u00edsticas opcionales que, aunque no son exigidas por la ley, son muy valoradas por los usuarios locales. El paquete de localizaci\u00f3n se centra principalmente en las finanzas y la contabilidad, ya que estas \u00e1reas est\u00e1n sujetas a la mayor variaci\u00f3n normativa entre los distintos mercados. Tambi\u00e9n cubre los requisitos de informaci\u00f3n obligatorios en otros \u00e1mbitos funcionales.<\/p>\n<p>Cada entrega incluye tambi\u00e9n asistencia ling\u00fc\u00edstica, proporcionando un idioma de conexi\u00f3n local y contenido traducido, con algunas excepciones, como la ayuda en l\u00ednea, los complementos externos y determinados informes.<\/p>\n<p><img loading=\"lazy\" decoding=\"async\" class=\"aligncenter wp-image-45536 size-full\" src=\"https:\/\/deveho.com\/wp-content\/uploads\/2026\/01\/Map-legislations.png\" alt=\"\" width=\"1996\" height=\"1294\" srcset=\"https:\/\/deveho.com\/wp-content\/uploads\/2026\/01\/Map-legislations.png 1996w, https:\/\/deveho.com\/wp-content\/uploads\/2026\/01\/Map-legislations-300x194.png 300w, https:\/\/deveho.com\/wp-content\/uploads\/2026\/01\/Map-legislations-1024x664.png 1024w, https:\/\/deveho.com\/wp-content\/uploads\/2026\/01\/Map-legislations-150x97.png 150w, https:\/\/deveho.com\/wp-content\/uploads\/2026\/01\/Map-legislations-768x498.png 768w, https:\/\/deveho.com\/wp-content\/uploads\/2026\/01\/Map-legislations-1536x996.png 1536w, https:\/\/deveho.com\/wp-content\/uploads\/2026\/01\/Map-legislations-1920x1245.png 1920w\" sizes=\"(max-width: 1996px) 100vw, 1996px\" \/><\/p>\n<p>&nbsp;<\/p>\n<\/p>\n<h2><red>Caracter\u00edsticas principales <\/red>de las localizaciones<\/h2>\n<h3>Admite varios idiomas<\/h3>\n<p><p>Nuestro equipo diverso habla m\u00e1s de 18 nacionalidades e idiomas, lo que facilita la comunicaci\u00f3n sin fronteras y garantiza que podamos atender eficazmente a clientes de m\u00faltiples regiones.<\/p>\n<\/p>\n<h3>Cumple con m\u00faltiples legislaciones<\/h3>\n<p><p>Deveho ha desarrollado su propia legislaci\u00f3n mediante ocho complementos de localizaci\u00f3n espec\u00edficos que abarcan los Pa\u00edses Bajos, Ruman\u00eda, la Rep\u00fablica Checa, Eslovaquia, Hungr\u00eda, Marruecos, Lituania y Letonia.<\/p>\n<\/p>\n<h3>Opera en varios pa\u00edses<\/h3>\n<p><p>Deveho Consulting Group apoya sus proyectos de desarrollo locales e internacionales. Nuestro objetivo es ser verdaderamente <strong>\u00abGLOCALES\u00bb,<\/strong> actuando como socio a largo plazo dondequiera que usted opere.<\/p>\n<\/p>\n<h3>Totalmente conforme con las normas internacionales<\/h3>\n<p><p>Dise\u00f1amos <strong>soluciones de localizaci\u00f3n<\/strong> que se ajustan plenamente a los marcos legales nacionales, sin dejar de ser coherentes con los est\u00e1ndares globales de Sage X3.<\/p>\n<\/p>\n<h2><\/h2>\n<h3>Resumen de<red> las localizaciones <\/red>de Deveho<\/h3>\n<h3><red><b>Cumplimiento normativo<\/red><\/b> <br \/>En el mercado global actual, garantizar el cumplimiento normativo es fundamental para entrar y operar con \u00e9xito en nuevas regiones. En Deveho, nos especializamos en navegar por entornos normativos complejos para garantizar que su empresa cumpla con todos los requisitos legales y espec\u00edficos del sector en diversos mercados. Nuestro enfoque de localizaci\u00f3n integra el cumplimiento normativo en todas las etapas, desde la adaptaci\u00f3n del contenido hasta la integraci\u00f3n de sistemas.<\/h3>\n<p><p>&nbsp;<\/p>\n<table style=\"height: 721px;\" width=\"2079\">\n<tbody>\n<tr>\n<td style=\"text-align: center;\" width=\"85\"><strong>Caracter\u00edstica\/pa\u00eds<\/strong><\/td>\n<td style=\"text-align: center;\" width=\"76\"><strong>Idioma<\/strong><\/td>\n<td style=\"text-align: center;\" width=\"85\"><strong>Declaraci\u00f3n del IVA<\/strong><\/td>\n<td style=\"text-align: center;\" width=\"85\"><strong>Declaraci\u00f3n de la UE<\/strong><\/td>\n<td style=\"text-align: center;\" width=\"66\"><strong>Intrastat<\/strong><\/td>\n<td style=\"text-align: center;\" width=\"57\"><strong>Activos fijos<\/strong><\/td>\n<td style=\"text-align: center;\" width=\"47\"><strong>Acciones<\/strong><\/td>\n<td style=\"text-align: center;\" width=\"76\"><strong>Importaci\u00f3n del tipo de cambio<\/strong><\/td>\n<td style=\"text-align: center;\" width=\"57\"><strong>BP Control (Control de socios comerciales)<\/strong><\/td>\n<td style=\"text-align: center;\" width=\"76\"><strong>Factura electr\u00f3nica<\/strong><\/td>\n<td style=\"text-align: center;\" width=\"47\"><strong>Saf-t<\/strong><\/td>\n<\/tr>\n<tr>\n<td width=\"85\"><strong>Rep\u00fablica Checa<\/strong><\/td>\n<td width=\"76\">\u2713<\/td>\n<td width=\"85\">\u2713<\/td>\n<td width=\"85\">\u2713<\/td>\n<td width=\"66\">\u2713<\/td>\n<td width=\"57\">\u2713<\/td>\n<td width=\"47\">\u2713<\/td>\n<td width=\"76\">\u2713<\/td>\n<td width=\"57\">\u2713<\/td>\n<td width=\"76\"><\/td>\n<td width=\"47\"><\/td>\n<\/tr>\n<tr>\n<td width=\"85\"><strong>Hungr\u00eda<\/strong><\/td>\n<td width=\"76\">\u2713<\/td>\n<td width=\"85\">\u2713<\/td>\n<td width=\"85\">\u2713<\/td>\n<td width=\"66\">\u2713<\/td>\n<td width=\"57\">\u2713<\/td>\n<td width=\"47\">\u2713<\/td>\n<td width=\"76\">\u2713<\/td>\n<td width=\"57\">\u2713<\/td>\n<td width=\"76\">\u2713<\/td>\n<td width=\"47\"><\/td>\n<\/tr>\n<tr>\n<td width=\"85\"><strong>Letonia<\/strong><\/td>\n<td width=\"76\">\u2713<\/td>\n<td width=\"85\">\u2713<\/td>\n<td width=\"85\">\u2713<\/td>\n<td width=\"66\">\u2713<\/td>\n<td width=\"57\">\u2713<\/td>\n<td width=\"47\">\u2713<\/td>\n<td width=\"76\">\u2713<\/td>\n<td width=\"57\"><\/td>\n<td width=\"76\">1\/1\/2028<\/td>\n<td width=\"47\"><\/td>\n<\/tr>\n<tr>\n<td width=\"85\"><strong>Lituania<\/strong><\/td>\n<td width=\"76\">\u2713<\/td>\n<td width=\"85\">\u2713<\/td>\n<td width=\"85\">\u2713<\/td>\n<td width=\"66\">\u2713<\/td>\n<td width=\"57\">\u2713<\/td>\n<td width=\"47\">\u2713<\/td>\n<td width=\"76\">\u2713<\/td>\n<td width=\"57\"><\/td>\n<td width=\"76\">1\/1\/2028<\/td>\n<td width=\"47\">\u2713<\/td>\n<\/tr>\n<tr>\n<td width=\"85\"><strong>Rumania<\/strong><\/td>\n<td width=\"76\">\u2713<\/td>\n<td width=\"85\">\u2713<\/td>\n<td width=\"85\">\u2713<\/td>\n<td width=\"66\">\u2713<\/td>\n<td width=\"57\">\u2713<\/td>\n<td width=\"47\">\u2713<\/td>\n<td width=\"76\">\u2713<\/td>\n<td width=\"57\">\u2713<\/td>\n<td width=\"76\">\u2713<\/td>\n<td width=\"47\">\u2713<\/td>\n<\/tr>\n<tr>\n<td width=\"85\"><strong><br \/>\nEslovaquia<br \/>\n<\/strong><\/td>\n<td width=\"76\">\u2713<\/td>\n<td width=\"85\">\u2713<\/td>\n<td width=\"85\">\u2713<\/td>\n<td width=\"66\">\u2713<\/td>\n<td width=\"57\">\u2713<\/td>\n<td width=\"47\">\u2713<\/td>\n<td width=\"76\"><\/td>\n<td width=\"57\"><\/td>\n<td width=\"76\">1\/1\/2027<\/td>\n<td width=\"47\"><\/td>\n<\/tr>\n<tr>\n<td width=\"85\"><strong>Los<\/strong><br \/>\n<strong>Pa\u00edses Bajos<\/strong><\/td>\n<td width=\"76\">\u2713<\/td>\n<td width=\"85\">\u2713<\/td>\n<td width=\"85\">\u2713<\/td>\n<td width=\"66\">\u2713<\/td>\n<td width=\"57\">\u2713<\/td>\n<td width=\"47\">\u2713<\/td>\n<td width=\"76\"><\/td>\n<td width=\"57\"><\/td>\n<td width=\"76\"><\/td>\n<td width=\"47\"><\/td>\n<\/tr>\n<\/tbody>\n<\/table>\n<h2><\/h2>\n<h3> <red>Nuestras legislaciones<\/red><\/h3>\n<h3>8 localizaciones est\u00e1ndar<\/h3>\n<\/p>\n<h2><\/h2>\n<h3><b>Nuestra gu\u00eda sobre legislaci\u00f3n de<red> terceros<\/red><\/b><\/h3>\n<h3>Esta gu\u00eda le ayuda a identificar soluciones de terceros de confianza que cumplen con los requisitos normativos locales, al tiempo que mantienen altos est\u00e1ndares de calidad y compatibilidad.<\/h3>\n<p><p><a href=\"https:\/\/www.sage.com\/en-gb\/\" target=\"_blank\" rel=\"noopener\"><img loading=\"lazy\" decoding=\"async\" class=\"aligncenter wp-image-44634\" src=\"https:\/\/deveho.com\/wp-content\/uploads\/2025\/12\/Sage_Partner-Badge_Black_RGB.png\" alt=\"Sage partner bagde for Localisations page\" width=\"387\" height=\"117\" srcset=\"https:\/\/deveho.com\/wp-content\/uploads\/2025\/12\/Sage_Partner-Badge_Black_RGB.png 1706w, https:\/\/deveho.com\/wp-content\/uploads\/2025\/12\/Sage_Partner-Badge_Black_RGB-300x91.png 300w, https:\/\/deveho.com\/wp-content\/uploads\/2025\/12\/Sage_Partner-Badge_Black_RGB-1024x310.png 1024w, https:\/\/deveho.com\/wp-content\/uploads\/2025\/12\/Sage_Partner-Badge_Black_RGB-150x45.png 150w, https:\/\/deveho.com\/wp-content\/uploads\/2025\/12\/Sage_Partner-Badge_Black_RGB-768x232.png 768w, https:\/\/deveho.com\/wp-content\/uploads\/2025\/12\/Sage_Partner-Badge_Black_RGB-1536x465.png 1536w\" sizes=\"(max-width: 387px) 100vw, 387px\" \/><\/a><\/p>\n<p>&nbsp;<\/p>\n<p>P\u00f3ngase en contacto con nuestro equipo de ventas para obtener m\u00e1s informaci\u00f3n.<\/p>\n<\/p>\n<h2><\/h2>\n<h3>\u00bfC\u00f3mo implementamos la localizaci\u00f3n?<\/h3>\n<h3><\/h3>\n<p><p>La implementaci\u00f3n de la localizaci\u00f3n depende del pa\u00eds y de la complejidad de sus procesos empresariales. Por este motivo, abordamos cada proyecto de forma individualizada.<\/p>\n<p>Nuestro objetivo es garantizar el \u00e9xito mutuo de su proyecto de localizaci\u00f3n, manteniendo un control total sobre <strong>la calidad, el presupuesto y los plazos.<\/strong> Trabajamos codo con codo con sus equipos para analizar los requisitos locales, definir el alcance adecuado y ofrecer una soluci\u00f3n que cumpla plenamente con la normativa y se ajuste a sus necesidades operativas.<\/p>\n<p>A lo largo del proyecto, nuestros consultores expertos aplican metodolog\u00edas probadas y buenas pr\u00e1cticas para garantizar una implementaci\u00f3n fluida, fiable y eficiente.<\/p>\n<\/p>\n<h2><\/h2>\n<h3><red>Una vez implementada la localizaci\u00f3n, \u00bfqu\u00e9 viene despu\u00e9s??<\/red><\/h3>\n<h3><\/h3>\n<p><p>La localizaci\u00f3n no es una tarea puntual. Las normativas evolucionan constantemente y es fundamental mantener el cumplimiento normativo.<\/p>\n<p>En colaboraci\u00f3n con una reconocida empresa de auditor\u00eda, ofrecemos asesoramiento jur\u00eddico continuo y nos anticipamos a los cambios normativos mediante actualizaciones peri\u00f3dicas de nuestras versiones localizadas de <strong>Sage X3<\/strong>. De este modo, nos aseguramos de que su sistema siga cumpliendo con la legislaci\u00f3n local y se ajuste a las mejores pr\u00e1cticas del mercado.<\/p>\n<p>Nuestro enfoque de asistencia a largo plazo le permite centrarse en su actividad principal, mientras nosotros nos encargamos de supervisar e integrar los cambios legales y normativos.<\/p>\n<\/p>\n<h2><\/h2>\n<h3>Actualizaciones y revisiones<\/h3>\n<h3><\/h3>\n<p><p>Las actualizaciones del paquete de localizaci\u00f3n se deben principalmente a cambios en la normativa local. En estrecha colaboraci\u00f3n con nuestros consultores y socios jur\u00eddicos, supervisamos continuamente los requisitos legales de cada mercado y ofrecemos soluciones oportunas para garantizar el cumplimiento de la legislaci\u00f3n local.<\/p>\n<p>Paralelamente, seguimos nuestra hoja de ruta interna de productos para introducir mejoras y optimizaciones funcionales. Nos comprometemos a mantener informados a nuestros clientes sobre el alcance y la evoluci\u00f3n de las funciones de localizaci\u00f3n.<\/p>\n<p>Es posible que se incluyan nuevas caracter\u00edsticas normativas o funcionales en nuestra hoja de ruta y, dependiendo de su naturaleza, podr\u00edan suponer un <strong>coste adicional.<\/strong><\/p><\/p>\n","protected":false},"excerpt":{"rendered":"<p>Deveho Consulting Group, en su calidad de socio comercial de Sage, se dedica a la publicaci\u00f3n de versiones localizadas est\u00e1ndar de Sage X3. Ofrecemos un cat\u00e1logo de versiones localizadas del n\u00facleo de Sage X3. Nuestras versiones legislativas se ajustan a los requisitos fiscales y a las pr\u00e1cticas locales. Asimismo, ofrecen par\u00e1metros preconfigurados para asegurar el cumplimiento de las restricciones legales y las normas contables locales.<\/p>\n","protected":false},"author":34,"featured_media":0,"parent":9158,"menu_order":0,"comment_status":"closed","ping_status":"closed","template":"templates\/template-prod_serv.php","meta":{"_acf_changed":false,"footnotes":""},"class_list":["post-46194","page","type-page","status-publish","hentry"],"acf":[],"yoast_head":"<!-- This site is optimized with the Yoast SEO plugin v23.5 - https:\/\/yoast.com\/wordpress\/plugins\/seo\/ -->\n<title>Localizaciones - Deveho<\/title>\n<meta name=\"description\" content=\"Como socio de Sage, Deveho publica localizaciones est\u00e1ndar de Sage X3, incluidos nuestros propios paquetes legislativos que abarcan 8 pa\u00edses.\" \/>\n<meta name=\"robots\" content=\"index, follow, max-snippet:-1, max-image-preview:large, max-video-preview:-1\" \/>\n<link rel=\"canonical\" href=\"https:\/\/deveho.com\/es\/pagina-de-inicio\/localizaciones\/\" \/>\n<meta property=\"og:locale\" content=\"es_ES\" \/>\n<meta property=\"og:type\" content=\"article\" \/>\n<meta property=\"og:title\" content=\"Localizaciones - Deveho\" \/>\n<meta property=\"og:description\" content=\"Como socio de Sage, Deveho publica localizaciones est\u00e1ndar de Sage X3, incluidos nuestros propios paquetes legislativos que abarcan 8 pa\u00edses.\" \/>\n<meta property=\"og:url\" content=\"https:\/\/deveho.com\/es\/pagina-de-inicio\/localizaciones\/\" \/>\n<meta property=\"og:site_name\" content=\"Deveho\" \/>\n<meta property=\"article:publisher\" content=\"https:\/\/www.facebook.com\/deveho\" \/>\n<meta property=\"article:modified_time\" content=\"2026-03-13T14:15:36+00:00\" \/>\n<meta property=\"og:image\" content=\"https:\/\/deveho.com\/wp-content\/uploads\/2026\/01\/Map-legislations.png\" \/>\n<meta name=\"twitter:card\" content=\"summary_large_image\" \/>\n<meta name=\"twitter:site\" content=\"@Deveho1\" \/>\n<meta name=\"twitter:label1\" content=\"Tiempo de lectura\" \/>\n\t<meta name=\"twitter:data1\" content=\"5 minutos\" \/>\n<script type=\"application\/ld+json\" class=\"yoast-schema-graph\">{\"@context\":\"https:\/\/schema.org\",\"@graph\":[{\"@type\":\"WebPage\",\"@id\":\"https:\/\/deveho.com\/es\/pagina-de-inicio\/localizaciones\/\",\"url\":\"https:\/\/deveho.com\/es\/pagina-de-inicio\/localizaciones\/\",\"name\":\"Localizaciones - Deveho\",\"isPartOf\":{\"@id\":\"https:\/\/deveho.com\/#website\"},\"primaryImageOfPage\":{\"@id\":\"https:\/\/deveho.com\/es\/pagina-de-inicio\/localizaciones\/#primaryimage\"},\"image\":{\"@id\":\"https:\/\/deveho.com\/es\/pagina-de-inicio\/localizaciones\/#primaryimage\"},\"thumbnailUrl\":\"https:\/\/deveho.com\/wp-content\/uploads\/2026\/01\/Map-legislations.png\",\"datePublished\":\"2026-01-23T15:16:36+00:00\",\"dateModified\":\"2026-03-13T14:15:36+00:00\",\"description\":\"Como socio de Sage, Deveho publica localizaciones est\u00e1ndar de Sage X3, incluidos nuestros propios paquetes legislativos que abarcan 8 pa\u00edses.\",\"breadcrumb\":{\"@id\":\"https:\/\/deveho.com\/es\/pagina-de-inicio\/localizaciones\/#breadcrumb\"},\"inLanguage\":\"es\",\"potentialAction\":[{\"@type\":\"ReadAction\",\"target\":[\"https:\/\/deveho.com\/es\/pagina-de-inicio\/localizaciones\/\"]}]},{\"@type\":\"ImageObject\",\"inLanguage\":\"es\",\"@id\":\"https:\/\/deveho.com\/es\/pagina-de-inicio\/localizaciones\/#primaryimage\",\"url\":\"https:\/\/deveho.com\/wp-content\/uploads\/2026\/01\/Map-legislations.png\",\"contentUrl\":\"https:\/\/deveho.com\/wp-content\/uploads\/2026\/01\/Map-legislations.png\"},{\"@type\":\"BreadcrumbList\",\"@id\":\"https:\/\/deveho.com\/es\/pagina-de-inicio\/localizaciones\/#breadcrumb\",\"itemListElement\":[{\"@type\":\"ListItem\",\"position\":1,\"name\":\"Home\",\"item\":\"https:\/\/deveho.com\/es\/\"},{\"@type\":\"ListItem\",\"position\":2,\"name\":\"Portada\",\"item\":\"https:\/\/deveho.com\/es\/\"},{\"@type\":\"ListItem\",\"position\":3,\"name\":\"Localizaciones\"}]},{\"@type\":\"WebSite\",\"@id\":\"https:\/\/deveho.com\/#website\",\"url\":\"https:\/\/deveho.com\/\",\"name\":\"Deveho Consulting Group\",\"description\":\"Let\u2019s boost your growth\",\"publisher\":{\"@id\":\"https:\/\/deveho.com\/#organization\"},\"potentialAction\":[{\"@type\":\"SearchAction\",\"target\":{\"@type\":\"EntryPoint\",\"urlTemplate\":\"https:\/\/deveho.com\/?s={search_term_string}\"},\"query-input\":{\"@type\":\"PropertyValueSpecification\",\"valueRequired\":true,\"valueName\":\"search_term_string\"}}],\"inLanguage\":\"es\"},{\"@type\":\"Organization\",\"@id\":\"https:\/\/deveho.com\/#organization\",\"name\":\"Deveho Consulting Group\",\"url\":\"https:\/\/deveho.com\/\",\"logo\":{\"@type\":\"ImageObject\",\"inLanguage\":\"es\",\"@id\":\"https:\/\/deveho.com\/#\/schema\/logo\/image\/\",\"url\":\"https:\/\/deveho.com\/wp-content\/uploads\/2023\/02\/DEVEHO-LOGO-Baseline-COLOR.png\",\"contentUrl\":\"https:\/\/deveho.com\/wp-content\/uploads\/2023\/02\/DEVEHO-LOGO-Baseline-COLOR.png\",\"width\":2251,\"height\":585,\"caption\":\"Deveho Consulting Group\"},\"image\":{\"@id\":\"https:\/\/deveho.com\/#\/schema\/logo\/image\/\"},\"sameAs\":[\"https:\/\/www.facebook.com\/deveho\",\"https:\/\/x.com\/Deveho1\",\"https:\/\/www.linkedin.com\/company\/deveho-consulting\/\"]}]}<\/script>\n<!-- \/ Yoast SEO plugin. -->","yoast_head_json":{"title":"Localizaciones - Deveho","description":"Como socio de Sage, Deveho publica localizaciones est\u00e1ndar de Sage X3, incluidos nuestros propios paquetes legislativos que abarcan 8 pa\u00edses.","robots":{"index":"index","follow":"follow","max-snippet":"max-snippet:-1","max-image-preview":"max-image-preview:large","max-video-preview":"max-video-preview:-1"},"canonical":"https:\/\/deveho.com\/es\/pagina-de-inicio\/localizaciones\/","og_locale":"es_ES","og_type":"article","og_title":"Localizaciones - Deveho","og_description":"Como socio de Sage, Deveho publica localizaciones est\u00e1ndar de Sage X3, incluidos nuestros propios paquetes legislativos que abarcan 8 pa\u00edses.","og_url":"https:\/\/deveho.com\/es\/pagina-de-inicio\/localizaciones\/","og_site_name":"Deveho","article_publisher":"https:\/\/www.facebook.com\/deveho","article_modified_time":"2026-03-13T14:15:36+00:00","og_image":[{"url":"https:\/\/deveho.com\/wp-content\/uploads\/2026\/01\/Map-legislations.png"}],"twitter_card":"summary_large_image","twitter_site":"@Deveho1","twitter_misc":{"Tiempo de lectura":"5 minutos"},"schema":{"@context":"https:\/\/schema.org","@graph":[{"@type":"WebPage","@id":"https:\/\/deveho.com\/es\/pagina-de-inicio\/localizaciones\/","url":"https:\/\/deveho.com\/es\/pagina-de-inicio\/localizaciones\/","name":"Localizaciones - Deveho","isPartOf":{"@id":"https:\/\/deveho.com\/#website"},"primaryImageOfPage":{"@id":"https:\/\/deveho.com\/es\/pagina-de-inicio\/localizaciones\/#primaryimage"},"image":{"@id":"https:\/\/deveho.com\/es\/pagina-de-inicio\/localizaciones\/#primaryimage"},"thumbnailUrl":"https:\/\/deveho.com\/wp-content\/uploads\/2026\/01\/Map-legislations.png","datePublished":"2026-01-23T15:16:36+00:00","dateModified":"2026-03-13T14:15:36+00:00","description":"Como socio de Sage, Deveho publica localizaciones est\u00e1ndar de Sage X3, incluidos nuestros propios paquetes legislativos que abarcan 8 pa\u00edses.","breadcrumb":{"@id":"https:\/\/deveho.com\/es\/pagina-de-inicio\/localizaciones\/#breadcrumb"},"inLanguage":"es","potentialAction":[{"@type":"ReadAction","target":["https:\/\/deveho.com\/es\/pagina-de-inicio\/localizaciones\/"]}]},{"@type":"ImageObject","inLanguage":"es","@id":"https:\/\/deveho.com\/es\/pagina-de-inicio\/localizaciones\/#primaryimage","url":"https:\/\/deveho.com\/wp-content\/uploads\/2026\/01\/Map-legislations.png","contentUrl":"https:\/\/deveho.com\/wp-content\/uploads\/2026\/01\/Map-legislations.png"},{"@type":"BreadcrumbList","@id":"https:\/\/deveho.com\/es\/pagina-de-inicio\/localizaciones\/#breadcrumb","itemListElement":[{"@type":"ListItem","position":1,"name":"Home","item":"https:\/\/deveho.com\/es\/"},{"@type":"ListItem","position":2,"name":"Portada","item":"https:\/\/deveho.com\/es\/"},{"@type":"ListItem","position":3,"name":"Localizaciones"}]},{"@type":"WebSite","@id":"https:\/\/deveho.com\/#website","url":"https:\/\/deveho.com\/","name":"Deveho Consulting Group","description":"Let\u2019s boost your growth","publisher":{"@id":"https:\/\/deveho.com\/#organization"},"potentialAction":[{"@type":"SearchAction","target":{"@type":"EntryPoint","urlTemplate":"https:\/\/deveho.com\/?s={search_term_string}"},"query-input":{"@type":"PropertyValueSpecification","valueRequired":true,"valueName":"search_term_string"}}],"inLanguage":"es"},{"@type":"Organization","@id":"https:\/\/deveho.com\/#organization","name":"Deveho Consulting Group","url":"https:\/\/deveho.com\/","logo":{"@type":"ImageObject","inLanguage":"es","@id":"https:\/\/deveho.com\/#\/schema\/logo\/image\/","url":"https:\/\/deveho.com\/wp-content\/uploads\/2023\/02\/DEVEHO-LOGO-Baseline-COLOR.png","contentUrl":"https:\/\/deveho.com\/wp-content\/uploads\/2023\/02\/DEVEHO-LOGO-Baseline-COLOR.png","width":2251,"height":585,"caption":"Deveho Consulting Group"},"image":{"@id":"https:\/\/deveho.com\/#\/schema\/logo\/image\/"},"sameAs":["https:\/\/www.facebook.com\/deveho","https:\/\/x.com\/Deveho1","https:\/\/www.linkedin.com\/company\/deveho-consulting\/"]}]}},"_links":{"self":[{"href":"https:\/\/deveho.com\/es\/wp-json\/wp\/v2\/pages\/46194"}],"collection":[{"href":"https:\/\/deveho.com\/es\/wp-json\/wp\/v2\/pages"}],"about":[{"href":"https:\/\/deveho.com\/es\/wp-json\/wp\/v2\/types\/page"}],"author":[{"embeddable":true,"href":"https:\/\/deveho.com\/es\/wp-json\/wp\/v2\/users\/34"}],"replies":[{"embeddable":true,"href":"https:\/\/deveho.com\/es\/wp-json\/wp\/v2\/comments?post=46194"}],"version-history":[{"count":20,"href":"https:\/\/deveho.com\/es\/wp-json\/wp\/v2\/pages\/46194\/revisions"}],"predecessor-version":[{"id":47258,"href":"https:\/\/deveho.com\/es\/wp-json\/wp\/v2\/pages\/46194\/revisions\/47258"}],"up":[{"embeddable":true,"href":"https:\/\/deveho.com\/es\/wp-json\/wp\/v2\/pages\/9158"}],"wp:attachment":[{"href":"https:\/\/deveho.com\/es\/wp-json\/wp\/v2\/media?parent=46194"}],"curies":[{"name":"wp","href":"https:\/\/api.w.org\/{rel}","templated":true}]}}