{"id":9256,"date":"2022-02-24T14:58:08","date_gmt":"2022-02-24T14:58:08","guid":{"rendered":"https:\/\/deveho2.sfdbeta.be\/construccion\/"},"modified":"2022-10-28T10:52:05","modified_gmt":"2022-10-28T08:52:05","slug":"construccion","status":"publish","type":"page","link":"https:\/\/deveho.com\/es\/sectores\/construccion\/","title":{"rendered":"Construcci\u00f3n"},"content":{"rendered":"<br \/>\n<h3>Sus <b><red>Ventajas<\/b><\/red>   <\/h3>\n<p><p>Completo, intuitivo y eficaz, nuestro software de gesti\u00f3n para la construcci\u00f3n le ayuda en todas sus tareas diarias. Aprovechar un software para la construcci\u00f3n para crear sus presupuestos, editar y enviar tus facturas y garantizar la gesti\u00f3n y el seguimiento de sus obras.<\/p>\n<\/p>\n<p>Permitir a los gestores de proyectos tomar decisiones acertadas con una visi\u00f3n actualizada de todos los riesgos y costes de un proyecto<\/p>\n<p>Comparta y capture los datos del lugar en cualquier dispositivo m\u00f3vil para mejorar la comunicaci\u00f3n y la colaboraci\u00f3n<\/p>\n<p>Reducir los riesgos del proyecto y proteger su rentabilidad mediante un diagn\u00f3stico m\u00e1s r\u00e1pido de los problemas relacionados con el proyecto<\/p>\n<p>Analizar las desviaciones de los costes previstos con respecto a los costes reales en cualquier nivel de nodo utilizando las mejores pr\u00e1cticas industriales de EVM y las visualizaciones de la EDT<\/p>\n<p>Reducir los costes de inventario y controlar las compras limitando los productos que se pueden adquirir para un proyecto de construcci\u00f3n<\/p>\n<p>Gestionar y prever los flujos de caja en m\u00faltiples proyectos internacionales para reducir los riesgos financieros y licitar en nuevas oportunidades con mayor confianza.<\/p>\n<p>Utilizar un sistema en todos los lugares del proyecto y en varias entidades empresariales, incluidos los proyectos que abarcan varios pa\u00edses y monedas<\/p>\n<p>Crezca con confianza con un sistema integrado de gesti\u00f3n de la construcci\u00f3n que puede adaptarse incluso a los megaproyectos m\u00e1s complejos<\/p>\n<h2><b><red>Caracter\u00edsticas<\/b><\/red> <b>Sage X3<\/b><\/h2>\n<h3><\/h3>\n<p><p>An\u00e1lisis de proyectos y indicadores de rendimiento de sector<\/p>\n<\/p>\n<h3><\/h3>\n<p><p>Treasury and cash flow management<\/p>\n<\/p>\n<h3><\/h3>\n<p><p>Seguimiento de las imputaciones de los tiempos<\/p>\n<\/p>\n<h3><\/h3>\n<p><p>Gesti\u00f3n de documentos<\/p>\n<\/p>\n<h3><\/h3>\n<p><p>Gesti\u00f3n de contratos y subcontratos<\/p>\n<\/p>\n<h3><\/h3>\n<p><p>Gesti\u00f3n de stocks y de las compras<\/p>\n<\/p>\n<h3><\/h3>\n<p><p>C\u00e1lculo de costes y gesti\u00f3n financiera de los proyectos<\/p>\n<\/p>\n<h3><\/h3>\n<p><p>Visualizaci\u00f3n de la EDT del proyecto con desglose<\/p>\n<\/p>\n<h3><\/h3>\n<p><p>Gesti\u00f3n de proyectos de construcci\u00f3n<\/p>\n<\/p>\n<h3><\/h3>\n<p><p>Estimaci\u00f3n y gesti\u00f3n de ofertas integradas<\/p>\n<\/p>\n<h2><\/h2>\n<h3>P\u00e1ginas relacionadas<\/h3><\/p>\n","protected":false},"excerpt":{"rendered":"<p>Sage X3 Construction es una plataforma de gesti\u00f3n empresarial totalmente moderna, con prioridad para los dispositivos m\u00f3viles y basada en datos, creada desde cero por profesionales de la construcci\u00f3n y para profesionales de la construcci\u00f3n. Controle incluso sus proyectos de construcci\u00f3n m\u00e1s complejos, minimice los sobrecostes y proteja la rentabilidad del proyecto utilizando datos actualizados de WIP capturados directamente sobre el terreno.<\/p>\n","protected":false},"author":3,"featured_media":0,"parent":10881,"menu_order":0,"comment_status":"closed","ping_status":"closed","template":"templates\/template-inner.php","meta":{"_acf_changed":false,"footnotes":""},"class_list":["post-9256","page","type-page","status-publish","hentry"],"acf":[],"yoast_head":"<!-- This site is optimized with the Yoast SEO plugin v23.5 - https:\/\/yoast.com\/wordpress\/plugins\/seo\/ -->\n<title>Construcci\u00f3n - Deveho<\/title>\n<meta name=\"robots\" content=\"index, follow, max-snippet:-1, max-image-preview:large, max-video-preview:-1\" \/>\n<link rel=\"canonical\" href=\"https:\/\/deveho.com\/sectors\/construction\/\" \/>\n<meta property=\"og:locale\" content=\"es_ES\" \/>\n<meta property=\"og:type\" content=\"article\" \/>\n<meta property=\"og:title\" content=\"Construcci\u00f3n - Deveho\" \/>\n<meta property=\"og:description\" content=\"Sage X3 Construction es una plataforma de gesti\u00f3n empresarial totalmente moderna, con prioridad para los dispositivos m\u00f3viles y basada en datos, creada desde cero por profesionales de la construcci\u00f3n y para profesionales de la construcci\u00f3n. Controle incluso sus proyectos de construcci\u00f3n m\u00e1s complejos, minimice los sobrecostes y proteja la rentabilidad del proyecto utilizando datos actualizados de WIP capturados directamente sobre el terreno.\" \/>\n<meta property=\"og:url\" content=\"https:\/\/deveho.com\/sectors\/construction\/\" \/>\n<meta property=\"og:site_name\" content=\"Deveho\" \/>\n<meta property=\"article:publisher\" content=\"https:\/\/www.facebook.com\/deveho\" \/>\n<meta property=\"article:modified_time\" content=\"2022-10-28T08:52:05+00:00\" \/>\n<meta name=\"twitter:card\" content=\"summary_large_image\" \/>\n<meta name=\"twitter:site\" content=\"@Deveho1\" \/>\n<meta name=\"twitter:label1\" content=\"Tiempo de lectura\" \/>\n\t<meta name=\"twitter:data1\" content=\"2 minutos\" \/>\n<script type=\"application\/ld+json\" class=\"yoast-schema-graph\">{\"@context\":\"https:\/\/schema.org\",\"@graph\":[{\"@type\":\"WebPage\",\"@id\":\"https:\/\/deveho.com\/sectors\/construction\/\",\"url\":\"https:\/\/deveho.com\/sectors\/construction\/\",\"name\":\"Construcci\u00f3n - Deveho\",\"isPartOf\":{\"@id\":\"https:\/\/deveho.com\/#website\"},\"datePublished\":\"2022-02-24T14:58:08+00:00\",\"dateModified\":\"2022-10-28T08:52:05+00:00\",\"breadcrumb\":{\"@id\":\"https:\/\/deveho.com\/sectors\/construction\/#breadcrumb\"},\"inLanguage\":\"es\",\"potentialAction\":[{\"@type\":\"ReadAction\",\"target\":[\"https:\/\/deveho.com\/sectors\/construction\/\"]}]},{\"@type\":\"BreadcrumbList\",\"@id\":\"https:\/\/deveho.com\/sectors\/construction\/#breadcrumb\",\"itemListElement\":[{\"@type\":\"ListItem\",\"position\":1,\"name\":\"Home\",\"item\":\"https:\/\/deveho.com\/es\/\"},{\"@type\":\"ListItem\",\"position\":2,\"name\":\"Sectores\",\"item\":\"https:\/\/deveho.com\/sectors\/\"},{\"@type\":\"ListItem\",\"position\":3,\"name\":\"Construcci\u00f3n\"}]},{\"@type\":\"WebSite\",\"@id\":\"https:\/\/deveho.com\/#website\",\"url\":\"https:\/\/deveho.com\/\",\"name\":\"Deveho Consulting Group\",\"description\":\"Let\u2019s boost your growth\",\"publisher\":{\"@id\":\"https:\/\/deveho.com\/#organization\"},\"potentialAction\":[{\"@type\":\"SearchAction\",\"target\":{\"@type\":\"EntryPoint\",\"urlTemplate\":\"https:\/\/deveho.com\/?s={search_term_string}\"},\"query-input\":{\"@type\":\"PropertyValueSpecification\",\"valueRequired\":true,\"valueName\":\"search_term_string\"}}],\"inLanguage\":\"es\"},{\"@type\":\"Organization\",\"@id\":\"https:\/\/deveho.com\/#organization\",\"name\":\"Deveho Consulting Group\",\"url\":\"https:\/\/deveho.com\/\",\"logo\":{\"@type\":\"ImageObject\",\"inLanguage\":\"es\",\"@id\":\"https:\/\/deveho.com\/#\/schema\/logo\/image\/\",\"url\":\"https:\/\/deveho.com\/wp-content\/uploads\/2023\/02\/DEVEHO-LOGO-Baseline-COLOR.png\",\"contentUrl\":\"https:\/\/deveho.com\/wp-content\/uploads\/2023\/02\/DEVEHO-LOGO-Baseline-COLOR.png\",\"width\":2251,\"height\":585,\"caption\":\"Deveho Consulting Group\"},\"image\":{\"@id\":\"https:\/\/deveho.com\/#\/schema\/logo\/image\/\"},\"sameAs\":[\"https:\/\/www.facebook.com\/deveho\",\"https:\/\/x.com\/Deveho1\",\"https:\/\/www.linkedin.com\/company\/deveho-consulting\/\"]}]}<\/script>\n<!-- \/ Yoast SEO plugin. -->","yoast_head_json":{"title":"Construcci\u00f3n - Deveho","robots":{"index":"index","follow":"follow","max-snippet":"max-snippet:-1","max-image-preview":"max-image-preview:large","max-video-preview":"max-video-preview:-1"},"canonical":"https:\/\/deveho.com\/sectors\/construction\/","og_locale":"es_ES","og_type":"article","og_title":"Construcci\u00f3n - Deveho","og_description":"Sage X3 Construction es una plataforma de gesti\u00f3n empresarial totalmente moderna, con prioridad para los dispositivos m\u00f3viles y basada en datos, creada desde cero por profesionales de la construcci\u00f3n y para profesionales de la construcci\u00f3n. Controle incluso sus proyectos de construcci\u00f3n m\u00e1s complejos, minimice los sobrecostes y proteja la rentabilidad del proyecto utilizando datos actualizados de WIP capturados directamente sobre el terreno.","og_url":"https:\/\/deveho.com\/sectors\/construction\/","og_site_name":"Deveho","article_publisher":"https:\/\/www.facebook.com\/deveho","article_modified_time":"2022-10-28T08:52:05+00:00","twitter_card":"summary_large_image","twitter_site":"@Deveho1","twitter_misc":{"Tiempo de lectura":"2 minutos"},"schema":{"@context":"https:\/\/schema.org","@graph":[{"@type":"WebPage","@id":"https:\/\/deveho.com\/sectors\/construction\/","url":"https:\/\/deveho.com\/sectors\/construction\/","name":"Construcci\u00f3n - Deveho","isPartOf":{"@id":"https:\/\/deveho.com\/#website"},"datePublished":"2022-02-24T14:58:08+00:00","dateModified":"2022-10-28T08:52:05+00:00","breadcrumb":{"@id":"https:\/\/deveho.com\/sectors\/construction\/#breadcrumb"},"inLanguage":"es","potentialAction":[{"@type":"ReadAction","target":["https:\/\/deveho.com\/sectors\/construction\/"]}]},{"@type":"BreadcrumbList","@id":"https:\/\/deveho.com\/sectors\/construction\/#breadcrumb","itemListElement":[{"@type":"ListItem","position":1,"name":"Home","item":"https:\/\/deveho.com\/es\/"},{"@type":"ListItem","position":2,"name":"Sectores","item":"https:\/\/deveho.com\/sectors\/"},{"@type":"ListItem","position":3,"name":"Construcci\u00f3n"}]},{"@type":"WebSite","@id":"https:\/\/deveho.com\/#website","url":"https:\/\/deveho.com\/","name":"Deveho Consulting Group","description":"Let\u2019s boost your growth","publisher":{"@id":"https:\/\/deveho.com\/#organization"},"potentialAction":[{"@type":"SearchAction","target":{"@type":"EntryPoint","urlTemplate":"https:\/\/deveho.com\/?s={search_term_string}"},"query-input":{"@type":"PropertyValueSpecification","valueRequired":true,"valueName":"search_term_string"}}],"inLanguage":"es"},{"@type":"Organization","@id":"https:\/\/deveho.com\/#organization","name":"Deveho Consulting Group","url":"https:\/\/deveho.com\/","logo":{"@type":"ImageObject","inLanguage":"es","@id":"https:\/\/deveho.com\/#\/schema\/logo\/image\/","url":"https:\/\/deveho.com\/wp-content\/uploads\/2023\/02\/DEVEHO-LOGO-Baseline-COLOR.png","contentUrl":"https:\/\/deveho.com\/wp-content\/uploads\/2023\/02\/DEVEHO-LOGO-Baseline-COLOR.png","width":2251,"height":585,"caption":"Deveho Consulting Group"},"image":{"@id":"https:\/\/deveho.com\/#\/schema\/logo\/image\/"},"sameAs":["https:\/\/www.facebook.com\/deveho","https:\/\/x.com\/Deveho1","https:\/\/www.linkedin.com\/company\/deveho-consulting\/"]}]}},"_links":{"self":[{"href":"https:\/\/deveho.com\/es\/wp-json\/wp\/v2\/pages\/9256"}],"collection":[{"href":"https:\/\/deveho.com\/es\/wp-json\/wp\/v2\/pages"}],"about":[{"href":"https:\/\/deveho.com\/es\/wp-json\/wp\/v2\/types\/page"}],"author":[{"embeddable":true,"href":"https:\/\/deveho.com\/es\/wp-json\/wp\/v2\/users\/3"}],"replies":[{"embeddable":true,"href":"https:\/\/deveho.com\/es\/wp-json\/wp\/v2\/comments?post=9256"}],"version-history":[{"count":0,"href":"https:\/\/deveho.com\/es\/wp-json\/wp\/v2\/pages\/9256\/revisions"}],"up":[{"embeddable":true,"href":"https:\/\/deveho.com\/es\/wp-json\/wp\/v2\/pages\/10881"}],"wp:attachment":[{"href":"https:\/\/deveho.com\/es\/wp-json\/wp\/v2\/media?parent=9256"}],"curies":[{"name":"wp","href":"https:\/\/api.w.org\/{rel}","templated":true}]}}