{"id":9262,"date":"2022-02-24T17:45:10","date_gmt":"2022-02-24T17:45:10","guid":{"rendered":"https:\/\/deveho2.sfdbeta.be\/finanzas\/"},"modified":"2023-01-13T11:38:49","modified_gmt":"2023-01-13T09:38:49","slug":"finanzas","status":"publish","type":"page","link":"https:\/\/deveho.com\/es\/sectores\/finanzas\/","title":{"rendered":"Finanzas"},"content":{"rendered":"<br \/>\n<h3>Your <b> <red>Benefits<\/b><\/red>   <\/h3>\n<p><p>Ahora conseguir\u00e1 aumentar la satisfacci\u00f3n de los clientes, asegur\u00e1ndose de que todos disponen de la informaci\u00f3n necesaria para responder de forma eficaz y r\u00e1pida a las consultas, y resolver cualquier queja o conflicto. Clave para el sector de los servicios financieros, tambi\u00e9n aumentar\u00e1 sus ingresos asegur\u00e1ndose de que todas las oportunidades de venta se captan, se siguen y se convierten, a la vez que se garantiza que se negocian los mejores precios posibles con sus proveedores y se gestionan las relaciones de forma \u00f3ptima.<\/p>\n<\/p>\n<p>Contabilidad anal\u00edtica con m\u00faltiples dimensiones<\/p>\n<p>Funcionalidad de importaci\u00f3n\/exportaci\u00f3n de datos<\/p>\n<p>Funcionalidad de varios libros de contabilidad<\/p>\n<p>Posibilidades de multilegislaci\u00f3n <\/p>\n<p>Controle sus resultados con claridad<\/p>\n<p>Saque ventaja a la visibilidad global y en tiempo real<\/p>\n<p>Cumplir con los requisitos locales.<\/p>\n<h2><b>Sage X3<\/b> <b><red>Caracter\u00edsticas<\/b><\/red><\/h2>\n<h3><\/h3>\n<p><p>Libro mayor con m\u00faltiples planes de cuentas<\/p>\n<\/p>\n<h3><\/h3>\n<p><p>Cuentas a pagar, cuentas a cobrar<\/p>\n<\/p>\n<h3><\/h3>\n<p><p>Gesti\u00f3n de la liquidez<\/p>\n<\/p>\n<h3><\/h3>\n<p><p>Gesti\u00f3n de los bancos<\/p>\n<\/p>\n<h3><\/h3>\n<p><p>Contabilidad de costes y anal\u00edtica<\/p>\n<\/p>\n<h3><\/h3>\n<p><p>Gastos<\/p>\n<\/p>\n<h3><\/h3>\n<p><p>Presupuestos y compromisos<\/p>\n<\/p>\n<h2><\/h2>\n<h3>P\u00e1ginas relacionadas<\/h3>\n<\/p>\n<h3><\/h3>\n<\/p>\n<h3><\/h3><\/p>\n","protected":false},"excerpt":{"rendered":"<p>Your Benefits Ahora conseguir\u00e1 aumentar la satisfacci\u00f3n de los clientes, asegur\u00e1ndose de que todos disponen de la informaci\u00f3n necesaria para responder de forma eficaz y r\u00e1pida a las consultas, y resolver cualquier queja o conflicto. Clave para el sector de los servicios financieros, tambi\u00e9n aumentar\u00e1 sus ingresos asegur\u00e1ndose de que todas las oportunidades de venta [&hellip;]<\/p>\n","protected":false},"author":3,"featured_media":0,"parent":10881,"menu_order":0,"comment_status":"closed","ping_status":"closed","template":"templates\/template-inner.php","meta":{"_acf_changed":false,"footnotes":""},"class_list":["post-9262","page","type-page","status-publish","hentry"],"acf":[],"yoast_head":"<!-- This site is optimized with the Yoast SEO plugin v23.5 - https:\/\/yoast.com\/wordpress\/plugins\/seo\/ -->\n<title>Finanzas - Deveho<\/title>\n<meta name=\"robots\" content=\"index, follow, max-snippet:-1, max-image-preview:large, max-video-preview:-1\" \/>\n<link rel=\"canonical\" href=\"https:\/\/deveho.com\/sectors\/finance\/\" \/>\n<meta property=\"og:locale\" content=\"es_ES\" \/>\n<meta property=\"og:type\" content=\"article\" \/>\n<meta property=\"og:title\" content=\"Finanzas - Deveho\" \/>\n<meta property=\"og:description\" content=\"Your Benefits Ahora conseguir\u00e1 aumentar la satisfacci\u00f3n de los clientes, asegur\u00e1ndose de que todos disponen de la informaci\u00f3n necesaria para responder de forma eficaz y r\u00e1pida a las consultas, y resolver cualquier queja o conflicto. Clave para el sector de los servicios financieros, tambi\u00e9n aumentar\u00e1 sus ingresos asegur\u00e1ndose de que todas las oportunidades de venta [&hellip;]\" \/>\n<meta property=\"og:url\" content=\"https:\/\/deveho.com\/sectors\/finance\/\" \/>\n<meta property=\"og:site_name\" content=\"Deveho\" \/>\n<meta property=\"article:publisher\" content=\"https:\/\/www.facebook.com\/deveho\" \/>\n<meta property=\"article:modified_time\" content=\"2023-01-13T09:38:49+00:00\" \/>\n<meta name=\"twitter:card\" content=\"summary_large_image\" \/>\n<meta name=\"twitter:site\" content=\"@Deveho1\" \/>\n<meta name=\"twitter:label1\" content=\"Tiempo de lectura\" \/>\n\t<meta name=\"twitter:data1\" content=\"1 minuto\" \/>\n<script type=\"application\/ld+json\" class=\"yoast-schema-graph\">{\"@context\":\"https:\/\/schema.org\",\"@graph\":[{\"@type\":\"WebPage\",\"@id\":\"https:\/\/deveho.com\/sectors\/finance\/\",\"url\":\"https:\/\/deveho.com\/sectors\/finance\/\",\"name\":\"Finanzas - Deveho\",\"isPartOf\":{\"@id\":\"https:\/\/deveho.com\/#website\"},\"datePublished\":\"2022-02-24T17:45:10+00:00\",\"dateModified\":\"2023-01-13T09:38:49+00:00\",\"breadcrumb\":{\"@id\":\"https:\/\/deveho.com\/sectors\/finance\/#breadcrumb\"},\"inLanguage\":\"es\",\"potentialAction\":[{\"@type\":\"ReadAction\",\"target\":[\"https:\/\/deveho.com\/sectors\/finance\/\"]}]},{\"@type\":\"BreadcrumbList\",\"@id\":\"https:\/\/deveho.com\/sectors\/finance\/#breadcrumb\",\"itemListElement\":[{\"@type\":\"ListItem\",\"position\":1,\"name\":\"Home\",\"item\":\"https:\/\/deveho.com\/es\/\"},{\"@type\":\"ListItem\",\"position\":2,\"name\":\"Sectores\",\"item\":\"https:\/\/deveho.com\/sectors\/\"},{\"@type\":\"ListItem\",\"position\":3,\"name\":\"Finanzas\"}]},{\"@type\":\"WebSite\",\"@id\":\"https:\/\/deveho.com\/#website\",\"url\":\"https:\/\/deveho.com\/\",\"name\":\"Deveho Consulting Group\",\"description\":\"Let\u2019s boost your growth\",\"publisher\":{\"@id\":\"https:\/\/deveho.com\/#organization\"},\"potentialAction\":[{\"@type\":\"SearchAction\",\"target\":{\"@type\":\"EntryPoint\",\"urlTemplate\":\"https:\/\/deveho.com\/?s={search_term_string}\"},\"query-input\":{\"@type\":\"PropertyValueSpecification\",\"valueRequired\":true,\"valueName\":\"search_term_string\"}}],\"inLanguage\":\"es\"},{\"@type\":\"Organization\",\"@id\":\"https:\/\/deveho.com\/#organization\",\"name\":\"Deveho Consulting Group\",\"url\":\"https:\/\/deveho.com\/\",\"logo\":{\"@type\":\"ImageObject\",\"inLanguage\":\"es\",\"@id\":\"https:\/\/deveho.com\/#\/schema\/logo\/image\/\",\"url\":\"https:\/\/deveho.com\/wp-content\/uploads\/2023\/02\/DEVEHO-LOGO-Baseline-COLOR.png\",\"contentUrl\":\"https:\/\/deveho.com\/wp-content\/uploads\/2023\/02\/DEVEHO-LOGO-Baseline-COLOR.png\",\"width\":2251,\"height\":585,\"caption\":\"Deveho Consulting Group\"},\"image\":{\"@id\":\"https:\/\/deveho.com\/#\/schema\/logo\/image\/\"},\"sameAs\":[\"https:\/\/www.facebook.com\/deveho\",\"https:\/\/x.com\/Deveho1\",\"https:\/\/www.linkedin.com\/company\/deveho-consulting\/\"]}]}<\/script>\n<!-- \/ Yoast SEO plugin. -->","yoast_head_json":{"title":"Finanzas - Deveho","robots":{"index":"index","follow":"follow","max-snippet":"max-snippet:-1","max-image-preview":"max-image-preview:large","max-video-preview":"max-video-preview:-1"},"canonical":"https:\/\/deveho.com\/sectors\/finance\/","og_locale":"es_ES","og_type":"article","og_title":"Finanzas - Deveho","og_description":"Your Benefits Ahora conseguir\u00e1 aumentar la satisfacci\u00f3n de los clientes, asegur\u00e1ndose de que todos disponen de la informaci\u00f3n necesaria para responder de forma eficaz y r\u00e1pida a las consultas, y resolver cualquier queja o conflicto. Clave para el sector de los servicios financieros, tambi\u00e9n aumentar\u00e1 sus ingresos asegur\u00e1ndose de que todas las oportunidades de venta [&hellip;]","og_url":"https:\/\/deveho.com\/sectors\/finance\/","og_site_name":"Deveho","article_publisher":"https:\/\/www.facebook.com\/deveho","article_modified_time":"2023-01-13T09:38:49+00:00","twitter_card":"summary_large_image","twitter_site":"@Deveho1","twitter_misc":{"Tiempo de lectura":"1 minuto"},"schema":{"@context":"https:\/\/schema.org","@graph":[{"@type":"WebPage","@id":"https:\/\/deveho.com\/sectors\/finance\/","url":"https:\/\/deveho.com\/sectors\/finance\/","name":"Finanzas - Deveho","isPartOf":{"@id":"https:\/\/deveho.com\/#website"},"datePublished":"2022-02-24T17:45:10+00:00","dateModified":"2023-01-13T09:38:49+00:00","breadcrumb":{"@id":"https:\/\/deveho.com\/sectors\/finance\/#breadcrumb"},"inLanguage":"es","potentialAction":[{"@type":"ReadAction","target":["https:\/\/deveho.com\/sectors\/finance\/"]}]},{"@type":"BreadcrumbList","@id":"https:\/\/deveho.com\/sectors\/finance\/#breadcrumb","itemListElement":[{"@type":"ListItem","position":1,"name":"Home","item":"https:\/\/deveho.com\/es\/"},{"@type":"ListItem","position":2,"name":"Sectores","item":"https:\/\/deveho.com\/sectors\/"},{"@type":"ListItem","position":3,"name":"Finanzas"}]},{"@type":"WebSite","@id":"https:\/\/deveho.com\/#website","url":"https:\/\/deveho.com\/","name":"Deveho Consulting Group","description":"Let\u2019s boost your growth","publisher":{"@id":"https:\/\/deveho.com\/#organization"},"potentialAction":[{"@type":"SearchAction","target":{"@type":"EntryPoint","urlTemplate":"https:\/\/deveho.com\/?s={search_term_string}"},"query-input":{"@type":"PropertyValueSpecification","valueRequired":true,"valueName":"search_term_string"}}],"inLanguage":"es"},{"@type":"Organization","@id":"https:\/\/deveho.com\/#organization","name":"Deveho Consulting Group","url":"https:\/\/deveho.com\/","logo":{"@type":"ImageObject","inLanguage":"es","@id":"https:\/\/deveho.com\/#\/schema\/logo\/image\/","url":"https:\/\/deveho.com\/wp-content\/uploads\/2023\/02\/DEVEHO-LOGO-Baseline-COLOR.png","contentUrl":"https:\/\/deveho.com\/wp-content\/uploads\/2023\/02\/DEVEHO-LOGO-Baseline-COLOR.png","width":2251,"height":585,"caption":"Deveho Consulting Group"},"image":{"@id":"https:\/\/deveho.com\/#\/schema\/logo\/image\/"},"sameAs":["https:\/\/www.facebook.com\/deveho","https:\/\/x.com\/Deveho1","https:\/\/www.linkedin.com\/company\/deveho-consulting\/"]}]}},"_links":{"self":[{"href":"https:\/\/deveho.com\/es\/wp-json\/wp\/v2\/pages\/9262"}],"collection":[{"href":"https:\/\/deveho.com\/es\/wp-json\/wp\/v2\/pages"}],"about":[{"href":"https:\/\/deveho.com\/es\/wp-json\/wp\/v2\/types\/page"}],"author":[{"embeddable":true,"href":"https:\/\/deveho.com\/es\/wp-json\/wp\/v2\/users\/3"}],"replies":[{"embeddable":true,"href":"https:\/\/deveho.com\/es\/wp-json\/wp\/v2\/comments?post=9262"}],"version-history":[{"count":0,"href":"https:\/\/deveho.com\/es\/wp-json\/wp\/v2\/pages\/9262\/revisions"}],"up":[{"embeddable":true,"href":"https:\/\/deveho.com\/es\/wp-json\/wp\/v2\/pages\/10881"}],"wp:attachment":[{"href":"https:\/\/deveho.com\/es\/wp-json\/wp\/v2\/media?parent=9262"}],"curies":[{"name":"wp","href":"https:\/\/api.w.org\/{rel}","templated":true}]}}