{"id":9298,"date":"2022-02-27T13:10:25","date_gmt":"2022-02-27T13:10:25","guid":{"rendered":"https:\/\/deveho2.sfdbeta.be\/gerente-de-la-empresa\/"},"modified":"2023-01-13T11:15:35","modified_gmt":"2023-01-13T09:15:35","slug":"gerente-de-la-empresa","status":"publish","type":"page","link":"https:\/\/deveho.com\/es\/perfiles\/gerente-de-la-empresa\/","title":{"rendered":"Gerente de la empresa"},"content":{"rendered":"<br \/>\n<h2>Gesti\u00f3n empresarial con Sage X3 para gerentes de negocios <\/h2>\n<h3><\/h3>\n<h3>Con Sage X3 Management, tendr\u00e1 una visi\u00f3n integral del ciclo de vida de toda su empresa, desde la creaci\u00f3n de la oferta con sus desgloses de costes, hasta la facturaci\u00f3n, as\u00ed como el seguimiento presupuestario y financiero, pasando por los procesos de pedidos de compra, asignaci\u00f3n de recursos de aprovisionamiento&#8230; Fabricaci\u00f3n.<br \/>\n<\/h3>\n<\/p>\n<h2><\/h2>\n<h3>P\u00e1ginas relacionadas<\/h3>\n<\/p>\n<h3><\/h3>\n<\/p>\n<h3><\/h3><\/p>\n","protected":false},"excerpt":{"rendered":"<p>Sage X3 le ayuda a ser m\u00e1s eficiente mediante el seguimiento de las solicitudes de compra, los pedidos creados, las entregas, los pedidos de subcontrataci\u00f3n, las cargas de trabajo de los compradores y, mediante la gesti\u00f3n del proceso de aprobaci\u00f3n desde el pedido hasta la recepci\u00f3n y la facturaci\u00f3n, al tiempo que recopila estad\u00edsticas y valoraciones de los proveedores.<\/p>\n","protected":false},"author":6,"featured_media":0,"parent":10884,"menu_order":0,"comment_status":"closed","ping_status":"closed","template":"templates\/template-inner.php","meta":{"_acf_changed":false,"footnotes":""},"class_list":["post-9298","page","type-page","status-publish","hentry"],"acf":[],"yoast_head":"<!-- This site is optimized with the Yoast SEO plugin v23.5 - https:\/\/yoast.com\/wordpress\/plugins\/seo\/ -->\n<title>Gerente de la empresa - Deveho<\/title>\n<meta name=\"robots\" content=\"index, follow, max-snippet:-1, max-image-preview:large, max-video-preview:-1\" \/>\n<link rel=\"canonical\" href=\"https:\/\/deveho.com\/profiles\/company-managers\/\" \/>\n<meta property=\"og:locale\" content=\"es_ES\" \/>\n<meta property=\"og:type\" content=\"article\" \/>\n<meta property=\"og:title\" content=\"Gerente de la empresa - Deveho\" \/>\n<meta property=\"og:description\" content=\"Sage X3 le ayuda a ser m\u00e1s eficiente mediante el seguimiento de las solicitudes de compra, los pedidos creados, las entregas, los pedidos de subcontrataci\u00f3n, las cargas de trabajo de los compradores y, mediante la gesti\u00f3n del proceso de aprobaci\u00f3n desde el pedido hasta la recepci\u00f3n y la facturaci\u00f3n, al tiempo que recopila estad\u00edsticas y valoraciones de los proveedores.\" \/>\n<meta property=\"og:url\" content=\"https:\/\/deveho.com\/profiles\/company-managers\/\" \/>\n<meta property=\"og:site_name\" content=\"Deveho\" \/>\n<meta property=\"article:publisher\" content=\"https:\/\/www.facebook.com\/deveho\" \/>\n<meta property=\"article:modified_time\" content=\"2023-01-13T09:15:35+00:00\" \/>\n<meta name=\"twitter:card\" content=\"summary_large_image\" \/>\n<meta name=\"twitter:site\" content=\"@Deveho1\" \/>\n<script type=\"application\/ld+json\" class=\"yoast-schema-graph\">{\"@context\":\"https:\/\/schema.org\",\"@graph\":[{\"@type\":\"WebPage\",\"@id\":\"https:\/\/deveho.com\/profiles\/company-managers\/\",\"url\":\"https:\/\/deveho.com\/profiles\/company-managers\/\",\"name\":\"Gerente de la empresa - Deveho\",\"isPartOf\":{\"@id\":\"https:\/\/deveho.com\/#website\"},\"datePublished\":\"2022-02-27T13:10:25+00:00\",\"dateModified\":\"2023-01-13T09:15:35+00:00\",\"breadcrumb\":{\"@id\":\"https:\/\/deveho.com\/profiles\/company-managers\/#breadcrumb\"},\"inLanguage\":\"es\",\"potentialAction\":[{\"@type\":\"ReadAction\",\"target\":[\"https:\/\/deveho.com\/profiles\/company-managers\/\"]}]},{\"@type\":\"BreadcrumbList\",\"@id\":\"https:\/\/deveho.com\/profiles\/company-managers\/#breadcrumb\",\"itemListElement\":[{\"@type\":\"ListItem\",\"position\":1,\"name\":\"Home\",\"item\":\"https:\/\/deveho.com\/es\/\"},{\"@type\":\"ListItem\",\"position\":2,\"name\":\"Perfiles\",\"item\":\"https:\/\/deveho.com\/es\/perfiles\/\"},{\"@type\":\"ListItem\",\"position\":3,\"name\":\"Gerente de la empresa\"}]},{\"@type\":\"WebSite\",\"@id\":\"https:\/\/deveho.com\/#website\",\"url\":\"https:\/\/deveho.com\/\",\"name\":\"Deveho Consulting Group\",\"description\":\"Let\u2019s boost your growth\",\"publisher\":{\"@id\":\"https:\/\/deveho.com\/#organization\"},\"potentialAction\":[{\"@type\":\"SearchAction\",\"target\":{\"@type\":\"EntryPoint\",\"urlTemplate\":\"https:\/\/deveho.com\/?s={search_term_string}\"},\"query-input\":{\"@type\":\"PropertyValueSpecification\",\"valueRequired\":true,\"valueName\":\"search_term_string\"}}],\"inLanguage\":\"es\"},{\"@type\":\"Organization\",\"@id\":\"https:\/\/deveho.com\/#organization\",\"name\":\"Deveho Consulting Group\",\"url\":\"https:\/\/deveho.com\/\",\"logo\":{\"@type\":\"ImageObject\",\"inLanguage\":\"es\",\"@id\":\"https:\/\/deveho.com\/#\/schema\/logo\/image\/\",\"url\":\"https:\/\/deveho.com\/wp-content\/uploads\/2023\/02\/DEVEHO-LOGO-Baseline-COLOR.png\",\"contentUrl\":\"https:\/\/deveho.com\/wp-content\/uploads\/2023\/02\/DEVEHO-LOGO-Baseline-COLOR.png\",\"width\":2251,\"height\":585,\"caption\":\"Deveho Consulting Group\"},\"image\":{\"@id\":\"https:\/\/deveho.com\/#\/schema\/logo\/image\/\"},\"sameAs\":[\"https:\/\/www.facebook.com\/deveho\",\"https:\/\/x.com\/Deveho1\",\"https:\/\/www.linkedin.com\/company\/deveho-consulting\/\"]}]}<\/script>\n<!-- \/ Yoast SEO plugin. -->","yoast_head_json":{"title":"Gerente de la empresa - Deveho","robots":{"index":"index","follow":"follow","max-snippet":"max-snippet:-1","max-image-preview":"max-image-preview:large","max-video-preview":"max-video-preview:-1"},"canonical":"https:\/\/deveho.com\/profiles\/company-managers\/","og_locale":"es_ES","og_type":"article","og_title":"Gerente de la empresa - Deveho","og_description":"Sage X3 le ayuda a ser m\u00e1s eficiente mediante el seguimiento de las solicitudes de compra, los pedidos creados, las entregas, los pedidos de subcontrataci\u00f3n, las cargas de trabajo de los compradores y, mediante la gesti\u00f3n del proceso de aprobaci\u00f3n desde el pedido hasta la recepci\u00f3n y la facturaci\u00f3n, al tiempo que recopila estad\u00edsticas y valoraciones de los proveedores.","og_url":"https:\/\/deveho.com\/profiles\/company-managers\/","og_site_name":"Deveho","article_publisher":"https:\/\/www.facebook.com\/deveho","article_modified_time":"2023-01-13T09:15:35+00:00","twitter_card":"summary_large_image","twitter_site":"@Deveho1","schema":{"@context":"https:\/\/schema.org","@graph":[{"@type":"WebPage","@id":"https:\/\/deveho.com\/profiles\/company-managers\/","url":"https:\/\/deveho.com\/profiles\/company-managers\/","name":"Gerente de la empresa - Deveho","isPartOf":{"@id":"https:\/\/deveho.com\/#website"},"datePublished":"2022-02-27T13:10:25+00:00","dateModified":"2023-01-13T09:15:35+00:00","breadcrumb":{"@id":"https:\/\/deveho.com\/profiles\/company-managers\/#breadcrumb"},"inLanguage":"es","potentialAction":[{"@type":"ReadAction","target":["https:\/\/deveho.com\/profiles\/company-managers\/"]}]},{"@type":"BreadcrumbList","@id":"https:\/\/deveho.com\/profiles\/company-managers\/#breadcrumb","itemListElement":[{"@type":"ListItem","position":1,"name":"Home","item":"https:\/\/deveho.com\/es\/"},{"@type":"ListItem","position":2,"name":"Perfiles","item":"https:\/\/deveho.com\/es\/perfiles\/"},{"@type":"ListItem","position":3,"name":"Gerente de la empresa"}]},{"@type":"WebSite","@id":"https:\/\/deveho.com\/#website","url":"https:\/\/deveho.com\/","name":"Deveho Consulting Group","description":"Let\u2019s boost your growth","publisher":{"@id":"https:\/\/deveho.com\/#organization"},"potentialAction":[{"@type":"SearchAction","target":{"@type":"EntryPoint","urlTemplate":"https:\/\/deveho.com\/?s={search_term_string}"},"query-input":{"@type":"PropertyValueSpecification","valueRequired":true,"valueName":"search_term_string"}}],"inLanguage":"es"},{"@type":"Organization","@id":"https:\/\/deveho.com\/#organization","name":"Deveho Consulting Group","url":"https:\/\/deveho.com\/","logo":{"@type":"ImageObject","inLanguage":"es","@id":"https:\/\/deveho.com\/#\/schema\/logo\/image\/","url":"https:\/\/deveho.com\/wp-content\/uploads\/2023\/02\/DEVEHO-LOGO-Baseline-COLOR.png","contentUrl":"https:\/\/deveho.com\/wp-content\/uploads\/2023\/02\/DEVEHO-LOGO-Baseline-COLOR.png","width":2251,"height":585,"caption":"Deveho Consulting Group"},"image":{"@id":"https:\/\/deveho.com\/#\/schema\/logo\/image\/"},"sameAs":["https:\/\/www.facebook.com\/deveho","https:\/\/x.com\/Deveho1","https:\/\/www.linkedin.com\/company\/deveho-consulting\/"]}]}},"_links":{"self":[{"href":"https:\/\/deveho.com\/es\/wp-json\/wp\/v2\/pages\/9298"}],"collection":[{"href":"https:\/\/deveho.com\/es\/wp-json\/wp\/v2\/pages"}],"about":[{"href":"https:\/\/deveho.com\/es\/wp-json\/wp\/v2\/types\/page"}],"author":[{"embeddable":true,"href":"https:\/\/deveho.com\/es\/wp-json\/wp\/v2\/users\/6"}],"replies":[{"embeddable":true,"href":"https:\/\/deveho.com\/es\/wp-json\/wp\/v2\/comments?post=9298"}],"version-history":[{"count":0,"href":"https:\/\/deveho.com\/es\/wp-json\/wp\/v2\/pages\/9298\/revisions"}],"up":[{"embeddable":true,"href":"https:\/\/deveho.com\/es\/wp-json\/wp\/v2\/pages\/10884"}],"wp:attachment":[{"href":"https:\/\/deveho.com\/es\/wp-json\/wp\/v2\/media?parent=9298"}],"curies":[{"name":"wp","href":"https:\/\/api.w.org\/{rel}","templated":true}]}}