{"id":9397,"date":"2022-03-14T18:59:50","date_gmt":"2022-03-14T18:59:50","guid":{"rendered":"https:\/\/deveho2.sfdbeta.be\/gerente-de-almacen-y-logistica\/"},"modified":"2022-12-05T12:29:24","modified_gmt":"2022-12-05T10:29:24","slug":"gerente-de-almacen-y-logistica","status":"publish","type":"page","link":"https:\/\/deveho.com\/es\/perfiles\/gerente-de-almacen-y-logistica\/","title":{"rendered":"Gerente de almac\u00e9n y log\u00edstica"},"content":{"rendered":"<br \/>\n<h3><red><b>Ventajas<\/red> <\/b> de Gerentes de Almac\u00e9n y Log\u00edstica<\/h3>\n<p><p>Warehouse Manager es una soluci\u00f3n inal\u00e1mbrica de gesti\u00f3n de almacenes que interact\u00faa con lectores port\u00e1tiles resistentes y pantallas espec\u00edficas que permiten al personal del almac\u00e9n disponer de amplias capacidades en torno a todas las operaciones b\u00e1sicas del almac\u00e9n, desde las consultas de existencias hasta la preparaci\u00f3n de pedidos, la recepci\u00f3n, las asignaciones, los recuentos de productos, las transferencias, las cuestiones relacionadas con las \u00f3rdenes de trabajo y mucho m\u00e1s. <\/p>\n<\/p>\n<p>Aumente la precisi\u00f3n de la ubicaci\u00f3n de las existencias en un 25% registrando autom\u00e1ticamente las cantidades y la ubicaci\u00f3n en varias ubicaciones<\/p>\n<p>Aumente la precisi\u00f3n del inventario hasta el 99% mediante la mejora de la precisi\u00f3n de la recepci\u00f3n, el almacenamiento y la preparaci\u00f3n de pedidos<\/p>\n<p>Aumente la velocidad de preparaci\u00f3n de pedidos en un 25%, minimizando los errores y aumentando el rendimiento de los manipuladores individuales<\/p>\n<p>Obtenga un 75% m\u00e1s de eficiencia en el recuento de existencias, ya que los dispositivos manuales orientan a los usuarios hacia las ubicaciones pertinentes y solicitan detalles de los productos que se est\u00e1n contando, junto con el recuento real de art\u00edculos.<\/p>\n<p>Formar eficazmente al personal del almac\u00e9n manteniendo los controles de Sage X3<\/p>\n<p>Aumente la productividad eliminando la duplicaci\u00f3n y la introducci\u00f3n manual de datos<\/p>\n<p>Mejorar el servicio al cliente gracias a una mayor exactitud en los pedidos y a la disponibilidad de existencias en tiempo real<\/p>\n<h2><\/h2>\n<h3>P\u00e1ginas relacionadas<\/h3>\n<\/p>\n<h3><\/h3>\n<\/p>\n<h3><\/h3><\/p>\n","protected":false},"excerpt":{"rendered":"<p>Ventajas de Gerentes de Almac\u00e9n y Log\u00edstica Warehouse Manager es una soluci\u00f3n inal\u00e1mbrica de gesti\u00f3n de almacenes que interact\u00faa con lectores port\u00e1tiles resistentes y pantallas espec\u00edficas que permiten al personal del almac\u00e9n disponer de amplias capacidades en torno a todas las operaciones b\u00e1sicas del almac\u00e9n, desde las consultas de existencias hasta la preparaci\u00f3n de pedidos, [&hellip;]<\/p>\n","protected":false},"author":6,"featured_media":0,"parent":10884,"menu_order":0,"comment_status":"closed","ping_status":"closed","template":"templates\/template-inner.php","meta":{"_acf_changed":false,"footnotes":""},"class_list":["post-9397","page","type-page","status-publish","hentry"],"acf":[],"yoast_head":"<!-- This site is optimized with the Yoast SEO plugin v23.5 - https:\/\/yoast.com\/wordpress\/plugins\/seo\/ -->\n<title>Gerente de almac\u00e9n y log\u00edstica - Deveho<\/title>\n<meta name=\"robots\" content=\"index, follow, max-snippet:-1, max-image-preview:large, max-video-preview:-1\" \/>\n<link rel=\"canonical\" href=\"https:\/\/deveho.com\/es\/perfiles\/gerente-de-almacen-y-logistica\/\" \/>\n<meta property=\"og:locale\" content=\"es_ES\" \/>\n<meta property=\"og:type\" content=\"article\" \/>\n<meta property=\"og:title\" content=\"Gerente de almac\u00e9n y log\u00edstica - Deveho\" \/>\n<meta property=\"og:description\" content=\"Ventajas de Gerentes de Almac\u00e9n y Log\u00edstica Warehouse Manager es una soluci\u00f3n inal\u00e1mbrica de gesti\u00f3n de almacenes que interact\u00faa con lectores port\u00e1tiles resistentes y pantallas espec\u00edficas que permiten al personal del almac\u00e9n disponer de amplias capacidades en torno a todas las operaciones b\u00e1sicas del almac\u00e9n, desde las consultas de existencias hasta la preparaci\u00f3n de pedidos, [&hellip;]\" \/>\n<meta property=\"og:url\" content=\"https:\/\/deveho.com\/es\/perfiles\/gerente-de-almacen-y-logistica\/\" \/>\n<meta property=\"og:site_name\" content=\"Deveho\" \/>\n<meta property=\"article:publisher\" content=\"https:\/\/www.facebook.com\/deveho\" \/>\n<meta property=\"article:modified_time\" content=\"2022-12-05T10:29:24+00:00\" \/>\n<meta name=\"twitter:card\" content=\"summary_large_image\" \/>\n<meta name=\"twitter:site\" content=\"@Deveho1\" \/>\n<meta name=\"twitter:label1\" content=\"Tiempo de lectura\" \/>\n\t<meta name=\"twitter:data1\" content=\"1 minuto\" \/>\n<script type=\"application\/ld+json\" class=\"yoast-schema-graph\">{\"@context\":\"https:\/\/schema.org\",\"@graph\":[{\"@type\":\"WebPage\",\"@id\":\"https:\/\/deveho.com\/es\/perfiles\/gerente-de-almacen-y-logistica\/\",\"url\":\"https:\/\/deveho.com\/es\/perfiles\/gerente-de-almacen-y-logistica\/\",\"name\":\"Gerente de almac\u00e9n y log\u00edstica - Deveho\",\"isPartOf\":{\"@id\":\"https:\/\/deveho.com\/#website\"},\"datePublished\":\"2022-03-14T18:59:50+00:00\",\"dateModified\":\"2022-12-05T10:29:24+00:00\",\"breadcrumb\":{\"@id\":\"https:\/\/deveho.com\/es\/perfiles\/gerente-de-almacen-y-logistica\/#breadcrumb\"},\"inLanguage\":\"es\",\"potentialAction\":[{\"@type\":\"ReadAction\",\"target\":[\"https:\/\/deveho.com\/es\/perfiles\/gerente-de-almacen-y-logistica\/\"]}]},{\"@type\":\"BreadcrumbList\",\"@id\":\"https:\/\/deveho.com\/es\/perfiles\/gerente-de-almacen-y-logistica\/#breadcrumb\",\"itemListElement\":[{\"@type\":\"ListItem\",\"position\":1,\"name\":\"Home\",\"item\":\"https:\/\/deveho.com\/es\/\"},{\"@type\":\"ListItem\",\"position\":2,\"name\":\"Perfiles\",\"item\":\"https:\/\/deveho.com\/es\/perfiles\/\"},{\"@type\":\"ListItem\",\"position\":3,\"name\":\"Gerente de almac\u00e9n y log\u00edstica\"}]},{\"@type\":\"WebSite\",\"@id\":\"https:\/\/deveho.com\/#website\",\"url\":\"https:\/\/deveho.com\/\",\"name\":\"Deveho Consulting Group\",\"description\":\"Let\u2019s boost your growth\",\"publisher\":{\"@id\":\"https:\/\/deveho.com\/#organization\"},\"potentialAction\":[{\"@type\":\"SearchAction\",\"target\":{\"@type\":\"EntryPoint\",\"urlTemplate\":\"https:\/\/deveho.com\/?s={search_term_string}\"},\"query-input\":{\"@type\":\"PropertyValueSpecification\",\"valueRequired\":true,\"valueName\":\"search_term_string\"}}],\"inLanguage\":\"es\"},{\"@type\":\"Organization\",\"@id\":\"https:\/\/deveho.com\/#organization\",\"name\":\"Deveho Consulting Group\",\"url\":\"https:\/\/deveho.com\/\",\"logo\":{\"@type\":\"ImageObject\",\"inLanguage\":\"es\",\"@id\":\"https:\/\/deveho.com\/#\/schema\/logo\/image\/\",\"url\":\"https:\/\/deveho.com\/wp-content\/uploads\/2023\/02\/DEVEHO-LOGO-Baseline-COLOR.png\",\"contentUrl\":\"https:\/\/deveho.com\/wp-content\/uploads\/2023\/02\/DEVEHO-LOGO-Baseline-COLOR.png\",\"width\":2251,\"height\":585,\"caption\":\"Deveho Consulting Group\"},\"image\":{\"@id\":\"https:\/\/deveho.com\/#\/schema\/logo\/image\/\"},\"sameAs\":[\"https:\/\/www.facebook.com\/deveho\",\"https:\/\/x.com\/Deveho1\",\"https:\/\/www.linkedin.com\/company\/deveho-consulting\/\"]}]}<\/script>\n<!-- \/ Yoast SEO plugin. -->","yoast_head_json":{"title":"Gerente de almac\u00e9n y log\u00edstica - Deveho","robots":{"index":"index","follow":"follow","max-snippet":"max-snippet:-1","max-image-preview":"max-image-preview:large","max-video-preview":"max-video-preview:-1"},"canonical":"https:\/\/deveho.com\/es\/perfiles\/gerente-de-almacen-y-logistica\/","og_locale":"es_ES","og_type":"article","og_title":"Gerente de almac\u00e9n y log\u00edstica - Deveho","og_description":"Ventajas de Gerentes de Almac\u00e9n y Log\u00edstica Warehouse Manager es una soluci\u00f3n inal\u00e1mbrica de gesti\u00f3n de almacenes que interact\u00faa con lectores port\u00e1tiles resistentes y pantallas espec\u00edficas que permiten al personal del almac\u00e9n disponer de amplias capacidades en torno a todas las operaciones b\u00e1sicas del almac\u00e9n, desde las consultas de existencias hasta la preparaci\u00f3n de pedidos, [&hellip;]","og_url":"https:\/\/deveho.com\/es\/perfiles\/gerente-de-almacen-y-logistica\/","og_site_name":"Deveho","article_publisher":"https:\/\/www.facebook.com\/deveho","article_modified_time":"2022-12-05T10:29:24+00:00","twitter_card":"summary_large_image","twitter_site":"@Deveho1","twitter_misc":{"Tiempo de lectura":"1 minuto"},"schema":{"@context":"https:\/\/schema.org","@graph":[{"@type":"WebPage","@id":"https:\/\/deveho.com\/es\/perfiles\/gerente-de-almacen-y-logistica\/","url":"https:\/\/deveho.com\/es\/perfiles\/gerente-de-almacen-y-logistica\/","name":"Gerente de almac\u00e9n y log\u00edstica - Deveho","isPartOf":{"@id":"https:\/\/deveho.com\/#website"},"datePublished":"2022-03-14T18:59:50+00:00","dateModified":"2022-12-05T10:29:24+00:00","breadcrumb":{"@id":"https:\/\/deveho.com\/es\/perfiles\/gerente-de-almacen-y-logistica\/#breadcrumb"},"inLanguage":"es","potentialAction":[{"@type":"ReadAction","target":["https:\/\/deveho.com\/es\/perfiles\/gerente-de-almacen-y-logistica\/"]}]},{"@type":"BreadcrumbList","@id":"https:\/\/deveho.com\/es\/perfiles\/gerente-de-almacen-y-logistica\/#breadcrumb","itemListElement":[{"@type":"ListItem","position":1,"name":"Home","item":"https:\/\/deveho.com\/es\/"},{"@type":"ListItem","position":2,"name":"Perfiles","item":"https:\/\/deveho.com\/es\/perfiles\/"},{"@type":"ListItem","position":3,"name":"Gerente de almac\u00e9n y log\u00edstica"}]},{"@type":"WebSite","@id":"https:\/\/deveho.com\/#website","url":"https:\/\/deveho.com\/","name":"Deveho Consulting Group","description":"Let\u2019s boost your growth","publisher":{"@id":"https:\/\/deveho.com\/#organization"},"potentialAction":[{"@type":"SearchAction","target":{"@type":"EntryPoint","urlTemplate":"https:\/\/deveho.com\/?s={search_term_string}"},"query-input":{"@type":"PropertyValueSpecification","valueRequired":true,"valueName":"search_term_string"}}],"inLanguage":"es"},{"@type":"Organization","@id":"https:\/\/deveho.com\/#organization","name":"Deveho Consulting Group","url":"https:\/\/deveho.com\/","logo":{"@type":"ImageObject","inLanguage":"es","@id":"https:\/\/deveho.com\/#\/schema\/logo\/image\/","url":"https:\/\/deveho.com\/wp-content\/uploads\/2023\/02\/DEVEHO-LOGO-Baseline-COLOR.png","contentUrl":"https:\/\/deveho.com\/wp-content\/uploads\/2023\/02\/DEVEHO-LOGO-Baseline-COLOR.png","width":2251,"height":585,"caption":"Deveho Consulting Group"},"image":{"@id":"https:\/\/deveho.com\/#\/schema\/logo\/image\/"},"sameAs":["https:\/\/www.facebook.com\/deveho","https:\/\/x.com\/Deveho1","https:\/\/www.linkedin.com\/company\/deveho-consulting\/"]}]}},"_links":{"self":[{"href":"https:\/\/deveho.com\/es\/wp-json\/wp\/v2\/pages\/9397"}],"collection":[{"href":"https:\/\/deveho.com\/es\/wp-json\/wp\/v2\/pages"}],"about":[{"href":"https:\/\/deveho.com\/es\/wp-json\/wp\/v2\/types\/page"}],"author":[{"embeddable":true,"href":"https:\/\/deveho.com\/es\/wp-json\/wp\/v2\/users\/6"}],"replies":[{"embeddable":true,"href":"https:\/\/deveho.com\/es\/wp-json\/wp\/v2\/comments?post=9397"}],"version-history":[{"count":0,"href":"https:\/\/deveho.com\/es\/wp-json\/wp\/v2\/pages\/9397\/revisions"}],"up":[{"embeddable":true,"href":"https:\/\/deveho.com\/es\/wp-json\/wp\/v2\/pages\/10884"}],"wp:attachment":[{"href":"https:\/\/deveho.com\/es\/wp-json\/wp\/v2\/media?parent=9397"}],"curies":[{"name":"wp","href":"https:\/\/api.w.org\/{rel}","templated":true}]}}