{"id":9440,"date":"2022-03-16T06:37:11","date_gmt":"2022-03-16T06:37:11","guid":{"rendered":"https:\/\/deveho2.sfdbeta.be\/alimentacion-y-bebidas\/"},"modified":"2025-01-27T17:41:33","modified_gmt":"2025-01-27T15:41:33","slug":"alimentacion-y-bebidas","status":"publish","type":"page","link":"https:\/\/deveho.com\/es\/sectores\/alimentacion-y-bebidas\/","title":{"rendered":"Alimentaci\u00f3n y bebidas"},"content":{"rendered":"<br \/>\n<h2>Sage X3 para empresas de alimentaci\u00f3n y bebidas<\/h2>\n<p>Sage X3 est\u00e1 dise\u00f1ado para la industria de la alimentaci\u00f3n y bebidas. Sage X3 se enfoca en minimizar los desperdicios y reducir los riesgos, al tiempo que garantiza la calidad, la trazabilidad y la seguridad de sus materiales.<\/p>\n<\/p>\n<h3>Sus <b><red>Ventajas<\/red><\/b> <\/h3>\n<\/p>\n<p>Lograr el cumplimiento de la normativa, a la vez que se gestionan los costes<\/p>\n<p>Prep\u00e1rese para posibles devoluciones<\/p>\n<p>Ahorre tiempo (y dinero) sin dejar de cumplir la normativa<\/p>\n<p>Obtenga una mejor visibilidad de las operaciones en su negocio de alimentos y bebidas<\/p>\n<p>Controlar los costes y reducir los desperdicios<\/p>\n<p>Inspirar la confianza del consumidor con la trazabilidad<\/p>\n<p>Minimizar los desperdicios para reducir los costes y los riesgos<\/p>\n<p>Impulsar el cumplimiento de la normativa<\/p>\n<h2>Sage X3 Caracter\u00edsticas<\/h2>\n<h3><\/h3>\n<p><p>OPERACIONES<\/p>\n<p>Saque provecho de las soluciones para la seguridad alimentaria, la trazabilidad, la gesti\u00f3n de la retirada de productos, la notificaci\u00f3n de al\u00e9rgenos y mucho m\u00e1s.<\/p>\n<\/p>\n<h3><\/h3>\n<p><p>CADENA DE SUMINISTRO<\/p>\n<p>Gestione, colabore y garantice el cumplimiento en su trabajo con sus proveedores internacionales.<\/p>\n<\/p>\n<h3><\/h3>\n<p><p>ALMAC\u00c9N Y EXISTENCIAS<\/p>\n<p>Gestione el seguimiento del inventario de alimentos y la rentabilidad de los productos, reduzca la p\u00e9rdida de mercanc\u00eda perecedera.<\/p>\n<\/p>\n<h3><\/h3>\n<p><p>VENTAS Y MARKETING<\/p>\n<p>Utilice el CRM con el potencial de las aplicaciones m\u00f3viles para impulsar sus actividades de ventas y marketing.<\/p>\n<\/p>\n<h3><\/h3>\n<p><p>SERVICIO AL CLIENTE<\/p>\n<p>Obtenga un acceso r\u00e1pido a los datos y la capacidad de gestionar las solicitudes de los clientes.<\/p>\n<\/p>\n<h2><\/h2>\n<h3>P\u00e1ginas relacionadas<\/h3><\/p>\n","protected":false},"excerpt":{"rendered":"<p>Sage X3 para empresas de alimentaci\u00f3n y bebidas Sage X3 est\u00e1 dise\u00f1ado para la industria de la alimentaci\u00f3n y bebidas. Sage X3 se enfoca en minimizar los desperdicios y reducir los riesgos, al tiempo que garantiza la calidad, la trazabilidad y la seguridad de sus materiales. Sus Ventajas Lograr el cumplimiento de la normativa, a [&hellip;]<\/p>\n","protected":false},"author":3,"featured_media":0,"parent":10881,"menu_order":0,"comment_status":"closed","ping_status":"closed","template":"templates\/template-inner.php","meta":{"_acf_changed":false,"footnotes":""},"class_list":["post-9440","page","type-page","status-publish","hentry"],"acf":[],"yoast_head":"<!-- This site is optimized with the Yoast SEO plugin v23.5 - https:\/\/yoast.com\/wordpress\/plugins\/seo\/ -->\n<title>Alimentaci\u00f3n y bebidas - Deveho<\/title>\n<meta name=\"robots\" content=\"index, follow, max-snippet:-1, max-image-preview:large, max-video-preview:-1\" \/>\n<link rel=\"canonical\" href=\"https:\/\/deveho.com\/es\/sectores\/alimentacion-y-bebidas\/\" \/>\n<meta property=\"og:locale\" content=\"es_ES\" \/>\n<meta property=\"og:type\" content=\"article\" \/>\n<meta property=\"og:title\" content=\"Alimentaci\u00f3n y bebidas - Deveho\" \/>\n<meta property=\"og:description\" content=\"Sage X3 para empresas de alimentaci\u00f3n y bebidas Sage X3 est\u00e1 dise\u00f1ado para la industria de la alimentaci\u00f3n y bebidas. Sage X3 se enfoca en minimizar los desperdicios y reducir los riesgos, al tiempo que garantiza la calidad, la trazabilidad y la seguridad de sus materiales. Sus Ventajas Lograr el cumplimiento de la normativa, a [&hellip;]\" \/>\n<meta property=\"og:url\" content=\"https:\/\/deveho.com\/es\/sectores\/alimentacion-y-bebidas\/\" \/>\n<meta property=\"og:site_name\" content=\"Deveho\" \/>\n<meta property=\"article:publisher\" content=\"https:\/\/www.facebook.com\/deveho\" \/>\n<meta property=\"article:modified_time\" content=\"2025-01-27T15:41:33+00:00\" \/>\n<meta name=\"twitter:card\" content=\"summary_large_image\" \/>\n<meta name=\"twitter:site\" content=\"@Deveho1\" \/>\n<meta name=\"twitter:label1\" content=\"Tiempo de lectura\" \/>\n\t<meta name=\"twitter:data1\" content=\"2 minutos\" \/>\n<script type=\"application\/ld+json\" class=\"yoast-schema-graph\">{\"@context\":\"https:\/\/schema.org\",\"@graph\":[{\"@type\":\"WebPage\",\"@id\":\"https:\/\/deveho.com\/es\/sectores\/alimentacion-y-bebidas\/\",\"url\":\"https:\/\/deveho.com\/es\/sectores\/alimentacion-y-bebidas\/\",\"name\":\"Alimentaci\u00f3n y bebidas - Deveho\",\"isPartOf\":{\"@id\":\"https:\/\/deveho.com\/#website\"},\"datePublished\":\"2022-03-16T06:37:11+00:00\",\"dateModified\":\"2025-01-27T15:41:33+00:00\",\"breadcrumb\":{\"@id\":\"https:\/\/deveho.com\/es\/sectores\/alimentacion-y-bebidas\/#breadcrumb\"},\"inLanguage\":\"es\",\"potentialAction\":[{\"@type\":\"ReadAction\",\"target\":[\"https:\/\/deveho.com\/es\/sectores\/alimentacion-y-bebidas\/\"]}]},{\"@type\":\"BreadcrumbList\",\"@id\":\"https:\/\/deveho.com\/es\/sectores\/alimentacion-y-bebidas\/#breadcrumb\",\"itemListElement\":[{\"@type\":\"ListItem\",\"position\":1,\"name\":\"Home\",\"item\":\"https:\/\/deveho.com\/es\/\"},{\"@type\":\"ListItem\",\"position\":2,\"name\":\"Sectores\",\"item\":\"https:\/\/deveho.com\/sectors\/\"},{\"@type\":\"ListItem\",\"position\":3,\"name\":\"Alimentaci\u00f3n y bebidas\"}]},{\"@type\":\"WebSite\",\"@id\":\"https:\/\/deveho.com\/#website\",\"url\":\"https:\/\/deveho.com\/\",\"name\":\"Deveho Consulting Group\",\"description\":\"Let\u2019s boost your growth\",\"publisher\":{\"@id\":\"https:\/\/deveho.com\/#organization\"},\"potentialAction\":[{\"@type\":\"SearchAction\",\"target\":{\"@type\":\"EntryPoint\",\"urlTemplate\":\"https:\/\/deveho.com\/?s={search_term_string}\"},\"query-input\":{\"@type\":\"PropertyValueSpecification\",\"valueRequired\":true,\"valueName\":\"search_term_string\"}}],\"inLanguage\":\"es\"},{\"@type\":\"Organization\",\"@id\":\"https:\/\/deveho.com\/#organization\",\"name\":\"Deveho Consulting Group\",\"url\":\"https:\/\/deveho.com\/\",\"logo\":{\"@type\":\"ImageObject\",\"inLanguage\":\"es\",\"@id\":\"https:\/\/deveho.com\/#\/schema\/logo\/image\/\",\"url\":\"https:\/\/deveho.com\/wp-content\/uploads\/2023\/02\/DEVEHO-LOGO-Baseline-COLOR.png\",\"contentUrl\":\"https:\/\/deveho.com\/wp-content\/uploads\/2023\/02\/DEVEHO-LOGO-Baseline-COLOR.png\",\"width\":2251,\"height\":585,\"caption\":\"Deveho Consulting Group\"},\"image\":{\"@id\":\"https:\/\/deveho.com\/#\/schema\/logo\/image\/\"},\"sameAs\":[\"https:\/\/www.facebook.com\/deveho\",\"https:\/\/x.com\/Deveho1\",\"https:\/\/www.linkedin.com\/company\/deveho-consulting\/\"]}]}<\/script>\n<!-- \/ Yoast SEO plugin. -->","yoast_head_json":{"title":"Alimentaci\u00f3n y bebidas - Deveho","robots":{"index":"index","follow":"follow","max-snippet":"max-snippet:-1","max-image-preview":"max-image-preview:large","max-video-preview":"max-video-preview:-1"},"canonical":"https:\/\/deveho.com\/es\/sectores\/alimentacion-y-bebidas\/","og_locale":"es_ES","og_type":"article","og_title":"Alimentaci\u00f3n y bebidas - Deveho","og_description":"Sage X3 para empresas de alimentaci\u00f3n y bebidas Sage X3 est\u00e1 dise\u00f1ado para la industria de la alimentaci\u00f3n y bebidas. Sage X3 se enfoca en minimizar los desperdicios y reducir los riesgos, al tiempo que garantiza la calidad, la trazabilidad y la seguridad de sus materiales. Sus Ventajas Lograr el cumplimiento de la normativa, a [&hellip;]","og_url":"https:\/\/deveho.com\/es\/sectores\/alimentacion-y-bebidas\/","og_site_name":"Deveho","article_publisher":"https:\/\/www.facebook.com\/deveho","article_modified_time":"2025-01-27T15:41:33+00:00","twitter_card":"summary_large_image","twitter_site":"@Deveho1","twitter_misc":{"Tiempo de lectura":"2 minutos"},"schema":{"@context":"https:\/\/schema.org","@graph":[{"@type":"WebPage","@id":"https:\/\/deveho.com\/es\/sectores\/alimentacion-y-bebidas\/","url":"https:\/\/deveho.com\/es\/sectores\/alimentacion-y-bebidas\/","name":"Alimentaci\u00f3n y bebidas - Deveho","isPartOf":{"@id":"https:\/\/deveho.com\/#website"},"datePublished":"2022-03-16T06:37:11+00:00","dateModified":"2025-01-27T15:41:33+00:00","breadcrumb":{"@id":"https:\/\/deveho.com\/es\/sectores\/alimentacion-y-bebidas\/#breadcrumb"},"inLanguage":"es","potentialAction":[{"@type":"ReadAction","target":["https:\/\/deveho.com\/es\/sectores\/alimentacion-y-bebidas\/"]}]},{"@type":"BreadcrumbList","@id":"https:\/\/deveho.com\/es\/sectores\/alimentacion-y-bebidas\/#breadcrumb","itemListElement":[{"@type":"ListItem","position":1,"name":"Home","item":"https:\/\/deveho.com\/es\/"},{"@type":"ListItem","position":2,"name":"Sectores","item":"https:\/\/deveho.com\/sectors\/"},{"@type":"ListItem","position":3,"name":"Alimentaci\u00f3n y bebidas"}]},{"@type":"WebSite","@id":"https:\/\/deveho.com\/#website","url":"https:\/\/deveho.com\/","name":"Deveho Consulting Group","description":"Let\u2019s boost your growth","publisher":{"@id":"https:\/\/deveho.com\/#organization"},"potentialAction":[{"@type":"SearchAction","target":{"@type":"EntryPoint","urlTemplate":"https:\/\/deveho.com\/?s={search_term_string}"},"query-input":{"@type":"PropertyValueSpecification","valueRequired":true,"valueName":"search_term_string"}}],"inLanguage":"es"},{"@type":"Organization","@id":"https:\/\/deveho.com\/#organization","name":"Deveho Consulting Group","url":"https:\/\/deveho.com\/","logo":{"@type":"ImageObject","inLanguage":"es","@id":"https:\/\/deveho.com\/#\/schema\/logo\/image\/","url":"https:\/\/deveho.com\/wp-content\/uploads\/2023\/02\/DEVEHO-LOGO-Baseline-COLOR.png","contentUrl":"https:\/\/deveho.com\/wp-content\/uploads\/2023\/02\/DEVEHO-LOGO-Baseline-COLOR.png","width":2251,"height":585,"caption":"Deveho Consulting Group"},"image":{"@id":"https:\/\/deveho.com\/#\/schema\/logo\/image\/"},"sameAs":["https:\/\/www.facebook.com\/deveho","https:\/\/x.com\/Deveho1","https:\/\/www.linkedin.com\/company\/deveho-consulting\/"]}]}},"_links":{"self":[{"href":"https:\/\/deveho.com\/es\/wp-json\/wp\/v2\/pages\/9440"}],"collection":[{"href":"https:\/\/deveho.com\/es\/wp-json\/wp\/v2\/pages"}],"about":[{"href":"https:\/\/deveho.com\/es\/wp-json\/wp\/v2\/types\/page"}],"author":[{"embeddable":true,"href":"https:\/\/deveho.com\/es\/wp-json\/wp\/v2\/users\/3"}],"replies":[{"embeddable":true,"href":"https:\/\/deveho.com\/es\/wp-json\/wp\/v2\/comments?post=9440"}],"version-history":[{"count":3,"href":"https:\/\/deveho.com\/es\/wp-json\/wp\/v2\/pages\/9440\/revisions"}],"predecessor-version":[{"id":37128,"href":"https:\/\/deveho.com\/es\/wp-json\/wp\/v2\/pages\/9440\/revisions\/37128"}],"up":[{"embeddable":true,"href":"https:\/\/deveho.com\/es\/wp-json\/wp\/v2\/pages\/10881"}],"wp:attachment":[{"href":"https:\/\/deveho.com\/es\/wp-json\/wp\/v2\/media?parent=9440"}],"curies":[{"name":"wp","href":"https:\/\/api.w.org\/{rel}","templated":true}]}}