{"id":9511,"date":"2022-03-17T16:41:47","date_gmt":"2022-03-17T16:41:47","guid":{"rendered":"https:\/\/deveho2.sfdbeta.be\/industria\/"},"modified":"2022-10-27T17:17:20","modified_gmt":"2022-10-27T15:17:20","slug":"industria","status":"publish","type":"page","link":"https:\/\/deveho.com\/es\/sectores\/industria\/","title":{"rendered":"Industria"},"content":{"rendered":"<br \/>\n<h3>Sus <b><red>Ventajas<\/b><\/red>   <\/h3>\n<p><p>Sage X3 gestiona todas sus actividades (compras, almacenes, ventas y aspectos financieros) de forma m\u00e1s r\u00e1pida y eficaz, y da m\u00e1s visibilidad acerca de los costes y los m\u00e1rgenes. El resultado es una mayor agilidad en los procesos de venta, un aumento de los ingresos, una previsi\u00f3n m\u00e1s acertada de las existencias y una mejor planificaci\u00f3n de la demanda.<\/p>\n<p>&#8211; Alta tecnolog\u00eda<br \/>\n&#8211; Equipamiento industrial<br \/>\n&#8211; Dispositivos m\u00e9dicos<br \/>\n&#8211; Fabricaci\u00f3n de los metales<\/p>\n<\/p>\n<p>Responder m\u00e1s r\u00e1pidamente a los cambios en la demanda de los clientes y gestionar mejor las variaciones.<\/p>\n<p>Adaptarse r\u00e1pidamente a las nuevas normativas y requisitos de conformidad.<\/p>\n<p>Minimizar los desechos, los riesgos de contaminaci\u00f3n cruzada y los costes debidos a los vertidos.<\/p>\n<p>Reduzca el riesgo y el volumen de las devoluciones garantizando la calidad y seguridad constantes de sus productos.<\/p>\n<h2><b>Sage X3<\/b> <b><red>Caracter\u00edsticas<\/b><\/red><\/h2>\n<h3><\/h3>\n<p><p>Gesti\u00f3n de los procesos de fabricaci\u00f3n (por lotes o continuos)<\/p>\n<\/p>\n<h3><\/h3>\n<p><p>Planificaci\u00f3n de los requisitos de capacidad (CRP) y plan maestro de producci\u00f3n (MPS)<\/p>\n<\/p>\n<h3><\/h3>\n<p><p>Planificaci\u00f3n del proceso de fabricaci\u00f3n en modo combinado<\/p>\n<\/p>\n<h3><\/h3>\n<p><p>Gesti\u00f3n de f\u00f3rmulas\/recetas y potencias<\/p>\n<\/p>\n<h3><\/h3>\n<p><p>Amplio control de calidad y trazabilidad de lotes, sublotes, ingredientes y al\u00e9rgenos<\/p>\n<\/p>\n<h3><\/h3>\n<p><p>Programaci\u00f3n hacia adelante\/hacia atr\u00e1s en funci\u00f3n de sus prioridades<\/p>\n<\/p>\n<h3><\/h3>\n<p><p>Estado de las existencias, gesti\u00f3n de la vida \u00fatil y seguimiento de la fecha de caducidad para garantizar la calidad en toda la cadena de suministro<\/p>\n<\/p>\n<h3><\/h3>\n<p><p>Reposici\u00f3n y transferencias entre plantas<\/p>\n<\/p>\n<h2><\/h2>\n<h3>P\u00e1ginas Relacionadas<\/h3>\n<\/p>\n<h3><\/h3>\n<\/p>\n<h3><\/h3><\/p>\n","protected":false},"excerpt":{"rendered":"<p>En un mercado cada vez m\u00e1s global, conseguir nuevos mercados, satisfacer a los clientes, ofrecer productos y servicios de alta calidad y gestionar el negocio en la direcci\u00f3n correcta son las principales preocupaciones de las empresas de distribuci\u00f3n. <\/p>\n","protected":false},"author":3,"featured_media":0,"parent":10881,"menu_order":0,"comment_status":"closed","ping_status":"closed","template":"templates\/template-inner.php","meta":{"_acf_changed":false,"footnotes":""},"class_list":["post-9511","page","type-page","status-publish","hentry"],"acf":[],"yoast_head":"<!-- This site is optimized with the Yoast SEO plugin v23.5 - https:\/\/yoast.com\/wordpress\/plugins\/seo\/ -->\n<title>Industria - Deveho<\/title>\n<meta name=\"robots\" content=\"index, follow, max-snippet:-1, max-image-preview:large, max-video-preview:-1\" \/>\n<link rel=\"canonical\" href=\"https:\/\/deveho.com\/sectors\/industry\/\" \/>\n<meta property=\"og:locale\" content=\"es_ES\" \/>\n<meta property=\"og:type\" content=\"article\" \/>\n<meta property=\"og:title\" content=\"Industria - Deveho\" \/>\n<meta property=\"og:description\" content=\"En un mercado cada vez m\u00e1s global, conseguir nuevos mercados, satisfacer a los clientes, ofrecer productos y servicios de alta calidad y gestionar el negocio en la direcci\u00f3n correcta son las principales preocupaciones de las empresas de distribuci\u00f3n.\" \/>\n<meta property=\"og:url\" content=\"https:\/\/deveho.com\/sectors\/industry\/\" \/>\n<meta property=\"og:site_name\" content=\"Deveho\" \/>\n<meta property=\"article:publisher\" content=\"https:\/\/www.facebook.com\/deveho\" \/>\n<meta property=\"article:modified_time\" content=\"2022-10-27T15:17:20+00:00\" \/>\n<meta name=\"twitter:card\" content=\"summary_large_image\" \/>\n<meta name=\"twitter:site\" content=\"@Deveho1\" \/>\n<meta name=\"twitter:label1\" content=\"Tiempo de lectura\" \/>\n\t<meta name=\"twitter:data1\" content=\"1 minuto\" \/>\n<script type=\"application\/ld+json\" class=\"yoast-schema-graph\">{\"@context\":\"https:\/\/schema.org\",\"@graph\":[{\"@type\":\"WebPage\",\"@id\":\"https:\/\/deveho.com\/sectors\/industry\/\",\"url\":\"https:\/\/deveho.com\/sectors\/industry\/\",\"name\":\"Industria - Deveho\",\"isPartOf\":{\"@id\":\"https:\/\/deveho.com\/#website\"},\"datePublished\":\"2022-03-17T16:41:47+00:00\",\"dateModified\":\"2022-10-27T15:17:20+00:00\",\"breadcrumb\":{\"@id\":\"https:\/\/deveho.com\/sectors\/industry\/#breadcrumb\"},\"inLanguage\":\"es\",\"potentialAction\":[{\"@type\":\"ReadAction\",\"target\":[\"https:\/\/deveho.com\/sectors\/industry\/\"]}]},{\"@type\":\"BreadcrumbList\",\"@id\":\"https:\/\/deveho.com\/sectors\/industry\/#breadcrumb\",\"itemListElement\":[{\"@type\":\"ListItem\",\"position\":1,\"name\":\"Home\",\"item\":\"https:\/\/deveho.com\/es\/\"},{\"@type\":\"ListItem\",\"position\":2,\"name\":\"Sectores\",\"item\":\"https:\/\/deveho.com\/sectors\/\"},{\"@type\":\"ListItem\",\"position\":3,\"name\":\"Industria\"}]},{\"@type\":\"WebSite\",\"@id\":\"https:\/\/deveho.com\/#website\",\"url\":\"https:\/\/deveho.com\/\",\"name\":\"Deveho Consulting Group\",\"description\":\"Let\u2019s boost your growth\",\"publisher\":{\"@id\":\"https:\/\/deveho.com\/#organization\"},\"potentialAction\":[{\"@type\":\"SearchAction\",\"target\":{\"@type\":\"EntryPoint\",\"urlTemplate\":\"https:\/\/deveho.com\/?s={search_term_string}\"},\"query-input\":{\"@type\":\"PropertyValueSpecification\",\"valueRequired\":true,\"valueName\":\"search_term_string\"}}],\"inLanguage\":\"es\"},{\"@type\":\"Organization\",\"@id\":\"https:\/\/deveho.com\/#organization\",\"name\":\"Deveho Consulting Group\",\"url\":\"https:\/\/deveho.com\/\",\"logo\":{\"@type\":\"ImageObject\",\"inLanguage\":\"es\",\"@id\":\"https:\/\/deveho.com\/#\/schema\/logo\/image\/\",\"url\":\"https:\/\/deveho.com\/wp-content\/uploads\/2023\/02\/DEVEHO-LOGO-Baseline-COLOR.png\",\"contentUrl\":\"https:\/\/deveho.com\/wp-content\/uploads\/2023\/02\/DEVEHO-LOGO-Baseline-COLOR.png\",\"width\":2251,\"height\":585,\"caption\":\"Deveho Consulting Group\"},\"image\":{\"@id\":\"https:\/\/deveho.com\/#\/schema\/logo\/image\/\"},\"sameAs\":[\"https:\/\/www.facebook.com\/deveho\",\"https:\/\/x.com\/Deveho1\",\"https:\/\/www.linkedin.com\/company\/deveho-consulting\/\"]}]}<\/script>\n<!-- \/ Yoast SEO plugin. -->","yoast_head_json":{"title":"Industria - Deveho","robots":{"index":"index","follow":"follow","max-snippet":"max-snippet:-1","max-image-preview":"max-image-preview:large","max-video-preview":"max-video-preview:-1"},"canonical":"https:\/\/deveho.com\/sectors\/industry\/","og_locale":"es_ES","og_type":"article","og_title":"Industria - Deveho","og_description":"En un mercado cada vez m\u00e1s global, conseguir nuevos mercados, satisfacer a los clientes, ofrecer productos y servicios de alta calidad y gestionar el negocio en la direcci\u00f3n correcta son las principales preocupaciones de las empresas de distribuci\u00f3n.","og_url":"https:\/\/deveho.com\/sectors\/industry\/","og_site_name":"Deveho","article_publisher":"https:\/\/www.facebook.com\/deveho","article_modified_time":"2022-10-27T15:17:20+00:00","twitter_card":"summary_large_image","twitter_site":"@Deveho1","twitter_misc":{"Tiempo de lectura":"1 minuto"},"schema":{"@context":"https:\/\/schema.org","@graph":[{"@type":"WebPage","@id":"https:\/\/deveho.com\/sectors\/industry\/","url":"https:\/\/deveho.com\/sectors\/industry\/","name":"Industria - Deveho","isPartOf":{"@id":"https:\/\/deveho.com\/#website"},"datePublished":"2022-03-17T16:41:47+00:00","dateModified":"2022-10-27T15:17:20+00:00","breadcrumb":{"@id":"https:\/\/deveho.com\/sectors\/industry\/#breadcrumb"},"inLanguage":"es","potentialAction":[{"@type":"ReadAction","target":["https:\/\/deveho.com\/sectors\/industry\/"]}]},{"@type":"BreadcrumbList","@id":"https:\/\/deveho.com\/sectors\/industry\/#breadcrumb","itemListElement":[{"@type":"ListItem","position":1,"name":"Home","item":"https:\/\/deveho.com\/es\/"},{"@type":"ListItem","position":2,"name":"Sectores","item":"https:\/\/deveho.com\/sectors\/"},{"@type":"ListItem","position":3,"name":"Industria"}]},{"@type":"WebSite","@id":"https:\/\/deveho.com\/#website","url":"https:\/\/deveho.com\/","name":"Deveho Consulting Group","description":"Let\u2019s boost your growth","publisher":{"@id":"https:\/\/deveho.com\/#organization"},"potentialAction":[{"@type":"SearchAction","target":{"@type":"EntryPoint","urlTemplate":"https:\/\/deveho.com\/?s={search_term_string}"},"query-input":{"@type":"PropertyValueSpecification","valueRequired":true,"valueName":"search_term_string"}}],"inLanguage":"es"},{"@type":"Organization","@id":"https:\/\/deveho.com\/#organization","name":"Deveho Consulting Group","url":"https:\/\/deveho.com\/","logo":{"@type":"ImageObject","inLanguage":"es","@id":"https:\/\/deveho.com\/#\/schema\/logo\/image\/","url":"https:\/\/deveho.com\/wp-content\/uploads\/2023\/02\/DEVEHO-LOGO-Baseline-COLOR.png","contentUrl":"https:\/\/deveho.com\/wp-content\/uploads\/2023\/02\/DEVEHO-LOGO-Baseline-COLOR.png","width":2251,"height":585,"caption":"Deveho Consulting Group"},"image":{"@id":"https:\/\/deveho.com\/#\/schema\/logo\/image\/"},"sameAs":["https:\/\/www.facebook.com\/deveho","https:\/\/x.com\/Deveho1","https:\/\/www.linkedin.com\/company\/deveho-consulting\/"]}]}},"_links":{"self":[{"href":"https:\/\/deveho.com\/es\/wp-json\/wp\/v2\/pages\/9511"}],"collection":[{"href":"https:\/\/deveho.com\/es\/wp-json\/wp\/v2\/pages"}],"about":[{"href":"https:\/\/deveho.com\/es\/wp-json\/wp\/v2\/types\/page"}],"author":[{"embeddable":true,"href":"https:\/\/deveho.com\/es\/wp-json\/wp\/v2\/users\/3"}],"replies":[{"embeddable":true,"href":"https:\/\/deveho.com\/es\/wp-json\/wp\/v2\/comments?post=9511"}],"version-history":[{"count":0,"href":"https:\/\/deveho.com\/es\/wp-json\/wp\/v2\/pages\/9511\/revisions"}],"up":[{"embeddable":true,"href":"https:\/\/deveho.com\/es\/wp-json\/wp\/v2\/pages\/10881"}],"wp:attachment":[{"href":"https:\/\/deveho.com\/es\/wp-json\/wp\/v2\/media?parent=9511"}],"curies":[{"name":"wp","href":"https:\/\/api.w.org\/{rel}","templated":true}]}}