{"id":9512,"date":"2022-03-17T17:05:35","date_gmt":"2022-03-17T17:05:35","guid":{"rendered":"https:\/\/deveho2.sfdbeta.be\/quimica-y-farmaceutica\/"},"modified":"2023-11-17T14:00:14","modified_gmt":"2023-11-17T12:00:14","slug":"quimica-y-farmaceutica","status":"publish","type":"page","link":"https:\/\/deveho.com\/es\/sectores\/quimica-y-farmaceutica\/","title":{"rendered":"Qu\u00edmica y farmac\u00e9utica"},"content":{"rendered":"<br \/>\n<h2>Sage X3 para la industria qu\u00edmica<\/h2>\n<p>Sage X3 ofrece funciones integradas como el control de calidad, el cumplimiento de la normativa y el seguimiento de lotes para ayudar a las empresas del sector qu\u00edmico a mantener los beneficios y adaptarse a un futuro incierto.<\/p>\n<\/p>\n<h3>Sus <b><red>Ventajas<\/b><\/red>   <\/h3>\n<p><p>Sage X3 es una soluci\u00f3n de gesti\u00f3n empresarial de \u00faltima generaci\u00f3n dise\u00f1ada espec\u00edficamente para satisfacer las necesidades de los fabricantes de productos qu\u00edmicos. Unifica todos sus datos cr\u00edticos, reduciendo la ineficacia del funcionamiento de los sistemas discretos de laboratorio, cadena de suministro, fabricaci\u00f3n y finanzas.<br \/>\nSage X3 ofrece funciones integradas como el control de calidad, el cumplimiento de la normativa y el seguimiento de lotes para ayudar a las empresas del sector qu\u00edmico a mantener los beneficios y adaptarse a un futuro incierto. <\/p>\n<p>&#8211; Optimizaci\u00f3n de los suministros<br \/>\n&#8211; Cumplimiento infalible a todos los niveles<br \/>\n&#8211; Acceso a sus datos en cualquier momento y lugar<br \/>\n &#8211; Coherencia de productos y procesos<\/p>\n<\/p>\n<p>Optimizaci\u00f3n del suministro<\/p>\n<p>Coherencia del producto y del proceso<\/p>\n<p>Cumplimiento global absoluto<\/p>\n<p>Mayor capacidad de respuesta<\/p>\n<p>Riesgo reducido<\/p>\n<p>Reduzca sus costes y desperdicios<\/p>\n<p>Acceso en cualquier momento y lugar <\/p>\n<h2><b>Sage X3<\/b> <b><red>Caracter\u00edsticas<\/b><\/red><\/h2>\n<h3><\/h3>\n<p><p>Optimizaci\u00f3n de los suministros<\/p>\n<p>Responda m\u00e1s r\u00e1pidamente a las diferentes solicitudes de sus clientes y gestione mejor los imprevistos en las compras, la producci\u00f3n y las expediciones.<\/p>\n<\/p>\n<h3><\/h3>\n<p><p>Coherencia de productos y procesos<\/p>\n<p>Aseg\u00farese de que la tecnolog\u00eda est\u00e1 al servicio de la calidad, la seguridad y la eficacia de sus productos en todo momento, al tiempo que le proporciona la flexibilidad necesaria para aprovechar cualquier oportunidad.<\/p>\n<\/p>\n<h3><\/h3>\n<p><p>Cumplimiento infalible a todos los niveles<\/p>\n<p>Verifique que el sistema incorpora eficazmente el entramado de leyes y reglamentos internacionales para simplificar el cumplimiento, independientemente de las divisas, las regiones y las normas.<\/p>\n<\/p>\n<h3><\/h3>\n<p><p>Accede a tus datos en cualquier momento y lugar<\/p>\n<p>Elija una soluci\u00f3n r\u00e1pida de desplegar y f\u00e1cil de gestionar, que facilite sus actividades de gesti\u00f3n gracias a una interfaz web accesible desde cualquier dispositivo conectado.<\/p>\n<\/p>\n<h2><\/h2>\n<h3>P\u00e1ginas Relacionadas<\/h3>\n<\/p>\n<h3><\/h3>\n<\/p>\n<h3><\/h3><\/p>\n","protected":false},"excerpt":{"rendered":"<p>Dirigir una empresa qu\u00edmica puede ser complejo. El Sistema Globalmente Armonizado (SGA), las cuestiones relacionadas con el env\u00edo y el transporte, la seguridad en el lugar de trabajo y otros aspectos son retos a los que hay que enfrentarse a diario. Para resistir a la presi\u00f3n de la competencia y optimizar sus recursos m\u00e1s valiosos, necesita una soluci\u00f3n que simplifique radicalmente sus operaciones, en lugar de a\u00f1adir sistemas complejos y procesos r\u00edgidos.<\/p>\n","protected":false},"author":3,"featured_media":0,"parent":10881,"menu_order":0,"comment_status":"closed","ping_status":"closed","template":"templates\/template-inner.php","meta":{"_acf_changed":false,"footnotes":""},"class_list":["post-9512","page","type-page","status-publish","hentry"],"acf":[],"yoast_head":"<!-- This site is optimized with the Yoast SEO plugin v23.5 - https:\/\/yoast.com\/wordpress\/plugins\/seo\/ -->\n<title>Qu\u00edmica y farmac\u00e9utica - Deveho<\/title>\n<meta name=\"robots\" content=\"index, follow, max-snippet:-1, max-image-preview:large, max-video-preview:-1\" \/>\n<link rel=\"canonical\" href=\"https:\/\/deveho.com\/sectors\/chemicals-pharmacy\/\" \/>\n<meta property=\"og:locale\" content=\"es_ES\" \/>\n<meta property=\"og:type\" content=\"article\" \/>\n<meta property=\"og:title\" content=\"Qu\u00edmica y farmac\u00e9utica - Deveho\" \/>\n<meta property=\"og:description\" content=\"Dirigir una empresa qu\u00edmica puede ser complejo. El Sistema Globalmente Armonizado (SGA), las cuestiones relacionadas con el env\u00edo y el transporte, la seguridad en el lugar de trabajo y otros aspectos son retos a los que hay que enfrentarse a diario. Para resistir a la presi\u00f3n de la competencia y optimizar sus recursos m\u00e1s valiosos, necesita una soluci\u00f3n que simplifique radicalmente sus operaciones, en lugar de a\u00f1adir sistemas complejos y procesos r\u00edgidos.\" \/>\n<meta property=\"og:url\" content=\"https:\/\/deveho.com\/sectors\/chemicals-pharmacy\/\" \/>\n<meta property=\"og:site_name\" content=\"Deveho\" \/>\n<meta property=\"article:publisher\" content=\"https:\/\/www.facebook.com\/deveho\" \/>\n<meta property=\"article:modified_time\" content=\"2023-11-17T12:00:14+00:00\" \/>\n<meta name=\"twitter:card\" content=\"summary_large_image\" \/>\n<meta name=\"twitter:site\" content=\"@Deveho1\" \/>\n<meta name=\"twitter:label1\" content=\"Tiempo de lectura\" \/>\n\t<meta name=\"twitter:data1\" content=\"2 minutos\" \/>\n<script type=\"application\/ld+json\" class=\"yoast-schema-graph\">{\"@context\":\"https:\/\/schema.org\",\"@graph\":[{\"@type\":\"WebPage\",\"@id\":\"https:\/\/deveho.com\/sectors\/chemicals-pharmacy\/\",\"url\":\"https:\/\/deveho.com\/sectors\/chemicals-pharmacy\/\",\"name\":\"Qu\u00edmica y farmac\u00e9utica - Deveho\",\"isPartOf\":{\"@id\":\"https:\/\/deveho.com\/#website\"},\"datePublished\":\"2022-03-17T17:05:35+00:00\",\"dateModified\":\"2023-11-17T12:00:14+00:00\",\"breadcrumb\":{\"@id\":\"https:\/\/deveho.com\/sectors\/chemicals-pharmacy\/#breadcrumb\"},\"inLanguage\":\"es\",\"potentialAction\":[{\"@type\":\"ReadAction\",\"target\":[\"https:\/\/deveho.com\/sectors\/chemicals-pharmacy\/\"]}]},{\"@type\":\"BreadcrumbList\",\"@id\":\"https:\/\/deveho.com\/sectors\/chemicals-pharmacy\/#breadcrumb\",\"itemListElement\":[{\"@type\":\"ListItem\",\"position\":1,\"name\":\"Home\",\"item\":\"https:\/\/deveho.com\/es\/\"},{\"@type\":\"ListItem\",\"position\":2,\"name\":\"Sectores\",\"item\":\"https:\/\/deveho.com\/sectors\/\"},{\"@type\":\"ListItem\",\"position\":3,\"name\":\"Qu\u00edmica y farmac\u00e9utica\"}]},{\"@type\":\"WebSite\",\"@id\":\"https:\/\/deveho.com\/#website\",\"url\":\"https:\/\/deveho.com\/\",\"name\":\"Deveho Consulting Group\",\"description\":\"Let\u2019s boost your growth\",\"publisher\":{\"@id\":\"https:\/\/deveho.com\/#organization\"},\"potentialAction\":[{\"@type\":\"SearchAction\",\"target\":{\"@type\":\"EntryPoint\",\"urlTemplate\":\"https:\/\/deveho.com\/?s={search_term_string}\"},\"query-input\":{\"@type\":\"PropertyValueSpecification\",\"valueRequired\":true,\"valueName\":\"search_term_string\"}}],\"inLanguage\":\"es\"},{\"@type\":\"Organization\",\"@id\":\"https:\/\/deveho.com\/#organization\",\"name\":\"Deveho Consulting Group\",\"url\":\"https:\/\/deveho.com\/\",\"logo\":{\"@type\":\"ImageObject\",\"inLanguage\":\"es\",\"@id\":\"https:\/\/deveho.com\/#\/schema\/logo\/image\/\",\"url\":\"https:\/\/deveho.com\/wp-content\/uploads\/2023\/02\/DEVEHO-LOGO-Baseline-COLOR.png\",\"contentUrl\":\"https:\/\/deveho.com\/wp-content\/uploads\/2023\/02\/DEVEHO-LOGO-Baseline-COLOR.png\",\"width\":2251,\"height\":585,\"caption\":\"Deveho Consulting Group\"},\"image\":{\"@id\":\"https:\/\/deveho.com\/#\/schema\/logo\/image\/\"},\"sameAs\":[\"https:\/\/www.facebook.com\/deveho\",\"https:\/\/x.com\/Deveho1\",\"https:\/\/www.linkedin.com\/company\/deveho-consulting\/\"]}]}<\/script>\n<!-- \/ Yoast SEO plugin. -->","yoast_head_json":{"title":"Qu\u00edmica y farmac\u00e9utica - Deveho","robots":{"index":"index","follow":"follow","max-snippet":"max-snippet:-1","max-image-preview":"max-image-preview:large","max-video-preview":"max-video-preview:-1"},"canonical":"https:\/\/deveho.com\/sectors\/chemicals-pharmacy\/","og_locale":"es_ES","og_type":"article","og_title":"Qu\u00edmica y farmac\u00e9utica - Deveho","og_description":"Dirigir una empresa qu\u00edmica puede ser complejo. El Sistema Globalmente Armonizado (SGA), las cuestiones relacionadas con el env\u00edo y el transporte, la seguridad en el lugar de trabajo y otros aspectos son retos a los que hay que enfrentarse a diario. Para resistir a la presi\u00f3n de la competencia y optimizar sus recursos m\u00e1s valiosos, necesita una soluci\u00f3n que simplifique radicalmente sus operaciones, en lugar de a\u00f1adir sistemas complejos y procesos r\u00edgidos.","og_url":"https:\/\/deveho.com\/sectors\/chemicals-pharmacy\/","og_site_name":"Deveho","article_publisher":"https:\/\/www.facebook.com\/deveho","article_modified_time":"2023-11-17T12:00:14+00:00","twitter_card":"summary_large_image","twitter_site":"@Deveho1","twitter_misc":{"Tiempo de lectura":"2 minutos"},"schema":{"@context":"https:\/\/schema.org","@graph":[{"@type":"WebPage","@id":"https:\/\/deveho.com\/sectors\/chemicals-pharmacy\/","url":"https:\/\/deveho.com\/sectors\/chemicals-pharmacy\/","name":"Qu\u00edmica y farmac\u00e9utica - Deveho","isPartOf":{"@id":"https:\/\/deveho.com\/#website"},"datePublished":"2022-03-17T17:05:35+00:00","dateModified":"2023-11-17T12:00:14+00:00","breadcrumb":{"@id":"https:\/\/deveho.com\/sectors\/chemicals-pharmacy\/#breadcrumb"},"inLanguage":"es","potentialAction":[{"@type":"ReadAction","target":["https:\/\/deveho.com\/sectors\/chemicals-pharmacy\/"]}]},{"@type":"BreadcrumbList","@id":"https:\/\/deveho.com\/sectors\/chemicals-pharmacy\/#breadcrumb","itemListElement":[{"@type":"ListItem","position":1,"name":"Home","item":"https:\/\/deveho.com\/es\/"},{"@type":"ListItem","position":2,"name":"Sectores","item":"https:\/\/deveho.com\/sectors\/"},{"@type":"ListItem","position":3,"name":"Qu\u00edmica y farmac\u00e9utica"}]},{"@type":"WebSite","@id":"https:\/\/deveho.com\/#website","url":"https:\/\/deveho.com\/","name":"Deveho Consulting Group","description":"Let\u2019s boost your growth","publisher":{"@id":"https:\/\/deveho.com\/#organization"},"potentialAction":[{"@type":"SearchAction","target":{"@type":"EntryPoint","urlTemplate":"https:\/\/deveho.com\/?s={search_term_string}"},"query-input":{"@type":"PropertyValueSpecification","valueRequired":true,"valueName":"search_term_string"}}],"inLanguage":"es"},{"@type":"Organization","@id":"https:\/\/deveho.com\/#organization","name":"Deveho Consulting Group","url":"https:\/\/deveho.com\/","logo":{"@type":"ImageObject","inLanguage":"es","@id":"https:\/\/deveho.com\/#\/schema\/logo\/image\/","url":"https:\/\/deveho.com\/wp-content\/uploads\/2023\/02\/DEVEHO-LOGO-Baseline-COLOR.png","contentUrl":"https:\/\/deveho.com\/wp-content\/uploads\/2023\/02\/DEVEHO-LOGO-Baseline-COLOR.png","width":2251,"height":585,"caption":"Deveho Consulting Group"},"image":{"@id":"https:\/\/deveho.com\/#\/schema\/logo\/image\/"},"sameAs":["https:\/\/www.facebook.com\/deveho","https:\/\/x.com\/Deveho1","https:\/\/www.linkedin.com\/company\/deveho-consulting\/"]}]}},"_links":{"self":[{"href":"https:\/\/deveho.com\/es\/wp-json\/wp\/v2\/pages\/9512"}],"collection":[{"href":"https:\/\/deveho.com\/es\/wp-json\/wp\/v2\/pages"}],"about":[{"href":"https:\/\/deveho.com\/es\/wp-json\/wp\/v2\/types\/page"}],"author":[{"embeddable":true,"href":"https:\/\/deveho.com\/es\/wp-json\/wp\/v2\/users\/3"}],"replies":[{"embeddable":true,"href":"https:\/\/deveho.com\/es\/wp-json\/wp\/v2\/comments?post=9512"}],"version-history":[{"count":0,"href":"https:\/\/deveho.com\/es\/wp-json\/wp\/v2\/pages\/9512\/revisions"}],"up":[{"embeddable":true,"href":"https:\/\/deveho.com\/es\/wp-json\/wp\/v2\/pages\/10881"}],"wp:attachment":[{"href":"https:\/\/deveho.com\/es\/wp-json\/wp\/v2\/media?parent=9512"}],"curies":[{"name":"wp","href":"https:\/\/api.w.org\/{rel}","templated":true}]}}