{"id":9513,"date":"2022-03-18T08:45:23","date_gmt":"2022-03-18T08:45:23","guid":{"rendered":"https:\/\/deveho2.sfdbeta.be\/servicios-profesionales\/"},"modified":"2023-01-13T11:37:57","modified_gmt":"2023-01-13T09:37:57","slug":"servicios-profesionales","status":"publish","type":"page","link":"https:\/\/deveho.com\/es\/sectores\/servicios-profesionales\/","title":{"rendered":"Servicios profesionales"},"content":{"rendered":"<br \/>\n<h3>Sus <b><red>Ventajas<\/b><\/red>   <\/h3>\n<p><p>Sage X3 permite simplificar la gesti\u00f3n de las actividades de servicios y controlar de cerca los aspectos operativos, comerciales y financieros de los proyectos. En t\u00e9rminos m\u00e1s generales, Sage X3 permite gestionar todo el ciclo de vida de los proyectos (oferta, lanzamiento, asignaci\u00f3n, seguimiento, an\u00e1lisis peri\u00f3dicos, facturaci\u00f3n y contabilidad) y reaccionar r\u00e1pidamente a los cambios del mercado, lo que permite centrarse en la calidad de la experiencia del cliente.<\/p>\n<\/p>\n<p>D\u00e9 respuesta m\u00e1s r\u00e1pida a las consultas de los clientes con informaci\u00f3n veraz sobre los costes y los precios de los proyectos.<\/p>\n<p>Haga un seguimiento del tiempo y los gastos incurridos a trav\u00e9s de dispositivos m\u00f3viles para obtener una visi\u00f3n general en tiempo real de las tareas realizadas.<\/p>\n<p>Mejore los procesos contables mediante la creaci\u00f3n automatizada de facturas de clientes, entradas de reconocimiento de ingresos y ajustes presupuestarios.<\/p>\n<p>Aumentar la agilidad y la flexibilidad de la empresa<\/p>\n<p>Prepare su actividad de servicios para el futuro<\/p>\n<p>Mejore la tesorer\u00eda de su actividad de servicios<\/p>\n<h2><b>Sage X3<\/b> <b><red>Caracter\u00edsticas<\/b><\/red><\/h2>\n<h3><\/h3>\n<p><p>M\u00faltiples plantillas de proyectos<\/p>\n<\/p>\n<h3><\/h3>\n<p><p>Ciclo de vida completo de la gesti\u00f3n de proyectos<\/p>\n<\/p>\n<h3><\/h3>\n<p><p>C\u00e1lculo autom\u00e1tico de un precio sugerido<\/p>\n<\/p>\n<h3><\/h3>\n<p><p>Previsi\u00f3n presupuestaria por tarea y por proyecto<\/p>\n<\/p>\n<h3><\/h3>\n<p><p>Registro de todas las revisiones y ajustes del proyecto<\/p>\n<\/p>\n<h3><\/h3>\n<p><p>M\u00faltiples modalidades de facturaci\u00f3n<\/p>\n<\/p>\n<h2><\/h2>\n<h3>P\u00e1ginas relacionadas <\/h3>\n<\/p>\n<h3><\/h3>\n<\/p>\n<h3><\/h3><\/p>\n","protected":false},"excerpt":{"rendered":"<p>Sus Ventajas Sage X3 permite simplificar la gesti\u00f3n de las actividades de servicios y controlar de cerca los aspectos operativos, comerciales y financieros de los proyectos. En t\u00e9rminos m\u00e1s generales, Sage X3 permite gestionar todo el ciclo de vida de los proyectos (oferta, lanzamiento, asignaci\u00f3n, seguimiento, an\u00e1lisis peri\u00f3dicos, facturaci\u00f3n y contabilidad) y reaccionar r\u00e1pidamente a [&hellip;]<\/p>\n","protected":false},"author":3,"featured_media":0,"parent":10881,"menu_order":0,"comment_status":"closed","ping_status":"closed","template":"templates\/template-inner.php","meta":{"_acf_changed":false,"footnotes":""},"class_list":["post-9513","page","type-page","status-publish","hentry"],"acf":[],"yoast_head":"<!-- This site is optimized with the Yoast SEO plugin v23.5 - https:\/\/yoast.com\/wordpress\/plugins\/seo\/ -->\n<title>Servicios profesionales - Deveho<\/title>\n<meta name=\"robots\" content=\"index, follow, max-snippet:-1, max-image-preview:large, max-video-preview:-1\" \/>\n<link rel=\"canonical\" href=\"https:\/\/deveho.com\/sectors\/professional-services\/\" \/>\n<meta property=\"og:locale\" content=\"es_ES\" \/>\n<meta property=\"og:type\" content=\"article\" \/>\n<meta property=\"og:title\" content=\"Servicios profesionales - Deveho\" \/>\n<meta property=\"og:description\" content=\"Sus Ventajas Sage X3 permite simplificar la gesti\u00f3n de las actividades de servicios y controlar de cerca los aspectos operativos, comerciales y financieros de los proyectos. En t\u00e9rminos m\u00e1s generales, Sage X3 permite gestionar todo el ciclo de vida de los proyectos (oferta, lanzamiento, asignaci\u00f3n, seguimiento, an\u00e1lisis peri\u00f3dicos, facturaci\u00f3n y contabilidad) y reaccionar r\u00e1pidamente a [&hellip;]\" \/>\n<meta property=\"og:url\" content=\"https:\/\/deveho.com\/sectors\/professional-services\/\" \/>\n<meta property=\"og:site_name\" content=\"Deveho\" \/>\n<meta property=\"article:publisher\" content=\"https:\/\/www.facebook.com\/deveho\" \/>\n<meta property=\"article:modified_time\" content=\"2023-01-13T09:37:57+00:00\" \/>\n<meta name=\"twitter:card\" content=\"summary_large_image\" \/>\n<meta name=\"twitter:site\" content=\"@Deveho1\" \/>\n<meta name=\"twitter:label1\" content=\"Tiempo de lectura\" \/>\n\t<meta name=\"twitter:data1\" content=\"1 minuto\" \/>\n<script type=\"application\/ld+json\" class=\"yoast-schema-graph\">{\"@context\":\"https:\/\/schema.org\",\"@graph\":[{\"@type\":\"WebPage\",\"@id\":\"https:\/\/deveho.com\/sectors\/professional-services\/\",\"url\":\"https:\/\/deveho.com\/sectors\/professional-services\/\",\"name\":\"Servicios profesionales - Deveho\",\"isPartOf\":{\"@id\":\"https:\/\/deveho.com\/#website\"},\"datePublished\":\"2022-03-18T08:45:23+00:00\",\"dateModified\":\"2023-01-13T09:37:57+00:00\",\"breadcrumb\":{\"@id\":\"https:\/\/deveho.com\/sectors\/professional-services\/#breadcrumb\"},\"inLanguage\":\"es\",\"potentialAction\":[{\"@type\":\"ReadAction\",\"target\":[\"https:\/\/deveho.com\/sectors\/professional-services\/\"]}]},{\"@type\":\"BreadcrumbList\",\"@id\":\"https:\/\/deveho.com\/sectors\/professional-services\/#breadcrumb\",\"itemListElement\":[{\"@type\":\"ListItem\",\"position\":1,\"name\":\"Home\",\"item\":\"https:\/\/deveho.com\/es\/\"},{\"@type\":\"ListItem\",\"position\":2,\"name\":\"Sectores\",\"item\":\"https:\/\/deveho.com\/sectors\/\"},{\"@type\":\"ListItem\",\"position\":3,\"name\":\"Servicios profesionales\"}]},{\"@type\":\"WebSite\",\"@id\":\"https:\/\/deveho.com\/#website\",\"url\":\"https:\/\/deveho.com\/\",\"name\":\"Deveho Consulting Group\",\"description\":\"Let\u2019s boost your growth\",\"publisher\":{\"@id\":\"https:\/\/deveho.com\/#organization\"},\"potentialAction\":[{\"@type\":\"SearchAction\",\"target\":{\"@type\":\"EntryPoint\",\"urlTemplate\":\"https:\/\/deveho.com\/?s={search_term_string}\"},\"query-input\":{\"@type\":\"PropertyValueSpecification\",\"valueRequired\":true,\"valueName\":\"search_term_string\"}}],\"inLanguage\":\"es\"},{\"@type\":\"Organization\",\"@id\":\"https:\/\/deveho.com\/#organization\",\"name\":\"Deveho Consulting Group\",\"url\":\"https:\/\/deveho.com\/\",\"logo\":{\"@type\":\"ImageObject\",\"inLanguage\":\"es\",\"@id\":\"https:\/\/deveho.com\/#\/schema\/logo\/image\/\",\"url\":\"https:\/\/deveho.com\/wp-content\/uploads\/2023\/02\/DEVEHO-LOGO-Baseline-COLOR.png\",\"contentUrl\":\"https:\/\/deveho.com\/wp-content\/uploads\/2023\/02\/DEVEHO-LOGO-Baseline-COLOR.png\",\"width\":2251,\"height\":585,\"caption\":\"Deveho Consulting Group\"},\"image\":{\"@id\":\"https:\/\/deveho.com\/#\/schema\/logo\/image\/\"},\"sameAs\":[\"https:\/\/www.facebook.com\/deveho\",\"https:\/\/x.com\/Deveho1\",\"https:\/\/www.linkedin.com\/company\/deveho-consulting\/\"]}]}<\/script>\n<!-- \/ Yoast SEO plugin. -->","yoast_head_json":{"title":"Servicios profesionales - Deveho","robots":{"index":"index","follow":"follow","max-snippet":"max-snippet:-1","max-image-preview":"max-image-preview:large","max-video-preview":"max-video-preview:-1"},"canonical":"https:\/\/deveho.com\/sectors\/professional-services\/","og_locale":"es_ES","og_type":"article","og_title":"Servicios profesionales - Deveho","og_description":"Sus Ventajas Sage X3 permite simplificar la gesti\u00f3n de las actividades de servicios y controlar de cerca los aspectos operativos, comerciales y financieros de los proyectos. En t\u00e9rminos m\u00e1s generales, Sage X3 permite gestionar todo el ciclo de vida de los proyectos (oferta, lanzamiento, asignaci\u00f3n, seguimiento, an\u00e1lisis peri\u00f3dicos, facturaci\u00f3n y contabilidad) y reaccionar r\u00e1pidamente a [&hellip;]","og_url":"https:\/\/deveho.com\/sectors\/professional-services\/","og_site_name":"Deveho","article_publisher":"https:\/\/www.facebook.com\/deveho","article_modified_time":"2023-01-13T09:37:57+00:00","twitter_card":"summary_large_image","twitter_site":"@Deveho1","twitter_misc":{"Tiempo de lectura":"1 minuto"},"schema":{"@context":"https:\/\/schema.org","@graph":[{"@type":"WebPage","@id":"https:\/\/deveho.com\/sectors\/professional-services\/","url":"https:\/\/deveho.com\/sectors\/professional-services\/","name":"Servicios profesionales - Deveho","isPartOf":{"@id":"https:\/\/deveho.com\/#website"},"datePublished":"2022-03-18T08:45:23+00:00","dateModified":"2023-01-13T09:37:57+00:00","breadcrumb":{"@id":"https:\/\/deveho.com\/sectors\/professional-services\/#breadcrumb"},"inLanguage":"es","potentialAction":[{"@type":"ReadAction","target":["https:\/\/deveho.com\/sectors\/professional-services\/"]}]},{"@type":"BreadcrumbList","@id":"https:\/\/deveho.com\/sectors\/professional-services\/#breadcrumb","itemListElement":[{"@type":"ListItem","position":1,"name":"Home","item":"https:\/\/deveho.com\/es\/"},{"@type":"ListItem","position":2,"name":"Sectores","item":"https:\/\/deveho.com\/sectors\/"},{"@type":"ListItem","position":3,"name":"Servicios profesionales"}]},{"@type":"WebSite","@id":"https:\/\/deveho.com\/#website","url":"https:\/\/deveho.com\/","name":"Deveho Consulting Group","description":"Let\u2019s boost your growth","publisher":{"@id":"https:\/\/deveho.com\/#organization"},"potentialAction":[{"@type":"SearchAction","target":{"@type":"EntryPoint","urlTemplate":"https:\/\/deveho.com\/?s={search_term_string}"},"query-input":{"@type":"PropertyValueSpecification","valueRequired":true,"valueName":"search_term_string"}}],"inLanguage":"es"},{"@type":"Organization","@id":"https:\/\/deveho.com\/#organization","name":"Deveho Consulting Group","url":"https:\/\/deveho.com\/","logo":{"@type":"ImageObject","inLanguage":"es","@id":"https:\/\/deveho.com\/#\/schema\/logo\/image\/","url":"https:\/\/deveho.com\/wp-content\/uploads\/2023\/02\/DEVEHO-LOGO-Baseline-COLOR.png","contentUrl":"https:\/\/deveho.com\/wp-content\/uploads\/2023\/02\/DEVEHO-LOGO-Baseline-COLOR.png","width":2251,"height":585,"caption":"Deveho Consulting Group"},"image":{"@id":"https:\/\/deveho.com\/#\/schema\/logo\/image\/"},"sameAs":["https:\/\/www.facebook.com\/deveho","https:\/\/x.com\/Deveho1","https:\/\/www.linkedin.com\/company\/deveho-consulting\/"]}]}},"_links":{"self":[{"href":"https:\/\/deveho.com\/es\/wp-json\/wp\/v2\/pages\/9513"}],"collection":[{"href":"https:\/\/deveho.com\/es\/wp-json\/wp\/v2\/pages"}],"about":[{"href":"https:\/\/deveho.com\/es\/wp-json\/wp\/v2\/types\/page"}],"author":[{"embeddable":true,"href":"https:\/\/deveho.com\/es\/wp-json\/wp\/v2\/users\/3"}],"replies":[{"embeddable":true,"href":"https:\/\/deveho.com\/es\/wp-json\/wp\/v2\/comments?post=9513"}],"version-history":[{"count":0,"href":"https:\/\/deveho.com\/es\/wp-json\/wp\/v2\/pages\/9513\/revisions"}],"up":[{"embeddable":true,"href":"https:\/\/deveho.com\/es\/wp-json\/wp\/v2\/pages\/10881"}],"wp:attachment":[{"href":"https:\/\/deveho.com\/es\/wp-json\/wp\/v2\/media?parent=9513"}],"curies":[{"name":"wp","href":"https:\/\/api.w.org\/{rel}","templated":true}]}}