{"id":9529,"date":"2022-03-21T16:57:13","date_gmt":"2022-03-21T16:57:13","guid":{"rendered":"https:\/\/deveho2.sfdbeta.be\/integracion-de-complementos-o-add-ons-de-negocios\/"},"modified":"2026-04-07T09:46:22","modified_gmt":"2026-04-07T07:46:22","slug":"integracion-de-complementos-o-add-ons-de-negocios","status":"publish","type":"page","link":"https:\/\/deveho.com\/es\/productos\/integracion-de-complementos-o-add-ons-de-negocios\/","title":{"rendered":"Integraci\u00f3n de complementos o add-ons de negocios"},"content":{"rendered":"<br \/>\n<h2><\/h2>\n<h3><red> Contabilidad automatizada de los proveedores<\/red>   <\/h3>\n<h3><\/h3>\n<p><p>La integraci\u00f3n con Sage X3 consiste en compartir, a partir de Sage X3, los datos maestros (proveedores, plan de cuentas, formas de pago&#8230;), los pedidos de compra y\/o los recibos. A cambio, la soluci\u00f3n de facturaci\u00f3n desmaterializada para proveedores env\u00eda las facturas que coinciden con los pedidos\/recibos. Por \u00faltimo, Sage X3 puede enviar la informaci\u00f3n de pago a la soluci\u00f3n de gesti\u00f3n documental.<\/p>\n<p>En funci\u00f3n de las necesidades de los clientes, Deveho realiza con frecuencia proyectos de integraci\u00f3n con los siguientes programas inform\u00e1ticos:<\/p>\n<\/p>\n<h2><\/h2>\n<h3>STRIPE<\/h3>\n<p><p>Infraestructura de pago para el comercio electr\u00f3nico. Utilice el software y las API de Stripe para aceptar pagos, realizar transferencias y gestionar sus negocios en l\u00ednea.<\/p>\n<p><a href=\"https:\/\/stripe.com\/\">https:\/\/stripe.com\/<\/a><\/p>\n<\/p>\n<h3><red>Integraciones de add-on o complementos de DEVEHO para Sage X3 <\/red>      <\/h3>\n<p><p>Deveho ha creado ciertos complementos o add-ons para mejorar a\u00fan m\u00e1s su soluci\u00f3n X3. Se trata de los siguientes:<\/p>\n<\/p>\n<p>Una acci\u00f3n para varios vendedores <\/p>\n<p>Integraci\u00f3n autom\u00e1tica de los tipos de cambio<\/p>\n<p>Env\u00edo de facturas de venta por correo electr\u00f3nico en modo batch<\/p>\n<p>Gestionar un proveedor por planta de producto para el punto de venta<\/p>\n<p>Crear previsiones replicando los consumos de material (MRP)<\/p>\n<p>Nombrar los archivos de los informes<\/p>\n<p>Gestionar un marcador de Activo\/Inactivo en las condiciones de pago<\/p>\n<p>Informe de existencias con cantidades y valores iniciales y finales<\/p>\n<p>Balance de existencias (inicial, per\u00edodo +\/-, final) en cantidad e importes<\/p>\n<p>EDI Edifact (mensajes INVRPT, DESADV, ANMOV, INVOIC, ORDER, IFTMIN)<\/p>\n<p>Addon Deveho sFTP (gestionar la transferencia de archivos con sFTP)<\/p>\n<h3>Integraci\u00f3n con las soluciones de tesorer\u00eda <\/h3>\n<p><p>Deveho integra habitualmente las soluciones de tesorer\u00eda Sage X3 como Kyriba y Sage XRT, para los siguientes flujos:<\/p>\n<\/p>\n<p>Ficheros bancarios<\/p>\n<p>Tipos de cambio<\/p>\n<p>Datos maestros (partners comerciales)<\/p>\n<p>Pagos realizados<\/p>\n<p>Extractos de cuentas bancarias<\/p>\n<h3><red>Integraci\u00f3n con el software de gesti\u00f3n de n\u00f3minas y gastos<\/red>   <\/h3>\n<\/p>\n<p>Deveho integra los flujos de n\u00f3minas como asientos contables, bas\u00e1ndose en plantillas de importaci\u00f3n estandarizadas.<\/p>\n<p>Utilizando el mismo tipo de plantillas de importaci\u00f3n, Deveho integra los gastos de los empleados como asientos contables.<\/p>\n<h3>Soluciones de consolidaci\u00f3n<\/h3>\n<\/p>\n<p>Mediante el uso de plantillas de exportaci\u00f3n normalizadas de saldos, Deveho despliega con frecuencia la integraci\u00f3n con soluciones de consolidaci\u00f3n.<\/p>\n<h2><\/h2>\n<h3>P\u00e1ginas relacionadas<\/h3>\n<\/p>\n<h3><\/h3>\n<\/p>\n<h3><\/h3><\/p>\n","protected":false},"excerpt":{"rendered":"<p>Como integrador de Sage X3, Deveho despliega con frecuencia una amplia gama de interfaces con soluciones de terceros. Deveho tiene una gran experiencia con varios softwares del mercado, o con aplicaciones internas.<\/p>\n","protected":false},"author":3,"featured_media":0,"parent":10887,"menu_order":0,"comment_status":"closed","ping_status":"closed","template":"templates\/template-prod_serv.php","meta":{"_acf_changed":false,"footnotes":""},"class_list":["post-9529","page","type-page","status-publish","hentry"],"acf":[],"yoast_head":"<!-- This site is optimized with the Yoast SEO plugin v23.5 - https:\/\/yoast.com\/wordpress\/plugins\/seo\/ -->\n<title>Integraci\u00f3n de complementos o add-ons de negocios - Deveho<\/title>\n<meta name=\"robots\" content=\"index, follow, max-snippet:-1, max-image-preview:large, max-video-preview:-1\" \/>\n<link rel=\"canonical\" href=\"https:\/\/deveho.com\/es\/productos\/integracion-de-complementos-o-add-ons-de-negocios\/\" \/>\n<meta property=\"og:locale\" content=\"es_ES\" \/>\n<meta property=\"og:type\" content=\"article\" \/>\n<meta property=\"og:title\" content=\"Integraci\u00f3n de complementos o add-ons de negocios - Deveho\" \/>\n<meta property=\"og:description\" content=\"Como integrador de Sage X3, Deveho despliega con frecuencia una amplia gama de interfaces con soluciones de terceros. Deveho tiene una gran experiencia con varios softwares del mercado, o con aplicaciones internas.\" \/>\n<meta property=\"og:url\" content=\"https:\/\/deveho.com\/es\/productos\/integracion-de-complementos-o-add-ons-de-negocios\/\" \/>\n<meta property=\"og:site_name\" content=\"Deveho\" \/>\n<meta property=\"article:publisher\" content=\"https:\/\/www.facebook.com\/deveho\" \/>\n<meta property=\"article:modified_time\" content=\"2026-04-07T07:46:22+00:00\" \/>\n<meta name=\"twitter:card\" content=\"summary_large_image\" \/>\n<meta name=\"twitter:site\" content=\"@Deveho1\" \/>\n<meta name=\"twitter:label1\" content=\"Tiempo de lectura\" \/>\n\t<meta name=\"twitter:data1\" content=\"2 minutos\" \/>\n<script type=\"application\/ld+json\" class=\"yoast-schema-graph\">{\"@context\":\"https:\/\/schema.org\",\"@graph\":[{\"@type\":\"WebPage\",\"@id\":\"https:\/\/deveho.com\/es\/productos\/integracion-de-complementos-o-add-ons-de-negocios\/\",\"url\":\"https:\/\/deveho.com\/es\/productos\/integracion-de-complementos-o-add-ons-de-negocios\/\",\"name\":\"Integraci\u00f3n de complementos o add-ons de negocios - Deveho\",\"isPartOf\":{\"@id\":\"https:\/\/deveho.com\/#website\"},\"datePublished\":\"2022-03-21T16:57:13+00:00\",\"dateModified\":\"2026-04-07T07:46:22+00:00\",\"breadcrumb\":{\"@id\":\"https:\/\/deveho.com\/es\/productos\/integracion-de-complementos-o-add-ons-de-negocios\/#breadcrumb\"},\"inLanguage\":\"es\",\"potentialAction\":[{\"@type\":\"ReadAction\",\"target\":[\"https:\/\/deveho.com\/es\/productos\/integracion-de-complementos-o-add-ons-de-negocios\/\"]}]},{\"@type\":\"BreadcrumbList\",\"@id\":\"https:\/\/deveho.com\/es\/productos\/integracion-de-complementos-o-add-ons-de-negocios\/#breadcrumb\",\"itemListElement\":[{\"@type\":\"ListItem\",\"position\":1,\"name\":\"Home\",\"item\":\"https:\/\/deveho.com\/es\/\"},{\"@type\":\"ListItem\",\"position\":2,\"name\":\"Productos\",\"item\":\"https:\/\/deveho.com\/es\/productos\/\"},{\"@type\":\"ListItem\",\"position\":3,\"name\":\"Integraci\u00f3n de complementos o add-ons de negocios\"}]},{\"@type\":\"WebSite\",\"@id\":\"https:\/\/deveho.com\/#website\",\"url\":\"https:\/\/deveho.com\/\",\"name\":\"Deveho Consulting Group\",\"description\":\"Let\u2019s boost your growth\",\"publisher\":{\"@id\":\"https:\/\/deveho.com\/#organization\"},\"potentialAction\":[{\"@type\":\"SearchAction\",\"target\":{\"@type\":\"EntryPoint\",\"urlTemplate\":\"https:\/\/deveho.com\/?s={search_term_string}\"},\"query-input\":{\"@type\":\"PropertyValueSpecification\",\"valueRequired\":true,\"valueName\":\"search_term_string\"}}],\"inLanguage\":\"es\"},{\"@type\":\"Organization\",\"@id\":\"https:\/\/deveho.com\/#organization\",\"name\":\"Deveho Consulting Group\",\"url\":\"https:\/\/deveho.com\/\",\"logo\":{\"@type\":\"ImageObject\",\"inLanguage\":\"es\",\"@id\":\"https:\/\/deveho.com\/#\/schema\/logo\/image\/\",\"url\":\"https:\/\/deveho.com\/wp-content\/uploads\/2023\/02\/DEVEHO-LOGO-Baseline-COLOR.png\",\"contentUrl\":\"https:\/\/deveho.com\/wp-content\/uploads\/2023\/02\/DEVEHO-LOGO-Baseline-COLOR.png\",\"width\":2251,\"height\":585,\"caption\":\"Deveho Consulting Group\"},\"image\":{\"@id\":\"https:\/\/deveho.com\/#\/schema\/logo\/image\/\"},\"sameAs\":[\"https:\/\/www.facebook.com\/deveho\",\"https:\/\/x.com\/Deveho1\",\"https:\/\/www.linkedin.com\/company\/deveho-consulting\/\"]}]}<\/script>\n<!-- \/ Yoast SEO plugin. -->","yoast_head_json":{"title":"Integraci\u00f3n de complementos o add-ons de negocios - Deveho","robots":{"index":"index","follow":"follow","max-snippet":"max-snippet:-1","max-image-preview":"max-image-preview:large","max-video-preview":"max-video-preview:-1"},"canonical":"https:\/\/deveho.com\/es\/productos\/integracion-de-complementos-o-add-ons-de-negocios\/","og_locale":"es_ES","og_type":"article","og_title":"Integraci\u00f3n de complementos o add-ons de negocios - Deveho","og_description":"Como integrador de Sage X3, Deveho despliega con frecuencia una amplia gama de interfaces con soluciones de terceros. Deveho tiene una gran experiencia con varios softwares del mercado, o con aplicaciones internas.","og_url":"https:\/\/deveho.com\/es\/productos\/integracion-de-complementos-o-add-ons-de-negocios\/","og_site_name":"Deveho","article_publisher":"https:\/\/www.facebook.com\/deveho","article_modified_time":"2026-04-07T07:46:22+00:00","twitter_card":"summary_large_image","twitter_site":"@Deveho1","twitter_misc":{"Tiempo de lectura":"2 minutos"},"schema":{"@context":"https:\/\/schema.org","@graph":[{"@type":"WebPage","@id":"https:\/\/deveho.com\/es\/productos\/integracion-de-complementos-o-add-ons-de-negocios\/","url":"https:\/\/deveho.com\/es\/productos\/integracion-de-complementos-o-add-ons-de-negocios\/","name":"Integraci\u00f3n de complementos o add-ons de negocios - Deveho","isPartOf":{"@id":"https:\/\/deveho.com\/#website"},"datePublished":"2022-03-21T16:57:13+00:00","dateModified":"2026-04-07T07:46:22+00:00","breadcrumb":{"@id":"https:\/\/deveho.com\/es\/productos\/integracion-de-complementos-o-add-ons-de-negocios\/#breadcrumb"},"inLanguage":"es","potentialAction":[{"@type":"ReadAction","target":["https:\/\/deveho.com\/es\/productos\/integracion-de-complementos-o-add-ons-de-negocios\/"]}]},{"@type":"BreadcrumbList","@id":"https:\/\/deveho.com\/es\/productos\/integracion-de-complementos-o-add-ons-de-negocios\/#breadcrumb","itemListElement":[{"@type":"ListItem","position":1,"name":"Home","item":"https:\/\/deveho.com\/es\/"},{"@type":"ListItem","position":2,"name":"Productos","item":"https:\/\/deveho.com\/es\/productos\/"},{"@type":"ListItem","position":3,"name":"Integraci\u00f3n de complementos o add-ons de negocios"}]},{"@type":"WebSite","@id":"https:\/\/deveho.com\/#website","url":"https:\/\/deveho.com\/","name":"Deveho Consulting Group","description":"Let\u2019s boost your growth","publisher":{"@id":"https:\/\/deveho.com\/#organization"},"potentialAction":[{"@type":"SearchAction","target":{"@type":"EntryPoint","urlTemplate":"https:\/\/deveho.com\/?s={search_term_string}"},"query-input":{"@type":"PropertyValueSpecification","valueRequired":true,"valueName":"search_term_string"}}],"inLanguage":"es"},{"@type":"Organization","@id":"https:\/\/deveho.com\/#organization","name":"Deveho Consulting Group","url":"https:\/\/deveho.com\/","logo":{"@type":"ImageObject","inLanguage":"es","@id":"https:\/\/deveho.com\/#\/schema\/logo\/image\/","url":"https:\/\/deveho.com\/wp-content\/uploads\/2023\/02\/DEVEHO-LOGO-Baseline-COLOR.png","contentUrl":"https:\/\/deveho.com\/wp-content\/uploads\/2023\/02\/DEVEHO-LOGO-Baseline-COLOR.png","width":2251,"height":585,"caption":"Deveho Consulting Group"},"image":{"@id":"https:\/\/deveho.com\/#\/schema\/logo\/image\/"},"sameAs":["https:\/\/www.facebook.com\/deveho","https:\/\/x.com\/Deveho1","https:\/\/www.linkedin.com\/company\/deveho-consulting\/"]}]}},"_links":{"self":[{"href":"https:\/\/deveho.com\/es\/wp-json\/wp\/v2\/pages\/9529"}],"collection":[{"href":"https:\/\/deveho.com\/es\/wp-json\/wp\/v2\/pages"}],"about":[{"href":"https:\/\/deveho.com\/es\/wp-json\/wp\/v2\/types\/page"}],"author":[{"embeddable":true,"href":"https:\/\/deveho.com\/es\/wp-json\/wp\/v2\/users\/3"}],"replies":[{"embeddable":true,"href":"https:\/\/deveho.com\/es\/wp-json\/wp\/v2\/comments?post=9529"}],"version-history":[{"count":5,"href":"https:\/\/deveho.com\/es\/wp-json\/wp\/v2\/pages\/9529\/revisions"}],"predecessor-version":[{"id":48082,"href":"https:\/\/deveho.com\/es\/wp-json\/wp\/v2\/pages\/9529\/revisions\/48082"}],"up":[{"embeddable":true,"href":"https:\/\/deveho.com\/es\/wp-json\/wp\/v2\/pages\/10887"}],"wp:attachment":[{"href":"https:\/\/deveho.com\/es\/wp-json\/wp\/v2\/media?parent=9529"}],"curies":[{"name":"wp","href":"https:\/\/api.w.org\/{rel}","templated":true}]}}