{"id":9541,"date":"2022-03-23T11:19:10","date_gmt":"2022-03-23T11:19:10","guid":{"rendered":"https:\/\/deveho2.sfdbeta.be\/sage-x3\/"},"modified":"2026-04-05T10:50:02","modified_gmt":"2026-04-05T08:50:02","slug":"sage-x3","status":"publish","type":"page","link":"https:\/\/deveho.com\/es\/productos\/sage-x3\/","title":{"rendered":"Sage X3"},"content":{"rendered":"<br \/>\n<h2>Sage X3 &#8211; El ERP m\u00e1s r\u00e1pido, sencillo y flexible<\/h2>\n<p>Sage X3 le permite tener el control de toda su empresa, desde la cadena de suministro, pasando por compras, ventas, logistica, producci\u00f3n, servicios o finanzas. Esta soluci\u00f3n est\u00e1 destinada a las empresas que desean aumentar su eficacia, flexibilidad y control.<\/p>\n<p>Su capacidad para cumplir las distintas legislaciones e integrar una amplia gama de modulos empresariales le permite apoyar a organizaciones complejas a nivel local o internacional.<\/p>\n<p>Sage X3 permite a las empresas gestionar su actividad en tiempo real, tanto en los aspectos operativos como financieros.<\/p>\n<h2>\u00bfQU\u00c9 INCLUYE LA \u00daLTIMA ACTUALIZACI\u00d3N DE SAGE X3 V12?<\/h2>\n<h3>Sage X3 <br \/><red>nueva versi\u00f3n 2025<\/red><\/h3>\n<h3>2025 R2 (12.0.38)<\/h3>\n<\/p>\n<h2>\u00bfESTA UTILIZANDO UNA VERSION ANTIG\u00dcA DE SAGE X3?<\/h2>\n<h3><red>Migraci\u00f3n a<\/red> <br \/>Sage X3 V12 <\/h3>\n<h3>Migrar a la \u00faltima versi\u00f3n de su ERP Sage X3 es la oportunidad de digitalizar sus procesos y aprovechar una amplia gama de automatizaciones, pruebas de no regresi\u00f3n durante la actualizaci\u00f3n, desarrollos espec\u00edficos, industrializaci\u00f3n de complementos, as\u00ed como pruebas para la configuraci\u00f3n de un nuevo modelo base y su despliegue.<\/h3>\n<p><p>&nbsp;<\/p>\n<p style=\"margin: 0in; font-family: Calibri; font-size: 11.0pt;\">\u00bfQuiere saber m\u00e1s? P\u00f3ngase en <a href=\"https:\/\/deveho.com\/es\/contacto\/\">contacto<\/a> con nosotros.<\/p>\n<p>&nbsp;<\/p>\n<p><img loading=\"lazy\" decoding=\"async\" class=\"alignnone wp-image-33383\" src=\"https:\/\/deveho.com\/wp-content\/uploads\/2024\/09\/Posts-LinkedIn-e1726040958656.png\" alt=\"Migration Sage X3\" width=\"400\" height=\"297\" \/><\/p>\n<\/p>\n<h2>M\u00e1s que un ERP<\/h2>\n<h3>Nuestra soluci\u00f3n Sage X3 <red>caracter\u00edsticas del producto <\/red>    <\/h3>\n<h3><\/h3>\n<\/p>\n<h2>Sage X3 le permite hacer crecer su negocio m\u00e1s r\u00e1pidamente<\/h2>\n<p>Sage X3 se diferencia de los sistemas ERP convencionales, ya que le permite agilizar la gesti\u00f3n de su empresa simplificando todos los componentes operativos.<\/p>\n<p><p>Sage X3, una soluci\u00f3n \u00fanica e internacional dirigida a las empresas medianas de todo el mundo, es la soluci\u00f3n de referencia para las pymes, las empresas medianas y las filiales de grandes grupos. Sage X3 est\u00e1 disponible en un centenar de pa\u00edses y es la soluci\u00f3n elegida por m\u00e1s de 5.200 empresas y 240.000 usuarios, debido a su facilidad de uso y a su implantaci\u00f3n r\u00e1pida y eficiente<\/p>\n<\/p>\n<p><p>Sage X3 est\u00e1 dirigido principalmente a empresas de entre 100 y 500 empleados de los sectores de distribuci\u00f3n, fabricaci\u00f3n y servicios. Sage X3 puede ayudar a las empresas que operan a escala local o internacional, tanto si son independientes como si forman parte de un grupo empresarial importante. Resultados: operaciones optimizadas, informaci\u00f3n en tiempo real sobre su negocio y mejora del rendimiento. Resultados: operaciones optimizadas, informaci\u00f3n en tiempo real sobre su negocio y mejora del rendimiento.<\/p>\n<\/p>\n<h2>Relevancia de la selecci\u00f3n de su ERP<\/h2>\n<p>Las medianas empresas se enfrentan a menudo al problema de tener que conformarse con datos internos de baja calidad y de dif\u00edcil acceso e interpretaci\u00f3n, lo que frena su crecimiento y rentabilidad<\/p>\n<p>Debido a los sistemas de gesti\u00f3n obsoletos y a las soluciones inadecuadas, las empresas se ven obligadas a aplicar numerosos procesos manuales que generan ineficiencias en toda la organizaci\u00f3n.<\/p>\n<h2><red>\u00bfQu\u00e9 espera de una soluci\u00f3n ERP?<\/red>   <\/h2>\n<p>Una empresa necesita una soluci\u00f3n de gesti\u00f3n integrada para optimizar y facilitar todos los procesos de control, su productividad o incluso sus recursos. Adquirir una herramienta ERP tiene muchas ventajas para cualquier estructura.<\/p>\n<h2><\/h2>\n<h3>P\u00e1ginas relacionadas <\/h3>\n<\/p>\n<h3><\/h3>\n<\/p>\n<h3><\/h3>\n<\/p>\n<h2>Realice la visita interactiva del producto Sage X3<\/h2>\n<p>Vea el v\u00eddeo y descubra c\u00f3mo Sage X3 apoya y potencia los sectores de distribuci\u00f3n, fabricaci\u00f3n y servicios.<\/p><\/p>\n","protected":false},"excerpt":{"rendered":"<p>Sage X3 ofrece soluciones de gesti\u00f3n empresarial m\u00e1s r\u00e1pidas, intuitivas y adaptadas que los ERP convencionales para las empresas centradas en el producto que buscan prosperar y seguir siendo competitivas ante la creciente complejidad. Sage X3 transforma la gesti\u00f3n de las personas, los procesos y las operaciones, lo que permite a las empresas adaptarse al cambio con mayor rapidez.<\/p>\n","protected":false},"author":8,"featured_media":0,"parent":10887,"menu_order":0,"comment_status":"closed","ping_status":"closed","template":"templates\/template-prod_serv.php","meta":{"_acf_changed":false,"footnotes":""},"class_list":["post-9541","page","type-page","status-publish","hentry"],"acf":[],"yoast_head":"<!-- This site is optimized with the Yoast SEO plugin v23.5 - https:\/\/yoast.com\/wordpress\/plugins\/seo\/ -->\n<title>Sage X3 | El ERP que te ayuda a hacer crecer tu negocio - Deveho<\/title>\n<meta name=\"description\" content=\"Sage X3 te permite controlar y optimizar las compras, ventas, finanzas, producci\u00f3n, cadena de suministro en cualquier legislacion\" \/>\n<meta name=\"robots\" content=\"index, follow, max-snippet:-1, max-image-preview:large, max-video-preview:-1\" \/>\n<link rel=\"canonical\" href=\"https:\/\/deveho.com\/es\/productos\/sage-x3\/\" \/>\n<meta property=\"og:locale\" content=\"es_ES\" \/>\n<meta property=\"og:type\" content=\"article\" \/>\n<meta property=\"og:title\" content=\"Sage X3 | El ERP que te ayuda a hacer crecer tu negocio - Deveho\" \/>\n<meta property=\"og:description\" content=\"Sage X3 te permite controlar y optimizar las compras, ventas, finanzas, producci\u00f3n, cadena de suministro en cualquier legislacion\" \/>\n<meta property=\"og:url\" content=\"https:\/\/deveho.com\/es\/productos\/sage-x3\/\" \/>\n<meta property=\"og:site_name\" content=\"Deveho\" \/>\n<meta property=\"article:publisher\" content=\"https:\/\/www.facebook.com\/deveho\" \/>\n<meta property=\"article:modified_time\" content=\"2026-04-05T08:50:02+00:00\" \/>\n<meta property=\"og:image\" content=\"https:\/\/deveho.com\/wp-content\/uploads\/2024\/09\/Posts-LinkedIn-e1726040958656.png\" \/>\n<meta name=\"twitter:card\" content=\"summary_large_image\" \/>\n<meta name=\"twitter:site\" content=\"@Deveho1\" \/>\n<meta name=\"twitter:label1\" content=\"Tiempo de lectura\" \/>\n\t<meta name=\"twitter:data1\" content=\"3 minutos\" \/>\n<script type=\"application\/ld+json\" class=\"yoast-schema-graph\">{\"@context\":\"https:\/\/schema.org\",\"@graph\":[{\"@type\":\"WebPage\",\"@id\":\"https:\/\/deveho.com\/es\/productos\/sage-x3\/\",\"url\":\"https:\/\/deveho.com\/es\/productos\/sage-x3\/\",\"name\":\"Sage X3 | El ERP que te ayuda a hacer crecer tu negocio - Deveho\",\"isPartOf\":{\"@id\":\"https:\/\/deveho.com\/#website\"},\"primaryImageOfPage\":{\"@id\":\"https:\/\/deveho.com\/es\/productos\/sage-x3\/#primaryimage\"},\"image\":{\"@id\":\"https:\/\/deveho.com\/es\/productos\/sage-x3\/#primaryimage\"},\"thumbnailUrl\":\"https:\/\/deveho.com\/wp-content\/uploads\/2024\/09\/Posts-LinkedIn-e1726040958656.png\",\"datePublished\":\"2022-03-23T11:19:10+00:00\",\"dateModified\":\"2026-04-05T08:50:02+00:00\",\"description\":\"Sage X3 te permite controlar y optimizar las compras, ventas, finanzas, producci\u00f3n, cadena de suministro en cualquier legislacion\",\"breadcrumb\":{\"@id\":\"https:\/\/deveho.com\/es\/productos\/sage-x3\/#breadcrumb\"},\"inLanguage\":\"es\",\"potentialAction\":[{\"@type\":\"ReadAction\",\"target\":[\"https:\/\/deveho.com\/es\/productos\/sage-x3\/\"]}]},{\"@type\":\"ImageObject\",\"inLanguage\":\"es\",\"@id\":\"https:\/\/deveho.com\/es\/productos\/sage-x3\/#primaryimage\",\"url\":\"https:\/\/deveho.com\/wp-content\/uploads\/2024\/09\/Posts-LinkedIn-e1726040958656.png\",\"contentUrl\":\"https:\/\/deveho.com\/wp-content\/uploads\/2024\/09\/Posts-LinkedIn-e1726040958656.png\"},{\"@type\":\"BreadcrumbList\",\"@id\":\"https:\/\/deveho.com\/es\/productos\/sage-x3\/#breadcrumb\",\"itemListElement\":[{\"@type\":\"ListItem\",\"position\":1,\"name\":\"Home\",\"item\":\"https:\/\/deveho.com\/es\/\"},{\"@type\":\"ListItem\",\"position\":2,\"name\":\"Productos\",\"item\":\"https:\/\/deveho.com\/es\/productos\/\"},{\"@type\":\"ListItem\",\"position\":3,\"name\":\"Sage X3\"}]},{\"@type\":\"WebSite\",\"@id\":\"https:\/\/deveho.com\/#website\",\"url\":\"https:\/\/deveho.com\/\",\"name\":\"Deveho Consulting Group\",\"description\":\"Let\u2019s boost your growth\",\"publisher\":{\"@id\":\"https:\/\/deveho.com\/#organization\"},\"potentialAction\":[{\"@type\":\"SearchAction\",\"target\":{\"@type\":\"EntryPoint\",\"urlTemplate\":\"https:\/\/deveho.com\/?s={search_term_string}\"},\"query-input\":{\"@type\":\"PropertyValueSpecification\",\"valueRequired\":true,\"valueName\":\"search_term_string\"}}],\"inLanguage\":\"es\"},{\"@type\":\"Organization\",\"@id\":\"https:\/\/deveho.com\/#organization\",\"name\":\"Deveho Consulting Group\",\"url\":\"https:\/\/deveho.com\/\",\"logo\":{\"@type\":\"ImageObject\",\"inLanguage\":\"es\",\"@id\":\"https:\/\/deveho.com\/#\/schema\/logo\/image\/\",\"url\":\"https:\/\/deveho.com\/wp-content\/uploads\/2023\/02\/DEVEHO-LOGO-Baseline-COLOR.png\",\"contentUrl\":\"https:\/\/deveho.com\/wp-content\/uploads\/2023\/02\/DEVEHO-LOGO-Baseline-COLOR.png\",\"width\":2251,\"height\":585,\"caption\":\"Deveho Consulting Group\"},\"image\":{\"@id\":\"https:\/\/deveho.com\/#\/schema\/logo\/image\/\"},\"sameAs\":[\"https:\/\/www.facebook.com\/deveho\",\"https:\/\/x.com\/Deveho1\",\"https:\/\/www.linkedin.com\/company\/deveho-consulting\/\"]}]}<\/script>\n<!-- \/ Yoast SEO plugin. -->","yoast_head_json":{"title":"Sage X3 | El ERP que te ayuda a hacer crecer tu negocio - Deveho","description":"Sage X3 te permite controlar y optimizar las compras, ventas, finanzas, producci\u00f3n, cadena de suministro en cualquier legislacion","robots":{"index":"index","follow":"follow","max-snippet":"max-snippet:-1","max-image-preview":"max-image-preview:large","max-video-preview":"max-video-preview:-1"},"canonical":"https:\/\/deveho.com\/es\/productos\/sage-x3\/","og_locale":"es_ES","og_type":"article","og_title":"Sage X3 | El ERP que te ayuda a hacer crecer tu negocio - Deveho","og_description":"Sage X3 te permite controlar y optimizar las compras, ventas, finanzas, producci\u00f3n, cadena de suministro en cualquier legislacion","og_url":"https:\/\/deveho.com\/es\/productos\/sage-x3\/","og_site_name":"Deveho","article_publisher":"https:\/\/www.facebook.com\/deveho","article_modified_time":"2026-04-05T08:50:02+00:00","og_image":[{"url":"https:\/\/deveho.com\/wp-content\/uploads\/2024\/09\/Posts-LinkedIn-e1726040958656.png"}],"twitter_card":"summary_large_image","twitter_site":"@Deveho1","twitter_misc":{"Tiempo de lectura":"3 minutos"},"schema":{"@context":"https:\/\/schema.org","@graph":[{"@type":"WebPage","@id":"https:\/\/deveho.com\/es\/productos\/sage-x3\/","url":"https:\/\/deveho.com\/es\/productos\/sage-x3\/","name":"Sage X3 | El ERP que te ayuda a hacer crecer tu negocio - Deveho","isPartOf":{"@id":"https:\/\/deveho.com\/#website"},"primaryImageOfPage":{"@id":"https:\/\/deveho.com\/es\/productos\/sage-x3\/#primaryimage"},"image":{"@id":"https:\/\/deveho.com\/es\/productos\/sage-x3\/#primaryimage"},"thumbnailUrl":"https:\/\/deveho.com\/wp-content\/uploads\/2024\/09\/Posts-LinkedIn-e1726040958656.png","datePublished":"2022-03-23T11:19:10+00:00","dateModified":"2026-04-05T08:50:02+00:00","description":"Sage X3 te permite controlar y optimizar las compras, ventas, finanzas, producci\u00f3n, cadena de suministro en cualquier legislacion","breadcrumb":{"@id":"https:\/\/deveho.com\/es\/productos\/sage-x3\/#breadcrumb"},"inLanguage":"es","potentialAction":[{"@type":"ReadAction","target":["https:\/\/deveho.com\/es\/productos\/sage-x3\/"]}]},{"@type":"ImageObject","inLanguage":"es","@id":"https:\/\/deveho.com\/es\/productos\/sage-x3\/#primaryimage","url":"https:\/\/deveho.com\/wp-content\/uploads\/2024\/09\/Posts-LinkedIn-e1726040958656.png","contentUrl":"https:\/\/deveho.com\/wp-content\/uploads\/2024\/09\/Posts-LinkedIn-e1726040958656.png"},{"@type":"BreadcrumbList","@id":"https:\/\/deveho.com\/es\/productos\/sage-x3\/#breadcrumb","itemListElement":[{"@type":"ListItem","position":1,"name":"Home","item":"https:\/\/deveho.com\/es\/"},{"@type":"ListItem","position":2,"name":"Productos","item":"https:\/\/deveho.com\/es\/productos\/"},{"@type":"ListItem","position":3,"name":"Sage X3"}]},{"@type":"WebSite","@id":"https:\/\/deveho.com\/#website","url":"https:\/\/deveho.com\/","name":"Deveho Consulting Group","description":"Let\u2019s boost your growth","publisher":{"@id":"https:\/\/deveho.com\/#organization"},"potentialAction":[{"@type":"SearchAction","target":{"@type":"EntryPoint","urlTemplate":"https:\/\/deveho.com\/?s={search_term_string}"},"query-input":{"@type":"PropertyValueSpecification","valueRequired":true,"valueName":"search_term_string"}}],"inLanguage":"es"},{"@type":"Organization","@id":"https:\/\/deveho.com\/#organization","name":"Deveho Consulting Group","url":"https:\/\/deveho.com\/","logo":{"@type":"ImageObject","inLanguage":"es","@id":"https:\/\/deveho.com\/#\/schema\/logo\/image\/","url":"https:\/\/deveho.com\/wp-content\/uploads\/2023\/02\/DEVEHO-LOGO-Baseline-COLOR.png","contentUrl":"https:\/\/deveho.com\/wp-content\/uploads\/2023\/02\/DEVEHO-LOGO-Baseline-COLOR.png","width":2251,"height":585,"caption":"Deveho Consulting Group"},"image":{"@id":"https:\/\/deveho.com\/#\/schema\/logo\/image\/"},"sameAs":["https:\/\/www.facebook.com\/deveho","https:\/\/x.com\/Deveho1","https:\/\/www.linkedin.com\/company\/deveho-consulting\/"]}]}},"_links":{"self":[{"href":"https:\/\/deveho.com\/es\/wp-json\/wp\/v2\/pages\/9541"}],"collection":[{"href":"https:\/\/deveho.com\/es\/wp-json\/wp\/v2\/pages"}],"about":[{"href":"https:\/\/deveho.com\/es\/wp-json\/wp\/v2\/types\/page"}],"author":[{"embeddable":true,"href":"https:\/\/deveho.com\/es\/wp-json\/wp\/v2\/users\/8"}],"replies":[{"embeddable":true,"href":"https:\/\/deveho.com\/es\/wp-json\/wp\/v2\/comments?post=9541"}],"version-history":[{"count":44,"href":"https:\/\/deveho.com\/es\/wp-json\/wp\/v2\/pages\/9541\/revisions"}],"predecessor-version":[{"id":48063,"href":"https:\/\/deveho.com\/es\/wp-json\/wp\/v2\/pages\/9541\/revisions\/48063"}],"up":[{"embeddable":true,"href":"https:\/\/deveho.com\/es\/wp-json\/wp\/v2\/pages\/10887"}],"wp:attachment":[{"href":"https:\/\/deveho.com\/es\/wp-json\/wp\/v2\/media?parent=9541"}],"curies":[{"name":"wp","href":"https:\/\/api.w.org\/{rel}","templated":true}]}}