{"id":9556,"date":"2022-03-24T19:24:37","date_gmt":"2022-03-24T19:24:37","guid":{"rendered":"https:\/\/deveho2.sfdbeta.be\/paperless-system\/"},"modified":"2022-10-26T15:03:41","modified_gmt":"2022-10-26T13:03:41","slug":"paperless-system","status":"publish","type":"page","link":"https:\/\/deveho.com\/es\/productos\/paperless-system\/","title":{"rendered":"Paperless System"},"content":{"rendered":"<br \/>\n<h2>Paperless system es un empe\u00f1o por reducir el tiempo y los gastos asociados a los sistemas basados en papel. <\/h2>\n<h3><\/h3>\n<h3>M\u00e1s all\u00e1 de la mera creaci\u00f3n de documentos electr\u00f3nicos, la eliminaci\u00f3n del papel ofrece ahora la posibilidad de optimizar el intercambio de datos y los procesos, en un mundo en el que los medios digitales son el principal vector de informaci\u00f3n y comunicaci\u00f3n. As\u00ed, los pedidos, los presupuestos, las facturas y otros documentos se elaboran electr\u00f3nicamente, lo que facilita su intercambio, visualizaci\u00f3n y almacenamiento.<\/h3>\n<p><p>Utilizando conexiones est\u00e1ndar con las principales soluciones del mercado, Sage X3 ofrece la opci\u00f3n de un sistema de gesti\u00f3n de documentos electr\u00f3nicos (EDMS) integrado, eficaz y seguro.<\/p>\n<p>Todos sus documentos est\u00e1n vinculados en las funciones correspondientes de Sage X3, eliminando as\u00ed los problemas relacionados con los duplicados y las diferentes versiones, al tiempo que se optimizan los procesos transversales entre los distintos departamentos de su empresa.<\/p>\n<\/p>\n<h2><\/h2>\n<h3>P\u00e1ginas Relacionadas<\/h3>\n<\/p>\n<h3><\/h3>\n<\/p>\n<h3><\/h3><\/p>\n","protected":false},"excerpt":{"rendered":"<p>Optimice y asegure el intercambio de documentos -y datos- con sus socios, para mejorar la eficiencia y as\u00ed conseguir ahorros. Ante el creciente volumen de datos, la transici\u00f3n a los m\u00e9todos sin papel es una de las principales preocupaciones de las empresas.<\/p>\n","protected":false},"author":3,"featured_media":0,"parent":10887,"menu_order":0,"comment_status":"closed","ping_status":"closed","template":"templates\/template-prod_serv.php","meta":{"_acf_changed":false,"footnotes":""},"class_list":["post-9556","page","type-page","status-publish","hentry"],"acf":[],"yoast_head":"<!-- This site is optimized with the Yoast SEO plugin v23.5 - https:\/\/yoast.com\/wordpress\/plugins\/seo\/ -->\n<title>Paperless System - Deveho<\/title>\n<meta name=\"robots\" content=\"index, follow, max-snippet:-1, max-image-preview:large, max-video-preview:-1\" \/>\n<link rel=\"canonical\" href=\"https:\/\/deveho.com\/products\/paperless-system-solution\/\" \/>\n<meta property=\"og:locale\" content=\"es_ES\" \/>\n<meta property=\"og:type\" content=\"article\" \/>\n<meta property=\"og:title\" content=\"Paperless System - Deveho\" \/>\n<meta property=\"og:description\" content=\"Optimice y asegure el intercambio de documentos -y datos- con sus socios, para mejorar la eficiencia y as\u00ed conseguir ahorros. Ante el creciente volumen de datos, la transici\u00f3n a los m\u00e9todos sin papel es una de las principales preocupaciones de las empresas.\" \/>\n<meta property=\"og:url\" content=\"https:\/\/deveho.com\/products\/paperless-system-solution\/\" \/>\n<meta property=\"og:site_name\" content=\"Deveho\" \/>\n<meta property=\"article:publisher\" content=\"https:\/\/www.facebook.com\/deveho\" \/>\n<meta property=\"article:modified_time\" content=\"2022-10-26T13:03:41+00:00\" \/>\n<meta name=\"twitter:card\" content=\"summary_large_image\" \/>\n<meta name=\"twitter:site\" content=\"@Deveho1\" \/>\n<meta name=\"twitter:label1\" content=\"Tiempo de lectura\" \/>\n\t<meta name=\"twitter:data1\" content=\"1 minuto\" \/>\n<script type=\"application\/ld+json\" class=\"yoast-schema-graph\">{\"@context\":\"https:\/\/schema.org\",\"@graph\":[{\"@type\":\"WebPage\",\"@id\":\"https:\/\/deveho.com\/products\/paperless-system-solution\/\",\"url\":\"https:\/\/deveho.com\/products\/paperless-system-solution\/\",\"name\":\"Paperless System - Deveho\",\"isPartOf\":{\"@id\":\"https:\/\/deveho.com\/#website\"},\"datePublished\":\"2022-03-24T19:24:37+00:00\",\"dateModified\":\"2022-10-26T13:03:41+00:00\",\"breadcrumb\":{\"@id\":\"https:\/\/deveho.com\/products\/paperless-system-solution\/#breadcrumb\"},\"inLanguage\":\"es\",\"potentialAction\":[{\"@type\":\"ReadAction\",\"target\":[\"https:\/\/deveho.com\/products\/paperless-system-solution\/\"]}]},{\"@type\":\"BreadcrumbList\",\"@id\":\"https:\/\/deveho.com\/products\/paperless-system-solution\/#breadcrumb\",\"itemListElement\":[{\"@type\":\"ListItem\",\"position\":1,\"name\":\"Home\",\"item\":\"https:\/\/deveho.com\/es\/\"},{\"@type\":\"ListItem\",\"position\":2,\"name\":\"Productos\",\"item\":\"https:\/\/deveho.com\/es\/productos\/\"},{\"@type\":\"ListItem\",\"position\":3,\"name\":\"Paperless System\"}]},{\"@type\":\"WebSite\",\"@id\":\"https:\/\/deveho.com\/#website\",\"url\":\"https:\/\/deveho.com\/\",\"name\":\"Deveho Consulting Group\",\"description\":\"Let\u2019s boost your growth\",\"publisher\":{\"@id\":\"https:\/\/deveho.com\/#organization\"},\"potentialAction\":[{\"@type\":\"SearchAction\",\"target\":{\"@type\":\"EntryPoint\",\"urlTemplate\":\"https:\/\/deveho.com\/?s={search_term_string}\"},\"query-input\":{\"@type\":\"PropertyValueSpecification\",\"valueRequired\":true,\"valueName\":\"search_term_string\"}}],\"inLanguage\":\"es\"},{\"@type\":\"Organization\",\"@id\":\"https:\/\/deveho.com\/#organization\",\"name\":\"Deveho Consulting Group\",\"url\":\"https:\/\/deveho.com\/\",\"logo\":{\"@type\":\"ImageObject\",\"inLanguage\":\"es\",\"@id\":\"https:\/\/deveho.com\/#\/schema\/logo\/image\/\",\"url\":\"https:\/\/deveho.com\/wp-content\/uploads\/2023\/02\/DEVEHO-LOGO-Baseline-COLOR.png\",\"contentUrl\":\"https:\/\/deveho.com\/wp-content\/uploads\/2023\/02\/DEVEHO-LOGO-Baseline-COLOR.png\",\"width\":2251,\"height\":585,\"caption\":\"Deveho Consulting Group\"},\"image\":{\"@id\":\"https:\/\/deveho.com\/#\/schema\/logo\/image\/\"},\"sameAs\":[\"https:\/\/www.facebook.com\/deveho\",\"https:\/\/x.com\/Deveho1\",\"https:\/\/www.linkedin.com\/company\/deveho-consulting\/\"]}]}<\/script>\n<!-- \/ Yoast SEO plugin. -->","yoast_head_json":{"title":"Paperless System - Deveho","robots":{"index":"index","follow":"follow","max-snippet":"max-snippet:-1","max-image-preview":"max-image-preview:large","max-video-preview":"max-video-preview:-1"},"canonical":"https:\/\/deveho.com\/products\/paperless-system-solution\/","og_locale":"es_ES","og_type":"article","og_title":"Paperless System - Deveho","og_description":"Optimice y asegure el intercambio de documentos -y datos- con sus socios, para mejorar la eficiencia y as\u00ed conseguir ahorros. Ante el creciente volumen de datos, la transici\u00f3n a los m\u00e9todos sin papel es una de las principales preocupaciones de las empresas.","og_url":"https:\/\/deveho.com\/products\/paperless-system-solution\/","og_site_name":"Deveho","article_publisher":"https:\/\/www.facebook.com\/deveho","article_modified_time":"2022-10-26T13:03:41+00:00","twitter_card":"summary_large_image","twitter_site":"@Deveho1","twitter_misc":{"Tiempo de lectura":"1 minuto"},"schema":{"@context":"https:\/\/schema.org","@graph":[{"@type":"WebPage","@id":"https:\/\/deveho.com\/products\/paperless-system-solution\/","url":"https:\/\/deveho.com\/products\/paperless-system-solution\/","name":"Paperless System - Deveho","isPartOf":{"@id":"https:\/\/deveho.com\/#website"},"datePublished":"2022-03-24T19:24:37+00:00","dateModified":"2022-10-26T13:03:41+00:00","breadcrumb":{"@id":"https:\/\/deveho.com\/products\/paperless-system-solution\/#breadcrumb"},"inLanguage":"es","potentialAction":[{"@type":"ReadAction","target":["https:\/\/deveho.com\/products\/paperless-system-solution\/"]}]},{"@type":"BreadcrumbList","@id":"https:\/\/deveho.com\/products\/paperless-system-solution\/#breadcrumb","itemListElement":[{"@type":"ListItem","position":1,"name":"Home","item":"https:\/\/deveho.com\/es\/"},{"@type":"ListItem","position":2,"name":"Productos","item":"https:\/\/deveho.com\/es\/productos\/"},{"@type":"ListItem","position":3,"name":"Paperless System"}]},{"@type":"WebSite","@id":"https:\/\/deveho.com\/#website","url":"https:\/\/deveho.com\/","name":"Deveho Consulting Group","description":"Let\u2019s boost your growth","publisher":{"@id":"https:\/\/deveho.com\/#organization"},"potentialAction":[{"@type":"SearchAction","target":{"@type":"EntryPoint","urlTemplate":"https:\/\/deveho.com\/?s={search_term_string}"},"query-input":{"@type":"PropertyValueSpecification","valueRequired":true,"valueName":"search_term_string"}}],"inLanguage":"es"},{"@type":"Organization","@id":"https:\/\/deveho.com\/#organization","name":"Deveho Consulting Group","url":"https:\/\/deveho.com\/","logo":{"@type":"ImageObject","inLanguage":"es","@id":"https:\/\/deveho.com\/#\/schema\/logo\/image\/","url":"https:\/\/deveho.com\/wp-content\/uploads\/2023\/02\/DEVEHO-LOGO-Baseline-COLOR.png","contentUrl":"https:\/\/deveho.com\/wp-content\/uploads\/2023\/02\/DEVEHO-LOGO-Baseline-COLOR.png","width":2251,"height":585,"caption":"Deveho Consulting Group"},"image":{"@id":"https:\/\/deveho.com\/#\/schema\/logo\/image\/"},"sameAs":["https:\/\/www.facebook.com\/deveho","https:\/\/x.com\/Deveho1","https:\/\/www.linkedin.com\/company\/deveho-consulting\/"]}]}},"_links":{"self":[{"href":"https:\/\/deveho.com\/es\/wp-json\/wp\/v2\/pages\/9556"}],"collection":[{"href":"https:\/\/deveho.com\/es\/wp-json\/wp\/v2\/pages"}],"about":[{"href":"https:\/\/deveho.com\/es\/wp-json\/wp\/v2\/types\/page"}],"author":[{"embeddable":true,"href":"https:\/\/deveho.com\/es\/wp-json\/wp\/v2\/users\/3"}],"replies":[{"embeddable":true,"href":"https:\/\/deveho.com\/es\/wp-json\/wp\/v2\/comments?post=9556"}],"version-history":[{"count":0,"href":"https:\/\/deveho.com\/es\/wp-json\/wp\/v2\/pages\/9556\/revisions"}],"up":[{"embeddable":true,"href":"https:\/\/deveho.com\/es\/wp-json\/wp\/v2\/pages\/10887"}],"wp:attachment":[{"href":"https:\/\/deveho.com\/es\/wp-json\/wp\/v2\/media?parent=9556"}],"curies":[{"name":"wp","href":"https:\/\/api.w.org\/{rel}","templated":true}]}}