{"id":9585,"date":"2022-03-29T15:05:00","date_gmt":"2022-03-29T15:05:00","guid":{"rendered":"https:\/\/deveho2.sfdbeta.be\/sage-x3-marketplace-isv\/sage-web-scheduling\/"},"modified":"2023-09-28T15:29:10","modified_gmt":"2023-09-28T13:29:10","slug":"sage-web-scheduling","status":"publish","type":"page","link":"https:\/\/deveho.com\/es\/productos\/sage-x3-marketplace\/sage-web-scheduling\/","title":{"rendered":"Sage Web Scheduling"},"content":{"rendered":"<br \/>\n<h2><\/h2>\n<h3><red>Ventajas de Sage Web Scheduling<\/red><\/h3>\n<h3>Sage X3 Web Scheduling sincroniza toda la cadena de producci\u00f3n, empezando por los pedidos de los clientes y la producci\u00f3n, identificando las limitaciones de material, herramientas y los cuellos de botella. Gracias a los cuadros de mando que facilitan el an\u00e1lisis y las simulaciones, podr\u00e1 gestionar eficazmente los cambios de prioridades desarrollando secuencias de producci\u00f3n optimizadas.<\/h3>\n<ul>\n<li>Programador de m\u00faltiples restricciones y creaci\u00f3n de m\u00faltiples simulaciones<\/li>\n<li>Crear planes de producci\u00f3n viables y optimizados en Sage X3<\/li>\n<li>Cumplir los plazos de entrega utilizando los recursos de fabricaci\u00f3n de la forma m\u00e1s eficiente y eficaz posible<\/li>\n<li>Reducci\u00f3n del tiempo no productivo<\/li>\n<li>Sincronizaci\u00f3n de toda la cadena de suministro<\/li>\n<li>Identificaci\u00f3n y eliminaci\u00f3n de los cuellos de botella y de los materiales o recursos que faltan<\/li>\n<li>Mayor capacidad de respuesta ante los imprevistos<\/li>\n<li>Interfaz web f\u00e1cil de usar y personalizable para construir planes, supervisar y hacer ajustes<\/li>\n<li>Creaci\u00f3n de simulaciones con an\u00e1lisis de multisimulaci\u00f3n seg\u00fan escenarios basados en diferentes heur\u00edsticas<\/li>\n<li>Informes detallados configurables para el an\u00e1lisis de la simulaci\u00f3n<\/li>\n<\/ul>\n<h2><\/h2>\n<h3><red>Principales caracter\u00edsticas<\/red> de Sage Web Scheduling <\/h3>\n<h3><\/h3>\n<\/p>\n<h2>Visiten nuestro blog para acceder a art\u00edculos e informaci\u00f3n enfocados a los temas clave de su negocio.<\/h2>\n<h3><red>Recursos<\/red>      <\/h3><\/p>\n","protected":false},"excerpt":{"rendered":"<p>Sage X3 Web Scheduling es una completa soluci\u00f3n de programaci\u00f3n basada en la web que garantiza el cumplimiento de las fechas de entrega a la vez que utiliza los recursos de producci\u00f3n disponibles de forma \u00f3ptima y lo m\u00e1s eficiente posible. Web Scheduling sincroniza toda la cadena de producci\u00f3n, desde los pedidos de venta hasta las \u00f3rdenes de producci\u00f3n, identifica las limitaciones de materiales y herramientas y los cuellos de botella.<\/p>\n","protected":false},"author":3,"featured_media":0,"parent":9576,"menu_order":0,"comment_status":"closed","ping_status":"closed","template":"templates\/template-prod_serv.php","meta":{"_acf_changed":false,"footnotes":""},"class_list":["post-9585","page","type-page","status-publish","hentry"],"acf":[],"yoast_head":"<!-- This site is optimized with the Yoast SEO plugin v23.5 - https:\/\/yoast.com\/wordpress\/plugins\/seo\/ -->\n<title>Sage Web Scheduling - Deveho<\/title>\n<meta name=\"robots\" content=\"index, follow, max-snippet:-1, max-image-preview:large, max-video-preview:-1\" \/>\n<link rel=\"canonical\" href=\"https:\/\/deveho.com\/es\/productos\/sage-x3-marketplace\/sage-web-scheduling\/\" \/>\n<meta property=\"og:locale\" content=\"es_ES\" \/>\n<meta property=\"og:type\" content=\"article\" \/>\n<meta property=\"og:title\" content=\"Sage Web Scheduling - Deveho\" \/>\n<meta property=\"og:description\" content=\"Sage X3 Web Scheduling es una completa soluci\u00f3n de programaci\u00f3n basada en la web que garantiza el cumplimiento de las fechas de entrega a la vez que utiliza los recursos de producci\u00f3n disponibles de forma \u00f3ptima y lo m\u00e1s eficiente posible. Web Scheduling sincroniza toda la cadena de producci\u00f3n, desde los pedidos de venta hasta las \u00f3rdenes de producci\u00f3n, identifica las limitaciones de materiales y herramientas y los cuellos de botella.\" \/>\n<meta property=\"og:url\" content=\"https:\/\/deveho.com\/es\/productos\/sage-x3-marketplace\/sage-web-scheduling\/\" \/>\n<meta property=\"og:site_name\" content=\"Deveho\" \/>\n<meta property=\"article:publisher\" content=\"https:\/\/www.facebook.com\/deveho\" \/>\n<meta property=\"article:modified_time\" content=\"2023-09-28T13:29:10+00:00\" \/>\n<meta name=\"twitter:card\" content=\"summary_large_image\" \/>\n<meta name=\"twitter:site\" content=\"@Deveho1\" \/>\n<meta name=\"twitter:label1\" content=\"Tiempo de lectura\" \/>\n\t<meta name=\"twitter:data1\" content=\"2 minutos\" \/>\n<script type=\"application\/ld+json\" class=\"yoast-schema-graph\">{\"@context\":\"https:\/\/schema.org\",\"@graph\":[{\"@type\":\"WebPage\",\"@id\":\"https:\/\/deveho.com\/es\/productos\/sage-x3-marketplace\/sage-web-scheduling\/\",\"url\":\"https:\/\/deveho.com\/es\/productos\/sage-x3-marketplace\/sage-web-scheduling\/\",\"name\":\"Sage Web Scheduling - Deveho\",\"isPartOf\":{\"@id\":\"https:\/\/deveho.com\/#website\"},\"datePublished\":\"2022-03-29T15:05:00+00:00\",\"dateModified\":\"2023-09-28T13:29:10+00:00\",\"breadcrumb\":{\"@id\":\"https:\/\/deveho.com\/es\/productos\/sage-x3-marketplace\/sage-web-scheduling\/#breadcrumb\"},\"inLanguage\":\"es\",\"potentialAction\":[{\"@type\":\"ReadAction\",\"target\":[\"https:\/\/deveho.com\/es\/productos\/sage-x3-marketplace\/sage-web-scheduling\/\"]}]},{\"@type\":\"BreadcrumbList\",\"@id\":\"https:\/\/deveho.com\/es\/productos\/sage-x3-marketplace\/sage-web-scheduling\/#breadcrumb\",\"itemListElement\":[{\"@type\":\"ListItem\",\"position\":1,\"name\":\"Home\",\"item\":\"https:\/\/deveho.com\/es\/\"},{\"@type\":\"ListItem\",\"position\":2,\"name\":\"Productos\",\"item\":\"https:\/\/deveho.com\/es\/productos\/\"},{\"@type\":\"ListItem\",\"position\":3,\"name\":\"Sage X3 Marketplace\",\"item\":\"https:\/\/deveho.com\/es\/productos\/sage-x3-marketplace\/\"},{\"@type\":\"ListItem\",\"position\":4,\"name\":\"Sage Web Scheduling\"}]},{\"@type\":\"WebSite\",\"@id\":\"https:\/\/deveho.com\/#website\",\"url\":\"https:\/\/deveho.com\/\",\"name\":\"Deveho Consulting Group\",\"description\":\"Let\u2019s boost your growth\",\"publisher\":{\"@id\":\"https:\/\/deveho.com\/#organization\"},\"potentialAction\":[{\"@type\":\"SearchAction\",\"target\":{\"@type\":\"EntryPoint\",\"urlTemplate\":\"https:\/\/deveho.com\/?s={search_term_string}\"},\"query-input\":{\"@type\":\"PropertyValueSpecification\",\"valueRequired\":true,\"valueName\":\"search_term_string\"}}],\"inLanguage\":\"es\"},{\"@type\":\"Organization\",\"@id\":\"https:\/\/deveho.com\/#organization\",\"name\":\"Deveho Consulting Group\",\"url\":\"https:\/\/deveho.com\/\",\"logo\":{\"@type\":\"ImageObject\",\"inLanguage\":\"es\",\"@id\":\"https:\/\/deveho.com\/#\/schema\/logo\/image\/\",\"url\":\"https:\/\/deveho.com\/wp-content\/uploads\/2023\/02\/DEVEHO-LOGO-Baseline-COLOR.png\",\"contentUrl\":\"https:\/\/deveho.com\/wp-content\/uploads\/2023\/02\/DEVEHO-LOGO-Baseline-COLOR.png\",\"width\":2251,\"height\":585,\"caption\":\"Deveho Consulting Group\"},\"image\":{\"@id\":\"https:\/\/deveho.com\/#\/schema\/logo\/image\/\"},\"sameAs\":[\"https:\/\/www.facebook.com\/deveho\",\"https:\/\/x.com\/Deveho1\",\"https:\/\/www.linkedin.com\/company\/deveho-consulting\/\"]}]}<\/script>\n<!-- \/ Yoast SEO plugin. -->","yoast_head_json":{"title":"Sage Web Scheduling - Deveho","robots":{"index":"index","follow":"follow","max-snippet":"max-snippet:-1","max-image-preview":"max-image-preview:large","max-video-preview":"max-video-preview:-1"},"canonical":"https:\/\/deveho.com\/es\/productos\/sage-x3-marketplace\/sage-web-scheduling\/","og_locale":"es_ES","og_type":"article","og_title":"Sage Web Scheduling - Deveho","og_description":"Sage X3 Web Scheduling es una completa soluci\u00f3n de programaci\u00f3n basada en la web que garantiza el cumplimiento de las fechas de entrega a la vez que utiliza los recursos de producci\u00f3n disponibles de forma \u00f3ptima y lo m\u00e1s eficiente posible. Web Scheduling sincroniza toda la cadena de producci\u00f3n, desde los pedidos de venta hasta las \u00f3rdenes de producci\u00f3n, identifica las limitaciones de materiales y herramientas y los cuellos de botella.","og_url":"https:\/\/deveho.com\/es\/productos\/sage-x3-marketplace\/sage-web-scheduling\/","og_site_name":"Deveho","article_publisher":"https:\/\/www.facebook.com\/deveho","article_modified_time":"2023-09-28T13:29:10+00:00","twitter_card":"summary_large_image","twitter_site":"@Deveho1","twitter_misc":{"Tiempo de lectura":"2 minutos"},"schema":{"@context":"https:\/\/schema.org","@graph":[{"@type":"WebPage","@id":"https:\/\/deveho.com\/es\/productos\/sage-x3-marketplace\/sage-web-scheduling\/","url":"https:\/\/deveho.com\/es\/productos\/sage-x3-marketplace\/sage-web-scheduling\/","name":"Sage Web Scheduling - Deveho","isPartOf":{"@id":"https:\/\/deveho.com\/#website"},"datePublished":"2022-03-29T15:05:00+00:00","dateModified":"2023-09-28T13:29:10+00:00","breadcrumb":{"@id":"https:\/\/deveho.com\/es\/productos\/sage-x3-marketplace\/sage-web-scheduling\/#breadcrumb"},"inLanguage":"es","potentialAction":[{"@type":"ReadAction","target":["https:\/\/deveho.com\/es\/productos\/sage-x3-marketplace\/sage-web-scheduling\/"]}]},{"@type":"BreadcrumbList","@id":"https:\/\/deveho.com\/es\/productos\/sage-x3-marketplace\/sage-web-scheduling\/#breadcrumb","itemListElement":[{"@type":"ListItem","position":1,"name":"Home","item":"https:\/\/deveho.com\/es\/"},{"@type":"ListItem","position":2,"name":"Productos","item":"https:\/\/deveho.com\/es\/productos\/"},{"@type":"ListItem","position":3,"name":"Sage X3 Marketplace","item":"https:\/\/deveho.com\/es\/productos\/sage-x3-marketplace\/"},{"@type":"ListItem","position":4,"name":"Sage Web Scheduling"}]},{"@type":"WebSite","@id":"https:\/\/deveho.com\/#website","url":"https:\/\/deveho.com\/","name":"Deveho Consulting Group","description":"Let\u2019s boost your growth","publisher":{"@id":"https:\/\/deveho.com\/#organization"},"potentialAction":[{"@type":"SearchAction","target":{"@type":"EntryPoint","urlTemplate":"https:\/\/deveho.com\/?s={search_term_string}"},"query-input":{"@type":"PropertyValueSpecification","valueRequired":true,"valueName":"search_term_string"}}],"inLanguage":"es"},{"@type":"Organization","@id":"https:\/\/deveho.com\/#organization","name":"Deveho Consulting Group","url":"https:\/\/deveho.com\/","logo":{"@type":"ImageObject","inLanguage":"es","@id":"https:\/\/deveho.com\/#\/schema\/logo\/image\/","url":"https:\/\/deveho.com\/wp-content\/uploads\/2023\/02\/DEVEHO-LOGO-Baseline-COLOR.png","contentUrl":"https:\/\/deveho.com\/wp-content\/uploads\/2023\/02\/DEVEHO-LOGO-Baseline-COLOR.png","width":2251,"height":585,"caption":"Deveho Consulting Group"},"image":{"@id":"https:\/\/deveho.com\/#\/schema\/logo\/image\/"},"sameAs":["https:\/\/www.facebook.com\/deveho","https:\/\/x.com\/Deveho1","https:\/\/www.linkedin.com\/company\/deveho-consulting\/"]}]}},"_links":{"self":[{"href":"https:\/\/deveho.com\/es\/wp-json\/wp\/v2\/pages\/9585"}],"collection":[{"href":"https:\/\/deveho.com\/es\/wp-json\/wp\/v2\/pages"}],"about":[{"href":"https:\/\/deveho.com\/es\/wp-json\/wp\/v2\/types\/page"}],"author":[{"embeddable":true,"href":"https:\/\/deveho.com\/es\/wp-json\/wp\/v2\/users\/3"}],"replies":[{"embeddable":true,"href":"https:\/\/deveho.com\/es\/wp-json\/wp\/v2\/comments?post=9585"}],"version-history":[{"count":0,"href":"https:\/\/deveho.com\/es\/wp-json\/wp\/v2\/pages\/9585\/revisions"}],"up":[{"embeddable":true,"href":"https:\/\/deveho.com\/es\/wp-json\/wp\/v2\/pages\/9576"}],"wp:attachment":[{"href":"https:\/\/deveho.com\/es\/wp-json\/wp\/v2\/media?parent=9585"}],"curies":[{"name":"wp","href":"https:\/\/api.w.org\/{rel}","templated":true}]}}