{"id":9622,"date":"2022-03-31T12:05:54","date_gmt":"2022-03-31T12:05:54","guid":{"rendered":"https:\/\/deveho2.sfdbeta.be\/sage-x3-marketplace-isv\/sage-enterprise-intelligence\/"},"modified":"2025-04-14T14:54:19","modified_gmt":"2025-04-14T12:54:19","slug":"sage-enterprise-intelligence","status":"publish","type":"page","link":"https:\/\/deveho.com\/es\/productos\/sage-x3-marketplace\/sage-enterprise-intelligence\/","title":{"rendered":"Sage Enterprise Intelligence"},"content":{"rendered":"<br \/>\n<h2><\/h2>\n<h3>Sage Enterprise Intelligence puede ayudarle<\/h3>\n<h3>\u00bfCu\u00e1les son las ventajas del m\u00f3dulo ERP Business Intelligence?<\/h3>\n<\/p>\n<h3><red><b>Ventajas <\/b><\/red>de Sage Enterprise Intelligence<\/h3>\n<\/p>\n<p><b>F\u00e1cil: Permita a los usuarios analizar y elaborar informes sobre la informaci\u00f3n en modo de autoservicio, proporcion\u00e1ndoles una soluci\u00f3n de Business Intelligence intuitiva y f\u00e1cil de usar<\/b>.<\/p>\n<p><b>R\u00e1pido: Reduzca el tiempo dedicado al an\u00e1lisis y a la elaboraci\u00f3n de informes y permita una toma de decisiones m\u00e1s r\u00e1pida y m\u00e1s fundada en su organizaci\u00f3n, proporcionando a los usuarios un acceso r\u00e1pido a la informaci\u00f3n<\/b>.<\/p>\n<p><b>Completo<\/b>: Obtenga una imagen clara de toda su empresa y desarrolle la colaboraci\u00f3n entre departamentos. La estricta y segura integraci\u00f3n con Sage Business Cloud X3 garantiza la fiabilidad de la informaci\u00f3n de negocio cr\u00edtica, proporciona a los usuarios de negocio una visi\u00f3n coherente de los datos de la empresa en tiempo real, apoya la toma de decisiones coherente y fomenta la mejora continua entre funciones.<\/p>\n<h3><red><b>Caracter\u00edsticas<\/b><\/red> de Sage Enterprise Intelligence<\/h3>\n<\/p>\n<p>Interfaz de usuario intuitiva<\/p>\n<p>Caracter\u00edsticas de m\u00faltiples navegadores<\/p>\n<p>Datos en tiempo real, totalmente integrados con Sage X3<\/p>\n<p>Procesamiento r\u00e1pido de grandes cantidades de datos<\/p>\n<p>KPIs y plantillas listas para usar<\/p>\n<p>Amplia visualizaci\u00f3n de datos (indicadores, mapas, gr\u00e1ficos)<\/p>\n<p>Amplia capacidad de b\u00fasqueda<\/p>\n<p>Funciones de movilidad<\/p>\n<p>Microsoft\u00ae Excel\u00ae Add-In<\/p>\n<p>Integraci\u00f3n con su soluci\u00f3n de gesti\u00f3n empresarial y otras fuentes<\/p>\n<p>An\u00e1lisis listos para compartir<\/p>\n<h3>Sage Enterprise Intelligence cumple con: <\/h3>\n<p><p>Sage Enterprise Intelligence (SEI) es una soluci\u00f3n de inteligencia empresarial y gesti\u00f3n de datos totalmente integrada que ayuda a las organizaciones a tomar decisiones acertadas, basadas en datos en tiempo real. Permite a todos los usuarios acceder a una interfaz sencilla para analyzar los datos y, tratarlos de forma independiente eliminando la necesidad de contar con herramientas distintas, as\u00ed como de conocimientos especializados.<\/p>\n<\/p>\n<p>Sage X3<\/p>\n<p>Sage 100<\/p>\n<p>Sage 200<\/p>\n<p>Sage 500<\/p>\n<p>Sage 300<\/p>\n<p>Sage CRM<\/p>\n<p>Sage XRT<\/p>\n<h2><\/h2>\n<h3>P\u00e1ginas relacionadas<\/h3>\n<\/p>\n<h3><\/h3>\n<\/p>\n<h3><\/h3><\/p>\n","protected":false},"excerpt":{"rendered":"<p>La soluci\u00f3n de BI integrada de Sage Enterprise Intelligence ayuda a sus usuarios a tomar las mejores decisiones m\u00e1s r\u00e1pidamente, con todos los datos relevantes que necesitan.<br \/>\nCon SEI, los datos se extraen, se transforman, se consolidan, se migran y se presentan de forma sencilla, accesible en tiempo real, en modo autoservicio y con unos pocos clics.<br \/>\nErgon\u00f3mica, la soluci\u00f3n SEI favorece la autonom\u00eda del usuario, sin necesidad de conocimientos espec\u00edficos.<\/p>\n","protected":false},"author":3,"featured_media":0,"parent":9576,"menu_order":0,"comment_status":"closed","ping_status":"closed","template":"templates\/template-prod_serv.php","meta":{"_acf_changed":false,"footnotes":""},"class_list":["post-9622","page","type-page","status-publish","hentry"],"acf":[],"yoast_head":"<!-- This site is optimized with the Yoast SEO plugin v23.5 - https:\/\/yoast.com\/wordpress\/plugins\/seo\/ -->\n<title>Sage Enterprise Intelligence - Deveho<\/title>\n<meta name=\"robots\" content=\"index, follow, max-snippet:-1, max-image-preview:large, max-video-preview:-1\" \/>\n<link rel=\"canonical\" href=\"https:\/\/deveho.com\/es\/productos\/sage-x3-marketplace\/sage-enterprise-intelligence\/\" \/>\n<meta property=\"og:locale\" content=\"es_ES\" \/>\n<meta property=\"og:type\" content=\"article\" \/>\n<meta property=\"og:title\" content=\"Sage Enterprise Intelligence - Deveho\" \/>\n<meta property=\"og:description\" content=\"La soluci\u00f3n de BI integrada de Sage Enterprise Intelligence ayuda a sus usuarios a tomar las mejores decisiones m\u00e1s r\u00e1pidamente, con todos los datos relevantes que necesitan. Con SEI, los datos se extraen, se transforman, se consolidan, se migran y se presentan de forma sencilla, accesible en tiempo real, en modo autoservicio y con unos pocos clics. Ergon\u00f3mica, la soluci\u00f3n SEI favorece la autonom\u00eda del usuario, sin necesidad de conocimientos espec\u00edficos.\" \/>\n<meta property=\"og:url\" content=\"https:\/\/deveho.com\/es\/productos\/sage-x3-marketplace\/sage-enterprise-intelligence\/\" \/>\n<meta property=\"og:site_name\" content=\"Deveho\" \/>\n<meta property=\"article:publisher\" content=\"https:\/\/www.facebook.com\/deveho\" \/>\n<meta property=\"article:modified_time\" content=\"2025-04-14T12:54:19+00:00\" \/>\n<meta name=\"twitter:card\" content=\"summary_large_image\" \/>\n<meta name=\"twitter:site\" content=\"@Deveho1\" \/>\n<meta name=\"twitter:label1\" content=\"Tiempo de lectura\" \/>\n\t<meta name=\"twitter:data1\" content=\"2 minutos\" \/>\n<script type=\"application\/ld+json\" class=\"yoast-schema-graph\">{\"@context\":\"https:\/\/schema.org\",\"@graph\":[{\"@type\":\"WebPage\",\"@id\":\"https:\/\/deveho.com\/es\/productos\/sage-x3-marketplace\/sage-enterprise-intelligence\/\",\"url\":\"https:\/\/deveho.com\/es\/productos\/sage-x3-marketplace\/sage-enterprise-intelligence\/\",\"name\":\"Sage Enterprise Intelligence - Deveho\",\"isPartOf\":{\"@id\":\"https:\/\/deveho.com\/#website\"},\"datePublished\":\"2022-03-31T12:05:54+00:00\",\"dateModified\":\"2025-04-14T12:54:19+00:00\",\"breadcrumb\":{\"@id\":\"https:\/\/deveho.com\/es\/productos\/sage-x3-marketplace\/sage-enterprise-intelligence\/#breadcrumb\"},\"inLanguage\":\"es\",\"potentialAction\":[{\"@type\":\"ReadAction\",\"target\":[\"https:\/\/deveho.com\/es\/productos\/sage-x3-marketplace\/sage-enterprise-intelligence\/\"]}]},{\"@type\":\"BreadcrumbList\",\"@id\":\"https:\/\/deveho.com\/es\/productos\/sage-x3-marketplace\/sage-enterprise-intelligence\/#breadcrumb\",\"itemListElement\":[{\"@type\":\"ListItem\",\"position\":1,\"name\":\"Home\",\"item\":\"https:\/\/deveho.com\/es\/\"},{\"@type\":\"ListItem\",\"position\":2,\"name\":\"Productos\",\"item\":\"https:\/\/deveho.com\/es\/productos\/\"},{\"@type\":\"ListItem\",\"position\":3,\"name\":\"Sage X3 Marketplace\",\"item\":\"https:\/\/deveho.com\/es\/productos\/sage-x3-marketplace\/\"},{\"@type\":\"ListItem\",\"position\":4,\"name\":\"Sage Enterprise Intelligence\"}]},{\"@type\":\"WebSite\",\"@id\":\"https:\/\/deveho.com\/#website\",\"url\":\"https:\/\/deveho.com\/\",\"name\":\"Deveho Consulting Group\",\"description\":\"Let\u2019s boost your growth\",\"publisher\":{\"@id\":\"https:\/\/deveho.com\/#organization\"},\"potentialAction\":[{\"@type\":\"SearchAction\",\"target\":{\"@type\":\"EntryPoint\",\"urlTemplate\":\"https:\/\/deveho.com\/?s={search_term_string}\"},\"query-input\":{\"@type\":\"PropertyValueSpecification\",\"valueRequired\":true,\"valueName\":\"search_term_string\"}}],\"inLanguage\":\"es\"},{\"@type\":\"Organization\",\"@id\":\"https:\/\/deveho.com\/#organization\",\"name\":\"Deveho Consulting Group\",\"url\":\"https:\/\/deveho.com\/\",\"logo\":{\"@type\":\"ImageObject\",\"inLanguage\":\"es\",\"@id\":\"https:\/\/deveho.com\/#\/schema\/logo\/image\/\",\"url\":\"https:\/\/deveho.com\/wp-content\/uploads\/2023\/02\/DEVEHO-LOGO-Baseline-COLOR.png\",\"contentUrl\":\"https:\/\/deveho.com\/wp-content\/uploads\/2023\/02\/DEVEHO-LOGO-Baseline-COLOR.png\",\"width\":2251,\"height\":585,\"caption\":\"Deveho Consulting Group\"},\"image\":{\"@id\":\"https:\/\/deveho.com\/#\/schema\/logo\/image\/\"},\"sameAs\":[\"https:\/\/www.facebook.com\/deveho\",\"https:\/\/x.com\/Deveho1\",\"https:\/\/www.linkedin.com\/company\/deveho-consulting\/\"]}]}<\/script>\n<!-- \/ Yoast SEO plugin. -->","yoast_head_json":{"title":"Sage Enterprise Intelligence - Deveho","robots":{"index":"index","follow":"follow","max-snippet":"max-snippet:-1","max-image-preview":"max-image-preview:large","max-video-preview":"max-video-preview:-1"},"canonical":"https:\/\/deveho.com\/es\/productos\/sage-x3-marketplace\/sage-enterprise-intelligence\/","og_locale":"es_ES","og_type":"article","og_title":"Sage Enterprise Intelligence - Deveho","og_description":"La soluci\u00f3n de BI integrada de Sage Enterprise Intelligence ayuda a sus usuarios a tomar las mejores decisiones m\u00e1s r\u00e1pidamente, con todos los datos relevantes que necesitan. Con SEI, los datos se extraen, se transforman, se consolidan, se migran y se presentan de forma sencilla, accesible en tiempo real, en modo autoservicio y con unos pocos clics. Ergon\u00f3mica, la soluci\u00f3n SEI favorece la autonom\u00eda del usuario, sin necesidad de conocimientos espec\u00edficos.","og_url":"https:\/\/deveho.com\/es\/productos\/sage-x3-marketplace\/sage-enterprise-intelligence\/","og_site_name":"Deveho","article_publisher":"https:\/\/www.facebook.com\/deveho","article_modified_time":"2025-04-14T12:54:19+00:00","twitter_card":"summary_large_image","twitter_site":"@Deveho1","twitter_misc":{"Tiempo de lectura":"2 minutos"},"schema":{"@context":"https:\/\/schema.org","@graph":[{"@type":"WebPage","@id":"https:\/\/deveho.com\/es\/productos\/sage-x3-marketplace\/sage-enterprise-intelligence\/","url":"https:\/\/deveho.com\/es\/productos\/sage-x3-marketplace\/sage-enterprise-intelligence\/","name":"Sage Enterprise Intelligence - Deveho","isPartOf":{"@id":"https:\/\/deveho.com\/#website"},"datePublished":"2022-03-31T12:05:54+00:00","dateModified":"2025-04-14T12:54:19+00:00","breadcrumb":{"@id":"https:\/\/deveho.com\/es\/productos\/sage-x3-marketplace\/sage-enterprise-intelligence\/#breadcrumb"},"inLanguage":"es","potentialAction":[{"@type":"ReadAction","target":["https:\/\/deveho.com\/es\/productos\/sage-x3-marketplace\/sage-enterprise-intelligence\/"]}]},{"@type":"BreadcrumbList","@id":"https:\/\/deveho.com\/es\/productos\/sage-x3-marketplace\/sage-enterprise-intelligence\/#breadcrumb","itemListElement":[{"@type":"ListItem","position":1,"name":"Home","item":"https:\/\/deveho.com\/es\/"},{"@type":"ListItem","position":2,"name":"Productos","item":"https:\/\/deveho.com\/es\/productos\/"},{"@type":"ListItem","position":3,"name":"Sage X3 Marketplace","item":"https:\/\/deveho.com\/es\/productos\/sage-x3-marketplace\/"},{"@type":"ListItem","position":4,"name":"Sage Enterprise Intelligence"}]},{"@type":"WebSite","@id":"https:\/\/deveho.com\/#website","url":"https:\/\/deveho.com\/","name":"Deveho Consulting Group","description":"Let\u2019s boost your growth","publisher":{"@id":"https:\/\/deveho.com\/#organization"},"potentialAction":[{"@type":"SearchAction","target":{"@type":"EntryPoint","urlTemplate":"https:\/\/deveho.com\/?s={search_term_string}"},"query-input":{"@type":"PropertyValueSpecification","valueRequired":true,"valueName":"search_term_string"}}],"inLanguage":"es"},{"@type":"Organization","@id":"https:\/\/deveho.com\/#organization","name":"Deveho Consulting Group","url":"https:\/\/deveho.com\/","logo":{"@type":"ImageObject","inLanguage":"es","@id":"https:\/\/deveho.com\/#\/schema\/logo\/image\/","url":"https:\/\/deveho.com\/wp-content\/uploads\/2023\/02\/DEVEHO-LOGO-Baseline-COLOR.png","contentUrl":"https:\/\/deveho.com\/wp-content\/uploads\/2023\/02\/DEVEHO-LOGO-Baseline-COLOR.png","width":2251,"height":585,"caption":"Deveho Consulting Group"},"image":{"@id":"https:\/\/deveho.com\/#\/schema\/logo\/image\/"},"sameAs":["https:\/\/www.facebook.com\/deveho","https:\/\/x.com\/Deveho1","https:\/\/www.linkedin.com\/company\/deveho-consulting\/"]}]}},"_links":{"self":[{"href":"https:\/\/deveho.com\/es\/wp-json\/wp\/v2\/pages\/9622"}],"collection":[{"href":"https:\/\/deveho.com\/es\/wp-json\/wp\/v2\/pages"}],"about":[{"href":"https:\/\/deveho.com\/es\/wp-json\/wp\/v2\/types\/page"}],"author":[{"embeddable":true,"href":"https:\/\/deveho.com\/es\/wp-json\/wp\/v2\/users\/3"}],"replies":[{"embeddable":true,"href":"https:\/\/deveho.com\/es\/wp-json\/wp\/v2\/comments?post=9622"}],"version-history":[{"count":8,"href":"https:\/\/deveho.com\/es\/wp-json\/wp\/v2\/pages\/9622\/revisions"}],"predecessor-version":[{"id":39915,"href":"https:\/\/deveho.com\/es\/wp-json\/wp\/v2\/pages\/9622\/revisions\/39915"}],"up":[{"embeddable":true,"href":"https:\/\/deveho.com\/es\/wp-json\/wp\/v2\/pages\/9576"}],"wp:attachment":[{"href":"https:\/\/deveho.com\/es\/wp-json\/wp\/v2\/media?parent=9622"}],"curies":[{"name":"wp","href":"https:\/\/api.w.org\/{rel}","templated":true}]}}