{"id":9626,"date":"2022-03-31T16:20:35","date_gmt":"2022-03-31T16:20:35","guid":{"rendered":"https:\/\/deveho2.sfdbeta.be\/sage-x3-marketplace-isv\/datalinx-computer-systems\/"},"modified":"2022-08-04T09:32:13","modified_gmt":"2022-08-04T09:32:13","slug":"datalinx-computer-systems","status":"publish","type":"page","link":"https:\/\/deveho.com\/es\/productos\/sage-x3-marketplace\/datalinx-computer-systems\/","title":{"rendered":"DATALINX Computer Systems"},"content":{"rendered":"<br \/>\n<h2>Dise\u00f1ado para m\u00faltiples sectores verticales como la fabricaci\u00f3n, el comercio minorista, la distribuci\u00f3n y el sector farmac\u00e9utico, nuestros sistemas se implantan en la empresa y se integran en su sistema de contabilidad Sage con los operarios del almac\u00e9n conectados de forma inal\u00e1mbrica al sistema central de Sage, utilizando el \u00faltimo equipamiento inal\u00e1mbrico y las pantallas dedicadas al gestor del almac\u00e9n.<\/h2>\n<h3>Datalinx Warehouse Manager X3<\/h3>\n<h3>Integraci\u00f3n con Sage: Cuando se instala la aplicaci\u00f3n Datalinx Warehouse Manager, de acuerdo con las directrices de Sage ISV Developer, se aplican una serie de campos de datos adicionales asociados a los productos y, por ejemplo, a las ubicaciones, junto con una l\u00f3gica de negocio adicional que permite al sistema Datalinx Warehouse Manager proporcionar la funcionalidad que los usuarios del almac\u00e9n requieren dentro del sistema principal. <\/h3>\n<\/p>\n<p>Datalinx es el \u00fanico editor mundial de SAGE especializado exclusivamente en c\u00f3digos de barras y gesti\u00f3n de almacenes, con soluciones certificadas y acreditadas por SAGE. Esto significa que entendemos c\u00f3mo funciona su sistema SAGE, incluyendo su configuraci\u00f3n y modificaci\u00f3n, y utilizamos este conocimiento para garantizar que nuestros productos de c\u00f3digo de barras y control de existencias de SAGE se integren plenamente y funcionen en sinton\u00eda con el software de SAGE.<\/p>\n<h2>Visiten nuestro blog para acceder a art\u00edculos e informaci\u00f3n enfocados a los temas clave de su negocio.<\/h2>\n<h3><\/h3>\n<\/p>\n<h3>Perfiles relacionados<\/h3>\n<p>Descubra sus espacios de asesoramiento, dise\u00f1ados seg\u00fan su perfil, para ayudarle y acompa\u00f1arle en el desarrollo de su negocio.<\/p>\n<h3>Servicios relacionados<\/h3>\n<p>Inf\u00f3rmese sobre los servicios relacionados, que pueden ayudarle y acompa\u00f1arle en el desarrollo de su negocio.<\/p>\n","protected":false},"excerpt":{"rendered":"<p>Datalinx Warehouse Manager ofrece una soluci\u00f3n completa integrada en su sistema de contabilidad SAGE, con una amplia funcionalidad para gestionar el proceso comercial desde el momento en que llega el producto, pasando por todos los movimientos transaccionales hasta el embalaje y la expedici\u00f3n.<\/p>\n","protected":false},"author":6,"featured_media":0,"parent":9576,"menu_order":0,"comment_status":"closed","ping_status":"closed","template":"templates\/template-prod_serv.php","meta":{"_acf_changed":false,"footnotes":""},"class_list":["post-9626","page","type-page","status-publish","hentry"],"acf":[],"yoast_head":"<!-- This site is optimized with the Yoast SEO plugin v23.5 - https:\/\/yoast.com\/wordpress\/plugins\/seo\/ -->\n<title>DATALINX Computer Systems - Deveho<\/title>\n<meta name=\"robots\" content=\"index, follow, max-snippet:-1, max-image-preview:large, max-video-preview:-1\" \/>\n<link rel=\"canonical\" href=\"https:\/\/deveho.com\/es\/productos\/sage-x3-marketplace\/datalinx-computer-systems\/\" \/>\n<meta property=\"og:locale\" content=\"es_ES\" \/>\n<meta property=\"og:type\" content=\"article\" \/>\n<meta property=\"og:title\" content=\"DATALINX Computer Systems - Deveho\" \/>\n<meta property=\"og:description\" content=\"Datalinx Warehouse Manager ofrece una soluci\u00f3n completa integrada en su sistema de contabilidad SAGE, con una amplia funcionalidad para gestionar el proceso comercial desde el momento en que llega el producto, pasando por todos los movimientos transaccionales hasta el embalaje y la expedici\u00f3n.\" \/>\n<meta property=\"og:url\" content=\"https:\/\/deveho.com\/es\/productos\/sage-x3-marketplace\/datalinx-computer-systems\/\" \/>\n<meta property=\"og:site_name\" content=\"Deveho\" \/>\n<meta property=\"article:publisher\" content=\"https:\/\/www.facebook.com\/deveho\" \/>\n<meta property=\"article:modified_time\" content=\"2022-08-04T09:32:13+00:00\" \/>\n<meta name=\"twitter:card\" content=\"summary_large_image\" \/>\n<meta name=\"twitter:site\" content=\"@Deveho1\" \/>\n<meta name=\"twitter:label1\" content=\"Tiempo de lectura\" \/>\n\t<meta name=\"twitter:data1\" content=\"1 minuto\" \/>\n<script type=\"application\/ld+json\" class=\"yoast-schema-graph\">{\"@context\":\"https:\/\/schema.org\",\"@graph\":[{\"@type\":\"WebPage\",\"@id\":\"https:\/\/deveho.com\/es\/productos\/sage-x3-marketplace\/datalinx-computer-systems\/\",\"url\":\"https:\/\/deveho.com\/es\/productos\/sage-x3-marketplace\/datalinx-computer-systems\/\",\"name\":\"DATALINX Computer Systems - Deveho\",\"isPartOf\":{\"@id\":\"https:\/\/deveho.com\/#website\"},\"datePublished\":\"2022-03-31T16:20:35+00:00\",\"dateModified\":\"2022-08-04T09:32:13+00:00\",\"breadcrumb\":{\"@id\":\"https:\/\/deveho.com\/es\/productos\/sage-x3-marketplace\/datalinx-computer-systems\/#breadcrumb\"},\"inLanguage\":\"es\",\"potentialAction\":[{\"@type\":\"ReadAction\",\"target\":[\"https:\/\/deveho.com\/es\/productos\/sage-x3-marketplace\/datalinx-computer-systems\/\"]}]},{\"@type\":\"BreadcrumbList\",\"@id\":\"https:\/\/deveho.com\/es\/productos\/sage-x3-marketplace\/datalinx-computer-systems\/#breadcrumb\",\"itemListElement\":[{\"@type\":\"ListItem\",\"position\":1,\"name\":\"Home\",\"item\":\"https:\/\/deveho.com\/es\/\"},{\"@type\":\"ListItem\",\"position\":2,\"name\":\"Productos\",\"item\":\"https:\/\/deveho.com\/es\/productos\/\"},{\"@type\":\"ListItem\",\"position\":3,\"name\":\"Sage X3 Marketplace\",\"item\":\"https:\/\/deveho.com\/es\/productos\/sage-x3-marketplace\/\"},{\"@type\":\"ListItem\",\"position\":4,\"name\":\"DATALINX Computer Systems\"}]},{\"@type\":\"WebSite\",\"@id\":\"https:\/\/deveho.com\/#website\",\"url\":\"https:\/\/deveho.com\/\",\"name\":\"Deveho Consulting Group\",\"description\":\"Let\u2019s boost your growth\",\"publisher\":{\"@id\":\"https:\/\/deveho.com\/#organization\"},\"potentialAction\":[{\"@type\":\"SearchAction\",\"target\":{\"@type\":\"EntryPoint\",\"urlTemplate\":\"https:\/\/deveho.com\/?s={search_term_string}\"},\"query-input\":{\"@type\":\"PropertyValueSpecification\",\"valueRequired\":true,\"valueName\":\"search_term_string\"}}],\"inLanguage\":\"es\"},{\"@type\":\"Organization\",\"@id\":\"https:\/\/deveho.com\/#organization\",\"name\":\"Deveho Consulting Group\",\"url\":\"https:\/\/deveho.com\/\",\"logo\":{\"@type\":\"ImageObject\",\"inLanguage\":\"es\",\"@id\":\"https:\/\/deveho.com\/#\/schema\/logo\/image\/\",\"url\":\"https:\/\/deveho.com\/wp-content\/uploads\/2023\/02\/DEVEHO-LOGO-Baseline-COLOR.png\",\"contentUrl\":\"https:\/\/deveho.com\/wp-content\/uploads\/2023\/02\/DEVEHO-LOGO-Baseline-COLOR.png\",\"width\":2251,\"height\":585,\"caption\":\"Deveho Consulting Group\"},\"image\":{\"@id\":\"https:\/\/deveho.com\/#\/schema\/logo\/image\/\"},\"sameAs\":[\"https:\/\/www.facebook.com\/deveho\",\"https:\/\/x.com\/Deveho1\",\"https:\/\/www.linkedin.com\/company\/deveho-consulting\/\"]}]}<\/script>\n<!-- \/ Yoast SEO plugin. -->","yoast_head_json":{"title":"DATALINX Computer Systems - Deveho","robots":{"index":"index","follow":"follow","max-snippet":"max-snippet:-1","max-image-preview":"max-image-preview:large","max-video-preview":"max-video-preview:-1"},"canonical":"https:\/\/deveho.com\/es\/productos\/sage-x3-marketplace\/datalinx-computer-systems\/","og_locale":"es_ES","og_type":"article","og_title":"DATALINX Computer Systems - Deveho","og_description":"Datalinx Warehouse Manager ofrece una soluci\u00f3n completa integrada en su sistema de contabilidad SAGE, con una amplia funcionalidad para gestionar el proceso comercial desde el momento en que llega el producto, pasando por todos los movimientos transaccionales hasta el embalaje y la expedici\u00f3n.","og_url":"https:\/\/deveho.com\/es\/productos\/sage-x3-marketplace\/datalinx-computer-systems\/","og_site_name":"Deveho","article_publisher":"https:\/\/www.facebook.com\/deveho","article_modified_time":"2022-08-04T09:32:13+00:00","twitter_card":"summary_large_image","twitter_site":"@Deveho1","twitter_misc":{"Tiempo de lectura":"1 minuto"},"schema":{"@context":"https:\/\/schema.org","@graph":[{"@type":"WebPage","@id":"https:\/\/deveho.com\/es\/productos\/sage-x3-marketplace\/datalinx-computer-systems\/","url":"https:\/\/deveho.com\/es\/productos\/sage-x3-marketplace\/datalinx-computer-systems\/","name":"DATALINX Computer Systems - Deveho","isPartOf":{"@id":"https:\/\/deveho.com\/#website"},"datePublished":"2022-03-31T16:20:35+00:00","dateModified":"2022-08-04T09:32:13+00:00","breadcrumb":{"@id":"https:\/\/deveho.com\/es\/productos\/sage-x3-marketplace\/datalinx-computer-systems\/#breadcrumb"},"inLanguage":"es","potentialAction":[{"@type":"ReadAction","target":["https:\/\/deveho.com\/es\/productos\/sage-x3-marketplace\/datalinx-computer-systems\/"]}]},{"@type":"BreadcrumbList","@id":"https:\/\/deveho.com\/es\/productos\/sage-x3-marketplace\/datalinx-computer-systems\/#breadcrumb","itemListElement":[{"@type":"ListItem","position":1,"name":"Home","item":"https:\/\/deveho.com\/es\/"},{"@type":"ListItem","position":2,"name":"Productos","item":"https:\/\/deveho.com\/es\/productos\/"},{"@type":"ListItem","position":3,"name":"Sage X3 Marketplace","item":"https:\/\/deveho.com\/es\/productos\/sage-x3-marketplace\/"},{"@type":"ListItem","position":4,"name":"DATALINX Computer Systems"}]},{"@type":"WebSite","@id":"https:\/\/deveho.com\/#website","url":"https:\/\/deveho.com\/","name":"Deveho Consulting Group","description":"Let\u2019s boost your growth","publisher":{"@id":"https:\/\/deveho.com\/#organization"},"potentialAction":[{"@type":"SearchAction","target":{"@type":"EntryPoint","urlTemplate":"https:\/\/deveho.com\/?s={search_term_string}"},"query-input":{"@type":"PropertyValueSpecification","valueRequired":true,"valueName":"search_term_string"}}],"inLanguage":"es"},{"@type":"Organization","@id":"https:\/\/deveho.com\/#organization","name":"Deveho Consulting Group","url":"https:\/\/deveho.com\/","logo":{"@type":"ImageObject","inLanguage":"es","@id":"https:\/\/deveho.com\/#\/schema\/logo\/image\/","url":"https:\/\/deveho.com\/wp-content\/uploads\/2023\/02\/DEVEHO-LOGO-Baseline-COLOR.png","contentUrl":"https:\/\/deveho.com\/wp-content\/uploads\/2023\/02\/DEVEHO-LOGO-Baseline-COLOR.png","width":2251,"height":585,"caption":"Deveho Consulting Group"},"image":{"@id":"https:\/\/deveho.com\/#\/schema\/logo\/image\/"},"sameAs":["https:\/\/www.facebook.com\/deveho","https:\/\/x.com\/Deveho1","https:\/\/www.linkedin.com\/company\/deveho-consulting\/"]}]}},"_links":{"self":[{"href":"https:\/\/deveho.com\/es\/wp-json\/wp\/v2\/pages\/9626"}],"collection":[{"href":"https:\/\/deveho.com\/es\/wp-json\/wp\/v2\/pages"}],"about":[{"href":"https:\/\/deveho.com\/es\/wp-json\/wp\/v2\/types\/page"}],"author":[{"embeddable":true,"href":"https:\/\/deveho.com\/es\/wp-json\/wp\/v2\/users\/6"}],"replies":[{"embeddable":true,"href":"https:\/\/deveho.com\/es\/wp-json\/wp\/v2\/comments?post=9626"}],"version-history":[{"count":0,"href":"https:\/\/deveho.com\/es\/wp-json\/wp\/v2\/pages\/9626\/revisions"}],"up":[{"embeddable":true,"href":"https:\/\/deveho.com\/es\/wp-json\/wp\/v2\/pages\/9576"}],"wp:attachment":[{"href":"https:\/\/deveho.com\/es\/wp-json\/wp\/v2\/media?parent=9626"}],"curies":[{"name":"wp","href":"https:\/\/api.w.org\/{rel}","templated":true}]}}