{"id":10247,"date":"2022-05-14T07:15:21","date_gmt":"2022-05-14T07:15:21","guid":{"rendered":"https:\/\/deveho2.sfdbeta.be\/sage-frp-1000\/"},"modified":"2025-05-06T16:43:52","modified_gmt":"2025-05-06T14:43:52","slug":"sage-frp-1000","status":"publish","type":"page","link":"https:\/\/deveho.com\/fr\/produits\/sage-frp-1000\/","title":{"rendered":"Sage FRP 1000"},"content":{"rendered":"<br \/>\n<h2>Choisissez l&rsquo;outil de gestion financi\u00e8re qui correspond \u00e0 vos besoins. <\/h2>\n<h3>Une solution unique pour le management de la complexit\u00e9<\/h3>\n<p><p>Tous les outils du directeur financier regroup\u00e9s au sein d&#8217;un outil unique : comptabilit\u00e9, processus op\u00e9rationnels, gestion budg\u00e9taire, etc. En plus, Sage FRP 1000 est modulaire : vous y s\u00e9lectionnez ce qui vous convient et faites \u00e9voluer votre solution en fonction des besoins de votre entreprise.<\/p>\n<\/p>\n<h3>Adapt\u00e9 \u00e0 une gestion pluri-entreprises<\/h3>\n<p><p>Gr\u00e2ce \u00e0 sa base de donn\u00e9es unique, Sage FRP 1000 vous fournit : agr\u00e9gation des donn\u00e9es facile et rapide, harmonisation &amp; protection du r\u00e9f\u00e9rentiel, ainsi que gestion intragroupe native.<\/p>\n<\/p>\n<h3>Une plateforme technique ouverte<\/h3>\n<p><p>Interconnect\u00e9e avec tous types d&#8217;applications, disponible sur le cloud ou sur site, Sage FRP 1000 est une solution pr\u00eate-\u00e0-l&#8217;emploi qui se d\u00e9ploie rapidement et s&#8217;adapte parfaitement \u00e0 votre entreprise.<\/p>\n<\/p>\n<h3>G\u00e9rez vos op\u00e9rations commerciales : achats, ventes, stocks <\/h3>\n<p><p>La soluton a une large couverture fonctionnelle qui r\u00e9pond \u00e0 tous les besoins g\u00e9n\u00e9raux et comptables auxiliaires, analytiques et budg\u00e9taires, de la saisie des entr\u00e9es comptables jusqu&#8217;\u00e0 la gestion automatis\u00e9e des paiements.<\/p>\n<\/p>\n<h2>FRP 1000 par Sage<\/h2>\n<h3><\/h3>\n<h3>Gestion comptable<\/h3>\n<\/p>\n<h2>FRP 1000 par Sage<\/h2>\n<h3><\/h3>\n<h3>Flux financiers<\/h3>\n<\/p>\n<h2>FRP 1000 par Sage<\/h2>\n<h3><\/h3>\n<h3>Processus op\u00e9rationnels<\/h3>\n<\/p>\n<h2><\/h2>\n<h3>Pages Li\u00e9es<\/h3>\n<\/p>\n<h3><\/h3>\n<\/p>\n<h3><\/h3><\/p>\n","protected":false},"excerpt":{"rendered":"<p>FRP 1000 Cloud par Sage est une suite financi\u00e8re int\u00e9gr\u00e9e bas\u00e9e sur une plateforme collaborative et productive qui permet des rapports sur-mesure et une couverture fonctionnelle experte. Avec Sage FRP 1000, b\u00e9n\u00e9ficiez d&rsquo;une solution de gestion financi\u00e8re vous permettant un meilleur contr\u00f4le de votre performance financi\u00e8re comme des risques et co\u00fbts associ\u00e9s.<br \/>\nLe progiciel Sage FRP 1000 dispose d&rsquo;une riche couverture fonctionnelle avec des fonctionnalit\u00e9s expertes pour la gestion financi\u00e8re avanc\u00e9 de vos divers sites. <\/p>\n","protected":false},"author":8,"featured_media":0,"parent":10307,"menu_order":0,"comment_status":"closed","ping_status":"closed","template":"templates\/template-prod_serv.php","meta":{"_acf_changed":false,"footnotes":""},"class_list":["post-10247","page","type-page","status-publish","hentry"],"acf":[],"yoast_head":"<!-- This site is optimized with the Yoast SEO plugin v23.5 - https:\/\/yoast.com\/wordpress\/plugins\/seo\/ -->\n<title>Sage FRP 1000 - Deveho<\/title>\n<meta name=\"robots\" content=\"index, follow, max-snippet:-1, max-image-preview:large, max-video-preview:-1\" \/>\n<link rel=\"canonical\" href=\"https:\/\/deveho.com\/fr\/produits\/sage-frp-1000\/\" \/>\n<meta property=\"og:locale\" content=\"fr_FR\" \/>\n<meta property=\"og:type\" content=\"article\" \/>\n<meta property=\"og:title\" content=\"Sage FRP 1000 - Deveho\" \/>\n<meta property=\"og:description\" content=\"FRP 1000 Cloud par Sage est une suite financi\u00e8re int\u00e9gr\u00e9e bas\u00e9e sur une plateforme collaborative et productive qui permet des rapports sur-mesure et une couverture fonctionnelle experte. Avec Sage FRP 1000, b\u00e9n\u00e9ficiez d&#039;une solution de gestion financi\u00e8re vous permettant un meilleur contr\u00f4le de votre performance financi\u00e8re comme des risques et co\u00fbts associ\u00e9s.  Le progiciel Sage FRP 1000 dispose d&#039;une riche couverture fonctionnelle avec des fonctionnalit\u00e9s expertes pour la gestion financi\u00e8re avanc\u00e9 de vos divers sites.\" \/>\n<meta property=\"og:url\" content=\"https:\/\/deveho.com\/fr\/produits\/sage-frp-1000\/\" \/>\n<meta property=\"og:site_name\" content=\"Deveho\" \/>\n<meta property=\"article:publisher\" content=\"https:\/\/www.facebook.com\/deveho\" \/>\n<meta property=\"article:modified_time\" content=\"2025-05-06T14:43:52+00:00\" \/>\n<meta name=\"twitter:card\" content=\"summary_large_image\" \/>\n<meta name=\"twitter:site\" content=\"@Deveho1\" \/>\n<meta name=\"twitter:label1\" content=\"Dur\u00e9e de lecture estim\u00e9e\" \/>\n\t<meta name=\"twitter:data1\" content=\"1 minute\" \/>\n<script type=\"application\/ld+json\" class=\"yoast-schema-graph\">{\"@context\":\"https:\/\/schema.org\",\"@graph\":[{\"@type\":\"WebPage\",\"@id\":\"https:\/\/deveho.com\/fr\/produits\/sage-frp-1000\/\",\"url\":\"https:\/\/deveho.com\/fr\/produits\/sage-frp-1000\/\",\"name\":\"Sage FRP 1000 - Deveho\",\"isPartOf\":{\"@id\":\"https:\/\/deveho.com\/#website\"},\"datePublished\":\"2022-05-14T07:15:21+00:00\",\"dateModified\":\"2025-05-06T14:43:52+00:00\",\"breadcrumb\":{\"@id\":\"https:\/\/deveho.com\/fr\/produits\/sage-frp-1000\/#breadcrumb\"},\"inLanguage\":\"fr-FR\",\"potentialAction\":[{\"@type\":\"ReadAction\",\"target\":[\"https:\/\/deveho.com\/fr\/produits\/sage-frp-1000\/\"]}]},{\"@type\":\"BreadcrumbList\",\"@id\":\"https:\/\/deveho.com\/fr\/produits\/sage-frp-1000\/#breadcrumb\",\"itemListElement\":[{\"@type\":\"ListItem\",\"position\":1,\"name\":\"Home\",\"item\":\"https:\/\/deveho.com\/fr\/\"},{\"@type\":\"ListItem\",\"position\":2,\"name\":\"Produits\",\"item\":\"https:\/\/deveho.com\/fr\/produits\/\"},{\"@type\":\"ListItem\",\"position\":3,\"name\":\"Sage FRP 1000\"}]},{\"@type\":\"WebSite\",\"@id\":\"https:\/\/deveho.com\/#website\",\"url\":\"https:\/\/deveho.com\/\",\"name\":\"Deveho Consulting Group\",\"description\":\"Let\u2019s boost your growth\",\"publisher\":{\"@id\":\"https:\/\/deveho.com\/#organization\"},\"potentialAction\":[{\"@type\":\"SearchAction\",\"target\":{\"@type\":\"EntryPoint\",\"urlTemplate\":\"https:\/\/deveho.com\/?s={search_term_string}\"},\"query-input\":{\"@type\":\"PropertyValueSpecification\",\"valueRequired\":true,\"valueName\":\"search_term_string\"}}],\"inLanguage\":\"fr-FR\"},{\"@type\":\"Organization\",\"@id\":\"https:\/\/deveho.com\/#organization\",\"name\":\"Deveho Consulting Group\",\"url\":\"https:\/\/deveho.com\/\",\"logo\":{\"@type\":\"ImageObject\",\"inLanguage\":\"fr-FR\",\"@id\":\"https:\/\/deveho.com\/#\/schema\/logo\/image\/\",\"url\":\"https:\/\/deveho.com\/wp-content\/uploads\/2023\/02\/DEVEHO-LOGO-Baseline-COLOR.png\",\"contentUrl\":\"https:\/\/deveho.com\/wp-content\/uploads\/2023\/02\/DEVEHO-LOGO-Baseline-COLOR.png\",\"width\":2251,\"height\":585,\"caption\":\"Deveho Consulting Group\"},\"image\":{\"@id\":\"https:\/\/deveho.com\/#\/schema\/logo\/image\/\"},\"sameAs\":[\"https:\/\/www.facebook.com\/deveho\",\"https:\/\/x.com\/Deveho1\",\"https:\/\/www.linkedin.com\/company\/deveho-consulting\/\"]}]}<\/script>\n<!-- \/ Yoast SEO plugin. -->","yoast_head_json":{"title":"Sage FRP 1000 - Deveho","robots":{"index":"index","follow":"follow","max-snippet":"max-snippet:-1","max-image-preview":"max-image-preview:large","max-video-preview":"max-video-preview:-1"},"canonical":"https:\/\/deveho.com\/fr\/produits\/sage-frp-1000\/","og_locale":"fr_FR","og_type":"article","og_title":"Sage FRP 1000 - Deveho","og_description":"FRP 1000 Cloud par Sage est une suite financi\u00e8re int\u00e9gr\u00e9e bas\u00e9e sur une plateforme collaborative et productive qui permet des rapports sur-mesure et une couverture fonctionnelle experte. Avec Sage FRP 1000, b\u00e9n\u00e9ficiez d'une solution de gestion financi\u00e8re vous permettant un meilleur contr\u00f4le de votre performance financi\u00e8re comme des risques et co\u00fbts associ\u00e9s.  Le progiciel Sage FRP 1000 dispose d'une riche couverture fonctionnelle avec des fonctionnalit\u00e9s expertes pour la gestion financi\u00e8re avanc\u00e9 de vos divers sites.","og_url":"https:\/\/deveho.com\/fr\/produits\/sage-frp-1000\/","og_site_name":"Deveho","article_publisher":"https:\/\/www.facebook.com\/deveho","article_modified_time":"2025-05-06T14:43:52+00:00","twitter_card":"summary_large_image","twitter_site":"@Deveho1","twitter_misc":{"Dur\u00e9e de lecture estim\u00e9e":"1 minute"},"schema":{"@context":"https:\/\/schema.org","@graph":[{"@type":"WebPage","@id":"https:\/\/deveho.com\/fr\/produits\/sage-frp-1000\/","url":"https:\/\/deveho.com\/fr\/produits\/sage-frp-1000\/","name":"Sage FRP 1000 - Deveho","isPartOf":{"@id":"https:\/\/deveho.com\/#website"},"datePublished":"2022-05-14T07:15:21+00:00","dateModified":"2025-05-06T14:43:52+00:00","breadcrumb":{"@id":"https:\/\/deveho.com\/fr\/produits\/sage-frp-1000\/#breadcrumb"},"inLanguage":"fr-FR","potentialAction":[{"@type":"ReadAction","target":["https:\/\/deveho.com\/fr\/produits\/sage-frp-1000\/"]}]},{"@type":"BreadcrumbList","@id":"https:\/\/deveho.com\/fr\/produits\/sage-frp-1000\/#breadcrumb","itemListElement":[{"@type":"ListItem","position":1,"name":"Home","item":"https:\/\/deveho.com\/fr\/"},{"@type":"ListItem","position":2,"name":"Produits","item":"https:\/\/deveho.com\/fr\/produits\/"},{"@type":"ListItem","position":3,"name":"Sage FRP 1000"}]},{"@type":"WebSite","@id":"https:\/\/deveho.com\/#website","url":"https:\/\/deveho.com\/","name":"Deveho Consulting Group","description":"Let\u2019s boost your growth","publisher":{"@id":"https:\/\/deveho.com\/#organization"},"potentialAction":[{"@type":"SearchAction","target":{"@type":"EntryPoint","urlTemplate":"https:\/\/deveho.com\/?s={search_term_string}"},"query-input":{"@type":"PropertyValueSpecification","valueRequired":true,"valueName":"search_term_string"}}],"inLanguage":"fr-FR"},{"@type":"Organization","@id":"https:\/\/deveho.com\/#organization","name":"Deveho Consulting Group","url":"https:\/\/deveho.com\/","logo":{"@type":"ImageObject","inLanguage":"fr-FR","@id":"https:\/\/deveho.com\/#\/schema\/logo\/image\/","url":"https:\/\/deveho.com\/wp-content\/uploads\/2023\/02\/DEVEHO-LOGO-Baseline-COLOR.png","contentUrl":"https:\/\/deveho.com\/wp-content\/uploads\/2023\/02\/DEVEHO-LOGO-Baseline-COLOR.png","width":2251,"height":585,"caption":"Deveho Consulting Group"},"image":{"@id":"https:\/\/deveho.com\/#\/schema\/logo\/image\/"},"sameAs":["https:\/\/www.facebook.com\/deveho","https:\/\/x.com\/Deveho1","https:\/\/www.linkedin.com\/company\/deveho-consulting\/"]}]}},"_links":{"self":[{"href":"https:\/\/deveho.com\/fr\/wp-json\/wp\/v2\/pages\/10247"}],"collection":[{"href":"https:\/\/deveho.com\/fr\/wp-json\/wp\/v2\/pages"}],"about":[{"href":"https:\/\/deveho.com\/fr\/wp-json\/wp\/v2\/types\/page"}],"author":[{"embeddable":true,"href":"https:\/\/deveho.com\/fr\/wp-json\/wp\/v2\/users\/8"}],"replies":[{"embeddable":true,"href":"https:\/\/deveho.com\/fr\/wp-json\/wp\/v2\/comments?post=10247"}],"version-history":[{"count":2,"href":"https:\/\/deveho.com\/fr\/wp-json\/wp\/v2\/pages\/10247\/revisions"}],"predecessor-version":[{"id":40361,"href":"https:\/\/deveho.com\/fr\/wp-json\/wp\/v2\/pages\/10247\/revisions\/40361"}],"up":[{"embeddable":true,"href":"https:\/\/deveho.com\/fr\/wp-json\/wp\/v2\/pages\/10307"}],"wp:attachment":[{"href":"https:\/\/deveho.com\/fr\/wp-json\/wp\/v2\/media?parent=10247"}],"curies":[{"name":"wp","href":"https:\/\/api.w.org\/{rel}","templated":true}]}}