{"id":10254,"date":"2022-05-16T15:19:13","date_gmt":"2022-05-16T15:19:13","guid":{"rendered":"https:\/\/deveho2.sfdbeta.be\/ovh\/"},"modified":"2022-12-05T15:03:03","modified_gmt":"2022-12-05T13:03:03","slug":"ovh","status":"publish","type":"page","link":"https:\/\/deveho.com\/fr\/services\/hebergement-cloud\/ovh\/","title":{"rendered":"OVH"},"content":{"rendered":"<br \/>\n<h2>Informations g\u00e9n\u00e9rales sur OVH <\/h2>\n<\/p>\n<p><p>OVH Cloud fournit une alternative plus astucieuse pour l&#8217;h\u00e9bergement internet, les courriels, les serveurs bare metal, l&#8217;h\u00e9bergement d&#8217;un espace internet privatif, les solutions cloud hybrides et publiques. Le groupe g\u00e8re 30 centres de donn\u00e9es au sein de 12 sites sur 4 continents, en fabriquant ses propres serveurs, construisant ses propres centres de donn\u00e9es et d\u00e9ployant son propre r\u00e9seau mondial de fibre optique pour atteindre \u00e0 l&#8217;efficacit\u00e9 maximum.<\/p>\n<\/p>\n<p><p>En remettant en cause le status quo, OVHcloud apporte libert\u00e9, s\u00e9curit\u00e9 et innovation pour r\u00e9soudre vos d\u00e9fis li\u00e9s aux donn\u00e9es &#8211; aujourd&#8217;hui et demain. Avec une histoire de plus de vingt ans et une base europ\u00e9enne solide, OVH Cloud s&#8217;est engag\u00e9 \u00e0 d\u00e9velopper des technologies responsables, et le groupe s&#8217;efforce d&#8217;\u00eatre une force motrice pour les changements \u00e0 venir de l&#8217;informatique en nuage.<\/p>\n<\/p>\n<h2>Les <red>avantages<\/red> d&rsquo;OVH      <\/h2>\n<h3>Services<\/h3>\n<p><p>OVH offre une large palette de services internet pour entreprises : de l&#8217;h\u00e9bergement internet au centre virtuel de donn\u00e9es, en passant par les serveurs d\u00e9di\u00e9s, les solutions de stockage et les connexions xDSL et VoIP. Tous ces services tirent profit d&#8217;une innovation permanente et s&#8217;enrichissent r\u00e9guli\u00e8rement de nouvelles fonctionnalit\u00e9s.<\/p>\n<\/p>\n<h3>Un r\u00e9seau mondial propri\u00e9taire<\/h3>\n<p><p>Le rayonnement international d&#8217;OVH est principalement d\u00fb \u00e0 son r\u00e9seau propri\u00e9taire, gr\u00e2ce auquel il fournit une qualit\u00e9 de service irr\u00e9prochable. Ce r\u00e9seau ultra-s\u00e9curis\u00e9, avec une bande passante garantie, offre un avantage unique dans le march\u00e9 actuel de l&#8217;h\u00e9bergement.<\/p>\n<\/p>\n<h3>Les enthousiastes du service client\u00e8le<\/h3>\n<p><p>Chez OVH, la phrase &#8220;toujours \u00e0 votre service&#8221; est le socle d&#8217;un engagement v\u00e9ritable. D\u00e8s votre premi\u00e8re conversation avec l&#8217;\u00e9quipe support, vous serez en interaction avec des utilisateurs avertis qui apporteront leur expertise technique pour vous accompagner dans le choix de la meilleure solution.<\/p>\n<\/p>\n<h3>Optimisez vos d\u00e9penses<\/h3>\n<p><p>La plupart des concurrents ne font que g\u00e9rer le service d&#8217;h\u00e9bergement lui-m\u00eame. Dans ce cas-l\u00e0, la fabrication des serveurs est externalis\u00e9e, les centres de donn\u00e9es sont lou\u00e9s \u00e0 des parties tierces, de m\u00eame que le r\u00e9seau, fourni cl\u00e9 en main par des sous-contractants. En cons\u00e9quence, il est difficile de garantir les tarifs des prestations et de les maintenir \u00e0 un niveau concurrentiel. Chez OVH.com, la structure des tarifs a \u00e9t\u00e9 rationalis\u00e9e au maximum.<\/p>\n<\/p>\n<h3>d\u00e9cid\u00e9ment ind\u00e9pendant <\/h3>\n<p><p>OVH est une entreprise familiale, ind\u00e9pendante financi\u00e8rement qui a choisi de r\u00e9investir tous ses profits dans son d\u00e9veloppement.<\/p>\n<\/p>\n<h2>Serveur d\u00e9di\u00e9 : partage des responsabilit\u00e9s <\/h2>\n<h3>Le p\u00e9rim\u00e8tre Deveho<\/h3>\n<p><p>D\u00e9ploiement, administration et gestion des syst\u00e8mes d&#8217;exploitation et des applications Sage X3.<\/p>\n<p>La conception, la mise en \u0153uvre, et \u00e9ventuellement la maintenance des solutions r\u00e9seaux d\u00e9ploy\u00e9es au sein de la solution r\u00e9seau priv\u00e9 d&#8217;OVH.<\/p>\n<\/p>\n<h3>Le p\u00e9rim\u00e8tre OVH<\/h3>\n<p><p>Production, routage, livraison, maintenance mat\u00e9rielle des serveurs et des centres de donn\u00e9es.<\/p>\n<p>L&#8217;architecture, le d\u00e9ploiement et la maintenance mat\u00e9rielle des infrastructures de r\u00e9seaux publics et priv\u00e9s<\/p>\n<\/p>\n<h3><red>DEVEHO Cloud h\u00e9berg\u00e9 par OVH <\/red>      <\/h3>\n<\/p>\n<p>Une infrastructure d\u00e9di\u00e9e\n<\/p>\n<p>Un large choix de serveurs pour des utilisations diverses :<br \/>\nVirtualisation,<br \/>\nEntreposage,<br \/>\nBig Data,<br \/>\nAdministration, etc.\n<\/p>\n<p>Configurations adaptables : RAM \/ CPU \/ Disk \/ Raid\n<\/p>\n<p>R\u00e9centes avanc\u00e9es technologiques\n<\/p>\n<p>Ressources mensuelles\n<\/p>\n<p>Le r\u00e9seau priv\u00e9 pluri-site d&rsquo;OVH : vRack\n<\/p>\n<h2><\/h2>\n<h3>Pages Li\u00e9es<\/h3>\n<\/p>\n<h3><\/h3>\n<\/p>\n<h3><\/h3><\/p>\n","protected":false},"excerpt":{"rendered":"<p>En Europe, OVH est fournisseur internet global \u00e0 grande \u00e9chelle. OVH offre une large palette de services internet pour entreprises : de l&rsquo;h\u00e9bergement internat au centre virtuel de donn\u00e9es, en passant par les serveurs d\u00e9di\u00e9s, les solutions de stockage et les connexions xDSL et VoIP ; tous ces services tirent profit d&rsquo;une innovation permanente et s&rsquo;enrichissent r\u00e9guli\u00e8rement de nouvelles fonctionnalit\u00e9s.<\/p>\n","protected":false},"author":8,"featured_media":0,"parent":10358,"menu_order":0,"comment_status":"closed","ping_status":"closed","template":"templates\/template-prod_serv.php","meta":{"_acf_changed":false,"footnotes":""},"class_list":["post-10254","page","type-page","status-publish","hentry"],"acf":[],"yoast_head":"<!-- This site is optimized with the Yoast SEO plugin v23.5 - https:\/\/yoast.com\/wordpress\/plugins\/seo\/ -->\n<title>OVH - Deveho<\/title>\n<meta name=\"robots\" content=\"index, follow, max-snippet:-1, max-image-preview:large, max-video-preview:-1\" \/>\n<link rel=\"canonical\" href=\"https:\/\/deveho.com\/fr\/services\/hebergement-cloud\/ovh\/\" \/>\n<meta property=\"og:locale\" content=\"fr_FR\" \/>\n<meta property=\"og:type\" content=\"article\" \/>\n<meta property=\"og:title\" content=\"OVH - Deveho\" \/>\n<meta property=\"og:description\" content=\"En Europe, OVH est fournisseur internet global \u00e0 grande \u00e9chelle. OVH offre une large palette de services internet pour entreprises : de l&#039;h\u00e9bergement internat au centre virtuel de donn\u00e9es, en passant par les serveurs d\u00e9di\u00e9s, les solutions de stockage et les connexions xDSL et VoIP ; tous ces services tirent profit d&#039;une innovation permanente et s&#039;enrichissent r\u00e9guli\u00e8rement de nouvelles fonctionnalit\u00e9s.\" \/>\n<meta property=\"og:url\" content=\"https:\/\/deveho.com\/fr\/services\/hebergement-cloud\/ovh\/\" \/>\n<meta property=\"og:site_name\" content=\"Deveho\" \/>\n<meta property=\"article:publisher\" content=\"https:\/\/www.facebook.com\/deveho\" \/>\n<meta property=\"article:modified_time\" content=\"2022-12-05T13:03:03+00:00\" \/>\n<meta name=\"twitter:card\" content=\"summary_large_image\" \/>\n<meta name=\"twitter:site\" content=\"@Deveho1\" \/>\n<meta name=\"twitter:label1\" content=\"Dur\u00e9e de lecture estim\u00e9e\" \/>\n\t<meta name=\"twitter:data1\" content=\"3 minutes\" \/>\n<script type=\"application\/ld+json\" class=\"yoast-schema-graph\">{\"@context\":\"https:\/\/schema.org\",\"@graph\":[{\"@type\":\"WebPage\",\"@id\":\"https:\/\/deveho.com\/fr\/services\/hebergement-cloud\/ovh\/\",\"url\":\"https:\/\/deveho.com\/fr\/services\/hebergement-cloud\/ovh\/\",\"name\":\"OVH - Deveho\",\"isPartOf\":{\"@id\":\"https:\/\/deveho.com\/#website\"},\"datePublished\":\"2022-05-16T15:19:13+00:00\",\"dateModified\":\"2022-12-05T13:03:03+00:00\",\"breadcrumb\":{\"@id\":\"https:\/\/deveho.com\/fr\/services\/hebergement-cloud\/ovh\/#breadcrumb\"},\"inLanguage\":\"fr-FR\",\"potentialAction\":[{\"@type\":\"ReadAction\",\"target\":[\"https:\/\/deveho.com\/fr\/services\/hebergement-cloud\/ovh\/\"]}]},{\"@type\":\"BreadcrumbList\",\"@id\":\"https:\/\/deveho.com\/fr\/services\/hebergement-cloud\/ovh\/#breadcrumb\",\"itemListElement\":[{\"@type\":\"ListItem\",\"position\":1,\"name\":\"Home\",\"item\":\"https:\/\/deveho.com\/fr\/\"},{\"@type\":\"ListItem\",\"position\":2,\"name\":\"Services\",\"item\":\"https:\/\/deveho.com\/fr\/services\/\"},{\"@type\":\"ListItem\",\"position\":3,\"name\":\"H\u00e9bergement &#038; Cloud\",\"item\":\"https:\/\/deveho.com\/fr\/services\/hebergement-cloud\/\"},{\"@type\":\"ListItem\",\"position\":4,\"name\":\"OVH\"}]},{\"@type\":\"WebSite\",\"@id\":\"https:\/\/deveho.com\/#website\",\"url\":\"https:\/\/deveho.com\/\",\"name\":\"Deveho Consulting Group\",\"description\":\"Let\u2019s boost your growth\",\"publisher\":{\"@id\":\"https:\/\/deveho.com\/#organization\"},\"potentialAction\":[{\"@type\":\"SearchAction\",\"target\":{\"@type\":\"EntryPoint\",\"urlTemplate\":\"https:\/\/deveho.com\/?s={search_term_string}\"},\"query-input\":{\"@type\":\"PropertyValueSpecification\",\"valueRequired\":true,\"valueName\":\"search_term_string\"}}],\"inLanguage\":\"fr-FR\"},{\"@type\":\"Organization\",\"@id\":\"https:\/\/deveho.com\/#organization\",\"name\":\"Deveho Consulting Group\",\"url\":\"https:\/\/deveho.com\/\",\"logo\":{\"@type\":\"ImageObject\",\"inLanguage\":\"fr-FR\",\"@id\":\"https:\/\/deveho.com\/#\/schema\/logo\/image\/\",\"url\":\"https:\/\/deveho.com\/wp-content\/uploads\/2023\/02\/DEVEHO-LOGO-Baseline-COLOR.png\",\"contentUrl\":\"https:\/\/deveho.com\/wp-content\/uploads\/2023\/02\/DEVEHO-LOGO-Baseline-COLOR.png\",\"width\":2251,\"height\":585,\"caption\":\"Deveho Consulting Group\"},\"image\":{\"@id\":\"https:\/\/deveho.com\/#\/schema\/logo\/image\/\"},\"sameAs\":[\"https:\/\/www.facebook.com\/deveho\",\"https:\/\/x.com\/Deveho1\",\"https:\/\/www.linkedin.com\/company\/deveho-consulting\/\"]}]}<\/script>\n<!-- \/ Yoast SEO plugin. -->","yoast_head_json":{"title":"OVH - Deveho","robots":{"index":"index","follow":"follow","max-snippet":"max-snippet:-1","max-image-preview":"max-image-preview:large","max-video-preview":"max-video-preview:-1"},"canonical":"https:\/\/deveho.com\/fr\/services\/hebergement-cloud\/ovh\/","og_locale":"fr_FR","og_type":"article","og_title":"OVH - Deveho","og_description":"En Europe, OVH est fournisseur internet global \u00e0 grande \u00e9chelle. OVH offre une large palette de services internet pour entreprises : de l'h\u00e9bergement internat au centre virtuel de donn\u00e9es, en passant par les serveurs d\u00e9di\u00e9s, les solutions de stockage et les connexions xDSL et VoIP ; tous ces services tirent profit d'une innovation permanente et s'enrichissent r\u00e9guli\u00e8rement de nouvelles fonctionnalit\u00e9s.","og_url":"https:\/\/deveho.com\/fr\/services\/hebergement-cloud\/ovh\/","og_site_name":"Deveho","article_publisher":"https:\/\/www.facebook.com\/deveho","article_modified_time":"2022-12-05T13:03:03+00:00","twitter_card":"summary_large_image","twitter_site":"@Deveho1","twitter_misc":{"Dur\u00e9e de lecture estim\u00e9e":"3 minutes"},"schema":{"@context":"https:\/\/schema.org","@graph":[{"@type":"WebPage","@id":"https:\/\/deveho.com\/fr\/services\/hebergement-cloud\/ovh\/","url":"https:\/\/deveho.com\/fr\/services\/hebergement-cloud\/ovh\/","name":"OVH - Deveho","isPartOf":{"@id":"https:\/\/deveho.com\/#website"},"datePublished":"2022-05-16T15:19:13+00:00","dateModified":"2022-12-05T13:03:03+00:00","breadcrumb":{"@id":"https:\/\/deveho.com\/fr\/services\/hebergement-cloud\/ovh\/#breadcrumb"},"inLanguage":"fr-FR","potentialAction":[{"@type":"ReadAction","target":["https:\/\/deveho.com\/fr\/services\/hebergement-cloud\/ovh\/"]}]},{"@type":"BreadcrumbList","@id":"https:\/\/deveho.com\/fr\/services\/hebergement-cloud\/ovh\/#breadcrumb","itemListElement":[{"@type":"ListItem","position":1,"name":"Home","item":"https:\/\/deveho.com\/fr\/"},{"@type":"ListItem","position":2,"name":"Services","item":"https:\/\/deveho.com\/fr\/services\/"},{"@type":"ListItem","position":3,"name":"H\u00e9bergement &#038; Cloud","item":"https:\/\/deveho.com\/fr\/services\/hebergement-cloud\/"},{"@type":"ListItem","position":4,"name":"OVH"}]},{"@type":"WebSite","@id":"https:\/\/deveho.com\/#website","url":"https:\/\/deveho.com\/","name":"Deveho Consulting Group","description":"Let\u2019s boost your growth","publisher":{"@id":"https:\/\/deveho.com\/#organization"},"potentialAction":[{"@type":"SearchAction","target":{"@type":"EntryPoint","urlTemplate":"https:\/\/deveho.com\/?s={search_term_string}"},"query-input":{"@type":"PropertyValueSpecification","valueRequired":true,"valueName":"search_term_string"}}],"inLanguage":"fr-FR"},{"@type":"Organization","@id":"https:\/\/deveho.com\/#organization","name":"Deveho Consulting Group","url":"https:\/\/deveho.com\/","logo":{"@type":"ImageObject","inLanguage":"fr-FR","@id":"https:\/\/deveho.com\/#\/schema\/logo\/image\/","url":"https:\/\/deveho.com\/wp-content\/uploads\/2023\/02\/DEVEHO-LOGO-Baseline-COLOR.png","contentUrl":"https:\/\/deveho.com\/wp-content\/uploads\/2023\/02\/DEVEHO-LOGO-Baseline-COLOR.png","width":2251,"height":585,"caption":"Deveho Consulting Group"},"image":{"@id":"https:\/\/deveho.com\/#\/schema\/logo\/image\/"},"sameAs":["https:\/\/www.facebook.com\/deveho","https:\/\/x.com\/Deveho1","https:\/\/www.linkedin.com\/company\/deveho-consulting\/"]}]}},"_links":{"self":[{"href":"https:\/\/deveho.com\/fr\/wp-json\/wp\/v2\/pages\/10254"}],"collection":[{"href":"https:\/\/deveho.com\/fr\/wp-json\/wp\/v2\/pages"}],"about":[{"href":"https:\/\/deveho.com\/fr\/wp-json\/wp\/v2\/types\/page"}],"author":[{"embeddable":true,"href":"https:\/\/deveho.com\/fr\/wp-json\/wp\/v2\/users\/8"}],"replies":[{"embeddable":true,"href":"https:\/\/deveho.com\/fr\/wp-json\/wp\/v2\/comments?post=10254"}],"version-history":[{"count":0,"href":"https:\/\/deveho.com\/fr\/wp-json\/wp\/v2\/pages\/10254\/revisions"}],"up":[{"embeddable":true,"href":"https:\/\/deveho.com\/fr\/wp-json\/wp\/v2\/pages\/10358"}],"wp:attachment":[{"href":"https:\/\/deveho.com\/fr\/wp-json\/wp\/v2\/media?parent=10254"}],"curies":[{"name":"wp","href":"https:\/\/api.w.org\/{rel}","templated":true}]}}