{"id":10294,"date":"2022-05-22T16:32:08","date_gmt":"2022-05-22T16:32:08","guid":{"rendered":"https:\/\/deveho2.sfdbeta.be\/services-de-deploiement-de-sage-x3\/"},"modified":"2022-10-27T10:39:21","modified_gmt":"2022-10-27T08:39:21","slug":"services-de-deploiement-de-sage-x3","status":"publish","type":"page","link":"https:\/\/deveho.com\/fr\/services\/services-de-deploiement-de-sage-x3\/","title":{"rendered":"Prestations de d\u00e9ploiement de Sage X3"},"content":{"rendered":"<br \/>\n<h2><\/h2>\n<h3><b>Savoir-faire Deveho en mati\u00e8re de d\u00e9ploiement <\/b><\/h3>\n<h3><\/h3>\n<p><p>La mise en \u0153uvre d&#8217;un PGI comporte de nombreux avantages. Cela peut am\u00e9liorer les performances commerciales, la protection des donn\u00e9es, la conformit\u00e9 organisationnelle et les interactions entre vos projets, \u00e9quipes et bureaux.<\/p>\n<p>Notre \u00e9quipe a des comp\u00e9tences avanc\u00e9es et une vaste exp\u00e9rience de la r\u00e9alisation et de la mise en route de projets internationaux dans des contextes multi-r\u00e8glementaires, multi-fiscaux et plurilingues.<\/p>\n<p>Avec plus de 15 ans d&#8217;exp\u00e9rience de Sage X3, nos domaines d&#8217;intervention couvrent tous les aspects d&#8217;un d\u00e9ploiement.<\/p>\n<\/p>\n<h2><\/h2>\n<h3>D\u00e9ploiement de Sage X3<\/h3>\n<h3>Afin d&rsquo;obtenir un d\u00e9ploiement r\u00e9ussi dans les temps impartis, nos m\u00e9thodes se fondent sur les principes suivants :<\/h3>\n<\/p>\n<h2><\/h2>\n<h3>Pages Li\u00e9es<\/h3>\n<\/p>\n<h3><\/h3>\n<\/p>\n<h3><\/h3><\/p>\n","protected":false},"excerpt":{"rendered":"<p>DEVEHO Consulting Group propose le plus haut niveau de mise en \u0153uvre strat\u00e9gique de Sage tout en simplifiant les processus commerciaux et en garantissant que les applications seront parfaitement int\u00e9gr\u00e9es pour cr\u00e9er une solution unique.<\/p>\n","protected":false},"author":3,"featured_media":0,"parent":10354,"menu_order":0,"comment_status":"closed","ping_status":"closed","template":"templates\/template-prod_serv.php","meta":{"_acf_changed":false,"footnotes":""},"class_list":["post-10294","page","type-page","status-publish","hentry"],"acf":[],"yoast_head":"<!-- This site is optimized with the Yoast SEO plugin v23.5 - https:\/\/yoast.com\/wordpress\/plugins\/seo\/ -->\n<title>Prestations de d\u00e9ploiement de Sage X3 - Deveho<\/title>\n<meta name=\"robots\" content=\"index, follow, max-snippet:-1, max-image-preview:large, max-video-preview:-1\" \/>\n<link rel=\"canonical\" href=\"https:\/\/deveho.com\/fr\/services\/services-de-deploiement-de-sage-x3\/\" \/>\n<meta property=\"og:locale\" content=\"fr_FR\" \/>\n<meta property=\"og:type\" content=\"article\" \/>\n<meta property=\"og:title\" content=\"Prestations de d\u00e9ploiement de Sage X3 - Deveho\" \/>\n<meta property=\"og:description\" content=\"DEVEHO Consulting Group propose le plus haut niveau de mise en \u0153uvre strat\u00e9gique de Sage tout en simplifiant les processus commerciaux et en garantissant que les applications seront parfaitement int\u00e9gr\u00e9es pour cr\u00e9er une solution unique.\" \/>\n<meta property=\"og:url\" content=\"https:\/\/deveho.com\/fr\/services\/services-de-deploiement-de-sage-x3\/\" \/>\n<meta property=\"og:site_name\" content=\"Deveho\" \/>\n<meta property=\"article:publisher\" content=\"https:\/\/www.facebook.com\/deveho\" \/>\n<meta property=\"article:modified_time\" content=\"2022-10-27T08:39:21+00:00\" \/>\n<meta name=\"twitter:card\" content=\"summary_large_image\" \/>\n<meta name=\"twitter:site\" content=\"@Deveho1\" \/>\n<meta name=\"twitter:label1\" content=\"Dur\u00e9e de lecture estim\u00e9e\" \/>\n\t<meta name=\"twitter:data1\" content=\"1 minute\" \/>\n<script type=\"application\/ld+json\" class=\"yoast-schema-graph\">{\"@context\":\"https:\/\/schema.org\",\"@graph\":[{\"@type\":\"WebPage\",\"@id\":\"https:\/\/deveho.com\/fr\/services\/services-de-deploiement-de-sage-x3\/\",\"url\":\"https:\/\/deveho.com\/fr\/services\/services-de-deploiement-de-sage-x3\/\",\"name\":\"Prestations de d\u00e9ploiement de Sage X3 - Deveho\",\"isPartOf\":{\"@id\":\"https:\/\/deveho.com\/#website\"},\"datePublished\":\"2022-05-22T16:32:08+00:00\",\"dateModified\":\"2022-10-27T08:39:21+00:00\",\"breadcrumb\":{\"@id\":\"https:\/\/deveho.com\/fr\/services\/services-de-deploiement-de-sage-x3\/#breadcrumb\"},\"inLanguage\":\"fr-FR\",\"potentialAction\":[{\"@type\":\"ReadAction\",\"target\":[\"https:\/\/deveho.com\/fr\/services\/services-de-deploiement-de-sage-x3\/\"]}]},{\"@type\":\"BreadcrumbList\",\"@id\":\"https:\/\/deveho.com\/fr\/services\/services-de-deploiement-de-sage-x3\/#breadcrumb\",\"itemListElement\":[{\"@type\":\"ListItem\",\"position\":1,\"name\":\"Home\",\"item\":\"https:\/\/deveho.com\/fr\/\"},{\"@type\":\"ListItem\",\"position\":2,\"name\":\"Services\",\"item\":\"https:\/\/deveho.com\/fr\/services\/\"},{\"@type\":\"ListItem\",\"position\":3,\"name\":\"Prestations de d\u00e9ploiement de Sage X3\"}]},{\"@type\":\"WebSite\",\"@id\":\"https:\/\/deveho.com\/#website\",\"url\":\"https:\/\/deveho.com\/\",\"name\":\"Deveho Consulting Group\",\"description\":\"Let\u2019s boost your growth\",\"publisher\":{\"@id\":\"https:\/\/deveho.com\/#organization\"},\"potentialAction\":[{\"@type\":\"SearchAction\",\"target\":{\"@type\":\"EntryPoint\",\"urlTemplate\":\"https:\/\/deveho.com\/?s={search_term_string}\"},\"query-input\":{\"@type\":\"PropertyValueSpecification\",\"valueRequired\":true,\"valueName\":\"search_term_string\"}}],\"inLanguage\":\"fr-FR\"},{\"@type\":\"Organization\",\"@id\":\"https:\/\/deveho.com\/#organization\",\"name\":\"Deveho Consulting Group\",\"url\":\"https:\/\/deveho.com\/\",\"logo\":{\"@type\":\"ImageObject\",\"inLanguage\":\"fr-FR\",\"@id\":\"https:\/\/deveho.com\/#\/schema\/logo\/image\/\",\"url\":\"https:\/\/deveho.com\/wp-content\/uploads\/2023\/02\/DEVEHO-LOGO-Baseline-COLOR.png\",\"contentUrl\":\"https:\/\/deveho.com\/wp-content\/uploads\/2023\/02\/DEVEHO-LOGO-Baseline-COLOR.png\",\"width\":2251,\"height\":585,\"caption\":\"Deveho Consulting Group\"},\"image\":{\"@id\":\"https:\/\/deveho.com\/#\/schema\/logo\/image\/\"},\"sameAs\":[\"https:\/\/www.facebook.com\/deveho\",\"https:\/\/x.com\/Deveho1\",\"https:\/\/www.linkedin.com\/company\/deveho-consulting\/\"]}]}<\/script>\n<!-- \/ Yoast SEO plugin. -->","yoast_head_json":{"title":"Prestations de d\u00e9ploiement de Sage X3 - Deveho","robots":{"index":"index","follow":"follow","max-snippet":"max-snippet:-1","max-image-preview":"max-image-preview:large","max-video-preview":"max-video-preview:-1"},"canonical":"https:\/\/deveho.com\/fr\/services\/services-de-deploiement-de-sage-x3\/","og_locale":"fr_FR","og_type":"article","og_title":"Prestations de d\u00e9ploiement de Sage X3 - Deveho","og_description":"DEVEHO Consulting Group propose le plus haut niveau de mise en \u0153uvre strat\u00e9gique de Sage tout en simplifiant les processus commerciaux et en garantissant que les applications seront parfaitement int\u00e9gr\u00e9es pour cr\u00e9er une solution unique.","og_url":"https:\/\/deveho.com\/fr\/services\/services-de-deploiement-de-sage-x3\/","og_site_name":"Deveho","article_publisher":"https:\/\/www.facebook.com\/deveho","article_modified_time":"2022-10-27T08:39:21+00:00","twitter_card":"summary_large_image","twitter_site":"@Deveho1","twitter_misc":{"Dur\u00e9e de lecture estim\u00e9e":"1 minute"},"schema":{"@context":"https:\/\/schema.org","@graph":[{"@type":"WebPage","@id":"https:\/\/deveho.com\/fr\/services\/services-de-deploiement-de-sage-x3\/","url":"https:\/\/deveho.com\/fr\/services\/services-de-deploiement-de-sage-x3\/","name":"Prestations de d\u00e9ploiement de Sage X3 - Deveho","isPartOf":{"@id":"https:\/\/deveho.com\/#website"},"datePublished":"2022-05-22T16:32:08+00:00","dateModified":"2022-10-27T08:39:21+00:00","breadcrumb":{"@id":"https:\/\/deveho.com\/fr\/services\/services-de-deploiement-de-sage-x3\/#breadcrumb"},"inLanguage":"fr-FR","potentialAction":[{"@type":"ReadAction","target":["https:\/\/deveho.com\/fr\/services\/services-de-deploiement-de-sage-x3\/"]}]},{"@type":"BreadcrumbList","@id":"https:\/\/deveho.com\/fr\/services\/services-de-deploiement-de-sage-x3\/#breadcrumb","itemListElement":[{"@type":"ListItem","position":1,"name":"Home","item":"https:\/\/deveho.com\/fr\/"},{"@type":"ListItem","position":2,"name":"Services","item":"https:\/\/deveho.com\/fr\/services\/"},{"@type":"ListItem","position":3,"name":"Prestations de d\u00e9ploiement de Sage X3"}]},{"@type":"WebSite","@id":"https:\/\/deveho.com\/#website","url":"https:\/\/deveho.com\/","name":"Deveho Consulting Group","description":"Let\u2019s boost your growth","publisher":{"@id":"https:\/\/deveho.com\/#organization"},"potentialAction":[{"@type":"SearchAction","target":{"@type":"EntryPoint","urlTemplate":"https:\/\/deveho.com\/?s={search_term_string}"},"query-input":{"@type":"PropertyValueSpecification","valueRequired":true,"valueName":"search_term_string"}}],"inLanguage":"fr-FR"},{"@type":"Organization","@id":"https:\/\/deveho.com\/#organization","name":"Deveho Consulting Group","url":"https:\/\/deveho.com\/","logo":{"@type":"ImageObject","inLanguage":"fr-FR","@id":"https:\/\/deveho.com\/#\/schema\/logo\/image\/","url":"https:\/\/deveho.com\/wp-content\/uploads\/2023\/02\/DEVEHO-LOGO-Baseline-COLOR.png","contentUrl":"https:\/\/deveho.com\/wp-content\/uploads\/2023\/02\/DEVEHO-LOGO-Baseline-COLOR.png","width":2251,"height":585,"caption":"Deveho Consulting Group"},"image":{"@id":"https:\/\/deveho.com\/#\/schema\/logo\/image\/"},"sameAs":["https:\/\/www.facebook.com\/deveho","https:\/\/x.com\/Deveho1","https:\/\/www.linkedin.com\/company\/deveho-consulting\/"]}]}},"_links":{"self":[{"href":"https:\/\/deveho.com\/fr\/wp-json\/wp\/v2\/pages\/10294"}],"collection":[{"href":"https:\/\/deveho.com\/fr\/wp-json\/wp\/v2\/pages"}],"about":[{"href":"https:\/\/deveho.com\/fr\/wp-json\/wp\/v2\/types\/page"}],"author":[{"embeddable":true,"href":"https:\/\/deveho.com\/fr\/wp-json\/wp\/v2\/users\/3"}],"replies":[{"embeddable":true,"href":"https:\/\/deveho.com\/fr\/wp-json\/wp\/v2\/comments?post=10294"}],"version-history":[{"count":0,"href":"https:\/\/deveho.com\/fr\/wp-json\/wp\/v2\/pages\/10294\/revisions"}],"up":[{"embeddable":true,"href":"https:\/\/deveho.com\/fr\/wp-json\/wp\/v2\/pages\/10354"}],"wp:attachment":[{"href":"https:\/\/deveho.com\/fr\/wp-json\/wp\/v2\/media?parent=10294"}],"curies":[{"name":"wp","href":"https:\/\/api.w.org\/{rel}","templated":true}]}}