{"id":10348,"date":"2022-05-30T16:27:11","date_gmt":"2022-05-30T16:27:11","guid":{"rendered":"https:\/\/deveho2.sfdbeta.be\/assistance-pour-la-solution-sage\/"},"modified":"2022-10-27T11:10:40","modified_gmt":"2022-10-27T09:10:40","slug":"assistance-pour-la-solution-sage","status":"publish","type":"page","link":"https:\/\/deveho.com\/fr\/services\/assistance-pour-la-solution-sage\/","title":{"rendered":"Assistance dans l&rsquo;utilisation de la solution Sage"},"content":{"rendered":"<br \/>\n<h3>Gestion et livraison<\/h3>\n<\/p>\n<p>Gr\u00e2ce \u00e0 de solides partenariats avec OVH et AWS, nous pouvons fournir et g\u00e9rer l&rsquo;environnement technique de la solution Sage X3 de nos clients, assurant ainsi les meilleurs normes de s\u00e9curit\u00e9 et des r\u00e9sultats optimals.<\/p>\n<h3>Mises \u00e0 jour<\/h3>\n<\/p>\n<p>Dans le cadre de nos services de maintenance, nous mettons \u00e0 jour les composants Sage X3 afin de vous faire b\u00e9n\u00e9ficier des am\u00e9liorations logicielles.<\/p>\n<h3>Assistance<\/h3>\n<\/p>\n<p>Gr\u00e2ce \u00e0 notre expertise, nous fournissons soutien et assistance une fois que Sage X3 est en ligne : soutien op\u00e9rationnel, probl\u00e8mes d&rsquo;exploitation, demandes d&rsquo;am\u00e9lioration, formation.<\/p>\n<p>Assistance de haute qualit\u00e9 et tierce maintenance applicative (TMA)<\/p>\n<p>Une \u00e9quipe d\u00e9di\u00e9e \u00e0 la TMA pour Sage X3<\/p>\n<p>Une \u00e9quipe technique d\u00e9di\u00e9e \u00e0 Sage X3<\/p>\n<h2><\/h2>\n<h3>Pages Li\u00e9es<\/h3>\n<\/p>\n<h3><\/h3>\n<\/p>\n<h3><\/h3><\/p>\n","protected":false},"excerpt":{"rendered":"<p>Deveho dispose d&rsquo;une \u00e9quipe exp\u00e9riment\u00e9e de consultants fonctionnels et techniques avec une exp\u00e9rience approfondie de Sage X3, pour fournir une assistance concernant toutes nos offres logicielles et modules (finance, distribution, gestion de production, immobilisations, paie et HR, reporting, d\u00e9veloppement, etc.).<br \/>\nNous fournissons des services et un soutien de haut qualit\u00e9, respectant le budget et les d\u00e9lais, \u00e0 chaque fois ! <\/p>\n","protected":false},"author":3,"featured_media":0,"parent":10354,"menu_order":0,"comment_status":"closed","ping_status":"closed","template":"templates\/template-prod_serv.php","meta":{"_acf_changed":false,"footnotes":""},"class_list":["post-10348","page","type-page","status-publish","hentry"],"acf":[],"yoast_head":"<!-- This site is optimized with the Yoast SEO plugin v23.5 - https:\/\/yoast.com\/wordpress\/plugins\/seo\/ -->\n<title>Assistance dans l&#039;utilisation de la solution Sage - Deveho<\/title>\n<meta name=\"robots\" content=\"index, follow, max-snippet:-1, max-image-preview:large, max-video-preview:-1\" \/>\n<link rel=\"canonical\" href=\"https:\/\/deveho.com\/services\/sage-solution-support\/\" \/>\n<meta property=\"og:locale\" content=\"fr_FR\" \/>\n<meta property=\"og:type\" content=\"article\" \/>\n<meta property=\"og:title\" content=\"Assistance dans l&#039;utilisation de la solution Sage - Deveho\" \/>\n<meta property=\"og:description\" content=\"Deveho dispose d&#039;une \u00e9quipe exp\u00e9riment\u00e9e de consultants fonctionnels et techniques avec une exp\u00e9rience approfondie de Sage X3, pour fournir une assistance concernant toutes nos offres logicielles et modules (finance, distribution, gestion de production, immobilisations, paie et HR, reporting, d\u00e9veloppement, etc.). Nous fournissons des services et un soutien de haut qualit\u00e9, respectant le budget et les d\u00e9lais, \u00e0 chaque fois !\" \/>\n<meta property=\"og:url\" content=\"https:\/\/deveho.com\/services\/sage-solution-support\/\" \/>\n<meta property=\"og:site_name\" content=\"Deveho\" \/>\n<meta property=\"article:publisher\" content=\"https:\/\/www.facebook.com\/deveho\" \/>\n<meta property=\"article:modified_time\" content=\"2022-10-27T09:10:40+00:00\" \/>\n<meta name=\"twitter:card\" content=\"summary_large_image\" \/>\n<meta name=\"twitter:site\" content=\"@Deveho1\" \/>\n<meta name=\"twitter:label1\" content=\"Dur\u00e9e de lecture estim\u00e9e\" \/>\n\t<meta name=\"twitter:data1\" content=\"1 minute\" \/>\n<script type=\"application\/ld+json\" class=\"yoast-schema-graph\">{\"@context\":\"https:\/\/schema.org\",\"@graph\":[{\"@type\":\"WebPage\",\"@id\":\"https:\/\/deveho.com\/services\/sage-solution-support\/\",\"url\":\"https:\/\/deveho.com\/services\/sage-solution-support\/\",\"name\":\"Assistance dans l'utilisation de la solution Sage - Deveho\",\"isPartOf\":{\"@id\":\"https:\/\/deveho.com\/#website\"},\"datePublished\":\"2022-05-30T16:27:11+00:00\",\"dateModified\":\"2022-10-27T09:10:40+00:00\",\"breadcrumb\":{\"@id\":\"https:\/\/deveho.com\/services\/sage-solution-support\/#breadcrumb\"},\"inLanguage\":\"fr-FR\",\"potentialAction\":[{\"@type\":\"ReadAction\",\"target\":[\"https:\/\/deveho.com\/services\/sage-solution-support\/\"]}]},{\"@type\":\"BreadcrumbList\",\"@id\":\"https:\/\/deveho.com\/services\/sage-solution-support\/#breadcrumb\",\"itemListElement\":[{\"@type\":\"ListItem\",\"position\":1,\"name\":\"Home\",\"item\":\"https:\/\/deveho.com\/fr\/\"},{\"@type\":\"ListItem\",\"position\":2,\"name\":\"Services\",\"item\":\"https:\/\/deveho.com\/fr\/services\/\"},{\"@type\":\"ListItem\",\"position\":3,\"name\":\"Assistance dans l&#8217;utilisation de la solution Sage\"}]},{\"@type\":\"WebSite\",\"@id\":\"https:\/\/deveho.com\/#website\",\"url\":\"https:\/\/deveho.com\/\",\"name\":\"Deveho Consulting Group\",\"description\":\"Let\u2019s boost your growth\",\"publisher\":{\"@id\":\"https:\/\/deveho.com\/#organization\"},\"potentialAction\":[{\"@type\":\"SearchAction\",\"target\":{\"@type\":\"EntryPoint\",\"urlTemplate\":\"https:\/\/deveho.com\/?s={search_term_string}\"},\"query-input\":{\"@type\":\"PropertyValueSpecification\",\"valueRequired\":true,\"valueName\":\"search_term_string\"}}],\"inLanguage\":\"fr-FR\"},{\"@type\":\"Organization\",\"@id\":\"https:\/\/deveho.com\/#organization\",\"name\":\"Deveho Consulting Group\",\"url\":\"https:\/\/deveho.com\/\",\"logo\":{\"@type\":\"ImageObject\",\"inLanguage\":\"fr-FR\",\"@id\":\"https:\/\/deveho.com\/#\/schema\/logo\/image\/\",\"url\":\"https:\/\/deveho.com\/wp-content\/uploads\/2023\/02\/DEVEHO-LOGO-Baseline-COLOR.png\",\"contentUrl\":\"https:\/\/deveho.com\/wp-content\/uploads\/2023\/02\/DEVEHO-LOGO-Baseline-COLOR.png\",\"width\":2251,\"height\":585,\"caption\":\"Deveho Consulting Group\"},\"image\":{\"@id\":\"https:\/\/deveho.com\/#\/schema\/logo\/image\/\"},\"sameAs\":[\"https:\/\/www.facebook.com\/deveho\",\"https:\/\/x.com\/Deveho1\",\"https:\/\/www.linkedin.com\/company\/deveho-consulting\/\"]}]}<\/script>\n<!-- \/ Yoast SEO plugin. -->","yoast_head_json":{"title":"Assistance dans l'utilisation de la solution Sage - Deveho","robots":{"index":"index","follow":"follow","max-snippet":"max-snippet:-1","max-image-preview":"max-image-preview:large","max-video-preview":"max-video-preview:-1"},"canonical":"https:\/\/deveho.com\/services\/sage-solution-support\/","og_locale":"fr_FR","og_type":"article","og_title":"Assistance dans l'utilisation de la solution Sage - Deveho","og_description":"Deveho dispose d'une \u00e9quipe exp\u00e9riment\u00e9e de consultants fonctionnels et techniques avec une exp\u00e9rience approfondie de Sage X3, pour fournir une assistance concernant toutes nos offres logicielles et modules (finance, distribution, gestion de production, immobilisations, paie et HR, reporting, d\u00e9veloppement, etc.). Nous fournissons des services et un soutien de haut qualit\u00e9, respectant le budget et les d\u00e9lais, \u00e0 chaque fois !","og_url":"https:\/\/deveho.com\/services\/sage-solution-support\/","og_site_name":"Deveho","article_publisher":"https:\/\/www.facebook.com\/deveho","article_modified_time":"2022-10-27T09:10:40+00:00","twitter_card":"summary_large_image","twitter_site":"@Deveho1","twitter_misc":{"Dur\u00e9e de lecture estim\u00e9e":"1 minute"},"schema":{"@context":"https:\/\/schema.org","@graph":[{"@type":"WebPage","@id":"https:\/\/deveho.com\/services\/sage-solution-support\/","url":"https:\/\/deveho.com\/services\/sage-solution-support\/","name":"Assistance dans l'utilisation de la solution Sage - Deveho","isPartOf":{"@id":"https:\/\/deveho.com\/#website"},"datePublished":"2022-05-30T16:27:11+00:00","dateModified":"2022-10-27T09:10:40+00:00","breadcrumb":{"@id":"https:\/\/deveho.com\/services\/sage-solution-support\/#breadcrumb"},"inLanguage":"fr-FR","potentialAction":[{"@type":"ReadAction","target":["https:\/\/deveho.com\/services\/sage-solution-support\/"]}]},{"@type":"BreadcrumbList","@id":"https:\/\/deveho.com\/services\/sage-solution-support\/#breadcrumb","itemListElement":[{"@type":"ListItem","position":1,"name":"Home","item":"https:\/\/deveho.com\/fr\/"},{"@type":"ListItem","position":2,"name":"Services","item":"https:\/\/deveho.com\/fr\/services\/"},{"@type":"ListItem","position":3,"name":"Assistance dans l&#8217;utilisation de la solution Sage"}]},{"@type":"WebSite","@id":"https:\/\/deveho.com\/#website","url":"https:\/\/deveho.com\/","name":"Deveho Consulting Group","description":"Let\u2019s boost your growth","publisher":{"@id":"https:\/\/deveho.com\/#organization"},"potentialAction":[{"@type":"SearchAction","target":{"@type":"EntryPoint","urlTemplate":"https:\/\/deveho.com\/?s={search_term_string}"},"query-input":{"@type":"PropertyValueSpecification","valueRequired":true,"valueName":"search_term_string"}}],"inLanguage":"fr-FR"},{"@type":"Organization","@id":"https:\/\/deveho.com\/#organization","name":"Deveho Consulting Group","url":"https:\/\/deveho.com\/","logo":{"@type":"ImageObject","inLanguage":"fr-FR","@id":"https:\/\/deveho.com\/#\/schema\/logo\/image\/","url":"https:\/\/deveho.com\/wp-content\/uploads\/2023\/02\/DEVEHO-LOGO-Baseline-COLOR.png","contentUrl":"https:\/\/deveho.com\/wp-content\/uploads\/2023\/02\/DEVEHO-LOGO-Baseline-COLOR.png","width":2251,"height":585,"caption":"Deveho Consulting Group"},"image":{"@id":"https:\/\/deveho.com\/#\/schema\/logo\/image\/"},"sameAs":["https:\/\/www.facebook.com\/deveho","https:\/\/x.com\/Deveho1","https:\/\/www.linkedin.com\/company\/deveho-consulting\/"]}]}},"_links":{"self":[{"href":"https:\/\/deveho.com\/fr\/wp-json\/wp\/v2\/pages\/10348"}],"collection":[{"href":"https:\/\/deveho.com\/fr\/wp-json\/wp\/v2\/pages"}],"about":[{"href":"https:\/\/deveho.com\/fr\/wp-json\/wp\/v2\/types\/page"}],"author":[{"embeddable":true,"href":"https:\/\/deveho.com\/fr\/wp-json\/wp\/v2\/users\/3"}],"replies":[{"embeddable":true,"href":"https:\/\/deveho.com\/fr\/wp-json\/wp\/v2\/comments?post=10348"}],"version-history":[{"count":0,"href":"https:\/\/deveho.com\/fr\/wp-json\/wp\/v2\/pages\/10348\/revisions"}],"up":[{"embeddable":true,"href":"https:\/\/deveho.com\/fr\/wp-json\/wp\/v2\/pages\/10354"}],"wp:attachment":[{"href":"https:\/\/deveho.com\/fr\/wp-json\/wp\/v2\/media?parent=10348"}],"curies":[{"name":"wp","href":"https:\/\/api.w.org\/{rel}","templated":true}]}}