{"id":10351,"date":"2022-06-03T08:00:08","date_gmt":"2022-06-03T08:00:08","guid":{"rendered":"https:\/\/deveho2.sfdbeta.be\/veille-economique\/"},"modified":"2024-10-16T17:15:42","modified_gmt":"2024-10-16T15:15:42","slug":"business-intelligence","status":"publish","type":"page","link":"https:\/\/deveho.com\/fr\/services\/business-intelligence\/","title":{"rendered":"Business intelligence"},"content":{"rendered":"<br \/>\n<h2><red>D\u00e9fis de la Business intelligence <\/red><\/h2>\n<h3>Le volume de donn\u00e9es augmente en moyenne de 56% par an.<\/h3>\n<p><p>Il est devenu crucial pour les dirigeants d&#8217;entreprise de d\u00e9passer l&#8217;infob\u00e9sit\u00e9 et d&#8217;avoir acc\u00e8s \u00e0 des donn\u00e9es et points de vue pertinents afin de prendre des d\u00e9cisions intelligentes et opportunes.<\/p>\n<\/p>\n<h3>Surmontez les incertitudes des affaires gr\u00e2ce \u00e0 des rapports pertinents et personnalis\u00e9s<\/h3>\n<p><p>Les d\u00e9fis en mati\u00e8re de visibilit\u00e9 des performances, silos op\u00e9rationnels, complexit\u00e9 financi\u00e8re et pertes de production cr\u00e9ent des incertitudes au sein des entreprises.<\/p>\n<\/p>\n<h3>Les entreprises modernes donnent une valeur importante au partage de connaissances<\/h3>\n<p><p>Augmenter l&#8217;acc\u00e8s de vos coll\u00e8gues aux donn\u00e9es permet de responsabiliser, de promouvoir innovation et rendements \u00e9lev\u00e9s.<\/p>\n<\/p>\n<h3>Fournissez une information pertinente <\/h3>\n<p><p>\u00e0 l&#8217;utilisateur afin de permettre la meilleure prise de d\u00e9cision et ainsi guider la strat\u00e9gie et l&#8217;activit\u00e9 de son entreprise.<\/p>\n<\/p>\n<h2><\/h2>\n<h3>La Business intelligence vous permet de :<\/h3>\n<h3><\/h3>\n<ul>\n<li>Rationaliser vos affaires, sur la base d&#8217;un ensemble coh\u00e9rent d&#8217;\u00e9valuations et d&#8217;indicateurs cl\u00e9s de performance,<\/li>\n<li>Prendre des d\u00e9cisions plus rapidement,<\/li>\n<li>Simplifier la repr\u00e9sentation visuelle des indicateurs,<\/li>\n<li>Pr\u00e9senter des informations fiables de mani\u00e8re homog\u00e8ne,<\/li>\n<li>Acc\u00e9l\u00e9rer le recueil et la diss\u00e9mination d&#8217;informations en l&#8217;automatisant<\/li>\n<\/ul>\n<h2>Sage X3 offre une solution de veille \u00e9conomique appel\u00e9e Sage Enterprise Intelligence (SEI).<\/h2>\n<p>Sage Enterprise Intelligence, solution int\u00e9gr\u00e9e de veille \u00e9conomique, aide les utilisateurs \u00e0 prendre les meilleures d\u00e9cisions le plus vite possible, en leur donnant acc\u00e8s \u00e0 toutes les informations dont ils ont besoin.<\/p>\n<p>Avec SEI, les donn\u00e9es sont extraites, transform\u00e9es, consolid\u00e9es, migr\u00e9es et pr\u00e9sent\u00e9es dans un format simple, accessible en temps r\u00e9el, en mode libre-service, en quelques clics.<\/p>\n<p>Ergonomique, la solution SEI solution promeut l&rsquo;autonomie des utilisateurs, sans avoir de besoin de comp\u00e9tences sp\u00e9cialis\u00e9es.<\/p>\n<h2><\/h2>\n<h3>Pages Li\u00e9es<\/h3>\n<\/p>\n<h3><\/h3>\n<\/p>\n<h3><\/h3><\/p>\n","protected":false},"excerpt":{"rendered":"<p>La veille \u00e9conomique se fonde sur le principe de la fiabilit\u00e9 des donn\u00e9es utilis\u00e9es. Leur traitement tout comme leur pr\u00e9sentation en rapports lisibles par les employ\u00e9s donne moyen de prendre les bonnes d\u00e9cisions au bon moment.<\/p>\n","protected":false},"author":3,"featured_media":0,"parent":10354,"menu_order":0,"comment_status":"closed","ping_status":"closed","template":"templates\/template-prod_serv.php","meta":{"_acf_changed":false,"footnotes":""},"class_list":["post-10351","page","type-page","status-publish","hentry"],"acf":[],"yoast_head":"<!-- This site is optimized with the Yoast SEO plugin v23.5 - https:\/\/yoast.com\/wordpress\/plugins\/seo\/ -->\n<title>Business intelligence - Deveho<\/title>\n<meta name=\"robots\" content=\"index, follow, max-snippet:-1, max-image-preview:large, max-video-preview:-1\" \/>\n<link rel=\"canonical\" href=\"https:\/\/deveho.com\/fr\/services\/business-intelligence\/\" \/>\n<meta property=\"og:locale\" content=\"fr_FR\" \/>\n<meta property=\"og:type\" content=\"article\" \/>\n<meta property=\"og:title\" content=\"Business intelligence - Deveho\" \/>\n<meta property=\"og:description\" content=\"La veille \u00e9conomique se fonde sur le principe de la fiabilit\u00e9 des donn\u00e9es utilis\u00e9es. Leur traitement tout comme leur pr\u00e9sentation en rapports lisibles par les employ\u00e9s donne moyen de prendre les bonnes d\u00e9cisions au bon moment.\" \/>\n<meta property=\"og:url\" content=\"https:\/\/deveho.com\/fr\/services\/business-intelligence\/\" \/>\n<meta property=\"og:site_name\" content=\"Deveho\" \/>\n<meta property=\"article:publisher\" content=\"https:\/\/www.facebook.com\/deveho\" \/>\n<meta property=\"article:modified_time\" content=\"2024-10-16T15:15:42+00:00\" \/>\n<meta name=\"twitter:card\" content=\"summary_large_image\" \/>\n<meta name=\"twitter:site\" content=\"@Deveho1\" \/>\n<meta name=\"twitter:label1\" content=\"Dur\u00e9e de lecture estim\u00e9e\" \/>\n\t<meta name=\"twitter:data1\" content=\"2 minutes\" \/>\n<script type=\"application\/ld+json\" class=\"yoast-schema-graph\">{\"@context\":\"https:\/\/schema.org\",\"@graph\":[{\"@type\":\"WebPage\",\"@id\":\"https:\/\/deveho.com\/fr\/services\/business-intelligence\/\",\"url\":\"https:\/\/deveho.com\/fr\/services\/business-intelligence\/\",\"name\":\"Business intelligence - Deveho\",\"isPartOf\":{\"@id\":\"https:\/\/deveho.com\/#website\"},\"datePublished\":\"2022-06-03T08:00:08+00:00\",\"dateModified\":\"2024-10-16T15:15:42+00:00\",\"breadcrumb\":{\"@id\":\"https:\/\/deveho.com\/fr\/services\/business-intelligence\/#breadcrumb\"},\"inLanguage\":\"fr-FR\",\"potentialAction\":[{\"@type\":\"ReadAction\",\"target\":[\"https:\/\/deveho.com\/fr\/services\/business-intelligence\/\"]}]},{\"@type\":\"BreadcrumbList\",\"@id\":\"https:\/\/deveho.com\/fr\/services\/business-intelligence\/#breadcrumb\",\"itemListElement\":[{\"@type\":\"ListItem\",\"position\":1,\"name\":\"Home\",\"item\":\"https:\/\/deveho.com\/fr\/\"},{\"@type\":\"ListItem\",\"position\":2,\"name\":\"Services\",\"item\":\"https:\/\/deveho.com\/fr\/services\/\"},{\"@type\":\"ListItem\",\"position\":3,\"name\":\"Business intelligence\"}]},{\"@type\":\"WebSite\",\"@id\":\"https:\/\/deveho.com\/#website\",\"url\":\"https:\/\/deveho.com\/\",\"name\":\"Deveho Consulting Group\",\"description\":\"Let\u2019s boost your growth\",\"publisher\":{\"@id\":\"https:\/\/deveho.com\/#organization\"},\"potentialAction\":[{\"@type\":\"SearchAction\",\"target\":{\"@type\":\"EntryPoint\",\"urlTemplate\":\"https:\/\/deveho.com\/?s={search_term_string}\"},\"query-input\":{\"@type\":\"PropertyValueSpecification\",\"valueRequired\":true,\"valueName\":\"search_term_string\"}}],\"inLanguage\":\"fr-FR\"},{\"@type\":\"Organization\",\"@id\":\"https:\/\/deveho.com\/#organization\",\"name\":\"Deveho Consulting Group\",\"url\":\"https:\/\/deveho.com\/\",\"logo\":{\"@type\":\"ImageObject\",\"inLanguage\":\"fr-FR\",\"@id\":\"https:\/\/deveho.com\/#\/schema\/logo\/image\/\",\"url\":\"https:\/\/deveho.com\/wp-content\/uploads\/2023\/02\/DEVEHO-LOGO-Baseline-COLOR.png\",\"contentUrl\":\"https:\/\/deveho.com\/wp-content\/uploads\/2023\/02\/DEVEHO-LOGO-Baseline-COLOR.png\",\"width\":2251,\"height\":585,\"caption\":\"Deveho Consulting Group\"},\"image\":{\"@id\":\"https:\/\/deveho.com\/#\/schema\/logo\/image\/\"},\"sameAs\":[\"https:\/\/www.facebook.com\/deveho\",\"https:\/\/x.com\/Deveho1\",\"https:\/\/www.linkedin.com\/company\/deveho-consulting\/\"]}]}<\/script>\n<!-- \/ Yoast SEO plugin. -->","yoast_head_json":{"title":"Business intelligence - Deveho","robots":{"index":"index","follow":"follow","max-snippet":"max-snippet:-1","max-image-preview":"max-image-preview:large","max-video-preview":"max-video-preview:-1"},"canonical":"https:\/\/deveho.com\/fr\/services\/business-intelligence\/","og_locale":"fr_FR","og_type":"article","og_title":"Business intelligence - Deveho","og_description":"La veille \u00e9conomique se fonde sur le principe de la fiabilit\u00e9 des donn\u00e9es utilis\u00e9es. Leur traitement tout comme leur pr\u00e9sentation en rapports lisibles par les employ\u00e9s donne moyen de prendre les bonnes d\u00e9cisions au bon moment.","og_url":"https:\/\/deveho.com\/fr\/services\/business-intelligence\/","og_site_name":"Deveho","article_publisher":"https:\/\/www.facebook.com\/deveho","article_modified_time":"2024-10-16T15:15:42+00:00","twitter_card":"summary_large_image","twitter_site":"@Deveho1","twitter_misc":{"Dur\u00e9e de lecture estim\u00e9e":"2 minutes"},"schema":{"@context":"https:\/\/schema.org","@graph":[{"@type":"WebPage","@id":"https:\/\/deveho.com\/fr\/services\/business-intelligence\/","url":"https:\/\/deveho.com\/fr\/services\/business-intelligence\/","name":"Business intelligence - Deveho","isPartOf":{"@id":"https:\/\/deveho.com\/#website"},"datePublished":"2022-06-03T08:00:08+00:00","dateModified":"2024-10-16T15:15:42+00:00","breadcrumb":{"@id":"https:\/\/deveho.com\/fr\/services\/business-intelligence\/#breadcrumb"},"inLanguage":"fr-FR","potentialAction":[{"@type":"ReadAction","target":["https:\/\/deveho.com\/fr\/services\/business-intelligence\/"]}]},{"@type":"BreadcrumbList","@id":"https:\/\/deveho.com\/fr\/services\/business-intelligence\/#breadcrumb","itemListElement":[{"@type":"ListItem","position":1,"name":"Home","item":"https:\/\/deveho.com\/fr\/"},{"@type":"ListItem","position":2,"name":"Services","item":"https:\/\/deveho.com\/fr\/services\/"},{"@type":"ListItem","position":3,"name":"Business intelligence"}]},{"@type":"WebSite","@id":"https:\/\/deveho.com\/#website","url":"https:\/\/deveho.com\/","name":"Deveho Consulting Group","description":"Let\u2019s boost your growth","publisher":{"@id":"https:\/\/deveho.com\/#organization"},"potentialAction":[{"@type":"SearchAction","target":{"@type":"EntryPoint","urlTemplate":"https:\/\/deveho.com\/?s={search_term_string}"},"query-input":{"@type":"PropertyValueSpecification","valueRequired":true,"valueName":"search_term_string"}}],"inLanguage":"fr-FR"},{"@type":"Organization","@id":"https:\/\/deveho.com\/#organization","name":"Deveho Consulting Group","url":"https:\/\/deveho.com\/","logo":{"@type":"ImageObject","inLanguage":"fr-FR","@id":"https:\/\/deveho.com\/#\/schema\/logo\/image\/","url":"https:\/\/deveho.com\/wp-content\/uploads\/2023\/02\/DEVEHO-LOGO-Baseline-COLOR.png","contentUrl":"https:\/\/deveho.com\/wp-content\/uploads\/2023\/02\/DEVEHO-LOGO-Baseline-COLOR.png","width":2251,"height":585,"caption":"Deveho Consulting Group"},"image":{"@id":"https:\/\/deveho.com\/#\/schema\/logo\/image\/"},"sameAs":["https:\/\/www.facebook.com\/deveho","https:\/\/x.com\/Deveho1","https:\/\/www.linkedin.com\/company\/deveho-consulting\/"]}]}},"_links":{"self":[{"href":"https:\/\/deveho.com\/fr\/wp-json\/wp\/v2\/pages\/10351"}],"collection":[{"href":"https:\/\/deveho.com\/fr\/wp-json\/wp\/v2\/pages"}],"about":[{"href":"https:\/\/deveho.com\/fr\/wp-json\/wp\/v2\/types\/page"}],"author":[{"embeddable":true,"href":"https:\/\/deveho.com\/fr\/wp-json\/wp\/v2\/users\/3"}],"replies":[{"embeddable":true,"href":"https:\/\/deveho.com\/fr\/wp-json\/wp\/v2\/comments?post=10351"}],"version-history":[{"count":3,"href":"https:\/\/deveho.com\/fr\/wp-json\/wp\/v2\/pages\/10351\/revisions"}],"predecessor-version":[{"id":34272,"href":"https:\/\/deveho.com\/fr\/wp-json\/wp\/v2\/pages\/10351\/revisions\/34272"}],"up":[{"embeddable":true,"href":"https:\/\/deveho.com\/fr\/wp-json\/wp\/v2\/pages\/10354"}],"wp:attachment":[{"href":"https:\/\/deveho.com\/fr\/wp-json\/wp\/v2\/media?parent=10351"}],"curies":[{"name":"wp","href":"https:\/\/api.w.org\/{rel}","templated":true}]}}