{"id":10356,"date":"2022-06-03T11:36:38","date_gmt":"2022-06-03T11:36:38","guid":{"rendered":"https:\/\/deveho2.sfdbeta.be\/sage-frp-1000\/numerisation-avec-sage-frp-1000\/"},"modified":"2022-06-29T14:26:37","modified_gmt":"2022-06-29T14:26:37","slug":"numerisation-avec-sage-frp-1000","status":"publish","type":"page","link":"https:\/\/deveho.com\/fr\/produits\/sage-frp-1000\/numerisation-avec-sage-frp-1000\/","title":{"rendered":"Num\u00e9risation avec SAGE FRP 1000"},"content":{"rendered":"<br \/>\n<h2><\/h2>\n<h3><\/h3>\n<h3><red>La num\u00e9risation contribue \u00e0 r\u00e9duire l&rsquo;utilisation du papier, un probl\u00e8me environnemental majeur, et aide \u00e0 am\u00e9liorer l&rsquo;\u00e9valuation RSE de votre entreprise. La num\u00e9risation r\u00e9duit les co\u00fbts op\u00e9rationnels et le temps de traitement tout en am\u00e9liorant la tra\u00e7abilit\u00e9 et le suivi de la r\u00e8glementation.<\/red>   <\/h3>\n<\/p>\n<h2>Consultez notre blog et acc\u00e9dez \u00e0 des articles et informations ciblant les th\u00e8mes cl\u00e9s de votre entreprise.<\/h2>\n<h3><\/h3>\n<\/p>\n<h3>Profils connexes<\/h3>\n<p>D\u00e9couvrez votre espace conseil, organis\u00e9 selon votre profil, qui peut vous aider \u00e0 d\u00e9velopper votre entreprise.<\/p>\n<h3>Services connexes<\/h3>\n<p>D\u00e9couvrez les services connexes qui peuvent contribuer au d\u00e9veloppement de votre entreprise.<\/p>\n","protected":false},"excerpt":{"rendered":"<p>Aenean eu leo quam. Pellentesque ornare sem lacinia quam venenatis vestibulum. Fusce dapibus, tellus ac cursus commodo, tortor mauris condimentum nibh, ut fermentum massa justo sit amet risus. Cum sociis natoque.<\/p>\n","protected":false},"author":6,"featured_media":0,"parent":10247,"menu_order":0,"comment_status":"closed","ping_status":"closed","template":"templates\/template-prod_serv.php","meta":{"_acf_changed":false,"footnotes":""},"class_list":["post-10356","page","type-page","status-publish","hentry"],"acf":[],"yoast_head":"<!-- This site is optimized with the Yoast SEO plugin v23.5 - https:\/\/yoast.com\/wordpress\/plugins\/seo\/ -->\n<title>Num\u00e9risation avec SAGE FRP 1000 - Deveho<\/title>\n<meta name=\"robots\" content=\"index, follow, max-snippet:-1, max-image-preview:large, max-video-preview:-1\" \/>\n<link rel=\"canonical\" href=\"https:\/\/deveho.com\/fr\/produits\/sage-frp-1000\/numerisation-avec-sage-frp-1000\/\" \/>\n<meta property=\"og:locale\" content=\"fr_FR\" \/>\n<meta property=\"og:type\" content=\"article\" \/>\n<meta property=\"og:title\" content=\"Num\u00e9risation avec SAGE FRP 1000 - Deveho\" \/>\n<meta property=\"og:description\" content=\"Aenean eu leo quam. Pellentesque ornare sem lacinia quam venenatis vestibulum. Fusce dapibus, tellus ac cursus commodo, tortor mauris condimentum nibh, ut fermentum massa justo sit amet risus. Cum sociis natoque.\" \/>\n<meta property=\"og:url\" content=\"https:\/\/deveho.com\/fr\/produits\/sage-frp-1000\/numerisation-avec-sage-frp-1000\/\" \/>\n<meta property=\"og:site_name\" content=\"Deveho\" \/>\n<meta property=\"article:publisher\" content=\"https:\/\/www.facebook.com\/deveho\" \/>\n<meta property=\"article:modified_time\" content=\"2022-06-29T14:26:37+00:00\" \/>\n<meta name=\"twitter:card\" content=\"summary_large_image\" \/>\n<meta name=\"twitter:site\" content=\"@Deveho1\" \/>\n<meta name=\"twitter:label1\" content=\"Dur\u00e9e de lecture estim\u00e9e\" \/>\n\t<meta name=\"twitter:data1\" content=\"1 minute\" \/>\n<script type=\"application\/ld+json\" class=\"yoast-schema-graph\">{\"@context\":\"https:\/\/schema.org\",\"@graph\":[{\"@type\":\"WebPage\",\"@id\":\"https:\/\/deveho.com\/fr\/produits\/sage-frp-1000\/numerisation-avec-sage-frp-1000\/\",\"url\":\"https:\/\/deveho.com\/fr\/produits\/sage-frp-1000\/numerisation-avec-sage-frp-1000\/\",\"name\":\"Num\u00e9risation avec SAGE FRP 1000 - Deveho\",\"isPartOf\":{\"@id\":\"https:\/\/deveho.com\/#website\"},\"datePublished\":\"2022-06-03T11:36:38+00:00\",\"dateModified\":\"2022-06-29T14:26:37+00:00\",\"breadcrumb\":{\"@id\":\"https:\/\/deveho.com\/fr\/produits\/sage-frp-1000\/numerisation-avec-sage-frp-1000\/#breadcrumb\"},\"inLanguage\":\"fr-FR\",\"potentialAction\":[{\"@type\":\"ReadAction\",\"target\":[\"https:\/\/deveho.com\/fr\/produits\/sage-frp-1000\/numerisation-avec-sage-frp-1000\/\"]}]},{\"@type\":\"BreadcrumbList\",\"@id\":\"https:\/\/deveho.com\/fr\/produits\/sage-frp-1000\/numerisation-avec-sage-frp-1000\/#breadcrumb\",\"itemListElement\":[{\"@type\":\"ListItem\",\"position\":1,\"name\":\"Home\",\"item\":\"https:\/\/deveho.com\/fr\/\"},{\"@type\":\"ListItem\",\"position\":2,\"name\":\"Produits\",\"item\":\"https:\/\/deveho.com\/fr\/produits\/\"},{\"@type\":\"ListItem\",\"position\":3,\"name\":\"Sage FRP 1000\",\"item\":\"https:\/\/deveho.com\/fr\/produits\/sage-frp-1000\/\"},{\"@type\":\"ListItem\",\"position\":4,\"name\":\"Num\u00e9risation avec SAGE FRP 1000\"}]},{\"@type\":\"WebSite\",\"@id\":\"https:\/\/deveho.com\/#website\",\"url\":\"https:\/\/deveho.com\/\",\"name\":\"Deveho Consulting Group\",\"description\":\"Let\u2019s boost your growth\",\"publisher\":{\"@id\":\"https:\/\/deveho.com\/#organization\"},\"potentialAction\":[{\"@type\":\"SearchAction\",\"target\":{\"@type\":\"EntryPoint\",\"urlTemplate\":\"https:\/\/deveho.com\/?s={search_term_string}\"},\"query-input\":{\"@type\":\"PropertyValueSpecification\",\"valueRequired\":true,\"valueName\":\"search_term_string\"}}],\"inLanguage\":\"fr-FR\"},{\"@type\":\"Organization\",\"@id\":\"https:\/\/deveho.com\/#organization\",\"name\":\"Deveho Consulting Group\",\"url\":\"https:\/\/deveho.com\/\",\"logo\":{\"@type\":\"ImageObject\",\"inLanguage\":\"fr-FR\",\"@id\":\"https:\/\/deveho.com\/#\/schema\/logo\/image\/\",\"url\":\"https:\/\/deveho.com\/wp-content\/uploads\/2023\/02\/DEVEHO-LOGO-Baseline-COLOR.png\",\"contentUrl\":\"https:\/\/deveho.com\/wp-content\/uploads\/2023\/02\/DEVEHO-LOGO-Baseline-COLOR.png\",\"width\":2251,\"height\":585,\"caption\":\"Deveho Consulting Group\"},\"image\":{\"@id\":\"https:\/\/deveho.com\/#\/schema\/logo\/image\/\"},\"sameAs\":[\"https:\/\/www.facebook.com\/deveho\",\"https:\/\/x.com\/Deveho1\",\"https:\/\/www.linkedin.com\/company\/deveho-consulting\/\"]}]}<\/script>\n<!-- \/ Yoast SEO plugin. -->","yoast_head_json":{"title":"Num\u00e9risation avec SAGE FRP 1000 - Deveho","robots":{"index":"index","follow":"follow","max-snippet":"max-snippet:-1","max-image-preview":"max-image-preview:large","max-video-preview":"max-video-preview:-1"},"canonical":"https:\/\/deveho.com\/fr\/produits\/sage-frp-1000\/numerisation-avec-sage-frp-1000\/","og_locale":"fr_FR","og_type":"article","og_title":"Num\u00e9risation avec SAGE FRP 1000 - Deveho","og_description":"Aenean eu leo quam. Pellentesque ornare sem lacinia quam venenatis vestibulum. Fusce dapibus, tellus ac cursus commodo, tortor mauris condimentum nibh, ut fermentum massa justo sit amet risus. Cum sociis natoque.","og_url":"https:\/\/deveho.com\/fr\/produits\/sage-frp-1000\/numerisation-avec-sage-frp-1000\/","og_site_name":"Deveho","article_publisher":"https:\/\/www.facebook.com\/deveho","article_modified_time":"2022-06-29T14:26:37+00:00","twitter_card":"summary_large_image","twitter_site":"@Deveho1","twitter_misc":{"Dur\u00e9e de lecture estim\u00e9e":"1 minute"},"schema":{"@context":"https:\/\/schema.org","@graph":[{"@type":"WebPage","@id":"https:\/\/deveho.com\/fr\/produits\/sage-frp-1000\/numerisation-avec-sage-frp-1000\/","url":"https:\/\/deveho.com\/fr\/produits\/sage-frp-1000\/numerisation-avec-sage-frp-1000\/","name":"Num\u00e9risation avec SAGE FRP 1000 - Deveho","isPartOf":{"@id":"https:\/\/deveho.com\/#website"},"datePublished":"2022-06-03T11:36:38+00:00","dateModified":"2022-06-29T14:26:37+00:00","breadcrumb":{"@id":"https:\/\/deveho.com\/fr\/produits\/sage-frp-1000\/numerisation-avec-sage-frp-1000\/#breadcrumb"},"inLanguage":"fr-FR","potentialAction":[{"@type":"ReadAction","target":["https:\/\/deveho.com\/fr\/produits\/sage-frp-1000\/numerisation-avec-sage-frp-1000\/"]}]},{"@type":"BreadcrumbList","@id":"https:\/\/deveho.com\/fr\/produits\/sage-frp-1000\/numerisation-avec-sage-frp-1000\/#breadcrumb","itemListElement":[{"@type":"ListItem","position":1,"name":"Home","item":"https:\/\/deveho.com\/fr\/"},{"@type":"ListItem","position":2,"name":"Produits","item":"https:\/\/deveho.com\/fr\/produits\/"},{"@type":"ListItem","position":3,"name":"Sage FRP 1000","item":"https:\/\/deveho.com\/fr\/produits\/sage-frp-1000\/"},{"@type":"ListItem","position":4,"name":"Num\u00e9risation avec SAGE FRP 1000"}]},{"@type":"WebSite","@id":"https:\/\/deveho.com\/#website","url":"https:\/\/deveho.com\/","name":"Deveho Consulting Group","description":"Let\u2019s boost your growth","publisher":{"@id":"https:\/\/deveho.com\/#organization"},"potentialAction":[{"@type":"SearchAction","target":{"@type":"EntryPoint","urlTemplate":"https:\/\/deveho.com\/?s={search_term_string}"},"query-input":{"@type":"PropertyValueSpecification","valueRequired":true,"valueName":"search_term_string"}}],"inLanguage":"fr-FR"},{"@type":"Organization","@id":"https:\/\/deveho.com\/#organization","name":"Deveho Consulting Group","url":"https:\/\/deveho.com\/","logo":{"@type":"ImageObject","inLanguage":"fr-FR","@id":"https:\/\/deveho.com\/#\/schema\/logo\/image\/","url":"https:\/\/deveho.com\/wp-content\/uploads\/2023\/02\/DEVEHO-LOGO-Baseline-COLOR.png","contentUrl":"https:\/\/deveho.com\/wp-content\/uploads\/2023\/02\/DEVEHO-LOGO-Baseline-COLOR.png","width":2251,"height":585,"caption":"Deveho Consulting Group"},"image":{"@id":"https:\/\/deveho.com\/#\/schema\/logo\/image\/"},"sameAs":["https:\/\/www.facebook.com\/deveho","https:\/\/x.com\/Deveho1","https:\/\/www.linkedin.com\/company\/deveho-consulting\/"]}]}},"_links":{"self":[{"href":"https:\/\/deveho.com\/fr\/wp-json\/wp\/v2\/pages\/10356"}],"collection":[{"href":"https:\/\/deveho.com\/fr\/wp-json\/wp\/v2\/pages"}],"about":[{"href":"https:\/\/deveho.com\/fr\/wp-json\/wp\/v2\/types\/page"}],"author":[{"embeddable":true,"href":"https:\/\/deveho.com\/fr\/wp-json\/wp\/v2\/users\/6"}],"replies":[{"embeddable":true,"href":"https:\/\/deveho.com\/fr\/wp-json\/wp\/v2\/comments?post=10356"}],"version-history":[{"count":0,"href":"https:\/\/deveho.com\/fr\/wp-json\/wp\/v2\/pages\/10356\/revisions"}],"up":[{"embeddable":true,"href":"https:\/\/deveho.com\/fr\/wp-json\/wp\/v2\/pages\/10247"}],"wp:attachment":[{"href":"https:\/\/deveho.com\/fr\/wp-json\/wp\/v2\/media?parent=10356"}],"curies":[{"name":"wp","href":"https:\/\/api.w.org\/{rel}","templated":true}]}}