{"id":10357,"date":"2022-06-03T13:32:02","date_gmt":"2022-06-03T13:32:02","guid":{"rendered":"https:\/\/deveho2.sfdbeta.be\/produits\/la-solution-sage-xrt\/"},"modified":"2023-09-06T14:06:29","modified_gmt":"2023-09-06T12:06:29","slug":"sage-xrt","status":"publish","type":"page","link":"https:\/\/deveho.com\/fr\/produits\/sage-xrt\/","title":{"rendered":"Sage XRT"},"content":{"rendered":"<br \/>\n<h2>Pour quoi choisir les solutions Sage XRT ?<\/h2>\n<h3>S\u00e9curit\u00e9<\/h3>\n<p><p>Certifications ISO 27001\/27018 and ISAE 3402, label SWIFTReady for Corporates &#8211; Cash Management<\/p>\n<\/p>\n<h3>Rapidit\u00e9 et agilit\u00e9<\/h3>\n<p><p>Int\u00e9gration de la solution en 20 jours<\/p>\n<\/p>\n<h3>Performance<\/h3>\n<div id=\"flexitem-c2c160bab3ef4eeea3840d1427b61c05-1\" class=\"flex-item\">\n<div id=\"stylebox-158b6b18ec2b406ca846335f248bd090-0\" class=\"score-style-box\" data-ux-module=\"score_bootstrap\/Components\/StyleBox\" data-ux-state=\"loaded\">\n<div id=\"highlight-e8e038f240c3433d8ae0a7c178d633bd-0\" class=\"score-highlight highlight--horizontal\">\n<div class=\"caption\">\n<div class=\"score-highlight-body\">100 000 lignes comptables en 20 secondes<\/div>\n<\/div>\n<\/div>\n<\/div>\n<\/div>\n<div id=\"flexitem-4ac2555df4cb4237a831f91ef63b4536-1\" class=\"flex-item\">\n<div id=\"stylebox-53bb1a7cced64bffa7db982351240792-0\" class=\"score-style-box\" data-ux-module=\"score_bootstrap\/Components\/StyleBox\" data-ux-state=\"loaded\">\n<div id=\"highlight-72ccb4d4c3a7403686f86acbae58adf1-0\" class=\"score-highlight highlight--horizontal\"><\/div>\n<\/div>\n<\/div>\n<h3>Fiabilit\u00e9<\/h3>\n<p><p>Solution utilis\u00e9e par les plus grandes banques fran\u00e7aises<\/p>\n<\/p>\n<h3>Satisfaction<\/h3>\n<p><p>Plus de 2 300 clients utilisent la solution XRT<\/p>\n<\/p>\n<h2>Optimisez la gestion du fonds de roulement, des liquidit\u00e9s ; appliquez une strat\u00e9gie efficace et obtenez un avantage comp\u00e9titif.<\/h2>\n<h3>Surveillez votre tr\u00e9sorerie<\/h3>\n<p><p>Une vue en temps r\u00e9el de vos liquidit\u00e9s vous permet de faire des compromis raisonnables, de surveiller les activit\u00e9s de l&#8217;entreprise et de ses filiales et d&#8217;optimiser les relations avec les partenaires bancaires.<\/p>\n<\/p>\n<h3>Rapprochez vos flux financiers<\/h3>\n<p><p>Un puissant outil de rapprochement automatise &#8211; jusqu&#8217;\u00e0 90%) et optimise les temps de traitement pour g\u00e9rer de grands volumes de donn\u00e9es. Les crit\u00e8res de rapprochement sont illimit\u00e9s, tr\u00e8s approfondis et ajust\u00e9s Les rapprochements manuels sont grandement facilit\u00e9s, gr\u00e2ce \u00e0 un \u00e9cran qui peut \u00eatre personnalis\u00e9 par l&#8217;utilisateur.<\/p>\n<\/p>\n<h3>G\u00e9rez les autorisations bancaires<\/h3>\n<p><p>Les autorisations bancaires sont un \u00e9l\u00e9ment essentiel de la cha\u00eene de s\u00e9curit\u00e9 financi\u00e8re de l&#8217;entreprise. Elles d\u00e9finissent ce qui peut faire quoi avec les comptes bancaires de l&#8217;entreprise.<\/p>\n<\/p>\n<h3>Rapports<\/h3>\n<p><p>Les tableaux de bord avec indicateurs cl\u00e9s sont personnalis\u00e9s en fonction de l&#8217;activit\u00e9 de l&#8217;entreprise et le profil de chaque utilisateur. Un concepteur de rapports est int\u00e9gr\u00e9, offrant de nombreuses possibilit\u00e9s d&#8217;analyse des donn\u00e9es, soit gr\u00e2ce \u00e0 une grille de donn\u00e9e, un tableau crois\u00e9 dynamique, un graphique, soit en exportant les donn\u00e9es dans des formats divers ( Excel\u00ae, PDF, autres formats configurables).<\/p>\n<\/p>\n<h3>Une plateforme collaborative et ouverte<\/h3>\n<p><p>Cela facilite les \u00e9changes avec les acteurs financiers de votre entreprise (tr\u00e9sorier, responsable financier, banques, etc.) et s&#8217;int\u00e8gre avec les solutions Sage tout autant qu&#8217;avec les autres syst\u00e8mes PGI sur le march\u00e9. Les \u00e9changes de donn\u00e9es sont plus faciles gr\u00e2ce \u00e0 une interface configurable comprenant des convertisseurs.<\/p>\n<\/p>\n<h3>Optimisation des relations entre holding et filiales<\/h3>\n<p><p>L&#8217;organigramme intra-groupe et les relations entre l&#8217;entreprise-m\u00e8re et ses filiales doivent \u00eatre d\u00e9finis en fonction de l&#8217;organisation interne de l&#8217;entreprise. Diff\u00e9rents types d&#8217;interactions sont possibles, telles que transferts de fonds ou pr\u00eats.<\/p>\n<\/p>\n<h3>Une augmentation de la productivit\u00e9<\/h3>\n<p><p>Accessible \u00e0 partir d&#8217;un simple navigateur internet et \u00e0 partir de divers appareils (ordinateurs, tablettes, smartphones), la plateforme offre une navigation simple, intuitive, conviviale et permet un acc\u00e8s s\u00e9curis\u00e9 \u00e0 tout moment et en tout temps pour partager les informations financi\u00e8res.<\/p>\n<\/p>\n<h3><red>B\u00e9n\u00e9ficiez d&rsquo;une visibilit\u00e9 de bout en bout et en temps r\u00e9el de vos liquidit\u00e9s et optimisez vos ressources financi\u00e8res<\/red><\/h3>\n<\/p>\n<p>Une technologie accessible<\/p>\n<p>Une vision globale des liquidit\u00e9s<\/p>\n<p>Une compatibilit\u00e9 compl\u00e8te<\/p>\n<p>Des d\u00e9cisions plus judicieuses<\/p>\n<p>Une s\u00e9curit\u00e9 renforc\u00e9e<\/p>\n<p>Des risques r\u00e9duits<\/p>\n<p>Des co\u00fbts r\u00e9duits<\/p>\n<p>Une meilleure efficacit\u00e9<\/p>\n<p>Une int\u00e9gration sans failles<\/p>\n<p>Une gestion compl\u00e8te des flux de tr\u00e9sorerie<\/p>\n<p>Une conformit\u00e9 r\u00e8glementaire<\/p>\n<h2><\/h2>\n<h3>Pages Li\u00e9es<\/h3>\n<\/p>\n<h3><\/h3>\n<\/p>\n<h3><\/h3><\/p>\n","protected":false},"excerpt":{"rendered":"<p>Les solutions Sage XRT (Tr\u00e9sorerie, banque en ligne, transactions commerciales) permettent aux entreprises dans le monde entier de centraliser les informations concernant les flux financiers, d&rsquo;homog\u00e9n\u00e9iser les processus commerciaux strat\u00e9giques et d&rsquo;automatiser les communications financi\u00e8res entre partenaires bancaires et d&rsquo;affaires. . Avec ses fonctionnalit\u00e9s puissantes, Sage XRT aide les entreprises \u00e0 r\u00e9aliser leurs t\u00e2ches de banque en ligne, gestion de la tr\u00e9sorerie et des liquidit\u00e9s. Ces trois dimensions essentielles pour la durabilit\u00e9 des entreprises sont aussi au fondement de strat\u00e9gies robustes pour soutenir la croissance.<\/p>\n","protected":false},"author":3,"featured_media":0,"parent":10307,"menu_order":0,"comment_status":"closed","ping_status":"closed","template":"templates\/template-prod_serv.php","meta":{"_acf_changed":false,"footnotes":""},"class_list":["post-10357","page","type-page","status-publish","hentry"],"acf":[],"yoast_head":"<!-- This site is optimized with the Yoast SEO plugin v23.5 - https:\/\/yoast.com\/wordpress\/plugins\/seo\/ -->\n<title>Sage XRT - Deveho<\/title>\n<meta name=\"robots\" content=\"index, follow, max-snippet:-1, max-image-preview:large, max-video-preview:-1\" \/>\n<link rel=\"canonical\" href=\"https:\/\/deveho.com\/fr\/produits\/sage-xrt\/\" \/>\n<meta property=\"og:locale\" content=\"fr_FR\" \/>\n<meta property=\"og:type\" content=\"article\" \/>\n<meta property=\"og:title\" content=\"Sage XRT - Deveho\" \/>\n<meta property=\"og:description\" content=\"Les solutions Sage XRT (Tr\u00e9sorerie, banque en ligne, transactions commerciales) permettent aux entreprises dans le monde entier de centraliser les informations concernant les flux financiers, d&#039;homog\u00e9n\u00e9iser les processus commerciaux strat\u00e9giques et d&#039;automatiser les communications financi\u00e8res entre partenaires bancaires et d&#039;affaires. . Avec ses fonctionnalit\u00e9s puissantes, Sage XRT aide les entreprises \u00e0 r\u00e9aliser leurs t\u00e2ches de banque en ligne, gestion de la tr\u00e9sorerie et des liquidit\u00e9s. Ces trois dimensions essentielles pour la durabilit\u00e9 des entreprises sont aussi au fondement de strat\u00e9gies robustes pour soutenir la croissance.\" \/>\n<meta property=\"og:url\" content=\"https:\/\/deveho.com\/fr\/produits\/sage-xrt\/\" \/>\n<meta property=\"og:site_name\" content=\"Deveho\" \/>\n<meta property=\"article:publisher\" content=\"https:\/\/www.facebook.com\/deveho\" \/>\n<meta property=\"article:modified_time\" content=\"2023-09-06T12:06:29+00:00\" \/>\n<meta name=\"twitter:card\" content=\"summary_large_image\" \/>\n<meta name=\"twitter:site\" content=\"@Deveho1\" \/>\n<meta name=\"twitter:label1\" content=\"Dur\u00e9e de lecture estim\u00e9e\" \/>\n\t<meta name=\"twitter:data1\" content=\"2 minutes\" \/>\n<script type=\"application\/ld+json\" class=\"yoast-schema-graph\">{\"@context\":\"https:\/\/schema.org\",\"@graph\":[{\"@type\":\"WebPage\",\"@id\":\"https:\/\/deveho.com\/fr\/produits\/sage-xrt\/\",\"url\":\"https:\/\/deveho.com\/fr\/produits\/sage-xrt\/\",\"name\":\"Sage XRT - Deveho\",\"isPartOf\":{\"@id\":\"https:\/\/deveho.com\/#website\"},\"datePublished\":\"2022-06-03T13:32:02+00:00\",\"dateModified\":\"2023-09-06T12:06:29+00:00\",\"breadcrumb\":{\"@id\":\"https:\/\/deveho.com\/fr\/produits\/sage-xrt\/#breadcrumb\"},\"inLanguage\":\"fr-FR\",\"potentialAction\":[{\"@type\":\"ReadAction\",\"target\":[\"https:\/\/deveho.com\/fr\/produits\/sage-xrt\/\"]}]},{\"@type\":\"BreadcrumbList\",\"@id\":\"https:\/\/deveho.com\/fr\/produits\/sage-xrt\/#breadcrumb\",\"itemListElement\":[{\"@type\":\"ListItem\",\"position\":1,\"name\":\"Home\",\"item\":\"https:\/\/deveho.com\/fr\/\"},{\"@type\":\"ListItem\",\"position\":2,\"name\":\"Produits\",\"item\":\"https:\/\/deveho.com\/fr\/produits\/\"},{\"@type\":\"ListItem\",\"position\":3,\"name\":\"Sage XRT\"}]},{\"@type\":\"WebSite\",\"@id\":\"https:\/\/deveho.com\/#website\",\"url\":\"https:\/\/deveho.com\/\",\"name\":\"Deveho Consulting Group\",\"description\":\"Let\u2019s boost your growth\",\"publisher\":{\"@id\":\"https:\/\/deveho.com\/#organization\"},\"potentialAction\":[{\"@type\":\"SearchAction\",\"target\":{\"@type\":\"EntryPoint\",\"urlTemplate\":\"https:\/\/deveho.com\/?s={search_term_string}\"},\"query-input\":{\"@type\":\"PropertyValueSpecification\",\"valueRequired\":true,\"valueName\":\"search_term_string\"}}],\"inLanguage\":\"fr-FR\"},{\"@type\":\"Organization\",\"@id\":\"https:\/\/deveho.com\/#organization\",\"name\":\"Deveho Consulting Group\",\"url\":\"https:\/\/deveho.com\/\",\"logo\":{\"@type\":\"ImageObject\",\"inLanguage\":\"fr-FR\",\"@id\":\"https:\/\/deveho.com\/#\/schema\/logo\/image\/\",\"url\":\"https:\/\/deveho.com\/wp-content\/uploads\/2023\/02\/DEVEHO-LOGO-Baseline-COLOR.png\",\"contentUrl\":\"https:\/\/deveho.com\/wp-content\/uploads\/2023\/02\/DEVEHO-LOGO-Baseline-COLOR.png\",\"width\":2251,\"height\":585,\"caption\":\"Deveho Consulting Group\"},\"image\":{\"@id\":\"https:\/\/deveho.com\/#\/schema\/logo\/image\/\"},\"sameAs\":[\"https:\/\/www.facebook.com\/deveho\",\"https:\/\/x.com\/Deveho1\",\"https:\/\/www.linkedin.com\/company\/deveho-consulting\/\"]}]}<\/script>\n<!-- \/ Yoast SEO plugin. -->","yoast_head_json":{"title":"Sage XRT - Deveho","robots":{"index":"index","follow":"follow","max-snippet":"max-snippet:-1","max-image-preview":"max-image-preview:large","max-video-preview":"max-video-preview:-1"},"canonical":"https:\/\/deveho.com\/fr\/produits\/sage-xrt\/","og_locale":"fr_FR","og_type":"article","og_title":"Sage XRT - Deveho","og_description":"Les solutions Sage XRT (Tr\u00e9sorerie, banque en ligne, transactions commerciales) permettent aux entreprises dans le monde entier de centraliser les informations concernant les flux financiers, d'homog\u00e9n\u00e9iser les processus commerciaux strat\u00e9giques et d'automatiser les communications financi\u00e8res entre partenaires bancaires et d'affaires. . Avec ses fonctionnalit\u00e9s puissantes, Sage XRT aide les entreprises \u00e0 r\u00e9aliser leurs t\u00e2ches de banque en ligne, gestion de la tr\u00e9sorerie et des liquidit\u00e9s. Ces trois dimensions essentielles pour la durabilit\u00e9 des entreprises sont aussi au fondement de strat\u00e9gies robustes pour soutenir la croissance.","og_url":"https:\/\/deveho.com\/fr\/produits\/sage-xrt\/","og_site_name":"Deveho","article_publisher":"https:\/\/www.facebook.com\/deveho","article_modified_time":"2023-09-06T12:06:29+00:00","twitter_card":"summary_large_image","twitter_site":"@Deveho1","twitter_misc":{"Dur\u00e9e de lecture estim\u00e9e":"2 minutes"},"schema":{"@context":"https:\/\/schema.org","@graph":[{"@type":"WebPage","@id":"https:\/\/deveho.com\/fr\/produits\/sage-xrt\/","url":"https:\/\/deveho.com\/fr\/produits\/sage-xrt\/","name":"Sage XRT - Deveho","isPartOf":{"@id":"https:\/\/deveho.com\/#website"},"datePublished":"2022-06-03T13:32:02+00:00","dateModified":"2023-09-06T12:06:29+00:00","breadcrumb":{"@id":"https:\/\/deveho.com\/fr\/produits\/sage-xrt\/#breadcrumb"},"inLanguage":"fr-FR","potentialAction":[{"@type":"ReadAction","target":["https:\/\/deveho.com\/fr\/produits\/sage-xrt\/"]}]},{"@type":"BreadcrumbList","@id":"https:\/\/deveho.com\/fr\/produits\/sage-xrt\/#breadcrumb","itemListElement":[{"@type":"ListItem","position":1,"name":"Home","item":"https:\/\/deveho.com\/fr\/"},{"@type":"ListItem","position":2,"name":"Produits","item":"https:\/\/deveho.com\/fr\/produits\/"},{"@type":"ListItem","position":3,"name":"Sage XRT"}]},{"@type":"WebSite","@id":"https:\/\/deveho.com\/#website","url":"https:\/\/deveho.com\/","name":"Deveho Consulting Group","description":"Let\u2019s boost your growth","publisher":{"@id":"https:\/\/deveho.com\/#organization"},"potentialAction":[{"@type":"SearchAction","target":{"@type":"EntryPoint","urlTemplate":"https:\/\/deveho.com\/?s={search_term_string}"},"query-input":{"@type":"PropertyValueSpecification","valueRequired":true,"valueName":"search_term_string"}}],"inLanguage":"fr-FR"},{"@type":"Organization","@id":"https:\/\/deveho.com\/#organization","name":"Deveho Consulting Group","url":"https:\/\/deveho.com\/","logo":{"@type":"ImageObject","inLanguage":"fr-FR","@id":"https:\/\/deveho.com\/#\/schema\/logo\/image\/","url":"https:\/\/deveho.com\/wp-content\/uploads\/2023\/02\/DEVEHO-LOGO-Baseline-COLOR.png","contentUrl":"https:\/\/deveho.com\/wp-content\/uploads\/2023\/02\/DEVEHO-LOGO-Baseline-COLOR.png","width":2251,"height":585,"caption":"Deveho Consulting Group"},"image":{"@id":"https:\/\/deveho.com\/#\/schema\/logo\/image\/"},"sameAs":["https:\/\/www.facebook.com\/deveho","https:\/\/x.com\/Deveho1","https:\/\/www.linkedin.com\/company\/deveho-consulting\/"]}]}},"_links":{"self":[{"href":"https:\/\/deveho.com\/fr\/wp-json\/wp\/v2\/pages\/10357"}],"collection":[{"href":"https:\/\/deveho.com\/fr\/wp-json\/wp\/v2\/pages"}],"about":[{"href":"https:\/\/deveho.com\/fr\/wp-json\/wp\/v2\/types\/page"}],"author":[{"embeddable":true,"href":"https:\/\/deveho.com\/fr\/wp-json\/wp\/v2\/users\/3"}],"replies":[{"embeddable":true,"href":"https:\/\/deveho.com\/fr\/wp-json\/wp\/v2\/comments?post=10357"}],"version-history":[{"count":0,"href":"https:\/\/deveho.com\/fr\/wp-json\/wp\/v2\/pages\/10357\/revisions"}],"up":[{"embeddable":true,"href":"https:\/\/deveho.com\/fr\/wp-json\/wp\/v2\/pages\/10307"}],"wp:attachment":[{"href":"https:\/\/deveho.com\/fr\/wp-json\/wp\/v2\/media?parent=10357"}],"curies":[{"name":"wp","href":"https:\/\/api.w.org\/{rel}","templated":true}]}}