{"id":10358,"date":"2022-06-06T12:58:01","date_gmt":"2022-06-06T12:58:01","guid":{"rendered":"https:\/\/deveho2.sfdbeta.be\/services\/hebergement-cloud\/"},"modified":"2022-12-05T13:07:23","modified_gmt":"2022-12-05T11:07:23","slug":"hebergement-cloud","status":"publish","type":"page","link":"https:\/\/deveho.com\/fr\/services\/hebergement-cloud\/","title":{"rendered":"H\u00e9bergement &#038; Cloud"},"content":{"rendered":"<br \/>\n<h2><\/h2>\n<h3>Information g\u00e9n\u00e9rale sur Cloud X3<\/h3>\n<h3><\/h3>\n<p><p>Sage X3 peut \u00eatre d\u00e9ploy\u00e9 en modes &#8220;sur site&#8221; ou h\u00e9berg\u00e9 (cloud public ou priv\u00e9 au choix). Sage X3 fait intervenir une gamme de nouveaux composants technologiques qui sont reconnus, au sein du secteur, comme \u00e9tant les choix les meilleurs et les plus novateurs pour un usage mobile et multinavigateurs, pour la vitesse de recherche, le d\u00e9veloppement des services internet, l&#8217;int\u00e9gration de bases de donn\u00e9es cloud et la gestion documentaire.<\/p>\n<ul>\n<li><a href=\"https:\/\/deveho.com\/fr\/services\/hebergement-cloud\/aws\/\">AWS \u203a<\/a><\/li>\n<li><a href=\"https:\/\/deveho.com\/fr\/services\/hebergement-cloud\/ovh\/\">OVH \u203a<\/a><\/li>\n<\/ul>\n<h2><red><b>Avantages<\/b><\/red>      <\/h2>\n<h3>P\u00e9rim\u00e8tre fonctionnel et int\u00e9gration exceptionnels<\/h3>\n<p><p>Ne faites pas de compromis sur les fonctionnalit\u00e9s commerciales juste pour b\u00e9n\u00e9ficier du Cloud Sage X3 g\u00e8re l&#8217;ensemble de vos processus, de la finance \u00e0 la distribution et \u00e0 la production, par le biais d&#8217;une incomparable solution int\u00e9gr\u00e9e sur le cloud. Les r\u00e9sultats en sont des op\u00e9rations rationalis\u00e9es, des informations en temps r\u00e9el sur vos activit\u00e9s et une am\u00e9lioration de la performance.<\/p>\n<\/p>\n<h3>Soutien excellent pour les organisations aux ambitions globales<\/h3>\n<p><p>Ne laissez pas les solutions bas\u00e9es sur le cloud limiter vos ambitions d&#8217;expansion. Sage X3 aide \u00e0 la gestion des op\u00e9rations locales \u00e0 l&#8217;international, g\u00e9rant des structures organisationnelles et hi\u00e9rarchiques complexes (pluri-entreprises, pluri-sites, modes multi-productions, pluri-r\u00e8glementations et \u00e0 multiples livres comptables).<\/p>\n<\/p>\n<h3>Construit pour les op\u00e9rations sp\u00e9cifiques \u00e0 chaque secteur professionnel<\/h3>\n<p><p>Ne vous laissez pas poser des limites par des solutions cloud \u00e0 taille unique. Sage X3 est con\u00e7u pour les secteurs de la production, de la distribution et des services et fournit des solutions compl\u00e8tes et faciles d&#8217;utilisation qui vous permettront de g\u00e9rer vos op\u00e9rations plus rapidement et d&#8217;en am\u00e9liorer les performances.<\/p>\n<\/p>\n<h3>Possibilit\u00e9s de personnalisation et d&rsquo;adaptabilit\u00e9 exceptionnelles<\/h3>\n<p><p>Ne laissez pas la technologie vous dicter vos choix professionnels. Sage X3 est tr\u00e8s souple et peut s&#8217;adapter aux processus et flux sp\u00e9cifiques \u00e0 votre secteur professionnel. Vous pouvez aussi h\u00e9berger la solution au sein de votre propre infrastructure priv\u00e9e (sur site ou h\u00e9berg\u00e9e par un partenaire) sans aucune perte de donn\u00e9es ou de fonctionnalit\u00e9s.<\/p>\n<\/p>\n<h3>\u00c9volutivit\u00e9, performance et s\u00e9curisation exceptionnelles<\/h3>\n<p><p>Toutes les solutions cloud n&#8217;ont pas \u00e9t\u00e9 cr\u00e9\u00e9es \u00e9gales. Sage X3 s&#8217;appuie sur des infrastructures cloud reconnues mondialement comme fournissant la plateforme la plus s\u00e9curis\u00e9e, fiable et \u00e9volutive, comme cela est prouv\u00e9 par les nombreuses certifications re\u00e7ues et son respect strict des divers directives et r\u00e8glementations sur la confidentialit\u00e9.<\/p>\n<\/p>\n<h3>Acc\u00e8s distant universel via l&rsquo;internet<\/h3>\n<p><p>La mobilit\u00e9 n&#8217;est pas l&#8217;apanage des dirigeants. Avec Sage X3, tous les utilisateurs b\u00e9n\u00e9ficient d&#8217;un acc\u00e8s s\u00e9curis\u00e9 \u00e0 toutes les donn\u00e9es et fonctions du syst\u00e8me, sur n&#8217;importe quel navigateur ou appareil mobile, et sur une gamme de terminaux couramment utilis\u00e9s, quelle que soit leur localisation. L&#8217;interface HTML5 assure une exp\u00e9rience intuitive de la navigation internet et permet aux utilisateurs de la personnaliser tr\u00e8s simplement.<\/p>\n<\/p>\n<h2><\/h2>\n<h3>Pages Li\u00e9es<\/h3>\n<\/p>\n<h3><\/h3>\n<\/p>\n<h3><\/h3><\/p>\n","protected":false},"excerpt":{"rendered":"<p>DEVEHO consulting group fournit des services en mati\u00e8re de cloud et d&rsquo;h\u00e9bergement, personnalis\u00e9s pour s&rsquo;adapter aux forces de votre organisation actuelle, tout tenant compte vos ambitions d&rsquo;expansion future. <\/p>\n","protected":false},"author":3,"featured_media":0,"parent":10354,"menu_order":0,"comment_status":"closed","ping_status":"closed","template":"templates\/template-prod_serv.php","meta":{"_acf_changed":false,"footnotes":""},"class_list":["post-10358","page","type-page","status-publish","hentry"],"acf":[],"yoast_head":"<!-- This site is optimized with the Yoast SEO plugin v23.5 - https:\/\/yoast.com\/wordpress\/plugins\/seo\/ -->\n<title>H\u00e9bergement &amp; Cloud - Deveho<\/title>\n<meta name=\"robots\" content=\"index, follow, max-snippet:-1, max-image-preview:large, max-video-preview:-1\" \/>\n<link rel=\"canonical\" href=\"https:\/\/deveho.com\/fr\/services\/hebergement-cloud\/\" \/>\n<meta property=\"og:locale\" content=\"fr_FR\" \/>\n<meta property=\"og:type\" content=\"article\" \/>\n<meta property=\"og:title\" content=\"H\u00e9bergement &amp; Cloud - Deveho\" \/>\n<meta property=\"og:description\" content=\"DEVEHO consulting group fournit des services en mati\u00e8re de cloud et d&#039;h\u00e9bergement, personnalis\u00e9s pour s&#039;adapter aux forces de votre organisation actuelle, tout tenant compte vos ambitions d&#039;expansion future.\" \/>\n<meta property=\"og:url\" content=\"https:\/\/deveho.com\/fr\/services\/hebergement-cloud\/\" \/>\n<meta property=\"og:site_name\" content=\"Deveho\" \/>\n<meta property=\"article:publisher\" content=\"https:\/\/www.facebook.com\/deveho\" \/>\n<meta property=\"article:modified_time\" content=\"2022-12-05T11:07:23+00:00\" \/>\n<meta name=\"twitter:card\" content=\"summary_large_image\" \/>\n<meta name=\"twitter:site\" content=\"@Deveho1\" \/>\n<meta name=\"twitter:label1\" content=\"Dur\u00e9e de lecture estim\u00e9e\" \/>\n\t<meta name=\"twitter:data1\" content=\"3 minutes\" \/>\n<script type=\"application\/ld+json\" class=\"yoast-schema-graph\">{\"@context\":\"https:\/\/schema.org\",\"@graph\":[{\"@type\":\"WebPage\",\"@id\":\"https:\/\/deveho.com\/fr\/services\/hebergement-cloud\/\",\"url\":\"https:\/\/deveho.com\/fr\/services\/hebergement-cloud\/\",\"name\":\"H\u00e9bergement & Cloud - Deveho\",\"isPartOf\":{\"@id\":\"https:\/\/deveho.com\/#website\"},\"datePublished\":\"2022-06-06T12:58:01+00:00\",\"dateModified\":\"2022-12-05T11:07:23+00:00\",\"breadcrumb\":{\"@id\":\"https:\/\/deveho.com\/fr\/services\/hebergement-cloud\/#breadcrumb\"},\"inLanguage\":\"fr-FR\",\"potentialAction\":[{\"@type\":\"ReadAction\",\"target\":[\"https:\/\/deveho.com\/fr\/services\/hebergement-cloud\/\"]}]},{\"@type\":\"BreadcrumbList\",\"@id\":\"https:\/\/deveho.com\/fr\/services\/hebergement-cloud\/#breadcrumb\",\"itemListElement\":[{\"@type\":\"ListItem\",\"position\":1,\"name\":\"Home\",\"item\":\"https:\/\/deveho.com\/fr\/\"},{\"@type\":\"ListItem\",\"position\":2,\"name\":\"Services\",\"item\":\"https:\/\/deveho.com\/fr\/services\/\"},{\"@type\":\"ListItem\",\"position\":3,\"name\":\"H\u00e9bergement &#038; Cloud\"}]},{\"@type\":\"WebSite\",\"@id\":\"https:\/\/deveho.com\/#website\",\"url\":\"https:\/\/deveho.com\/\",\"name\":\"Deveho Consulting Group\",\"description\":\"Let\u2019s boost your growth\",\"publisher\":{\"@id\":\"https:\/\/deveho.com\/#organization\"},\"potentialAction\":[{\"@type\":\"SearchAction\",\"target\":{\"@type\":\"EntryPoint\",\"urlTemplate\":\"https:\/\/deveho.com\/?s={search_term_string}\"},\"query-input\":{\"@type\":\"PropertyValueSpecification\",\"valueRequired\":true,\"valueName\":\"search_term_string\"}}],\"inLanguage\":\"fr-FR\"},{\"@type\":\"Organization\",\"@id\":\"https:\/\/deveho.com\/#organization\",\"name\":\"Deveho Consulting Group\",\"url\":\"https:\/\/deveho.com\/\",\"logo\":{\"@type\":\"ImageObject\",\"inLanguage\":\"fr-FR\",\"@id\":\"https:\/\/deveho.com\/#\/schema\/logo\/image\/\",\"url\":\"https:\/\/deveho.com\/wp-content\/uploads\/2023\/02\/DEVEHO-LOGO-Baseline-COLOR.png\",\"contentUrl\":\"https:\/\/deveho.com\/wp-content\/uploads\/2023\/02\/DEVEHO-LOGO-Baseline-COLOR.png\",\"width\":2251,\"height\":585,\"caption\":\"Deveho Consulting Group\"},\"image\":{\"@id\":\"https:\/\/deveho.com\/#\/schema\/logo\/image\/\"},\"sameAs\":[\"https:\/\/www.facebook.com\/deveho\",\"https:\/\/x.com\/Deveho1\",\"https:\/\/www.linkedin.com\/company\/deveho-consulting\/\"]}]}<\/script>\n<!-- \/ Yoast SEO plugin. -->","yoast_head_json":{"title":"H\u00e9bergement & Cloud - Deveho","robots":{"index":"index","follow":"follow","max-snippet":"max-snippet:-1","max-image-preview":"max-image-preview:large","max-video-preview":"max-video-preview:-1"},"canonical":"https:\/\/deveho.com\/fr\/services\/hebergement-cloud\/","og_locale":"fr_FR","og_type":"article","og_title":"H\u00e9bergement & Cloud - Deveho","og_description":"DEVEHO consulting group fournit des services en mati\u00e8re de cloud et d'h\u00e9bergement, personnalis\u00e9s pour s'adapter aux forces de votre organisation actuelle, tout tenant compte vos ambitions d'expansion future.","og_url":"https:\/\/deveho.com\/fr\/services\/hebergement-cloud\/","og_site_name":"Deveho","article_publisher":"https:\/\/www.facebook.com\/deveho","article_modified_time":"2022-12-05T11:07:23+00:00","twitter_card":"summary_large_image","twitter_site":"@Deveho1","twitter_misc":{"Dur\u00e9e de lecture estim\u00e9e":"3 minutes"},"schema":{"@context":"https:\/\/schema.org","@graph":[{"@type":"WebPage","@id":"https:\/\/deveho.com\/fr\/services\/hebergement-cloud\/","url":"https:\/\/deveho.com\/fr\/services\/hebergement-cloud\/","name":"H\u00e9bergement & Cloud - Deveho","isPartOf":{"@id":"https:\/\/deveho.com\/#website"},"datePublished":"2022-06-06T12:58:01+00:00","dateModified":"2022-12-05T11:07:23+00:00","breadcrumb":{"@id":"https:\/\/deveho.com\/fr\/services\/hebergement-cloud\/#breadcrumb"},"inLanguage":"fr-FR","potentialAction":[{"@type":"ReadAction","target":["https:\/\/deveho.com\/fr\/services\/hebergement-cloud\/"]}]},{"@type":"BreadcrumbList","@id":"https:\/\/deveho.com\/fr\/services\/hebergement-cloud\/#breadcrumb","itemListElement":[{"@type":"ListItem","position":1,"name":"Home","item":"https:\/\/deveho.com\/fr\/"},{"@type":"ListItem","position":2,"name":"Services","item":"https:\/\/deveho.com\/fr\/services\/"},{"@type":"ListItem","position":3,"name":"H\u00e9bergement &#038; Cloud"}]},{"@type":"WebSite","@id":"https:\/\/deveho.com\/#website","url":"https:\/\/deveho.com\/","name":"Deveho Consulting Group","description":"Let\u2019s boost your growth","publisher":{"@id":"https:\/\/deveho.com\/#organization"},"potentialAction":[{"@type":"SearchAction","target":{"@type":"EntryPoint","urlTemplate":"https:\/\/deveho.com\/?s={search_term_string}"},"query-input":{"@type":"PropertyValueSpecification","valueRequired":true,"valueName":"search_term_string"}}],"inLanguage":"fr-FR"},{"@type":"Organization","@id":"https:\/\/deveho.com\/#organization","name":"Deveho Consulting Group","url":"https:\/\/deveho.com\/","logo":{"@type":"ImageObject","inLanguage":"fr-FR","@id":"https:\/\/deveho.com\/#\/schema\/logo\/image\/","url":"https:\/\/deveho.com\/wp-content\/uploads\/2023\/02\/DEVEHO-LOGO-Baseline-COLOR.png","contentUrl":"https:\/\/deveho.com\/wp-content\/uploads\/2023\/02\/DEVEHO-LOGO-Baseline-COLOR.png","width":2251,"height":585,"caption":"Deveho Consulting Group"},"image":{"@id":"https:\/\/deveho.com\/#\/schema\/logo\/image\/"},"sameAs":["https:\/\/www.facebook.com\/deveho","https:\/\/x.com\/Deveho1","https:\/\/www.linkedin.com\/company\/deveho-consulting\/"]}]}},"_links":{"self":[{"href":"https:\/\/deveho.com\/fr\/wp-json\/wp\/v2\/pages\/10358"}],"collection":[{"href":"https:\/\/deveho.com\/fr\/wp-json\/wp\/v2\/pages"}],"about":[{"href":"https:\/\/deveho.com\/fr\/wp-json\/wp\/v2\/types\/page"}],"author":[{"embeddable":true,"href":"https:\/\/deveho.com\/fr\/wp-json\/wp\/v2\/users\/3"}],"replies":[{"embeddable":true,"href":"https:\/\/deveho.com\/fr\/wp-json\/wp\/v2\/comments?post=10358"}],"version-history":[{"count":0,"href":"https:\/\/deveho.com\/fr\/wp-json\/wp\/v2\/pages\/10358\/revisions"}],"up":[{"embeddable":true,"href":"https:\/\/deveho.com\/fr\/wp-json\/wp\/v2\/pages\/10354"}],"wp:attachment":[{"href":"https:\/\/deveho.com\/fr\/wp-json\/wp\/v2\/media?parent=10358"}],"curies":[{"name":"wp","href":"https:\/\/api.w.org\/{rel}","templated":true}]}}