{"id":24154,"date":"2023-11-27T16:02:55","date_gmt":"2023-11-27T14:02:55","guid":{"rendered":"https:\/\/deveho.com\/?page_id=24154"},"modified":"2025-07-25T14:33:16","modified_gmt":"2025-07-25T12:33:16","slug":"formations","status":"publish","type":"page","link":"https:\/\/deveho.com\/fr\/services\/formations\/","title":{"rendered":"Formations"},"content":{"rendered":"<br \/>\n<h3><b>Deveho Consulting Group<\/b><\/h3>\n<p><p>Deveho Consulting Group vous accompagne dans vos projets de d\u00e9veloppement gr\u00e2ce aux solutions Sage.<\/p>\n<\/p>\n<p>Soucieux de vous offrir la meilleure exp\u00e9rience utilisateur, nous vous proposons des formations personnalis\u00e9es.<\/p>\n<p>Deveho Consulting Group est dot\u00e9 d&rsquo;une \u00e9quipe de formateurs exp\u00e9riment\u00e9s, constitu\u00e9e de professionnels du secteur et poss\u00e9dant une expertise approfondie dans leur domaine.<\/p>\n<p>Nos experts utilisent des m\u00e9thodes interactives pour garantir que les participants \u00e0 nos formations soient engag\u00e9s et apprennent de mani\u00e8re efficace.<br \/>\nToutes nos formations sont adapt\u00e9es au besoin et profil du client.<\/p>\n<p>Nos formateurs sont sensibilis\u00e9s aux situations de handicap. Nous \u00e9tudions au cas par cas toutes les situations de handicap afin d&rsquo;envisager une int\u00e9gration dans la formation. Pour toute question concernant une situation de handicap, quelle qu&rsquo;elle soit, et pour \u00e9valuer et anticiper les am\u00e9nagements n\u00e9cessaires, merci de prendre contact avec notre r\u00e9f\u00e9rente handicap au 04 78 02 71 72 ou par mail sur info@deveho.com.<\/p>\n<h2><\/h2>\n<h3><b><red>Nos plans de Formation<\/red><\/b><\/h3>\n<h3>Notre \u00e9quipe de formateurs exp\u00e9riment\u00e9s couvre un large \u00e9ventail de sujets propos\u00e9s en formation. <\/h3>\n<\/p>\n<h2><b>Les chiffres de la Formation<\/b><\/h2>\n<p>(Derni\u00e8re mise \u00e0 jour des informations au 25\/07\/25). <\/p>\n<p>Deveho a aid\u00e9 de nombreuses entreprises et organisations \u00e0 am\u00e9liorer leurs comp\u00e9tences et leur efficacit\u00e9 gr\u00e2ce \u00e0 nos formations et formateurs qualifi\u00e9s. <\/p>\n<h2><\/h2>\n<h3><b>Vous avez <br \/>une <red>r\u00e9clamation<\/red> <br \/> concernant <br \/>une formation?<\/b><\/h3>\n<h3><\/h3>\n<p><p>La satisfaction client est notre priorit\u00e9. Toutefois, si vous souhaitez nous faire part d\u2019une r\u00e9clamation, d\u2019un dysfonctionnement, nous vous invitons \u00e0 remplir ce formulaire. Nous nous engageons \u00e0 traiter votre demande dans un d\u00e9lai de 15 jours.<\/p>\n<\/p>\n<h2><\/h2>\n<\/p>\n<h2>En quoi consiste la certification Qualiopi?<\/h2>\n<h3><b><red>Certification Qualiopi<\/red><\/b><\/h3>\n<h3>La certification Qualiopi atteste la mise en \u0153uvre d\u2019une d\u00e9marche qualit\u00e9 align\u00e9e sur le r\u00e9f\u00e9rentiel national qualit\u00e9 des organismes de formation.<br \/>\nElle permet \u00e0 nos clients des formations \u00e9ligibles \u00e0 des financements publics ou mutualis\u00e9s, r\u00e9duisant les co\u00fbts pour les entreprises et les organisations.<\/h3><\/p>\n","protected":false},"excerpt":{"rendered":"<p>Deveho Consulting Group propose des formations dans le domaine des solutions de gestion \u00e0 ses clients depuis plus de 15 ans. <\/p>\n","protected":false},"author":34,"featured_media":0,"parent":10354,"menu_order":0,"comment_status":"closed","ping_status":"closed","template":"templates\/template-prod_serv.php","meta":{"_acf_changed":false,"footnotes":""},"class_list":["post-24154","page","type-page","status-publish","hentry"],"acf":[],"yoast_head":"<!-- This site is optimized with the Yoast SEO plugin v23.5 - https:\/\/yoast.com\/wordpress\/plugins\/seo\/ -->\n<title>Formations - Deveho<\/title>\n<meta name=\"description\" content=\"With Sage solutions available in the cloud, you can benefit from top-of-the-range cloud-based management and security functions.\" \/>\n<meta name=\"robots\" content=\"index, follow, max-snippet:-1, max-image-preview:large, max-video-preview:-1\" \/>\n<link rel=\"canonical\" href=\"https:\/\/deveho.com\/fr\/services\/formations\/\" \/>\n<meta property=\"og:locale\" content=\"fr_FR\" \/>\n<meta property=\"og:type\" content=\"article\" \/>\n<meta property=\"og:title\" content=\"Formations - Deveho\" \/>\n<meta property=\"og:description\" content=\"With Sage solutions available in the cloud, you can benefit from top-of-the-range cloud-based management and security functions.\" \/>\n<meta property=\"og:url\" content=\"https:\/\/deveho.com\/fr\/services\/formations\/\" \/>\n<meta property=\"og:site_name\" content=\"Deveho\" \/>\n<meta property=\"article:publisher\" content=\"https:\/\/www.facebook.com\/deveho\" \/>\n<meta property=\"article:modified_time\" content=\"2025-07-25T12:33:16+00:00\" \/>\n<meta name=\"twitter:card\" content=\"summary_large_image\" \/>\n<meta name=\"twitter:site\" content=\"@Deveho1\" \/>\n<meta name=\"twitter:label1\" content=\"Dur\u00e9e de lecture estim\u00e9e\" \/>\n\t<meta name=\"twitter:data1\" content=\"2 minutes\" \/>\n<script type=\"application\/ld+json\" class=\"yoast-schema-graph\">{\"@context\":\"https:\/\/schema.org\",\"@graph\":[{\"@type\":\"WebPage\",\"@id\":\"https:\/\/deveho.com\/fr\/services\/formations\/\",\"url\":\"https:\/\/deveho.com\/fr\/services\/formations\/\",\"name\":\"Formations - Deveho\",\"isPartOf\":{\"@id\":\"https:\/\/deveho.com\/#website\"},\"datePublished\":\"2023-11-27T14:02:55+00:00\",\"dateModified\":\"2025-07-25T12:33:16+00:00\",\"description\":\"With Sage solutions available in the cloud, you can benefit from top-of-the-range cloud-based management and security functions.\",\"breadcrumb\":{\"@id\":\"https:\/\/deveho.com\/fr\/services\/formations\/#breadcrumb\"},\"inLanguage\":\"fr-FR\",\"potentialAction\":[{\"@type\":\"ReadAction\",\"target\":[\"https:\/\/deveho.com\/fr\/services\/formations\/\"]}]},{\"@type\":\"BreadcrumbList\",\"@id\":\"https:\/\/deveho.com\/fr\/services\/formations\/#breadcrumb\",\"itemListElement\":[{\"@type\":\"ListItem\",\"position\":1,\"name\":\"Home\",\"item\":\"https:\/\/deveho.com\/fr\/\"},{\"@type\":\"ListItem\",\"position\":2,\"name\":\"Services\",\"item\":\"https:\/\/deveho.com\/fr\/services\/\"},{\"@type\":\"ListItem\",\"position\":3,\"name\":\"Formations\"}]},{\"@type\":\"WebSite\",\"@id\":\"https:\/\/deveho.com\/#website\",\"url\":\"https:\/\/deveho.com\/\",\"name\":\"Deveho Consulting Group\",\"description\":\"Let\u2019s boost your growth\",\"publisher\":{\"@id\":\"https:\/\/deveho.com\/#organization\"},\"potentialAction\":[{\"@type\":\"SearchAction\",\"target\":{\"@type\":\"EntryPoint\",\"urlTemplate\":\"https:\/\/deveho.com\/?s={search_term_string}\"},\"query-input\":{\"@type\":\"PropertyValueSpecification\",\"valueRequired\":true,\"valueName\":\"search_term_string\"}}],\"inLanguage\":\"fr-FR\"},{\"@type\":\"Organization\",\"@id\":\"https:\/\/deveho.com\/#organization\",\"name\":\"Deveho Consulting Group\",\"url\":\"https:\/\/deveho.com\/\",\"logo\":{\"@type\":\"ImageObject\",\"inLanguage\":\"fr-FR\",\"@id\":\"https:\/\/deveho.com\/#\/schema\/logo\/image\/\",\"url\":\"https:\/\/deveho.com\/wp-content\/uploads\/2023\/02\/DEVEHO-LOGO-Baseline-COLOR.png\",\"contentUrl\":\"https:\/\/deveho.com\/wp-content\/uploads\/2023\/02\/DEVEHO-LOGO-Baseline-COLOR.png\",\"width\":2251,\"height\":585,\"caption\":\"Deveho Consulting Group\"},\"image\":{\"@id\":\"https:\/\/deveho.com\/#\/schema\/logo\/image\/\"},\"sameAs\":[\"https:\/\/www.facebook.com\/deveho\",\"https:\/\/x.com\/Deveho1\",\"https:\/\/www.linkedin.com\/company\/deveho-consulting\/\"]}]}<\/script>\n<!-- \/ Yoast SEO plugin. -->","yoast_head_json":{"title":"Formations - Deveho","description":"With Sage solutions available in the cloud, you can benefit from top-of-the-range cloud-based management and security functions.","robots":{"index":"index","follow":"follow","max-snippet":"max-snippet:-1","max-image-preview":"max-image-preview:large","max-video-preview":"max-video-preview:-1"},"canonical":"https:\/\/deveho.com\/fr\/services\/formations\/","og_locale":"fr_FR","og_type":"article","og_title":"Formations - Deveho","og_description":"With Sage solutions available in the cloud, you can benefit from top-of-the-range cloud-based management and security functions.","og_url":"https:\/\/deveho.com\/fr\/services\/formations\/","og_site_name":"Deveho","article_publisher":"https:\/\/www.facebook.com\/deveho","article_modified_time":"2025-07-25T12:33:16+00:00","twitter_card":"summary_large_image","twitter_site":"@Deveho1","twitter_misc":{"Dur\u00e9e de lecture estim\u00e9e":"2 minutes"},"schema":{"@context":"https:\/\/schema.org","@graph":[{"@type":"WebPage","@id":"https:\/\/deveho.com\/fr\/services\/formations\/","url":"https:\/\/deveho.com\/fr\/services\/formations\/","name":"Formations - Deveho","isPartOf":{"@id":"https:\/\/deveho.com\/#website"},"datePublished":"2023-11-27T14:02:55+00:00","dateModified":"2025-07-25T12:33:16+00:00","description":"With Sage solutions available in the cloud, you can benefit from top-of-the-range cloud-based management and security functions.","breadcrumb":{"@id":"https:\/\/deveho.com\/fr\/services\/formations\/#breadcrumb"},"inLanguage":"fr-FR","potentialAction":[{"@type":"ReadAction","target":["https:\/\/deveho.com\/fr\/services\/formations\/"]}]},{"@type":"BreadcrumbList","@id":"https:\/\/deveho.com\/fr\/services\/formations\/#breadcrumb","itemListElement":[{"@type":"ListItem","position":1,"name":"Home","item":"https:\/\/deveho.com\/fr\/"},{"@type":"ListItem","position":2,"name":"Services","item":"https:\/\/deveho.com\/fr\/services\/"},{"@type":"ListItem","position":3,"name":"Formations"}]},{"@type":"WebSite","@id":"https:\/\/deveho.com\/#website","url":"https:\/\/deveho.com\/","name":"Deveho Consulting Group","description":"Let\u2019s boost your growth","publisher":{"@id":"https:\/\/deveho.com\/#organization"},"potentialAction":[{"@type":"SearchAction","target":{"@type":"EntryPoint","urlTemplate":"https:\/\/deveho.com\/?s={search_term_string}"},"query-input":{"@type":"PropertyValueSpecification","valueRequired":true,"valueName":"search_term_string"}}],"inLanguage":"fr-FR"},{"@type":"Organization","@id":"https:\/\/deveho.com\/#organization","name":"Deveho Consulting Group","url":"https:\/\/deveho.com\/","logo":{"@type":"ImageObject","inLanguage":"fr-FR","@id":"https:\/\/deveho.com\/#\/schema\/logo\/image\/","url":"https:\/\/deveho.com\/wp-content\/uploads\/2023\/02\/DEVEHO-LOGO-Baseline-COLOR.png","contentUrl":"https:\/\/deveho.com\/wp-content\/uploads\/2023\/02\/DEVEHO-LOGO-Baseline-COLOR.png","width":2251,"height":585,"caption":"Deveho Consulting Group"},"image":{"@id":"https:\/\/deveho.com\/#\/schema\/logo\/image\/"},"sameAs":["https:\/\/www.facebook.com\/deveho","https:\/\/x.com\/Deveho1","https:\/\/www.linkedin.com\/company\/deveho-consulting\/"]}]}},"_links":{"self":[{"href":"https:\/\/deveho.com\/fr\/wp-json\/wp\/v2\/pages\/24154"}],"collection":[{"href":"https:\/\/deveho.com\/fr\/wp-json\/wp\/v2\/pages"}],"about":[{"href":"https:\/\/deveho.com\/fr\/wp-json\/wp\/v2\/types\/page"}],"author":[{"embeddable":true,"href":"https:\/\/deveho.com\/fr\/wp-json\/wp\/v2\/users\/34"}],"replies":[{"embeddable":true,"href":"https:\/\/deveho.com\/fr\/wp-json\/wp\/v2\/comments?post=24154"}],"version-history":[{"count":24,"href":"https:\/\/deveho.com\/fr\/wp-json\/wp\/v2\/pages\/24154\/revisions"}],"predecessor-version":[{"id":42211,"href":"https:\/\/deveho.com\/fr\/wp-json\/wp\/v2\/pages\/24154\/revisions\/42211"}],"up":[{"embeddable":true,"href":"https:\/\/deveho.com\/fr\/wp-json\/wp\/v2\/pages\/10354"}],"wp:attachment":[{"href":"https:\/\/deveho.com\/fr\/wp-json\/wp\/v2\/media?parent=24154"}],"curies":[{"name":"wp","href":"https:\/\/api.w.org\/{rel}","templated":true}]}}