{"id":28327,"date":"2024-02-27T15:55:51","date_gmt":"2024-02-27T13:55:51","guid":{"rendered":"https:\/\/deveho.com\/services\/e-invoicing\/"},"modified":"2025-12-18T18:10:08","modified_gmt":"2025-12-18T16:10:08","slug":"facture-electronique","status":"publish","type":"page","link":"https:\/\/deveho.com\/fr\/services\/facture-electronique\/","title":{"rendered":"La facture \u00e9lectronique"},"content":{"rendered":"<br \/>\n<h2><\/h2>\n<h3><red>Le calendrier<\/red>  de <br \/>la facture \u00e9lectronique <br \/>en Europe<\/h3>\n<h3>Avec nos \u00e9quipes locales en France, aux Pays-Bas, en Suisse, en Espagne, au Maroc, en Lettonie, en Lituanie, en Pologne, en R\u00e9publique tch\u00e8que, en Slovaquie, en Hongrie et en Roumanie, Deveho Consulting Group vous aide \u00e0 g\u00e9rer votre comptabilit\u00e9 d\u00e9mat\u00e9rialis\u00e9e et \u00e0 l&rsquo;adapter aux exigences de votre march\u00e9 en mati\u00e8re de facture \u00e9lectronique.<\/h3>\n<p><p>La mise en \u0153uvre de la facturation \u00e9lectronique peut varier d&#8217;un pays \u00e0 l&#8217;autre, car il existe souvent des normes et des exigences sp\u00e9cifiques fix\u00e9es par les autorit\u00e9s fiscales locales.<\/p>\n<p>Renseignez-vous sur les exigences locales en mati\u00e8re de facturation \u00e9lectronique.<\/p>\n<p>D\u00e9couvrez plus d&#8217;informations sur<\/p><\/p>\n","protected":false},"excerpt":{"rendered":"<p>Simplifiez la gestion des factures et maximisez votre productivit\u00e9 gr\u00e2ce \u00e0 la facture \u00e9lectronique. <\/p>\n","protected":false},"author":34,"featured_media":0,"parent":10354,"menu_order":0,"comment_status":"closed","ping_status":"closed","template":"templates\/template-prod_serv.php","meta":{"_acf_changed":false,"footnotes":""},"class_list":["post-28327","page","type-page","status-publish","hentry"],"acf":[],"yoast_head":"<!-- This site is optimized with the Yoast SEO plugin v23.5 - https:\/\/yoast.com\/wordpress\/plugins\/seo\/ -->\n<title>Facture \u00e9lectronique - Deveho<\/title>\n<meta name=\"description\" content=\"D\u00e9couvrez et anticipez les nouvelles r\u00e9glementations du gouvernement en mati\u00e8re de facture \u00e9lectronique en Europe.\" \/>\n<meta name=\"robots\" content=\"index, follow, max-snippet:-1, max-image-preview:large, max-video-preview:-1\" \/>\n<link rel=\"canonical\" href=\"https:\/\/deveho.com\/fr\/services\/facture-electronique\/\" \/>\n<meta property=\"og:locale\" content=\"fr_FR\" \/>\n<meta property=\"og:type\" content=\"article\" \/>\n<meta property=\"og:title\" content=\"Facture \u00e9lectronique - Deveho\" \/>\n<meta property=\"og:description\" content=\"D\u00e9couvrez et anticipez les nouvelles r\u00e9glementations du gouvernement en mati\u00e8re de facture \u00e9lectronique en Europe.\" \/>\n<meta property=\"og:url\" content=\"https:\/\/deveho.com\/fr\/services\/facture-electronique\/\" \/>\n<meta property=\"og:site_name\" content=\"Deveho\" \/>\n<meta property=\"article:publisher\" content=\"https:\/\/www.facebook.com\/deveho\" \/>\n<meta property=\"article:modified_time\" content=\"2025-12-18T16:10:08+00:00\" \/>\n<meta name=\"twitter:card\" content=\"summary_large_image\" \/>\n<meta name=\"twitter:site\" content=\"@Deveho1\" \/>\n<meta name=\"twitter:label1\" content=\"Dur\u00e9e de lecture estim\u00e9e\" \/>\n\t<meta name=\"twitter:data1\" content=\"1 minute\" \/>\n<script type=\"application\/ld+json\" class=\"yoast-schema-graph\">{\"@context\":\"https:\/\/schema.org\",\"@graph\":[{\"@type\":\"WebPage\",\"@id\":\"https:\/\/deveho.com\/fr\/services\/facture-electronique\/\",\"url\":\"https:\/\/deveho.com\/fr\/services\/facture-electronique\/\",\"name\":\"Facture \u00e9lectronique - Deveho\",\"isPartOf\":{\"@id\":\"https:\/\/deveho.com\/#website\"},\"datePublished\":\"2024-02-27T13:55:51+00:00\",\"dateModified\":\"2025-12-18T16:10:08+00:00\",\"description\":\"D\u00e9couvrez et anticipez les nouvelles r\u00e9glementations du gouvernement en mati\u00e8re de facture \u00e9lectronique en Europe.\",\"breadcrumb\":{\"@id\":\"https:\/\/deveho.com\/fr\/services\/facture-electronique\/#breadcrumb\"},\"inLanguage\":\"fr-FR\",\"potentialAction\":[{\"@type\":\"ReadAction\",\"target\":[\"https:\/\/deveho.com\/fr\/services\/facture-electronique\/\"]}]},{\"@type\":\"BreadcrumbList\",\"@id\":\"https:\/\/deveho.com\/fr\/services\/facture-electronique\/#breadcrumb\",\"itemListElement\":[{\"@type\":\"ListItem\",\"position\":1,\"name\":\"Home\",\"item\":\"https:\/\/deveho.com\/fr\/\"},{\"@type\":\"ListItem\",\"position\":2,\"name\":\"Services\",\"item\":\"https:\/\/deveho.com\/fr\/services\/\"},{\"@type\":\"ListItem\",\"position\":3,\"name\":\"La facture \u00e9lectronique\"}]},{\"@type\":\"WebSite\",\"@id\":\"https:\/\/deveho.com\/#website\",\"url\":\"https:\/\/deveho.com\/\",\"name\":\"Deveho Consulting Group\",\"description\":\"Let\u2019s boost your growth\",\"publisher\":{\"@id\":\"https:\/\/deveho.com\/#organization\"},\"potentialAction\":[{\"@type\":\"SearchAction\",\"target\":{\"@type\":\"EntryPoint\",\"urlTemplate\":\"https:\/\/deveho.com\/?s={search_term_string}\"},\"query-input\":{\"@type\":\"PropertyValueSpecification\",\"valueRequired\":true,\"valueName\":\"search_term_string\"}}],\"inLanguage\":\"fr-FR\"},{\"@type\":\"Organization\",\"@id\":\"https:\/\/deveho.com\/#organization\",\"name\":\"Deveho Consulting Group\",\"url\":\"https:\/\/deveho.com\/\",\"logo\":{\"@type\":\"ImageObject\",\"inLanguage\":\"fr-FR\",\"@id\":\"https:\/\/deveho.com\/#\/schema\/logo\/image\/\",\"url\":\"https:\/\/deveho.com\/wp-content\/uploads\/2023\/02\/DEVEHO-LOGO-Baseline-COLOR.png\",\"contentUrl\":\"https:\/\/deveho.com\/wp-content\/uploads\/2023\/02\/DEVEHO-LOGO-Baseline-COLOR.png\",\"width\":2251,\"height\":585,\"caption\":\"Deveho Consulting Group\"},\"image\":{\"@id\":\"https:\/\/deveho.com\/#\/schema\/logo\/image\/\"},\"sameAs\":[\"https:\/\/www.facebook.com\/deveho\",\"https:\/\/x.com\/Deveho1\",\"https:\/\/www.linkedin.com\/company\/deveho-consulting\/\"]}]}<\/script>\n<!-- \/ Yoast SEO plugin. -->","yoast_head_json":{"title":"Facture \u00e9lectronique - Deveho","description":"D\u00e9couvrez et anticipez les nouvelles r\u00e9glementations du gouvernement en mati\u00e8re de facture \u00e9lectronique en Europe.","robots":{"index":"index","follow":"follow","max-snippet":"max-snippet:-1","max-image-preview":"max-image-preview:large","max-video-preview":"max-video-preview:-1"},"canonical":"https:\/\/deveho.com\/fr\/services\/facture-electronique\/","og_locale":"fr_FR","og_type":"article","og_title":"Facture \u00e9lectronique - Deveho","og_description":"D\u00e9couvrez et anticipez les nouvelles r\u00e9glementations du gouvernement en mati\u00e8re de facture \u00e9lectronique en Europe.","og_url":"https:\/\/deveho.com\/fr\/services\/facture-electronique\/","og_site_name":"Deveho","article_publisher":"https:\/\/www.facebook.com\/deveho","article_modified_time":"2025-12-18T16:10:08+00:00","twitter_card":"summary_large_image","twitter_site":"@Deveho1","twitter_misc":{"Dur\u00e9e de lecture estim\u00e9e":"1 minute"},"schema":{"@context":"https:\/\/schema.org","@graph":[{"@type":"WebPage","@id":"https:\/\/deveho.com\/fr\/services\/facture-electronique\/","url":"https:\/\/deveho.com\/fr\/services\/facture-electronique\/","name":"Facture \u00e9lectronique - Deveho","isPartOf":{"@id":"https:\/\/deveho.com\/#website"},"datePublished":"2024-02-27T13:55:51+00:00","dateModified":"2025-12-18T16:10:08+00:00","description":"D\u00e9couvrez et anticipez les nouvelles r\u00e9glementations du gouvernement en mati\u00e8re de facture \u00e9lectronique en Europe.","breadcrumb":{"@id":"https:\/\/deveho.com\/fr\/services\/facture-electronique\/#breadcrumb"},"inLanguage":"fr-FR","potentialAction":[{"@type":"ReadAction","target":["https:\/\/deveho.com\/fr\/services\/facture-electronique\/"]}]},{"@type":"BreadcrumbList","@id":"https:\/\/deveho.com\/fr\/services\/facture-electronique\/#breadcrumb","itemListElement":[{"@type":"ListItem","position":1,"name":"Home","item":"https:\/\/deveho.com\/fr\/"},{"@type":"ListItem","position":2,"name":"Services","item":"https:\/\/deveho.com\/fr\/services\/"},{"@type":"ListItem","position":3,"name":"La facture \u00e9lectronique"}]},{"@type":"WebSite","@id":"https:\/\/deveho.com\/#website","url":"https:\/\/deveho.com\/","name":"Deveho Consulting Group","description":"Let\u2019s boost your growth","publisher":{"@id":"https:\/\/deveho.com\/#organization"},"potentialAction":[{"@type":"SearchAction","target":{"@type":"EntryPoint","urlTemplate":"https:\/\/deveho.com\/?s={search_term_string}"},"query-input":{"@type":"PropertyValueSpecification","valueRequired":true,"valueName":"search_term_string"}}],"inLanguage":"fr-FR"},{"@type":"Organization","@id":"https:\/\/deveho.com\/#organization","name":"Deveho Consulting Group","url":"https:\/\/deveho.com\/","logo":{"@type":"ImageObject","inLanguage":"fr-FR","@id":"https:\/\/deveho.com\/#\/schema\/logo\/image\/","url":"https:\/\/deveho.com\/wp-content\/uploads\/2023\/02\/DEVEHO-LOGO-Baseline-COLOR.png","contentUrl":"https:\/\/deveho.com\/wp-content\/uploads\/2023\/02\/DEVEHO-LOGO-Baseline-COLOR.png","width":2251,"height":585,"caption":"Deveho Consulting Group"},"image":{"@id":"https:\/\/deveho.com\/#\/schema\/logo\/image\/"},"sameAs":["https:\/\/www.facebook.com\/deveho","https:\/\/x.com\/Deveho1","https:\/\/www.linkedin.com\/company\/deveho-consulting\/"]}]}},"_links":{"self":[{"href":"https:\/\/deveho.com\/fr\/wp-json\/wp\/v2\/pages\/28327"}],"collection":[{"href":"https:\/\/deveho.com\/fr\/wp-json\/wp\/v2\/pages"}],"about":[{"href":"https:\/\/deveho.com\/fr\/wp-json\/wp\/v2\/types\/page"}],"author":[{"embeddable":true,"href":"https:\/\/deveho.com\/fr\/wp-json\/wp\/v2\/users\/34"}],"replies":[{"embeddable":true,"href":"https:\/\/deveho.com\/fr\/wp-json\/wp\/v2\/comments?post=28327"}],"version-history":[{"count":4,"href":"https:\/\/deveho.com\/fr\/wp-json\/wp\/v2\/pages\/28327\/revisions"}],"predecessor-version":[{"id":44779,"href":"https:\/\/deveho.com\/fr\/wp-json\/wp\/v2\/pages\/28327\/revisions\/44779"}],"up":[{"embeddable":true,"href":"https:\/\/deveho.com\/fr\/wp-json\/wp\/v2\/pages\/10354"}],"wp:attachment":[{"href":"https:\/\/deveho.com\/fr\/wp-json\/wp\/v2\/media?parent=28327"}],"curies":[{"name":"wp","href":"https:\/\/api.w.org\/{rel}","templated":true}]}}