{"id":28346,"date":"2024-02-27T16:01:48","date_gmt":"2024-02-27T14:01:48","guid":{"rendered":"https:\/\/deveho.com\/?page_id=28346"},"modified":"2026-02-12T10:51:17","modified_gmt":"2026-02-12T08:51:17","slug":"la-facture-electronique-en-france","status":"publish","type":"page","link":"https:\/\/deveho.com\/fr\/services\/facture-electronique\/la-facture-electronique-en-france\/","title":{"rendered":"Syst\u00e8me de facture \u00e9lectronique en France"},"content":{"rendered":"<br \/>\n<h2><\/h2>\n<h3>Sage Network <\/h3>\n<h3><red><b>Plateforme Agr\u00e9\u00e9e (PA) <\/b><\/red>Sage, pour g\u00e9rer votre facturation \u00e9lectronique.<\/h3>\n<p><p><strong>Sage Network, la Plateforme Agr\u00e9\u00e9e (PA) certifi\u00e9e de Sage,<\/strong> vous permet de g\u00e9rer l\u2019ensemble de vos flux de factures \u00e9lectroniques (\u00e9mission, r\u00e9ception, archivage, e-reporting) dans <strong>un environnement 100 % conforme, fluide et s\u00e9curis\u00e9.<\/strong><\/p>\n<p>Connect\u00e9e au <strong>Portail Public de Facturation<\/strong> (PPF), elle devient l\u2019interface centrale entre vos outils de gestion (ERP, comptabilit\u00e9, achats) et vos partenaires (clients, fournisseurs, banques, administration\u2026).<\/p>\n<div class=\"responsive-embed widescreen\"><div class=\"responsive-embed widescreen\"><iframe loading=\"lazy\" title=\"Sage Network, la plateforme de digitalisation au c\u0153ur de l&#039;innovation\" width=\"500\" height=\"281\" src=\"https:\/\/www.youtube.com\/embed\/oQGhl-kYmzM?feature=oembed&#038;enablejsapi=1&#038;origin=https:\/\/deveho.com\" frameborder=\"0\" allow=\"accelerometer; autoplay; clipboard-write; encrypted-media; gyroscope; picture-in-picture; web-share\" referrerpolicy=\"strict-origin-when-cross-origin\" allowfullscreen><\/iframe><\/div><\/div>\n<p>&nbsp;<\/p>\n<\/p>\n<h2><\/h2>\n<h3>Comment fonctionne Sage Network ?<\/h3>\n<h3>Connect\u00e9e directement au Portail Public de Facturation (PPF), Sage Network assure l\u2019\u00e9mission, la r\u00e9ception et la transmission des factures \u00e9lectroniques dans le respect total des exigences l\u00e9gales.<\/h3>\n<p><p>La plateforme automatise l\u2019ensemble du cycle de vie des factures :<br \/>\nde la cr\u00e9ation \u00e0 la r\u00e9ception, jusqu\u2019au rapprochement avec les bons de commande, permettant ainsi une gestion plus fluide et moins sujette aux erreurs manuelles.<\/p>\n<p>Chaque action effectu\u00e9e est int\u00e9gralement trac\u00e9e, offrant une piste d\u2019audit d\u00e9taill\u00e9e qui garantit transparence, fiabilit\u00e9 et conformit\u00e9.<\/p>\n<p>H\u00e9berg\u00e9e dans le cloud, Sage Network est accessible \u00e0 tout moment, depuis n\u2019importe quel appareil connect\u00e9, facilitant ainsi une collaboration efficace entre vos \u00e9quipes internes et vos partenaires externes.<\/p>\n<\/p>\n<h2>Tout sur la facturation \u00e9lectronique<\/h2>\n<h3>Rappel important : la facturation \u00e9lectronique devient incontournable<\/h3>\n<h3>Depuis plusieurs mois, la DGFIP a fix\u00e9 le calendrier de mise en \u0153uvre : \u00e0 partir du <b>1er septembre 2026<\/b>, toutes les entreprises fran\u00e7aises devront pouvoir recevoir des factures \u00e9lectroniques. <br \/><red>Pr\u00e9parez-vous d\u00e8s maintenant. <\/red><br \/>\n<br \/>Nos \u00e9quipes sont l\u00e0 pour vous aider dans votre d\u00e9marche de d\u00e9mat\u00e9rialisation.<br \/>\n<\/h3>\n<p><p>Cette obligation s\u2019inscrit dans la continuit\u00e9 du projet de d\u00e9mat\u00e9rialisation des \u00e9changes commerciaux, lanc\u00e9 pour simplifier la cha\u00eene de facturation et de paiement, et pour optimiser la collecte de la TVA. Son impact sera important. Il est donc n\u00e9cessaire de comprendre comment la facturation \u00e9lectronique va affecter les entreprises. On peut parler d\u2019une augmentation massive des \u00e9changes d\u00e9mat\u00e9rialis\u00e9s.<br \/>\nLe calendrier de mise en \u0153uvre de la r\u00e9forme permet aux entreprises et \u00e0 leurs partenaires (\u00e9diteurs de logiciels de facturation, plateformes de flux, etc.) de s\u2019organiser.<\/p>\n<p><img loading=\"lazy\" decoding=\"async\" class=\"aligncenter wp-image-28636\" src=\"https:\/\/deveho.com\/wp-content\/uploads\/2024\/02\/2-e1709135057648-300x188.jpg\" alt=\"calendrier\" width=\"446\" height=\"280\" srcset=\"https:\/\/deveho.com\/wp-content\/uploads\/2024\/02\/2-e1709135057648-300x188.jpg 300w, https:\/\/deveho.com\/wp-content\/uploads\/2024\/02\/2-e1709135057648-1024x642.jpg 1024w, https:\/\/deveho.com\/wp-content\/uploads\/2024\/02\/2-e1709135057648-150x94.jpg 150w, https:\/\/deveho.com\/wp-content\/uploads\/2024\/02\/2-e1709135057648-768x481.jpg 768w, https:\/\/deveho.com\/wp-content\/uploads\/2024\/02\/2-e1709135057648.jpg 1200w\" sizes=\"(max-width: 446px) 100vw, 446px\" \/><\/p>\n<p>D\u00e9couvrez les exigences locales en mati\u00e8re de facturation \u00e9lectronique en France.<\/p>\n<\/p>\n<h2>Anticiper, comprendre, communiquer<\/h2>\n<p>Pour faciliter la mise en conformit\u00e9 des entreprises, les solutions de gestion \u00e9voluent vers une plus grande automatisation de la saisie des donn\u00e9es, l&rsquo;importation des donn\u00e9es bancaires et la d\u00e9mat\u00e9rialisation de la facturation.<\/p>\n<p><p><strong>Qu&#8217;est-ce qui change avec la facturation \u00e9lectronique ?<\/strong><\/p>\n<p>La facturation \u00e9lectronique B2B obligatoire simplifie le traitement des factures entrantes et sortantes, ainsi que le d\u00e9p\u00f4t des d\u00e9clarations de TVA.<\/p>\n<p>&nbsp;<\/p>\n<\/p>\n<p><p>Int\u00e9gration plus facile de toutes les factures entrantes dans les syst\u00e8mes comptables des entreprises.<br \/>\nContr\u00f4le a priori de la conformit\u00e9 des factures sortantes et rejet des factures non conformes \u00e0 la source.<br \/>\nTransparence pour les clients sur l&#8217;\u00e9tat d&#8217;avancement du traitement des factures.<\/p>\n<p>D\u00e9couvrez nos exigences en mati\u00e8re de <a href=\"https:\/\/deveho.com\/fr\/services\/facture-electronique\/\">facturation \u00e9lectronique en Europe<\/a>.<\/p>\n<\/p>\n<h2><\/h2>\n<h3>Les nouvelles <red>exigences<\/red><\/h3>\n<h3>\u00c0 partir du 1er septembre 2026, vous devrez \u00eatre en mesure de recevoir une facture \u00e9lectronique, de nouvelles obligations seront progressivement ajout\u00e9es jusqu&rsquo;en 2027.<\/h3>\n<\/p>\n<h2><\/h2>\n<h3>Les <red>caract\u00e9ristiques<\/red> de la facturation \u00e9lectronique<\/h3>\n<h3><\/h3>\n<\/p>\n<h2><\/h2>\n<h3>Les<red> avantages<\/red> de la facture \u00e9lectronique <\/h3>\n<h3><\/h3>\n<\/p>\n<h2><\/h2>\n<h3>Inscription \u00e0 la Plateforme Agr\u00e9\u00e9e (PA) \u2013 ex PDP &#8211; FAQ<\/h3>\n<h3>Nous vous avons rassembl\u00e9 les diverses questions autour de l&rsquo;inscription \u00e0 la Plateforme Agr\u00e9\u00e9e (PA) Sage \u2013 ex PDP Sage.<\/h3>\n<p><p>Pour toute question suppl\u00e9mentaire veuillez nous contacter.<\/p><\/p>\n","protected":false},"excerpt":{"rendered":"<p>Syst\u00e8me de facture \u00e9lectronique en France<\/p>\n","protected":false},"author":34,"featured_media":0,"parent":28327,"menu_order":0,"comment_status":"closed","ping_status":"closed","template":"templates\/template-prod_serv.php","meta":{"_acf_changed":false,"footnotes":""},"class_list":["post-28346","page","type-page","status-publish","hentry"],"acf":[],"yoast_head":"<!-- This site is optimized with the Yoast SEO plugin v23.5 - https:\/\/yoast.com\/wordpress\/plugins\/seo\/ -->\n<title>Facture \u00e9lectronique en France - Deveho<\/title>\n<meta name=\"description\" content=\"D\u00e9couvrez la nouvelle r\u00e9glementation du gouvernement en mati\u00e8re de facture \u00e9lectronique en France. Anticipez et pr\u00e9parez-vous avec Sage X3.\" \/>\n<meta name=\"robots\" content=\"index, follow, max-snippet:-1, max-image-preview:large, max-video-preview:-1\" \/>\n<link rel=\"canonical\" href=\"https:\/\/deveho.com\/fr\/services\/facture-electronique\/la-facture-electronique-en-france\/\" \/>\n<meta property=\"og:locale\" content=\"fr_FR\" \/>\n<meta property=\"og:type\" content=\"article\" \/>\n<meta property=\"og:title\" content=\"Facture \u00e9lectronique en France - Deveho\" \/>\n<meta property=\"og:description\" content=\"D\u00e9couvrez la nouvelle r\u00e9glementation du gouvernement en mati\u00e8re de facture \u00e9lectronique en France. Anticipez et pr\u00e9parez-vous avec Sage X3.\" \/>\n<meta property=\"og:url\" content=\"https:\/\/deveho.com\/fr\/services\/facture-electronique\/la-facture-electronique-en-france\/\" \/>\n<meta property=\"og:site_name\" content=\"Deveho\" \/>\n<meta property=\"article:publisher\" content=\"https:\/\/www.facebook.com\/deveho\" \/>\n<meta property=\"article:modified_time\" content=\"2026-02-12T08:51:17+00:00\" \/>\n<meta property=\"og:image\" content=\"https:\/\/deveho.com\/wp-content\/uploads\/2024\/02\/2-e1709135057648-300x188.jpg\" \/>\n<meta name=\"twitter:card\" content=\"summary_large_image\" \/>\n<meta name=\"twitter:site\" content=\"@Deveho1\" \/>\n<meta name=\"twitter:label1\" content=\"Dur\u00e9e de lecture estim\u00e9e\" \/>\n\t<meta name=\"twitter:data1\" content=\"3 minutes\" \/>\n<script type=\"application\/ld+json\" class=\"yoast-schema-graph\">{\"@context\":\"https:\/\/schema.org\",\"@graph\":[{\"@type\":\"WebPage\",\"@id\":\"https:\/\/deveho.com\/fr\/services\/facture-electronique\/la-facture-electronique-en-france\/\",\"url\":\"https:\/\/deveho.com\/fr\/services\/facture-electronique\/la-facture-electronique-en-france\/\",\"name\":\"Facture \u00e9lectronique en France - Deveho\",\"isPartOf\":{\"@id\":\"https:\/\/deveho.com\/#website\"},\"primaryImageOfPage\":{\"@id\":\"https:\/\/deveho.com\/fr\/services\/facture-electronique\/la-facture-electronique-en-france\/#primaryimage\"},\"image\":{\"@id\":\"https:\/\/deveho.com\/fr\/services\/facture-electronique\/la-facture-electronique-en-france\/#primaryimage\"},\"thumbnailUrl\":\"https:\/\/deveho.com\/wp-content\/uploads\/2024\/02\/2-e1709135057648-300x188.jpg\",\"datePublished\":\"2024-02-27T14:01:48+00:00\",\"dateModified\":\"2026-02-12T08:51:17+00:00\",\"description\":\"D\u00e9couvrez la nouvelle r\u00e9glementation du gouvernement en mati\u00e8re de facture \u00e9lectronique en France. Anticipez et pr\u00e9parez-vous avec Sage X3.\",\"breadcrumb\":{\"@id\":\"https:\/\/deveho.com\/fr\/services\/facture-electronique\/la-facture-electronique-en-france\/#breadcrumb\"},\"inLanguage\":\"fr-FR\",\"potentialAction\":[{\"@type\":\"ReadAction\",\"target\":[\"https:\/\/deveho.com\/fr\/services\/facture-electronique\/la-facture-electronique-en-france\/\"]}]},{\"@type\":\"ImageObject\",\"inLanguage\":\"fr-FR\",\"@id\":\"https:\/\/deveho.com\/fr\/services\/facture-electronique\/la-facture-electronique-en-france\/#primaryimage\",\"url\":\"https:\/\/deveho.com\/wp-content\/uploads\/2024\/02\/2-e1709135057648-300x188.jpg\",\"contentUrl\":\"https:\/\/deveho.com\/wp-content\/uploads\/2024\/02\/2-e1709135057648-300x188.jpg\"},{\"@type\":\"BreadcrumbList\",\"@id\":\"https:\/\/deveho.com\/fr\/services\/facture-electronique\/la-facture-electronique-en-france\/#breadcrumb\",\"itemListElement\":[{\"@type\":\"ListItem\",\"position\":1,\"name\":\"Home\",\"item\":\"https:\/\/deveho.com\/fr\/\"},{\"@type\":\"ListItem\",\"position\":2,\"name\":\"Services\",\"item\":\"https:\/\/deveho.com\/fr\/services\/\"},{\"@type\":\"ListItem\",\"position\":3,\"name\":\"La facture \u00e9lectronique\",\"item\":\"https:\/\/deveho.com\/fr\/services\/facture-electronique\/\"},{\"@type\":\"ListItem\",\"position\":4,\"name\":\"Syst\u00e8me de facture \u00e9lectronique en France\"}]},{\"@type\":\"WebSite\",\"@id\":\"https:\/\/deveho.com\/#website\",\"url\":\"https:\/\/deveho.com\/\",\"name\":\"Deveho Consulting Group\",\"description\":\"Let\u2019s boost your growth\",\"publisher\":{\"@id\":\"https:\/\/deveho.com\/#organization\"},\"potentialAction\":[{\"@type\":\"SearchAction\",\"target\":{\"@type\":\"EntryPoint\",\"urlTemplate\":\"https:\/\/deveho.com\/?s={search_term_string}\"},\"query-input\":{\"@type\":\"PropertyValueSpecification\",\"valueRequired\":true,\"valueName\":\"search_term_string\"}}],\"inLanguage\":\"fr-FR\"},{\"@type\":\"Organization\",\"@id\":\"https:\/\/deveho.com\/#organization\",\"name\":\"Deveho Consulting Group\",\"url\":\"https:\/\/deveho.com\/\",\"logo\":{\"@type\":\"ImageObject\",\"inLanguage\":\"fr-FR\",\"@id\":\"https:\/\/deveho.com\/#\/schema\/logo\/image\/\",\"url\":\"https:\/\/deveho.com\/wp-content\/uploads\/2023\/02\/DEVEHO-LOGO-Baseline-COLOR.png\",\"contentUrl\":\"https:\/\/deveho.com\/wp-content\/uploads\/2023\/02\/DEVEHO-LOGO-Baseline-COLOR.png\",\"width\":2251,\"height\":585,\"caption\":\"Deveho Consulting Group\"},\"image\":{\"@id\":\"https:\/\/deveho.com\/#\/schema\/logo\/image\/\"},\"sameAs\":[\"https:\/\/www.facebook.com\/deveho\",\"https:\/\/x.com\/Deveho1\",\"https:\/\/www.linkedin.com\/company\/deveho-consulting\/\"]}]}<\/script>\n<!-- \/ Yoast SEO plugin. -->","yoast_head_json":{"title":"Facture \u00e9lectronique en France - Deveho","description":"D\u00e9couvrez la nouvelle r\u00e9glementation du gouvernement en mati\u00e8re de facture \u00e9lectronique en France. Anticipez et pr\u00e9parez-vous avec Sage X3.","robots":{"index":"index","follow":"follow","max-snippet":"max-snippet:-1","max-image-preview":"max-image-preview:large","max-video-preview":"max-video-preview:-1"},"canonical":"https:\/\/deveho.com\/fr\/services\/facture-electronique\/la-facture-electronique-en-france\/","og_locale":"fr_FR","og_type":"article","og_title":"Facture \u00e9lectronique en France - Deveho","og_description":"D\u00e9couvrez la nouvelle r\u00e9glementation du gouvernement en mati\u00e8re de facture \u00e9lectronique en France. Anticipez et pr\u00e9parez-vous avec Sage X3.","og_url":"https:\/\/deveho.com\/fr\/services\/facture-electronique\/la-facture-electronique-en-france\/","og_site_name":"Deveho","article_publisher":"https:\/\/www.facebook.com\/deveho","article_modified_time":"2026-02-12T08:51:17+00:00","og_image":[{"url":"https:\/\/deveho.com\/wp-content\/uploads\/2024\/02\/2-e1709135057648-300x188.jpg"}],"twitter_card":"summary_large_image","twitter_site":"@Deveho1","twitter_misc":{"Dur\u00e9e de lecture estim\u00e9e":"3 minutes"},"schema":{"@context":"https:\/\/schema.org","@graph":[{"@type":"WebPage","@id":"https:\/\/deveho.com\/fr\/services\/facture-electronique\/la-facture-electronique-en-france\/","url":"https:\/\/deveho.com\/fr\/services\/facture-electronique\/la-facture-electronique-en-france\/","name":"Facture \u00e9lectronique en France - Deveho","isPartOf":{"@id":"https:\/\/deveho.com\/#website"},"primaryImageOfPage":{"@id":"https:\/\/deveho.com\/fr\/services\/facture-electronique\/la-facture-electronique-en-france\/#primaryimage"},"image":{"@id":"https:\/\/deveho.com\/fr\/services\/facture-electronique\/la-facture-electronique-en-france\/#primaryimage"},"thumbnailUrl":"https:\/\/deveho.com\/wp-content\/uploads\/2024\/02\/2-e1709135057648-300x188.jpg","datePublished":"2024-02-27T14:01:48+00:00","dateModified":"2026-02-12T08:51:17+00:00","description":"D\u00e9couvrez la nouvelle r\u00e9glementation du gouvernement en mati\u00e8re de facture \u00e9lectronique en France. Anticipez et pr\u00e9parez-vous avec Sage X3.","breadcrumb":{"@id":"https:\/\/deveho.com\/fr\/services\/facture-electronique\/la-facture-electronique-en-france\/#breadcrumb"},"inLanguage":"fr-FR","potentialAction":[{"@type":"ReadAction","target":["https:\/\/deveho.com\/fr\/services\/facture-electronique\/la-facture-electronique-en-france\/"]}]},{"@type":"ImageObject","inLanguage":"fr-FR","@id":"https:\/\/deveho.com\/fr\/services\/facture-electronique\/la-facture-electronique-en-france\/#primaryimage","url":"https:\/\/deveho.com\/wp-content\/uploads\/2024\/02\/2-e1709135057648-300x188.jpg","contentUrl":"https:\/\/deveho.com\/wp-content\/uploads\/2024\/02\/2-e1709135057648-300x188.jpg"},{"@type":"BreadcrumbList","@id":"https:\/\/deveho.com\/fr\/services\/facture-electronique\/la-facture-electronique-en-france\/#breadcrumb","itemListElement":[{"@type":"ListItem","position":1,"name":"Home","item":"https:\/\/deveho.com\/fr\/"},{"@type":"ListItem","position":2,"name":"Services","item":"https:\/\/deveho.com\/fr\/services\/"},{"@type":"ListItem","position":3,"name":"La facture \u00e9lectronique","item":"https:\/\/deveho.com\/fr\/services\/facture-electronique\/"},{"@type":"ListItem","position":4,"name":"Syst\u00e8me de facture \u00e9lectronique en France"}]},{"@type":"WebSite","@id":"https:\/\/deveho.com\/#website","url":"https:\/\/deveho.com\/","name":"Deveho Consulting Group","description":"Let\u2019s boost your growth","publisher":{"@id":"https:\/\/deveho.com\/#organization"},"potentialAction":[{"@type":"SearchAction","target":{"@type":"EntryPoint","urlTemplate":"https:\/\/deveho.com\/?s={search_term_string}"},"query-input":{"@type":"PropertyValueSpecification","valueRequired":true,"valueName":"search_term_string"}}],"inLanguage":"fr-FR"},{"@type":"Organization","@id":"https:\/\/deveho.com\/#organization","name":"Deveho Consulting Group","url":"https:\/\/deveho.com\/","logo":{"@type":"ImageObject","inLanguage":"fr-FR","@id":"https:\/\/deveho.com\/#\/schema\/logo\/image\/","url":"https:\/\/deveho.com\/wp-content\/uploads\/2023\/02\/DEVEHO-LOGO-Baseline-COLOR.png","contentUrl":"https:\/\/deveho.com\/wp-content\/uploads\/2023\/02\/DEVEHO-LOGO-Baseline-COLOR.png","width":2251,"height":585,"caption":"Deveho Consulting Group"},"image":{"@id":"https:\/\/deveho.com\/#\/schema\/logo\/image\/"},"sameAs":["https:\/\/www.facebook.com\/deveho","https:\/\/x.com\/Deveho1","https:\/\/www.linkedin.com\/company\/deveho-consulting\/"]}]}},"_links":{"self":[{"href":"https:\/\/deveho.com\/fr\/wp-json\/wp\/v2\/pages\/28346"}],"collection":[{"href":"https:\/\/deveho.com\/fr\/wp-json\/wp\/v2\/pages"}],"about":[{"href":"https:\/\/deveho.com\/fr\/wp-json\/wp\/v2\/types\/page"}],"author":[{"embeddable":true,"href":"https:\/\/deveho.com\/fr\/wp-json\/wp\/v2\/users\/34"}],"replies":[{"embeddable":true,"href":"https:\/\/deveho.com\/fr\/wp-json\/wp\/v2\/comments?post=28346"}],"version-history":[{"count":34,"href":"https:\/\/deveho.com\/fr\/wp-json\/wp\/v2\/pages\/28346\/revisions"}],"predecessor-version":[{"id":46304,"href":"https:\/\/deveho.com\/fr\/wp-json\/wp\/v2\/pages\/28346\/revisions\/46304"}],"up":[{"embeddable":true,"href":"https:\/\/deveho.com\/fr\/wp-json\/wp\/v2\/pages\/28327"}],"wp:attachment":[{"href":"https:\/\/deveho.com\/fr\/wp-json\/wp\/v2\/media?parent=28346"}],"curies":[{"name":"wp","href":"https:\/\/api.w.org\/{rel}","templated":true}]}}