{"id":28366,"date":"2024-02-27T16:05:54","date_gmt":"2024-02-27T14:05:54","guid":{"rendered":"https:\/\/deveho.com\/?page_id=28366"},"modified":"2024-03-01T14:21:04","modified_gmt":"2024-03-01T12:21:04","slug":"facturation-electronique-en-roumanie","status":"publish","type":"page","link":"https:\/\/deveho.com\/fr\/services\/facture-electronique\/facturation-electronique-en-roumanie\/","title":{"rendered":"Syst\u00e8me de facturation \u00e9lectronique en Roumanie"},"content":{"rendered":"<br \/>\n<h2><\/h2>\n<h3>Les conditions requises du syst\u00e8me de facturation \u00e9lectronique en Roumanie<\/h3>\n<h3><\/h3>\n<p><p>La facturation \u00e9lectronique s&#8217;est impos\u00e9e comme une solution moderne et efficace pour g\u00e9rer les transactions commerciales \u00e0 l&#8217;\u00e9chelle mondiale. En Roumanie, la r\u00e9glementation en mati\u00e8re de facturation \u00e9lectronique a \u00e9volu\u00e9 pour refl\u00e9ter cette tendance et encourager l&#8217;adoption de m\u00e9thodes plus efficaces.<\/p>\n<p>La Roumanie a d\u00e9velopp\u00e9 plusieurs solutions pour g\u00e9rer l&#8217;essor de la facturation \u00e9lectronique :<\/p>\n<ul>\n<li><a href=\"https:\/\/deveho.com\/fr\/services\/facture-electronique\/facturation-electronique-en-roumanie\/e-factura\/\"><strong>E-FACTURA<\/strong><\/a><\/li>\n<li><strong>E-TRANSPORT<\/strong><\/li>\n<\/ul>\n<p>Le 15 d\u00e9cembre 2023, une s\u00e9rie de modifications du syst\u00e8me de transport \u00e9lectronique du RO est entr\u00e9e en vigueur. Avant la publication de l&#8217;EGO no. 115\/2023, le syst\u00e8me RO E-Transport ne s&#8217;appliquait qu&#8217;au transport routier de marchandises \u00e0 haut risque fiscal effectu\u00e9 \u00e0 l&#8217;int\u00e9rieur de la Roumanie. Il comprenait diverses obligations de d\u00e9claration pour les entit\u00e9s impliqu\u00e9es dans des transactions avec et\/ou le transport routier de ces marchandises.<\/p>\n<p>Cependant, avec la nouvelle publication, le champ d&#8217;application du syst\u00e8me RO E-Transport a \u00e9t\u00e9 \u00e9largi pour inclure \u00e9galement une obligation de d\u00e9claration pour le transport routier international de marchandises. Ces transports doivent \u00eatre d\u00e9clar\u00e9s quelle que soit la nature des marchandises (c&#8217;est-\u00e0-dire pas seulement pour les marchandises pr\u00e9sentant un risque fiscal \u00e9lev\u00e9).<\/p>\n<p>Bien que les mesures concernant la d\u00e9claration du transport routier international de marchandises soient d\u00e9j\u00e0 entr\u00e9es en vigueur le 15 d\u00e9cembre 2023, les sanctions pour non-respect des nouvelles obligations concernant le transport routier international de marchandises entrent en vigueur \u00e0 partir du 1er juillet 2024.<\/p>\n<p>L&#8217;obligation de d\u00e9clarer dans le syst\u00e8me RO E-Transport les donn\u00e9es relatives au transport international de marchandises incombe aux utilisateurs suivants :<\/p>\n<p>-Le destinataire figurant sur la d\u00e9claration en douane d&#8217;importation ou l&#8217;exp\u00e9diteur figurant sur la d\u00e9claration en douane d&#8217;exportation, selon le cas, pour les marchandises soumises \u00e0 des op\u00e9rations d&#8217;importation ou d&#8217;exportation ;<br \/>\n-le b\u00e9n\u00e9ficiaire en Roumanie en cas d&#8217;acquisition intracommunautaire de biens ;<br \/>\n-le fournisseur en Roumanie, dans le cas de livraisons intracommunautaires de biens ;<br \/>\n-le d\u00e9positaire, dans le cas de biens faisant l&#8217;objet d&#8217;op\u00e9rations intracommunautaires en transit.<\/p>\n<\/p>\n<h2><\/h2>\n<h3><red>Environnement r\u00e9glementaire pour la facturation \u00e9lectronique en Roumanie<\/red><\/h3>\n<h3><\/h3>\n<\/p>\n<h2><\/h2>\n<h3>Avantages de <br \/>la facturation \u00e9lectronique en Roumanie<\/h3>\n<h3><\/h3><\/p>\n","protected":false},"excerpt":{"rendered":"<p>La facturation \u00e9lectronique entre entreprises ne sera pas introduite progressivement, mais sera obligatoire pour toutes les entreprises \u00e0 partir du 1er janvier 2024.<\/p>\n","protected":false},"author":34,"featured_media":0,"parent":28327,"menu_order":0,"comment_status":"closed","ping_status":"closed","template":"templates\/template-prod_serv.php","meta":{"_acf_changed":false,"footnotes":""},"class_list":["post-28366","page","type-page","status-publish","hentry"],"acf":[],"yoast_head":"<!-- This site is optimized with the Yoast SEO plugin v23.5 - https:\/\/yoast.com\/wordpress\/plugins\/seo\/ -->\n<title>Facturation \u00e9lectronique en Roumanie - Deveho<\/title>\n<meta name=\"description\" content=\"Find out about the romanian government&#039;s new e-invoicing regulations. Anticipate the regulations and get ready for E-invoicing in Romania.\" \/>\n<meta name=\"robots\" content=\"index, follow, max-snippet:-1, max-image-preview:large, max-video-preview:-1\" \/>\n<link rel=\"canonical\" href=\"https:\/\/deveho.com\/fr\/services\/facture-electronique\/facturation-electronique-en-roumanie\/\" \/>\n<meta property=\"og:locale\" content=\"fr_FR\" \/>\n<meta property=\"og:type\" content=\"article\" \/>\n<meta property=\"og:title\" content=\"Facturation \u00e9lectronique en Roumanie - Deveho\" \/>\n<meta property=\"og:description\" content=\"Find out about the romanian government&#039;s new e-invoicing regulations. Anticipate the regulations and get ready for E-invoicing in Romania.\" \/>\n<meta property=\"og:url\" content=\"https:\/\/deveho.com\/fr\/services\/facture-electronique\/facturation-electronique-en-roumanie\/\" \/>\n<meta property=\"og:site_name\" content=\"Deveho\" \/>\n<meta property=\"article:publisher\" content=\"https:\/\/www.facebook.com\/deveho\" \/>\n<meta property=\"article:modified_time\" content=\"2024-03-01T12:21:04+00:00\" \/>\n<meta name=\"twitter:card\" content=\"summary_large_image\" \/>\n<meta name=\"twitter:site\" content=\"@Deveho1\" \/>\n<meta name=\"twitter:label1\" content=\"Dur\u00e9e de lecture estim\u00e9e\" \/>\n\t<meta name=\"twitter:data1\" content=\"2 minutes\" \/>\n<script type=\"application\/ld+json\" class=\"yoast-schema-graph\">{\"@context\":\"https:\/\/schema.org\",\"@graph\":[{\"@type\":\"WebPage\",\"@id\":\"https:\/\/deveho.com\/fr\/services\/facture-electronique\/facturation-electronique-en-roumanie\/\",\"url\":\"https:\/\/deveho.com\/fr\/services\/facture-electronique\/facturation-electronique-en-roumanie\/\",\"name\":\"Facturation \u00e9lectronique en Roumanie - Deveho\",\"isPartOf\":{\"@id\":\"https:\/\/deveho.com\/#website\"},\"datePublished\":\"2024-02-27T14:05:54+00:00\",\"dateModified\":\"2024-03-01T12:21:04+00:00\",\"description\":\"Find out about the romanian government's new e-invoicing regulations. Anticipate the regulations and get ready for E-invoicing in Romania.\",\"breadcrumb\":{\"@id\":\"https:\/\/deveho.com\/fr\/services\/facture-electronique\/facturation-electronique-en-roumanie\/#breadcrumb\"},\"inLanguage\":\"fr-FR\",\"potentialAction\":[{\"@type\":\"ReadAction\",\"target\":[\"https:\/\/deveho.com\/fr\/services\/facture-electronique\/facturation-electronique-en-roumanie\/\"]}]},{\"@type\":\"BreadcrumbList\",\"@id\":\"https:\/\/deveho.com\/fr\/services\/facture-electronique\/facturation-electronique-en-roumanie\/#breadcrumb\",\"itemListElement\":[{\"@type\":\"ListItem\",\"position\":1,\"name\":\"Home\",\"item\":\"https:\/\/deveho.com\/fr\/\"},{\"@type\":\"ListItem\",\"position\":2,\"name\":\"Services\",\"item\":\"https:\/\/deveho.com\/fr\/services\/\"},{\"@type\":\"ListItem\",\"position\":3,\"name\":\"La facture \u00e9lectronique\",\"item\":\"https:\/\/deveho.com\/fr\/services\/facture-electronique\/\"},{\"@type\":\"ListItem\",\"position\":4,\"name\":\"Syst\u00e8me de facturation \u00e9lectronique en Roumanie\"}]},{\"@type\":\"WebSite\",\"@id\":\"https:\/\/deveho.com\/#website\",\"url\":\"https:\/\/deveho.com\/\",\"name\":\"Deveho Consulting Group\",\"description\":\"Let\u2019s boost your growth\",\"publisher\":{\"@id\":\"https:\/\/deveho.com\/#organization\"},\"potentialAction\":[{\"@type\":\"SearchAction\",\"target\":{\"@type\":\"EntryPoint\",\"urlTemplate\":\"https:\/\/deveho.com\/?s={search_term_string}\"},\"query-input\":{\"@type\":\"PropertyValueSpecification\",\"valueRequired\":true,\"valueName\":\"search_term_string\"}}],\"inLanguage\":\"fr-FR\"},{\"@type\":\"Organization\",\"@id\":\"https:\/\/deveho.com\/#organization\",\"name\":\"Deveho Consulting Group\",\"url\":\"https:\/\/deveho.com\/\",\"logo\":{\"@type\":\"ImageObject\",\"inLanguage\":\"fr-FR\",\"@id\":\"https:\/\/deveho.com\/#\/schema\/logo\/image\/\",\"url\":\"https:\/\/deveho.com\/wp-content\/uploads\/2023\/02\/DEVEHO-LOGO-Baseline-COLOR.png\",\"contentUrl\":\"https:\/\/deveho.com\/wp-content\/uploads\/2023\/02\/DEVEHO-LOGO-Baseline-COLOR.png\",\"width\":2251,\"height\":585,\"caption\":\"Deveho Consulting Group\"},\"image\":{\"@id\":\"https:\/\/deveho.com\/#\/schema\/logo\/image\/\"},\"sameAs\":[\"https:\/\/www.facebook.com\/deveho\",\"https:\/\/x.com\/Deveho1\",\"https:\/\/www.linkedin.com\/company\/deveho-consulting\/\"]}]}<\/script>\n<!-- \/ Yoast SEO plugin. -->","yoast_head_json":{"title":"Facturation \u00e9lectronique en Roumanie - Deveho","description":"Find out about the romanian government's new e-invoicing regulations. Anticipate the regulations and get ready for E-invoicing in Romania.","robots":{"index":"index","follow":"follow","max-snippet":"max-snippet:-1","max-image-preview":"max-image-preview:large","max-video-preview":"max-video-preview:-1"},"canonical":"https:\/\/deveho.com\/fr\/services\/facture-electronique\/facturation-electronique-en-roumanie\/","og_locale":"fr_FR","og_type":"article","og_title":"Facturation \u00e9lectronique en Roumanie - Deveho","og_description":"Find out about the romanian government's new e-invoicing regulations. Anticipate the regulations and get ready for E-invoicing in Romania.","og_url":"https:\/\/deveho.com\/fr\/services\/facture-electronique\/facturation-electronique-en-roumanie\/","og_site_name":"Deveho","article_publisher":"https:\/\/www.facebook.com\/deveho","article_modified_time":"2024-03-01T12:21:04+00:00","twitter_card":"summary_large_image","twitter_site":"@Deveho1","twitter_misc":{"Dur\u00e9e de lecture estim\u00e9e":"2 minutes"},"schema":{"@context":"https:\/\/schema.org","@graph":[{"@type":"WebPage","@id":"https:\/\/deveho.com\/fr\/services\/facture-electronique\/facturation-electronique-en-roumanie\/","url":"https:\/\/deveho.com\/fr\/services\/facture-electronique\/facturation-electronique-en-roumanie\/","name":"Facturation \u00e9lectronique en Roumanie - Deveho","isPartOf":{"@id":"https:\/\/deveho.com\/#website"},"datePublished":"2024-02-27T14:05:54+00:00","dateModified":"2024-03-01T12:21:04+00:00","description":"Find out about the romanian government's new e-invoicing regulations. Anticipate the regulations and get ready for E-invoicing in Romania.","breadcrumb":{"@id":"https:\/\/deveho.com\/fr\/services\/facture-electronique\/facturation-electronique-en-roumanie\/#breadcrumb"},"inLanguage":"fr-FR","potentialAction":[{"@type":"ReadAction","target":["https:\/\/deveho.com\/fr\/services\/facture-electronique\/facturation-electronique-en-roumanie\/"]}]},{"@type":"BreadcrumbList","@id":"https:\/\/deveho.com\/fr\/services\/facture-electronique\/facturation-electronique-en-roumanie\/#breadcrumb","itemListElement":[{"@type":"ListItem","position":1,"name":"Home","item":"https:\/\/deveho.com\/fr\/"},{"@type":"ListItem","position":2,"name":"Services","item":"https:\/\/deveho.com\/fr\/services\/"},{"@type":"ListItem","position":3,"name":"La facture \u00e9lectronique","item":"https:\/\/deveho.com\/fr\/services\/facture-electronique\/"},{"@type":"ListItem","position":4,"name":"Syst\u00e8me de facturation \u00e9lectronique en Roumanie"}]},{"@type":"WebSite","@id":"https:\/\/deveho.com\/#website","url":"https:\/\/deveho.com\/","name":"Deveho Consulting Group","description":"Let\u2019s boost your growth","publisher":{"@id":"https:\/\/deveho.com\/#organization"},"potentialAction":[{"@type":"SearchAction","target":{"@type":"EntryPoint","urlTemplate":"https:\/\/deveho.com\/?s={search_term_string}"},"query-input":{"@type":"PropertyValueSpecification","valueRequired":true,"valueName":"search_term_string"}}],"inLanguage":"fr-FR"},{"@type":"Organization","@id":"https:\/\/deveho.com\/#organization","name":"Deveho Consulting Group","url":"https:\/\/deveho.com\/","logo":{"@type":"ImageObject","inLanguage":"fr-FR","@id":"https:\/\/deveho.com\/#\/schema\/logo\/image\/","url":"https:\/\/deveho.com\/wp-content\/uploads\/2023\/02\/DEVEHO-LOGO-Baseline-COLOR.png","contentUrl":"https:\/\/deveho.com\/wp-content\/uploads\/2023\/02\/DEVEHO-LOGO-Baseline-COLOR.png","width":2251,"height":585,"caption":"Deveho Consulting Group"},"image":{"@id":"https:\/\/deveho.com\/#\/schema\/logo\/image\/"},"sameAs":["https:\/\/www.facebook.com\/deveho","https:\/\/x.com\/Deveho1","https:\/\/www.linkedin.com\/company\/deveho-consulting\/"]}]}},"_links":{"self":[{"href":"https:\/\/deveho.com\/fr\/wp-json\/wp\/v2\/pages\/28366"}],"collection":[{"href":"https:\/\/deveho.com\/fr\/wp-json\/wp\/v2\/pages"}],"about":[{"href":"https:\/\/deveho.com\/fr\/wp-json\/wp\/v2\/types\/page"}],"author":[{"embeddable":true,"href":"https:\/\/deveho.com\/fr\/wp-json\/wp\/v2\/users\/34"}],"replies":[{"embeddable":true,"href":"https:\/\/deveho.com\/fr\/wp-json\/wp\/v2\/comments?post=28366"}],"version-history":[{"count":0,"href":"https:\/\/deveho.com\/fr\/wp-json\/wp\/v2\/pages\/28366\/revisions"}],"up":[{"embeddable":true,"href":"https:\/\/deveho.com\/fr\/wp-json\/wp\/v2\/pages\/28327"}],"wp:attachment":[{"href":"https:\/\/deveho.com\/fr\/wp-json\/wp\/v2\/media?parent=28366"}],"curies":[{"name":"wp","href":"https:\/\/api.w.org\/{rel}","templated":true}]}}