{"id":28385,"date":"2024-02-27T16:07:54","date_gmt":"2024-02-27T14:07:54","guid":{"rendered":"https:\/\/deveho.com\/?page_id=28385"},"modified":"2024-03-01T14:18:30","modified_gmt":"2024-03-01T12:18:30","slug":"e-factura","status":"publish","type":"page","link":"https:\/\/deveho.com\/fr\/services\/facture-electronique\/facturation-electronique-en-roumanie\/e-factura\/","title":{"rendered":"E-FACTURA"},"content":{"rendered":"<br \/>\n<h2>Le syst\u00e8me de facturation \u00e9lectronique roumain sera disponible pour les derni\u00e8res versions de Sage X3 et V12.<\/h2>\n<h3><red>Syst\u00e8me de facturation \u00e9lectronique et Sage X3 en Roumanie<\/red><\/h3>\n<h3>Deveho Software Consulting, votre partenaire pour Sage X3 sur le march\u00e9 roumain, vous informe que E-Factura sera disponible dans Sage X3.<\/h3>\n<p><p>Faites-nous confiance pour la d\u00e9mat\u00e9rialisation de vos documents comptables sur le syst\u00e8me E-Factura. Notre \u00e9quipe locale en Roumanie, <strong>Deveho Software Consulting<\/strong>, peut vous aider \u00e0 optimiser votre comptabilit\u00e9.<\/p>\n<p><img loading=\"lazy\" decoding=\"async\" class=\"aligncenter  wp-image-28819\" src=\"https:\/\/deveho.com\/wp-content\/uploads\/2024\/03\/E-Factura-1-1.jpg\" alt=\"\" width=\"840\" height=\"280\" srcset=\"https:\/\/deveho.com\/wp-content\/uploads\/2024\/03\/E-Factura-1-1.jpg 600w, https:\/\/deveho.com\/wp-content\/uploads\/2024\/03\/E-Factura-1-1-300x100.jpg 300w, https:\/\/deveho.com\/wp-content\/uploads\/2024\/03\/E-Factura-1-1-150x50.jpg 150w\" sizes=\"(max-width: 840px) 100vw, 840px\" \/><\/p>\n<p>Pour plus d&#8217;informations, <a href=\"https:\/\/deveho.com\/fr\/contact\/\"><strong>contactez nous<\/strong><\/a>!<\/p>\n<\/p>\n<h2><b><red>RO E-Factura<\/red><\/b> <br \/>Syst\u00e8me de facturation \u00e9lectronique en Roumanie<\/h2>\n<p>Les livraisons de biens vis\u00e9es \u00e0 l&rsquo;art. 294 (2) du R\u00e8glement sont exempt\u00e9es de l&rsquo;obligation d&rsquo;envoyer les factures \u00e9mises dans le syst\u00e8me national de facturation \u00e9lectronique, E-Factura. (1) (a) et (b) et (2) de la Loi n\u00b0 227\/2015 (livraisons et exportations intracommunautaires).<\/p>\n<p><p><strong>La facture \u00e9lectronique est une facture \u00e9mise, envoy\u00e9e et re\u00e7ue dans un format XML structur\u00e9. Cette structure lui permet d&#8217;\u00eatre trait\u00e9e \u00e9lectroniquement et automatiquement par le syst\u00e8me roumain de facturation \u00e9lectronique, RO E-Factura.<\/strong><\/p>\n<p>Lorsque la validation est termin\u00e9e, le syst\u00e8me g\u00e9n\u00e8re automatiquement une r\u00e9ponse et, si la validation est r\u00e9ussie, la signature du minist\u00e8re des finances est appliqu\u00e9e. Cela permet de s&#8217;assurer que le contenu de la facture n&#8217;a pas \u00e9t\u00e9 modifi\u00e9.<\/p>\n<p>La version papier sera autoris\u00e9e jusqu&#8217;au 30 juin 2024, sauf si le fournisseur et le destinataire sont tous deux enregistr\u00e9s dans le registre des factures \u00e9lectroniques.<\/p>\n<p>A partir du 1er juillet 2024, sur la base de l&#8217;amendement de l&#8217;article 319 de la loi n\u00b0 227\/2015, seules les factures \u00e9mises \u00e9lectroniquement en format XML et transmises via le syst\u00e8me national de facturation \u00e9lectronique RO E-Factura, seront accept\u00e9es pour enregistrement par le destinataire &#8211; assujetti \u00e9tabli en Roumanie, dans le cadre d&#8217;une relation B2B.<\/p>\n<\/p>\n<p><p>La date limite de soumission des factures au syst\u00e8me national e-Invoice est de 5 jours ouvrables \u00e0 compter de la date d&#8217;\u00e9mission de la facture, mais au plus tard 5 jours ouvrables \u00e0 compter de la date limite d&#8217;\u00e9mission de la facture pr\u00e9vue \u00e0 l&#8217;art. 319 alin\u00e9a (16) de la loi n\u00b0 227\/2015. Le non-respect de ces dispositions constitue une contravention et est passible d&#8217;une amende. A titre exceptionnel, aucune sanction n&#8217;est appliqu\u00e9e du 1er janvier au 31 mars 2024.<\/p>\n<p>Ainsi, les entit\u00e9s non conformes risquent des amendes et le rejet de la d\u00e9duction de la TVA.<\/p>\n<p>Les contribuables doivent se pr\u00e9parer \u00e0 l&#8217;avance \u00e0 respecter ces obligations.<\/p>\n<p>Deveho et Sage X3 sont pr\u00eats \u00e0 r\u00e9pondre au nouveau syst\u00e8me de d\u00e9claration des factures \u00e9lectroniques.<\/p>\n<\/p>\n<h2><\/h2>\n<h3>Contenu de <br \/>la E-Factura<\/red><\/h3>\n<h3>Le rapport sur les factures \u00e9lectroniques comprendra des informations d\u00e9taill\u00e9es extraites du fournisseur, du client, des moyens de paiement, des conditions de paiement, des frais et des d\u00e9tails sur les produits ou les services concern\u00e9s.<br \/>\n<\/h3><\/p>\n","protected":false},"excerpt":{"rendered":"<p>A partir du 01\/01\/24, la facturation \u00e9lectronique deviendra obligatoire en Roumanie. <\/p>\n","protected":false},"author":34,"featured_media":0,"parent":28366,"menu_order":0,"comment_status":"closed","ping_status":"closed","template":"templates\/template-prod_serv.php","meta":{"_acf_changed":false,"footnotes":""},"class_list":["post-28385","page","type-page","status-publish","hentry"],"acf":[],"yoast_head":"<!-- This site is optimized with the Yoast SEO plugin v23.5 - https:\/\/yoast.com\/wordpress\/plugins\/seo\/ -->\n<title>E-Factura - Deveho<\/title>\n<meta name=\"description\" content=\"From 24.01.2010, e-invoicing will be mandatory in Romania. Discover the e-Factura system and its regulations.\" \/>\n<meta name=\"robots\" content=\"index, follow, max-snippet:-1, max-image-preview:large, max-video-preview:-1\" \/>\n<link rel=\"canonical\" href=\"https:\/\/deveho.com\/fr\/services\/facture-electronique\/facturation-electronique-en-roumanie\/e-factura\/\" \/>\n<meta property=\"og:locale\" content=\"fr_FR\" \/>\n<meta property=\"og:type\" content=\"article\" \/>\n<meta property=\"og:title\" content=\"E-Factura - Deveho\" \/>\n<meta property=\"og:description\" content=\"From 24.01.2010, e-invoicing will be mandatory in Romania. Discover the e-Factura system and its regulations.\" \/>\n<meta property=\"og:url\" content=\"https:\/\/deveho.com\/fr\/services\/facture-electronique\/facturation-electronique-en-roumanie\/e-factura\/\" \/>\n<meta property=\"og:site_name\" content=\"Deveho\" \/>\n<meta property=\"article:publisher\" content=\"https:\/\/www.facebook.com\/deveho\" \/>\n<meta property=\"article:modified_time\" content=\"2024-03-01T12:18:30+00:00\" \/>\n<meta property=\"og:image\" content=\"https:\/\/deveho.com\/wp-content\/uploads\/2024\/03\/E-Factura-1-1.jpg\" \/>\n<meta name=\"twitter:card\" content=\"summary_large_image\" \/>\n<meta name=\"twitter:site\" content=\"@Deveho1\" \/>\n<meta name=\"twitter:label1\" content=\"Dur\u00e9e de lecture estim\u00e9e\" \/>\n\t<meta name=\"twitter:data1\" content=\"3 minutes\" \/>\n<script type=\"application\/ld+json\" class=\"yoast-schema-graph\">{\"@context\":\"https:\/\/schema.org\",\"@graph\":[{\"@type\":\"WebPage\",\"@id\":\"https:\/\/deveho.com\/fr\/services\/facture-electronique\/facturation-electronique-en-roumanie\/e-factura\/\",\"url\":\"https:\/\/deveho.com\/fr\/services\/facture-electronique\/facturation-electronique-en-roumanie\/e-factura\/\",\"name\":\"E-Factura - Deveho\",\"isPartOf\":{\"@id\":\"https:\/\/deveho.com\/#website\"},\"primaryImageOfPage\":{\"@id\":\"https:\/\/deveho.com\/fr\/services\/facture-electronique\/facturation-electronique-en-roumanie\/e-factura\/#primaryimage\"},\"image\":{\"@id\":\"https:\/\/deveho.com\/fr\/services\/facture-electronique\/facturation-electronique-en-roumanie\/e-factura\/#primaryimage\"},\"thumbnailUrl\":\"https:\/\/deveho.com\/wp-content\/uploads\/2024\/03\/E-Factura-1-1.jpg\",\"datePublished\":\"2024-02-27T14:07:54+00:00\",\"dateModified\":\"2024-03-01T12:18:30+00:00\",\"description\":\"From 24.01.2010, e-invoicing will be mandatory in Romania. Discover the e-Factura system and its regulations.\",\"breadcrumb\":{\"@id\":\"https:\/\/deveho.com\/fr\/services\/facture-electronique\/facturation-electronique-en-roumanie\/e-factura\/#breadcrumb\"},\"inLanguage\":\"fr-FR\",\"potentialAction\":[{\"@type\":\"ReadAction\",\"target\":[\"https:\/\/deveho.com\/fr\/services\/facture-electronique\/facturation-electronique-en-roumanie\/e-factura\/\"]}]},{\"@type\":\"ImageObject\",\"inLanguage\":\"fr-FR\",\"@id\":\"https:\/\/deveho.com\/fr\/services\/facture-electronique\/facturation-electronique-en-roumanie\/e-factura\/#primaryimage\",\"url\":\"https:\/\/deveho.com\/wp-content\/uploads\/2024\/03\/E-Factura-1-1.jpg\",\"contentUrl\":\"https:\/\/deveho.com\/wp-content\/uploads\/2024\/03\/E-Factura-1-1.jpg\"},{\"@type\":\"BreadcrumbList\",\"@id\":\"https:\/\/deveho.com\/fr\/services\/facture-electronique\/facturation-electronique-en-roumanie\/e-factura\/#breadcrumb\",\"itemListElement\":[{\"@type\":\"ListItem\",\"position\":1,\"name\":\"Home\",\"item\":\"https:\/\/deveho.com\/fr\/\"},{\"@type\":\"ListItem\",\"position\":2,\"name\":\"Services\",\"item\":\"https:\/\/deveho.com\/fr\/services\/\"},{\"@type\":\"ListItem\",\"position\":3,\"name\":\"La facture \u00e9lectronique\",\"item\":\"https:\/\/deveho.com\/fr\/services\/facture-electronique\/\"},{\"@type\":\"ListItem\",\"position\":4,\"name\":\"Syst\u00e8me de facturation \u00e9lectronique en Roumanie\",\"item\":\"https:\/\/deveho.com\/fr\/services\/facture-electronique\/facturation-electronique-en-roumanie\/\"},{\"@type\":\"ListItem\",\"position\":5,\"name\":\"E-FACTURA\"}]},{\"@type\":\"WebSite\",\"@id\":\"https:\/\/deveho.com\/#website\",\"url\":\"https:\/\/deveho.com\/\",\"name\":\"Deveho Consulting Group\",\"description\":\"Let\u2019s boost your growth\",\"publisher\":{\"@id\":\"https:\/\/deveho.com\/#organization\"},\"potentialAction\":[{\"@type\":\"SearchAction\",\"target\":{\"@type\":\"EntryPoint\",\"urlTemplate\":\"https:\/\/deveho.com\/?s={search_term_string}\"},\"query-input\":{\"@type\":\"PropertyValueSpecification\",\"valueRequired\":true,\"valueName\":\"search_term_string\"}}],\"inLanguage\":\"fr-FR\"},{\"@type\":\"Organization\",\"@id\":\"https:\/\/deveho.com\/#organization\",\"name\":\"Deveho Consulting Group\",\"url\":\"https:\/\/deveho.com\/\",\"logo\":{\"@type\":\"ImageObject\",\"inLanguage\":\"fr-FR\",\"@id\":\"https:\/\/deveho.com\/#\/schema\/logo\/image\/\",\"url\":\"https:\/\/deveho.com\/wp-content\/uploads\/2023\/02\/DEVEHO-LOGO-Baseline-COLOR.png\",\"contentUrl\":\"https:\/\/deveho.com\/wp-content\/uploads\/2023\/02\/DEVEHO-LOGO-Baseline-COLOR.png\",\"width\":2251,\"height\":585,\"caption\":\"Deveho Consulting Group\"},\"image\":{\"@id\":\"https:\/\/deveho.com\/#\/schema\/logo\/image\/\"},\"sameAs\":[\"https:\/\/www.facebook.com\/deveho\",\"https:\/\/x.com\/Deveho1\",\"https:\/\/www.linkedin.com\/company\/deveho-consulting\/\"]}]}<\/script>\n<!-- \/ Yoast SEO plugin. -->","yoast_head_json":{"title":"E-Factura - Deveho","description":"From 24.01.2010, e-invoicing will be mandatory in Romania. Discover the e-Factura system and its regulations.","robots":{"index":"index","follow":"follow","max-snippet":"max-snippet:-1","max-image-preview":"max-image-preview:large","max-video-preview":"max-video-preview:-1"},"canonical":"https:\/\/deveho.com\/fr\/services\/facture-electronique\/facturation-electronique-en-roumanie\/e-factura\/","og_locale":"fr_FR","og_type":"article","og_title":"E-Factura - Deveho","og_description":"From 24.01.2010, e-invoicing will be mandatory in Romania. Discover the e-Factura system and its regulations.","og_url":"https:\/\/deveho.com\/fr\/services\/facture-electronique\/facturation-electronique-en-roumanie\/e-factura\/","og_site_name":"Deveho","article_publisher":"https:\/\/www.facebook.com\/deveho","article_modified_time":"2024-03-01T12:18:30+00:00","og_image":[{"url":"https:\/\/deveho.com\/wp-content\/uploads\/2024\/03\/E-Factura-1-1.jpg"}],"twitter_card":"summary_large_image","twitter_site":"@Deveho1","twitter_misc":{"Dur\u00e9e de lecture estim\u00e9e":"3 minutes"},"schema":{"@context":"https:\/\/schema.org","@graph":[{"@type":"WebPage","@id":"https:\/\/deveho.com\/fr\/services\/facture-electronique\/facturation-electronique-en-roumanie\/e-factura\/","url":"https:\/\/deveho.com\/fr\/services\/facture-electronique\/facturation-electronique-en-roumanie\/e-factura\/","name":"E-Factura - Deveho","isPartOf":{"@id":"https:\/\/deveho.com\/#website"},"primaryImageOfPage":{"@id":"https:\/\/deveho.com\/fr\/services\/facture-electronique\/facturation-electronique-en-roumanie\/e-factura\/#primaryimage"},"image":{"@id":"https:\/\/deveho.com\/fr\/services\/facture-electronique\/facturation-electronique-en-roumanie\/e-factura\/#primaryimage"},"thumbnailUrl":"https:\/\/deveho.com\/wp-content\/uploads\/2024\/03\/E-Factura-1-1.jpg","datePublished":"2024-02-27T14:07:54+00:00","dateModified":"2024-03-01T12:18:30+00:00","description":"From 24.01.2010, e-invoicing will be mandatory in Romania. Discover the e-Factura system and its regulations.","breadcrumb":{"@id":"https:\/\/deveho.com\/fr\/services\/facture-electronique\/facturation-electronique-en-roumanie\/e-factura\/#breadcrumb"},"inLanguage":"fr-FR","potentialAction":[{"@type":"ReadAction","target":["https:\/\/deveho.com\/fr\/services\/facture-electronique\/facturation-electronique-en-roumanie\/e-factura\/"]}]},{"@type":"ImageObject","inLanguage":"fr-FR","@id":"https:\/\/deveho.com\/fr\/services\/facture-electronique\/facturation-electronique-en-roumanie\/e-factura\/#primaryimage","url":"https:\/\/deveho.com\/wp-content\/uploads\/2024\/03\/E-Factura-1-1.jpg","contentUrl":"https:\/\/deveho.com\/wp-content\/uploads\/2024\/03\/E-Factura-1-1.jpg"},{"@type":"BreadcrumbList","@id":"https:\/\/deveho.com\/fr\/services\/facture-electronique\/facturation-electronique-en-roumanie\/e-factura\/#breadcrumb","itemListElement":[{"@type":"ListItem","position":1,"name":"Home","item":"https:\/\/deveho.com\/fr\/"},{"@type":"ListItem","position":2,"name":"Services","item":"https:\/\/deveho.com\/fr\/services\/"},{"@type":"ListItem","position":3,"name":"La facture \u00e9lectronique","item":"https:\/\/deveho.com\/fr\/services\/facture-electronique\/"},{"@type":"ListItem","position":4,"name":"Syst\u00e8me de facturation \u00e9lectronique en Roumanie","item":"https:\/\/deveho.com\/fr\/services\/facture-electronique\/facturation-electronique-en-roumanie\/"},{"@type":"ListItem","position":5,"name":"E-FACTURA"}]},{"@type":"WebSite","@id":"https:\/\/deveho.com\/#website","url":"https:\/\/deveho.com\/","name":"Deveho Consulting Group","description":"Let\u2019s boost your growth","publisher":{"@id":"https:\/\/deveho.com\/#organization"},"potentialAction":[{"@type":"SearchAction","target":{"@type":"EntryPoint","urlTemplate":"https:\/\/deveho.com\/?s={search_term_string}"},"query-input":{"@type":"PropertyValueSpecification","valueRequired":true,"valueName":"search_term_string"}}],"inLanguage":"fr-FR"},{"@type":"Organization","@id":"https:\/\/deveho.com\/#organization","name":"Deveho Consulting Group","url":"https:\/\/deveho.com\/","logo":{"@type":"ImageObject","inLanguage":"fr-FR","@id":"https:\/\/deveho.com\/#\/schema\/logo\/image\/","url":"https:\/\/deveho.com\/wp-content\/uploads\/2023\/02\/DEVEHO-LOGO-Baseline-COLOR.png","contentUrl":"https:\/\/deveho.com\/wp-content\/uploads\/2023\/02\/DEVEHO-LOGO-Baseline-COLOR.png","width":2251,"height":585,"caption":"Deveho Consulting Group"},"image":{"@id":"https:\/\/deveho.com\/#\/schema\/logo\/image\/"},"sameAs":["https:\/\/www.facebook.com\/deveho","https:\/\/x.com\/Deveho1","https:\/\/www.linkedin.com\/company\/deveho-consulting\/"]}]}},"_links":{"self":[{"href":"https:\/\/deveho.com\/fr\/wp-json\/wp\/v2\/pages\/28385"}],"collection":[{"href":"https:\/\/deveho.com\/fr\/wp-json\/wp\/v2\/pages"}],"about":[{"href":"https:\/\/deveho.com\/fr\/wp-json\/wp\/v2\/types\/page"}],"author":[{"embeddable":true,"href":"https:\/\/deveho.com\/fr\/wp-json\/wp\/v2\/users\/34"}],"replies":[{"embeddable":true,"href":"https:\/\/deveho.com\/fr\/wp-json\/wp\/v2\/comments?post=28385"}],"version-history":[{"count":0,"href":"https:\/\/deveho.com\/fr\/wp-json\/wp\/v2\/pages\/28385\/revisions"}],"up":[{"embeddable":true,"href":"https:\/\/deveho.com\/fr\/wp-json\/wp\/v2\/pages\/28366"}],"wp:attachment":[{"href":"https:\/\/deveho.com\/fr\/wp-json\/wp\/v2\/media?parent=28385"}],"curies":[{"name":"wp","href":"https:\/\/api.w.org\/{rel}","templated":true}]}}