{"id":31414,"date":"2024-07-05T10:47:27","date_gmt":"2024-07-05T08:47:27","guid":{"rendered":"https:\/\/deveho.com\/?page_id=31414"},"modified":"2025-10-10T11:40:49","modified_gmt":"2025-10-10T09:40:49","slug":"sage-fiscalite-powered-by-regnology","status":"publish","type":"page","link":"https:\/\/deveho.com\/fr\/produits\/marketplace-sage-x3\/sage-fiscalite-powered-by-regnology\/","title":{"rendered":"Sage Fiscalit\u00e9 powered by Regnology"},"content":{"rendered":"<br \/>\n<h2><\/h2>\n<h3>Optimisez vos d\u00e9clarations fiscales avec Sage Fiscalit\u00e9<\/h3>\n<h3>Avec Sage Fiscalit\u00e9 powered by Regnology, d\u00e9mat\u00e9rialisez et simplifiez la gestion de vos d\u00e9clarations fiscales ! <\/h3>\n<p><p>La gestion de vos d\u00e9clarations fiscales constitue une t\u00e2che lourde pour vos employ\u00e9s, qui doivent naviguer parmi de nombreuses obligations et suivre les fr\u00e9quentes mises \u00e0 jour r\u00e9glementaires. En raison de la complexit\u00e9 du droit fiscal, des exigences de conformit\u00e9 et de la vari\u00e9t\u00e9 des d\u00e9clarations obligatoires, il devient essentiel de piloter quotidiennement, d&#8217;automatiser et de s\u00e9curiser vos processus. Avec Sage Fiscalit\u00e9, on vous aide \u00e0 le mettre en place!<\/p>\n<p>Vous souhaitez en savoir plus sur<b> Sage Fiscalit\u00e9 powered by Regnology<\/b>, la plateforme fiscale collaborative et multi-d\u00e9clarations, <strong>Deveho<\/strong> vous r\u00e9pond ! Inscrivez-vous et planifions ensemble une d\u00e9mo produit pour r\u00e9pondre \u00e0 toutes vos questions.<\/p>\n<\/p>\n<h2><b><red>Les Avantages<\/red> de Sage Fiscalit\u00e9<\/b><\/h2>\n<h3>Modernisation des Processus Fiscaux <\/h3>\n<ul>\n<li><strong>Automatisation des d\u00e9clarations<\/strong> : simplifie et automatise la pr\u00e9paration et la soumission des d\u00e9clarations fiscales, r\u00e9duisant ainsi les risques d&#8217;erreurs et les efforts manuels gr\u00e2ce \u00e0 des workflows automatis\u00e9s.<\/li>\n<li><strong>D\u00e9mat\u00e9rialisation<\/strong> : gestion num\u00e9rique des documents fiscaux pour une plus grande efficacit\u00e9.<\/li>\n<li style=\"list-style-type: none;\"><\/li>\n<\/ul>\n<h3>Conformit\u00e9 et Mise \u00e0 Jour R\u00e9glementaire<\/h3>\n<ul>\n<li>Mises \u00e0 jour automatiques : adaptation rapide aux changements r\u00e9glementaires.<\/li>\n<li>Contr\u00f4les de conformit\u00e9 int\u00e9gr\u00e9s : assurance que toutes les d\u00e9clarations respectent les exigences l\u00e9gales.<\/li>\n<\/ul>\n<h3>Int\u00e9gration Transparente<\/h3>\n<p><p>S&#8217;int\u00e8gre parfaitement avec les syst\u00e8mes <a href=\"https:\/\/deveho.com\/fr\/produits\/sage-x3\/\">Sage X3<\/a> et <a href=\"https:\/\/deveho.com\/fr\/produits\/sage-frp-1000\/\">Sage FRP 1000<\/a>, permettant une gestion coh\u00e9rente et fluide des donn\u00e9es financi\u00e8res et fiscales gr\u00e2ce \u00e0 des connecteurs int\u00e9gr\u00e9s.<\/p>\n<\/p>\n<h3>Gestion Int\u00e9gr\u00e9e <\/h3>\n<ul>\n<li><strong>Centralisation des donn\u00e9es<\/strong> : regroupe toutes les donn\u00e9es fiscales et comptables en un seul endroit, facilitant la gestion et l&#8217;acc\u00e8s aux informations n\u00e9cessaires pour les d\u00e9clarations fiscales.<\/li>\n<li>Cr\u00e9ation facilit\u00e9e des annexes aux comptes sociaux gr\u00e2ce \u00e0 la conversion automatique des \u00e9tats dans diff\u00e9rents formats (Word, Excel, PDF, XML, HTML). Suivi en temps r\u00e9el des statuts de vos d\u00e9clarations et de vos paiements.<\/li>\n<\/ul>\n<h3>Analyse et Reporting Avanc\u00e9s<\/h3>\n<p><p>Fournit des outils d&#8217;analyse et de reporting avanc\u00e9s, permettant une meilleure visibilit\u00e9 et compr\u00e9hension des obligations fiscales et des performances fiscales de l&#8217;entreprise.<\/p>\n<\/p>\n<h3>S\u00e9curit\u00e9 et Fiabilit\u00e9<\/h3>\n<p><p><strong>S\u00e9curisation des donn\u00e9es<\/strong> : droits d\u2019acc\u00e8s hi\u00e9rarchis\u00e9s par profils et utilisateurs, cl\u00e9 d\u2019authentification, chiffrement des \u00e9changes et signature \u00e9lectronique int\u00e9gr\u00e9e. H\u00e9bergement en France dans un double datacenter certifi\u00e9 ISO 27001, avec r\u00e9plication synchrone et sauvegardes r\u00e9guli\u00e8res.<\/p>\n<\/p>\n<h2>Sage Fiscalit\u00e9<\/h2>\n<\/p>\n<p>Imaginez un seul point de contr\u00f4le pour l&rsquo;ensemble de vos soci\u00e9t\u00e9s. Avec Sage Fiscalit\u00e9, pilotez et suivez vos d\u00e9clarations en toute simplicit\u00e9. Contr\u00f4le, retraitement fiscal, commentaires \u2013 tout en un. Les plaquettes, la t\u00e9l\u00e9d\u00e9claration, et le suivi administratif centralis\u00e9s. Simplifiez, s\u00e9curisez, et assurez votre conformit\u00e9. <\/p>\n<h2><\/h2>\n<h3>Pages Li\u00e9es<\/h3>\n<\/p>\n<h3><\/h3>\n<\/p>\n<h3><\/h3><\/p>\n","protected":false},"excerpt":{"rendered":"<p>Sage Fiscalit\u00e9 powered by Regnology modernise, d\u00e9mat\u00e9rialise et simplifie la gestion de vos d\u00e9clarations fiscales, de leur cr\u00e9ation jusqu\u2019au t\u00e9l\u00e9paiement.<\/p>\n","protected":false},"author":34,"featured_media":0,"parent":9533,"menu_order":0,"comment_status":"closed","ping_status":"closed","template":"templates\/template-prod_serv.php","meta":{"_acf_changed":false,"footnotes":""},"class_list":["post-31414","page","type-page","status-publish","hentry"],"acf":[],"yoast_head":"<!-- This site is optimized with the Yoast SEO plugin v23.5 - https:\/\/yoast.com\/wordpress\/plugins\/seo\/ -->\n<title>Sage Fiscalit\u00e9 : vos d\u00e9clarations fiscales optimis\u00e9es<\/title>\n<meta name=\"description\" content=\"Avec Sage Fiscalit\u00e9 powered by Regnology d\u00e9mat\u00e9rialisez et simplifiez la gestion de vos d\u00e9clarations fiscales !\" \/>\n<meta name=\"robots\" content=\"index, follow, max-snippet:-1, max-image-preview:large, max-video-preview:-1\" \/>\n<link rel=\"canonical\" href=\"https:\/\/deveho.com\/fr\/produits\/marketplace-sage-x3\/sage-fiscalite-powered-by-regnology\/\" \/>\n<meta property=\"og:locale\" content=\"fr_FR\" \/>\n<meta property=\"og:type\" content=\"article\" \/>\n<meta property=\"og:title\" content=\"Sage Fiscalit\u00e9 : vos d\u00e9clarations fiscales optimis\u00e9es\" \/>\n<meta property=\"og:description\" content=\"Avec Sage Fiscalit\u00e9 powered by Regnology d\u00e9mat\u00e9rialisez et simplifiez la gestion de vos d\u00e9clarations fiscales !\" \/>\n<meta property=\"og:url\" content=\"https:\/\/deveho.com\/fr\/produits\/marketplace-sage-x3\/sage-fiscalite-powered-by-regnology\/\" \/>\n<meta property=\"og:site_name\" content=\"Deveho\" \/>\n<meta property=\"article:publisher\" content=\"https:\/\/www.facebook.com\/deveho\" \/>\n<meta property=\"article:modified_time\" content=\"2025-10-10T09:40:49+00:00\" \/>\n<meta name=\"twitter:card\" content=\"summary_large_image\" \/>\n<meta name=\"twitter:site\" content=\"@Deveho1\" \/>\n<meta name=\"twitter:label1\" content=\"Dur\u00e9e de lecture estim\u00e9e\" \/>\n\t<meta name=\"twitter:data1\" content=\"2 minutes\" \/>\n<script type=\"application\/ld+json\" class=\"yoast-schema-graph\">{\"@context\":\"https:\/\/schema.org\",\"@graph\":[{\"@type\":\"WebPage\",\"@id\":\"https:\/\/deveho.com\/fr\/produits\/marketplace-sage-x3\/sage-fiscalite-powered-by-regnology\/\",\"url\":\"https:\/\/deveho.com\/fr\/produits\/marketplace-sage-x3\/sage-fiscalite-powered-by-regnology\/\",\"name\":\"Sage Fiscalit\u00e9 : vos d\u00e9clarations fiscales optimis\u00e9es\",\"isPartOf\":{\"@id\":\"https:\/\/deveho.com\/#website\"},\"datePublished\":\"2024-07-05T08:47:27+00:00\",\"dateModified\":\"2025-10-10T09:40:49+00:00\",\"description\":\"Avec Sage Fiscalit\u00e9 powered by Regnology d\u00e9mat\u00e9rialisez et simplifiez la gestion de vos d\u00e9clarations fiscales !\",\"breadcrumb\":{\"@id\":\"https:\/\/deveho.com\/fr\/produits\/marketplace-sage-x3\/sage-fiscalite-powered-by-regnology\/#breadcrumb\"},\"inLanguage\":\"fr-FR\",\"potentialAction\":[{\"@type\":\"ReadAction\",\"target\":[\"https:\/\/deveho.com\/fr\/produits\/marketplace-sage-x3\/sage-fiscalite-powered-by-regnology\/\"]}]},{\"@type\":\"BreadcrumbList\",\"@id\":\"https:\/\/deveho.com\/fr\/produits\/marketplace-sage-x3\/sage-fiscalite-powered-by-regnology\/#breadcrumb\",\"itemListElement\":[{\"@type\":\"ListItem\",\"position\":1,\"name\":\"Home\",\"item\":\"https:\/\/deveho.com\/fr\/\"},{\"@type\":\"ListItem\",\"position\":2,\"name\":\"Produits\",\"item\":\"https:\/\/deveho.com\/fr\/produits\/\"},{\"@type\":\"ListItem\",\"position\":3,\"name\":\"Marketplace Sage X3\",\"item\":\"https:\/\/deveho.com\/fr\/produits\/marketplace-sage-x3\/\"},{\"@type\":\"ListItem\",\"position\":4,\"name\":\"Sage Fiscalit\u00e9 powered by Regnology\"}]},{\"@type\":\"WebSite\",\"@id\":\"https:\/\/deveho.com\/#website\",\"url\":\"https:\/\/deveho.com\/\",\"name\":\"Deveho Consulting Group\",\"description\":\"Let\u2019s boost your growth\",\"publisher\":{\"@id\":\"https:\/\/deveho.com\/#organization\"},\"potentialAction\":[{\"@type\":\"SearchAction\",\"target\":{\"@type\":\"EntryPoint\",\"urlTemplate\":\"https:\/\/deveho.com\/?s={search_term_string}\"},\"query-input\":{\"@type\":\"PropertyValueSpecification\",\"valueRequired\":true,\"valueName\":\"search_term_string\"}}],\"inLanguage\":\"fr-FR\"},{\"@type\":\"Organization\",\"@id\":\"https:\/\/deveho.com\/#organization\",\"name\":\"Deveho Consulting Group\",\"url\":\"https:\/\/deveho.com\/\",\"logo\":{\"@type\":\"ImageObject\",\"inLanguage\":\"fr-FR\",\"@id\":\"https:\/\/deveho.com\/#\/schema\/logo\/image\/\",\"url\":\"https:\/\/deveho.com\/wp-content\/uploads\/2023\/02\/DEVEHO-LOGO-Baseline-COLOR.png\",\"contentUrl\":\"https:\/\/deveho.com\/wp-content\/uploads\/2023\/02\/DEVEHO-LOGO-Baseline-COLOR.png\",\"width\":2251,\"height\":585,\"caption\":\"Deveho Consulting Group\"},\"image\":{\"@id\":\"https:\/\/deveho.com\/#\/schema\/logo\/image\/\"},\"sameAs\":[\"https:\/\/www.facebook.com\/deveho\",\"https:\/\/x.com\/Deveho1\",\"https:\/\/www.linkedin.com\/company\/deveho-consulting\/\"]}]}<\/script>\n<!-- \/ Yoast SEO plugin. -->","yoast_head_json":{"title":"Sage Fiscalit\u00e9 : vos d\u00e9clarations fiscales optimis\u00e9es","description":"Avec Sage Fiscalit\u00e9 powered by Regnology d\u00e9mat\u00e9rialisez et simplifiez la gestion de vos d\u00e9clarations fiscales !","robots":{"index":"index","follow":"follow","max-snippet":"max-snippet:-1","max-image-preview":"max-image-preview:large","max-video-preview":"max-video-preview:-1"},"canonical":"https:\/\/deveho.com\/fr\/produits\/marketplace-sage-x3\/sage-fiscalite-powered-by-regnology\/","og_locale":"fr_FR","og_type":"article","og_title":"Sage Fiscalit\u00e9 : vos d\u00e9clarations fiscales optimis\u00e9es","og_description":"Avec Sage Fiscalit\u00e9 powered by Regnology d\u00e9mat\u00e9rialisez et simplifiez la gestion de vos d\u00e9clarations fiscales !","og_url":"https:\/\/deveho.com\/fr\/produits\/marketplace-sage-x3\/sage-fiscalite-powered-by-regnology\/","og_site_name":"Deveho","article_publisher":"https:\/\/www.facebook.com\/deveho","article_modified_time":"2025-10-10T09:40:49+00:00","twitter_card":"summary_large_image","twitter_site":"@Deveho1","twitter_misc":{"Dur\u00e9e de lecture estim\u00e9e":"2 minutes"},"schema":{"@context":"https:\/\/schema.org","@graph":[{"@type":"WebPage","@id":"https:\/\/deveho.com\/fr\/produits\/marketplace-sage-x3\/sage-fiscalite-powered-by-regnology\/","url":"https:\/\/deveho.com\/fr\/produits\/marketplace-sage-x3\/sage-fiscalite-powered-by-regnology\/","name":"Sage Fiscalit\u00e9 : vos d\u00e9clarations fiscales optimis\u00e9es","isPartOf":{"@id":"https:\/\/deveho.com\/#website"},"datePublished":"2024-07-05T08:47:27+00:00","dateModified":"2025-10-10T09:40:49+00:00","description":"Avec Sage Fiscalit\u00e9 powered by Regnology d\u00e9mat\u00e9rialisez et simplifiez la gestion de vos d\u00e9clarations fiscales !","breadcrumb":{"@id":"https:\/\/deveho.com\/fr\/produits\/marketplace-sage-x3\/sage-fiscalite-powered-by-regnology\/#breadcrumb"},"inLanguage":"fr-FR","potentialAction":[{"@type":"ReadAction","target":["https:\/\/deveho.com\/fr\/produits\/marketplace-sage-x3\/sage-fiscalite-powered-by-regnology\/"]}]},{"@type":"BreadcrumbList","@id":"https:\/\/deveho.com\/fr\/produits\/marketplace-sage-x3\/sage-fiscalite-powered-by-regnology\/#breadcrumb","itemListElement":[{"@type":"ListItem","position":1,"name":"Home","item":"https:\/\/deveho.com\/fr\/"},{"@type":"ListItem","position":2,"name":"Produits","item":"https:\/\/deveho.com\/fr\/produits\/"},{"@type":"ListItem","position":3,"name":"Marketplace Sage X3","item":"https:\/\/deveho.com\/fr\/produits\/marketplace-sage-x3\/"},{"@type":"ListItem","position":4,"name":"Sage Fiscalit\u00e9 powered by Regnology"}]},{"@type":"WebSite","@id":"https:\/\/deveho.com\/#website","url":"https:\/\/deveho.com\/","name":"Deveho Consulting Group","description":"Let\u2019s boost your growth","publisher":{"@id":"https:\/\/deveho.com\/#organization"},"potentialAction":[{"@type":"SearchAction","target":{"@type":"EntryPoint","urlTemplate":"https:\/\/deveho.com\/?s={search_term_string}"},"query-input":{"@type":"PropertyValueSpecification","valueRequired":true,"valueName":"search_term_string"}}],"inLanguage":"fr-FR"},{"@type":"Organization","@id":"https:\/\/deveho.com\/#organization","name":"Deveho Consulting Group","url":"https:\/\/deveho.com\/","logo":{"@type":"ImageObject","inLanguage":"fr-FR","@id":"https:\/\/deveho.com\/#\/schema\/logo\/image\/","url":"https:\/\/deveho.com\/wp-content\/uploads\/2023\/02\/DEVEHO-LOGO-Baseline-COLOR.png","contentUrl":"https:\/\/deveho.com\/wp-content\/uploads\/2023\/02\/DEVEHO-LOGO-Baseline-COLOR.png","width":2251,"height":585,"caption":"Deveho Consulting Group"},"image":{"@id":"https:\/\/deveho.com\/#\/schema\/logo\/image\/"},"sameAs":["https:\/\/www.facebook.com\/deveho","https:\/\/x.com\/Deveho1","https:\/\/www.linkedin.com\/company\/deveho-consulting\/"]}]}},"_links":{"self":[{"href":"https:\/\/deveho.com\/fr\/wp-json\/wp\/v2\/pages\/31414"}],"collection":[{"href":"https:\/\/deveho.com\/fr\/wp-json\/wp\/v2\/pages"}],"about":[{"href":"https:\/\/deveho.com\/fr\/wp-json\/wp\/v2\/types\/page"}],"author":[{"embeddable":true,"href":"https:\/\/deveho.com\/fr\/wp-json\/wp\/v2\/users\/34"}],"replies":[{"embeddable":true,"href":"https:\/\/deveho.com\/fr\/wp-json\/wp\/v2\/comments?post=31414"}],"version-history":[{"count":11,"href":"https:\/\/deveho.com\/fr\/wp-json\/wp\/v2\/pages\/31414\/revisions"}],"predecessor-version":[{"id":43093,"href":"https:\/\/deveho.com\/fr\/wp-json\/wp\/v2\/pages\/31414\/revisions\/43093"}],"up":[{"embeddable":true,"href":"https:\/\/deveho.com\/fr\/wp-json\/wp\/v2\/pages\/9533"}],"wp:attachment":[{"href":"https:\/\/deveho.com\/fr\/wp-json\/wp\/v2\/media?parent=31414"}],"curies":[{"name":"wp","href":"https:\/\/api.w.org\/{rel}","templated":true}]}}