{"id":31799,"date":"2024-07-25T09:08:23","date_gmt":"2024-07-25T07:08:23","guid":{"rendered":"https:\/\/deveho.com\/?page_id=31799"},"modified":"2025-03-10T15:24:35","modified_gmt":"2025-03-10T13:24:35","slug":"sage-intacct","status":"publish","type":"page","link":"https:\/\/deveho.com\/fr\/produits\/sage-intacct\/","title":{"rendered":"Sage Intacct"},"content":{"rendered":"<br \/>\n<h2><\/h2>\n<h3>Pourquoi choisir Sage Intacct ? <\/h3>\n<h3>Sage Intacct est le logiciel de comptabilit\u00e9 et de gestion financi\u00e8re dans le cloud le mieux not\u00e9 pour la satisfaction de la client\u00e8le !<\/h3>\n<p><p>D\u00e9couvrez notre solution <strong>Sage Intacct<\/strong> et ses nombreux avantages:<\/p>\n<ul>\n<li>R\u00e9duire votre temps de cl\u00f4ture mensuelle jusqu&#8217;\u00e0 70 % gr\u00e2ce \u00e0 l&#8217;automatisation.<\/li>\n<li>Obtenir des rapports multidimensionnels en temps r\u00e9el. Arr\u00eater la d\u00e9multiplication des fichiers Excel !<\/li>\n<li>Lib\u00e9rer votre Direction Financi\u00e8re afin qu&#8217;elle se consacre principalement au pilotage de la croissance de l&#8217;entreprise.<\/li>\n<li><span class=\"fontstyle0\">D\u00e9ploiement rapide en <\/span>150 heures.<\/li>\n<li><span class=\"fontstyle0\">1 milliard <\/span><span class=\"fontstyle2\">de requ\u00eates API par mois<\/span>.<\/li>\n<li><span class=\"fontstyle0\">100 entit\u00e9s <\/span><span class=\"fontstyle2\">consolid\u00e9es en quelques secondes.<\/span><\/li>\n<\/ul>\n<h2>Gestion financi\u00e8re dans le Cloud pour les responsables financiers visionnaires<\/h2>\n<\/p>\n<p>Avec Sage Intacct, les directeurs financiers et les responsables des finances avant-gardistes peuvent acc\u00e9der \u00e0 des rapports financiers et de gestion int\u00e9gr\u00e9s pour toutes les unit\u00e9s commerciales en quelques minutes, et non en quelques jours, afin qu&rsquo;ils puissent d\u00e9velopper et g\u00e9rer leurs entreprises efficacement.<\/p>\n<h2><\/h2>\n<h3><b>Votre logiciel de comptabilit\u00e9 clients<\/b><\/h3>\n<h3><\/h3>\n<p><p><strong>Sage Intacct<\/strong>\u00a0propose une plateforme ouverte et communicante gr\u00e2ce \u00e0 ses API, facilitant l&#8217;int\u00e9gration et l&#8217;interaction avec de nombreuses solutions connexes.<br \/>\nCette capacit\u00e9 d&#8217;int\u00e9gration garantit une synchronisation optimale des donn\u00e9es et une communication en temps r\u00e9el entre diff\u00e9rents syst\u00e8mes, ce qui simplifie les processus op\u00e9rationnels complexes. En s\u2019adaptant aux sp\u00e9cificit\u00e9s uniques de chaque entreprise et secteur,<strong> Intacct<\/strong> devient un v\u00e9ritable levier pour personnaliser et optimiser les flux de travail, tout en r\u00e9pondant aux besoins \u00e9volutifs des utilisateurs.<\/p>\n<\/p>\n<h2><\/h2>\n<h3>Fonctionnalit\u00e9s Sage Intacct<\/h3>\n<h3>Pens\u00e9es pour maximiser les performances et accompagner durablement la croissance des entreprises, les fonctionnalit\u00e9s comptables avanc\u00e9es de Sage Intacct offrent une solution puissante et polyvalente pour les \u00e9quipes financi\u00e8res. Ce logiciel permet d&rsquo;automatiser une multitude de t\u00e2ches r\u00e9p\u00e9titives et chronophages, notamment la gestion de la facturation, les processus comptables courants, ainsi que la production de rapports financiers d\u00e9taill\u00e9s.<\/h3>\n<p><p>Gr\u00e2ce \u00e0 cette automatisation, les \u00e9quipes peuvent se concentrer sur des activit\u00e9s strat\u00e9giques \u00e0 forte valeur ajout\u00e9e, tout en b\u00e9n\u00e9ficiant d&#8217;une pr\u00e9cision accrue et d&#8217;une r\u00e9duction des erreurs humaines. Intacct contribue ainsi \u00e0 am\u00e9liorer l&#8217;efficacit\u00e9 op\u00e9rationnelle, \u00e0 soutenir une prise de d\u00e9cision \u00e9clair\u00e9e et \u00e0 favoriser un pilotage financier optimal.<\/p>\n<\/p>\n<h2><\/h2>\n<h3>Pages Li\u00e9es<\/h3>\n<\/p>\n<h3><\/h3>\n<\/p>\n<h3><\/h3><\/p>\n","protected":false},"excerpt":{"rendered":"<p>Recouvrez vos paiements plus rapidement et am\u00e9liorez vos flux de tr\u00e9sorerie gr\u00e2ce \u00e0 la comptabilit\u00e9 client qui fait partie de Sage Intacct.<\/p>\n","protected":false},"author":34,"featured_media":0,"parent":10307,"menu_order":0,"comment_status":"closed","ping_status":"closed","template":"templates\/template-prod_serv.php","meta":{"_acf_changed":false,"footnotes":""},"class_list":["post-31799","page","type-page","status-publish","hentry"],"acf":[],"yoast_head":"<!-- This site is optimized with the Yoast SEO plugin v23.5 - https:\/\/yoast.com\/wordpress\/plugins\/seo\/ -->\n<title>Sage Intacct - Logiciel de comptabilit\u00e9 clients - Deveho<\/title>\n<meta name=\"description\" content=\"Recouvrez vos paiements plus rapidement et am\u00e9liorez vos flux de tr\u00e9sorerie gr\u00e2ce \u00e0 la comptabilit\u00e9 client qui fait partie de Sage Intacct.\" \/>\n<meta name=\"robots\" content=\"index, follow, max-snippet:-1, max-image-preview:large, max-video-preview:-1\" \/>\n<link rel=\"canonical\" href=\"https:\/\/deveho.com\/fr\/produits\/sage-intacct\/\" \/>\n<meta property=\"og:locale\" content=\"fr_FR\" \/>\n<meta property=\"og:type\" content=\"article\" \/>\n<meta property=\"og:title\" content=\"Sage Intacct - Logiciel de comptabilit\u00e9 clients - Deveho\" \/>\n<meta property=\"og:description\" content=\"Recouvrez vos paiements plus rapidement et am\u00e9liorez vos flux de tr\u00e9sorerie gr\u00e2ce \u00e0 la comptabilit\u00e9 client qui fait partie de Sage Intacct.\" \/>\n<meta property=\"og:url\" content=\"https:\/\/deveho.com\/fr\/produits\/sage-intacct\/\" \/>\n<meta property=\"og:site_name\" content=\"Deveho\" \/>\n<meta property=\"article:publisher\" content=\"https:\/\/www.facebook.com\/deveho\" \/>\n<meta property=\"article:modified_time\" content=\"2025-03-10T13:24:35+00:00\" \/>\n<meta name=\"twitter:card\" content=\"summary_large_image\" \/>\n<meta name=\"twitter:site\" content=\"@Deveho1\" \/>\n<meta name=\"twitter:label1\" content=\"Dur\u00e9e de lecture estim\u00e9e\" \/>\n\t<meta name=\"twitter:data1\" content=\"2 minutes\" \/>\n<script type=\"application\/ld+json\" class=\"yoast-schema-graph\">{\"@context\":\"https:\/\/schema.org\",\"@graph\":[{\"@type\":\"WebPage\",\"@id\":\"https:\/\/deveho.com\/fr\/produits\/sage-intacct\/\",\"url\":\"https:\/\/deveho.com\/fr\/produits\/sage-intacct\/\",\"name\":\"Sage Intacct - Logiciel de comptabilit\u00e9 clients - Deveho\",\"isPartOf\":{\"@id\":\"https:\/\/deveho.com\/#website\"},\"datePublished\":\"2024-07-25T07:08:23+00:00\",\"dateModified\":\"2025-03-10T13:24:35+00:00\",\"description\":\"Recouvrez vos paiements plus rapidement et am\u00e9liorez vos flux de tr\u00e9sorerie gr\u00e2ce \u00e0 la comptabilit\u00e9 client qui fait partie de Sage Intacct.\",\"breadcrumb\":{\"@id\":\"https:\/\/deveho.com\/fr\/produits\/sage-intacct\/#breadcrumb\"},\"inLanguage\":\"fr-FR\",\"potentialAction\":[{\"@type\":\"ReadAction\",\"target\":[\"https:\/\/deveho.com\/fr\/produits\/sage-intacct\/\"]}]},{\"@type\":\"BreadcrumbList\",\"@id\":\"https:\/\/deveho.com\/fr\/produits\/sage-intacct\/#breadcrumb\",\"itemListElement\":[{\"@type\":\"ListItem\",\"position\":1,\"name\":\"Home\",\"item\":\"https:\/\/deveho.com\/fr\/\"},{\"@type\":\"ListItem\",\"position\":2,\"name\":\"Produits\",\"item\":\"https:\/\/deveho.com\/fr\/produits\/\"},{\"@type\":\"ListItem\",\"position\":3,\"name\":\"Sage Intacct\"}]},{\"@type\":\"WebSite\",\"@id\":\"https:\/\/deveho.com\/#website\",\"url\":\"https:\/\/deveho.com\/\",\"name\":\"Deveho Consulting Group\",\"description\":\"Let\u2019s boost your growth\",\"publisher\":{\"@id\":\"https:\/\/deveho.com\/#organization\"},\"potentialAction\":[{\"@type\":\"SearchAction\",\"target\":{\"@type\":\"EntryPoint\",\"urlTemplate\":\"https:\/\/deveho.com\/?s={search_term_string}\"},\"query-input\":{\"@type\":\"PropertyValueSpecification\",\"valueRequired\":true,\"valueName\":\"search_term_string\"}}],\"inLanguage\":\"fr-FR\"},{\"@type\":\"Organization\",\"@id\":\"https:\/\/deveho.com\/#organization\",\"name\":\"Deveho Consulting Group\",\"url\":\"https:\/\/deveho.com\/\",\"logo\":{\"@type\":\"ImageObject\",\"inLanguage\":\"fr-FR\",\"@id\":\"https:\/\/deveho.com\/#\/schema\/logo\/image\/\",\"url\":\"https:\/\/deveho.com\/wp-content\/uploads\/2023\/02\/DEVEHO-LOGO-Baseline-COLOR.png\",\"contentUrl\":\"https:\/\/deveho.com\/wp-content\/uploads\/2023\/02\/DEVEHO-LOGO-Baseline-COLOR.png\",\"width\":2251,\"height\":585,\"caption\":\"Deveho Consulting Group\"},\"image\":{\"@id\":\"https:\/\/deveho.com\/#\/schema\/logo\/image\/\"},\"sameAs\":[\"https:\/\/www.facebook.com\/deveho\",\"https:\/\/x.com\/Deveho1\",\"https:\/\/www.linkedin.com\/company\/deveho-consulting\/\"]}]}<\/script>\n<!-- \/ Yoast SEO plugin. -->","yoast_head_json":{"title":"Sage Intacct - Logiciel de comptabilit\u00e9 clients - Deveho","description":"Recouvrez vos paiements plus rapidement et am\u00e9liorez vos flux de tr\u00e9sorerie gr\u00e2ce \u00e0 la comptabilit\u00e9 client qui fait partie de Sage Intacct.","robots":{"index":"index","follow":"follow","max-snippet":"max-snippet:-1","max-image-preview":"max-image-preview:large","max-video-preview":"max-video-preview:-1"},"canonical":"https:\/\/deveho.com\/fr\/produits\/sage-intacct\/","og_locale":"fr_FR","og_type":"article","og_title":"Sage Intacct - Logiciel de comptabilit\u00e9 clients - Deveho","og_description":"Recouvrez vos paiements plus rapidement et am\u00e9liorez vos flux de tr\u00e9sorerie gr\u00e2ce \u00e0 la comptabilit\u00e9 client qui fait partie de Sage Intacct.","og_url":"https:\/\/deveho.com\/fr\/produits\/sage-intacct\/","og_site_name":"Deveho","article_publisher":"https:\/\/www.facebook.com\/deveho","article_modified_time":"2025-03-10T13:24:35+00:00","twitter_card":"summary_large_image","twitter_site":"@Deveho1","twitter_misc":{"Dur\u00e9e de lecture estim\u00e9e":"2 minutes"},"schema":{"@context":"https:\/\/schema.org","@graph":[{"@type":"WebPage","@id":"https:\/\/deveho.com\/fr\/produits\/sage-intacct\/","url":"https:\/\/deveho.com\/fr\/produits\/sage-intacct\/","name":"Sage Intacct - Logiciel de comptabilit\u00e9 clients - Deveho","isPartOf":{"@id":"https:\/\/deveho.com\/#website"},"datePublished":"2024-07-25T07:08:23+00:00","dateModified":"2025-03-10T13:24:35+00:00","description":"Recouvrez vos paiements plus rapidement et am\u00e9liorez vos flux de tr\u00e9sorerie gr\u00e2ce \u00e0 la comptabilit\u00e9 client qui fait partie de Sage Intacct.","breadcrumb":{"@id":"https:\/\/deveho.com\/fr\/produits\/sage-intacct\/#breadcrumb"},"inLanguage":"fr-FR","potentialAction":[{"@type":"ReadAction","target":["https:\/\/deveho.com\/fr\/produits\/sage-intacct\/"]}]},{"@type":"BreadcrumbList","@id":"https:\/\/deveho.com\/fr\/produits\/sage-intacct\/#breadcrumb","itemListElement":[{"@type":"ListItem","position":1,"name":"Home","item":"https:\/\/deveho.com\/fr\/"},{"@type":"ListItem","position":2,"name":"Produits","item":"https:\/\/deveho.com\/fr\/produits\/"},{"@type":"ListItem","position":3,"name":"Sage Intacct"}]},{"@type":"WebSite","@id":"https:\/\/deveho.com\/#website","url":"https:\/\/deveho.com\/","name":"Deveho Consulting Group","description":"Let\u2019s boost your growth","publisher":{"@id":"https:\/\/deveho.com\/#organization"},"potentialAction":[{"@type":"SearchAction","target":{"@type":"EntryPoint","urlTemplate":"https:\/\/deveho.com\/?s={search_term_string}"},"query-input":{"@type":"PropertyValueSpecification","valueRequired":true,"valueName":"search_term_string"}}],"inLanguage":"fr-FR"},{"@type":"Organization","@id":"https:\/\/deveho.com\/#organization","name":"Deveho Consulting Group","url":"https:\/\/deveho.com\/","logo":{"@type":"ImageObject","inLanguage":"fr-FR","@id":"https:\/\/deveho.com\/#\/schema\/logo\/image\/","url":"https:\/\/deveho.com\/wp-content\/uploads\/2023\/02\/DEVEHO-LOGO-Baseline-COLOR.png","contentUrl":"https:\/\/deveho.com\/wp-content\/uploads\/2023\/02\/DEVEHO-LOGO-Baseline-COLOR.png","width":2251,"height":585,"caption":"Deveho Consulting Group"},"image":{"@id":"https:\/\/deveho.com\/#\/schema\/logo\/image\/"},"sameAs":["https:\/\/www.facebook.com\/deveho","https:\/\/x.com\/Deveho1","https:\/\/www.linkedin.com\/company\/deveho-consulting\/"]}]}},"_links":{"self":[{"href":"https:\/\/deveho.com\/fr\/wp-json\/wp\/v2\/pages\/31799"}],"collection":[{"href":"https:\/\/deveho.com\/fr\/wp-json\/wp\/v2\/pages"}],"about":[{"href":"https:\/\/deveho.com\/fr\/wp-json\/wp\/v2\/types\/page"}],"author":[{"embeddable":true,"href":"https:\/\/deveho.com\/fr\/wp-json\/wp\/v2\/users\/34"}],"replies":[{"embeddable":true,"href":"https:\/\/deveho.com\/fr\/wp-json\/wp\/v2\/comments?post=31799"}],"version-history":[{"count":5,"href":"https:\/\/deveho.com\/fr\/wp-json\/wp\/v2\/pages\/31799\/revisions"}],"predecessor-version":[{"id":38758,"href":"https:\/\/deveho.com\/fr\/wp-json\/wp\/v2\/pages\/31799\/revisions\/38758"}],"up":[{"embeddable":true,"href":"https:\/\/deveho.com\/fr\/wp-json\/wp\/v2\/pages\/10307"}],"wp:attachment":[{"href":"https:\/\/deveho.com\/fr\/wp-json\/wp\/v2\/media?parent=31799"}],"curies":[{"name":"wp","href":"https:\/\/api.w.org\/{rel}","templated":true}]}}