{"id":31807,"date":"2024-07-17T15:43:02","date_gmt":"2024-07-17T13:43:02","guid":{"rendered":"https:\/\/deveho.com\/?page_id=31807"},"modified":"2026-04-09T09:46:43","modified_gmt":"2026-04-09T07:46:43","slug":"solution-yooz","status":"publish","type":"page","link":"https:\/\/deveho.com\/fr\/produits\/marketplace-sage-x3\/solution-yooz\/","title":{"rendered":"Yooz"},"content":{"rendered":"<br \/>\n<h2><\/h2>\n<h3>Yooz c&rsquo;est quoi? <\/h3>\n<h3><\/h3>\n<p><p>Yooz est une solution SaaS (Software as a Service) efficace pour le traitement et la d\u00e9mat\u00e9rialisation des factures fournisseurs.<br \/>\nDu bon de commande \u00e0 la r\u00e9ception de la facture, elle automatise l&#8217;ensemble du processus Purchase-to-Pay (P2P). Cela comprend l&#8217;int\u00e9gration de l&#8217;ERP, les proc\u00e9dures d&#8217;approbation et le traitement des paiements, le tout g\u00e9r\u00e9 par un syst\u00e8me unique et coh\u00e9rent.<\/p>\n<\/p>\n<h2><\/h2>\n<h3>Deveho int\u00e8gre la solution Yooz \u00e0 Sage X3<\/h3>\n<h3>Notre plateforme d&rsquo;automatisation des comptes fournisseurs allie technologie, simplicit\u00e9 et accessibilit\u00e9. Gagnez du temps et de l&rsquo;argent, et automatisez vos flux de travail avec Yooz.<\/h3>\n<p><div style=\"width: 640px;\" class=\"wp-video\"><video class=\"wp-video-shortcode\" id=\"video-31807-2\" width=\"640\" height=\"360\" poster=\"https:\/\/deveho.com\/wp-content\/uploads\/2024\/07\/yooz-video.png\" preload=\"metadata\" controls=\"controls\"><source type=\"video\/mp4\" src=\"https:\/\/deveho.com\/wp-content\/uploads\/2024\/07\/We-Are-Yooz-FR.mp4?_=2\" \/><a href=\"https:\/\/deveho.com\/wp-content\/uploads\/2024\/07\/We-Are-Yooz-FR.mp4\">https:\/\/deveho.com\/wp-content\/uploads\/2024\/07\/We-Are-Yooz-FR.mp4<\/a><\/video><\/div>\n<\/p>\n<h3><red><b>D\u00e9couvrez pourquoi nos clients choisissent la solution Yooz ! <\/red><\/b><\/h3>\n<p><p>La solution d&#8217;automatisation des factures,<strong> Yooz,<\/strong> r\u00e9pond \u00e0 vos enjeux de productivit\u00e9, d&#8217;efficacit\u00e9 et de conformit\u00e9.<br \/>\nAutomatisez vos processus d\u2019achat et de facturation client avec une solution unique.<\/p>\n<\/p>\n<p>Simplicit\u00e9 de param\u00e9trage.<\/p>\n<p>Reduction de 80% des co\u00fbts.<\/p>\n<p>R\u00e9duction des d\u00e9lais de validation.<\/p>\n<p>Visibilit\u00e9 augment\u00e9e sur vos processus.<\/p>\n<p>D\u00e9tection des fraudes et s\u00e9curisation de vos documents.<\/p>\n<p>Z\u00e9ro-risque sur la d\u00e9mat\u00e9rialisation de vos factures.<\/p>\n<h2><\/h2>\n<h3>Les avantages <\/h3>\n<h3><\/h3>\n<\/p>\n<h2><red>EU Business School<\/red> passe \u00e0 un niveau sup\u00e9rieur de gestion financi\u00e8re avec Sage X3 de Deveho<\/h2>\n<\/p>\n<p>\u00abNous nous sommes connect\u00e9s \u00e0 Yooz, une plateforme d&rsquo;automatisation des comptes fournisseurs, et \u00e0 notre logiciel acad\u00e9mique \u00bb. Anne-Claire Aubert, directrice financi\u00e8re du groupe \u00e0 EU Business School.<\/p>\n<h2><\/h2>\n<h3>Pages Li\u00e9es<\/h3>\n<\/p>\n<h3><\/h3>\n<\/p>\n<h3><\/h3><\/p>\n","protected":false},"excerpt":{"rendered":"<p>Yooz fournit la solution la plus intelligente, la plus puissante et la plus facile \u00e0 utiliser en mati\u00e8re d&rsquo;automatisation de la facturation \u00e9lectronique et du Purchase-to-Pay (P2P). Elle offre \u00e9conomie, vitesse et s\u00e9curit\u00e9 avec des abonnements \u00e0 risque z\u00e9ro abordables, \u00e0 plus de 5 000 clients et 300 000 utilisateurs dans le monde entier.<\/p>\n","protected":false},"author":34,"featured_media":0,"parent":9533,"menu_order":0,"comment_status":"closed","ping_status":"closed","template":"templates\/template-prod_serv.php","meta":{"_acf_changed":false,"footnotes":""},"class_list":["post-31807","page","type-page","status-publish","hentry"],"acf":[],"yoast_head":"<!-- This site is optimized with the Yoast SEO plugin v23.5 - https:\/\/yoast.com\/wordpress\/plugins\/seo\/ -->\n<title>Solution Yooz, d\u00e9mat\u00e9rialisation des factures fournisseurs - Deveho<\/title>\n<meta name=\"description\" content=\"Avec la solution Yooz, d\u00e9mat\u00e9rialisez et automatisez vos processus de traitement des documents Achats, Fournisseurs \u2026 en toute simplicit\u00e9.\" \/>\n<meta name=\"robots\" content=\"index, follow, max-snippet:-1, max-image-preview:large, max-video-preview:-1\" \/>\n<link rel=\"canonical\" href=\"https:\/\/deveho.com\/fr\/produits\/marketplace-sage-x3\/solution-yooz\/\" \/>\n<meta property=\"og:locale\" content=\"fr_FR\" \/>\n<meta property=\"og:type\" content=\"article\" \/>\n<meta property=\"og:title\" content=\"Solution Yooz, d\u00e9mat\u00e9rialisation des factures fournisseurs - Deveho\" \/>\n<meta property=\"og:description\" content=\"Avec la solution Yooz, d\u00e9mat\u00e9rialisez et automatisez vos processus de traitement des documents Achats, Fournisseurs \u2026 en toute simplicit\u00e9.\" \/>\n<meta property=\"og:url\" content=\"https:\/\/deveho.com\/fr\/produits\/marketplace-sage-x3\/solution-yooz\/\" \/>\n<meta property=\"og:site_name\" content=\"Deveho\" \/>\n<meta property=\"article:publisher\" content=\"https:\/\/www.facebook.com\/deveho\" \/>\n<meta property=\"article:modified_time\" content=\"2026-04-09T07:46:43+00:00\" \/>\n<meta name=\"twitter:card\" content=\"summary_large_image\" \/>\n<meta name=\"twitter:site\" content=\"@Deveho1\" \/>\n<meta name=\"twitter:label1\" content=\"Dur\u00e9e de lecture estim\u00e9e\" \/>\n\t<meta name=\"twitter:data1\" content=\"1 minute\" \/>\n<script type=\"application\/ld+json\" class=\"yoast-schema-graph\">{\"@context\":\"https:\/\/schema.org\",\"@graph\":[{\"@type\":\"WebPage\",\"@id\":\"https:\/\/deveho.com\/fr\/produits\/marketplace-sage-x3\/solution-yooz\/\",\"url\":\"https:\/\/deveho.com\/fr\/produits\/marketplace-sage-x3\/solution-yooz\/\",\"name\":\"Solution Yooz, d\u00e9mat\u00e9rialisation des factures fournisseurs - Deveho\",\"isPartOf\":{\"@id\":\"https:\/\/deveho.com\/#website\"},\"datePublished\":\"2024-07-17T13:43:02+00:00\",\"dateModified\":\"2026-04-09T07:46:43+00:00\",\"description\":\"Avec la solution Yooz, d\u00e9mat\u00e9rialisez et automatisez vos processus de traitement des documents Achats, Fournisseurs \u2026 en toute simplicit\u00e9.\",\"breadcrumb\":{\"@id\":\"https:\/\/deveho.com\/fr\/produits\/marketplace-sage-x3\/solution-yooz\/#breadcrumb\"},\"inLanguage\":\"fr-FR\",\"potentialAction\":[{\"@type\":\"ReadAction\",\"target\":[\"https:\/\/deveho.com\/fr\/produits\/marketplace-sage-x3\/solution-yooz\/\"]}]},{\"@type\":\"BreadcrumbList\",\"@id\":\"https:\/\/deveho.com\/fr\/produits\/marketplace-sage-x3\/solution-yooz\/#breadcrumb\",\"itemListElement\":[{\"@type\":\"ListItem\",\"position\":1,\"name\":\"Home\",\"item\":\"https:\/\/deveho.com\/fr\/\"},{\"@type\":\"ListItem\",\"position\":2,\"name\":\"Produits\",\"item\":\"https:\/\/deveho.com\/fr\/produits\/\"},{\"@type\":\"ListItem\",\"position\":3,\"name\":\"Marketplace Sage X3\",\"item\":\"https:\/\/deveho.com\/fr\/produits\/marketplace-sage-x3\/\"},{\"@type\":\"ListItem\",\"position\":4,\"name\":\"Yooz\"}]},{\"@type\":\"WebSite\",\"@id\":\"https:\/\/deveho.com\/#website\",\"url\":\"https:\/\/deveho.com\/\",\"name\":\"Deveho Consulting Group\",\"description\":\"Let\u2019s boost your growth\",\"publisher\":{\"@id\":\"https:\/\/deveho.com\/#organization\"},\"potentialAction\":[{\"@type\":\"SearchAction\",\"target\":{\"@type\":\"EntryPoint\",\"urlTemplate\":\"https:\/\/deveho.com\/?s={search_term_string}\"},\"query-input\":{\"@type\":\"PropertyValueSpecification\",\"valueRequired\":true,\"valueName\":\"search_term_string\"}}],\"inLanguage\":\"fr-FR\"},{\"@type\":\"Organization\",\"@id\":\"https:\/\/deveho.com\/#organization\",\"name\":\"Deveho Consulting Group\",\"url\":\"https:\/\/deveho.com\/\",\"logo\":{\"@type\":\"ImageObject\",\"inLanguage\":\"fr-FR\",\"@id\":\"https:\/\/deveho.com\/#\/schema\/logo\/image\/\",\"url\":\"https:\/\/deveho.com\/wp-content\/uploads\/2023\/02\/DEVEHO-LOGO-Baseline-COLOR.png\",\"contentUrl\":\"https:\/\/deveho.com\/wp-content\/uploads\/2023\/02\/DEVEHO-LOGO-Baseline-COLOR.png\",\"width\":2251,\"height\":585,\"caption\":\"Deveho Consulting Group\"},\"image\":{\"@id\":\"https:\/\/deveho.com\/#\/schema\/logo\/image\/\"},\"sameAs\":[\"https:\/\/www.facebook.com\/deveho\",\"https:\/\/x.com\/Deveho1\",\"https:\/\/www.linkedin.com\/company\/deveho-consulting\/\"]}]}<\/script>\n<!-- \/ Yoast SEO plugin. -->","yoast_head_json":{"title":"Solution Yooz, d\u00e9mat\u00e9rialisation des factures fournisseurs - Deveho","description":"Avec la solution Yooz, d\u00e9mat\u00e9rialisez et automatisez vos processus de traitement des documents Achats, Fournisseurs \u2026 en toute simplicit\u00e9.","robots":{"index":"index","follow":"follow","max-snippet":"max-snippet:-1","max-image-preview":"max-image-preview:large","max-video-preview":"max-video-preview:-1"},"canonical":"https:\/\/deveho.com\/fr\/produits\/marketplace-sage-x3\/solution-yooz\/","og_locale":"fr_FR","og_type":"article","og_title":"Solution Yooz, d\u00e9mat\u00e9rialisation des factures fournisseurs - Deveho","og_description":"Avec la solution Yooz, d\u00e9mat\u00e9rialisez et automatisez vos processus de traitement des documents Achats, Fournisseurs \u2026 en toute simplicit\u00e9.","og_url":"https:\/\/deveho.com\/fr\/produits\/marketplace-sage-x3\/solution-yooz\/","og_site_name":"Deveho","article_publisher":"https:\/\/www.facebook.com\/deveho","article_modified_time":"2026-04-09T07:46:43+00:00","twitter_card":"summary_large_image","twitter_site":"@Deveho1","twitter_misc":{"Dur\u00e9e de lecture estim\u00e9e":"1 minute"},"schema":{"@context":"https:\/\/schema.org","@graph":[{"@type":"WebPage","@id":"https:\/\/deveho.com\/fr\/produits\/marketplace-sage-x3\/solution-yooz\/","url":"https:\/\/deveho.com\/fr\/produits\/marketplace-sage-x3\/solution-yooz\/","name":"Solution Yooz, d\u00e9mat\u00e9rialisation des factures fournisseurs - Deveho","isPartOf":{"@id":"https:\/\/deveho.com\/#website"},"datePublished":"2024-07-17T13:43:02+00:00","dateModified":"2026-04-09T07:46:43+00:00","description":"Avec la solution Yooz, d\u00e9mat\u00e9rialisez et automatisez vos processus de traitement des documents Achats, Fournisseurs \u2026 en toute simplicit\u00e9.","breadcrumb":{"@id":"https:\/\/deveho.com\/fr\/produits\/marketplace-sage-x3\/solution-yooz\/#breadcrumb"},"inLanguage":"fr-FR","potentialAction":[{"@type":"ReadAction","target":["https:\/\/deveho.com\/fr\/produits\/marketplace-sage-x3\/solution-yooz\/"]}]},{"@type":"BreadcrumbList","@id":"https:\/\/deveho.com\/fr\/produits\/marketplace-sage-x3\/solution-yooz\/#breadcrumb","itemListElement":[{"@type":"ListItem","position":1,"name":"Home","item":"https:\/\/deveho.com\/fr\/"},{"@type":"ListItem","position":2,"name":"Produits","item":"https:\/\/deveho.com\/fr\/produits\/"},{"@type":"ListItem","position":3,"name":"Marketplace Sage X3","item":"https:\/\/deveho.com\/fr\/produits\/marketplace-sage-x3\/"},{"@type":"ListItem","position":4,"name":"Yooz"}]},{"@type":"WebSite","@id":"https:\/\/deveho.com\/#website","url":"https:\/\/deveho.com\/","name":"Deveho Consulting Group","description":"Let\u2019s boost your growth","publisher":{"@id":"https:\/\/deveho.com\/#organization"},"potentialAction":[{"@type":"SearchAction","target":{"@type":"EntryPoint","urlTemplate":"https:\/\/deveho.com\/?s={search_term_string}"},"query-input":{"@type":"PropertyValueSpecification","valueRequired":true,"valueName":"search_term_string"}}],"inLanguage":"fr-FR"},{"@type":"Organization","@id":"https:\/\/deveho.com\/#organization","name":"Deveho Consulting Group","url":"https:\/\/deveho.com\/","logo":{"@type":"ImageObject","inLanguage":"fr-FR","@id":"https:\/\/deveho.com\/#\/schema\/logo\/image\/","url":"https:\/\/deveho.com\/wp-content\/uploads\/2023\/02\/DEVEHO-LOGO-Baseline-COLOR.png","contentUrl":"https:\/\/deveho.com\/wp-content\/uploads\/2023\/02\/DEVEHO-LOGO-Baseline-COLOR.png","width":2251,"height":585,"caption":"Deveho Consulting Group"},"image":{"@id":"https:\/\/deveho.com\/#\/schema\/logo\/image\/"},"sameAs":["https:\/\/www.facebook.com\/deveho","https:\/\/x.com\/Deveho1","https:\/\/www.linkedin.com\/company\/deveho-consulting\/"]}]}},"_links":{"self":[{"href":"https:\/\/deveho.com\/fr\/wp-json\/wp\/v2\/pages\/31807"}],"collection":[{"href":"https:\/\/deveho.com\/fr\/wp-json\/wp\/v2\/pages"}],"about":[{"href":"https:\/\/deveho.com\/fr\/wp-json\/wp\/v2\/types\/page"}],"author":[{"embeddable":true,"href":"https:\/\/deveho.com\/fr\/wp-json\/wp\/v2\/users\/34"}],"replies":[{"embeddable":true,"href":"https:\/\/deveho.com\/fr\/wp-json\/wp\/v2\/comments?post=31807"}],"version-history":[{"count":11,"href":"https:\/\/deveho.com\/fr\/wp-json\/wp\/v2\/pages\/31807\/revisions"}],"predecessor-version":[{"id":48445,"href":"https:\/\/deveho.com\/fr\/wp-json\/wp\/v2\/pages\/31807\/revisions\/48445"}],"up":[{"embeddable":true,"href":"https:\/\/deveho.com\/fr\/wp-json\/wp\/v2\/pages\/9533"}],"wp:attachment":[{"href":"https:\/\/deveho.com\/fr\/wp-json\/wp\/v2\/media?parent=31807"}],"curies":[{"name":"wp","href":"https:\/\/api.w.org\/{rel}","templated":true}]}}