{"id":46187,"date":"2026-01-23T17:16:36","date_gmt":"2026-01-23T15:16:36","guid":{"rendered":"https:\/\/deveho.com\/?page_id=46187"},"modified":"2026-03-13T16:05:40","modified_gmt":"2026-03-13T14:05:40","slug":"localisations","status":"publish","type":"page","link":"https:\/\/deveho.com\/fr\/deveho-consulting-group\/localisations\/","title":{"rendered":"Localisations"},"content":{"rendered":"<br \/>\n<h2><\/h2>\n<h3><red>Packs de localisation<\/red> <br \/>Deveho <\/h3>\n<h3>Un pack de localisation est un ensemble de mises \u00e0 jour, de modules et de compl\u00e9ments pr\u00e9configur\u00e9s con\u00e7us pour garantir la conformit\u00e9 de Sage X3 avec les exigences l\u00e9gales et r\u00e9glementaires locales d&rsquo;un pays ou d&rsquo;une r\u00e9gion sp\u00e9cifique. <\/h3>\n<p><p>Notre pack de localisation permet aux utilisateurs locaux des organisations multinationales d&#8217;utiliser efficacement et conform\u00e9ment la solution. Outre les composants r\u00e9glementaires obligatoires, il comprend des fonctionnalit\u00e9s optionnelles tr\u00e8s appr\u00e9ci\u00e9es des utilisateurs locaux, m\u00eame si elles ne sont pas requises par la loi. Il concerne principalement la finance et la comptabilit\u00e9, car ces domaines sont soumis aux variations r\u00e9glementaires les plus importantes d&#8217;un march\u00e9 \u00e0 l&#8217;autre. Il r\u00e9pond \u00e9galement aux exigences de reporting obligatoires dans d&#8217;autres domaines fonctionnels.<\/p>\n<p>Chaque livraison comprend \u00e9galement une assistance linguistique qui fournit une langue de connexion locale et un contenu traduit, \u00e0 l&#8217;exception de l&#8217;aide en ligne, des modules compl\u00e9mentaires externes et de certains rapports.<\/p>\n<p><img loading=\"lazy\" decoding=\"async\" class=\"aligncenter wp-image-45536 size-full\" src=\"https:\/\/deveho.com\/wp-content\/uploads\/2026\/01\/Map-legislations.png\" alt=\"\" width=\"1996\" height=\"1294\" srcset=\"https:\/\/deveho.com\/wp-content\/uploads\/2026\/01\/Map-legislations.png 1996w, https:\/\/deveho.com\/wp-content\/uploads\/2026\/01\/Map-legislations-300x194.png 300w, https:\/\/deveho.com\/wp-content\/uploads\/2026\/01\/Map-legislations-1024x664.png 1024w, https:\/\/deveho.com\/wp-content\/uploads\/2026\/01\/Map-legislations-150x97.png 150w, https:\/\/deveho.com\/wp-content\/uploads\/2026\/01\/Map-legislations-768x498.png 768w, https:\/\/deveho.com\/wp-content\/uploads\/2026\/01\/Map-legislations-1536x996.png 1536w, https:\/\/deveho.com\/wp-content\/uploads\/2026\/01\/Map-legislations-1920x1245.png 1920w\" sizes=\"(max-width: 1996px) 100vw, 1996px\" \/><\/p>\n<p>&nbsp;<\/p>\n<\/p>\n<h2><red>Fonctionnalit\u00e9s cl\u00e9s<\/red> de nos localisations <\/h2>\n<h3>Prend en charge plusieurs langues<\/h3>\n<p><p>Notre \u00e9quipe diversifi\u00e9e compte + de 18 nationalit\u00e9s et langues, ce qui facilite la communication au-del\u00e0 des fronti\u00e8res et nous permet d&#8217;accompagner efficacement nos clients dans plusieurs r\u00e9gions.<\/p>\n<\/p>\n<h3>Conforme \u00e0 plusieurs l\u00e9gislations<\/h3>\n<p><p>Deveho a d\u00e9velopp\u00e9 ses propres l\u00e9gislations gr\u00e2ce \u00e0 8 modules compl\u00e9mentaires de localisation d\u00e9di\u00e9s couvrant les Pays-Bas, la Roumanie, le Maroc, la R\u00e9publique tch\u00e8que, la Slovaquie, la Hongrie, la Lituanie et la Lettonie.<\/p>\n<\/p>\n<h3>Pr\u00e9sent dans plusieurs pays<\/h3>\n<p><p>Deveho Consulting Group soutient vos projets de d\u00e9veloppement locaux et internationaux. Notre objectif est d&#8217;\u00eatre v\u00e9ritablement <strong>\u00ab GLOCAL \u00bb<\/strong>, en agissant comme un partenaire \u00e0 long terme, o\u00f9 que vous exerciez vos activit\u00e9s.<\/p>\n<\/p>\n<h3>Enti\u00e8rement conforme aux normes internationales<\/h3>\n<p><p>Nous concevons <strong>des solutions de localisation<\/strong> qui s&#8217;alignent parfaitement sur les cadres juridiques nationaux tout en restant conformes aux normes mondiales de Sage X3.<\/p>\n<\/p>\n<h2><\/h2>\n<h3>Overview des <red>Localisations<\/red> de Deveho<\/h3>\n<h3><red><b>Conformit\u00e9 r\u00e9glementaire<\/red><\/b> <br \/>Sur le march\u00e9 mondial actuel, il est essentiel de garantir la conformit\u00e9 r\u00e9glementaire pour r\u00e9ussir \u00e0 p\u00e9n\u00e9trer et \u00e0 op\u00e9rer dans de nouvelles r\u00e9gions. Chez Deveho, nous sommes sp\u00e9cialis\u00e9s dans la navigation dans des environnements r\u00e9glementaires complexes afin de garantir que votre entreprise r\u00e9ponde \u00e0 toutes les exigences l\u00e9gales et sp\u00e9cifiques \u00e0 votre secteur d&rsquo;activit\u00e9 sur divers march\u00e9s. Notre approche de localisation int\u00e8gre la conformit\u00e9 \u00e0 chaque \u00e9tape, de l&rsquo;adaptation du contenu \u00e0 l&rsquo;int\u00e9gration des syst\u00e8mes.<\/h3>\n<p><p>&nbsp;<\/p>\n<table style=\"height: 721px;\" width=\"2079\">\n<tbody>\n<tr>\n<td style=\"text-align: center;\" width=\"85\"><strong>Fonctionnalit\u00e9\/pays<\/strong><\/td>\n<td style=\"text-align: center;\" width=\"76\"><strong>Langue<\/strong><\/td>\n<td style=\"text-align: center;\" width=\"85\"><strong>D\u00e9claration TVA<\/strong><\/td>\n<td style=\"text-align: center;\" width=\"85\"><strong>declaration UE<\/strong><\/td>\n<td style=\"text-align: center;\" width=\"66\"><strong>Intrastat<\/strong><\/td>\n<td style=\"text-align: center;\" width=\"57\"><strong>Immobilisations<\/strong><\/td>\n<td style=\"text-align: center;\" width=\"47\"><strong>Stocks<\/strong><\/td>\n<td style=\"text-align: center;\" width=\"76\"><strong>Importation des taux de change<\/strong><\/td>\n<td style=\"text-align: center;\" width=\"57\"><strong>Contr\u00f4le des points de vente<\/strong><\/td>\n<td style=\"text-align: center;\" width=\"76\"><strong>Facturation Electronique<\/strong><\/td>\n<td style=\"text-align: center;\" width=\"47\"><strong>Saf-t<\/strong><\/td>\n<\/tr>\n<tr>\n<td width=\"85\"><strong>R\u00e9publique Tch\u00e8que<\/strong><\/td>\n<td width=\"76\">\u2713<\/td>\n<td width=\"85\">\u2713<\/td>\n<td width=\"85\">\u2713<\/td>\n<td width=\"66\">\u2713<\/td>\n<td width=\"57\">\u2713<\/td>\n<td width=\"47\">\u2713<\/td>\n<td width=\"76\">\u2713<\/td>\n<td width=\"57\">\u2713<\/td>\n<td width=\"76\"><\/td>\n<td width=\"47\"><\/td>\n<\/tr>\n<tr>\n<td width=\"85\"><strong>Hongrie<\/strong><\/td>\n<td width=\"76\">\u2713<\/td>\n<td width=\"85\">\u2713<\/td>\n<td width=\"85\">\u2713<\/td>\n<td width=\"66\">\u2713<\/td>\n<td width=\"57\">\u2713<\/td>\n<td width=\"47\">\u2713<\/td>\n<td width=\"76\">\u2713<\/td>\n<td width=\"57\">\u2713<\/td>\n<td width=\"76\">\u2713<\/td>\n<td width=\"47\"><\/td>\n<\/tr>\n<tr>\n<td width=\"85\"><strong>Lettonie<\/strong><\/td>\n<td width=\"76\">\u2713<\/td>\n<td width=\"85\">\u2713<\/td>\n<td width=\"85\">\u2713<\/td>\n<td width=\"66\">\u2713<\/td>\n<td width=\"57\">\u2713<\/td>\n<td width=\"47\">\u2713<\/td>\n<td width=\"76\">\u2713<\/td>\n<td width=\"57\"><\/td>\n<td width=\"76\">1\/1\/2028<\/td>\n<td width=\"47\"><\/td>\n<\/tr>\n<tr>\n<td width=\"85\"><strong>Lituanie<\/strong><\/td>\n<td width=\"76\">\u2713<\/td>\n<td width=\"85\">\u2713<\/td>\n<td width=\"85\">\u2713<\/td>\n<td width=\"66\">\u2713<\/td>\n<td width=\"57\">\u2713<\/td>\n<td width=\"47\">\u2713<\/td>\n<td width=\"76\">\u2713<\/td>\n<td width=\"57\"><\/td>\n<td width=\"76\">1\/1\/2028<\/td>\n<td width=\"47\">\u2713<\/td>\n<\/tr>\n<tr>\n<td width=\"85\"><strong>Roumanie<\/strong><\/td>\n<td width=\"76\">\u2713<\/td>\n<td width=\"85\">\u2713<\/td>\n<td width=\"85\">\u2713<\/td>\n<td width=\"66\">\u2713<\/td>\n<td width=\"57\">\u2713<\/td>\n<td width=\"47\">\u2713<\/td>\n<td width=\"76\">\u2713<\/td>\n<td width=\"57\">\u2713<\/td>\n<td width=\"76\">\u2713<\/td>\n<td width=\"47\">\u2713<\/td>\n<\/tr>\n<tr>\n<td width=\"85\"><strong><br \/>\nSlovaquie<\/strong><\/td>\n<td width=\"76\">\u2713<\/td>\n<td width=\"85\">\u2713<\/td>\n<td width=\"85\">\u2713<\/td>\n<td width=\"66\">\u2713<\/td>\n<td width=\"57\">\u2713<\/td>\n<td width=\"47\">\u2713<\/td>\n<td width=\"76\"><\/td>\n<td width=\"57\"><\/td>\n<td width=\"76\">1\/1\/2027<\/td>\n<td width=\"47\"><\/td>\n<\/tr>\n<tr>\n<td width=\"85\"><b>Pays Bas<\/b><\/td>\n<td width=\"76\">\u2713<\/td>\n<td width=\"85\">\u2713<\/td>\n<td width=\"85\">\u2713<\/td>\n<td width=\"66\">\u2713<\/td>\n<td width=\"57\">\u2713<\/td>\n<td width=\"47\">\u2713<\/td>\n<td width=\"76\"><\/td>\n<td width=\"57\"><\/td>\n<td width=\"76\"><\/td>\n<td width=\"47\"><\/td>\n<\/tr>\n<\/tbody>\n<\/table>\n<h2><\/h2>\n<h3>Nos<br \/> <red>L\u00e9gislations<\/red><\/h3>\n<h3>8 localisations standard<\/h3>\n<\/p>\n<h2><\/h2>\n<h3><b>Notre guide sur <red>la l\u00e9gislation relative aux tiers <\/red><\/b><\/h3>\n<h3>Ce guide vous aide \u00e0 identifier des solutions tierces fiables qui r\u00e9pondent aux exigences r\u00e9glementaires locales tout en maintenant des normes \u00e9lev\u00e9es en mati\u00e8re de qualit\u00e9 et de compatibilit\u00e9.<\/h3>\n<p><p><a href=\"https:\/\/www.sage.com\/en-gb\/\" target=\"_blank\" rel=\"noopener\"><img loading=\"lazy\" decoding=\"async\" class=\"aligncenter wp-image-44634\" src=\"https:\/\/deveho.com\/wp-content\/uploads\/2025\/12\/Sage_Partner-Badge_Black_RGB.png\" alt=\"Sage partner bagde for Localisations page\" width=\"387\" height=\"117\" srcset=\"https:\/\/deveho.com\/wp-content\/uploads\/2025\/12\/Sage_Partner-Badge_Black_RGB.png 1706w, https:\/\/deveho.com\/wp-content\/uploads\/2025\/12\/Sage_Partner-Badge_Black_RGB-300x91.png 300w, https:\/\/deveho.com\/wp-content\/uploads\/2025\/12\/Sage_Partner-Badge_Black_RGB-1024x310.png 1024w, https:\/\/deveho.com\/wp-content\/uploads\/2025\/12\/Sage_Partner-Badge_Black_RGB-150x45.png 150w, https:\/\/deveho.com\/wp-content\/uploads\/2025\/12\/Sage_Partner-Badge_Black_RGB-768x232.png 768w, https:\/\/deveho.com\/wp-content\/uploads\/2025\/12\/Sage_Partner-Badge_Black_RGB-1536x465.png 1536w\" sizes=\"(max-width: 387px) 100vw, 387px\" \/><\/a><\/p>\n<p>&nbsp;<\/p>\n<p>Veuillez contacter notre \u00e9quipe commerciale pour plus de d\u00e9tails..<\/p>\n<\/p>\n<h2><\/h2>\n<h3>Comment mettons-nous en \u0153uvre la localisation ?<\/h3>\n<h3><\/h3>\n<p><p>La mise en \u0153uvre de la localisation d\u00e9pend \u00e0 la fois du pays concern\u00e9 et de la complexit\u00e9 de vos processus m\u00e9tier. Chaque projet est donc abord\u00e9 au cas par cas.<\/p>\n<p>Notre objectif est de mener votre projet de localisation vers une r\u00e9ussite mutuelle en garantissant <strong>un contr\u00f4le total sur la qualit\u00e9, le budget et les d\u00e9lais.<\/strong> Nous travaillons en \u00e9troite collaboration avec vos \u00e9quipes pour analyser les exigences locales, d\u00e9finir la port\u00e9e appropri\u00e9e et fournir une solution enti\u00e8rement conforme tout en restant align\u00e9e sur vos besoins op\u00e9rationnels.<\/p>\n<p>Tout au long du projet, nos consultants exp\u00e9riment\u00e9s appliquent des m\u00e9thodologies \u00e9prouv\u00e9es et les meilleures pratiques afin de garantir une mise en \u0153uvre fluide, fiable et efficace.<\/p>\n<\/p>\n<h2><\/h2>\n<h3><red>Une fois la localisation mise en \u0153uvre, quelle est la prochaine \u00e9tape ?<\/red><\/h3>\n<h3><\/h3>\n<p><p>La localisation n&#8217;est pas une op\u00e9ration ponctuelle. Les r\u00e9glementations \u00e9voluent constamment et il est essentiel de rester en conformit\u00e9.<\/p>\n<p>En partenariat avec un cabinet d&#8217;audit renomm\u00e9, nous fournissons des conseils juridiques continus et anticipons les changements r\u00e9glementaires en proposant <strong>des mises \u00e0 jour r\u00e9guli\u00e8res<\/strong> de nos versions localis\u00e9es de <strong>Sage X3<\/strong>. Cela garantit que votre syst\u00e8me reste conforme \u00e0 la l\u00e9gislation locale et align\u00e9 sur les meilleures pratiques du march\u00e9.<\/p>\n<p>Notre approche d&#8217;assistance \u00e0 long terme vous permet de vous concentrer sur votre c\u0153ur de m\u00e9tier, tandis que nous nous chargeons de suivre et d&#8217;int\u00e9grer les \u00e9volutions juridiques et r\u00e9glementaires.<\/p>\n<\/p>\n<h2><\/h2>\n<h3>Mises \u00e0 jour et r\u00e9visions<\/h3>\n<h3><\/h3>\n<p><p>Les mises \u00e0 jour des packs de localisation sont principalement motiv\u00e9es par des changements dans les r\u00e9glementations locales. En \u00e9troite collaboration avec nos consultants et nos partenaires juridiques, nous surveillons en permanence les exigences l\u00e9gales de chaque march\u00e9 et fournissons des solutions rapides pour garantir la conformit\u00e9 avec les lois locales.<\/p>\n<p>En parall\u00e8le, nous suivons notre feuille de route interne pour introduire des am\u00e9liorations fonctionnelles. Nous nous engageons \u00e0 tenir nos clients inform\u00e9s de la port\u00e9e et de l&#8217;\u00e9volution des fonctionnalit\u00e9s de localisation.<\/p>\n<p>De nouvelles fonctionnalit\u00e9s r\u00e9glementaires ou fonctionnelles peuvent \u00eatre incluses dans notre feuille de route et, selon leur nature, peuvent faire l&#8217;objet d&#8217;une tarification suppl\u00e9mentaire.<\/p><\/p>\n","protected":false},"excerpt":{"rendered":"<p>En tant que partenaire commercial de Sage, Deveho Consulting Group propose des versions standard localis\u00e9es de Sage X3. Nous proposons un catalogue de versions localis\u00e9es du noyau de ce logiciel. Nos versions l\u00e9gislatives r\u00e9pondent aux exigences fiscales et aux pratiques locales. Elles proposent \u00e9galement des param\u00e8tres pr\u00e9configur\u00e9s pour garantir la conformit\u00e9 avec les contraintes l\u00e9gales et les r\u00e8gles comptables en vigueur.<\/p>\n","protected":false},"author":34,"featured_media":0,"parent":9075,"menu_order":0,"comment_status":"closed","ping_status":"closed","template":"templates\/template-prod_serv.php","meta":{"_acf_changed":false,"footnotes":""},"class_list":["post-46187","page","type-page","status-publish","hentry"],"acf":[],"yoast_head":"<!-- This site is optimized with the Yoast SEO plugin v23.5 - https:\/\/yoast.com\/wordpress\/plugins\/seo\/ -->\n<title>Localisations<\/title>\n<meta name=\"description\" content=\"En tant que partenaire Sage, Deveho publie des localisations standard de Sage X3, y compris nos propres packs l\u00e9gislatifs couvrant 8 pays.\" \/>\n<meta name=\"robots\" content=\"index, follow, max-snippet:-1, max-image-preview:large, max-video-preview:-1\" \/>\n<link rel=\"canonical\" href=\"https:\/\/deveho.com\/fr\/deveho-consulting-group\/localisations\/\" \/>\n<meta property=\"og:locale\" content=\"fr_FR\" \/>\n<meta property=\"og:type\" content=\"article\" \/>\n<meta property=\"og:title\" content=\"Localisations\" \/>\n<meta property=\"og:description\" content=\"En tant que partenaire Sage, Deveho publie des localisations standard de Sage X3, y compris nos propres packs l\u00e9gislatifs couvrant 8 pays.\" \/>\n<meta property=\"og:url\" content=\"https:\/\/deveho.com\/fr\/deveho-consulting-group\/localisations\/\" \/>\n<meta property=\"og:site_name\" content=\"Deveho\" \/>\n<meta property=\"article:publisher\" content=\"https:\/\/www.facebook.com\/deveho\" \/>\n<meta property=\"article:modified_time\" content=\"2026-03-13T14:05:40+00:00\" \/>\n<meta property=\"og:image\" content=\"https:\/\/deveho.com\/wp-content\/uploads\/2026\/01\/Map-legislations.png\" \/>\n<meta name=\"twitter:card\" content=\"summary_large_image\" \/>\n<meta name=\"twitter:site\" content=\"@Deveho1\" \/>\n<meta name=\"twitter:label1\" content=\"Dur\u00e9e de lecture estim\u00e9e\" \/>\n\t<meta name=\"twitter:data1\" content=\"5 minutes\" \/>\n<script type=\"application\/ld+json\" class=\"yoast-schema-graph\">{\"@context\":\"https:\/\/schema.org\",\"@graph\":[{\"@type\":\"WebPage\",\"@id\":\"https:\/\/deveho.com\/fr\/deveho-consulting-group\/localisations\/\",\"url\":\"https:\/\/deveho.com\/fr\/deveho-consulting-group\/localisations\/\",\"name\":\"Localisations\",\"isPartOf\":{\"@id\":\"https:\/\/deveho.com\/#website\"},\"primaryImageOfPage\":{\"@id\":\"https:\/\/deveho.com\/fr\/deveho-consulting-group\/localisations\/#primaryimage\"},\"image\":{\"@id\":\"https:\/\/deveho.com\/fr\/deveho-consulting-group\/localisations\/#primaryimage\"},\"thumbnailUrl\":\"https:\/\/deveho.com\/wp-content\/uploads\/2026\/01\/Map-legislations.png\",\"datePublished\":\"2026-01-23T15:16:36+00:00\",\"dateModified\":\"2026-03-13T14:05:40+00:00\",\"description\":\"En tant que partenaire Sage, Deveho publie des localisations standard de Sage X3, y compris nos propres packs l\u00e9gislatifs couvrant 8 pays.\",\"breadcrumb\":{\"@id\":\"https:\/\/deveho.com\/fr\/deveho-consulting-group\/localisations\/#breadcrumb\"},\"inLanguage\":\"fr-FR\",\"potentialAction\":[{\"@type\":\"ReadAction\",\"target\":[\"https:\/\/deveho.com\/fr\/deveho-consulting-group\/localisations\/\"]}]},{\"@type\":\"ImageObject\",\"inLanguage\":\"fr-FR\",\"@id\":\"https:\/\/deveho.com\/fr\/deveho-consulting-group\/localisations\/#primaryimage\",\"url\":\"https:\/\/deveho.com\/wp-content\/uploads\/2026\/01\/Map-legislations.png\",\"contentUrl\":\"https:\/\/deveho.com\/wp-content\/uploads\/2026\/01\/Map-legislations.png\"},{\"@type\":\"BreadcrumbList\",\"@id\":\"https:\/\/deveho.com\/fr\/deveho-consulting-group\/localisations\/#breadcrumb\",\"itemListElement\":[{\"@type\":\"ListItem\",\"position\":1,\"name\":\"Home\",\"item\":\"https:\/\/deveho.com\/fr\/\"},{\"@type\":\"ListItem\",\"position\":2,\"name\":\"Accueil\",\"item\":\"https:\/\/deveho.com\/fr\/\"},{\"@type\":\"ListItem\",\"position\":3,\"name\":\"Localisations\"}]},{\"@type\":\"WebSite\",\"@id\":\"https:\/\/deveho.com\/#website\",\"url\":\"https:\/\/deveho.com\/\",\"name\":\"Deveho Consulting Group\",\"description\":\"Let\u2019s boost your growth\",\"publisher\":{\"@id\":\"https:\/\/deveho.com\/#organization\"},\"potentialAction\":[{\"@type\":\"SearchAction\",\"target\":{\"@type\":\"EntryPoint\",\"urlTemplate\":\"https:\/\/deveho.com\/?s={search_term_string}\"},\"query-input\":{\"@type\":\"PropertyValueSpecification\",\"valueRequired\":true,\"valueName\":\"search_term_string\"}}],\"inLanguage\":\"fr-FR\"},{\"@type\":\"Organization\",\"@id\":\"https:\/\/deveho.com\/#organization\",\"name\":\"Deveho Consulting Group\",\"url\":\"https:\/\/deveho.com\/\",\"logo\":{\"@type\":\"ImageObject\",\"inLanguage\":\"fr-FR\",\"@id\":\"https:\/\/deveho.com\/#\/schema\/logo\/image\/\",\"url\":\"https:\/\/deveho.com\/wp-content\/uploads\/2023\/02\/DEVEHO-LOGO-Baseline-COLOR.png\",\"contentUrl\":\"https:\/\/deveho.com\/wp-content\/uploads\/2023\/02\/DEVEHO-LOGO-Baseline-COLOR.png\",\"width\":2251,\"height\":585,\"caption\":\"Deveho Consulting Group\"},\"image\":{\"@id\":\"https:\/\/deveho.com\/#\/schema\/logo\/image\/\"},\"sameAs\":[\"https:\/\/www.facebook.com\/deveho\",\"https:\/\/x.com\/Deveho1\",\"https:\/\/www.linkedin.com\/company\/deveho-consulting\/\"]}]}<\/script>\n<!-- \/ Yoast SEO plugin. -->","yoast_head_json":{"title":"Localisations","description":"En tant que partenaire Sage, Deveho publie des localisations standard de Sage X3, y compris nos propres packs l\u00e9gislatifs couvrant 8 pays.","robots":{"index":"index","follow":"follow","max-snippet":"max-snippet:-1","max-image-preview":"max-image-preview:large","max-video-preview":"max-video-preview:-1"},"canonical":"https:\/\/deveho.com\/fr\/deveho-consulting-group\/localisations\/","og_locale":"fr_FR","og_type":"article","og_title":"Localisations","og_description":"En tant que partenaire Sage, Deveho publie des localisations standard de Sage X3, y compris nos propres packs l\u00e9gislatifs couvrant 8 pays.","og_url":"https:\/\/deveho.com\/fr\/deveho-consulting-group\/localisations\/","og_site_name":"Deveho","article_publisher":"https:\/\/www.facebook.com\/deveho","article_modified_time":"2026-03-13T14:05:40+00:00","og_image":[{"url":"https:\/\/deveho.com\/wp-content\/uploads\/2026\/01\/Map-legislations.png"}],"twitter_card":"summary_large_image","twitter_site":"@Deveho1","twitter_misc":{"Dur\u00e9e de lecture estim\u00e9e":"5 minutes"},"schema":{"@context":"https:\/\/schema.org","@graph":[{"@type":"WebPage","@id":"https:\/\/deveho.com\/fr\/deveho-consulting-group\/localisations\/","url":"https:\/\/deveho.com\/fr\/deveho-consulting-group\/localisations\/","name":"Localisations","isPartOf":{"@id":"https:\/\/deveho.com\/#website"},"primaryImageOfPage":{"@id":"https:\/\/deveho.com\/fr\/deveho-consulting-group\/localisations\/#primaryimage"},"image":{"@id":"https:\/\/deveho.com\/fr\/deveho-consulting-group\/localisations\/#primaryimage"},"thumbnailUrl":"https:\/\/deveho.com\/wp-content\/uploads\/2026\/01\/Map-legislations.png","datePublished":"2026-01-23T15:16:36+00:00","dateModified":"2026-03-13T14:05:40+00:00","description":"En tant que partenaire Sage, Deveho publie des localisations standard de Sage X3, y compris nos propres packs l\u00e9gislatifs couvrant 8 pays.","breadcrumb":{"@id":"https:\/\/deveho.com\/fr\/deveho-consulting-group\/localisations\/#breadcrumb"},"inLanguage":"fr-FR","potentialAction":[{"@type":"ReadAction","target":["https:\/\/deveho.com\/fr\/deveho-consulting-group\/localisations\/"]}]},{"@type":"ImageObject","inLanguage":"fr-FR","@id":"https:\/\/deveho.com\/fr\/deveho-consulting-group\/localisations\/#primaryimage","url":"https:\/\/deveho.com\/wp-content\/uploads\/2026\/01\/Map-legislations.png","contentUrl":"https:\/\/deveho.com\/wp-content\/uploads\/2026\/01\/Map-legislations.png"},{"@type":"BreadcrumbList","@id":"https:\/\/deveho.com\/fr\/deveho-consulting-group\/localisations\/#breadcrumb","itemListElement":[{"@type":"ListItem","position":1,"name":"Home","item":"https:\/\/deveho.com\/fr\/"},{"@type":"ListItem","position":2,"name":"Accueil","item":"https:\/\/deveho.com\/fr\/"},{"@type":"ListItem","position":3,"name":"Localisations"}]},{"@type":"WebSite","@id":"https:\/\/deveho.com\/#website","url":"https:\/\/deveho.com\/","name":"Deveho Consulting Group","description":"Let\u2019s boost your growth","publisher":{"@id":"https:\/\/deveho.com\/#organization"},"potentialAction":[{"@type":"SearchAction","target":{"@type":"EntryPoint","urlTemplate":"https:\/\/deveho.com\/?s={search_term_string}"},"query-input":{"@type":"PropertyValueSpecification","valueRequired":true,"valueName":"search_term_string"}}],"inLanguage":"fr-FR"},{"@type":"Organization","@id":"https:\/\/deveho.com\/#organization","name":"Deveho Consulting Group","url":"https:\/\/deveho.com\/","logo":{"@type":"ImageObject","inLanguage":"fr-FR","@id":"https:\/\/deveho.com\/#\/schema\/logo\/image\/","url":"https:\/\/deveho.com\/wp-content\/uploads\/2023\/02\/DEVEHO-LOGO-Baseline-COLOR.png","contentUrl":"https:\/\/deveho.com\/wp-content\/uploads\/2023\/02\/DEVEHO-LOGO-Baseline-COLOR.png","width":2251,"height":585,"caption":"Deveho Consulting Group"},"image":{"@id":"https:\/\/deveho.com\/#\/schema\/logo\/image\/"},"sameAs":["https:\/\/www.facebook.com\/deveho","https:\/\/x.com\/Deveho1","https:\/\/www.linkedin.com\/company\/deveho-consulting\/"]}]}},"_links":{"self":[{"href":"https:\/\/deveho.com\/fr\/wp-json\/wp\/v2\/pages\/46187"}],"collection":[{"href":"https:\/\/deveho.com\/fr\/wp-json\/wp\/v2\/pages"}],"about":[{"href":"https:\/\/deveho.com\/fr\/wp-json\/wp\/v2\/types\/page"}],"author":[{"embeddable":true,"href":"https:\/\/deveho.com\/fr\/wp-json\/wp\/v2\/users\/34"}],"replies":[{"embeddable":true,"href":"https:\/\/deveho.com\/fr\/wp-json\/wp\/v2\/comments?post=46187"}],"version-history":[{"count":20,"href":"https:\/\/deveho.com\/fr\/wp-json\/wp\/v2\/pages\/46187\/revisions"}],"predecessor-version":[{"id":47252,"href":"https:\/\/deveho.com\/fr\/wp-json\/wp\/v2\/pages\/46187\/revisions\/47252"}],"up":[{"embeddable":true,"href":"https:\/\/deveho.com\/fr\/wp-json\/wp\/v2\/pages\/9075"}],"wp:attachment":[{"href":"https:\/\/deveho.com\/fr\/wp-json\/wp\/v2\/media?parent=46187"}],"curies":[{"name":"wp","href":"https:\/\/api.w.org\/{rel}","templated":true}]}}