{"id":47613,"date":"2026-04-08T17:16:12","date_gmt":"2026-04-08T15:16:12","guid":{"rendered":"https:\/\/deveho.com\/?page_id=47613"},"modified":"2026-04-08T17:16:12","modified_gmt":"2026-04-08T15:16:12","slug":"sage-copilot-lia-au-service-de-votre-productivite","status":"publish","type":"page","link":"https:\/\/deveho.com\/fr\/produits\/sage-x3\/sage-copilot-lia-au-service-de-votre-productivite\/","title":{"rendered":"Sage Copilot: L&rsquo;IA au service de votre productivit\u00e9"},"content":{"rendered":"<br \/>\n<h2>L&rsquo;assistant de productivit\u00e9 boost\u00e9 \u00e0 l&rsquo;IA g\u00e9n\u00e9rative<\/h2>\n<p>Sage Copilot, Une nouvelle mani\u00e8re d\u2019interagir avec vos donn\u00e9es pour analyser, d\u00e9cider et agir plus rapidement.<\/p>\n<\/p>\n<h2><\/h2>\n<h3>L\u2019IA g\u00e9n\u00e9rative est au c\u0153ur de Sage Copilot<\/h3>\n<h3><b>Pens\u00e9 pour s\u2019int\u00e9grer directement \u00e0 vos outils Sage, Sage Copilot<\/b> vous accompagne au quotidien en simplifiant l\u2019acc\u00e8s \u00e0 l\u2019information, en automatisant les t\u00e2ches et en facilitant la prise de d\u00e9cision.<\/h3>\n<p><p>Il analyse votre environnement, propose des recommandations adapt\u00e9es \u00e0 votre contexte m\u00e9tier et met en \u00e9vidence les priorit\u00e9s. Disponible en continu, il agit comme un assistant op\u00e9rationnel qui s\u2019adapte \u00e0 vos usages et devient de plus en plus pertinent avec le temps.<\/p>\n<\/p>\n<h2><\/h2>\n<h3><red>Int\u00e9gration, interaction et intelligence<\/red> <br \/>L&rsquo;IA Sage au quotidien <\/h3>\n<h3>Des fonctionnalit\u00e9s concr\u00e8tes pour des r\u00e9sultats imm\u00e9diats<\/h3>\n<\/p>\n<h2><\/h2>\n<h3>La preuve par l\u2019exemple <br \/><red>La gestion des stocks dormants<\/red><\/h3>\n<h3>D\u00e9couvrez comment Sage Copilot transforme un processus lourd et chronophage en <b>un plan d\u2019action clair et imm\u00e9diat.<\/b><\/h3>\n<p><p><span style=\"text-decoration: underline;\"><strong>Le monde d\u2019avant :<\/strong><\/span><\/p>\n<p>Identifier et traiter les stocks dormants prenait des semaines. Il fallait effectuer des extractions Excel complexes, compiler des donn\u00e9es provenant de diff\u00e9rents services et organiser de multiples r\u00e9unions pour d\u00e9cider des actions \u00e0 mener.<\/p>\n<p><span style=\"text-decoration: underline;\"><strong>Avec Sage Copilot :<\/strong><\/span><\/p>\n<p>L\u2019IA pose <strong>un diagnostic imm\u00e9diat.<\/strong> Elle identifie le \u201cQuoi\u201d (ex : 220 iPhone 7 en stock sans mouvement) et analyse le \u201cPourquoi\u201d (obsolescence technologique, baisse de la demande, contraintes march\u00e9). Ensuite, l\u2019assistant g\u00e9n\u00e8re automatiquement un <strong>plan de d\u00e9stockage prioris\u00e9 sur 90 jours<\/strong> : liquidation, destruction ou recyclage, selon les priorit\u00e9s.<\/p>\n<p><span style=\"text-decoration: underline;\"><strong>L\u2019impact chiffr\u00e9 :<\/strong><\/span><\/p>\n<ul>\n<li>R\u00e9duction de <strong>-40 % des stocks dormants<\/strong><\/li>\n<li>Am\u00e9lioration de <strong>+25 % de la rotation des stocks<\/strong><\/li>\n<li>R\u00e9cup\u00e9ration de <strong>+2 M\u20ac de valeur<\/strong><\/li>\n<\/ul>\n<blockquote>\n<p><strong>Transformez un processus complexe en actions imm\u00e9diates et mesurables, tout en lib\u00e9rant du temps et en augmentant la valeur g\u00e9n\u00e9r\u00e9e par vos op\u00e9rations.<\/strong><\/p>\n<\/blockquote>\n<h2>Sage X3 et l\u2019intelligence artificielle<\/h2>\n<h3><red>Retour d&rsquo;exp\u00e9riences<\/red> de clients sur Sage Copilot<\/h3>\n<h3>D\u00e9couvrez comment les clients de Sage X3 per\u00e7oivent l\u2019impact de l\u2019intelligence artificielle et de Sage Copilot sur leurs processus m\u00e9tiers et la gestion de leur entreprise.<\/h3>\n<p><div class=\"responsive-embed widescreen\"><div class=\"responsive-embed widescreen\"><iframe loading=\"lazy\" title=\"Sage X3 et l\u2019IA : des clients partagent leurs retours sur Sage Copilot | Cas clients Sage\" width=\"500\" height=\"281\" src=\"https:\/\/www.youtube.com\/embed\/RO0ZwPg2-YQ?feature=oembed&#038;enablejsapi=1&#038;origin=https:\/\/deveho.com\" frameborder=\"0\" allow=\"accelerometer; autoplay; clipboard-write; encrypted-media; gyroscope; picture-in-picture; web-share\" referrerpolicy=\"strict-origin-when-cross-origin\" allowfullscreen><\/iframe><\/div><\/div>\n<\/p>\n<h2><\/h2>\n<h3>FAQ<\/h3>\n<h3>Fonctionnalit\u00e9s, int\u00e9gration, s\u00e9curit\u00e9, personnalisation\u2026 cette FAQ vous aide \u00e0 mieux comprendre comment cet assistant intelligent s\u2019adapte \u00e0 votre environnement et vous accompagne au quotidien.<\/h3><\/p>\n","protected":false},"excerpt":{"rendered":"<p>Sage Copilot, votre assistant de productivit\u00e9 d\u00e9di\u00e9, bas\u00e9 sur l\u2019intelligence artificielle g\u00e9n\u00e9rative.<\/p>\n","protected":false},"author":34,"featured_media":0,"parent":9326,"menu_order":0,"comment_status":"closed","ping_status":"closed","template":"templates\/template-prod_serv.php","meta":{"_acf_changed":false,"footnotes":""},"class_list":["post-47613","page","type-page","status-publish","hentry"],"acf":[],"yoast_head":"<!-- This site is optimized with the Yoast SEO plugin v23.5 - https:\/\/yoast.com\/wordpress\/plugins\/seo\/ -->\n<title>Sage Copilot: L&#039;IA au service de votre productivit\u00e9 - Deveho<\/title>\n<meta name=\"description\" content=\"Sage Copilot, un assistant de confiance, con\u00e7u pour transformer la mani\u00e8re dont vous exploitez vos donn\u00e9es et pilotez votre activit\u00e9.\" \/>\n<meta name=\"robots\" content=\"index, follow, max-snippet:-1, max-image-preview:large, max-video-preview:-1\" \/>\n<link rel=\"canonical\" href=\"https:\/\/deveho.com\/fr\/produits\/sage-x3\/sage-copilot-lia-au-service-de-votre-productivite\/\" \/>\n<meta property=\"og:locale\" content=\"fr_FR\" \/>\n<meta property=\"og:type\" content=\"article\" \/>\n<meta property=\"og:title\" content=\"Sage Copilot: L&#039;IA au service de votre productivit\u00e9 - Deveho\" \/>\n<meta property=\"og:description\" content=\"Sage Copilot, un assistant de confiance, con\u00e7u pour transformer la mani\u00e8re dont vous exploitez vos donn\u00e9es et pilotez votre activit\u00e9.\" \/>\n<meta property=\"og:url\" content=\"https:\/\/deveho.com\/fr\/produits\/sage-x3\/sage-copilot-lia-au-service-de-votre-productivite\/\" \/>\n<meta property=\"og:site_name\" content=\"Deveho\" \/>\n<meta property=\"article:publisher\" content=\"https:\/\/www.facebook.com\/deveho\" \/>\n<meta name=\"twitter:card\" content=\"summary_large_image\" \/>\n<meta name=\"twitter:site\" content=\"@Deveho1\" \/>\n<meta name=\"twitter:label1\" content=\"Dur\u00e9e de lecture estim\u00e9e\" \/>\n\t<meta name=\"twitter:data1\" content=\"2 minutes\" \/>\n<script type=\"application\/ld+json\" class=\"yoast-schema-graph\">{\"@context\":\"https:\/\/schema.org\",\"@graph\":[{\"@type\":\"WebPage\",\"@id\":\"https:\/\/deveho.com\/fr\/produits\/sage-x3\/sage-copilot-lia-au-service-de-votre-productivite\/\",\"url\":\"https:\/\/deveho.com\/fr\/produits\/sage-x3\/sage-copilot-lia-au-service-de-votre-productivite\/\",\"name\":\"Sage Copilot: L'IA au service de votre productivit\u00e9 - Deveho\",\"isPartOf\":{\"@id\":\"https:\/\/deveho.com\/#website\"},\"datePublished\":\"2026-04-08T15:16:12+00:00\",\"dateModified\":\"2026-04-08T15:16:12+00:00\",\"description\":\"Sage Copilot, un assistant de confiance, con\u00e7u pour transformer la mani\u00e8re dont vous exploitez vos donn\u00e9es et pilotez votre activit\u00e9.\",\"breadcrumb\":{\"@id\":\"https:\/\/deveho.com\/fr\/produits\/sage-x3\/sage-copilot-lia-au-service-de-votre-productivite\/#breadcrumb\"},\"inLanguage\":\"fr-FR\",\"potentialAction\":[{\"@type\":\"ReadAction\",\"target\":[\"https:\/\/deveho.com\/fr\/produits\/sage-x3\/sage-copilot-lia-au-service-de-votre-productivite\/\"]}]},{\"@type\":\"BreadcrumbList\",\"@id\":\"https:\/\/deveho.com\/fr\/produits\/sage-x3\/sage-copilot-lia-au-service-de-votre-productivite\/#breadcrumb\",\"itemListElement\":[{\"@type\":\"ListItem\",\"position\":1,\"name\":\"Home\",\"item\":\"https:\/\/deveho.com\/fr\/\"},{\"@type\":\"ListItem\",\"position\":2,\"name\":\"Produits\",\"item\":\"https:\/\/deveho.com\/fr\/produits\/\"},{\"@type\":\"ListItem\",\"position\":3,\"name\":\"Sage X3\",\"item\":\"https:\/\/deveho.com\/fr\/produits\/sage-x3\/\"},{\"@type\":\"ListItem\",\"position\":4,\"name\":\"Sage Copilot: L&#8217;IA au service de votre productivit\u00e9\"}]},{\"@type\":\"WebSite\",\"@id\":\"https:\/\/deveho.com\/#website\",\"url\":\"https:\/\/deveho.com\/\",\"name\":\"Deveho Consulting Group\",\"description\":\"Let\u2019s boost your growth\",\"publisher\":{\"@id\":\"https:\/\/deveho.com\/#organization\"},\"potentialAction\":[{\"@type\":\"SearchAction\",\"target\":{\"@type\":\"EntryPoint\",\"urlTemplate\":\"https:\/\/deveho.com\/?s={search_term_string}\"},\"query-input\":{\"@type\":\"PropertyValueSpecification\",\"valueRequired\":true,\"valueName\":\"search_term_string\"}}],\"inLanguage\":\"fr-FR\"},{\"@type\":\"Organization\",\"@id\":\"https:\/\/deveho.com\/#organization\",\"name\":\"Deveho Consulting Group\",\"url\":\"https:\/\/deveho.com\/\",\"logo\":{\"@type\":\"ImageObject\",\"inLanguage\":\"fr-FR\",\"@id\":\"https:\/\/deveho.com\/#\/schema\/logo\/image\/\",\"url\":\"https:\/\/deveho.com\/wp-content\/uploads\/2023\/02\/DEVEHO-LOGO-Baseline-COLOR.png\",\"contentUrl\":\"https:\/\/deveho.com\/wp-content\/uploads\/2023\/02\/DEVEHO-LOGO-Baseline-COLOR.png\",\"width\":2251,\"height\":585,\"caption\":\"Deveho Consulting Group\"},\"image\":{\"@id\":\"https:\/\/deveho.com\/#\/schema\/logo\/image\/\"},\"sameAs\":[\"https:\/\/www.facebook.com\/deveho\",\"https:\/\/x.com\/Deveho1\",\"https:\/\/www.linkedin.com\/company\/deveho-consulting\/\"]}]}<\/script>\n<!-- \/ Yoast SEO plugin. -->","yoast_head_json":{"title":"Sage Copilot: L'IA au service de votre productivit\u00e9 - Deveho","description":"Sage Copilot, un assistant de confiance, con\u00e7u pour transformer la mani\u00e8re dont vous exploitez vos donn\u00e9es et pilotez votre activit\u00e9.","robots":{"index":"index","follow":"follow","max-snippet":"max-snippet:-1","max-image-preview":"max-image-preview:large","max-video-preview":"max-video-preview:-1"},"canonical":"https:\/\/deveho.com\/fr\/produits\/sage-x3\/sage-copilot-lia-au-service-de-votre-productivite\/","og_locale":"fr_FR","og_type":"article","og_title":"Sage Copilot: L'IA au service de votre productivit\u00e9 - Deveho","og_description":"Sage Copilot, un assistant de confiance, con\u00e7u pour transformer la mani\u00e8re dont vous exploitez vos donn\u00e9es et pilotez votre activit\u00e9.","og_url":"https:\/\/deveho.com\/fr\/produits\/sage-x3\/sage-copilot-lia-au-service-de-votre-productivite\/","og_site_name":"Deveho","article_publisher":"https:\/\/www.facebook.com\/deveho","twitter_card":"summary_large_image","twitter_site":"@Deveho1","twitter_misc":{"Dur\u00e9e de lecture estim\u00e9e":"2 minutes"},"schema":{"@context":"https:\/\/schema.org","@graph":[{"@type":"WebPage","@id":"https:\/\/deveho.com\/fr\/produits\/sage-x3\/sage-copilot-lia-au-service-de-votre-productivite\/","url":"https:\/\/deveho.com\/fr\/produits\/sage-x3\/sage-copilot-lia-au-service-de-votre-productivite\/","name":"Sage Copilot: L'IA au service de votre productivit\u00e9 - Deveho","isPartOf":{"@id":"https:\/\/deveho.com\/#website"},"datePublished":"2026-04-08T15:16:12+00:00","dateModified":"2026-04-08T15:16:12+00:00","description":"Sage Copilot, un assistant de confiance, con\u00e7u pour transformer la mani\u00e8re dont vous exploitez vos donn\u00e9es et pilotez votre activit\u00e9.","breadcrumb":{"@id":"https:\/\/deveho.com\/fr\/produits\/sage-x3\/sage-copilot-lia-au-service-de-votre-productivite\/#breadcrumb"},"inLanguage":"fr-FR","potentialAction":[{"@type":"ReadAction","target":["https:\/\/deveho.com\/fr\/produits\/sage-x3\/sage-copilot-lia-au-service-de-votre-productivite\/"]}]},{"@type":"BreadcrumbList","@id":"https:\/\/deveho.com\/fr\/produits\/sage-x3\/sage-copilot-lia-au-service-de-votre-productivite\/#breadcrumb","itemListElement":[{"@type":"ListItem","position":1,"name":"Home","item":"https:\/\/deveho.com\/fr\/"},{"@type":"ListItem","position":2,"name":"Produits","item":"https:\/\/deveho.com\/fr\/produits\/"},{"@type":"ListItem","position":3,"name":"Sage X3","item":"https:\/\/deveho.com\/fr\/produits\/sage-x3\/"},{"@type":"ListItem","position":4,"name":"Sage Copilot: L&#8217;IA au service de votre productivit\u00e9"}]},{"@type":"WebSite","@id":"https:\/\/deveho.com\/#website","url":"https:\/\/deveho.com\/","name":"Deveho Consulting Group","description":"Let\u2019s boost your growth","publisher":{"@id":"https:\/\/deveho.com\/#organization"},"potentialAction":[{"@type":"SearchAction","target":{"@type":"EntryPoint","urlTemplate":"https:\/\/deveho.com\/?s={search_term_string}"},"query-input":{"@type":"PropertyValueSpecification","valueRequired":true,"valueName":"search_term_string"}}],"inLanguage":"fr-FR"},{"@type":"Organization","@id":"https:\/\/deveho.com\/#organization","name":"Deveho Consulting Group","url":"https:\/\/deveho.com\/","logo":{"@type":"ImageObject","inLanguage":"fr-FR","@id":"https:\/\/deveho.com\/#\/schema\/logo\/image\/","url":"https:\/\/deveho.com\/wp-content\/uploads\/2023\/02\/DEVEHO-LOGO-Baseline-COLOR.png","contentUrl":"https:\/\/deveho.com\/wp-content\/uploads\/2023\/02\/DEVEHO-LOGO-Baseline-COLOR.png","width":2251,"height":585,"caption":"Deveho Consulting Group"},"image":{"@id":"https:\/\/deveho.com\/#\/schema\/logo\/image\/"},"sameAs":["https:\/\/www.facebook.com\/deveho","https:\/\/x.com\/Deveho1","https:\/\/www.linkedin.com\/company\/deveho-consulting\/"]}]}},"_links":{"self":[{"href":"https:\/\/deveho.com\/fr\/wp-json\/wp\/v2\/pages\/47613"}],"collection":[{"href":"https:\/\/deveho.com\/fr\/wp-json\/wp\/v2\/pages"}],"about":[{"href":"https:\/\/deveho.com\/fr\/wp-json\/wp\/v2\/types\/page"}],"author":[{"embeddable":true,"href":"https:\/\/deveho.com\/fr\/wp-json\/wp\/v2\/users\/34"}],"replies":[{"embeddable":true,"href":"https:\/\/deveho.com\/fr\/wp-json\/wp\/v2\/comments?post=47613"}],"version-history":[{"count":3,"href":"https:\/\/deveho.com\/fr\/wp-json\/wp\/v2\/pages\/47613\/revisions"}],"predecessor-version":[{"id":47661,"href":"https:\/\/deveho.com\/fr\/wp-json\/wp\/v2\/pages\/47613\/revisions\/47661"}],"up":[{"embeddable":true,"href":"https:\/\/deveho.com\/fr\/wp-json\/wp\/v2\/pages\/9326"}],"wp:attachment":[{"href":"https:\/\/deveho.com\/fr\/wp-json\/wp\/v2\/media?parent=47613"}],"curies":[{"name":"wp","href":"https:\/\/api.w.org\/{rel}","templated":true}]}}