{"id":9080,"date":"2022-02-20T21:19:03","date_gmt":"2022-02-20T21:19:03","guid":{"rendered":"https:\/\/deveho2.sfdbeta.be\/chef-dentreprise\/"},"modified":"2022-10-28T11:32:13","modified_gmt":"2022-10-28T09:32:13","slug":"chef-dentreprise","status":"publish","type":"page","link":"https:\/\/deveho.com\/fr\/profils\/chef-dentreprise\/","title":{"rendered":"Dirigeant d&rsquo;entreprise"},"content":{"rendered":"<br \/>\n<h2>Gestion de l&rsquo;entreprise avec Sage X3 pour les dirigeants d&rsquo;entreprise <\/h2>\n<h3><\/h3>\n<h3>Avec le module de gestion de Sage X3, vous obtenez un aper\u00e7u de bout en bout du cycle de vie de vos affaires, depuis la cr\u00e9ation d&rsquo;une offre avec ventilation des co\u00fbts, jusqu&rsquo;\u00e0 la facturation, le suivi budg\u00e9taire et les finances, en passant par les processus de commande, l&rsquo;affectation des ressources&#8230;<br \/>\nProduction<\/h3>\n<\/p>\n<h2><\/h2>\n<h3>Pages Li\u00e9es<\/h3><\/p>\n","protected":false},"excerpt":{"rendered":"<p>Sage X3 vous aide \u00e0 \u00eatre plus malin gr\u00e2ce au suivi des demandes, cr\u00e9ation des commandes, livraisons, contrats de sous-traitance, des plans de charge acheteurs &#8211; en passant par la gestion du processus d&rsquo;approbation des commandes, des livraisons et \u00e0 la facturation &#8211; tout en accumulant classements et statistiques sur les fournisseurs.<\/p>\n","protected":false},"author":6,"featured_media":0,"parent":10352,"menu_order":0,"comment_status":"closed","ping_status":"closed","template":"templates\/template-inner.php","meta":{"_acf_changed":false,"footnotes":""},"class_list":["post-9080","page","type-page","status-publish","hentry"],"acf":[],"yoast_head":"<!-- This site is optimized with the Yoast SEO plugin v23.5 - https:\/\/yoast.com\/wordpress\/plugins\/seo\/ -->\n<title>Dirigeant d&#039;entreprise - Deveho<\/title>\n<meta name=\"robots\" content=\"index, follow, max-snippet:-1, max-image-preview:large, max-video-preview:-1\" \/>\n<link rel=\"canonical\" href=\"https:\/\/deveho.com\/profiles\/company-managers\/\" \/>\n<meta property=\"og:locale\" content=\"fr_FR\" \/>\n<meta property=\"og:type\" content=\"article\" \/>\n<meta property=\"og:title\" content=\"Dirigeant d&#039;entreprise - Deveho\" \/>\n<meta property=\"og:description\" content=\"Sage X3 vous aide \u00e0 \u00eatre plus malin gr\u00e2ce au suivi des demandes, cr\u00e9ation des commandes, livraisons, contrats de sous-traitance, des plans de charge acheteurs - en passant par la gestion du processus d&#039;approbation des commandes, des livraisons et \u00e0 la facturation - tout en accumulant classements et statistiques sur les fournisseurs.\" \/>\n<meta property=\"og:url\" content=\"https:\/\/deveho.com\/profiles\/company-managers\/\" \/>\n<meta property=\"og:site_name\" content=\"Deveho\" \/>\n<meta property=\"article:publisher\" content=\"https:\/\/www.facebook.com\/deveho\" \/>\n<meta property=\"article:modified_time\" content=\"2022-10-28T09:32:13+00:00\" \/>\n<meta name=\"twitter:card\" content=\"summary_large_image\" \/>\n<meta name=\"twitter:site\" content=\"@Deveho1\" \/>\n<script type=\"application\/ld+json\" class=\"yoast-schema-graph\">{\"@context\":\"https:\/\/schema.org\",\"@graph\":[{\"@type\":\"WebPage\",\"@id\":\"https:\/\/deveho.com\/profiles\/company-managers\/\",\"url\":\"https:\/\/deveho.com\/profiles\/company-managers\/\",\"name\":\"Dirigeant d'entreprise - Deveho\",\"isPartOf\":{\"@id\":\"https:\/\/deveho.com\/#website\"},\"datePublished\":\"2022-02-20T21:19:03+00:00\",\"dateModified\":\"2022-10-28T09:32:13+00:00\",\"breadcrumb\":{\"@id\":\"https:\/\/deveho.com\/profiles\/company-managers\/#breadcrumb\"},\"inLanguage\":\"fr-FR\",\"potentialAction\":[{\"@type\":\"ReadAction\",\"target\":[\"https:\/\/deveho.com\/profiles\/company-managers\/\"]}]},{\"@type\":\"BreadcrumbList\",\"@id\":\"https:\/\/deveho.com\/profiles\/company-managers\/#breadcrumb\",\"itemListElement\":[{\"@type\":\"ListItem\",\"position\":1,\"name\":\"Home\",\"item\":\"https:\/\/deveho.com\/fr\/\"},{\"@type\":\"ListItem\",\"position\":2,\"name\":\"Profils\",\"item\":\"https:\/\/deveho.com\/fr\/profils\/\"},{\"@type\":\"ListItem\",\"position\":3,\"name\":\"Dirigeant d&#8217;entreprise\"}]},{\"@type\":\"WebSite\",\"@id\":\"https:\/\/deveho.com\/#website\",\"url\":\"https:\/\/deveho.com\/\",\"name\":\"Deveho Consulting Group\",\"description\":\"Let\u2019s boost your growth\",\"publisher\":{\"@id\":\"https:\/\/deveho.com\/#organization\"},\"potentialAction\":[{\"@type\":\"SearchAction\",\"target\":{\"@type\":\"EntryPoint\",\"urlTemplate\":\"https:\/\/deveho.com\/?s={search_term_string}\"},\"query-input\":{\"@type\":\"PropertyValueSpecification\",\"valueRequired\":true,\"valueName\":\"search_term_string\"}}],\"inLanguage\":\"fr-FR\"},{\"@type\":\"Organization\",\"@id\":\"https:\/\/deveho.com\/#organization\",\"name\":\"Deveho Consulting Group\",\"url\":\"https:\/\/deveho.com\/\",\"logo\":{\"@type\":\"ImageObject\",\"inLanguage\":\"fr-FR\",\"@id\":\"https:\/\/deveho.com\/#\/schema\/logo\/image\/\",\"url\":\"https:\/\/deveho.com\/wp-content\/uploads\/2023\/02\/DEVEHO-LOGO-Baseline-COLOR.png\",\"contentUrl\":\"https:\/\/deveho.com\/wp-content\/uploads\/2023\/02\/DEVEHO-LOGO-Baseline-COLOR.png\",\"width\":2251,\"height\":585,\"caption\":\"Deveho Consulting Group\"},\"image\":{\"@id\":\"https:\/\/deveho.com\/#\/schema\/logo\/image\/\"},\"sameAs\":[\"https:\/\/www.facebook.com\/deveho\",\"https:\/\/x.com\/Deveho1\",\"https:\/\/www.linkedin.com\/company\/deveho-consulting\/\"]}]}<\/script>\n<!-- \/ Yoast SEO plugin. -->","yoast_head_json":{"title":"Dirigeant d'entreprise - Deveho","robots":{"index":"index","follow":"follow","max-snippet":"max-snippet:-1","max-image-preview":"max-image-preview:large","max-video-preview":"max-video-preview:-1"},"canonical":"https:\/\/deveho.com\/profiles\/company-managers\/","og_locale":"fr_FR","og_type":"article","og_title":"Dirigeant d'entreprise - Deveho","og_description":"Sage X3 vous aide \u00e0 \u00eatre plus malin gr\u00e2ce au suivi des demandes, cr\u00e9ation des commandes, livraisons, contrats de sous-traitance, des plans de charge acheteurs - en passant par la gestion du processus d'approbation des commandes, des livraisons et \u00e0 la facturation - tout en accumulant classements et statistiques sur les fournisseurs.","og_url":"https:\/\/deveho.com\/profiles\/company-managers\/","og_site_name":"Deveho","article_publisher":"https:\/\/www.facebook.com\/deveho","article_modified_time":"2022-10-28T09:32:13+00:00","twitter_card":"summary_large_image","twitter_site":"@Deveho1","schema":{"@context":"https:\/\/schema.org","@graph":[{"@type":"WebPage","@id":"https:\/\/deveho.com\/profiles\/company-managers\/","url":"https:\/\/deveho.com\/profiles\/company-managers\/","name":"Dirigeant d'entreprise - Deveho","isPartOf":{"@id":"https:\/\/deveho.com\/#website"},"datePublished":"2022-02-20T21:19:03+00:00","dateModified":"2022-10-28T09:32:13+00:00","breadcrumb":{"@id":"https:\/\/deveho.com\/profiles\/company-managers\/#breadcrumb"},"inLanguage":"fr-FR","potentialAction":[{"@type":"ReadAction","target":["https:\/\/deveho.com\/profiles\/company-managers\/"]}]},{"@type":"BreadcrumbList","@id":"https:\/\/deveho.com\/profiles\/company-managers\/#breadcrumb","itemListElement":[{"@type":"ListItem","position":1,"name":"Home","item":"https:\/\/deveho.com\/fr\/"},{"@type":"ListItem","position":2,"name":"Profils","item":"https:\/\/deveho.com\/fr\/profils\/"},{"@type":"ListItem","position":3,"name":"Dirigeant d&#8217;entreprise"}]},{"@type":"WebSite","@id":"https:\/\/deveho.com\/#website","url":"https:\/\/deveho.com\/","name":"Deveho Consulting Group","description":"Let\u2019s boost your growth","publisher":{"@id":"https:\/\/deveho.com\/#organization"},"potentialAction":[{"@type":"SearchAction","target":{"@type":"EntryPoint","urlTemplate":"https:\/\/deveho.com\/?s={search_term_string}"},"query-input":{"@type":"PropertyValueSpecification","valueRequired":true,"valueName":"search_term_string"}}],"inLanguage":"fr-FR"},{"@type":"Organization","@id":"https:\/\/deveho.com\/#organization","name":"Deveho Consulting Group","url":"https:\/\/deveho.com\/","logo":{"@type":"ImageObject","inLanguage":"fr-FR","@id":"https:\/\/deveho.com\/#\/schema\/logo\/image\/","url":"https:\/\/deveho.com\/wp-content\/uploads\/2023\/02\/DEVEHO-LOGO-Baseline-COLOR.png","contentUrl":"https:\/\/deveho.com\/wp-content\/uploads\/2023\/02\/DEVEHO-LOGO-Baseline-COLOR.png","width":2251,"height":585,"caption":"Deveho Consulting Group"},"image":{"@id":"https:\/\/deveho.com\/#\/schema\/logo\/image\/"},"sameAs":["https:\/\/www.facebook.com\/deveho","https:\/\/x.com\/Deveho1","https:\/\/www.linkedin.com\/company\/deveho-consulting\/"]}]}},"_links":{"self":[{"href":"https:\/\/deveho.com\/fr\/wp-json\/wp\/v2\/pages\/9080"}],"collection":[{"href":"https:\/\/deveho.com\/fr\/wp-json\/wp\/v2\/pages"}],"about":[{"href":"https:\/\/deveho.com\/fr\/wp-json\/wp\/v2\/types\/page"}],"author":[{"embeddable":true,"href":"https:\/\/deveho.com\/fr\/wp-json\/wp\/v2\/users\/6"}],"replies":[{"embeddable":true,"href":"https:\/\/deveho.com\/fr\/wp-json\/wp\/v2\/comments?post=9080"}],"version-history":[{"count":0,"href":"https:\/\/deveho.com\/fr\/wp-json\/wp\/v2\/pages\/9080\/revisions"}],"up":[{"embeddable":true,"href":"https:\/\/deveho.com\/fr\/wp-json\/wp\/v2\/pages\/10352"}],"wp:attachment":[{"href":"https:\/\/deveho.com\/fr\/wp-json\/wp\/v2\/media?parent=9080"}],"curies":[{"name":"wp","href":"https:\/\/api.w.org\/{rel}","templated":true}]}}