{"id":9081,"date":"2022-02-20T22:14:04","date_gmt":"2022-02-20T22:14:04","guid":{"rendered":"https:\/\/deveho2.sfdbeta.be\/construction\/"},"modified":"2022-10-28T10:38:08","modified_gmt":"2022-10-28T08:38:08","slug":"construction","status":"publish","type":"page","link":"https:\/\/deveho.com\/fr\/secteurs\/construction\/","title":{"rendered":"Construction"},"content":{"rendered":"<br \/>\n<h3>Vos <b><red>atouts<\/b><\/red>   <\/h3>\n<p><p>Complet, intuitif et efficace, notre progiciel de gestion de la construction vous accompagne dans toutes vos missions quotidiennes. Profitez d&rsquo;un progiciel fait pour le monde de la construction pour cr\u00e9er vos devis, \u00e9diter et envoyer vos factures et assurer la gestion et le suivi de vos sites.<\/p>\n<\/p>\n<p>Permet une meilleure prise de d\u00e9cision par les responsables projets gr\u00e2ce \u00e0 des renseignements actualis\u00e9s sur les risques et les co\u00fbts d&rsquo;un projet<\/p>\n<p>Collecte et partage les informations de site sur n&rsquo;importe quel appareil mobile et am\u00e9liore ainsi communication et coop\u00e9ration<\/p>\n<p>R\u00e9duit les risques et prot\u00e8ge la rentabilit\u00e9 d&rsquo;un projet gr\u00e2ce \u00e0 une d\u00e9tection plus rapide des probl\u00e8mes li\u00e9s au projet.<\/p>\n<p>Analyse les variations entre co\u00fbts pr\u00e9vus et co\u00fbts r\u00e9els \u00e0 n&rsquo;importe quel niveau de n\u0153ud, gr\u00e2ce \u00e0 l&rsquo;utilisation des meilleures pratiques de l&rsquo;industrie en mati\u00e8re de gestion par la valeur acquise et de visualisation des structures de r\u00e9partition du travail (SRT).<\/p>\n<p>R\u00e9duit les co\u00fbts d&rsquo;inventaire et contr\u00f4le les achats par l&rsquo;\u00e9tablissement de limites d&rsquo;achat par produit pour un projet de construction donn\u00e9<\/p>\n<p>G\u00e8re et anticipe les flux de tr\u00e9sorerie au sein de multiples projets internationaux pour r\u00e9duire les risques financiers et ench\u00e9rir sur de nouvelles opportunit\u00e9s avec plus d&rsquo;assurance<\/p>\n<p>Utilise un seul syst\u00e8me pour tous les sites de projet et entit\u00e9s l\u00e9gales, y compris pour les projets couvrant plusieurs pays et devises<\/p>\n<p>Permet une croissance sereine gr\u00e2ce \u00e0 un syst\u00e8me int\u00e9gr\u00e9 de gestion des projets de construction qui s&rsquo;adapte m\u00eame aux m\u00e9gaprojets les plus complexes<\/p>\n<h2><b><red>Fonctionnalit\u00e9s<\/b><\/red> <b>Sage X3<\/b><\/h2>\n<h3><\/h3>\n<p><p>Analyse de projet et Indicateurs cl\u00e9s de performance<\/p>\n<\/p>\n<h3><\/h3>\n<p><p>Gestion de la tr\u00e9sorerie et des liquidit\u00e9s<\/p>\n<\/p>\n<h3><\/h3>\n<p><p>Suivi des feuilles de pr\u00e9sence<\/p>\n<\/p>\n<h3><\/h3>\n<p><p>Gestion documentaire<\/p>\n<\/p>\n<h3><\/h3>\n<p><p>Gestion des contrats et sous-traitance<\/p>\n<\/p>\n<h3><\/h3>\n<p><p>Gestion du stock et des achats<\/p>\n<\/p>\n<h3><\/h3>\n<p><p>Gestion financi\u00e8re et chiffrage de projet<\/p>\n<\/p>\n<h3><\/h3>\n<p><p>Visualisation de projet par OTP avec un haut niveau de pr\u00e9cision<\/p>\n<\/p>\n<h3><\/h3>\n<p><p>Gestion de projets de construction<\/p>\n<\/p>\n<h3><\/h3>\n<p><p>Gestion int\u00e9gr\u00e9e des estimations et des r\u00e9ponses aux appels d&#8217;offres<\/p>\n<\/p>\n<h2><\/h2>\n<h3>Pages Li\u00e9es<\/h3><\/p>\n","protected":false},"excerpt":{"rendered":"<p>Sage X3 Construction est une plateforme de gestion commerciale moderne et compl\u00e8te, native portables, orient\u00e9e donn\u00e9es &#8211; con\u00e7ue d\u00e8s l&rsquo;origine par des pros de la construction, pour les pros de la construction. Gardez le contr\u00f4le de vos projets de construction les plus complexes, minimisez les d\u00e9passements de co\u00fbts et prot\u00e9gez la rentabilit\u00e9 de vos projets en utilisant les donn\u00e9es sur les travaux en cours, collect\u00e9es directement sur le terrain.<\/p>\n","protected":false},"author":3,"featured_media":0,"parent":10353,"menu_order":0,"comment_status":"closed","ping_status":"closed","template":"templates\/template-inner.php","meta":{"_acf_changed":false,"footnotes":""},"class_list":["post-9081","page","type-page","status-publish","hentry"],"acf":[],"yoast_head":"<!-- This site is optimized with the Yoast SEO plugin v23.5 - https:\/\/yoast.com\/wordpress\/plugins\/seo\/ -->\n<title>Construction - Deveho<\/title>\n<meta name=\"robots\" content=\"index, follow, max-snippet:-1, max-image-preview:large, max-video-preview:-1\" \/>\n<link rel=\"canonical\" href=\"https:\/\/deveho.com\/sectors\/construction\/\" \/>\n<meta property=\"og:locale\" content=\"fr_FR\" \/>\n<meta property=\"og:type\" content=\"article\" \/>\n<meta property=\"og:title\" content=\"Construction - Deveho\" \/>\n<meta property=\"og:description\" content=\"Sage X3 Construction est une plateforme de gestion commerciale moderne et compl\u00e8te, native portables, orient\u00e9e donn\u00e9es - con\u00e7ue d\u00e8s l&#039;origine par des pros de la construction, pour les pros de la construction. Gardez le contr\u00f4le de vos projets de construction les plus complexes, minimisez les d\u00e9passements de co\u00fbts et prot\u00e9gez la rentabilit\u00e9 de vos projets en utilisant les donn\u00e9es sur les travaux en cours, collect\u00e9es directement sur le terrain.\" \/>\n<meta property=\"og:url\" content=\"https:\/\/deveho.com\/sectors\/construction\/\" \/>\n<meta property=\"og:site_name\" content=\"Deveho\" \/>\n<meta property=\"article:publisher\" content=\"https:\/\/www.facebook.com\/deveho\" \/>\n<meta property=\"article:modified_time\" content=\"2022-10-28T08:38:08+00:00\" \/>\n<meta name=\"twitter:card\" content=\"summary_large_image\" \/>\n<meta name=\"twitter:site\" content=\"@Deveho1\" \/>\n<meta name=\"twitter:label1\" content=\"Dur\u00e9e de lecture estim\u00e9e\" \/>\n\t<meta name=\"twitter:data1\" content=\"2 minutes\" \/>\n<script type=\"application\/ld+json\" class=\"yoast-schema-graph\">{\"@context\":\"https:\/\/schema.org\",\"@graph\":[{\"@type\":\"WebPage\",\"@id\":\"https:\/\/deveho.com\/sectors\/construction\/\",\"url\":\"https:\/\/deveho.com\/sectors\/construction\/\",\"name\":\"Construction - Deveho\",\"isPartOf\":{\"@id\":\"https:\/\/deveho.com\/#website\"},\"datePublished\":\"2022-02-20T22:14:04+00:00\",\"dateModified\":\"2022-10-28T08:38:08+00:00\",\"breadcrumb\":{\"@id\":\"https:\/\/deveho.com\/sectors\/construction\/#breadcrumb\"},\"inLanguage\":\"fr-FR\",\"potentialAction\":[{\"@type\":\"ReadAction\",\"target\":[\"https:\/\/deveho.com\/sectors\/construction\/\"]}]},{\"@type\":\"BreadcrumbList\",\"@id\":\"https:\/\/deveho.com\/sectors\/construction\/#breadcrumb\",\"itemListElement\":[{\"@type\":\"ListItem\",\"position\":1,\"name\":\"Home\",\"item\":\"https:\/\/deveho.com\/fr\/\"},{\"@type\":\"ListItem\",\"position\":2,\"name\":\"Secteurs\",\"item\":\"https:\/\/deveho.com\/sectors\/\"},{\"@type\":\"ListItem\",\"position\":3,\"name\":\"Construction\"}]},{\"@type\":\"WebSite\",\"@id\":\"https:\/\/deveho.com\/#website\",\"url\":\"https:\/\/deveho.com\/\",\"name\":\"Deveho Consulting Group\",\"description\":\"Let\u2019s boost your growth\",\"publisher\":{\"@id\":\"https:\/\/deveho.com\/#organization\"},\"potentialAction\":[{\"@type\":\"SearchAction\",\"target\":{\"@type\":\"EntryPoint\",\"urlTemplate\":\"https:\/\/deveho.com\/?s={search_term_string}\"},\"query-input\":{\"@type\":\"PropertyValueSpecification\",\"valueRequired\":true,\"valueName\":\"search_term_string\"}}],\"inLanguage\":\"fr-FR\"},{\"@type\":\"Organization\",\"@id\":\"https:\/\/deveho.com\/#organization\",\"name\":\"Deveho Consulting Group\",\"url\":\"https:\/\/deveho.com\/\",\"logo\":{\"@type\":\"ImageObject\",\"inLanguage\":\"fr-FR\",\"@id\":\"https:\/\/deveho.com\/#\/schema\/logo\/image\/\",\"url\":\"https:\/\/deveho.com\/wp-content\/uploads\/2023\/02\/DEVEHO-LOGO-Baseline-COLOR.png\",\"contentUrl\":\"https:\/\/deveho.com\/wp-content\/uploads\/2023\/02\/DEVEHO-LOGO-Baseline-COLOR.png\",\"width\":2251,\"height\":585,\"caption\":\"Deveho Consulting Group\"},\"image\":{\"@id\":\"https:\/\/deveho.com\/#\/schema\/logo\/image\/\"},\"sameAs\":[\"https:\/\/www.facebook.com\/deveho\",\"https:\/\/x.com\/Deveho1\",\"https:\/\/www.linkedin.com\/company\/deveho-consulting\/\"]}]}<\/script>\n<!-- \/ Yoast SEO plugin. -->","yoast_head_json":{"title":"Construction - Deveho","robots":{"index":"index","follow":"follow","max-snippet":"max-snippet:-1","max-image-preview":"max-image-preview:large","max-video-preview":"max-video-preview:-1"},"canonical":"https:\/\/deveho.com\/sectors\/construction\/","og_locale":"fr_FR","og_type":"article","og_title":"Construction - Deveho","og_description":"Sage X3 Construction est une plateforme de gestion commerciale moderne et compl\u00e8te, native portables, orient\u00e9e donn\u00e9es - con\u00e7ue d\u00e8s l'origine par des pros de la construction, pour les pros de la construction. Gardez le contr\u00f4le de vos projets de construction les plus complexes, minimisez les d\u00e9passements de co\u00fbts et prot\u00e9gez la rentabilit\u00e9 de vos projets en utilisant les donn\u00e9es sur les travaux en cours, collect\u00e9es directement sur le terrain.","og_url":"https:\/\/deveho.com\/sectors\/construction\/","og_site_name":"Deveho","article_publisher":"https:\/\/www.facebook.com\/deveho","article_modified_time":"2022-10-28T08:38:08+00:00","twitter_card":"summary_large_image","twitter_site":"@Deveho1","twitter_misc":{"Dur\u00e9e de lecture estim\u00e9e":"2 minutes"},"schema":{"@context":"https:\/\/schema.org","@graph":[{"@type":"WebPage","@id":"https:\/\/deveho.com\/sectors\/construction\/","url":"https:\/\/deveho.com\/sectors\/construction\/","name":"Construction - Deveho","isPartOf":{"@id":"https:\/\/deveho.com\/#website"},"datePublished":"2022-02-20T22:14:04+00:00","dateModified":"2022-10-28T08:38:08+00:00","breadcrumb":{"@id":"https:\/\/deveho.com\/sectors\/construction\/#breadcrumb"},"inLanguage":"fr-FR","potentialAction":[{"@type":"ReadAction","target":["https:\/\/deveho.com\/sectors\/construction\/"]}]},{"@type":"BreadcrumbList","@id":"https:\/\/deveho.com\/sectors\/construction\/#breadcrumb","itemListElement":[{"@type":"ListItem","position":1,"name":"Home","item":"https:\/\/deveho.com\/fr\/"},{"@type":"ListItem","position":2,"name":"Secteurs","item":"https:\/\/deveho.com\/sectors\/"},{"@type":"ListItem","position":3,"name":"Construction"}]},{"@type":"WebSite","@id":"https:\/\/deveho.com\/#website","url":"https:\/\/deveho.com\/","name":"Deveho Consulting Group","description":"Let\u2019s boost your growth","publisher":{"@id":"https:\/\/deveho.com\/#organization"},"potentialAction":[{"@type":"SearchAction","target":{"@type":"EntryPoint","urlTemplate":"https:\/\/deveho.com\/?s={search_term_string}"},"query-input":{"@type":"PropertyValueSpecification","valueRequired":true,"valueName":"search_term_string"}}],"inLanguage":"fr-FR"},{"@type":"Organization","@id":"https:\/\/deveho.com\/#organization","name":"Deveho Consulting Group","url":"https:\/\/deveho.com\/","logo":{"@type":"ImageObject","inLanguage":"fr-FR","@id":"https:\/\/deveho.com\/#\/schema\/logo\/image\/","url":"https:\/\/deveho.com\/wp-content\/uploads\/2023\/02\/DEVEHO-LOGO-Baseline-COLOR.png","contentUrl":"https:\/\/deveho.com\/wp-content\/uploads\/2023\/02\/DEVEHO-LOGO-Baseline-COLOR.png","width":2251,"height":585,"caption":"Deveho Consulting Group"},"image":{"@id":"https:\/\/deveho.com\/#\/schema\/logo\/image\/"},"sameAs":["https:\/\/www.facebook.com\/deveho","https:\/\/x.com\/Deveho1","https:\/\/www.linkedin.com\/company\/deveho-consulting\/"]}]}},"_links":{"self":[{"href":"https:\/\/deveho.com\/fr\/wp-json\/wp\/v2\/pages\/9081"}],"collection":[{"href":"https:\/\/deveho.com\/fr\/wp-json\/wp\/v2\/pages"}],"about":[{"href":"https:\/\/deveho.com\/fr\/wp-json\/wp\/v2\/types\/page"}],"author":[{"embeddable":true,"href":"https:\/\/deveho.com\/fr\/wp-json\/wp\/v2\/users\/3"}],"replies":[{"embeddable":true,"href":"https:\/\/deveho.com\/fr\/wp-json\/wp\/v2\/comments?post=9081"}],"version-history":[{"count":0,"href":"https:\/\/deveho.com\/fr\/wp-json\/wp\/v2\/pages\/9081\/revisions"}],"up":[{"embeddable":true,"href":"https:\/\/deveho.com\/fr\/wp-json\/wp\/v2\/pages\/10353"}],"wp:attachment":[{"href":"https:\/\/deveho.com\/fr\/wp-json\/wp\/v2\/media?parent=9081"}],"curies":[{"name":"wp","href":"https:\/\/api.w.org\/{rel}","templated":true}]}}