{"id":9090,"date":"2022-02-21T21:01:26","date_gmt":"2022-02-21T21:01:26","guid":{"rendered":"https:\/\/deveho2.sfdbeta.be\/responsables-dentrepots-et-de-logistique\/"},"modified":"2022-10-28T12:18:14","modified_gmt":"2022-10-28T10:18:14","slug":"responsables-dentrepots-et-de-logistique","status":"publish","type":"page","link":"https:\/\/deveho.com\/fr\/profils\/responsables-dentrepots-et-de-logistique\/","title":{"rendered":"Responsable entrep\u00f4ts &#038; logistique"},"content":{"rendered":"<br \/>\n<h3><red><b>Atouts pour les <\/red> <\/b>responsables entrep\u00f4ts &#038; logistique<\/h3>\n<p><p>\u00ab\u00a0Warehouse Manager\u00a0\u00bb est une solution sans fil de gestion des entrep\u00f4ts pouvant \u00eatre interconnect\u00e9e avec des scanners portatifs robustes ou des \u00e9crans d\u00e9di\u00e9s. Elle donne au personnel des entrep\u00f4ts des possibilit\u00e9s consid\u00e9rables en mati\u00e8re de gestion des op\u00e9rations cl\u00e9s &#8211; depuis les informations sur le stock jusqu&rsquo;au chargement des commandes, en passant par les livraisons, les r\u00e9partitions, l&rsquo;inventaire, les transferts, et aussi les probl\u00e8mes de bons de travail et plus encore. <\/p>\n<\/p>\n<p>Augmente la pr\u00e9cision de localisation du stock de 25% en enregistrant automatiquement quantit\u00e9s et emplacement dans un grand nombre de bacs<\/p>\n<p>Am\u00e9liore la pr\u00e9cision de l&rsquo;inventaire jusqu&rsquo;\u00e0 99% gr\u00e2ce \u00e0 une plus grande pr\u00e9cision \u00e0 la r\u00e9ception, lors du stockage et lors de la manutention<\/p>\n<p>Augmente la rapidit\u00e9 de s\u00e9lection de 25% tout en limitant les erreurs et en am\u00e9liorant la cadence des manutentionnaires<\/p>\n<p>R\u00e9alise des gains d&rsquo;efficacit\u00e9 dans le d\u00e9compte des stocks de 75% gr\u00e2ce aux appareils mobiles qui guident les utilisateurs vers les emplacements corrects et demandent le d\u00e9tail des produits en cours de comptage, ainsi que le nombre r\u00e9el pour chaque article.<\/p>\n<p>Responsabilise r\u00e9ellement le personnel de l&rsquo;entrep\u00f4t tout vous laissant le contr\u00f4le de Sage X3<\/p>\n<p>Augmente la productivit\u00e9 en \u00e9liminant saisie manuelle ou en double<\/p>\n<p>Am\u00e9liore le service client gr\u00e2ce \u00e0 une pr\u00e9cision accrue des commandes et \u00e0 la disponibilit\u00e9 des stocks en temps r\u00e9el<\/p>\n<h2><\/h2>\n<h3>Pages Li\u00e9es<\/h3>\n<\/p>\n<h3><\/h3>\n<\/p>\n<h3><\/h3><\/p>\n","protected":false},"excerpt":{"rendered":"<p>Atouts pour les responsables entrep\u00f4ts &#038; logistique \u00ab\u00a0Warehouse Manager\u00a0\u00bb est une solution sans fil de gestion des entrep\u00f4ts pouvant \u00eatre interconnect\u00e9e avec des scanners portatifs robustes ou des \u00e9crans d\u00e9di\u00e9s. Elle donne au personnel des entrep\u00f4ts des possibilit\u00e9s consid\u00e9rables en mati\u00e8re de gestion des op\u00e9rations cl\u00e9s &#8211; depuis les informations sur le stock jusqu&rsquo;au chargement [&hellip;]<\/p>\n","protected":false},"author":6,"featured_media":0,"parent":10352,"menu_order":0,"comment_status":"closed","ping_status":"closed","template":"templates\/template-inner.php","meta":{"_acf_changed":false,"footnotes":""},"class_list":["post-9090","page","type-page","status-publish","hentry"],"acf":[],"yoast_head":"<!-- This site is optimized with the Yoast SEO plugin v23.5 - https:\/\/yoast.com\/wordpress\/plugins\/seo\/ -->\n<title>Responsable entrep\u00f4ts &amp; logistique - Deveho<\/title>\n<meta name=\"robots\" content=\"index, follow, max-snippet:-1, max-image-preview:large, max-video-preview:-1\" \/>\n<link rel=\"canonical\" href=\"https:\/\/deveho.com\/fr\/profils\/responsables-dentrepots-et-de-logistique\/\" \/>\n<meta property=\"og:locale\" content=\"fr_FR\" \/>\n<meta property=\"og:type\" content=\"article\" \/>\n<meta property=\"og:title\" content=\"Responsable entrep\u00f4ts &amp; logistique - Deveho\" \/>\n<meta property=\"og:description\" content=\"Atouts pour les responsables entrep\u00f4ts &#038; logistique \u00ab\u00a0Warehouse Manager\u00a0\u00bb est une solution sans fil de gestion des entrep\u00f4ts pouvant \u00eatre interconnect\u00e9e avec des scanners portatifs robustes ou des \u00e9crans d\u00e9di\u00e9s. Elle donne au personnel des entrep\u00f4ts des possibilit\u00e9s consid\u00e9rables en mati\u00e8re de gestion des op\u00e9rations cl\u00e9s &#8211; depuis les informations sur le stock jusqu&rsquo;au chargement [&hellip;]\" \/>\n<meta property=\"og:url\" content=\"https:\/\/deveho.com\/fr\/profils\/responsables-dentrepots-et-de-logistique\/\" \/>\n<meta property=\"og:site_name\" content=\"Deveho\" \/>\n<meta property=\"article:publisher\" content=\"https:\/\/www.facebook.com\/deveho\" \/>\n<meta property=\"article:modified_time\" content=\"2022-10-28T10:18:14+00:00\" \/>\n<meta name=\"twitter:card\" content=\"summary_large_image\" \/>\n<meta name=\"twitter:site\" content=\"@Deveho1\" \/>\n<meta name=\"twitter:label1\" content=\"Dur\u00e9e de lecture estim\u00e9e\" \/>\n\t<meta name=\"twitter:data1\" content=\"1 minute\" \/>\n<script type=\"application\/ld+json\" class=\"yoast-schema-graph\">{\"@context\":\"https:\/\/schema.org\",\"@graph\":[{\"@type\":\"WebPage\",\"@id\":\"https:\/\/deveho.com\/fr\/profils\/responsables-dentrepots-et-de-logistique\/\",\"url\":\"https:\/\/deveho.com\/fr\/profils\/responsables-dentrepots-et-de-logistique\/\",\"name\":\"Responsable entrep\u00f4ts & logistique - Deveho\",\"isPartOf\":{\"@id\":\"https:\/\/deveho.com\/#website\"},\"datePublished\":\"2022-02-21T21:01:26+00:00\",\"dateModified\":\"2022-10-28T10:18:14+00:00\",\"breadcrumb\":{\"@id\":\"https:\/\/deveho.com\/fr\/profils\/responsables-dentrepots-et-de-logistique\/#breadcrumb\"},\"inLanguage\":\"fr-FR\",\"potentialAction\":[{\"@type\":\"ReadAction\",\"target\":[\"https:\/\/deveho.com\/fr\/profils\/responsables-dentrepots-et-de-logistique\/\"]}]},{\"@type\":\"BreadcrumbList\",\"@id\":\"https:\/\/deveho.com\/fr\/profils\/responsables-dentrepots-et-de-logistique\/#breadcrumb\",\"itemListElement\":[{\"@type\":\"ListItem\",\"position\":1,\"name\":\"Home\",\"item\":\"https:\/\/deveho.com\/fr\/\"},{\"@type\":\"ListItem\",\"position\":2,\"name\":\"Profils\",\"item\":\"https:\/\/deveho.com\/fr\/profils\/\"},{\"@type\":\"ListItem\",\"position\":3,\"name\":\"Responsable entrep\u00f4ts &#038; logistique\"}]},{\"@type\":\"WebSite\",\"@id\":\"https:\/\/deveho.com\/#website\",\"url\":\"https:\/\/deveho.com\/\",\"name\":\"Deveho Consulting Group\",\"description\":\"Let\u2019s boost your growth\",\"publisher\":{\"@id\":\"https:\/\/deveho.com\/#organization\"},\"potentialAction\":[{\"@type\":\"SearchAction\",\"target\":{\"@type\":\"EntryPoint\",\"urlTemplate\":\"https:\/\/deveho.com\/?s={search_term_string}\"},\"query-input\":{\"@type\":\"PropertyValueSpecification\",\"valueRequired\":true,\"valueName\":\"search_term_string\"}}],\"inLanguage\":\"fr-FR\"},{\"@type\":\"Organization\",\"@id\":\"https:\/\/deveho.com\/#organization\",\"name\":\"Deveho Consulting Group\",\"url\":\"https:\/\/deveho.com\/\",\"logo\":{\"@type\":\"ImageObject\",\"inLanguage\":\"fr-FR\",\"@id\":\"https:\/\/deveho.com\/#\/schema\/logo\/image\/\",\"url\":\"https:\/\/deveho.com\/wp-content\/uploads\/2023\/02\/DEVEHO-LOGO-Baseline-COLOR.png\",\"contentUrl\":\"https:\/\/deveho.com\/wp-content\/uploads\/2023\/02\/DEVEHO-LOGO-Baseline-COLOR.png\",\"width\":2251,\"height\":585,\"caption\":\"Deveho Consulting Group\"},\"image\":{\"@id\":\"https:\/\/deveho.com\/#\/schema\/logo\/image\/\"},\"sameAs\":[\"https:\/\/www.facebook.com\/deveho\",\"https:\/\/x.com\/Deveho1\",\"https:\/\/www.linkedin.com\/company\/deveho-consulting\/\"]}]}<\/script>\n<!-- \/ Yoast SEO plugin. -->","yoast_head_json":{"title":"Responsable entrep\u00f4ts & logistique - Deveho","robots":{"index":"index","follow":"follow","max-snippet":"max-snippet:-1","max-image-preview":"max-image-preview:large","max-video-preview":"max-video-preview:-1"},"canonical":"https:\/\/deveho.com\/fr\/profils\/responsables-dentrepots-et-de-logistique\/","og_locale":"fr_FR","og_type":"article","og_title":"Responsable entrep\u00f4ts & logistique - Deveho","og_description":"Atouts pour les responsables entrep\u00f4ts &#038; logistique \u00ab\u00a0Warehouse Manager\u00a0\u00bb est une solution sans fil de gestion des entrep\u00f4ts pouvant \u00eatre interconnect\u00e9e avec des scanners portatifs robustes ou des \u00e9crans d\u00e9di\u00e9s. Elle donne au personnel des entrep\u00f4ts des possibilit\u00e9s consid\u00e9rables en mati\u00e8re de gestion des op\u00e9rations cl\u00e9s &#8211; depuis les informations sur le stock jusqu&rsquo;au chargement [&hellip;]","og_url":"https:\/\/deveho.com\/fr\/profils\/responsables-dentrepots-et-de-logistique\/","og_site_name":"Deveho","article_publisher":"https:\/\/www.facebook.com\/deveho","article_modified_time":"2022-10-28T10:18:14+00:00","twitter_card":"summary_large_image","twitter_site":"@Deveho1","twitter_misc":{"Dur\u00e9e de lecture estim\u00e9e":"1 minute"},"schema":{"@context":"https:\/\/schema.org","@graph":[{"@type":"WebPage","@id":"https:\/\/deveho.com\/fr\/profils\/responsables-dentrepots-et-de-logistique\/","url":"https:\/\/deveho.com\/fr\/profils\/responsables-dentrepots-et-de-logistique\/","name":"Responsable entrep\u00f4ts & logistique - Deveho","isPartOf":{"@id":"https:\/\/deveho.com\/#website"},"datePublished":"2022-02-21T21:01:26+00:00","dateModified":"2022-10-28T10:18:14+00:00","breadcrumb":{"@id":"https:\/\/deveho.com\/fr\/profils\/responsables-dentrepots-et-de-logistique\/#breadcrumb"},"inLanguage":"fr-FR","potentialAction":[{"@type":"ReadAction","target":["https:\/\/deveho.com\/fr\/profils\/responsables-dentrepots-et-de-logistique\/"]}]},{"@type":"BreadcrumbList","@id":"https:\/\/deveho.com\/fr\/profils\/responsables-dentrepots-et-de-logistique\/#breadcrumb","itemListElement":[{"@type":"ListItem","position":1,"name":"Home","item":"https:\/\/deveho.com\/fr\/"},{"@type":"ListItem","position":2,"name":"Profils","item":"https:\/\/deveho.com\/fr\/profils\/"},{"@type":"ListItem","position":3,"name":"Responsable entrep\u00f4ts &#038; logistique"}]},{"@type":"WebSite","@id":"https:\/\/deveho.com\/#website","url":"https:\/\/deveho.com\/","name":"Deveho Consulting Group","description":"Let\u2019s boost your growth","publisher":{"@id":"https:\/\/deveho.com\/#organization"},"potentialAction":[{"@type":"SearchAction","target":{"@type":"EntryPoint","urlTemplate":"https:\/\/deveho.com\/?s={search_term_string}"},"query-input":{"@type":"PropertyValueSpecification","valueRequired":true,"valueName":"search_term_string"}}],"inLanguage":"fr-FR"},{"@type":"Organization","@id":"https:\/\/deveho.com\/#organization","name":"Deveho Consulting Group","url":"https:\/\/deveho.com\/","logo":{"@type":"ImageObject","inLanguage":"fr-FR","@id":"https:\/\/deveho.com\/#\/schema\/logo\/image\/","url":"https:\/\/deveho.com\/wp-content\/uploads\/2023\/02\/DEVEHO-LOGO-Baseline-COLOR.png","contentUrl":"https:\/\/deveho.com\/wp-content\/uploads\/2023\/02\/DEVEHO-LOGO-Baseline-COLOR.png","width":2251,"height":585,"caption":"Deveho Consulting Group"},"image":{"@id":"https:\/\/deveho.com\/#\/schema\/logo\/image\/"},"sameAs":["https:\/\/www.facebook.com\/deveho","https:\/\/x.com\/Deveho1","https:\/\/www.linkedin.com\/company\/deveho-consulting\/"]}]}},"_links":{"self":[{"href":"https:\/\/deveho.com\/fr\/wp-json\/wp\/v2\/pages\/9090"}],"collection":[{"href":"https:\/\/deveho.com\/fr\/wp-json\/wp\/v2\/pages"}],"about":[{"href":"https:\/\/deveho.com\/fr\/wp-json\/wp\/v2\/types\/page"}],"author":[{"embeddable":true,"href":"https:\/\/deveho.com\/fr\/wp-json\/wp\/v2\/users\/6"}],"replies":[{"embeddable":true,"href":"https:\/\/deveho.com\/fr\/wp-json\/wp\/v2\/comments?post=9090"}],"version-history":[{"count":0,"href":"https:\/\/deveho.com\/fr\/wp-json\/wp\/v2\/pages\/9090\/revisions"}],"up":[{"embeddable":true,"href":"https:\/\/deveho.com\/fr\/wp-json\/wp\/v2\/pages\/10352"}],"wp:attachment":[{"href":"https:\/\/deveho.com\/fr\/wp-json\/wp\/v2\/media?parent=9090"}],"curies":[{"name":"wp","href":"https:\/\/api.w.org\/{rel}","templated":true}]}}