{"id":9091,"date":"2022-02-21T21:27:07","date_gmt":"2022-02-21T21:27:07","guid":{"rendered":"https:\/\/deveho2.sfdbeta.be\/finance\/"},"modified":"2023-01-06T15:28:03","modified_gmt":"2023-01-06T13:28:03","slug":"finance","status":"publish","type":"page","link":"https:\/\/deveho.com\/fr\/secteurs\/finance\/","title":{"rendered":"Finance"},"content":{"rendered":"<br \/>\n<h3>Vos <b> <red>atouts<\/b><\/red>   <\/h3>\n<p><p>Vous obtiendrez d\u00e9sormais une hausse du taux de satisfaction clients car chaque employ\u00e9 aura l&rsquo;information n\u00e9cessaire pour r\u00e9pondre efficacement et rapidement aux demandes et pour r\u00e8gler plaintes et diff\u00e9rents. \u00c9l\u00e9ment cl\u00e9 pour le secteur des services financiers, vous augmenterez \u00e9galement vos recettes car toutes les opportunit\u00e9s de vente seront saisies, suivies et converties. Vous pourrez \u00e9galement veiller \u00e0 ce que les meilleurs prix possibles soient n\u00e9goci\u00e9s avec vos fournisseurs et que les relations soient g\u00e9r\u00e9es de mani\u00e8re optimale.<\/p>\n<\/p>\n<p>Comptabilit\u00e9 dimensionnelle<\/p>\n<p>Fonctions import\/export<\/p>\n<p>Fonctionnalit\u00e9 multi-livres<\/p>\n<p>Possibilit\u00e9s de prise en compte de plusieurs r\u00e8glementations <\/p>\n<p>Contr\u00f4lez avec pr\u00e9cision vos r\u00e9sultats<\/p>\n<p>Tirez parti d&rsquo;une visibilit\u00e9 globale en temps r\u00e9el<\/p>\n<p>Respectez les obligations locales.<\/p>\n<h2><b><red><b>Fonctionnalit\u00e9s<\/b><\/red> <b>Sage X3<\/b><\/h2>\n<h3><\/h3>\n<p><p>Grand livre avec plusieurs plans comptables<\/p>\n<\/p>\n<h3><\/h3>\n<p><p>Cr\u00e9ances et dettes<\/p>\n<\/p>\n<h3><\/h3>\n<p><p>Gestion des liquidit\u00e9s<\/p>\n<\/p>\n<h3><\/h3>\n<p><p>Gestion des comptes bancaires<\/p>\n<\/p>\n<h3><\/h3>\n<p><p>Comptabilit\u00e9 analytique et co\u00fbts r\u00e9els<\/p>\n<\/p>\n<h3><\/h3>\n<p><p>D\u00e9penses<\/p>\n<\/p>\n<h3><\/h3>\n<p><p>Budgets et engagements<\/p>\n<\/p>\n<h2><\/h2>\n<h3>Pages Li\u00e9es<\/h3>\n<\/p>\n<h3><\/h3>\n<\/p>\n<h3><\/h3><\/p>\n","protected":false},"excerpt":{"rendered":"<p>Vos atouts Vous obtiendrez d\u00e9sormais une hausse du taux de satisfaction clients car chaque employ\u00e9 aura l&rsquo;information n\u00e9cessaire pour r\u00e9pondre efficacement et rapidement aux demandes et pour r\u00e8gler plaintes et diff\u00e9rents. \u00c9l\u00e9ment cl\u00e9 pour le secteur des services financiers, vous augmenterez \u00e9galement vos recettes car toutes les opportunit\u00e9s de vente seront saisies, suivies et converties. [&hellip;]<\/p>\n","protected":false},"author":3,"featured_media":0,"parent":10353,"menu_order":0,"comment_status":"closed","ping_status":"closed","template":"templates\/template-inner.php","meta":{"_acf_changed":false,"footnotes":""},"class_list":["post-9091","page","type-page","status-publish","hentry"],"acf":[],"yoast_head":"<!-- This site is optimized with the Yoast SEO plugin v23.5 - https:\/\/yoast.com\/wordpress\/plugins\/seo\/ -->\n<title>Finance - Deveho<\/title>\n<meta name=\"robots\" content=\"index, follow, max-snippet:-1, max-image-preview:large, max-video-preview:-1\" \/>\n<link rel=\"canonical\" href=\"https:\/\/deveho.com\/sectors\/finance\/\" \/>\n<meta property=\"og:locale\" content=\"fr_FR\" \/>\n<meta property=\"og:type\" content=\"article\" \/>\n<meta property=\"og:title\" content=\"Finance - Deveho\" \/>\n<meta property=\"og:description\" content=\"Vos atouts Vous obtiendrez d\u00e9sormais une hausse du taux de satisfaction clients car chaque employ\u00e9 aura l&rsquo;information n\u00e9cessaire pour r\u00e9pondre efficacement et rapidement aux demandes et pour r\u00e8gler plaintes et diff\u00e9rents. \u00c9l\u00e9ment cl\u00e9 pour le secteur des services financiers, vous augmenterez \u00e9galement vos recettes car toutes les opportunit\u00e9s de vente seront saisies, suivies et converties. [&hellip;]\" \/>\n<meta property=\"og:url\" content=\"https:\/\/deveho.com\/sectors\/finance\/\" \/>\n<meta property=\"og:site_name\" content=\"Deveho\" \/>\n<meta property=\"article:publisher\" content=\"https:\/\/www.facebook.com\/deveho\" \/>\n<meta property=\"article:modified_time\" content=\"2023-01-06T13:28:03+00:00\" \/>\n<meta name=\"twitter:card\" content=\"summary_large_image\" \/>\n<meta name=\"twitter:site\" content=\"@Deveho1\" \/>\n<meta name=\"twitter:label1\" content=\"Dur\u00e9e de lecture estim\u00e9e\" \/>\n\t<meta name=\"twitter:data1\" content=\"1 minute\" \/>\n<script type=\"application\/ld+json\" class=\"yoast-schema-graph\">{\"@context\":\"https:\/\/schema.org\",\"@graph\":[{\"@type\":\"WebPage\",\"@id\":\"https:\/\/deveho.com\/sectors\/finance\/\",\"url\":\"https:\/\/deveho.com\/sectors\/finance\/\",\"name\":\"Finance - Deveho\",\"isPartOf\":{\"@id\":\"https:\/\/deveho.com\/#website\"},\"datePublished\":\"2022-02-21T21:27:07+00:00\",\"dateModified\":\"2023-01-06T13:28:03+00:00\",\"breadcrumb\":{\"@id\":\"https:\/\/deveho.com\/sectors\/finance\/#breadcrumb\"},\"inLanguage\":\"fr-FR\",\"potentialAction\":[{\"@type\":\"ReadAction\",\"target\":[\"https:\/\/deveho.com\/sectors\/finance\/\"]}]},{\"@type\":\"BreadcrumbList\",\"@id\":\"https:\/\/deveho.com\/sectors\/finance\/#breadcrumb\",\"itemListElement\":[{\"@type\":\"ListItem\",\"position\":1,\"name\":\"Home\",\"item\":\"https:\/\/deveho.com\/fr\/\"},{\"@type\":\"ListItem\",\"position\":2,\"name\":\"Secteurs\",\"item\":\"https:\/\/deveho.com\/sectors\/\"},{\"@type\":\"ListItem\",\"position\":3,\"name\":\"Finance\"}]},{\"@type\":\"WebSite\",\"@id\":\"https:\/\/deveho.com\/#website\",\"url\":\"https:\/\/deveho.com\/\",\"name\":\"Deveho Consulting Group\",\"description\":\"Let\u2019s boost your growth\",\"publisher\":{\"@id\":\"https:\/\/deveho.com\/#organization\"},\"potentialAction\":[{\"@type\":\"SearchAction\",\"target\":{\"@type\":\"EntryPoint\",\"urlTemplate\":\"https:\/\/deveho.com\/?s={search_term_string}\"},\"query-input\":{\"@type\":\"PropertyValueSpecification\",\"valueRequired\":true,\"valueName\":\"search_term_string\"}}],\"inLanguage\":\"fr-FR\"},{\"@type\":\"Organization\",\"@id\":\"https:\/\/deveho.com\/#organization\",\"name\":\"Deveho Consulting Group\",\"url\":\"https:\/\/deveho.com\/\",\"logo\":{\"@type\":\"ImageObject\",\"inLanguage\":\"fr-FR\",\"@id\":\"https:\/\/deveho.com\/#\/schema\/logo\/image\/\",\"url\":\"https:\/\/deveho.com\/wp-content\/uploads\/2023\/02\/DEVEHO-LOGO-Baseline-COLOR.png\",\"contentUrl\":\"https:\/\/deveho.com\/wp-content\/uploads\/2023\/02\/DEVEHO-LOGO-Baseline-COLOR.png\",\"width\":2251,\"height\":585,\"caption\":\"Deveho Consulting Group\"},\"image\":{\"@id\":\"https:\/\/deveho.com\/#\/schema\/logo\/image\/\"},\"sameAs\":[\"https:\/\/www.facebook.com\/deveho\",\"https:\/\/x.com\/Deveho1\",\"https:\/\/www.linkedin.com\/company\/deveho-consulting\/\"]}]}<\/script>\n<!-- \/ Yoast SEO plugin. -->","yoast_head_json":{"title":"Finance - Deveho","robots":{"index":"index","follow":"follow","max-snippet":"max-snippet:-1","max-image-preview":"max-image-preview:large","max-video-preview":"max-video-preview:-1"},"canonical":"https:\/\/deveho.com\/sectors\/finance\/","og_locale":"fr_FR","og_type":"article","og_title":"Finance - Deveho","og_description":"Vos atouts Vous obtiendrez d\u00e9sormais une hausse du taux de satisfaction clients car chaque employ\u00e9 aura l&rsquo;information n\u00e9cessaire pour r\u00e9pondre efficacement et rapidement aux demandes et pour r\u00e8gler plaintes et diff\u00e9rents. \u00c9l\u00e9ment cl\u00e9 pour le secteur des services financiers, vous augmenterez \u00e9galement vos recettes car toutes les opportunit\u00e9s de vente seront saisies, suivies et converties. [&hellip;]","og_url":"https:\/\/deveho.com\/sectors\/finance\/","og_site_name":"Deveho","article_publisher":"https:\/\/www.facebook.com\/deveho","article_modified_time":"2023-01-06T13:28:03+00:00","twitter_card":"summary_large_image","twitter_site":"@Deveho1","twitter_misc":{"Dur\u00e9e de lecture estim\u00e9e":"1 minute"},"schema":{"@context":"https:\/\/schema.org","@graph":[{"@type":"WebPage","@id":"https:\/\/deveho.com\/sectors\/finance\/","url":"https:\/\/deveho.com\/sectors\/finance\/","name":"Finance - Deveho","isPartOf":{"@id":"https:\/\/deveho.com\/#website"},"datePublished":"2022-02-21T21:27:07+00:00","dateModified":"2023-01-06T13:28:03+00:00","breadcrumb":{"@id":"https:\/\/deveho.com\/sectors\/finance\/#breadcrumb"},"inLanguage":"fr-FR","potentialAction":[{"@type":"ReadAction","target":["https:\/\/deveho.com\/sectors\/finance\/"]}]},{"@type":"BreadcrumbList","@id":"https:\/\/deveho.com\/sectors\/finance\/#breadcrumb","itemListElement":[{"@type":"ListItem","position":1,"name":"Home","item":"https:\/\/deveho.com\/fr\/"},{"@type":"ListItem","position":2,"name":"Secteurs","item":"https:\/\/deveho.com\/sectors\/"},{"@type":"ListItem","position":3,"name":"Finance"}]},{"@type":"WebSite","@id":"https:\/\/deveho.com\/#website","url":"https:\/\/deveho.com\/","name":"Deveho Consulting Group","description":"Let\u2019s boost your growth","publisher":{"@id":"https:\/\/deveho.com\/#organization"},"potentialAction":[{"@type":"SearchAction","target":{"@type":"EntryPoint","urlTemplate":"https:\/\/deveho.com\/?s={search_term_string}"},"query-input":{"@type":"PropertyValueSpecification","valueRequired":true,"valueName":"search_term_string"}}],"inLanguage":"fr-FR"},{"@type":"Organization","@id":"https:\/\/deveho.com\/#organization","name":"Deveho Consulting Group","url":"https:\/\/deveho.com\/","logo":{"@type":"ImageObject","inLanguage":"fr-FR","@id":"https:\/\/deveho.com\/#\/schema\/logo\/image\/","url":"https:\/\/deveho.com\/wp-content\/uploads\/2023\/02\/DEVEHO-LOGO-Baseline-COLOR.png","contentUrl":"https:\/\/deveho.com\/wp-content\/uploads\/2023\/02\/DEVEHO-LOGO-Baseline-COLOR.png","width":2251,"height":585,"caption":"Deveho Consulting Group"},"image":{"@id":"https:\/\/deveho.com\/#\/schema\/logo\/image\/"},"sameAs":["https:\/\/www.facebook.com\/deveho","https:\/\/x.com\/Deveho1","https:\/\/www.linkedin.com\/company\/deveho-consulting\/"]}]}},"_links":{"self":[{"href":"https:\/\/deveho.com\/fr\/wp-json\/wp\/v2\/pages\/9091"}],"collection":[{"href":"https:\/\/deveho.com\/fr\/wp-json\/wp\/v2\/pages"}],"about":[{"href":"https:\/\/deveho.com\/fr\/wp-json\/wp\/v2\/types\/page"}],"author":[{"embeddable":true,"href":"https:\/\/deveho.com\/fr\/wp-json\/wp\/v2\/users\/3"}],"replies":[{"embeddable":true,"href":"https:\/\/deveho.com\/fr\/wp-json\/wp\/v2\/comments?post=9091"}],"version-history":[{"count":0,"href":"https:\/\/deveho.com\/fr\/wp-json\/wp\/v2\/pages\/9091\/revisions"}],"up":[{"embeddable":true,"href":"https:\/\/deveho.com\/fr\/wp-json\/wp\/v2\/pages\/10353"}],"wp:attachment":[{"href":"https:\/\/deveho.com\/fr\/wp-json\/wp\/v2\/media?parent=9091"}],"curies":[{"name":"wp","href":"https:\/\/api.w.org\/{rel}","templated":true}]}}