{"id":9113,"date":"2022-02-22T10:47:54","date_gmt":"2022-02-22T10:47:54","guid":{"rendered":"https:\/\/deveho2.sfdbeta.be\/distribution\/"},"modified":"2022-10-27T15:00:53","modified_gmt":"2022-10-27T13:00:53","slug":"distribution","status":"publish","type":"page","link":"https:\/\/deveho.com\/fr\/secteurs\/distribution\/","title":{"rendered":"Distribution"},"content":{"rendered":"<br \/>\n<h2>Sage X3 pour la distribution<\/h2>\n<p>Pour votre entreprise de distribution, une solution \u00e0 \u00ab\u00a0taille unique\u00a0\u00bb ne suffit pas. D\u00e9couvrez comment vous pouvez transformer votre suivi de distribution et de livraison avec Sage X3. <\/p>\n<\/p>\n<h2><\/h2>\n<h3><\/h3>\n<h3>De l&rsquo;achat au stockage en passant par les ventes et la comptabilit\u00e9, Sage X3 vous apporte les aper\u00e7us et le contr\u00f4le dont vous avez besoin pour diriger plus efficacement votre entreprise de distribution, dans votre pays et \u00e0 l&rsquo;\u00e9tranger. Estimez les co\u00fbts et les marges de fa\u00e7on pr\u00e9cise tout en am\u00e9liorant la mobilit\u00e9 de votre force de vente.<\/h3>\n<\/p>\n<h2><b><red>Fonctionnalit\u00e9s<\/red><b> <\/b>SAGE X3<\/b><\/h2>\n<h3><\/h3>\n<p><p>Fonctionnalit\u00e9s de distribution pleinement incluses<\/p>\n<\/p>\n<h3><\/h3>\n<p><p>Gestion de l&#8217;inventaire, de l&#8217;approvisionnement g\u00e9n\u00e9ral, des imports\/exports<\/p>\n<\/p>\n<h3><\/h3>\n<p><p>Suivi des relations avec les fournisseurs pour assurer qualit\u00e9 et conformit\u00e9<\/p>\n<\/p>\n<h3><\/h3>\n<p><p>Suivi en temps r\u00e9el et optimisation des stocks<\/p>\n<\/p>\n<h3><\/h3>\n<p><p>Applications mobiles natives pour la vente et les achats<\/p>\n<\/p>\n<h3>Vos <b><red>atouts<\/b><\/red>   <\/h3>\n<p><p>Vous obtenez d\u00e9sormais un meilleur aper\u00e7u des co\u00fbts et des marges tout en am\u00e9liorant la mobilit\u00e9 de votre force de vente. Il est impossible de rationaliser vos op\u00e9rations lorsque votre PGI, votre CRM et votre cha\u00eene d&rsquo;approvisionnement fonctionnent en silo. <\/p>\n<p>&#8211; Commerce de d\u00e9tail<br \/>\n&#8211; Transport et logistique<br \/>\n&#8211; Commerce de gros<br \/>\n&#8211; Fabrication de composants<\/p>\n<\/p>\n<p>Optimisez vos processus logistiques<\/p>\n<p>R\u00e9pondez aux exigences de vos clients<\/p>\n<p>R\u00e9duisez co\u00fbts et d\u00e9lais de mise en \u0153uvre<\/p>\n<p>Am\u00e9liorez la profitabilit\u00e9 de vos produits<\/p>\n<p>Rationalisez votre cha\u00eene logistique<\/p>\n<p>Am\u00e9liorez le taux de satisfaction client<\/p>\n<p>Augmentez vos ventes<\/p>\n<p>Augmentez la fid\u00e9lit\u00e9 de vos clients<\/p>\n<p>Cr\u00e9ez de la valeur ajout\u00e9e gr\u00e2ce au travail collaboratif<\/p>\n<p>Simplifiez les prises de d\u00e9cision<\/p>\n<h2><\/h2>\n<h3>Pages Li\u00e9es<\/h3>\n<\/p>\n<h3><\/h3>\n<\/p>\n<h3><\/h3><\/p>\n","protected":false},"excerpt":{"rendered":"<p>De l&rsquo;approvisionnement \u00e0 l&rsquo;entreposage en passant par les ventes et les aspects financiers, Sage X3 vous apporte les aper\u00e7us et le contr\u00f4le dont vous avez besoin pour g\u00e9rer plus efficacement votre entreprise de distribution, que vous soyez actif au niveau national ou \u00e0 l&rsquo;\u00e9tranger. <\/p>\n","protected":false},"author":6,"featured_media":0,"parent":10353,"menu_order":0,"comment_status":"closed","ping_status":"closed","template":"templates\/template-inner.php","meta":{"_acf_changed":false,"footnotes":""},"class_list":["post-9113","page","type-page","status-publish","hentry"],"acf":[],"yoast_head":"<!-- This site is optimized with the Yoast SEO plugin v23.5 - https:\/\/yoast.com\/wordpress\/plugins\/seo\/ -->\n<title>Distribution - Deveho<\/title>\n<meta name=\"robots\" content=\"index, follow, max-snippet:-1, max-image-preview:large, max-video-preview:-1\" \/>\n<link rel=\"canonical\" href=\"https:\/\/deveho.com\/sectors\/distribution\/\" \/>\n<meta property=\"og:locale\" content=\"fr_FR\" \/>\n<meta property=\"og:type\" content=\"article\" \/>\n<meta property=\"og:title\" content=\"Distribution - Deveho\" \/>\n<meta property=\"og:description\" content=\"De l&#039;approvisionnement \u00e0 l&#039;entreposage en passant par les ventes et les aspects financiers, Sage X3 vous apporte les aper\u00e7us et le contr\u00f4le dont vous avez besoin pour g\u00e9rer plus efficacement votre entreprise de distribution, que vous soyez actif au niveau national ou \u00e0 l&#039;\u00e9tranger.\" \/>\n<meta property=\"og:url\" content=\"https:\/\/deveho.com\/sectors\/distribution\/\" \/>\n<meta property=\"og:site_name\" content=\"Deveho\" \/>\n<meta property=\"article:publisher\" content=\"https:\/\/www.facebook.com\/deveho\" \/>\n<meta property=\"article:modified_time\" content=\"2022-10-27T13:00:53+00:00\" \/>\n<meta name=\"twitter:card\" content=\"summary_large_image\" \/>\n<meta name=\"twitter:site\" content=\"@Deveho1\" \/>\n<meta name=\"twitter:label1\" content=\"Dur\u00e9e de lecture estim\u00e9e\" \/>\n\t<meta name=\"twitter:data1\" content=\"1 minute\" \/>\n<script type=\"application\/ld+json\" class=\"yoast-schema-graph\">{\"@context\":\"https:\/\/schema.org\",\"@graph\":[{\"@type\":\"WebPage\",\"@id\":\"https:\/\/deveho.com\/sectors\/distribution\/\",\"url\":\"https:\/\/deveho.com\/sectors\/distribution\/\",\"name\":\"Distribution - Deveho\",\"isPartOf\":{\"@id\":\"https:\/\/deveho.com\/#website\"},\"datePublished\":\"2022-02-22T10:47:54+00:00\",\"dateModified\":\"2022-10-27T13:00:53+00:00\",\"breadcrumb\":{\"@id\":\"https:\/\/deveho.com\/sectors\/distribution\/#breadcrumb\"},\"inLanguage\":\"fr-FR\",\"potentialAction\":[{\"@type\":\"ReadAction\",\"target\":[\"https:\/\/deveho.com\/sectors\/distribution\/\"]}]},{\"@type\":\"BreadcrumbList\",\"@id\":\"https:\/\/deveho.com\/sectors\/distribution\/#breadcrumb\",\"itemListElement\":[{\"@type\":\"ListItem\",\"position\":1,\"name\":\"Home\",\"item\":\"https:\/\/deveho.com\/fr\/\"},{\"@type\":\"ListItem\",\"position\":2,\"name\":\"Secteurs\",\"item\":\"https:\/\/deveho.com\/sectors\/\"},{\"@type\":\"ListItem\",\"position\":3,\"name\":\"Distribution\"}]},{\"@type\":\"WebSite\",\"@id\":\"https:\/\/deveho.com\/#website\",\"url\":\"https:\/\/deveho.com\/\",\"name\":\"Deveho Consulting Group\",\"description\":\"Let\u2019s boost your growth\",\"publisher\":{\"@id\":\"https:\/\/deveho.com\/#organization\"},\"potentialAction\":[{\"@type\":\"SearchAction\",\"target\":{\"@type\":\"EntryPoint\",\"urlTemplate\":\"https:\/\/deveho.com\/?s={search_term_string}\"},\"query-input\":{\"@type\":\"PropertyValueSpecification\",\"valueRequired\":true,\"valueName\":\"search_term_string\"}}],\"inLanguage\":\"fr-FR\"},{\"@type\":\"Organization\",\"@id\":\"https:\/\/deveho.com\/#organization\",\"name\":\"Deveho Consulting Group\",\"url\":\"https:\/\/deveho.com\/\",\"logo\":{\"@type\":\"ImageObject\",\"inLanguage\":\"fr-FR\",\"@id\":\"https:\/\/deveho.com\/#\/schema\/logo\/image\/\",\"url\":\"https:\/\/deveho.com\/wp-content\/uploads\/2023\/02\/DEVEHO-LOGO-Baseline-COLOR.png\",\"contentUrl\":\"https:\/\/deveho.com\/wp-content\/uploads\/2023\/02\/DEVEHO-LOGO-Baseline-COLOR.png\",\"width\":2251,\"height\":585,\"caption\":\"Deveho Consulting Group\"},\"image\":{\"@id\":\"https:\/\/deveho.com\/#\/schema\/logo\/image\/\"},\"sameAs\":[\"https:\/\/www.facebook.com\/deveho\",\"https:\/\/x.com\/Deveho1\",\"https:\/\/www.linkedin.com\/company\/deveho-consulting\/\"]}]}<\/script>\n<!-- \/ Yoast SEO plugin. -->","yoast_head_json":{"title":"Distribution - Deveho","robots":{"index":"index","follow":"follow","max-snippet":"max-snippet:-1","max-image-preview":"max-image-preview:large","max-video-preview":"max-video-preview:-1"},"canonical":"https:\/\/deveho.com\/sectors\/distribution\/","og_locale":"fr_FR","og_type":"article","og_title":"Distribution - Deveho","og_description":"De l'approvisionnement \u00e0 l'entreposage en passant par les ventes et les aspects financiers, Sage X3 vous apporte les aper\u00e7us et le contr\u00f4le dont vous avez besoin pour g\u00e9rer plus efficacement votre entreprise de distribution, que vous soyez actif au niveau national ou \u00e0 l'\u00e9tranger.","og_url":"https:\/\/deveho.com\/sectors\/distribution\/","og_site_name":"Deveho","article_publisher":"https:\/\/www.facebook.com\/deveho","article_modified_time":"2022-10-27T13:00:53+00:00","twitter_card":"summary_large_image","twitter_site":"@Deveho1","twitter_misc":{"Dur\u00e9e de lecture estim\u00e9e":"1 minute"},"schema":{"@context":"https:\/\/schema.org","@graph":[{"@type":"WebPage","@id":"https:\/\/deveho.com\/sectors\/distribution\/","url":"https:\/\/deveho.com\/sectors\/distribution\/","name":"Distribution - Deveho","isPartOf":{"@id":"https:\/\/deveho.com\/#website"},"datePublished":"2022-02-22T10:47:54+00:00","dateModified":"2022-10-27T13:00:53+00:00","breadcrumb":{"@id":"https:\/\/deveho.com\/sectors\/distribution\/#breadcrumb"},"inLanguage":"fr-FR","potentialAction":[{"@type":"ReadAction","target":["https:\/\/deveho.com\/sectors\/distribution\/"]}]},{"@type":"BreadcrumbList","@id":"https:\/\/deveho.com\/sectors\/distribution\/#breadcrumb","itemListElement":[{"@type":"ListItem","position":1,"name":"Home","item":"https:\/\/deveho.com\/fr\/"},{"@type":"ListItem","position":2,"name":"Secteurs","item":"https:\/\/deveho.com\/sectors\/"},{"@type":"ListItem","position":3,"name":"Distribution"}]},{"@type":"WebSite","@id":"https:\/\/deveho.com\/#website","url":"https:\/\/deveho.com\/","name":"Deveho Consulting Group","description":"Let\u2019s boost your growth","publisher":{"@id":"https:\/\/deveho.com\/#organization"},"potentialAction":[{"@type":"SearchAction","target":{"@type":"EntryPoint","urlTemplate":"https:\/\/deveho.com\/?s={search_term_string}"},"query-input":{"@type":"PropertyValueSpecification","valueRequired":true,"valueName":"search_term_string"}}],"inLanguage":"fr-FR"},{"@type":"Organization","@id":"https:\/\/deveho.com\/#organization","name":"Deveho Consulting Group","url":"https:\/\/deveho.com\/","logo":{"@type":"ImageObject","inLanguage":"fr-FR","@id":"https:\/\/deveho.com\/#\/schema\/logo\/image\/","url":"https:\/\/deveho.com\/wp-content\/uploads\/2023\/02\/DEVEHO-LOGO-Baseline-COLOR.png","contentUrl":"https:\/\/deveho.com\/wp-content\/uploads\/2023\/02\/DEVEHO-LOGO-Baseline-COLOR.png","width":2251,"height":585,"caption":"Deveho Consulting Group"},"image":{"@id":"https:\/\/deveho.com\/#\/schema\/logo\/image\/"},"sameAs":["https:\/\/www.facebook.com\/deveho","https:\/\/x.com\/Deveho1","https:\/\/www.linkedin.com\/company\/deveho-consulting\/"]}]}},"_links":{"self":[{"href":"https:\/\/deveho.com\/fr\/wp-json\/wp\/v2\/pages\/9113"}],"collection":[{"href":"https:\/\/deveho.com\/fr\/wp-json\/wp\/v2\/pages"}],"about":[{"href":"https:\/\/deveho.com\/fr\/wp-json\/wp\/v2\/types\/page"}],"author":[{"embeddable":true,"href":"https:\/\/deveho.com\/fr\/wp-json\/wp\/v2\/users\/6"}],"replies":[{"embeddable":true,"href":"https:\/\/deveho.com\/fr\/wp-json\/wp\/v2\/comments?post=9113"}],"version-history":[{"count":0,"href":"https:\/\/deveho.com\/fr\/wp-json\/wp\/v2\/pages\/9113\/revisions"}],"up":[{"embeddable":true,"href":"https:\/\/deveho.com\/fr\/wp-json\/wp\/v2\/pages\/10353"}],"wp:attachment":[{"href":"https:\/\/deveho.com\/fr\/wp-json\/wp\/v2\/media?parent=9113"}],"curies":[{"name":"wp","href":"https:\/\/api.w.org\/{rel}","templated":true}]}}